{"id":1002,"date":"2015-10-19T17:41:24","date_gmt":"2015-10-19T17:41:24","guid":{"rendered":"http:\/\/internationaled.com\/programs\/?lang=de"},"modified":"2016-07-22T09:33:20","modified_gmt":"2016-07-22T09:33:20","slug":"programs","status":"publish","type":"page","link":"https:\/\/www.internationaled.com\/de\/programs\/","title":{"rendered":"Programme"},"content":{"rendered":"<p>Unseren ausl\u00e4ndischen Sch\u00fclern werden das ganze Jahr \u00fcber zahlreiche Programme angeboten. Sie haben die Wahl zwischen ganzj\u00e4hrigen, \u00fcber die 10 Monate des Schuljahres laufenden Programmen mit vollst\u00e4ndiger Integration in die kanadischen Klassen, und k\u00fcrzeren ESL-Intensiv-Kursen, die sogar nur eine Woche lang sein k\u00f6nnen. Im Juli und August bieten wir einen Kombi-Kurs \u201eSommer ESL &amp;Kultur\u201c an; hier findet vormittags Unterricht statt, und nachmittags haben die Sch\u00fcler Gelegenheit, ihre neu erworbenen Englischkenntnisse bei der Teilnahme an kulturellen Veranstaltungen und Ausfl\u00fcgen zu praktizieren. W\u00e4hrend der Sommermonate bieten wir auch Vorbereitungskurse auf Englisch in der 9., 10. und 11. Klasse an. Von September bis Juni k\u00f6nnen Sch\u00fcler der Grund- und Mittelschule sowie weiterf\u00fchrender Schulen 4-w\u00f6chige Englisch-Intensiv-Kurse buchen.<\/p>\n<p>Der B.C. Lehrplan besteht aus einer Reihe anspruchsvoller Kernf\u00e4cher: Englisch, Sozialkunde, Mathematik, Biologie, Chemie, Physik, bildende Kunst, berufsvorbereitende Kurse und technologische F\u00e4cher. Au\u00dferdem haben die Sch\u00fcler die M\u00f6glichkeit, zus\u00e4tzliche Wahlf\u00e4cher zu belegen und sich so selbst ein ma\u00dfgeschneidertes Programm zusammenzustellen, dass den Ausbildungsanforderungen der Provinz B.C. entspricht. Sch\u00fcler, die erfolgreich die 12. Klasse einer \u00f6ffentlichen Schule in Coquitlam abschlie\u00dfen, d\u00fcrfen sich um die Zulassung an allen Universit\u00e4ten, Colleges und anderen Bildungseinrichtungen in Kanada und anderswo bewerben. F\u00fcr akademisch besonders fortgeschrittene Sch\u00fcler besteht die M\u00f6glichkeit, ein \u201eInternational Baccalaureate\u201c-Programm zu belegen oder sich in ein \u201eAdvanced Placement-Program\u201c einzuschreiben, in dem auf Leistungskursniveau unterrichtet wird.<\/p>\n<p>Kurse, in denen auf Universit\u00e4tsniveau unterrichtet wird, sind an unseren Schulen ebenfalls durchaus \u00fcblich. \u00dcberdurchschnittliche Leistungen in solchen F\u00e4chern werden bei einem sp\u00e4teren Wechsel zu h\u00f6heren internationalen Bildungseinrichtungen als \u201eCredit\u201c anerkannt. Ausl\u00e4ndische Sch\u00fcler haben dar\u00fcber hinaus den Vorteil, einen Schulabschluss von einem f\u00fchrenden kanadischen Bildungssystem zu erwerben und gleichzeitig ihre Englischkenntnisse zu vervollkommnen \u2013 eine Fertigkeit, die ihnen in aller Welt zum Vorteil gereichen wird.<\/p>\n","protected":false},"excerpt":{"rendered":"<p>Unseren ausl\u00e4ndischen Sch\u00fclern werden das ganze Jahr \u00fcber zahlreiche Programme angeboten. Sie haben die Wahl zwischen ganzj\u00e4hrigen, \u00fcber die 10 Monate des Schuljahres laufenden Programmen mit vollst\u00e4ndiger Integration in die kanadischen Klassen, und k\u00fcrzeren ESL-Intensiv-Kursen, die sogar nur eine Woche lang sein k\u00f6nnen. Im Juli und August bieten wir einen Kombi-Kurs \u201eSommer ESL &amp;Kultur\u201c an; &hellip; <a href=\"https:\/\/www.internationaled.com\/de\/programs\/\" class=\"more-link\">Continue reading <span class=\"screen-reader-text\">Programme<\/span> <span class=\"meta-nav\">&rarr;<\/span><\/a><\/p>\n","protected":false},"author":14,"featured_media":317,"parent":0,"menu_order":0,"comment_status":"closed","ping_status":"closed","template":"page-standard.php","meta":{"footnotes":""},"class_list":["post-1002","page","type-page","status-publish","has-post-thumbnail","hentry"],"yoast_head":"<!-- This site is optimized with the Yoast SEO plugin v27.4 - https:\/\/yoast.com\/product\/yoast-seo-wordpress\/ -->\n<title>Programme - Coquitlam School District 43<\/title>\n<meta name=\"robots\" content=\"index, follow, max-snippet:-1, max-image-preview:large, max-video-preview:-1\" \/>\n<link rel=\"canonical\" href=\"https:\/\/www.internationaled.com\/de\/programs\/\" \/>\n<meta property=\"og:locale\" content=\"de_DE\" \/>\n<meta property=\"og:type\" content=\"article\" \/>\n<meta property=\"og:title\" content=\"Programme - Coquitlam School District 43\" \/>\n<meta property=\"og:description\" content=\"Unseren ausl\u00e4ndischen Sch\u00fclern werden das ganze Jahr \u00fcber zahlreiche Programme angeboten. Sie haben die Wahl zwischen ganzj\u00e4hrigen, \u00fcber die 10 Monate des Schuljahres laufenden Programmen mit vollst\u00e4ndiger Integration in die kanadischen Klassen, und k\u00fcrzeren ESL-Intensiv-Kursen, die sogar nur eine Woche lang sein k\u00f6nnen. Im Juli und August bieten wir einen Kombi-Kurs \u201eSommer ESL &amp;Kultur\u201c an; &hellip; Continue reading Programme &rarr;\" \/>\n<meta property=\"og:url\" content=\"https:\/\/www.internationaled.com\/de\/programs\/\" \/>\n<meta property=\"og:site_name\" content=\"Coquitlam School District 43\" \/>\n<meta property=\"article:modified_time\" content=\"2016-07-22T09:33:20+00:00\" \/>\n<meta property=\"og:image\" content=\"https:\/\/www.internationaled.com\/wp-content\/uploads\/2015\/10\/fondo_programs.jpg\" \/>\n\t<meta property=\"og:image:width\" content=\"1920\" \/>\n\t<meta property=\"og:image:height\" content=\"400\" \/>\n\t<meta property=\"og:image:type\" content=\"image\/jpeg\" \/>\n<meta name=\"twitter:card\" content=\"summary_large_image\" \/>\n<meta name=\"twitter:label1\" content=\"Est. reading time\" \/>\n\t<meta name=\"twitter:data1\" content=\"2 minutes\" \/>\n<script type=\"application\/ld+json\" class=\"yoast-schema-graph\">{\"@context\":\"https:\\\/\\\/schema.org\",\"@graph\":[{\"@type\":\"WebPage\",\"@id\":\"https:\\\/\\\/www.internationaled.com\\\/de\\\/programs\\\/\",\"url\":\"https:\\\/\\\/www.internationaled.com\\\/de\\\/programs\\\/\",\"name\":\"Programme - Coquitlam School District 43\",\"isPartOf\":{\"@id\":\"https:\\\/\\\/www.internationaled.com\\\/ar\\\/#website\"},\"primaryImageOfPage\":{\"@id\":\"https:\\\/\\\/www.internationaled.com\\\/de\\\/programs\\\/#primaryimage\"},\"image\":{\"@id\":\"https:\\\/\\\/www.internationaled.com\\\/de\\\/programs\\\/#primaryimage\"},\"thumbnailUrl\":\"https:\\\/\\\/cdn.internationaled.com\\\/wp-content\\\/uploads\\\/2015\\\/10\\\/fondo_programs.jpg\",\"datePublished\":\"2015-10-19T17:41:24+00:00\",\"dateModified\":\"2016-07-22T09:33:20+00:00\",\"breadcrumb\":{\"@id\":\"https:\\\/\\\/www.internationaled.com\\\/de\\\/programs\\\/#breadcrumb\"},\"inLanguage\":\"de-DE\",\"potentialAction\":[{\"@type\":\"ReadAction\",\"target\":[\"https:\\\/\\\/www.internationaled.com\\\/de\\\/programs\\\/\"]}]},{\"@type\":\"ImageObject\",\"inLanguage\":\"de-DE\",\"@id\":\"https:\\\/\\\/www.internationaled.com\\\/de\\\/programs\\\/#primaryimage\",\"url\":\"https:\\\/\\\/cdn.internationaled.com\\\/wp-content\\\/uploads\\\/2015\\\/10\\\/fondo_programs.jpg\",\"contentUrl\":\"https:\\\/\\\/cdn.internationaled.com\\\/wp-content\\\/uploads\\\/2015\\\/10\\\/fondo_programs.jpg\",\"width\":1920,\"height\":400},{\"@type\":\"BreadcrumbList\",\"@id\":\"https:\\\/\\\/www.internationaled.com\\\/de\\\/programs\\\/#breadcrumb\",\"itemListElement\":[{\"@type\":\"ListItem\",\"position\":1,\"name\":\"Home\",\"item\":\"https:\\\/\\\/www.internationaled.com\\\/de\\\/\"},{\"@type\":\"ListItem\",\"position\":2,\"name\":\"Programme\"}]},{\"@type\":\"WebSite\",\"@id\":\"https:\\\/\\\/www.internationaled.com\\\/ar\\\/#website\",\"url\":\"https:\\\/\\\/www.internationaled.com\\\/ar\\\/\",\"name\":\"Coquitlam School District 43\",\"description\":\"Learning for a Lifetime\",\"potentialAction\":[{\"@type\":\"SearchAction\",\"target\":{\"@type\":\"EntryPoint\",\"urlTemplate\":\"https:\\\/\\\/www.internationaled.com\\\/ar\\\/?s={search_term_string}\"},\"query-input\":{\"@type\":\"PropertyValueSpecification\",\"valueRequired\":true,\"valueName\":\"search_term_string\"}}],\"inLanguage\":\"de-DE\"}]}<\/script>\n<!-- \/ Yoast SEO plugin. -->","yoast_head_json":{"title":"Programme - Coquitlam School District 43","robots":{"index":"index","follow":"follow","max-snippet":"max-snippet:-1","max-image-preview":"max-image-preview:large","max-video-preview":"max-video-preview:-1"},"canonical":"https:\/\/www.internationaled.com\/de\/programs\/","og_locale":"de_DE","og_type":"article","og_title":"Programme - Coquitlam School District 43","og_description":"Unseren ausl\u00e4ndischen Sch\u00fclern werden das ganze Jahr \u00fcber zahlreiche Programme angeboten. Sie haben die Wahl zwischen ganzj\u00e4hrigen, \u00fcber die 10 Monate des Schuljahres laufenden Programmen mit vollst\u00e4ndiger Integration in die kanadischen Klassen, und k\u00fcrzeren ESL-Intensiv-Kursen, die sogar nur eine Woche lang sein k\u00f6nnen. Im Juli und August bieten wir einen Kombi-Kurs \u201eSommer ESL &amp;Kultur\u201c an; &hellip; Continue reading Programme &rarr;","og_url":"https:\/\/www.internationaled.com\/de\/programs\/","og_site_name":"Coquitlam School District 43","article_modified_time":"2016-07-22T09:33:20+00:00","og_image":[{"width":1920,"height":400,"url":"https:\/\/www.internationaled.com\/wp-content\/uploads\/2015\/10\/fondo_programs.jpg","type":"image\/jpeg"}],"twitter_card":"summary_large_image","twitter_misc":{"Est. reading time":"2 minutes"},"schema":{"@context":"https:\/\/schema.org","@graph":[{"@type":"WebPage","@id":"https:\/\/www.internationaled.com\/de\/programs\/","url":"https:\/\/www.internationaled.com\/de\/programs\/","name":"Programme - Coquitlam School District 43","isPartOf":{"@id":"https:\/\/www.internationaled.com\/ar\/#website"},"primaryImageOfPage":{"@id":"https:\/\/www.internationaled.com\/de\/programs\/#primaryimage"},"image":{"@id":"https:\/\/www.internationaled.com\/de\/programs\/#primaryimage"},"thumbnailUrl":"https:\/\/cdn.internationaled.com\/wp-content\/uploads\/2015\/10\/fondo_programs.jpg","datePublished":"2015-10-19T17:41:24+00:00","dateModified":"2016-07-22T09:33:20+00:00","breadcrumb":{"@id":"https:\/\/www.internationaled.com\/de\/programs\/#breadcrumb"},"inLanguage":"de-DE","potentialAction":[{"@type":"ReadAction","target":["https:\/\/www.internationaled.com\/de\/programs\/"]}]},{"@type":"ImageObject","inLanguage":"de-DE","@id":"https:\/\/www.internationaled.com\/de\/programs\/#primaryimage","url":"https:\/\/cdn.internationaled.com\/wp-content\/uploads\/2015\/10\/fondo_programs.jpg","contentUrl":"https:\/\/cdn.internationaled.com\/wp-content\/uploads\/2015\/10\/fondo_programs.jpg","width":1920,"height":400},{"@type":"BreadcrumbList","@id":"https:\/\/www.internationaled.com\/de\/programs\/#breadcrumb","itemListElement":[{"@type":"ListItem","position":1,"name":"Home","item":"https:\/\/www.internationaled.com\/de\/"},{"@type":"ListItem","position":2,"name":"Programme"}]},{"@type":"WebSite","@id":"https:\/\/www.internationaled.com\/ar\/#website","url":"https:\/\/www.internationaled.com\/ar\/","name":"Coquitlam School District 43","description":"Learning for a Lifetime","potentialAction":[{"@type":"SearchAction","target":{"@type":"EntryPoint","urlTemplate":"https:\/\/www.internationaled.com\/ar\/?s={search_term_string}"},"query-input":{"@type":"PropertyValueSpecification","valueRequired":true,"valueName":"search_term_string"}}],"inLanguage":"de-DE"}]}},"_links":{"self":[{"href":"https:\/\/www.internationaled.com\/de\/wp-json\/wp\/v2\/pages\/1002","targetHints":{"allow":["GET"]}}],"collection":[{"href":"https:\/\/www.internationaled.com\/de\/wp-json\/wp\/v2\/pages"}],"about":[{"href":"https:\/\/www.internationaled.com\/de\/wp-json\/wp\/v2\/types\/page"}],"author":[{"embeddable":true,"href":"https:\/\/www.internationaled.com\/de\/wp-json\/wp\/v2\/users\/14"}],"replies":[{"embeddable":true,"href":"https:\/\/www.internationaled.com\/de\/wp-json\/wp\/v2\/comments?post=1002"}],"version-history":[{"count":2,"href":"https:\/\/www.internationaled.com\/de\/wp-json\/wp\/v2\/pages\/1002\/revisions"}],"predecessor-version":[{"id":4678,"href":"https:\/\/www.internationaled.com\/de\/wp-json\/wp\/v2\/pages\/1002\/revisions\/4678"}],"wp:featuredmedia":[{"embeddable":true,"href":"https:\/\/www.internationaled.com\/de\/wp-json\/wp\/v2\/media\/317"}],"wp:attachment":[{"href":"https:\/\/www.internationaled.com\/de\/wp-json\/wp\/v2\/media?parent=1002"}],"curies":[{"name":"wp","href":"https:\/\/api.w.org\/{rel}","templated":true}]}}