{"id":1006,"date":"2015-10-27T16:21:17","date_gmt":"2015-10-27T16:21:17","guid":{"rendered":"http:\/\/internationaled.com\/programs\/group-winter-short-term-programs\/?lang=de"},"modified":"2016-07-22T09:40:06","modified_gmt":"2016-07-22T09:40:06","slug":"group-winter-short-term-programs","status":"publish","type":"page","link":"https:\/\/www.internationaled.com\/de\/programs\/group-winter-short-term-programs\/","title":{"rendered":"Gruppen-kurze Winter Programme"},"content":{"rendered":"<h3 class=\"blue\">Gruppen-Kombikurs Kultur<\/h3>\n<p>Mit dem Kombikurs ESL &amp; Kultur haben Teilnehmer Gelegenheit, die kanadische Kultur hautnah zu erleben und gleichzeitig die neu erworbenen Englischkenntnisse in Gruppenaktivit\u00e4ten und bei der Erkundung der wundersch\u00f6nen Umgebung des Lower Mainland in British Columbia auszuprobieren. Zum Kombikurs ESL &amp; Kultur geh\u00f6ren Aktivit\u00e4ten wie Schwimmen, Skilaufen, Klettern, Golfspielen, Bowling, Mannschaftssports und Handarbeiten. Besuche zum Westwood Plateau, die Erkundung von Robson Street, Metrotown, Gastown, Stanley Park, dem Vancouver Aquarium, der Capilano H\u00e4ngebr\u00fccke und dem H.R. MacMillan-Raumfahrtzentrum geh\u00f6ren zum Programm. Bitte klicken Sie den Link unten, um weitere Informationen, Daten und Anmeldeunterlagen herunterzuladen: <a href=\"http:\/\/www.westwoodplateaugolf.com\/page\/312-15452.htm\" target=\"blank\">Westwood Plateau<\/a>,<a href=\"http:\/\/www.robsonstreet.ca\/\" target=\"blank\">Robson Street<\/a>, <a href=\"http:\/\/www.metropolisatmetrotown.com\" target=\"blank\">Metrotown<\/a>, <a href=\"http:\/\/www.seegastown.com\" target=\"blank\">Gastown<\/a>, <a href=\"http:\/\/www.seestanleypark.com\/\" target=\"blank\">Stanley Park<\/a>, <a href=\"http:\/\/www.vanaqua.org\" target=\"blank\">Vancouver Aquarium<\/a>, <a href=\"http:\/\/www.capbridge.com\" target=\"blank\">Capilano Suspension Bridge<\/a>, <a href=\"http:\/\/www.hrmacmillanspacecentre.com\/\" target=\"blank\">H.R. MacMillan Space Centre<\/a>.<\/p>\n","protected":false},"excerpt":{"rendered":"<p>Gruppen-Kombikurs Kultur Mit dem Kombikurs ESL &amp; Kultur haben Teilnehmer Gelegenheit, die kanadische Kultur hautnah zu erleben und gleichzeitig die neu erworbenen Englischkenntnisse in Gruppenaktivit\u00e4ten und bei der Erkundung der wundersch\u00f6nen Umgebung des Lower Mainland in British Columbia auszuprobieren. Zum Kombikurs ESL &amp; Kultur geh\u00f6ren Aktivit\u00e4ten wie Schwimmen, Skilaufen, Klettern, Golfspielen, Bowling, Mannschaftssports und Handarbeiten. &hellip; <a href=\"https:\/\/www.internationaled.com\/de\/programs\/group-winter-short-term-programs\/\" class=\"more-link\">Continue reading <span class=\"screen-reader-text\">Gruppen-kurze Winter Programme<\/span> <span class=\"meta-nav\">&rarr;<\/span><\/a><\/p>\n","protected":false},"author":14,"featured_media":315,"parent":1002,"menu_order":0,"comment_status":"closed","ping_status":"closed","template":"page-standard.php","meta":{"footnotes":""},"class_list":["post-1006","page","type-page","status-publish","has-post-thumbnail","hentry"],"yoast_head":"<!-- This site is optimized with the Yoast SEO plugin v27.4 - https:\/\/yoast.com\/product\/yoast-seo-wordpress\/ -->\n<title>Gruppen-kurze Winter Programme - Coquitlam School District 43<\/title>\n<meta name=\"robots\" content=\"index, follow, max-snippet:-1, max-image-preview:large, max-video-preview:-1\" \/>\n<link rel=\"canonical\" href=\"https:\/\/www.internationaled.com\/de\/programs\/group-winter-short-term-programs\/\" \/>\n<meta property=\"og:locale\" content=\"de_DE\" \/>\n<meta property=\"og:type\" content=\"article\" \/>\n<meta property=\"og:title\" content=\"Gruppen-kurze Winter Programme - Coquitlam School District 43\" \/>\n<meta property=\"og:description\" content=\"Gruppen-Kombikurs Kultur Mit dem Kombikurs ESL &amp; Kultur haben Teilnehmer Gelegenheit, die kanadische Kultur hautnah zu erleben und gleichzeitig die neu erworbenen Englischkenntnisse in Gruppenaktivit\u00e4ten und bei der Erkundung der wundersch\u00f6nen Umgebung des Lower Mainland in British Columbia auszuprobieren. Zum Kombikurs ESL &amp; Kultur geh\u00f6ren Aktivit\u00e4ten wie Schwimmen, Skilaufen, Klettern, Golfspielen, Bowling, Mannschaftssports und Handarbeiten. &hellip; Continue reading Gruppen-kurze Winter Programme &rarr;\" \/>\n<meta property=\"og:url\" content=\"https:\/\/www.internationaled.com\/de\/programs\/group-winter-short-term-programs\/\" \/>\n<meta property=\"og:site_name\" content=\"Coquitlam School District 43\" \/>\n<meta property=\"article:modified_time\" content=\"2016-07-22T09:40:06+00:00\" \/>\n<meta property=\"og:image\" content=\"https:\/\/www.internationaled.com\/wp-content\/uploads\/2015\/10\/fondo_group_winter_short_term-_programs.jpg\" \/>\n\t<meta property=\"og:image:width\" content=\"1920\" \/>\n\t<meta property=\"og:image:height\" content=\"400\" \/>\n\t<meta property=\"og:image:type\" content=\"image\/jpeg\" \/>\n<meta name=\"twitter:card\" content=\"summary_large_image\" \/>\n<meta name=\"twitter:label1\" content=\"Est. reading time\" \/>\n\t<meta name=\"twitter:data1\" content=\"1 minute\" \/>\n<script type=\"application\/ld+json\" class=\"yoast-schema-graph\">{\"@context\":\"https:\\\/\\\/schema.org\",\"@graph\":[{\"@type\":\"WebPage\",\"@id\":\"https:\\\/\\\/www.internationaled.com\\\/de\\\/programs\\\/group-winter-short-term-programs\\\/\",\"url\":\"https:\\\/\\\/www.internationaled.com\\\/de\\\/programs\\\/group-winter-short-term-programs\\\/\",\"name\":\"Gruppen-kurze Winter Programme - Coquitlam School District 43\",\"isPartOf\":{\"@id\":\"https:\\\/\\\/www.internationaled.com\\\/ar\\\/#website\"},\"primaryImageOfPage\":{\"@id\":\"https:\\\/\\\/www.internationaled.com\\\/de\\\/programs\\\/group-winter-short-term-programs\\\/#primaryimage\"},\"image\":{\"@id\":\"https:\\\/\\\/www.internationaled.com\\\/de\\\/programs\\\/group-winter-short-term-programs\\\/#primaryimage\"},\"thumbnailUrl\":\"https:\\\/\\\/cdn.internationaled.com\\\/wp-content\\\/uploads\\\/2015\\\/10\\\/fondo_group_winter_short_term-_programs.jpg\",\"datePublished\":\"2015-10-27T16:21:17+00:00\",\"dateModified\":\"2016-07-22T09:40:06+00:00\",\"breadcrumb\":{\"@id\":\"https:\\\/\\\/www.internationaled.com\\\/de\\\/programs\\\/group-winter-short-term-programs\\\/#breadcrumb\"},\"inLanguage\":\"de-DE\",\"potentialAction\":[{\"@type\":\"ReadAction\",\"target\":[\"https:\\\/\\\/www.internationaled.com\\\/de\\\/programs\\\/group-winter-short-term-programs\\\/\"]}]},{\"@type\":\"ImageObject\",\"inLanguage\":\"de-DE\",\"@id\":\"https:\\\/\\\/www.internationaled.com\\\/de\\\/programs\\\/group-winter-short-term-programs\\\/#primaryimage\",\"url\":\"https:\\\/\\\/cdn.internationaled.com\\\/wp-content\\\/uploads\\\/2015\\\/10\\\/fondo_group_winter_short_term-_programs.jpg\",\"contentUrl\":\"https:\\\/\\\/cdn.internationaled.com\\\/wp-content\\\/uploads\\\/2015\\\/10\\\/fondo_group_winter_short_term-_programs.jpg\",\"width\":1920,\"height\":400},{\"@type\":\"BreadcrumbList\",\"@id\":\"https:\\\/\\\/www.internationaled.com\\\/de\\\/programs\\\/group-winter-short-term-programs\\\/#breadcrumb\",\"itemListElement\":[{\"@type\":\"ListItem\",\"position\":1,\"name\":\"Home\",\"item\":\"https:\\\/\\\/www.internationaled.com\\\/de\\\/\"},{\"@type\":\"ListItem\",\"position\":2,\"name\":\"Programme\",\"item\":\"https:\\\/\\\/www.internationaled.com\\\/de\\\/programs\\\/\"},{\"@type\":\"ListItem\",\"position\":3,\"name\":\"Gruppen-kurze Winter Programme\"}]},{\"@type\":\"WebSite\",\"@id\":\"https:\\\/\\\/www.internationaled.com\\\/ar\\\/#website\",\"url\":\"https:\\\/\\\/www.internationaled.com\\\/ar\\\/\",\"name\":\"Coquitlam School District 43\",\"description\":\"Learning for a Lifetime\",\"potentialAction\":[{\"@type\":\"SearchAction\",\"target\":{\"@type\":\"EntryPoint\",\"urlTemplate\":\"https:\\\/\\\/www.internationaled.com\\\/ar\\\/?s={search_term_string}\"},\"query-input\":{\"@type\":\"PropertyValueSpecification\",\"valueRequired\":true,\"valueName\":\"search_term_string\"}}],\"inLanguage\":\"de-DE\"}]}<\/script>\n<!-- \/ Yoast SEO plugin. -->","yoast_head_json":{"title":"Gruppen-kurze Winter Programme - Coquitlam School District 43","robots":{"index":"index","follow":"follow","max-snippet":"max-snippet:-1","max-image-preview":"max-image-preview:large","max-video-preview":"max-video-preview:-1"},"canonical":"https:\/\/www.internationaled.com\/de\/programs\/group-winter-short-term-programs\/","og_locale":"de_DE","og_type":"article","og_title":"Gruppen-kurze Winter Programme - Coquitlam School District 43","og_description":"Gruppen-Kombikurs Kultur Mit dem Kombikurs ESL &amp; Kultur haben Teilnehmer Gelegenheit, die kanadische Kultur hautnah zu erleben und gleichzeitig die neu erworbenen Englischkenntnisse in Gruppenaktivit\u00e4ten und bei der Erkundung der wundersch\u00f6nen Umgebung des Lower Mainland in British Columbia auszuprobieren. Zum Kombikurs ESL &amp; Kultur geh\u00f6ren Aktivit\u00e4ten wie Schwimmen, Skilaufen, Klettern, Golfspielen, Bowling, Mannschaftssports und Handarbeiten. &hellip; Continue reading Gruppen-kurze Winter Programme &rarr;","og_url":"https:\/\/www.internationaled.com\/de\/programs\/group-winter-short-term-programs\/","og_site_name":"Coquitlam School District 43","article_modified_time":"2016-07-22T09:40:06+00:00","og_image":[{"width":1920,"height":400,"url":"https:\/\/www.internationaled.com\/wp-content\/uploads\/2015\/10\/fondo_group_winter_short_term-_programs.jpg","type":"image\/jpeg"}],"twitter_card":"summary_large_image","twitter_misc":{"Est. reading time":"1 minute"},"schema":{"@context":"https:\/\/schema.org","@graph":[{"@type":"WebPage","@id":"https:\/\/www.internationaled.com\/de\/programs\/group-winter-short-term-programs\/","url":"https:\/\/www.internationaled.com\/de\/programs\/group-winter-short-term-programs\/","name":"Gruppen-kurze Winter Programme - Coquitlam School District 43","isPartOf":{"@id":"https:\/\/www.internationaled.com\/ar\/#website"},"primaryImageOfPage":{"@id":"https:\/\/www.internationaled.com\/de\/programs\/group-winter-short-term-programs\/#primaryimage"},"image":{"@id":"https:\/\/www.internationaled.com\/de\/programs\/group-winter-short-term-programs\/#primaryimage"},"thumbnailUrl":"https:\/\/cdn.internationaled.com\/wp-content\/uploads\/2015\/10\/fondo_group_winter_short_term-_programs.jpg","datePublished":"2015-10-27T16:21:17+00:00","dateModified":"2016-07-22T09:40:06+00:00","breadcrumb":{"@id":"https:\/\/www.internationaled.com\/de\/programs\/group-winter-short-term-programs\/#breadcrumb"},"inLanguage":"de-DE","potentialAction":[{"@type":"ReadAction","target":["https:\/\/www.internationaled.com\/de\/programs\/group-winter-short-term-programs\/"]}]},{"@type":"ImageObject","inLanguage":"de-DE","@id":"https:\/\/www.internationaled.com\/de\/programs\/group-winter-short-term-programs\/#primaryimage","url":"https:\/\/cdn.internationaled.com\/wp-content\/uploads\/2015\/10\/fondo_group_winter_short_term-_programs.jpg","contentUrl":"https:\/\/cdn.internationaled.com\/wp-content\/uploads\/2015\/10\/fondo_group_winter_short_term-_programs.jpg","width":1920,"height":400},{"@type":"BreadcrumbList","@id":"https:\/\/www.internationaled.com\/de\/programs\/group-winter-short-term-programs\/#breadcrumb","itemListElement":[{"@type":"ListItem","position":1,"name":"Home","item":"https:\/\/www.internationaled.com\/de\/"},{"@type":"ListItem","position":2,"name":"Programme","item":"https:\/\/www.internationaled.com\/de\/programs\/"},{"@type":"ListItem","position":3,"name":"Gruppen-kurze Winter Programme"}]},{"@type":"WebSite","@id":"https:\/\/www.internationaled.com\/ar\/#website","url":"https:\/\/www.internationaled.com\/ar\/","name":"Coquitlam School District 43","description":"Learning for a Lifetime","potentialAction":[{"@type":"SearchAction","target":{"@type":"EntryPoint","urlTemplate":"https:\/\/www.internationaled.com\/ar\/?s={search_term_string}"},"query-input":{"@type":"PropertyValueSpecification","valueRequired":true,"valueName":"search_term_string"}}],"inLanguage":"de-DE"}]}},"_links":{"self":[{"href":"https:\/\/www.internationaled.com\/de\/wp-json\/wp\/v2\/pages\/1006","targetHints":{"allow":["GET"]}}],"collection":[{"href":"https:\/\/www.internationaled.com\/de\/wp-json\/wp\/v2\/pages"}],"about":[{"href":"https:\/\/www.internationaled.com\/de\/wp-json\/wp\/v2\/types\/page"}],"author":[{"embeddable":true,"href":"https:\/\/www.internationaled.com\/de\/wp-json\/wp\/v2\/users\/14"}],"replies":[{"embeddable":true,"href":"https:\/\/www.internationaled.com\/de\/wp-json\/wp\/v2\/comments?post=1006"}],"version-history":[{"count":2,"href":"https:\/\/www.internationaled.com\/de\/wp-json\/wp\/v2\/pages\/1006\/revisions"}],"predecessor-version":[{"id":4691,"href":"https:\/\/www.internationaled.com\/de\/wp-json\/wp\/v2\/pages\/1006\/revisions\/4691"}],"up":[{"embeddable":true,"href":"https:\/\/www.internationaled.com\/de\/wp-json\/wp\/v2\/pages\/1002"}],"wp:featuredmedia":[{"embeddable":true,"href":"https:\/\/www.internationaled.com\/de\/wp-json\/wp\/v2\/media\/315"}],"wp:attachment":[{"href":"https:\/\/www.internationaled.com\/de\/wp-json\/wp\/v2\/media?parent=1006"}],"curies":[{"name":"wp","href":"https:\/\/api.w.org\/{rel}","templated":true}]}}