{"id":1012,"date":"2015-10-27T16:20:56","date_gmt":"2015-10-27T16:20:56","guid":{"rendered":"http:\/\/internationaled.com\/programs\/summer-program\/?lang=de"},"modified":"2023-03-06T19:55:02","modified_gmt":"2023-03-06T19:55:02","slug":"summer-program","status":"publish","type":"page","link":"https:\/\/www.internationaled.com\/de\/programs\/summer-program\/","title":{"rendered":"Sommerkurse"},"content":{"rendered":"<div class=\"content\">\n<h2 class=\"green\">Sommer-Kombikurs ESL-Intensiv &amp; Kultur<\/h2>\n<h3 class=\"blue\">ESL- Intensivunterricht nur vormittags<\/h3>\n<p>Bei diesem Halbtags-Programm stehen praktisches Sprechen, Verstehen, Lesen, Wortschatz und die schriftliche Ausdrucksf\u00e4higkeit im Vordergrund. Sch\u00fcler konzentrieren sich dabei auf Aktivit\u00e4ten, in denen es um Kanada, die Gemeinden und Kommunen, die Umwelt und British Columbia geht. Vor Beginn jedes Kurses werden die Sch\u00fcler getestet und ihren F\u00e4higkeiten entsprechend eingestuft. Au\u00dferdem finden w\u00f6chentliche Tests statt. Am Kursende erhalten die Sch\u00fcler ein ZERTIFIKAT \u00dcBER DEN ERFOLGREICHEN KURSABSCHLUSS und ein Zeugnis.<\/p>\n<p><strong>Zeit: 8.30 Uhr &#8211; 12 Uhr mittags<\/strong><\/p>\n<h3 class=\"blue\">Nachmittags: Kulturprogramm und Sport<\/h3>\n<p><img decoding=\"async\" class=\"left\" src=\"http:\/\/static.flickr.com\/94\/223847776_b1b51d7a8f_m.jpg\" alt=\"Students posing with RCMP Officers\" \/>Die Nachmittagsaktivit\u00e4ten k\u00f6nnen mit dem Vormittags-ESL-Programm zu einem abgerundeten Fremdsprachen- und Kulturprogramm kombiniert werden. Hier bietet sich die Gelegenheit, die kanadische Kultur hautnah zu erleben und gleichzeitig die neu erworbenen Englischkenntnisse in Gruppenaktivit\u00e4ten und bei der Erkundung der wundersch\u00f6nen Umgebung des Lower Mainland in British Columbia auszuprobieren. Zum Nachmittagsprogramm geh\u00f6ren Aktivit\u00e4ten wie Schwimmen, Picnics, Golfspielen, Tennis, Bowling, Kanufahrten, Wandern, Mannschaftssport, Handarbeiten und Busausfl\u00fcge zu beliebten Touristenattraktionen wie <a href=\"http:\/\/www.westwoodplateaugolf.com\/page\/312-15452.htm\" target=\"blank\" rel=\"noopener\">Westwood Plateau<\/a>,<a href=\"http:\/\/www.robsonstreet.ca\/\" target=\"blank\" rel=\"noopener\">Robson Streeet<\/a>, <a href=\"http:\/\/www.metropolisatmetrotown.com\" target=\"blank\" rel=\"noopener\">Metrotown<\/a>, <a href=\"http:\/\/www.seegastown.com\" target=\"blank\" rel=\"noopener\">Gastown<\/a>, <a href=\"http:\/\/www.seestanleypark.com\/\" target=\"blank\" rel=\"noopener\">Stanley Park<\/a>, <a href=\"http:\/\/www.vanaqua.org\" target=\"blank\" rel=\"noopener\">Vancouver Aquarium<\/a>, <a href=\"http:\/\/www.capbridge.com\" target=\"blank\" rel=\"noopener\">Capilano Suspension Bridge<\/a>, <a href=\"http:\/\/www.hrmacmillanspacecentre.com\/\" target=\"blank\" rel=\"noopener\"> H.R. MacMillan Space Centre<\/a>.<\/p>\n<p><strong>Zeit: 12 Uhr mittags &#8211; 16.30 Uhr. <\/strong><\/p>\n<ul>\n<li class=\"forms\">Summer School Application Form<\/li>\n<li class=\"forms\">Summer High School Credit Courses Application Form<\/li>\n<\/ul>\n<\/div>\n","protected":false},"excerpt":{"rendered":"<p>Sommer-Kombikurs ESL-Intensiv &amp; Kultur ESL- Intensivunterricht nur vormittags Bei diesem Halbtags-Programm stehen praktisches Sprechen, Verstehen, Lesen, Wortschatz und die schriftliche Ausdrucksf\u00e4higkeit im Vordergrund. Sch\u00fcler konzentrieren sich dabei auf Aktivit\u00e4ten, in denen es um Kanada, die Gemeinden und Kommunen, die Umwelt und British Columbia geht. Vor Beginn jedes Kurses werden die Sch\u00fcler getestet und ihren F\u00e4higkeiten &hellip; <a href=\"https:\/\/www.internationaled.com\/de\/programs\/summer-program\/\" class=\"more-link\">Continue reading <span class=\"screen-reader-text\">Sommerkurse<\/span> <span class=\"meta-nav\">&rarr;<\/span><\/a><\/p>\n","protected":false},"author":14,"featured_media":336,"parent":1002,"menu_order":3,"comment_status":"closed","ping_status":"closed","template":"page-standard.php","meta":{"footnotes":""},"class_list":["post-1012","page","type-page","status-publish","has-post-thumbnail","hentry"],"yoast_head":"<!-- This site is optimized with the Yoast SEO plugin v27.4 - https:\/\/yoast.com\/product\/yoast-seo-wordpress\/ -->\n<title>Sommerkurse - Coquitlam School District 43<\/title>\n<meta name=\"robots\" content=\"index, follow, max-snippet:-1, max-image-preview:large, max-video-preview:-1\" \/>\n<link rel=\"canonical\" href=\"https:\/\/www.internationaled.com\/de\/programs\/summer-program\/\" \/>\n<meta property=\"og:locale\" content=\"de_DE\" \/>\n<meta property=\"og:type\" content=\"article\" \/>\n<meta property=\"og:title\" content=\"Sommerkurse - Coquitlam School District 43\" \/>\n<meta property=\"og:description\" content=\"Sommer-Kombikurs ESL-Intensiv &amp; Kultur ESL- Intensivunterricht nur vormittags Bei diesem Halbtags-Programm stehen praktisches Sprechen, Verstehen, Lesen, Wortschatz und die schriftliche Ausdrucksf\u00e4higkeit im Vordergrund. Sch\u00fcler konzentrieren sich dabei auf Aktivit\u00e4ten, in denen es um Kanada, die Gemeinden und Kommunen, die Umwelt und British Columbia geht. Vor Beginn jedes Kurses werden die Sch\u00fcler getestet und ihren F\u00e4higkeiten &hellip; Continue reading Sommerkurse &rarr;\" \/>\n<meta property=\"og:url\" content=\"https:\/\/www.internationaled.com\/de\/programs\/summer-program\/\" \/>\n<meta property=\"og:site_name\" content=\"Coquitlam School District 43\" \/>\n<meta property=\"article:modified_time\" content=\"2023-03-06T19:55:02+00:00\" \/>\n<meta property=\"og:image\" content=\"https:\/\/www.internationaled.com\/wp-content\/uploads\/2015\/10\/fondo_summer.jpg\" \/>\n\t<meta property=\"og:image:width\" content=\"1920\" \/>\n\t<meta property=\"og:image:height\" content=\"400\" \/>\n\t<meta property=\"og:image:type\" content=\"image\/jpeg\" \/>\n<meta name=\"twitter:card\" content=\"summary_large_image\" \/>\n<meta name=\"twitter:label1\" content=\"Est. reading time\" \/>\n\t<meta name=\"twitter:data1\" content=\"2 minutes\" \/>\n<script type=\"application\/ld+json\" class=\"yoast-schema-graph\">{\"@context\":\"https:\\\/\\\/schema.org\",\"@graph\":[{\"@type\":\"WebPage\",\"@id\":\"https:\\\/\\\/www.internationaled.com\\\/de\\\/programs\\\/summer-program\\\/\",\"url\":\"https:\\\/\\\/www.internationaled.com\\\/de\\\/programs\\\/summer-program\\\/\",\"name\":\"Sommerkurse - Coquitlam School District 43\",\"isPartOf\":{\"@id\":\"https:\\\/\\\/www.internationaled.com\\\/ar\\\/#website\"},\"primaryImageOfPage\":{\"@id\":\"https:\\\/\\\/www.internationaled.com\\\/de\\\/programs\\\/summer-program\\\/#primaryimage\"},\"image\":{\"@id\":\"https:\\\/\\\/www.internationaled.com\\\/de\\\/programs\\\/summer-program\\\/#primaryimage\"},\"thumbnailUrl\":\"https:\\\/\\\/cdn.internationaled.com\\\/wp-content\\\/uploads\\\/2015\\\/10\\\/fondo_summer.jpg\",\"datePublished\":\"2015-10-27T16:20:56+00:00\",\"dateModified\":\"2023-03-06T19:55:02+00:00\",\"breadcrumb\":{\"@id\":\"https:\\\/\\\/www.internationaled.com\\\/de\\\/programs\\\/summer-program\\\/#breadcrumb\"},\"inLanguage\":\"de-DE\",\"potentialAction\":[{\"@type\":\"ReadAction\",\"target\":[\"https:\\\/\\\/www.internationaled.com\\\/de\\\/programs\\\/summer-program\\\/\"]}]},{\"@type\":\"ImageObject\",\"inLanguage\":\"de-DE\",\"@id\":\"https:\\\/\\\/www.internationaled.com\\\/de\\\/programs\\\/summer-program\\\/#primaryimage\",\"url\":\"https:\\\/\\\/cdn.internationaled.com\\\/wp-content\\\/uploads\\\/2015\\\/10\\\/fondo_summer.jpg\",\"contentUrl\":\"https:\\\/\\\/cdn.internationaled.com\\\/wp-content\\\/uploads\\\/2015\\\/10\\\/fondo_summer.jpg\",\"width\":1920,\"height\":400},{\"@type\":\"BreadcrumbList\",\"@id\":\"https:\\\/\\\/www.internationaled.com\\\/de\\\/programs\\\/summer-program\\\/#breadcrumb\",\"itemListElement\":[{\"@type\":\"ListItem\",\"position\":1,\"name\":\"Home\",\"item\":\"https:\\\/\\\/www.internationaled.com\\\/de\\\/\"},{\"@type\":\"ListItem\",\"position\":2,\"name\":\"Programme\",\"item\":\"https:\\\/\\\/www.internationaled.com\\\/de\\\/programs\\\/\"},{\"@type\":\"ListItem\",\"position\":3,\"name\":\"Sommerkurse\"}]},{\"@type\":\"WebSite\",\"@id\":\"https:\\\/\\\/www.internationaled.com\\\/ar\\\/#website\",\"url\":\"https:\\\/\\\/www.internationaled.com\\\/ar\\\/\",\"name\":\"Coquitlam School District 43\",\"description\":\"Learning for a Lifetime\",\"potentialAction\":[{\"@type\":\"SearchAction\",\"target\":{\"@type\":\"EntryPoint\",\"urlTemplate\":\"https:\\\/\\\/www.internationaled.com\\\/ar\\\/?s={search_term_string}\"},\"query-input\":{\"@type\":\"PropertyValueSpecification\",\"valueRequired\":true,\"valueName\":\"search_term_string\"}}],\"inLanguage\":\"de-DE\"}]}<\/script>\n<!-- \/ Yoast SEO plugin. -->","yoast_head_json":{"title":"Sommerkurse - Coquitlam School District 43","robots":{"index":"index","follow":"follow","max-snippet":"max-snippet:-1","max-image-preview":"max-image-preview:large","max-video-preview":"max-video-preview:-1"},"canonical":"https:\/\/www.internationaled.com\/de\/programs\/summer-program\/","og_locale":"de_DE","og_type":"article","og_title":"Sommerkurse - Coquitlam School District 43","og_description":"Sommer-Kombikurs ESL-Intensiv &amp; Kultur ESL- Intensivunterricht nur vormittags Bei diesem Halbtags-Programm stehen praktisches Sprechen, Verstehen, Lesen, Wortschatz und die schriftliche Ausdrucksf\u00e4higkeit im Vordergrund. Sch\u00fcler konzentrieren sich dabei auf Aktivit\u00e4ten, in denen es um Kanada, die Gemeinden und Kommunen, die Umwelt und British Columbia geht. Vor Beginn jedes Kurses werden die Sch\u00fcler getestet und ihren F\u00e4higkeiten &hellip; Continue reading Sommerkurse &rarr;","og_url":"https:\/\/www.internationaled.com\/de\/programs\/summer-program\/","og_site_name":"Coquitlam School District 43","article_modified_time":"2023-03-06T19:55:02+00:00","og_image":[{"width":1920,"height":400,"url":"https:\/\/www.internationaled.com\/wp-content\/uploads\/2015\/10\/fondo_summer.jpg","type":"image\/jpeg"}],"twitter_card":"summary_large_image","twitter_misc":{"Est. reading time":"2 minutes"},"schema":{"@context":"https:\/\/schema.org","@graph":[{"@type":"WebPage","@id":"https:\/\/www.internationaled.com\/de\/programs\/summer-program\/","url":"https:\/\/www.internationaled.com\/de\/programs\/summer-program\/","name":"Sommerkurse - Coquitlam School District 43","isPartOf":{"@id":"https:\/\/www.internationaled.com\/ar\/#website"},"primaryImageOfPage":{"@id":"https:\/\/www.internationaled.com\/de\/programs\/summer-program\/#primaryimage"},"image":{"@id":"https:\/\/www.internationaled.com\/de\/programs\/summer-program\/#primaryimage"},"thumbnailUrl":"https:\/\/cdn.internationaled.com\/wp-content\/uploads\/2015\/10\/fondo_summer.jpg","datePublished":"2015-10-27T16:20:56+00:00","dateModified":"2023-03-06T19:55:02+00:00","breadcrumb":{"@id":"https:\/\/www.internationaled.com\/de\/programs\/summer-program\/#breadcrumb"},"inLanguage":"de-DE","potentialAction":[{"@type":"ReadAction","target":["https:\/\/www.internationaled.com\/de\/programs\/summer-program\/"]}]},{"@type":"ImageObject","inLanguage":"de-DE","@id":"https:\/\/www.internationaled.com\/de\/programs\/summer-program\/#primaryimage","url":"https:\/\/cdn.internationaled.com\/wp-content\/uploads\/2015\/10\/fondo_summer.jpg","contentUrl":"https:\/\/cdn.internationaled.com\/wp-content\/uploads\/2015\/10\/fondo_summer.jpg","width":1920,"height":400},{"@type":"BreadcrumbList","@id":"https:\/\/www.internationaled.com\/de\/programs\/summer-program\/#breadcrumb","itemListElement":[{"@type":"ListItem","position":1,"name":"Home","item":"https:\/\/www.internationaled.com\/de\/"},{"@type":"ListItem","position":2,"name":"Programme","item":"https:\/\/www.internationaled.com\/de\/programs\/"},{"@type":"ListItem","position":3,"name":"Sommerkurse"}]},{"@type":"WebSite","@id":"https:\/\/www.internationaled.com\/ar\/#website","url":"https:\/\/www.internationaled.com\/ar\/","name":"Coquitlam School District 43","description":"Learning for a Lifetime","potentialAction":[{"@type":"SearchAction","target":{"@type":"EntryPoint","urlTemplate":"https:\/\/www.internationaled.com\/ar\/?s={search_term_string}"},"query-input":{"@type":"PropertyValueSpecification","valueRequired":true,"valueName":"search_term_string"}}],"inLanguage":"de-DE"}]}},"_links":{"self":[{"href":"https:\/\/www.internationaled.com\/de\/wp-json\/wp\/v2\/pages\/1012","targetHints":{"allow":["GET"]}}],"collection":[{"href":"https:\/\/www.internationaled.com\/de\/wp-json\/wp\/v2\/pages"}],"about":[{"href":"https:\/\/www.internationaled.com\/de\/wp-json\/wp\/v2\/types\/page"}],"author":[{"embeddable":true,"href":"https:\/\/www.internationaled.com\/de\/wp-json\/wp\/v2\/users\/14"}],"replies":[{"embeddable":true,"href":"https:\/\/www.internationaled.com\/de\/wp-json\/wp\/v2\/comments?post=1012"}],"version-history":[{"count":6,"href":"https:\/\/www.internationaled.com\/de\/wp-json\/wp\/v2\/pages\/1012\/revisions"}],"predecessor-version":[{"id":7722,"href":"https:\/\/www.internationaled.com\/de\/wp-json\/wp\/v2\/pages\/1012\/revisions\/7722"}],"up":[{"embeddable":true,"href":"https:\/\/www.internationaled.com\/de\/wp-json\/wp\/v2\/pages\/1002"}],"wp:featuredmedia":[{"embeddable":true,"href":"https:\/\/www.internationaled.com\/de\/wp-json\/wp\/v2\/media\/336"}],"wp:attachment":[{"href":"https:\/\/www.internationaled.com\/de\/wp-json\/wp\/v2\/media?parent=1012"}],"curies":[{"name":"wp","href":"https:\/\/api.w.org\/{rel}","templated":true}]}}