{"id":1014,"date":"2015-10-27T16:35:50","date_gmt":"2015-10-27T16:35:50","guid":{"rendered":"http:\/\/internationaled.com\/resources\/?lang=de"},"modified":"2016-07-22T10:45:03","modified_gmt":"2016-07-22T10:45:03","slug":"resources","status":"publish","type":"page","link":"https:\/\/www.internationaled.com\/de\/resources\/","title":{"rendered":"Lehrmittel und Ressourcen"},"content":{"rendered":"<div class=\"content\">\n<h2 class=\"green\">Lehrmittel und Ressourcen<\/h2>\n<ul>\n<li><a href=\"http:\/\/legacy.internationaled.com\/forms\/PolicyStatementdistrictcodeofconduct.pdf\">Policy Statement District Code of Conduct <\/a><\/li>\n<li><a href=\"http:\/\/legacy.internationaled.com\/forms\/STUDENTSAFETYAWARENESS.pdf\">Student Safety<\/a><\/li>\n<\/ul>\n<p>The following websites might offer some good information:<\/p>\n<ul>\n<li><a href=\"http:\/\/www.schoolsincanada.com\" target=\"_blank\">www.schoolsincanada.com<\/a><\/li>\n<\/ul>\n<p>SCHOOL DISTRICT NO. 43 AND CANADA INTERNATIONAL COLLEGE ARE PLEASED TO ANNOUNCE THAT THEY HAVE BECOME AN AUTHORIZED TOEFL TESTING CENTRE AT WINSLOW CENTRE:<\/p>\n<ul>\n<li><a href=\"http:\/\/www.ets.org\/bin\/getprogram.cgi?urlSource=toefl&amp;newRegURL=&amp;test=TOEFL&amp;browserType=Other&amp;toeflType=&amp;redirect=&amp;t_country1=group_Canada&amp;date_selected_old=\" target=\"_blank\">TOEFL Testing Registration On-Line <\/a><\/li>\n<\/ul>\n<p>Die Lehrmittel und Ressourcen umfassen: computergest\u00fctzter Unterricht, Bibliotheken mit CD-ROM-Technologie, naturwissenschaftliche Labore, Tanzstudios, Aufenthaltsr\u00e4ume f\u00fcr Sch\u00fcler, Technologiezentren, Sporthallen, Mensen f\u00fcr das Mittagessen, Berater zur Unterst\u00fctzung aller Sch\u00fcler bei ihrer Kursplanung, Universit\u00e4ts- und Collegebewerbung, Planung der Berufslaufbahn, bei der Analyse ihrer Kompetenzen und Unterst\u00fctzung bei ihren pers\u00f6nlichen Problemen.<\/p>\n<ul>\n<li><a href=\"http:\/\/legacy.internationaled.com\/forms\/PolicyStatementdistrictcodeofconduct.pdf\">Grundsatzerkl\u00e4rung zu den Verhaltensregeln des Schulbezirks<\/a><\/li>\n<li><a href=\"http:\/\/legacy.internationaled.com\/forms\/STUDENTSAFETYAWARENESS.pdf\">Sch\u00fclersicherheit<\/a><\/li>\n<\/ul>\n<p>Weitere n\u00fctzliche Informationen finden Sie auf der nachfolgenden Webseite:<\/p>\n<ul>\n<li><a href=\"http:\/\/www.schoolsincanada.com\" target=\"_blank\">www.schoolsincanada.com<\/a><\/li>\n<\/ul>\n<p>Schulbezirk Nr. 43 und Canada International College freuen sich bekanntzugeben, dass sie nun ein anerkanntes TOEFL-Pr\u00fcfungszentrum (Winslow-Zentrum) sind:<\/p>\n<ul>\n<li><a href=\"http:\/\/www.ets.org\/bin\/getprogram.cgi?urlSource=toefl&amp;newRegURL=&amp;test=TOEFL&amp;browserType=Other&amp;toeflType=&amp;redirect=&amp;t_country1=group_Canada&amp;date_selected_old=\" target=\"_blank\">TOEFL Online-Pr\u00fcfungsanmeldung<\/a><\/li>\n<\/ul>\n<h2 class=\"green\">Andere Ressourcen<\/h2>\n<p><strong>Canada Immigration<\/strong><br \/>\n<a href=\"http:\/\/www.cic.gc.ca\/\">http:\/\/www.cic.gc.ca\/<\/a><\/p>\n<p><strong>BC Ministry of Education<\/strong><br \/>\n<a href=\"http:\/\/www.gov.bc.ca\/bced\/\">http:\/\/www.gov.bc.ca\/bced\/<\/a><\/p>\n<p><strong>City of Coquitlam<\/strong><br \/>\n<a href=\"http:\/\/www.coquitlam.ca\">http:\/\/www.coquitlam.ca<\/a><\/p>\n<p><strong>City of Port Coquitlam<\/strong><br \/>\n<a href=\"http:\/\/www.portcoquitlam.ca\">http:\/\/www.portcoquitlam.ca<\/a><\/p>\n<p><strong>City of Port Moody<\/strong><br \/>\n<a href=\"http:\/\/www.cityofportmoody.com\">http:\/\/www.cityofportmoody.com<\/a><\/p>\n<p><strong>Belcarra<\/strong><br \/>\n<a href=\"http:\/\/belcarra.ca\">http:\/\/belcarra.ca<\/a><\/p>\n<p><strong> Anmore<\/strong><br \/>\n<a href=\"http:\/\/anmore.com\">http:\/\/anmore.com<\/a><\/p>\n<p>&nbsp;<\/p>\n<p><strong>Transit information <\/strong><a href=\"http:\/\/www.translink.ca\/\" target=\"_blank\"><br \/>\nhttp:\/\/www.translink.ca\/<\/a><\/p>\n<p><strong>Coquitlam Parks and Recreation<\/strong><br \/>\n<a href=\"http:\/\/www2.vpl.vancouver.bc.ca\/DBs\/Redbook\/orgPgs\/1\/1171.html\">http:\/\/www2.vpl.vancouver.bc.ca\/DBs\/Redbook\/orgPgs\/1\/1171.html<\/a><\/p>\n<p><strong>Confucius Classroom \u2013 Worldwide<\/strong><br \/>\n<a href=\"http:\/\/english.hanban.org\/index.php\">http:\/\/english.hanban.org\/index.php<\/a><\/p>\n<p><strong>Vancouver Tourism<\/strong><br \/>\n<a href=\"http:\/\/www.tourismvancouver.com\">http:\/\/www.tourismvancouver.com<\/a><\/p>\n<p><strong>Vancouver Board of Trade<\/strong><br \/>\n<a href=\"http:\/\/www.boardoftrade.com\/\">http:\/\/www.boardoftrade.com\/<\/a><\/p>\n<p><strong>Tri-Cities Chamber of Commerce<\/strong><br \/>\n<a href=\"http:\/\/www.tricitieschamber.com\">http:\/\/www.tricitieschamber.com<\/a><\/p>\n<p><strong>Vancouver&#8230; the Most Livable City in the World \u2013 5 years in a Row CBC News Article &#8211; Economist Magazine 2009 &#8211; <\/strong> <a href=\"http:\/\/www.cbc.ca\/canada\/british-columbia\/story\/2007\/08\/23\/bc-vancouver.html\">http:\/\/www.cbc.ca\/canada\/british-columbia\/story\/2007\/08\/23\/bc-vancouver.html<\/a>&lt;<\/p>\n<p><strong>Coquitlam Public Library <\/strong><br \/>\n<a href=\"http:\/\/www.library.coquitlam.bc.ca\/default.htm\">http:\/\/www.library.coquitlam.bc.ca\/default.htm<\/a><\/p>\n<p><strong>Terry Fox Library (Port Coquitlam) <\/strong><br \/>\n<a href=\"http:\/\/www.fvrl.bc.ca\/read\/library_terryfox.htm\">http:\/\/www.fvrl.bc.ca\/read\/library_terryfox.htm<\/a><\/p>\n<p><strong>Port Moody Library<\/strong><br \/>\n<a href=\"http:\/\/library.portmoody.ca\/\">http:\/\/library.portmoody.ca\/<\/a><\/p>\n<\/div>\n<p>&nbsp;<\/p>\n","protected":false},"excerpt":{"rendered":"<p>Lehrmittel und Ressourcen Policy Statement District Code of Conduct Student Safety The following websites might offer some good information: www.schoolsincanada.com SCHOOL DISTRICT NO. 43 AND CANADA INTERNATIONAL COLLEGE ARE PLEASED TO ANNOUNCE THAT THEY HAVE BECOME AN AUTHORIZED TOEFL TESTING CENTRE AT WINSLOW CENTRE: TOEFL Testing Registration On-Line Die Lehrmittel und Ressourcen umfassen: computergest\u00fctzter Unterricht, &hellip; <a href=\"https:\/\/www.internationaled.com\/de\/resources\/\" class=\"more-link\">Continue reading <span class=\"screen-reader-text\">Lehrmittel und Ressourcen<\/span> <span class=\"meta-nav\">&rarr;<\/span><\/a><\/p>\n","protected":false},"author":14,"featured_media":324,"parent":0,"menu_order":7,"comment_status":"closed","ping_status":"closed","template":"page-standard.php","meta":{"footnotes":""},"class_list":["post-1014","page","type-page","status-publish","has-post-thumbnail","hentry"],"yoast_head":"<!-- This site is optimized with the Yoast SEO plugin v27.4 - https:\/\/yoast.com\/product\/yoast-seo-wordpress\/ -->\n<title>Lehrmittel und Ressourcen - Coquitlam School District 43<\/title>\n<meta name=\"robots\" content=\"index, follow, max-snippet:-1, max-image-preview:large, max-video-preview:-1\" \/>\n<link rel=\"canonical\" href=\"https:\/\/www.internationaled.com\/de\/resources\/\" \/>\n<meta property=\"og:locale\" content=\"de_DE\" \/>\n<meta property=\"og:type\" content=\"article\" \/>\n<meta property=\"og:title\" content=\"Lehrmittel und Ressourcen - Coquitlam School District 43\" \/>\n<meta property=\"og:description\" content=\"Lehrmittel und Ressourcen Policy Statement District Code of Conduct Student Safety The following websites might offer some good information: www.schoolsincanada.com SCHOOL DISTRICT NO. 43 AND CANADA INTERNATIONAL COLLEGE ARE PLEASED TO ANNOUNCE THAT THEY HAVE BECOME AN AUTHORIZED TOEFL TESTING CENTRE AT WINSLOW CENTRE: TOEFL Testing Registration On-Line Die Lehrmittel und Ressourcen umfassen: computergest\u00fctzter Unterricht, &hellip; Continue reading Lehrmittel und Ressourcen &rarr;\" \/>\n<meta property=\"og:url\" content=\"https:\/\/www.internationaled.com\/de\/resources\/\" \/>\n<meta property=\"og:site_name\" content=\"Coquitlam School District 43\" \/>\n<meta property=\"article:modified_time\" content=\"2016-07-22T10:45:03+00:00\" \/>\n<meta property=\"og:image\" content=\"https:\/\/www.internationaled.com\/wp-content\/uploads\/2015\/10\/fondo_recursos.jpg\" \/>\n\t<meta property=\"og:image:width\" content=\"1920\" \/>\n\t<meta property=\"og:image:height\" content=\"400\" \/>\n\t<meta property=\"og:image:type\" content=\"image\/jpeg\" \/>\n<meta name=\"twitter:card\" content=\"summary_large_image\" \/>\n<meta name=\"twitter:label1\" content=\"Est. reading time\" \/>\n\t<meta name=\"twitter:data1\" content=\"2 minutes\" \/>\n<script type=\"application\/ld+json\" class=\"yoast-schema-graph\">{\"@context\":\"https:\\\/\\\/schema.org\",\"@graph\":[{\"@type\":\"WebPage\",\"@id\":\"https:\\\/\\\/www.internationaled.com\\\/de\\\/resources\\\/\",\"url\":\"https:\\\/\\\/www.internationaled.com\\\/de\\\/resources\\\/\",\"name\":\"Lehrmittel und Ressourcen - Coquitlam School District 43\",\"isPartOf\":{\"@id\":\"https:\\\/\\\/www.internationaled.com\\\/ar\\\/#website\"},\"primaryImageOfPage\":{\"@id\":\"https:\\\/\\\/www.internationaled.com\\\/de\\\/resources\\\/#primaryimage\"},\"image\":{\"@id\":\"https:\\\/\\\/www.internationaled.com\\\/de\\\/resources\\\/#primaryimage\"},\"thumbnailUrl\":\"https:\\\/\\\/cdn.internationaled.com\\\/wp-content\\\/uploads\\\/2015\\\/10\\\/fondo_recursos.jpg\",\"datePublished\":\"2015-10-27T16:35:50+00:00\",\"dateModified\":\"2016-07-22T10:45:03+00:00\",\"breadcrumb\":{\"@id\":\"https:\\\/\\\/www.internationaled.com\\\/de\\\/resources\\\/#breadcrumb\"},\"inLanguage\":\"de-DE\",\"potentialAction\":[{\"@type\":\"ReadAction\",\"target\":[\"https:\\\/\\\/www.internationaled.com\\\/de\\\/resources\\\/\"]}]},{\"@type\":\"ImageObject\",\"inLanguage\":\"de-DE\",\"@id\":\"https:\\\/\\\/www.internationaled.com\\\/de\\\/resources\\\/#primaryimage\",\"url\":\"https:\\\/\\\/cdn.internationaled.com\\\/wp-content\\\/uploads\\\/2015\\\/10\\\/fondo_recursos.jpg\",\"contentUrl\":\"https:\\\/\\\/cdn.internationaled.com\\\/wp-content\\\/uploads\\\/2015\\\/10\\\/fondo_recursos.jpg\",\"width\":1920,\"height\":400},{\"@type\":\"BreadcrumbList\",\"@id\":\"https:\\\/\\\/www.internationaled.com\\\/de\\\/resources\\\/#breadcrumb\",\"itemListElement\":[{\"@type\":\"ListItem\",\"position\":1,\"name\":\"Home\",\"item\":\"https:\\\/\\\/www.internationaled.com\\\/de\\\/\"},{\"@type\":\"ListItem\",\"position\":2,\"name\":\"Lehrmittel und Ressourcen\"}]},{\"@type\":\"WebSite\",\"@id\":\"https:\\\/\\\/www.internationaled.com\\\/ar\\\/#website\",\"url\":\"https:\\\/\\\/www.internationaled.com\\\/ar\\\/\",\"name\":\"Coquitlam School District 43\",\"description\":\"Learning for a Lifetime\",\"potentialAction\":[{\"@type\":\"SearchAction\",\"target\":{\"@type\":\"EntryPoint\",\"urlTemplate\":\"https:\\\/\\\/www.internationaled.com\\\/ar\\\/?s={search_term_string}\"},\"query-input\":{\"@type\":\"PropertyValueSpecification\",\"valueRequired\":true,\"valueName\":\"search_term_string\"}}],\"inLanguage\":\"de-DE\"}]}<\/script>\n<!-- \/ Yoast SEO plugin. -->","yoast_head_json":{"title":"Lehrmittel und Ressourcen - Coquitlam School District 43","robots":{"index":"index","follow":"follow","max-snippet":"max-snippet:-1","max-image-preview":"max-image-preview:large","max-video-preview":"max-video-preview:-1"},"canonical":"https:\/\/www.internationaled.com\/de\/resources\/","og_locale":"de_DE","og_type":"article","og_title":"Lehrmittel und Ressourcen - Coquitlam School District 43","og_description":"Lehrmittel und Ressourcen Policy Statement District Code of Conduct Student Safety The following websites might offer some good information: www.schoolsincanada.com SCHOOL DISTRICT NO. 43 AND CANADA INTERNATIONAL COLLEGE ARE PLEASED TO ANNOUNCE THAT THEY HAVE BECOME AN AUTHORIZED TOEFL TESTING CENTRE AT WINSLOW CENTRE: TOEFL Testing Registration On-Line Die Lehrmittel und Ressourcen umfassen: computergest\u00fctzter Unterricht, &hellip; Continue reading Lehrmittel und Ressourcen &rarr;","og_url":"https:\/\/www.internationaled.com\/de\/resources\/","og_site_name":"Coquitlam School District 43","article_modified_time":"2016-07-22T10:45:03+00:00","og_image":[{"width":1920,"height":400,"url":"https:\/\/www.internationaled.com\/wp-content\/uploads\/2015\/10\/fondo_recursos.jpg","type":"image\/jpeg"}],"twitter_card":"summary_large_image","twitter_misc":{"Est. reading time":"2 minutes"},"schema":{"@context":"https:\/\/schema.org","@graph":[{"@type":"WebPage","@id":"https:\/\/www.internationaled.com\/de\/resources\/","url":"https:\/\/www.internationaled.com\/de\/resources\/","name":"Lehrmittel und Ressourcen - Coquitlam School District 43","isPartOf":{"@id":"https:\/\/www.internationaled.com\/ar\/#website"},"primaryImageOfPage":{"@id":"https:\/\/www.internationaled.com\/de\/resources\/#primaryimage"},"image":{"@id":"https:\/\/www.internationaled.com\/de\/resources\/#primaryimage"},"thumbnailUrl":"https:\/\/cdn.internationaled.com\/wp-content\/uploads\/2015\/10\/fondo_recursos.jpg","datePublished":"2015-10-27T16:35:50+00:00","dateModified":"2016-07-22T10:45:03+00:00","breadcrumb":{"@id":"https:\/\/www.internationaled.com\/de\/resources\/#breadcrumb"},"inLanguage":"de-DE","potentialAction":[{"@type":"ReadAction","target":["https:\/\/www.internationaled.com\/de\/resources\/"]}]},{"@type":"ImageObject","inLanguage":"de-DE","@id":"https:\/\/www.internationaled.com\/de\/resources\/#primaryimage","url":"https:\/\/cdn.internationaled.com\/wp-content\/uploads\/2015\/10\/fondo_recursos.jpg","contentUrl":"https:\/\/cdn.internationaled.com\/wp-content\/uploads\/2015\/10\/fondo_recursos.jpg","width":1920,"height":400},{"@type":"BreadcrumbList","@id":"https:\/\/www.internationaled.com\/de\/resources\/#breadcrumb","itemListElement":[{"@type":"ListItem","position":1,"name":"Home","item":"https:\/\/www.internationaled.com\/de\/"},{"@type":"ListItem","position":2,"name":"Lehrmittel und Ressourcen"}]},{"@type":"WebSite","@id":"https:\/\/www.internationaled.com\/ar\/#website","url":"https:\/\/www.internationaled.com\/ar\/","name":"Coquitlam School District 43","description":"Learning for a Lifetime","potentialAction":[{"@type":"SearchAction","target":{"@type":"EntryPoint","urlTemplate":"https:\/\/www.internationaled.com\/ar\/?s={search_term_string}"},"query-input":{"@type":"PropertyValueSpecification","valueRequired":true,"valueName":"search_term_string"}}],"inLanguage":"de-DE"}]}},"_links":{"self":[{"href":"https:\/\/www.internationaled.com\/de\/wp-json\/wp\/v2\/pages\/1014","targetHints":{"allow":["GET"]}}],"collection":[{"href":"https:\/\/www.internationaled.com\/de\/wp-json\/wp\/v2\/pages"}],"about":[{"href":"https:\/\/www.internationaled.com\/de\/wp-json\/wp\/v2\/types\/page"}],"author":[{"embeddable":true,"href":"https:\/\/www.internationaled.com\/de\/wp-json\/wp\/v2\/users\/14"}],"replies":[{"embeddable":true,"href":"https:\/\/www.internationaled.com\/de\/wp-json\/wp\/v2\/comments?post=1014"}],"version-history":[{"count":2,"href":"https:\/\/www.internationaled.com\/de\/wp-json\/wp\/v2\/pages\/1014\/revisions"}],"predecessor-version":[{"id":4681,"href":"https:\/\/www.internationaled.com\/de\/wp-json\/wp\/v2\/pages\/1014\/revisions\/4681"}],"wp:featuredmedia":[{"embeddable":true,"href":"https:\/\/www.internationaled.com\/de\/wp-json\/wp\/v2\/media\/324"}],"wp:attachment":[{"href":"https:\/\/www.internationaled.com\/de\/wp-json\/wp\/v2\/media?parent=1014"}],"curies":[{"name":"wp","href":"https:\/\/api.w.org\/{rel}","templated":true}]}}