{"id":1018,"date":"2015-10-26T16:56:23","date_gmt":"2015-10-26T16:56:23","guid":{"rendered":"http:\/\/internationaled.com\/resources\/students\/?lang=de"},"modified":"2016-07-22T10:53:46","modified_gmt":"2016-07-22T10:53:46","slug":"students","status":"publish","type":"page","link":"https:\/\/www.internationaled.com\/de\/resources\/students\/","title":{"rendered":"Unsere Sch\u00fcler"},"content":{"rendered":"<p>Unsere Sch\u00fcler kommen aus aller Welt, um im Rahmen des International Education-Programms des Schulbezirks von Coquitlam Unterricht vom Kindergartenalter bis zur 12. Klasse zu erhalten. Hier eine kleine Auswahl der Herkunftslnder: sterreich, China, Fidschi, Deutschland, Indonesien, Japan, Korea, Mexiko, Macao, Taiwan, Thailand, Russland, Brunei, Sdafrika, Finnland, Hongkong, Rumnien, Guatemala, Singapur, Norwegen, Schweiz, Frankreich, Vietnam, Schweden, England, die Slowakei und die USA.<\/p>\n<ul>\n<li><a href=\"http:\/\/legacy.internationaled.com\/German\/testimonials.shtml\">Testimonials<\/a> Unsere Sch\u00fcler.<\/li>\n<\/ul>\n<p><a href=\"http:\/\/legacy.internationaled.com\/forms\/eddy1.pdf\" target=\"blank\">SCH\u00dcLER BEGEGNEN DER ASIATISCHEN KULTUR (August 2006)<\/a> Eine Sommerreise nach Japan, Hongkong und S\u00fcdkorea erm\u00f6glichte 15 Riverside-Sch\u00fclern eine intensive Begegnung mit der asiatischen Kultur. Die Sch\u00fcler fuhren am 16. August 2006 ab und kamen am 3. September 2006 wieder zur\u00fcck.<\/p>\n<p><a href=\"http:\/\/legacy.internationaled.com\/forms\/eddy2.pdf\" target=\"blank\">BESUCHER AUS \u00d6STERREICH SEHEN SICH DAS LEBEN IN KANADA AN (September 2006)<\/a> Es ist der Traum vieler Teenager, ein fremdes Land zu besuchen und genau das machten 26 \u00f6sterreichische Sch\u00fcler des Landstra\u00dfer Gymnasiums in Wien. Riverside hie\u00df die Sch\u00fcler mit einem besonderen Empfang, offiziellen Versammlungen sowie Spruchb\u00e4ndern, mit der man die Schule schm\u00fcckte und Informationen auf der Schul-Webseite willkommen. Im M\u00e4rz 2007 besuchen f\u00fcnfundzwanzig Riverside-Sch\u00fcler Wien, um bei den neu gewonnenen Freunden zu wohnen.<\/p>\n","protected":false},"excerpt":{"rendered":"<p>Unsere Sch\u00fcler kommen aus aller Welt, um im Rahmen des International Education-Programms des Schulbezirks von Coquitlam Unterricht vom Kindergartenalter bis zur 12. Klasse zu erhalten. Hier eine kleine Auswahl der Herkunftslnder: sterreich, China, Fidschi, Deutschland, Indonesien, Japan, Korea, Mexiko, Macao, Taiwan, Thailand, Russland, Brunei, Sdafrika, Finnland, Hongkong, Rumnien, Guatemala, Singapur, Norwegen, Schweiz, Frankreich, Vietnam, Schweden, &hellip; <a href=\"https:\/\/www.internationaled.com\/de\/resources\/students\/\" class=\"more-link\">Continue reading <span class=\"screen-reader-text\">Unsere Sch\u00fcler<\/span> <span class=\"meta-nav\">&rarr;<\/span><\/a><\/p>\n","protected":false},"author":14,"featured_media":305,"parent":1014,"menu_order":4,"comment_status":"closed","ping_status":"closed","template":"page-standard.php","meta":{"footnotes":""},"class_list":["post-1018","page","type-page","status-publish","has-post-thumbnail","hentry"],"yoast_head":"<!-- This site is optimized with the Yoast SEO plugin v27.4 - https:\/\/yoast.com\/product\/yoast-seo-wordpress\/ -->\n<title>Unsere Sch\u00fcler - Coquitlam School District 43<\/title>\n<meta name=\"robots\" content=\"index, follow, max-snippet:-1, max-image-preview:large, max-video-preview:-1\" \/>\n<link rel=\"canonical\" href=\"https:\/\/www.internationaled.com\/de\/resources\/students\/\" \/>\n<meta property=\"og:locale\" content=\"de_DE\" \/>\n<meta property=\"og:type\" content=\"article\" \/>\n<meta property=\"og:title\" content=\"Unsere Sch\u00fcler - Coquitlam School District 43\" \/>\n<meta property=\"og:description\" content=\"Unsere Sch\u00fcler kommen aus aller Welt, um im Rahmen des International Education-Programms des Schulbezirks von Coquitlam Unterricht vom Kindergartenalter bis zur 12. Klasse zu erhalten. Hier eine kleine Auswahl der Herkunftslnder: sterreich, China, Fidschi, Deutschland, Indonesien, Japan, Korea, Mexiko, Macao, Taiwan, Thailand, Russland, Brunei, Sdafrika, Finnland, Hongkong, Rumnien, Guatemala, Singapur, Norwegen, Schweiz, Frankreich, Vietnam, Schweden, &hellip; Continue reading Unsere Sch\u00fcler &rarr;\" \/>\n<meta property=\"og:url\" content=\"https:\/\/www.internationaled.com\/de\/resources\/students\/\" \/>\n<meta property=\"og:site_name\" content=\"Coquitlam School District 43\" \/>\n<meta property=\"article:modified_time\" content=\"2016-07-22T10:53:46+00:00\" \/>\n<meta property=\"og:image\" content=\"https:\/\/www.internationaled.com\/wp-content\/uploads\/2015\/10\/fondo_our_students.jpg\" \/>\n\t<meta property=\"og:image:width\" content=\"1920\" \/>\n\t<meta property=\"og:image:height\" content=\"400\" \/>\n\t<meta property=\"og:image:type\" content=\"image\/jpeg\" \/>\n<meta name=\"twitter:card\" content=\"summary_large_image\" \/>\n<meta name=\"twitter:label1\" content=\"Est. reading time\" \/>\n\t<meta name=\"twitter:data1\" content=\"1 minute\" \/>\n<script type=\"application\/ld+json\" class=\"yoast-schema-graph\">{\"@context\":\"https:\\\/\\\/schema.org\",\"@graph\":[{\"@type\":\"WebPage\",\"@id\":\"https:\\\/\\\/www.internationaled.com\\\/de\\\/resources\\\/students\\\/\",\"url\":\"https:\\\/\\\/www.internationaled.com\\\/de\\\/resources\\\/students\\\/\",\"name\":\"Unsere Sch\u00fcler - Coquitlam School District 43\",\"isPartOf\":{\"@id\":\"https:\\\/\\\/www.internationaled.com\\\/ar\\\/#website\"},\"primaryImageOfPage\":{\"@id\":\"https:\\\/\\\/www.internationaled.com\\\/de\\\/resources\\\/students\\\/#primaryimage\"},\"image\":{\"@id\":\"https:\\\/\\\/www.internationaled.com\\\/de\\\/resources\\\/students\\\/#primaryimage\"},\"thumbnailUrl\":\"https:\\\/\\\/cdn.internationaled.com\\\/wp-content\\\/uploads\\\/2015\\\/10\\\/fondo_our_students.jpg\",\"datePublished\":\"2015-10-26T16:56:23+00:00\",\"dateModified\":\"2016-07-22T10:53:46+00:00\",\"breadcrumb\":{\"@id\":\"https:\\\/\\\/www.internationaled.com\\\/de\\\/resources\\\/students\\\/#breadcrumb\"},\"inLanguage\":\"de-DE\",\"potentialAction\":[{\"@type\":\"ReadAction\",\"target\":[\"https:\\\/\\\/www.internationaled.com\\\/de\\\/resources\\\/students\\\/\"]}]},{\"@type\":\"ImageObject\",\"inLanguage\":\"de-DE\",\"@id\":\"https:\\\/\\\/www.internationaled.com\\\/de\\\/resources\\\/students\\\/#primaryimage\",\"url\":\"https:\\\/\\\/cdn.internationaled.com\\\/wp-content\\\/uploads\\\/2015\\\/10\\\/fondo_our_students.jpg\",\"contentUrl\":\"https:\\\/\\\/cdn.internationaled.com\\\/wp-content\\\/uploads\\\/2015\\\/10\\\/fondo_our_students.jpg\",\"width\":1920,\"height\":400},{\"@type\":\"BreadcrumbList\",\"@id\":\"https:\\\/\\\/www.internationaled.com\\\/de\\\/resources\\\/students\\\/#breadcrumb\",\"itemListElement\":[{\"@type\":\"ListItem\",\"position\":1,\"name\":\"Home\",\"item\":\"https:\\\/\\\/www.internationaled.com\\\/de\\\/\"},{\"@type\":\"ListItem\",\"position\":2,\"name\":\"Lehrmittel und Ressourcen\",\"item\":\"https:\\\/\\\/www.internationaled.com\\\/de\\\/resources\\\/\"},{\"@type\":\"ListItem\",\"position\":3,\"name\":\"Unsere Sch\u00fcler\"}]},{\"@type\":\"WebSite\",\"@id\":\"https:\\\/\\\/www.internationaled.com\\\/ar\\\/#website\",\"url\":\"https:\\\/\\\/www.internationaled.com\\\/ar\\\/\",\"name\":\"Coquitlam School District 43\",\"description\":\"Learning for a Lifetime\",\"potentialAction\":[{\"@type\":\"SearchAction\",\"target\":{\"@type\":\"EntryPoint\",\"urlTemplate\":\"https:\\\/\\\/www.internationaled.com\\\/ar\\\/?s={search_term_string}\"},\"query-input\":{\"@type\":\"PropertyValueSpecification\",\"valueRequired\":true,\"valueName\":\"search_term_string\"}}],\"inLanguage\":\"de-DE\"}]}<\/script>\n<!-- \/ Yoast SEO plugin. -->","yoast_head_json":{"title":"Unsere Sch\u00fcler - Coquitlam School District 43","robots":{"index":"index","follow":"follow","max-snippet":"max-snippet:-1","max-image-preview":"max-image-preview:large","max-video-preview":"max-video-preview:-1"},"canonical":"https:\/\/www.internationaled.com\/de\/resources\/students\/","og_locale":"de_DE","og_type":"article","og_title":"Unsere Sch\u00fcler - Coquitlam School District 43","og_description":"Unsere Sch\u00fcler kommen aus aller Welt, um im Rahmen des International Education-Programms des Schulbezirks von Coquitlam Unterricht vom Kindergartenalter bis zur 12. Klasse zu erhalten. Hier eine kleine Auswahl der Herkunftslnder: sterreich, China, Fidschi, Deutschland, Indonesien, Japan, Korea, Mexiko, Macao, Taiwan, Thailand, Russland, Brunei, Sdafrika, Finnland, Hongkong, Rumnien, Guatemala, Singapur, Norwegen, Schweiz, Frankreich, Vietnam, Schweden, &hellip; Continue reading Unsere Sch\u00fcler &rarr;","og_url":"https:\/\/www.internationaled.com\/de\/resources\/students\/","og_site_name":"Coquitlam School District 43","article_modified_time":"2016-07-22T10:53:46+00:00","og_image":[{"width":1920,"height":400,"url":"https:\/\/www.internationaled.com\/wp-content\/uploads\/2015\/10\/fondo_our_students.jpg","type":"image\/jpeg"}],"twitter_card":"summary_large_image","twitter_misc":{"Est. reading time":"1 minute"},"schema":{"@context":"https:\/\/schema.org","@graph":[{"@type":"WebPage","@id":"https:\/\/www.internationaled.com\/de\/resources\/students\/","url":"https:\/\/www.internationaled.com\/de\/resources\/students\/","name":"Unsere Sch\u00fcler - Coquitlam School District 43","isPartOf":{"@id":"https:\/\/www.internationaled.com\/ar\/#website"},"primaryImageOfPage":{"@id":"https:\/\/www.internationaled.com\/de\/resources\/students\/#primaryimage"},"image":{"@id":"https:\/\/www.internationaled.com\/de\/resources\/students\/#primaryimage"},"thumbnailUrl":"https:\/\/cdn.internationaled.com\/wp-content\/uploads\/2015\/10\/fondo_our_students.jpg","datePublished":"2015-10-26T16:56:23+00:00","dateModified":"2016-07-22T10:53:46+00:00","breadcrumb":{"@id":"https:\/\/www.internationaled.com\/de\/resources\/students\/#breadcrumb"},"inLanguage":"de-DE","potentialAction":[{"@type":"ReadAction","target":["https:\/\/www.internationaled.com\/de\/resources\/students\/"]}]},{"@type":"ImageObject","inLanguage":"de-DE","@id":"https:\/\/www.internationaled.com\/de\/resources\/students\/#primaryimage","url":"https:\/\/cdn.internationaled.com\/wp-content\/uploads\/2015\/10\/fondo_our_students.jpg","contentUrl":"https:\/\/cdn.internationaled.com\/wp-content\/uploads\/2015\/10\/fondo_our_students.jpg","width":1920,"height":400},{"@type":"BreadcrumbList","@id":"https:\/\/www.internationaled.com\/de\/resources\/students\/#breadcrumb","itemListElement":[{"@type":"ListItem","position":1,"name":"Home","item":"https:\/\/www.internationaled.com\/de\/"},{"@type":"ListItem","position":2,"name":"Lehrmittel und Ressourcen","item":"https:\/\/www.internationaled.com\/de\/resources\/"},{"@type":"ListItem","position":3,"name":"Unsere Sch\u00fcler"}]},{"@type":"WebSite","@id":"https:\/\/www.internationaled.com\/ar\/#website","url":"https:\/\/www.internationaled.com\/ar\/","name":"Coquitlam School District 43","description":"Learning for a Lifetime","potentialAction":[{"@type":"SearchAction","target":{"@type":"EntryPoint","urlTemplate":"https:\/\/www.internationaled.com\/ar\/?s={search_term_string}"},"query-input":{"@type":"PropertyValueSpecification","valueRequired":true,"valueName":"search_term_string"}}],"inLanguage":"de-DE"}]}},"_links":{"self":[{"href":"https:\/\/www.internationaled.com\/de\/wp-json\/wp\/v2\/pages\/1018","targetHints":{"allow":["GET"]}}],"collection":[{"href":"https:\/\/www.internationaled.com\/de\/wp-json\/wp\/v2\/pages"}],"about":[{"href":"https:\/\/www.internationaled.com\/de\/wp-json\/wp\/v2\/types\/page"}],"author":[{"embeddable":true,"href":"https:\/\/www.internationaled.com\/de\/wp-json\/wp\/v2\/users\/14"}],"replies":[{"embeddable":true,"href":"https:\/\/www.internationaled.com\/de\/wp-json\/wp\/v2\/comments?post=1018"}],"version-history":[{"count":2,"href":"https:\/\/www.internationaled.com\/de\/wp-json\/wp\/v2\/pages\/1018\/revisions"}],"predecessor-version":[{"id":4699,"href":"https:\/\/www.internationaled.com\/de\/wp-json\/wp\/v2\/pages\/1018\/revisions\/4699"}],"up":[{"embeddable":true,"href":"https:\/\/www.internationaled.com\/de\/wp-json\/wp\/v2\/pages\/1014"}],"wp:featuredmedia":[{"embeddable":true,"href":"https:\/\/www.internationaled.com\/de\/wp-json\/wp\/v2\/media\/305"}],"wp:attachment":[{"href":"https:\/\/www.internationaled.com\/de\/wp-json\/wp\/v2\/media?parent=1018"}],"curies":[{"name":"wp","href":"https:\/\/api.w.org\/{rel}","templated":true}]}}