{"id":1020,"date":"2015-10-27T16:35:38","date_gmt":"2015-10-27T16:35:38","guid":{"rendered":"http:\/\/internationaled.com\/resources\/activities\/?lang=de"},"modified":"2016-07-22T11:05:36","modified_gmt":"2016-07-22T11:05:36","slug":"activities","status":"publish","type":"page","link":"https:\/\/www.internationaled.com\/de\/resources\/activities\/","title":{"rendered":"Aktivit\u00e4ten"},"content":{"rendered":"<div class=\"content\">\n<h2 class=\"green\">Freizeitteams &amp; Aktivit\u00e4ten<\/h2>\n<p>Jede Schule bietet Aktivit\u00e4ten und Clubs au\u00dferhalb des Lehrplans an, wie z.B. Schauspiel, Band, Chor, Jahrbuch, Skifahren, Schach und sportliche Aktivit\u00e4ten wie Feldhockey, Basketball, Fu\u00dfball, Wrestling, Schwimmen, Leichtathletik und viele weitere Sportarten. Viele weitere Aktivit\u00e4ten werden \u00fcber die Gemeinde angeboten. Die Sch\u00fcler werden zur Teilnahme an solchen au\u00dferschulischen Aktivit\u00e4ten ermutigt, um sich eingebunden zu f\u00fchlen und die ausgezeichnete M\u00f6glichkeit wahrzunehmen, in einem angenehmen Umfeld die Sprachkenntnisse zu verbessern. F\u00fcr Sch\u00fcler in der Region des Schulbezirks von Coquitlam stehen zahlreiche Programme f\u00fcr Sport und darstellende Kunst zur Verf\u00fcgung.<\/p>\n<p><strong> Sehen Sie sich die folgenden Links an:<\/strong><\/p>\n<ul>\n<li><a href=\"http:\/\/www.coquitlamminorhockey.org\" target=\"_blank\">www.coquitlamminorhockey.org<\/a><\/li>\n<li><a href=\"http:\/\/www.cmfsc.ca\" target=\"_blank\">www.cmfsc.ca<\/a><\/li>\n<li><a href=\"http:\/\/www.coastalsoundmusic.com\" target=\"_blank\">www.coastalsoundmusic.com<\/a><\/li>\n<\/ul>\n<\/div>\n","protected":false},"excerpt":{"rendered":"<p>Freizeitteams &amp; Aktivit\u00e4ten Jede Schule bietet Aktivit\u00e4ten und Clubs au\u00dferhalb des Lehrplans an, wie z.B. Schauspiel, Band, Chor, Jahrbuch, Skifahren, Schach und sportliche Aktivit\u00e4ten wie Feldhockey, Basketball, Fu\u00dfball, Wrestling, Schwimmen, Leichtathletik und viele weitere Sportarten. Viele weitere Aktivit\u00e4ten werden \u00fcber die Gemeinde angeboten. Die Sch\u00fcler werden zur Teilnahme an solchen au\u00dferschulischen Aktivit\u00e4ten ermutigt, um sich &hellip; <a href=\"https:\/\/www.internationaled.com\/de\/resources\/activities\/\" class=\"more-link\">Continue reading <span class=\"screen-reader-text\">Aktivit\u00e4ten<\/span> <span class=\"meta-nav\">&rarr;<\/span><\/a><\/p>\n","protected":false},"author":14,"featured_media":322,"parent":1014,"menu_order":5,"comment_status":"closed","ping_status":"closed","template":"page-standard.php","meta":{"footnotes":""},"class_list":["post-1020","page","type-page","status-publish","has-post-thumbnail","hentry"],"yoast_head":"<!-- This site is optimized with the Yoast SEO plugin v27.3 - https:\/\/yoast.com\/product\/yoast-seo-wordpress\/ -->\n<title>Aktivit\u00e4ten - Coquitlam School District 43<\/title>\n<meta name=\"robots\" content=\"index, follow, max-snippet:-1, max-image-preview:large, max-video-preview:-1\" \/>\n<link rel=\"canonical\" href=\"https:\/\/www.internationaled.com\/de\/resources\/activities\/\" \/>\n<meta property=\"og:locale\" content=\"de_DE\" \/>\n<meta property=\"og:type\" content=\"article\" \/>\n<meta property=\"og:title\" content=\"Aktivit\u00e4ten - Coquitlam School District 43\" \/>\n<meta property=\"og:description\" content=\"Freizeitteams &amp; Aktivit\u00e4ten Jede Schule bietet Aktivit\u00e4ten und Clubs au\u00dferhalb des Lehrplans an, wie z.B. Schauspiel, Band, Chor, Jahrbuch, Skifahren, Schach und sportliche Aktivit\u00e4ten wie Feldhockey, Basketball, Fu\u00dfball, Wrestling, Schwimmen, Leichtathletik und viele weitere Sportarten. Viele weitere Aktivit\u00e4ten werden \u00fcber die Gemeinde angeboten. Die Sch\u00fcler werden zur Teilnahme an solchen au\u00dferschulischen Aktivit\u00e4ten ermutigt, um sich &hellip; Continue reading Aktivit\u00e4ten &rarr;\" \/>\n<meta property=\"og:url\" content=\"https:\/\/www.internationaled.com\/de\/resources\/activities\/\" \/>\n<meta property=\"og:site_name\" content=\"Coquitlam School District 43\" \/>\n<meta property=\"article:modified_time\" content=\"2016-07-22T11:05:36+00:00\" \/>\n<meta property=\"og:image\" content=\"https:\/\/www.internationaled.com\/wp-content\/uploads\/2015\/10\/fondo_actividades.jpg\" \/>\n\t<meta property=\"og:image:width\" content=\"1920\" \/>\n\t<meta property=\"og:image:height\" content=\"400\" \/>\n\t<meta property=\"og:image:type\" content=\"image\/jpeg\" \/>\n<meta name=\"twitter:card\" content=\"summary_large_image\" \/>\n<meta name=\"twitter:label1\" content=\"Est. reading time\" \/>\n\t<meta name=\"twitter:data1\" content=\"1 minute\" \/>\n<script type=\"application\/ld+json\" class=\"yoast-schema-graph\">{\"@context\":\"https:\\\/\\\/schema.org\",\"@graph\":[{\"@type\":\"WebPage\",\"@id\":\"https:\\\/\\\/www.internationaled.com\\\/de\\\/resources\\\/activities\\\/\",\"url\":\"https:\\\/\\\/www.internationaled.com\\\/de\\\/resources\\\/activities\\\/\",\"name\":\"Aktivit\u00e4ten - Coquitlam School District 43\",\"isPartOf\":{\"@id\":\"https:\\\/\\\/www.internationaled.com\\\/ar\\\/#website\"},\"primaryImageOfPage\":{\"@id\":\"https:\\\/\\\/www.internationaled.com\\\/de\\\/resources\\\/activities\\\/#primaryimage\"},\"image\":{\"@id\":\"https:\\\/\\\/www.internationaled.com\\\/de\\\/resources\\\/activities\\\/#primaryimage\"},\"thumbnailUrl\":\"https:\\\/\\\/cdn.internationaled.com\\\/wp-content\\\/uploads\\\/2015\\\/10\\\/fondo_actividades.jpg\",\"datePublished\":\"2015-10-27T16:35:38+00:00\",\"dateModified\":\"2016-07-22T11:05:36+00:00\",\"breadcrumb\":{\"@id\":\"https:\\\/\\\/www.internationaled.com\\\/de\\\/resources\\\/activities\\\/#breadcrumb\"},\"inLanguage\":\"de-DE\",\"potentialAction\":[{\"@type\":\"ReadAction\",\"target\":[\"https:\\\/\\\/www.internationaled.com\\\/de\\\/resources\\\/activities\\\/\"]}]},{\"@type\":\"ImageObject\",\"inLanguage\":\"de-DE\",\"@id\":\"https:\\\/\\\/www.internationaled.com\\\/de\\\/resources\\\/activities\\\/#primaryimage\",\"url\":\"https:\\\/\\\/cdn.internationaled.com\\\/wp-content\\\/uploads\\\/2015\\\/10\\\/fondo_actividades.jpg\",\"contentUrl\":\"https:\\\/\\\/cdn.internationaled.com\\\/wp-content\\\/uploads\\\/2015\\\/10\\\/fondo_actividades.jpg\",\"width\":1920,\"height\":400},{\"@type\":\"BreadcrumbList\",\"@id\":\"https:\\\/\\\/www.internationaled.com\\\/de\\\/resources\\\/activities\\\/#breadcrumb\",\"itemListElement\":[{\"@type\":\"ListItem\",\"position\":1,\"name\":\"Home\",\"item\":\"https:\\\/\\\/www.internationaled.com\\\/de\\\/\"},{\"@type\":\"ListItem\",\"position\":2,\"name\":\"Lehrmittel und Ressourcen\",\"item\":\"https:\\\/\\\/www.internationaled.com\\\/de\\\/resources\\\/\"},{\"@type\":\"ListItem\",\"position\":3,\"name\":\"Aktivit\u00e4ten\"}]},{\"@type\":\"WebSite\",\"@id\":\"https:\\\/\\\/www.internationaled.com\\\/ar\\\/#website\",\"url\":\"https:\\\/\\\/www.internationaled.com\\\/ar\\\/\",\"name\":\"Coquitlam School District 43\",\"description\":\"Learning for a Lifetime\",\"potentialAction\":[{\"@type\":\"SearchAction\",\"target\":{\"@type\":\"EntryPoint\",\"urlTemplate\":\"https:\\\/\\\/www.internationaled.com\\\/ar\\\/?s={search_term_string}\"},\"query-input\":{\"@type\":\"PropertyValueSpecification\",\"valueRequired\":true,\"valueName\":\"search_term_string\"}}],\"inLanguage\":\"de-DE\"}]}<\/script>\n<!-- \/ Yoast SEO plugin. -->","yoast_head_json":{"title":"Aktivit\u00e4ten - Coquitlam School District 43","robots":{"index":"index","follow":"follow","max-snippet":"max-snippet:-1","max-image-preview":"max-image-preview:large","max-video-preview":"max-video-preview:-1"},"canonical":"https:\/\/www.internationaled.com\/de\/resources\/activities\/","og_locale":"de_DE","og_type":"article","og_title":"Aktivit\u00e4ten - Coquitlam School District 43","og_description":"Freizeitteams &amp; Aktivit\u00e4ten Jede Schule bietet Aktivit\u00e4ten und Clubs au\u00dferhalb des Lehrplans an, wie z.B. Schauspiel, Band, Chor, Jahrbuch, Skifahren, Schach und sportliche Aktivit\u00e4ten wie Feldhockey, Basketball, Fu\u00dfball, Wrestling, Schwimmen, Leichtathletik und viele weitere Sportarten. Viele weitere Aktivit\u00e4ten werden \u00fcber die Gemeinde angeboten. Die Sch\u00fcler werden zur Teilnahme an solchen au\u00dferschulischen Aktivit\u00e4ten ermutigt, um sich &hellip; Continue reading Aktivit\u00e4ten &rarr;","og_url":"https:\/\/www.internationaled.com\/de\/resources\/activities\/","og_site_name":"Coquitlam School District 43","article_modified_time":"2016-07-22T11:05:36+00:00","og_image":[{"width":1920,"height":400,"url":"https:\/\/www.internationaled.com\/wp-content\/uploads\/2015\/10\/fondo_actividades.jpg","type":"image\/jpeg"}],"twitter_card":"summary_large_image","twitter_misc":{"Est. reading time":"1 minute"},"schema":{"@context":"https:\/\/schema.org","@graph":[{"@type":"WebPage","@id":"https:\/\/www.internationaled.com\/de\/resources\/activities\/","url":"https:\/\/www.internationaled.com\/de\/resources\/activities\/","name":"Aktivit\u00e4ten - Coquitlam School District 43","isPartOf":{"@id":"https:\/\/www.internationaled.com\/ar\/#website"},"primaryImageOfPage":{"@id":"https:\/\/www.internationaled.com\/de\/resources\/activities\/#primaryimage"},"image":{"@id":"https:\/\/www.internationaled.com\/de\/resources\/activities\/#primaryimage"},"thumbnailUrl":"https:\/\/cdn.internationaled.com\/wp-content\/uploads\/2015\/10\/fondo_actividades.jpg","datePublished":"2015-10-27T16:35:38+00:00","dateModified":"2016-07-22T11:05:36+00:00","breadcrumb":{"@id":"https:\/\/www.internationaled.com\/de\/resources\/activities\/#breadcrumb"},"inLanguage":"de-DE","potentialAction":[{"@type":"ReadAction","target":["https:\/\/www.internationaled.com\/de\/resources\/activities\/"]}]},{"@type":"ImageObject","inLanguage":"de-DE","@id":"https:\/\/www.internationaled.com\/de\/resources\/activities\/#primaryimage","url":"https:\/\/cdn.internationaled.com\/wp-content\/uploads\/2015\/10\/fondo_actividades.jpg","contentUrl":"https:\/\/cdn.internationaled.com\/wp-content\/uploads\/2015\/10\/fondo_actividades.jpg","width":1920,"height":400},{"@type":"BreadcrumbList","@id":"https:\/\/www.internationaled.com\/de\/resources\/activities\/#breadcrumb","itemListElement":[{"@type":"ListItem","position":1,"name":"Home","item":"https:\/\/www.internationaled.com\/de\/"},{"@type":"ListItem","position":2,"name":"Lehrmittel und Ressourcen","item":"https:\/\/www.internationaled.com\/de\/resources\/"},{"@type":"ListItem","position":3,"name":"Aktivit\u00e4ten"}]},{"@type":"WebSite","@id":"https:\/\/www.internationaled.com\/ar\/#website","url":"https:\/\/www.internationaled.com\/ar\/","name":"Coquitlam School District 43","description":"Learning for a Lifetime","potentialAction":[{"@type":"SearchAction","target":{"@type":"EntryPoint","urlTemplate":"https:\/\/www.internationaled.com\/ar\/?s={search_term_string}"},"query-input":{"@type":"PropertyValueSpecification","valueRequired":true,"valueName":"search_term_string"}}],"inLanguage":"de-DE"}]}},"_links":{"self":[{"href":"https:\/\/www.internationaled.com\/de\/wp-json\/wp\/v2\/pages\/1020","targetHints":{"allow":["GET"]}}],"collection":[{"href":"https:\/\/www.internationaled.com\/de\/wp-json\/wp\/v2\/pages"}],"about":[{"href":"https:\/\/www.internationaled.com\/de\/wp-json\/wp\/v2\/types\/page"}],"author":[{"embeddable":true,"href":"https:\/\/www.internationaled.com\/de\/wp-json\/wp\/v2\/users\/14"}],"replies":[{"embeddable":true,"href":"https:\/\/www.internationaled.com\/de\/wp-json\/wp\/v2\/comments?post=1020"}],"version-history":[{"count":2,"href":"https:\/\/www.internationaled.com\/de\/wp-json\/wp\/v2\/pages\/1020\/revisions"}],"predecessor-version":[{"id":4700,"href":"https:\/\/www.internationaled.com\/de\/wp-json\/wp\/v2\/pages\/1020\/revisions\/4700"}],"up":[{"embeddable":true,"href":"https:\/\/www.internationaled.com\/de\/wp-json\/wp\/v2\/pages\/1014"}],"wp:featuredmedia":[{"embeddable":true,"href":"https:\/\/www.internationaled.com\/de\/wp-json\/wp\/v2\/media\/322"}],"wp:attachment":[{"href":"https:\/\/www.internationaled.com\/de\/wp-json\/wp\/v2\/media?parent=1020"}],"curies":[{"name":"wp","href":"https:\/\/api.w.org\/{rel}","templated":true}]}}