{"id":1028,"date":"2015-10-19T17:41:01","date_gmt":"2015-10-19T17:41:01","guid":{"rendered":"http:\/\/internationaled.com\/schools\/?lang=de"},"modified":"2016-07-22T10:11:55","modified_gmt":"2016-07-22T10:11:55","slug":"schools","status":"publish","type":"page","link":"https:\/\/www.internationaled.com\/de\/schools\/","title":{"rendered":"Unsere Schulen"},"content":{"rendered":"<p>Unsere Schulen &#8211; Grund- und Mittelschulen sowie Highschools &#8211; bieten den Sch\u00fclern ein modernes und sicheres Lernumfeld sowie eine willkommene Herausforderung auf ihrem Weg, ihr Wissen zu erweitern und erfahrene Weltb\u00fcrger zu werden.<\/p>\n<p>An unseren Schulen, die von der Regierung von British Columbia zugelassen sind, arbeiten ausgebildete Lehrkr\u00e4fte, die, so hei\u00dft es, zu den besten Lehrern der Welt zu geh\u00f6ren. Wir unterrichten ausschlie\u00dflich nach dem vom Ministerium f\u00fcr Bildung vorgegebenen Lehrplan. Alle 66 Schulen, von denen viele erst ein paar Jahre alt sind, verf\u00fcgen \u00fcber moderne Einrichtungen und Technik. Wenn die Muttersprache nicht Englisch ist, werden die Auslandssch\u00fcler\/Innen von Lehrern mit einer Sonderausbildung in ESL (English as a Second Language) besonders unterst\u00fctzt. Zudem wird der High School Abschluss, das sogenannte \u201eDogwood Diploma\u201c, von allen kanadischen und amerikanischen Universit\u00e4ten anerkannt.<\/p>\n","protected":false},"excerpt":{"rendered":"<p>Unsere Schulen &#8211; Grund- und Mittelschulen sowie Highschools &#8211; bieten den Sch\u00fclern ein modernes und sicheres Lernumfeld sowie eine willkommene Herausforderung auf ihrem Weg, ihr Wissen zu erweitern und erfahrene Weltb\u00fcrger zu werden. An unseren Schulen, die von der Regierung von British Columbia zugelassen sind, arbeiten ausgebildete Lehrkr\u00e4fte, die, so hei\u00dft es, zu den besten &hellip; <a href=\"https:\/\/www.internationaled.com\/de\/schools\/\" class=\"more-link\">Continue reading <span class=\"screen-reader-text\">Unsere Schulen<\/span> <span class=\"meta-nav\">&rarr;<\/span><\/a><\/p>\n","protected":false},"author":14,"featured_media":301,"parent":0,"menu_order":0,"comment_status":"closed","ping_status":"closed","template":"page-our-school.php","meta":{"footnotes":""},"class_list":["post-1028","page","type-page","status-publish","has-post-thumbnail","hentry"],"yoast_head":"<!-- This site is optimized with the Yoast SEO plugin v27.4 - https:\/\/yoast.com\/product\/yoast-seo-wordpress\/ -->\n<title>Unsere Schulen - Coquitlam School District 43<\/title>\n<meta name=\"robots\" content=\"index, follow, max-snippet:-1, max-image-preview:large, max-video-preview:-1\" \/>\n<link rel=\"canonical\" href=\"https:\/\/www.internationaled.com\/de\/schools\/\" \/>\n<meta property=\"og:locale\" content=\"de_DE\" \/>\n<meta property=\"og:type\" content=\"article\" \/>\n<meta property=\"og:title\" content=\"Unsere Schulen - Coquitlam School District 43\" \/>\n<meta property=\"og:description\" content=\"Unsere Schulen &#8211; Grund- und Mittelschulen sowie Highschools &#8211; bieten den Sch\u00fclern ein modernes und sicheres Lernumfeld sowie eine willkommene Herausforderung auf ihrem Weg, ihr Wissen zu erweitern und erfahrene Weltb\u00fcrger zu werden. An unseren Schulen, die von der Regierung von British Columbia zugelassen sind, arbeiten ausgebildete Lehrkr\u00e4fte, die, so hei\u00dft es, zu den besten &hellip; Continue reading Unsere Schulen &rarr;\" \/>\n<meta property=\"og:url\" content=\"https:\/\/www.internationaled.com\/de\/schools\/\" \/>\n<meta property=\"og:site_name\" content=\"Coquitlam School District 43\" \/>\n<meta property=\"article:modified_time\" content=\"2016-07-22T10:11:55+00:00\" \/>\n<meta property=\"og:image\" content=\"https:\/\/www.internationaled.com\/wp-content\/uploads\/2015\/10\/fondo_school.jpg\" \/>\n\t<meta property=\"og:image:width\" content=\"1920\" \/>\n\t<meta property=\"og:image:height\" content=\"400\" \/>\n\t<meta property=\"og:image:type\" content=\"image\/jpeg\" \/>\n<meta name=\"twitter:card\" content=\"summary_large_image\" \/>\n<meta name=\"twitter:label1\" content=\"Est. reading time\" \/>\n\t<meta name=\"twitter:data1\" content=\"1 minute\" \/>\n<script type=\"application\/ld+json\" class=\"yoast-schema-graph\">{\"@context\":\"https:\\\/\\\/schema.org\",\"@graph\":[{\"@type\":\"WebPage\",\"@id\":\"https:\\\/\\\/www.internationaled.com\\\/de\\\/schools\\\/\",\"url\":\"https:\\\/\\\/www.internationaled.com\\\/de\\\/schools\\\/\",\"name\":\"Unsere Schulen - Coquitlam School District 43\",\"isPartOf\":{\"@id\":\"https:\\\/\\\/www.internationaled.com\\\/ar\\\/#website\"},\"primaryImageOfPage\":{\"@id\":\"https:\\\/\\\/www.internationaled.com\\\/de\\\/schools\\\/#primaryimage\"},\"image\":{\"@id\":\"https:\\\/\\\/www.internationaled.com\\\/de\\\/schools\\\/#primaryimage\"},\"thumbnailUrl\":\"https:\\\/\\\/cdn.internationaled.com\\\/wp-content\\\/uploads\\\/2015\\\/10\\\/fondo_school.jpg\",\"datePublished\":\"2015-10-19T17:41:01+00:00\",\"dateModified\":\"2016-07-22T10:11:55+00:00\",\"breadcrumb\":{\"@id\":\"https:\\\/\\\/www.internationaled.com\\\/de\\\/schools\\\/#breadcrumb\"},\"inLanguage\":\"de-DE\",\"potentialAction\":[{\"@type\":\"ReadAction\",\"target\":[\"https:\\\/\\\/www.internationaled.com\\\/de\\\/schools\\\/\"]}]},{\"@type\":\"ImageObject\",\"inLanguage\":\"de-DE\",\"@id\":\"https:\\\/\\\/www.internationaled.com\\\/de\\\/schools\\\/#primaryimage\",\"url\":\"https:\\\/\\\/cdn.internationaled.com\\\/wp-content\\\/uploads\\\/2015\\\/10\\\/fondo_school.jpg\",\"contentUrl\":\"https:\\\/\\\/cdn.internationaled.com\\\/wp-content\\\/uploads\\\/2015\\\/10\\\/fondo_school.jpg\",\"width\":1920,\"height\":400,\"caption\":\"preparatorias en canada\"},{\"@type\":\"BreadcrumbList\",\"@id\":\"https:\\\/\\\/www.internationaled.com\\\/de\\\/schools\\\/#breadcrumb\",\"itemListElement\":[{\"@type\":\"ListItem\",\"position\":1,\"name\":\"Home\",\"item\":\"https:\\\/\\\/www.internationaled.com\\\/de\\\/\"},{\"@type\":\"ListItem\",\"position\":2,\"name\":\"Unsere Schulen\"}]},{\"@type\":\"WebSite\",\"@id\":\"https:\\\/\\\/www.internationaled.com\\\/ar\\\/#website\",\"url\":\"https:\\\/\\\/www.internationaled.com\\\/ar\\\/\",\"name\":\"Coquitlam School District 43\",\"description\":\"Learning for a Lifetime\",\"potentialAction\":[{\"@type\":\"SearchAction\",\"target\":{\"@type\":\"EntryPoint\",\"urlTemplate\":\"https:\\\/\\\/www.internationaled.com\\\/ar\\\/?s={search_term_string}\"},\"query-input\":{\"@type\":\"PropertyValueSpecification\",\"valueRequired\":true,\"valueName\":\"search_term_string\"}}],\"inLanguage\":\"de-DE\"}]}<\/script>\n<!-- \/ Yoast SEO plugin. -->","yoast_head_json":{"title":"Unsere Schulen - Coquitlam School District 43","robots":{"index":"index","follow":"follow","max-snippet":"max-snippet:-1","max-image-preview":"max-image-preview:large","max-video-preview":"max-video-preview:-1"},"canonical":"https:\/\/www.internationaled.com\/de\/schools\/","og_locale":"de_DE","og_type":"article","og_title":"Unsere Schulen - Coquitlam School District 43","og_description":"Unsere Schulen &#8211; Grund- und Mittelschulen sowie Highschools &#8211; bieten den Sch\u00fclern ein modernes und sicheres Lernumfeld sowie eine willkommene Herausforderung auf ihrem Weg, ihr Wissen zu erweitern und erfahrene Weltb\u00fcrger zu werden. An unseren Schulen, die von der Regierung von British Columbia zugelassen sind, arbeiten ausgebildete Lehrkr\u00e4fte, die, so hei\u00dft es, zu den besten &hellip; Continue reading Unsere Schulen &rarr;","og_url":"https:\/\/www.internationaled.com\/de\/schools\/","og_site_name":"Coquitlam School District 43","article_modified_time":"2016-07-22T10:11:55+00:00","og_image":[{"width":1920,"height":400,"url":"https:\/\/www.internationaled.com\/wp-content\/uploads\/2015\/10\/fondo_school.jpg","type":"image\/jpeg"}],"twitter_card":"summary_large_image","twitter_misc":{"Est. reading time":"1 minute"},"schema":{"@context":"https:\/\/schema.org","@graph":[{"@type":"WebPage","@id":"https:\/\/www.internationaled.com\/de\/schools\/","url":"https:\/\/www.internationaled.com\/de\/schools\/","name":"Unsere Schulen - Coquitlam School District 43","isPartOf":{"@id":"https:\/\/www.internationaled.com\/ar\/#website"},"primaryImageOfPage":{"@id":"https:\/\/www.internationaled.com\/de\/schools\/#primaryimage"},"image":{"@id":"https:\/\/www.internationaled.com\/de\/schools\/#primaryimage"},"thumbnailUrl":"https:\/\/cdn.internationaled.com\/wp-content\/uploads\/2015\/10\/fondo_school.jpg","datePublished":"2015-10-19T17:41:01+00:00","dateModified":"2016-07-22T10:11:55+00:00","breadcrumb":{"@id":"https:\/\/www.internationaled.com\/de\/schools\/#breadcrumb"},"inLanguage":"de-DE","potentialAction":[{"@type":"ReadAction","target":["https:\/\/www.internationaled.com\/de\/schools\/"]}]},{"@type":"ImageObject","inLanguage":"de-DE","@id":"https:\/\/www.internationaled.com\/de\/schools\/#primaryimage","url":"https:\/\/cdn.internationaled.com\/wp-content\/uploads\/2015\/10\/fondo_school.jpg","contentUrl":"https:\/\/cdn.internationaled.com\/wp-content\/uploads\/2015\/10\/fondo_school.jpg","width":1920,"height":400,"caption":"preparatorias en canada"},{"@type":"BreadcrumbList","@id":"https:\/\/www.internationaled.com\/de\/schools\/#breadcrumb","itemListElement":[{"@type":"ListItem","position":1,"name":"Home","item":"https:\/\/www.internationaled.com\/de\/"},{"@type":"ListItem","position":2,"name":"Unsere Schulen"}]},{"@type":"WebSite","@id":"https:\/\/www.internationaled.com\/ar\/#website","url":"https:\/\/www.internationaled.com\/ar\/","name":"Coquitlam School District 43","description":"Learning for a Lifetime","potentialAction":[{"@type":"SearchAction","target":{"@type":"EntryPoint","urlTemplate":"https:\/\/www.internationaled.com\/ar\/?s={search_term_string}"},"query-input":{"@type":"PropertyValueSpecification","valueRequired":true,"valueName":"search_term_string"}}],"inLanguage":"de-DE"}]}},"_links":{"self":[{"href":"https:\/\/www.internationaled.com\/de\/wp-json\/wp\/v2\/pages\/1028","targetHints":{"allow":["GET"]}}],"collection":[{"href":"https:\/\/www.internationaled.com\/de\/wp-json\/wp\/v2\/pages"}],"about":[{"href":"https:\/\/www.internationaled.com\/de\/wp-json\/wp\/v2\/types\/page"}],"author":[{"embeddable":true,"href":"https:\/\/www.internationaled.com\/de\/wp-json\/wp\/v2\/users\/14"}],"replies":[{"embeddable":true,"href":"https:\/\/www.internationaled.com\/de\/wp-json\/wp\/v2\/comments?post=1028"}],"version-history":[{"count":3,"href":"https:\/\/www.internationaled.com\/de\/wp-json\/wp\/v2\/pages\/1028\/revisions"}],"predecessor-version":[{"id":4680,"href":"https:\/\/www.internationaled.com\/de\/wp-json\/wp\/v2\/pages\/1028\/revisions\/4680"}],"wp:featuredmedia":[{"embeddable":true,"href":"https:\/\/www.internationaled.com\/de\/wp-json\/wp\/v2\/media\/301"}],"wp:attachment":[{"href":"https:\/\/www.internationaled.com\/de\/wp-json\/wp\/v2\/media?parent=1028"}],"curies":[{"name":"wp","href":"https:\/\/api.w.org\/{rel}","templated":true}]}}