{"id":957,"date":"2015-10-19T17:40:45","date_gmt":"2015-10-19T17:40:45","guid":{"rendered":"http:\/\/internationaled.com\/about\/?lang=de"},"modified":"2016-07-21T10:33:03","modified_gmt":"2016-07-21T10:33:03","slug":"wir-ueber-uns","status":"publish","type":"page","link":"https:\/\/www.internationaled.com\/de\/wir-ueber-uns\/","title":{"rendered":"Wir \u00dcber Uns"},"content":{"rendered":"<h2 class=\"green\">Schulbezirk<\/h2>\n<p>Das International Education-Programm des Schulbezirks Coquitlam bietet ausl\u00e4ndischen Sch\u00fclern die Chance, als G\u00e4ste unseres Schulbezirks ihre englischen Sprachkenntnisse zu vertiefen und gleichzeitig akademisch- oder berufsorientierte Kursen zu belegen. Sch\u00fcler aus aller Welt sammeln durch einen Auslandsaufenthalt wertvolle Erfahrungen &#8211; und zwar nicht nur, weil dies eine Verbesserung ihrer Englischkenntnisse zur Folge hat, sondern auch weil sich dadurch oft dauerhafte Freundschaften mit Besuchern aus anderen L\u00e4ndern entwickeln und die Sch\u00fcler auf ganz nat\u00fcrliche Weise die kanadische Kultur kennen lernen und in ihr aufgehen k\u00f6nnen &#8211; und dies alles in der landschaftlichen Sch\u00f6nheit unserer heimischen Provinz British Columbia. Mit dem International Education-Programm des Schulbezirks Coquitlam bem\u00fcht man sich aktiv darum, durch gemeinsame Erlebnisse und Erfahrungen Freundschaften zwischen kanadischen Sch\u00fclern und ihren ausl\u00e4ndischen G\u00e4sten zu f\u00f6rdern und zu pflegen. Das schulische Umfeld wird durch die Einbeziehung unterschiedlicher kultureller Herk\u00fcnfte bereichert und erm\u00f6glicht so ein gr\u00f6\u00dferes Verst\u00e4ndnis auf globaler Ebene.<\/p>\n<ul>\n<li><a title=\"Registration Form\" href=\"http:\/\/internationaled.com\/forms\/ApplicationEnglish.pdf\" target=\"blank\">Anmeldeformular<\/a><\/li>\n<li><a title=\"Reapplication Form\" href=\"http:\/\/internationaled.com\/forms\/Re-ApplicationForm.pdf\" target=\"blank\">Formular f\u00fcr eine Wiederbewerbung<\/a><\/li>\n<\/ul>\n<h3 class=\"blue\">Herzlich Willkommen Zum Schuljahr 2006\/2007!<\/h3>\n<p>Im Schulbezirk von Coquitlam nehmen wir Sch\u00fcler im Alter von 5 bis 18 Jahren in allen Klassenstufen auf. Wir bieten Sch\u00fclern aus aller Welt Sprachunterricht, ein vollst\u00e4ndiges schulisches Lehrprogramm und viele weitere Kurse. Unser Schulbezirk ist mit 31 000 Sch\u00fclern und 71 Schulen der drittgr\u00f6\u00dfte der Provinz.<\/p>\n<p>Unsere internationalen G\u00e4ste profitieren von einem voll durchkonzipierten Kursprogramm, das von staatlich gepr\u00fcften Lehrern in hochmodernen, mit den neuesten technischen Einrichtungen und Ger\u00e4ten ausgestatteten Schulen gelehrt wird.<\/p>\n<p>Der Schulbezirk Coquitlam liegt in der bergigen K\u00fcstenregion zwischen dem pazifischen Ozean und dem Fraser River. Zu diesem Bezirk z\u00e4hlen die gr\u00f6\u00dferen Ortschaften Coquitlam, Port Coquitlam, Port Moody und die kleineren D\u00f6rfer Anmore und Belcarra. Unsere landschaftlich reizvolle Umgebung, die bequeme Erreichbarkeit von Vancouver und Whistler, hervorragende, moderne weiterf\u00fchrende Schulen, ein umfangreiches Kursangebot mit hohem Ausbildungsniveau und nicht zuletzt die Gewissheit, hier sicher und gut aufgehoben zu sein machen unseren Bezirk zu einem beliebten und begehrten Ziel f\u00fcr ausl\u00e4ndische Gastsch\u00fcler. Die Simon Fraser-Universit\u00e4t, das Douglas College und die Universit\u00e4t von British Columbia liegen ebenfalls in unmittelbarer N\u00e4he.<\/p>\n<p>Weitere Informationen \u00fcber das International Education-Programm erhalten Sie von International Education, 1100 Winslow Avenue, Coquitlam, B.C., Kanada V3J 2G3, Telefon: 604-936-5769, Fax: 604-939-6427 oder wenden Sie sich per Email an\u00a0<a href=\"mailto:internationaled@sd43.bc.ca\">InternationalEd@SD43.bc.ca\u00a0<\/a><\/p>\n","protected":false},"excerpt":{"rendered":"<p>Schulbezirk Das International Education-Programm des Schulbezirks Coquitlam bietet ausl\u00e4ndischen Sch\u00fclern die Chance, als G\u00e4ste unseres Schulbezirks ihre englischen Sprachkenntnisse zu vertiefen und gleichzeitig akademisch- oder berufsorientierte Kursen zu belegen. Sch\u00fcler aus aller Welt sammeln durch einen Auslandsaufenthalt wertvolle Erfahrungen &#8211; und zwar nicht nur, weil dies eine Verbesserung ihrer Englischkenntnisse zur Folge hat, sondern auch &hellip; <a href=\"https:\/\/www.internationaled.com\/de\/wir-ueber-uns\/\" class=\"more-link\">Continue reading <span class=\"screen-reader-text\">Wir \u00dcber Uns<\/span> <span class=\"meta-nav\">&rarr;<\/span><\/a><\/p>\n","protected":false},"author":14,"featured_media":307,"parent":0,"menu_order":0,"comment_status":"closed","ping_status":"closed","template":"page-standard.php","meta":{"footnotes":""},"class_list":["post-957","page","type-page","status-publish","has-post-thumbnail","hentry"],"yoast_head":"<!-- This site is optimized with the Yoast SEO plugin v27.3 - https:\/\/yoast.com\/product\/yoast-seo-wordpress\/ -->\n<title>Wir \u00dcber Uns - Coquitlam School District 43<\/title>\n<meta name=\"robots\" content=\"index, follow, max-snippet:-1, max-image-preview:large, max-video-preview:-1\" \/>\n<link rel=\"canonical\" href=\"https:\/\/www.internationaled.com\/de\/wir-ueber-uns\/\" \/>\n<meta property=\"og:locale\" content=\"de_DE\" \/>\n<meta property=\"og:type\" content=\"article\" \/>\n<meta property=\"og:title\" content=\"Wir \u00dcber Uns - Coquitlam School District 43\" \/>\n<meta property=\"og:description\" content=\"Schulbezirk Das International Education-Programm des Schulbezirks Coquitlam bietet ausl\u00e4ndischen Sch\u00fclern die Chance, als G\u00e4ste unseres Schulbezirks ihre englischen Sprachkenntnisse zu vertiefen und gleichzeitig akademisch- oder berufsorientierte Kursen zu belegen. Sch\u00fcler aus aller Welt sammeln durch einen Auslandsaufenthalt wertvolle Erfahrungen &#8211; und zwar nicht nur, weil dies eine Verbesserung ihrer Englischkenntnisse zur Folge hat, sondern auch &hellip; Continue reading Wir \u00dcber Uns &rarr;\" \/>\n<meta property=\"og:url\" content=\"https:\/\/www.internationaled.com\/de\/wir-ueber-uns\/\" \/>\n<meta property=\"og:site_name\" content=\"Coquitlam School District 43\" \/>\n<meta property=\"article:modified_time\" content=\"2016-07-21T10:33:03+00:00\" \/>\n<meta property=\"og:image\" content=\"https:\/\/www.internationaled.com\/wp-content\/uploads\/2015\/10\/fondo_about_us.jpg\" \/>\n\t<meta property=\"og:image:width\" content=\"1920\" \/>\n\t<meta property=\"og:image:height\" content=\"400\" \/>\n\t<meta property=\"og:image:type\" content=\"image\/jpeg\" \/>\n<meta name=\"twitter:card\" content=\"summary_large_image\" \/>\n<meta name=\"twitter:label1\" content=\"Est. reading time\" \/>\n\t<meta name=\"twitter:data1\" content=\"2 minutes\" \/>\n<script type=\"application\/ld+json\" class=\"yoast-schema-graph\">{\"@context\":\"https:\\\/\\\/schema.org\",\"@graph\":[{\"@type\":\"WebPage\",\"@id\":\"https:\\\/\\\/www.internationaled.com\\\/de\\\/wir-ueber-uns\\\/\",\"url\":\"https:\\\/\\\/www.internationaled.com\\\/de\\\/wir-ueber-uns\\\/\",\"name\":\"Wir \u00dcber Uns - Coquitlam School District 43\",\"isPartOf\":{\"@id\":\"https:\\\/\\\/www.internationaled.com\\\/ar\\\/#website\"},\"primaryImageOfPage\":{\"@id\":\"https:\\\/\\\/www.internationaled.com\\\/de\\\/wir-ueber-uns\\\/#primaryimage\"},\"image\":{\"@id\":\"https:\\\/\\\/www.internationaled.com\\\/de\\\/wir-ueber-uns\\\/#primaryimage\"},\"thumbnailUrl\":\"https:\\\/\\\/cdn.internationaled.com\\\/wp-content\\\/uploads\\\/2015\\\/10\\\/fondo_about_us.jpg\",\"datePublished\":\"2015-10-19T17:40:45+00:00\",\"dateModified\":\"2016-07-21T10:33:03+00:00\",\"breadcrumb\":{\"@id\":\"https:\\\/\\\/www.internationaled.com\\\/de\\\/wir-ueber-uns\\\/#breadcrumb\"},\"inLanguage\":\"de-DE\",\"potentialAction\":[{\"@type\":\"ReadAction\",\"target\":[\"https:\\\/\\\/www.internationaled.com\\\/de\\\/wir-ueber-uns\\\/\"]}]},{\"@type\":\"ImageObject\",\"inLanguage\":\"de-DE\",\"@id\":\"https:\\\/\\\/www.internationaled.com\\\/de\\\/wir-ueber-uns\\\/#primaryimage\",\"url\":\"https:\\\/\\\/cdn.internationaled.com\\\/wp-content\\\/uploads\\\/2015\\\/10\\\/fondo_about_us.jpg\",\"contentUrl\":\"https:\\\/\\\/cdn.internationaled.com\\\/wp-content\\\/uploads\\\/2015\\\/10\\\/fondo_about_us.jpg\",\"width\":1920,\"height\":400},{\"@type\":\"BreadcrumbList\",\"@id\":\"https:\\\/\\\/www.internationaled.com\\\/de\\\/wir-ueber-uns\\\/#breadcrumb\",\"itemListElement\":[{\"@type\":\"ListItem\",\"position\":1,\"name\":\"Home\",\"item\":\"https:\\\/\\\/www.internationaled.com\\\/de\\\/\"},{\"@type\":\"ListItem\",\"position\":2,\"name\":\"Wir \u00dcber Uns\"}]},{\"@type\":\"WebSite\",\"@id\":\"https:\\\/\\\/www.internationaled.com\\\/ar\\\/#website\",\"url\":\"https:\\\/\\\/www.internationaled.com\\\/ar\\\/\",\"name\":\"Coquitlam School District 43\",\"description\":\"Learning for a Lifetime\",\"potentialAction\":[{\"@type\":\"SearchAction\",\"target\":{\"@type\":\"EntryPoint\",\"urlTemplate\":\"https:\\\/\\\/www.internationaled.com\\\/ar\\\/?s={search_term_string}\"},\"query-input\":{\"@type\":\"PropertyValueSpecification\",\"valueRequired\":true,\"valueName\":\"search_term_string\"}}],\"inLanguage\":\"de-DE\"}]}<\/script>\n<!-- \/ Yoast SEO plugin. -->","yoast_head_json":{"title":"Wir \u00dcber Uns - Coquitlam School District 43","robots":{"index":"index","follow":"follow","max-snippet":"max-snippet:-1","max-image-preview":"max-image-preview:large","max-video-preview":"max-video-preview:-1"},"canonical":"https:\/\/www.internationaled.com\/de\/wir-ueber-uns\/","og_locale":"de_DE","og_type":"article","og_title":"Wir \u00dcber Uns - Coquitlam School District 43","og_description":"Schulbezirk Das International Education-Programm des Schulbezirks Coquitlam bietet ausl\u00e4ndischen Sch\u00fclern die Chance, als G\u00e4ste unseres Schulbezirks ihre englischen Sprachkenntnisse zu vertiefen und gleichzeitig akademisch- oder berufsorientierte Kursen zu belegen. Sch\u00fcler aus aller Welt sammeln durch einen Auslandsaufenthalt wertvolle Erfahrungen &#8211; und zwar nicht nur, weil dies eine Verbesserung ihrer Englischkenntnisse zur Folge hat, sondern auch &hellip; Continue reading Wir \u00dcber Uns &rarr;","og_url":"https:\/\/www.internationaled.com\/de\/wir-ueber-uns\/","og_site_name":"Coquitlam School District 43","article_modified_time":"2016-07-21T10:33:03+00:00","og_image":[{"width":1920,"height":400,"url":"https:\/\/www.internationaled.com\/wp-content\/uploads\/2015\/10\/fondo_about_us.jpg","type":"image\/jpeg"}],"twitter_card":"summary_large_image","twitter_misc":{"Est. reading time":"2 minutes"},"schema":{"@context":"https:\/\/schema.org","@graph":[{"@type":"WebPage","@id":"https:\/\/www.internationaled.com\/de\/wir-ueber-uns\/","url":"https:\/\/www.internationaled.com\/de\/wir-ueber-uns\/","name":"Wir \u00dcber Uns - Coquitlam School District 43","isPartOf":{"@id":"https:\/\/www.internationaled.com\/ar\/#website"},"primaryImageOfPage":{"@id":"https:\/\/www.internationaled.com\/de\/wir-ueber-uns\/#primaryimage"},"image":{"@id":"https:\/\/www.internationaled.com\/de\/wir-ueber-uns\/#primaryimage"},"thumbnailUrl":"https:\/\/cdn.internationaled.com\/wp-content\/uploads\/2015\/10\/fondo_about_us.jpg","datePublished":"2015-10-19T17:40:45+00:00","dateModified":"2016-07-21T10:33:03+00:00","breadcrumb":{"@id":"https:\/\/www.internationaled.com\/de\/wir-ueber-uns\/#breadcrumb"},"inLanguage":"de-DE","potentialAction":[{"@type":"ReadAction","target":["https:\/\/www.internationaled.com\/de\/wir-ueber-uns\/"]}]},{"@type":"ImageObject","inLanguage":"de-DE","@id":"https:\/\/www.internationaled.com\/de\/wir-ueber-uns\/#primaryimage","url":"https:\/\/cdn.internationaled.com\/wp-content\/uploads\/2015\/10\/fondo_about_us.jpg","contentUrl":"https:\/\/cdn.internationaled.com\/wp-content\/uploads\/2015\/10\/fondo_about_us.jpg","width":1920,"height":400},{"@type":"BreadcrumbList","@id":"https:\/\/www.internationaled.com\/de\/wir-ueber-uns\/#breadcrumb","itemListElement":[{"@type":"ListItem","position":1,"name":"Home","item":"https:\/\/www.internationaled.com\/de\/"},{"@type":"ListItem","position":2,"name":"Wir \u00dcber Uns"}]},{"@type":"WebSite","@id":"https:\/\/www.internationaled.com\/ar\/#website","url":"https:\/\/www.internationaled.com\/ar\/","name":"Coquitlam School District 43","description":"Learning for a Lifetime","potentialAction":[{"@type":"SearchAction","target":{"@type":"EntryPoint","urlTemplate":"https:\/\/www.internationaled.com\/ar\/?s={search_term_string}"},"query-input":{"@type":"PropertyValueSpecification","valueRequired":true,"valueName":"search_term_string"}}],"inLanguage":"de-DE"}]}},"_links":{"self":[{"href":"https:\/\/www.internationaled.com\/de\/wp-json\/wp\/v2\/pages\/957","targetHints":{"allow":["GET"]}}],"collection":[{"href":"https:\/\/www.internationaled.com\/de\/wp-json\/wp\/v2\/pages"}],"about":[{"href":"https:\/\/www.internationaled.com\/de\/wp-json\/wp\/v2\/types\/page"}],"author":[{"embeddable":true,"href":"https:\/\/www.internationaled.com\/de\/wp-json\/wp\/v2\/users\/14"}],"replies":[{"embeddable":true,"href":"https:\/\/www.internationaled.com\/de\/wp-json\/wp\/v2\/comments?post=957"}],"version-history":[{"count":4,"href":"https:\/\/www.internationaled.com\/de\/wp-json\/wp\/v2\/pages\/957\/revisions"}],"predecessor-version":[{"id":1187,"href":"https:\/\/www.internationaled.com\/de\/wp-json\/wp\/v2\/pages\/957\/revisions\/1187"}],"wp:featuredmedia":[{"embeddable":true,"href":"https:\/\/www.internationaled.com\/de\/wp-json\/wp\/v2\/media\/307"}],"wp:attachment":[{"href":"https:\/\/www.internationaled.com\/de\/wp-json\/wp\/v2\/media?parent=957"}],"curies":[{"name":"wp","href":"https:\/\/api.w.org\/{rel}","templated":true}]}}