{"id":973,"date":"2015-10-27T15:58:43","date_gmt":"2015-10-27T15:58:43","guid":{"rendered":"http:\/\/internationaled.com\/about\/why-study-in-coquitlam\/?lang=de"},"modified":"2016-07-21T10:41:35","modified_gmt":"2016-07-21T10:41:35","slug":"warum-in-coquitlam","status":"publish","type":"page","link":"https:\/\/www.internationaled.com\/de\/wir-ueber-uns\/warum-in-coquitlam\/","title":{"rendered":"Warum in Coquitlam?"},"content":{"rendered":"<p>1. Geh\u00f6rt laut B.C. Ministerium f\u00fcr Bildung fortw\u00e4hrend zu den besten Schulbezirken in British Columbia<\/p>\n<p>2. Neue High-Tech Schulen mit modernen Einrichtungen, globaler Konnektivit\u00e4t und innovativem Kursangebot<\/p>\n<p>3. Sicheres, gutsituiertes Umfeld<\/p>\n<p>4. Herrlich zwischen dem Pazifik und dem Fraser River in nat\u00fcrlicher Umgebung und ganz in der N\u00e4he von Vancouver und Whistler gelegen<\/p>\n<p>5. Seit mehr als 55 Jahren traditionsm\u00e4\u00dfig hohe akademische Leistungsorientierung und Stipendienvergabe<\/p>\n<p>6. Gr\u00f6\u00dftes Auslandssch\u00fclerprogramm in ganz Kanada<\/p>\n<p>7. Mit 30.000 Sch\u00fclern in 66 Schulen der drittgr\u00f6\u00dfte Schulbezirk in British Columbia<\/p>\n<p>8. Acht Sekundarschulen: Dr. Charles Best, Gleneagle, Port Moody, Riverside, Terry Fox, Centennial, Heritage Woods und Pinetree.<\/p>\n<p>9. Breites Angebot an akademischen und berufsbildenden Zweigen sowie Englisch als Fremdsprache f\u00fcr Sch\u00fcler\/ innen aller Altersstufen: Kindergarten bis 5. Klasse (Elementarstufe), 6. bis 8. Klasse (Mittelstufe) und 9. bis 12. Klasse (Sekundarstufe)<\/p>\n<p>10. Hohe akademische Leistungsorientierung und Stipendienvergabe<\/p>\n<p>11. Auslandssch\u00fcler\/innen werden von besonders ausgebildetem Lehrpersonal im Fach Englisch als Fremdsprache (ESL) begleitet<\/p>\n<p>12. High School-Abschluss wird von allen kanadischen und amerikanischen Universit\u00e4ten anerkannt<\/p>\n<p>13. Nahe der Simon Fraser University, dem Douglas College und der University of British Columbia gelegen<\/p>\n<p>14. Ausgezeichnete Gastfamilien sowie Sport-und Freizeitm\u00f6glichkeiten<\/p>\n","protected":false},"excerpt":{"rendered":"<p>1. Geh\u00f6rt laut B.C. Ministerium f\u00fcr Bildung fortw\u00e4hrend zu den besten Schulbezirken in British Columbia 2. Neue High-Tech Schulen mit modernen Einrichtungen, globaler Konnektivit\u00e4t und innovativem Kursangebot 3. Sicheres, gutsituiertes Umfeld 4. Herrlich zwischen dem Pazifik und dem Fraser River in nat\u00fcrlicher Umgebung und ganz in der N\u00e4he von Vancouver und Whistler gelegen 5. Seit &hellip; <a href=\"https:\/\/www.internationaled.com\/de\/wir-ueber-uns\/warum-in-coquitlam\/\" class=\"more-link\">Continue reading <span class=\"screen-reader-text\">Warum in Coquitlam?<\/span> <span class=\"meta-nav\">&rarr;<\/span><\/a><\/p>\n","protected":false},"author":14,"featured_media":321,"parent":957,"menu_order":1,"comment_status":"closed","ping_status":"closed","template":"page-standard.php","meta":{"footnotes":""},"class_list":["post-973","page","type-page","status-publish","has-post-thumbnail","hentry"],"yoast_head":"<!-- This site is optimized with the Yoast SEO plugin v27.4 - https:\/\/yoast.com\/product\/yoast-seo-wordpress\/ -->\n<title>Warum in Coquitlam? - Coquitlam School District 43<\/title>\n<meta name=\"robots\" content=\"index, follow, max-snippet:-1, max-image-preview:large, max-video-preview:-1\" \/>\n<link rel=\"canonical\" href=\"https:\/\/www.internationaled.com\/de\/wir-ueber-uns\/warum-in-coquitlam\/\" \/>\n<meta property=\"og:locale\" content=\"de_DE\" \/>\n<meta property=\"og:type\" content=\"article\" \/>\n<meta property=\"og:title\" content=\"Warum in Coquitlam? - Coquitlam School District 43\" \/>\n<meta property=\"og:description\" content=\"1. Geh\u00f6rt laut B.C. Ministerium f\u00fcr Bildung fortw\u00e4hrend zu den besten Schulbezirken in British Columbia 2. Neue High-Tech Schulen mit modernen Einrichtungen, globaler Konnektivit\u00e4t und innovativem Kursangebot 3. Sicheres, gutsituiertes Umfeld 4. Herrlich zwischen dem Pazifik und dem Fraser River in nat\u00fcrlicher Umgebung und ganz in der N\u00e4he von Vancouver und Whistler gelegen 5. Seit &hellip; Continue reading Warum in Coquitlam? &rarr;\" \/>\n<meta property=\"og:url\" content=\"https:\/\/www.internationaled.com\/de\/wir-ueber-uns\/warum-in-coquitlam\/\" \/>\n<meta property=\"og:site_name\" content=\"Coquitlam School District 43\" \/>\n<meta property=\"article:modified_time\" content=\"2016-07-21T10:41:35+00:00\" \/>\n<meta property=\"og:image\" content=\"https:\/\/www.internationaled.com\/wp-content\/uploads\/2015\/10\/fondo_why.jpg\" \/>\n\t<meta property=\"og:image:width\" content=\"1920\" \/>\n\t<meta property=\"og:image:height\" content=\"400\" \/>\n\t<meta property=\"og:image:type\" content=\"image\/jpeg\" \/>\n<meta name=\"twitter:card\" content=\"summary_large_image\" \/>\n<meta name=\"twitter:label1\" content=\"Est. reading time\" \/>\n\t<meta name=\"twitter:data1\" content=\"1 minute\" \/>\n<script type=\"application\/ld+json\" class=\"yoast-schema-graph\">{\"@context\":\"https:\\\/\\\/schema.org\",\"@graph\":[{\"@type\":\"WebPage\",\"@id\":\"https:\\\/\\\/www.internationaled.com\\\/de\\\/wir-ueber-uns\\\/warum-in-coquitlam\\\/\",\"url\":\"https:\\\/\\\/www.internationaled.com\\\/de\\\/wir-ueber-uns\\\/warum-in-coquitlam\\\/\",\"name\":\"Warum in Coquitlam? - Coquitlam School District 43\",\"isPartOf\":{\"@id\":\"https:\\\/\\\/www.internationaled.com\\\/ar\\\/#website\"},\"primaryImageOfPage\":{\"@id\":\"https:\\\/\\\/www.internationaled.com\\\/de\\\/wir-ueber-uns\\\/warum-in-coquitlam\\\/#primaryimage\"},\"image\":{\"@id\":\"https:\\\/\\\/www.internationaled.com\\\/de\\\/wir-ueber-uns\\\/warum-in-coquitlam\\\/#primaryimage\"},\"thumbnailUrl\":\"https:\\\/\\\/cdn.internationaled.com\\\/wp-content\\\/uploads\\\/2015\\\/10\\\/fondo_why.jpg\",\"datePublished\":\"2015-10-27T15:58:43+00:00\",\"dateModified\":\"2016-07-21T10:41:35+00:00\",\"breadcrumb\":{\"@id\":\"https:\\\/\\\/www.internationaled.com\\\/de\\\/wir-ueber-uns\\\/warum-in-coquitlam\\\/#breadcrumb\"},\"inLanguage\":\"de-DE\",\"potentialAction\":[{\"@type\":\"ReadAction\",\"target\":[\"https:\\\/\\\/www.internationaled.com\\\/de\\\/wir-ueber-uns\\\/warum-in-coquitlam\\\/\"]}]},{\"@type\":\"ImageObject\",\"inLanguage\":\"de-DE\",\"@id\":\"https:\\\/\\\/www.internationaled.com\\\/de\\\/wir-ueber-uns\\\/warum-in-coquitlam\\\/#primaryimage\",\"url\":\"https:\\\/\\\/cdn.internationaled.com\\\/wp-content\\\/uploads\\\/2015\\\/10\\\/fondo_why.jpg\",\"contentUrl\":\"https:\\\/\\\/cdn.internationaled.com\\\/wp-content\\\/uploads\\\/2015\\\/10\\\/fondo_why.jpg\",\"width\":1920,\"height\":400},{\"@type\":\"BreadcrumbList\",\"@id\":\"https:\\\/\\\/www.internationaled.com\\\/de\\\/wir-ueber-uns\\\/warum-in-coquitlam\\\/#breadcrumb\",\"itemListElement\":[{\"@type\":\"ListItem\",\"position\":1,\"name\":\"Home\",\"item\":\"https:\\\/\\\/www.internationaled.com\\\/de\\\/\"},{\"@type\":\"ListItem\",\"position\":2,\"name\":\"Wir \u00dcber Uns\",\"item\":\"https:\\\/\\\/www.internationaled.com\\\/de\\\/wir-ueber-uns\\\/\"},{\"@type\":\"ListItem\",\"position\":3,\"name\":\"Warum in Coquitlam?\"}]},{\"@type\":\"WebSite\",\"@id\":\"https:\\\/\\\/www.internationaled.com\\\/ar\\\/#website\",\"url\":\"https:\\\/\\\/www.internationaled.com\\\/ar\\\/\",\"name\":\"Coquitlam School District 43\",\"description\":\"Learning for a Lifetime\",\"potentialAction\":[{\"@type\":\"SearchAction\",\"target\":{\"@type\":\"EntryPoint\",\"urlTemplate\":\"https:\\\/\\\/www.internationaled.com\\\/ar\\\/?s={search_term_string}\"},\"query-input\":{\"@type\":\"PropertyValueSpecification\",\"valueRequired\":true,\"valueName\":\"search_term_string\"}}],\"inLanguage\":\"de-DE\"}]}<\/script>\n<!-- \/ Yoast SEO plugin. -->","yoast_head_json":{"title":"Warum in Coquitlam? - Coquitlam School District 43","robots":{"index":"index","follow":"follow","max-snippet":"max-snippet:-1","max-image-preview":"max-image-preview:large","max-video-preview":"max-video-preview:-1"},"canonical":"https:\/\/www.internationaled.com\/de\/wir-ueber-uns\/warum-in-coquitlam\/","og_locale":"de_DE","og_type":"article","og_title":"Warum in Coquitlam? - Coquitlam School District 43","og_description":"1. Geh\u00f6rt laut B.C. Ministerium f\u00fcr Bildung fortw\u00e4hrend zu den besten Schulbezirken in British Columbia 2. Neue High-Tech Schulen mit modernen Einrichtungen, globaler Konnektivit\u00e4t und innovativem Kursangebot 3. Sicheres, gutsituiertes Umfeld 4. Herrlich zwischen dem Pazifik und dem Fraser River in nat\u00fcrlicher Umgebung und ganz in der N\u00e4he von Vancouver und Whistler gelegen 5. Seit &hellip; Continue reading Warum in Coquitlam? &rarr;","og_url":"https:\/\/www.internationaled.com\/de\/wir-ueber-uns\/warum-in-coquitlam\/","og_site_name":"Coquitlam School District 43","article_modified_time":"2016-07-21T10:41:35+00:00","og_image":[{"width":1920,"height":400,"url":"https:\/\/www.internationaled.com\/wp-content\/uploads\/2015\/10\/fondo_why.jpg","type":"image\/jpeg"}],"twitter_card":"summary_large_image","twitter_misc":{"Est. reading time":"1 minute"},"schema":{"@context":"https:\/\/schema.org","@graph":[{"@type":"WebPage","@id":"https:\/\/www.internationaled.com\/de\/wir-ueber-uns\/warum-in-coquitlam\/","url":"https:\/\/www.internationaled.com\/de\/wir-ueber-uns\/warum-in-coquitlam\/","name":"Warum in Coquitlam? - Coquitlam School District 43","isPartOf":{"@id":"https:\/\/www.internationaled.com\/ar\/#website"},"primaryImageOfPage":{"@id":"https:\/\/www.internationaled.com\/de\/wir-ueber-uns\/warum-in-coquitlam\/#primaryimage"},"image":{"@id":"https:\/\/www.internationaled.com\/de\/wir-ueber-uns\/warum-in-coquitlam\/#primaryimage"},"thumbnailUrl":"https:\/\/cdn.internationaled.com\/wp-content\/uploads\/2015\/10\/fondo_why.jpg","datePublished":"2015-10-27T15:58:43+00:00","dateModified":"2016-07-21T10:41:35+00:00","breadcrumb":{"@id":"https:\/\/www.internationaled.com\/de\/wir-ueber-uns\/warum-in-coquitlam\/#breadcrumb"},"inLanguage":"de-DE","potentialAction":[{"@type":"ReadAction","target":["https:\/\/www.internationaled.com\/de\/wir-ueber-uns\/warum-in-coquitlam\/"]}]},{"@type":"ImageObject","inLanguage":"de-DE","@id":"https:\/\/www.internationaled.com\/de\/wir-ueber-uns\/warum-in-coquitlam\/#primaryimage","url":"https:\/\/cdn.internationaled.com\/wp-content\/uploads\/2015\/10\/fondo_why.jpg","contentUrl":"https:\/\/cdn.internationaled.com\/wp-content\/uploads\/2015\/10\/fondo_why.jpg","width":1920,"height":400},{"@type":"BreadcrumbList","@id":"https:\/\/www.internationaled.com\/de\/wir-ueber-uns\/warum-in-coquitlam\/#breadcrumb","itemListElement":[{"@type":"ListItem","position":1,"name":"Home","item":"https:\/\/www.internationaled.com\/de\/"},{"@type":"ListItem","position":2,"name":"Wir \u00dcber Uns","item":"https:\/\/www.internationaled.com\/de\/wir-ueber-uns\/"},{"@type":"ListItem","position":3,"name":"Warum in Coquitlam?"}]},{"@type":"WebSite","@id":"https:\/\/www.internationaled.com\/ar\/#website","url":"https:\/\/www.internationaled.com\/ar\/","name":"Coquitlam School District 43","description":"Learning for a Lifetime","potentialAction":[{"@type":"SearchAction","target":{"@type":"EntryPoint","urlTemplate":"https:\/\/www.internationaled.com\/ar\/?s={search_term_string}"},"query-input":{"@type":"PropertyValueSpecification","valueRequired":true,"valueName":"search_term_string"}}],"inLanguage":"de-DE"}]}},"_links":{"self":[{"href":"https:\/\/www.internationaled.com\/de\/wp-json\/wp\/v2\/pages\/973","targetHints":{"allow":["GET"]}}],"collection":[{"href":"https:\/\/www.internationaled.com\/de\/wp-json\/wp\/v2\/pages"}],"about":[{"href":"https:\/\/www.internationaled.com\/de\/wp-json\/wp\/v2\/types\/page"}],"author":[{"embeddable":true,"href":"https:\/\/www.internationaled.com\/de\/wp-json\/wp\/v2\/users\/14"}],"replies":[{"embeddable":true,"href":"https:\/\/www.internationaled.com\/de\/wp-json\/wp\/v2\/comments?post=973"}],"version-history":[{"count":3,"href":"https:\/\/www.internationaled.com\/de\/wp-json\/wp\/v2\/pages\/973\/revisions"}],"predecessor-version":[{"id":1186,"href":"https:\/\/www.internationaled.com\/de\/wp-json\/wp\/v2\/pages\/973\/revisions\/1186"}],"up":[{"embeddable":true,"href":"https:\/\/www.internationaled.com\/de\/wp-json\/wp\/v2\/pages\/957"}],"wp:featuredmedia":[{"embeddable":true,"href":"https:\/\/www.internationaled.com\/de\/wp-json\/wp\/v2\/media\/321"}],"wp:attachment":[{"href":"https:\/\/www.internationaled.com\/de\/wp-json\/wp\/v2\/media?parent=973"}],"curies":[{"name":"wp","href":"https:\/\/api.w.org\/{rel}","templated":true}]}}