{"id":975,"date":"2015-10-21T09:22:36","date_gmt":"2015-10-21T09:22:36","guid":{"rendered":"http:\/\/internationaled.com\/about\/staff\/?lang=de"},"modified":"2024-12-02T17:27:58","modified_gmt":"2024-12-02T17:27:58","slug":"unser-personal","status":"publish","type":"page","link":"https:\/\/www.internationaled.com\/de\/wir-ueber-uns\/unser-personal\/","title":{"rendered":"Unser Personal"},"content":{"rendered":"<p>Unsere Zulassungsabteilung und das Personal des International Education-Programms verf\u00fcgen gemeinsam \u00fcber eine mehr als 30-j\u00e4hrige Fachkompetenz, sich um die Belange ausl\u00e4ndischer Sch\u00fcler zu k\u00fcmmern. Unsere professionelle Leitung und das erfahrene Lehr- und Hilfspersonal engagieren sich f\u00fcr einen Erfolg all unserer Sch\u00fcler.<\/p>\n","protected":false},"excerpt":{"rendered":"<p>Unsere Zulassungsabteilung und das Personal des International Education-Programms verf\u00fcgen gemeinsam \u00fcber eine mehr als 30-j\u00e4hrige Fachkompetenz, sich um die Belange ausl\u00e4ndischer Sch\u00fcler zu k\u00fcmmern. Unsere professionelle Leitung und das erfahrene Lehr- und Hilfspersonal engagieren sich f\u00fcr einen Erfolg all unserer Sch\u00fcler.<\/p>\n","protected":false},"author":14,"featured_media":302,"parent":957,"menu_order":3,"comment_status":"closed","ping_status":"closed","template":"page-people.php","meta":{"footnotes":""},"class_list":["post-975","page","type-page","status-publish","has-post-thumbnail","hentry"],"yoast_head":"<!-- This site is optimized with the Yoast SEO plugin v27.3 - https:\/\/yoast.com\/product\/yoast-seo-wordpress\/ -->\n<title>Unser Personal - Coquitlam School District 43<\/title>\n<meta name=\"robots\" content=\"index, follow, max-snippet:-1, max-image-preview:large, max-video-preview:-1\" \/>\n<link rel=\"canonical\" href=\"https:\/\/www.internationaled.com\/de\/wir-ueber-uns\/unser-personal\/\" \/>\n<meta property=\"og:locale\" content=\"de_DE\" \/>\n<meta property=\"og:type\" content=\"article\" \/>\n<meta property=\"og:title\" content=\"Unser Personal - Coquitlam School District 43\" \/>\n<meta property=\"og:description\" content=\"Unsere Zulassungsabteilung und das Personal des International Education-Programms verf\u00fcgen gemeinsam \u00fcber eine mehr als 30-j\u00e4hrige Fachkompetenz, sich um die Belange ausl\u00e4ndischer Sch\u00fcler zu k\u00fcmmern. Unsere professionelle Leitung und das erfahrene Lehr- und Hilfspersonal engagieren sich f\u00fcr einen Erfolg all unserer Sch\u00fcler.\" \/>\n<meta property=\"og:url\" content=\"https:\/\/www.internationaled.com\/de\/wir-ueber-uns\/unser-personal\/\" \/>\n<meta property=\"og:site_name\" content=\"Coquitlam School District 43\" \/>\n<meta property=\"article:modified_time\" content=\"2024-12-02T17:27:58+00:00\" \/>\n<meta property=\"og:image\" content=\"https:\/\/www.internationaled.com\/wp-content\/uploads\/2015\/10\/fondo_staff.jpg\" \/>\n\t<meta property=\"og:image:width\" content=\"1920\" \/>\n\t<meta property=\"og:image:height\" content=\"400\" \/>\n\t<meta property=\"og:image:type\" content=\"image\/jpeg\" \/>\n<meta name=\"twitter:card\" content=\"summary_large_image\" \/>\n<meta name=\"twitter:label1\" content=\"Est. reading time\" \/>\n\t<meta name=\"twitter:data1\" content=\"1 minute\" \/>\n<script type=\"application\/ld+json\" class=\"yoast-schema-graph\">{\"@context\":\"https:\\\/\\\/schema.org\",\"@graph\":[{\"@type\":\"WebPage\",\"@id\":\"https:\\\/\\\/www.internationaled.com\\\/de\\\/wir-ueber-uns\\\/unser-personal\\\/\",\"url\":\"https:\\\/\\\/www.internationaled.com\\\/de\\\/wir-ueber-uns\\\/unser-personal\\\/\",\"name\":\"Unser Personal - Coquitlam School District 43\",\"isPartOf\":{\"@id\":\"https:\\\/\\\/www.internationaled.com\\\/ar\\\/#website\"},\"primaryImageOfPage\":{\"@id\":\"https:\\\/\\\/www.internationaled.com\\\/de\\\/wir-ueber-uns\\\/unser-personal\\\/#primaryimage\"},\"image\":{\"@id\":\"https:\\\/\\\/www.internationaled.com\\\/de\\\/wir-ueber-uns\\\/unser-personal\\\/#primaryimage\"},\"thumbnailUrl\":\"https:\\\/\\\/cdn.internationaled.com\\\/wp-content\\\/uploads\\\/2015\\\/10\\\/fondo_staff.jpg\",\"datePublished\":\"2015-10-21T09:22:36+00:00\",\"dateModified\":\"2024-12-02T17:27:58+00:00\",\"breadcrumb\":{\"@id\":\"https:\\\/\\\/www.internationaled.com\\\/de\\\/wir-ueber-uns\\\/unser-personal\\\/#breadcrumb\"},\"inLanguage\":\"de-DE\",\"potentialAction\":[{\"@type\":\"ReadAction\",\"target\":[\"https:\\\/\\\/www.internationaled.com\\\/de\\\/wir-ueber-uns\\\/unser-personal\\\/\"]}]},{\"@type\":\"ImageObject\",\"inLanguage\":\"de-DE\",\"@id\":\"https:\\\/\\\/www.internationaled.com\\\/de\\\/wir-ueber-uns\\\/unser-personal\\\/#primaryimage\",\"url\":\"https:\\\/\\\/cdn.internationaled.com\\\/wp-content\\\/uploads\\\/2015\\\/10\\\/fondo_staff.jpg\",\"contentUrl\":\"https:\\\/\\\/cdn.internationaled.com\\\/wp-content\\\/uploads\\\/2015\\\/10\\\/fondo_staff.jpg\",\"width\":1920,\"height\":400},{\"@type\":\"BreadcrumbList\",\"@id\":\"https:\\\/\\\/www.internationaled.com\\\/de\\\/wir-ueber-uns\\\/unser-personal\\\/#breadcrumb\",\"itemListElement\":[{\"@type\":\"ListItem\",\"position\":1,\"name\":\"Home\",\"item\":\"https:\\\/\\\/www.internationaled.com\\\/de\\\/\"},{\"@type\":\"ListItem\",\"position\":2,\"name\":\"Wir \u00dcber Uns\",\"item\":\"https:\\\/\\\/www.internationaled.com\\\/de\\\/wir-ueber-uns\\\/\"},{\"@type\":\"ListItem\",\"position\":3,\"name\":\"Unser Personal\"}]},{\"@type\":\"WebSite\",\"@id\":\"https:\\\/\\\/www.internationaled.com\\\/ar\\\/#website\",\"url\":\"https:\\\/\\\/www.internationaled.com\\\/ar\\\/\",\"name\":\"Coquitlam School District 43\",\"description\":\"Learning for a Lifetime\",\"potentialAction\":[{\"@type\":\"SearchAction\",\"target\":{\"@type\":\"EntryPoint\",\"urlTemplate\":\"https:\\\/\\\/www.internationaled.com\\\/ar\\\/?s={search_term_string}\"},\"query-input\":{\"@type\":\"PropertyValueSpecification\",\"valueRequired\":true,\"valueName\":\"search_term_string\"}}],\"inLanguage\":\"de-DE\"}]}<\/script>\n<!-- \/ Yoast SEO plugin. -->","yoast_head_json":{"title":"Unser Personal - Coquitlam School District 43","robots":{"index":"index","follow":"follow","max-snippet":"max-snippet:-1","max-image-preview":"max-image-preview:large","max-video-preview":"max-video-preview:-1"},"canonical":"https:\/\/www.internationaled.com\/de\/wir-ueber-uns\/unser-personal\/","og_locale":"de_DE","og_type":"article","og_title":"Unser Personal - Coquitlam School District 43","og_description":"Unsere Zulassungsabteilung und das Personal des International Education-Programms verf\u00fcgen gemeinsam \u00fcber eine mehr als 30-j\u00e4hrige Fachkompetenz, sich um die Belange ausl\u00e4ndischer Sch\u00fcler zu k\u00fcmmern. Unsere professionelle Leitung und das erfahrene Lehr- und Hilfspersonal engagieren sich f\u00fcr einen Erfolg all unserer Sch\u00fcler.","og_url":"https:\/\/www.internationaled.com\/de\/wir-ueber-uns\/unser-personal\/","og_site_name":"Coquitlam School District 43","article_modified_time":"2024-12-02T17:27:58+00:00","og_image":[{"width":1920,"height":400,"url":"https:\/\/www.internationaled.com\/wp-content\/uploads\/2015\/10\/fondo_staff.jpg","type":"image\/jpeg"}],"twitter_card":"summary_large_image","twitter_misc":{"Est. reading time":"1 minute"},"schema":{"@context":"https:\/\/schema.org","@graph":[{"@type":"WebPage","@id":"https:\/\/www.internationaled.com\/de\/wir-ueber-uns\/unser-personal\/","url":"https:\/\/www.internationaled.com\/de\/wir-ueber-uns\/unser-personal\/","name":"Unser Personal - Coquitlam School District 43","isPartOf":{"@id":"https:\/\/www.internationaled.com\/ar\/#website"},"primaryImageOfPage":{"@id":"https:\/\/www.internationaled.com\/de\/wir-ueber-uns\/unser-personal\/#primaryimage"},"image":{"@id":"https:\/\/www.internationaled.com\/de\/wir-ueber-uns\/unser-personal\/#primaryimage"},"thumbnailUrl":"https:\/\/cdn.internationaled.com\/wp-content\/uploads\/2015\/10\/fondo_staff.jpg","datePublished":"2015-10-21T09:22:36+00:00","dateModified":"2024-12-02T17:27:58+00:00","breadcrumb":{"@id":"https:\/\/www.internationaled.com\/de\/wir-ueber-uns\/unser-personal\/#breadcrumb"},"inLanguage":"de-DE","potentialAction":[{"@type":"ReadAction","target":["https:\/\/www.internationaled.com\/de\/wir-ueber-uns\/unser-personal\/"]}]},{"@type":"ImageObject","inLanguage":"de-DE","@id":"https:\/\/www.internationaled.com\/de\/wir-ueber-uns\/unser-personal\/#primaryimage","url":"https:\/\/cdn.internationaled.com\/wp-content\/uploads\/2015\/10\/fondo_staff.jpg","contentUrl":"https:\/\/cdn.internationaled.com\/wp-content\/uploads\/2015\/10\/fondo_staff.jpg","width":1920,"height":400},{"@type":"BreadcrumbList","@id":"https:\/\/www.internationaled.com\/de\/wir-ueber-uns\/unser-personal\/#breadcrumb","itemListElement":[{"@type":"ListItem","position":1,"name":"Home","item":"https:\/\/www.internationaled.com\/de\/"},{"@type":"ListItem","position":2,"name":"Wir \u00dcber Uns","item":"https:\/\/www.internationaled.com\/de\/wir-ueber-uns\/"},{"@type":"ListItem","position":3,"name":"Unser Personal"}]},{"@type":"WebSite","@id":"https:\/\/www.internationaled.com\/ar\/#website","url":"https:\/\/www.internationaled.com\/ar\/","name":"Coquitlam School District 43","description":"Learning for a Lifetime","potentialAction":[{"@type":"SearchAction","target":{"@type":"EntryPoint","urlTemplate":"https:\/\/www.internationaled.com\/ar\/?s={search_term_string}"},"query-input":{"@type":"PropertyValueSpecification","valueRequired":true,"valueName":"search_term_string"}}],"inLanguage":"de-DE"}]}},"_links":{"self":[{"href":"https:\/\/www.internationaled.com\/de\/wp-json\/wp\/v2\/pages\/975","targetHints":{"allow":["GET"]}}],"collection":[{"href":"https:\/\/www.internationaled.com\/de\/wp-json\/wp\/v2\/pages"}],"about":[{"href":"https:\/\/www.internationaled.com\/de\/wp-json\/wp\/v2\/types\/page"}],"author":[{"embeddable":true,"href":"https:\/\/www.internationaled.com\/de\/wp-json\/wp\/v2\/users\/14"}],"replies":[{"embeddable":true,"href":"https:\/\/www.internationaled.com\/de\/wp-json\/wp\/v2\/comments?post=975"}],"version-history":[{"count":22,"href":"https:\/\/www.internationaled.com\/de\/wp-json\/wp\/v2\/pages\/975\/revisions"}],"predecessor-version":[{"id":8539,"href":"https:\/\/www.internationaled.com\/de\/wp-json\/wp\/v2\/pages\/975\/revisions\/8539"}],"up":[{"embeddable":true,"href":"https:\/\/www.internationaled.com\/de\/wp-json\/wp\/v2\/pages\/957"}],"wp:featuredmedia":[{"embeddable":true,"href":"https:\/\/www.internationaled.com\/de\/wp-json\/wp\/v2\/media\/302"}],"wp:attachment":[{"href":"https:\/\/www.internationaled.com\/de\/wp-json\/wp\/v2\/media?parent=975"}],"curies":[{"name":"wp","href":"https:\/\/api.w.org\/{rel}","templated":true}]}}