{"id":994,"date":"2015-10-27T16:10:26","date_gmt":"2015-10-27T16:10:26","guid":{"rendered":"http:\/\/internationaled.com\/admissions\/tuition\/?lang=de"},"modified":"2018-02-28T00:18:28","modified_gmt":"2018-02-28T00:18:28","slug":"tuition","status":"publish","type":"page","link":"https:\/\/www.internationaled.com\/de\/admissions\/tuition\/","title":{"rendered":"Studiengeb\u00fchren"},"content":{"rendered":"<p>Die Studiengeb\u00fchren in Coquitlam sind im Vergleich zu den weltweiten Angeboten am Ausbildungsmarkt \u00e4u\u00dferst kosteng\u00fcnstig und stehen in dem Ruf, f\u00fcr das investierte Ausbildungsgeld den besten Gegenwert zu bieten.<\/p>\n<p>Um sich Ihren Studienplatz zu sichern zahlen Sie bitte die gem Ihres Angebotbriefes flligen Gebhren, und zwar entweder per berweisung, Zahlungsanweisung, besttigten Scheck, oder mit Ihrer VISA oder Mastercard.<\/p>\n<ul>\n<li><a title=\"Tuition Information\" href=\"http:\/\/www.internationaled.com\/admissions\/tuition\/\">Informationen ber Studiengebhren fr lngerfristige Studienprogramme<\/a><\/li>\n<\/ul>\n","protected":false},"excerpt":{"rendered":"<p>Die Studiengeb\u00fchren in Coquitlam sind im Vergleich zu den weltweiten Angeboten am Ausbildungsmarkt \u00e4u\u00dferst kosteng\u00fcnstig und stehen in dem Ruf, f\u00fcr das investierte Ausbildungsgeld den besten Gegenwert zu bieten. Um sich Ihren Studienplatz zu sichern zahlen Sie bitte die gem Ihres Angebotbriefes flligen Gebhren, und zwar entweder per berweisung, Zahlungsanweisung, besttigten Scheck, oder mit Ihrer &hellip; <a href=\"https:\/\/www.internationaled.com\/de\/admissions\/tuition\/\" class=\"more-link\">Continue reading <span class=\"screen-reader-text\">Studiengeb\u00fchren<\/span> <span class=\"meta-nav\">&rarr;<\/span><\/a><\/p>\n","protected":false},"author":14,"featured_media":332,"parent":981,"menu_order":6,"comment_status":"closed","ping_status":"closed","template":"page-standard.php","meta":{"footnotes":""},"class_list":["post-994","page","type-page","status-publish","has-post-thumbnail","hentry"],"yoast_head":"<!-- This site is optimized with the Yoast SEO plugin v27.4 - https:\/\/yoast.com\/product\/yoast-seo-wordpress\/ -->\n<title>Studiengeb\u00fchren - Coquitlam School District 43<\/title>\n<meta name=\"robots\" content=\"index, follow, max-snippet:-1, max-image-preview:large, max-video-preview:-1\" \/>\n<link rel=\"canonical\" href=\"https:\/\/www.internationaled.com\/de\/admissions\/tuition\/\" \/>\n<meta property=\"og:locale\" content=\"de_DE\" \/>\n<meta property=\"og:type\" content=\"article\" \/>\n<meta property=\"og:title\" content=\"Studiengeb\u00fchren - Coquitlam School District 43\" \/>\n<meta property=\"og:description\" content=\"Die Studiengeb\u00fchren in Coquitlam sind im Vergleich zu den weltweiten Angeboten am Ausbildungsmarkt \u00e4u\u00dferst kosteng\u00fcnstig und stehen in dem Ruf, f\u00fcr das investierte Ausbildungsgeld den besten Gegenwert zu bieten. Um sich Ihren Studienplatz zu sichern zahlen Sie bitte die gem Ihres Angebotbriefes flligen Gebhren, und zwar entweder per berweisung, Zahlungsanweisung, besttigten Scheck, oder mit Ihrer &hellip; Continue reading Studiengeb\u00fchren &rarr;\" \/>\n<meta property=\"og:url\" content=\"https:\/\/www.internationaled.com\/de\/admissions\/tuition\/\" \/>\n<meta property=\"og:site_name\" content=\"Coquitlam School District 43\" \/>\n<meta property=\"article:modified_time\" content=\"2018-02-28T00:18:28+00:00\" \/>\n<meta property=\"og:image\" content=\"https:\/\/www.internationaled.com\/wp-content\/uploads\/2015\/10\/fondo_tuition.jpg\" \/>\n\t<meta property=\"og:image:width\" content=\"1920\" \/>\n\t<meta property=\"og:image:height\" content=\"400\" \/>\n\t<meta property=\"og:image:type\" content=\"image\/jpeg\" \/>\n<meta name=\"twitter:card\" content=\"summary_large_image\" \/>\n<script type=\"application\/ld+json\" class=\"yoast-schema-graph\">{\"@context\":\"https:\\\/\\\/schema.org\",\"@graph\":[{\"@type\":\"WebPage\",\"@id\":\"https:\\\/\\\/www.internationaled.com\\\/de\\\/admissions\\\/tuition\\\/\",\"url\":\"https:\\\/\\\/www.internationaled.com\\\/de\\\/admissions\\\/tuition\\\/\",\"name\":\"Studiengeb\u00fchren - Coquitlam School District 43\",\"isPartOf\":{\"@id\":\"https:\\\/\\\/www.internationaled.com\\\/ar\\\/#website\"},\"primaryImageOfPage\":{\"@id\":\"https:\\\/\\\/www.internationaled.com\\\/de\\\/admissions\\\/tuition\\\/#primaryimage\"},\"image\":{\"@id\":\"https:\\\/\\\/www.internationaled.com\\\/de\\\/admissions\\\/tuition\\\/#primaryimage\"},\"thumbnailUrl\":\"https:\\\/\\\/cdn.internationaled.com\\\/wp-content\\\/uploads\\\/2015\\\/10\\\/fondo_tuition.jpg\",\"datePublished\":\"2015-10-27T16:10:26+00:00\",\"dateModified\":\"2018-02-28T00:18:28+00:00\",\"breadcrumb\":{\"@id\":\"https:\\\/\\\/www.internationaled.com\\\/de\\\/admissions\\\/tuition\\\/#breadcrumb\"},\"inLanguage\":\"de-DE\",\"potentialAction\":[{\"@type\":\"ReadAction\",\"target\":[\"https:\\\/\\\/www.internationaled.com\\\/de\\\/admissions\\\/tuition\\\/\"]}]},{\"@type\":\"ImageObject\",\"inLanguage\":\"de-DE\",\"@id\":\"https:\\\/\\\/www.internationaled.com\\\/de\\\/admissions\\\/tuition\\\/#primaryimage\",\"url\":\"https:\\\/\\\/cdn.internationaled.com\\\/wp-content\\\/uploads\\\/2015\\\/10\\\/fondo_tuition.jpg\",\"contentUrl\":\"https:\\\/\\\/cdn.internationaled.com\\\/wp-content\\\/uploads\\\/2015\\\/10\\\/fondo_tuition.jpg\",\"width\":1920,\"height\":400},{\"@type\":\"BreadcrumbList\",\"@id\":\"https:\\\/\\\/www.internationaled.com\\\/de\\\/admissions\\\/tuition\\\/#breadcrumb\",\"itemListElement\":[{\"@type\":\"ListItem\",\"position\":1,\"name\":\"Home\",\"item\":\"https:\\\/\\\/www.internationaled.com\\\/de\\\/\"},{\"@type\":\"ListItem\",\"position\":2,\"name\":\"Zulassung\",\"item\":\"https:\\\/\\\/www.internationaled.com\\\/de\\\/admissions\\\/\"},{\"@type\":\"ListItem\",\"position\":3,\"name\":\"Studiengeb\u00fchren\"}]},{\"@type\":\"WebSite\",\"@id\":\"https:\\\/\\\/www.internationaled.com\\\/ar\\\/#website\",\"url\":\"https:\\\/\\\/www.internationaled.com\\\/ar\\\/\",\"name\":\"Coquitlam School District 43\",\"description\":\"Learning for a Lifetime\",\"potentialAction\":[{\"@type\":\"SearchAction\",\"target\":{\"@type\":\"EntryPoint\",\"urlTemplate\":\"https:\\\/\\\/www.internationaled.com\\\/ar\\\/?s={search_term_string}\"},\"query-input\":{\"@type\":\"PropertyValueSpecification\",\"valueRequired\":true,\"valueName\":\"search_term_string\"}}],\"inLanguage\":\"de-DE\"}]}<\/script>\n<!-- \/ Yoast SEO plugin. -->","yoast_head_json":{"title":"Studiengeb\u00fchren - Coquitlam School District 43","robots":{"index":"index","follow":"follow","max-snippet":"max-snippet:-1","max-image-preview":"max-image-preview:large","max-video-preview":"max-video-preview:-1"},"canonical":"https:\/\/www.internationaled.com\/de\/admissions\/tuition\/","og_locale":"de_DE","og_type":"article","og_title":"Studiengeb\u00fchren - Coquitlam School District 43","og_description":"Die Studiengeb\u00fchren in Coquitlam sind im Vergleich zu den weltweiten Angeboten am Ausbildungsmarkt \u00e4u\u00dferst kosteng\u00fcnstig und stehen in dem Ruf, f\u00fcr das investierte Ausbildungsgeld den besten Gegenwert zu bieten. Um sich Ihren Studienplatz zu sichern zahlen Sie bitte die gem Ihres Angebotbriefes flligen Gebhren, und zwar entweder per berweisung, Zahlungsanweisung, besttigten Scheck, oder mit Ihrer &hellip; Continue reading Studiengeb\u00fchren &rarr;","og_url":"https:\/\/www.internationaled.com\/de\/admissions\/tuition\/","og_site_name":"Coquitlam School District 43","article_modified_time":"2018-02-28T00:18:28+00:00","og_image":[{"width":1920,"height":400,"url":"https:\/\/www.internationaled.com\/wp-content\/uploads\/2015\/10\/fondo_tuition.jpg","type":"image\/jpeg"}],"twitter_card":"summary_large_image","schema":{"@context":"https:\/\/schema.org","@graph":[{"@type":"WebPage","@id":"https:\/\/www.internationaled.com\/de\/admissions\/tuition\/","url":"https:\/\/www.internationaled.com\/de\/admissions\/tuition\/","name":"Studiengeb\u00fchren - Coquitlam School District 43","isPartOf":{"@id":"https:\/\/www.internationaled.com\/ar\/#website"},"primaryImageOfPage":{"@id":"https:\/\/www.internationaled.com\/de\/admissions\/tuition\/#primaryimage"},"image":{"@id":"https:\/\/www.internationaled.com\/de\/admissions\/tuition\/#primaryimage"},"thumbnailUrl":"https:\/\/cdn.internationaled.com\/wp-content\/uploads\/2015\/10\/fondo_tuition.jpg","datePublished":"2015-10-27T16:10:26+00:00","dateModified":"2018-02-28T00:18:28+00:00","breadcrumb":{"@id":"https:\/\/www.internationaled.com\/de\/admissions\/tuition\/#breadcrumb"},"inLanguage":"de-DE","potentialAction":[{"@type":"ReadAction","target":["https:\/\/www.internationaled.com\/de\/admissions\/tuition\/"]}]},{"@type":"ImageObject","inLanguage":"de-DE","@id":"https:\/\/www.internationaled.com\/de\/admissions\/tuition\/#primaryimage","url":"https:\/\/cdn.internationaled.com\/wp-content\/uploads\/2015\/10\/fondo_tuition.jpg","contentUrl":"https:\/\/cdn.internationaled.com\/wp-content\/uploads\/2015\/10\/fondo_tuition.jpg","width":1920,"height":400},{"@type":"BreadcrumbList","@id":"https:\/\/www.internationaled.com\/de\/admissions\/tuition\/#breadcrumb","itemListElement":[{"@type":"ListItem","position":1,"name":"Home","item":"https:\/\/www.internationaled.com\/de\/"},{"@type":"ListItem","position":2,"name":"Zulassung","item":"https:\/\/www.internationaled.com\/de\/admissions\/"},{"@type":"ListItem","position":3,"name":"Studiengeb\u00fchren"}]},{"@type":"WebSite","@id":"https:\/\/www.internationaled.com\/ar\/#website","url":"https:\/\/www.internationaled.com\/ar\/","name":"Coquitlam School District 43","description":"Learning for a Lifetime","potentialAction":[{"@type":"SearchAction","target":{"@type":"EntryPoint","urlTemplate":"https:\/\/www.internationaled.com\/ar\/?s={search_term_string}"},"query-input":{"@type":"PropertyValueSpecification","valueRequired":true,"valueName":"search_term_string"}}],"inLanguage":"de-DE"}]}},"_links":{"self":[{"href":"https:\/\/www.internationaled.com\/de\/wp-json\/wp\/v2\/pages\/994","targetHints":{"allow":["GET"]}}],"collection":[{"href":"https:\/\/www.internationaled.com\/de\/wp-json\/wp\/v2\/pages"}],"about":[{"href":"https:\/\/www.internationaled.com\/de\/wp-json\/wp\/v2\/types\/page"}],"author":[{"embeddable":true,"href":"https:\/\/www.internationaled.com\/de\/wp-json\/wp\/v2\/users\/14"}],"replies":[{"embeddable":true,"href":"https:\/\/www.internationaled.com\/de\/wp-json\/wp\/v2\/comments?post=994"}],"version-history":[{"count":5,"href":"https:\/\/www.internationaled.com\/de\/wp-json\/wp\/v2\/pages\/994\/revisions"}],"predecessor-version":[{"id":5320,"href":"https:\/\/www.internationaled.com\/de\/wp-json\/wp\/v2\/pages\/994\/revisions\/5320"}],"up":[{"embeddable":true,"href":"https:\/\/www.internationaled.com\/de\/wp-json\/wp\/v2\/pages\/981"}],"wp:featuredmedia":[{"embeddable":true,"href":"https:\/\/www.internationaled.com\/de\/wp-json\/wp\/v2\/media\/332"}],"wp:attachment":[{"href":"https:\/\/www.internationaled.com\/de\/wp-json\/wp\/v2\/media?parent=994"}],"curies":[{"name":"wp","href":"https:\/\/api.w.org\/{rel}","templated":true}]}}