{"id":996,"date":"2015-10-27T16:10:42","date_gmt":"2015-10-27T16:10:42","guid":{"rendered":"http:\/\/internationaled.com\/admissions\/homestay\/?lang=de"},"modified":"2016-07-22T09:18:19","modified_gmt":"2016-07-22T09:18:19","slug":"homestay","status":"publish","type":"page","link":"https:\/\/www.internationaled.com\/de\/homestay\/","title":{"rendered":"Unterbringung bei Gasteltern"},"content":{"rendered":"<p>Der Aufenthalt bei einer Gastfamilie im Schulbezirk Coquitlam ist mehr als nur Kost und Logis &#8211; es ist die Chance, in jeder Hinsicht am Familienleben teilzunehmen. Wir glauben, dass unsere Sch\u00fcler und Sch\u00fclerinnen wirklich das Gef\u00fchl haben werden, dass sie ein zweites Zuhause gefunden haben. Die Unterbringung in einer Gastfamilie beinhaltet Unterkunft und Verpflegung, wobei dem Gastsch\u00fcler ein eigenes Zimmer bei der Familie zur Verf\u00fcgung gestellt wird. (Hinweis: Grundsch\u00fcler\/Innen, die an einem l\u00e4ngeren Schulaufenthalt teilnehmen, m\u00fcssen bei einem Elternteil wohnen.)<\/p>\n<p>Im Bereich der drei Tri-Cities (Coquitlam, Port Coqitlam, Port Moody) freuen sich viele Gasteltern darauf, auslndische Schler des Schulbezirks 43 bei sich aufzunehmen. Platzierungen werden von diversen Vermittlungsorganisationen arrangiert. Zur Unterbringung gehren Zimmer und Verpflegung. Eine Befrderung zur und von der Schule kann ebenfalls erbeten werden.<\/p>\n<p>Sollten Sie noch Anliegen oder Fragen haben, wenden Sie sich bitte an unser B\u00fcro.<\/p>\n","protected":false},"excerpt":{"rendered":"<p>Der Aufenthalt bei einer Gastfamilie im Schulbezirk Coquitlam ist mehr als nur Kost und Logis &#8211; es ist die Chance, in jeder Hinsicht am Familienleben teilzunehmen. Wir glauben, dass unsere Sch\u00fcler und Sch\u00fclerinnen wirklich das Gef\u00fchl haben werden, dass sie ein zweites Zuhause gefunden haben. Die Unterbringung in einer Gastfamilie beinhaltet Unterkunft und Verpflegung, wobei &hellip; <a href=\"https:\/\/www.internationaled.com\/de\/homestay\/\" class=\"more-link\">Continue reading <span class=\"screen-reader-text\">Unterbringung bei Gasteltern<\/span> <span class=\"meta-nav\">&rarr;<\/span><\/a><\/p>\n","protected":false},"author":14,"featured_media":333,"parent":0,"menu_order":7,"comment_status":"closed","ping_status":"closed","template":"page-standard.php","meta":{"footnotes":""},"class_list":["post-996","page","type-page","status-publish","has-post-thumbnail","hentry"],"yoast_head":"<!-- This site is optimized with the Yoast SEO plugin v27.3 - https:\/\/yoast.com\/product\/yoast-seo-wordpress\/ -->\n<title>Unterbringung bei Gasteltern - Coquitlam School District 43<\/title>\n<meta name=\"robots\" content=\"index, follow, max-snippet:-1, max-image-preview:large, max-video-preview:-1\" \/>\n<link rel=\"canonical\" href=\"https:\/\/www.internationaled.com\/de\/admissions\/homestay\/\" \/>\n<meta property=\"og:locale\" content=\"de_DE\" \/>\n<meta property=\"og:type\" content=\"article\" \/>\n<meta property=\"og:title\" content=\"Unterbringung bei Gasteltern - Coquitlam School District 43\" \/>\n<meta property=\"og:description\" content=\"Der Aufenthalt bei einer Gastfamilie im Schulbezirk Coquitlam ist mehr als nur Kost und Logis &#8211; es ist die Chance, in jeder Hinsicht am Familienleben teilzunehmen. Wir glauben, dass unsere Sch\u00fcler und Sch\u00fclerinnen wirklich das Gef\u00fchl haben werden, dass sie ein zweites Zuhause gefunden haben. Die Unterbringung in einer Gastfamilie beinhaltet Unterkunft und Verpflegung, wobei &hellip; Continue reading Unterbringung bei Gasteltern &rarr;\" \/>\n<meta property=\"og:url\" content=\"https:\/\/www.internationaled.com\/de\/admissions\/homestay\/\" \/>\n<meta property=\"og:site_name\" content=\"Coquitlam School District 43\" \/>\n<meta property=\"article:modified_time\" content=\"2016-07-22T09:18:19+00:00\" \/>\n<meta property=\"og:image\" content=\"https:\/\/www.internationaled.com\/wp-content\/uploads\/2015\/10\/fondo_homestay.jpg\" \/>\n\t<meta property=\"og:image:width\" content=\"1920\" \/>\n\t<meta property=\"og:image:height\" content=\"400\" \/>\n\t<meta property=\"og:image:type\" content=\"image\/jpeg\" \/>\n<meta name=\"twitter:card\" content=\"summary_large_image\" \/>\n<meta name=\"twitter:label1\" content=\"Est. reading time\" \/>\n\t<meta name=\"twitter:data1\" content=\"1 minute\" \/>\n<script type=\"application\/ld+json\" class=\"yoast-schema-graph\">{\"@context\":\"https:\\\/\\\/schema.org\",\"@graph\":[{\"@type\":\"WebPage\",\"@id\":\"https:\\\/\\\/www.internationaled.com\\\/de\\\/admissions\\\/homestay\\\/\",\"url\":\"https:\\\/\\\/www.internationaled.com\\\/de\\\/admissions\\\/homestay\\\/\",\"name\":\"Unterbringung bei Gasteltern - Coquitlam School District 43\",\"isPartOf\":{\"@id\":\"https:\\\/\\\/www.internationaled.com\\\/ar\\\/#website\"},\"primaryImageOfPage\":{\"@id\":\"https:\\\/\\\/www.internationaled.com\\\/de\\\/admissions\\\/homestay\\\/#primaryimage\"},\"image\":{\"@id\":\"https:\\\/\\\/www.internationaled.com\\\/de\\\/admissions\\\/homestay\\\/#primaryimage\"},\"thumbnailUrl\":\"https:\\\/\\\/cdn.internationaled.com\\\/wp-content\\\/uploads\\\/2015\\\/10\\\/fondo_homestay.jpg\",\"datePublished\":\"2015-10-27T16:10:42+00:00\",\"dateModified\":\"2016-07-22T09:18:19+00:00\",\"breadcrumb\":{\"@id\":\"https:\\\/\\\/www.internationaled.com\\\/de\\\/admissions\\\/homestay\\\/#breadcrumb\"},\"inLanguage\":\"de-DE\",\"potentialAction\":[{\"@type\":\"ReadAction\",\"target\":[\"https:\\\/\\\/www.internationaled.com\\\/de\\\/admissions\\\/homestay\\\/\"]}]},{\"@type\":\"ImageObject\",\"inLanguage\":\"de-DE\",\"@id\":\"https:\\\/\\\/www.internationaled.com\\\/de\\\/admissions\\\/homestay\\\/#primaryimage\",\"url\":\"https:\\\/\\\/cdn.internationaled.com\\\/wp-content\\\/uploads\\\/2015\\\/10\\\/fondo_homestay.jpg\",\"contentUrl\":\"https:\\\/\\\/cdn.internationaled.com\\\/wp-content\\\/uploads\\\/2015\\\/10\\\/fondo_homestay.jpg\",\"width\":1920,\"height\":400},{\"@type\":\"BreadcrumbList\",\"@id\":\"https:\\\/\\\/www.internationaled.com\\\/de\\\/admissions\\\/homestay\\\/#breadcrumb\",\"itemListElement\":[{\"@type\":\"ListItem\",\"position\":1,\"name\":\"Home\",\"item\":\"https:\\\/\\\/www.internationaled.com\\\/de\\\/\"},{\"@type\":\"ListItem\",\"position\":2,\"name\":\"Zulassung\",\"item\":\"https:\\\/\\\/www.internationaled.com\\\/de\\\/admissions\\\/\"},{\"@type\":\"ListItem\",\"position\":3,\"name\":\"Unterbringung bei Gasteltern\"}]},{\"@type\":\"WebSite\",\"@id\":\"https:\\\/\\\/www.internationaled.com\\\/ar\\\/#website\",\"url\":\"https:\\\/\\\/www.internationaled.com\\\/ar\\\/\",\"name\":\"Coquitlam School District 43\",\"description\":\"Learning for a Lifetime\",\"potentialAction\":[{\"@type\":\"SearchAction\",\"target\":{\"@type\":\"EntryPoint\",\"urlTemplate\":\"https:\\\/\\\/www.internationaled.com\\\/ar\\\/?s={search_term_string}\"},\"query-input\":{\"@type\":\"PropertyValueSpecification\",\"valueRequired\":true,\"valueName\":\"search_term_string\"}}],\"inLanguage\":\"de-DE\"}]}<\/script>\n<!-- \/ Yoast SEO plugin. -->","yoast_head_json":{"title":"Unterbringung bei Gasteltern - Coquitlam School District 43","robots":{"index":"index","follow":"follow","max-snippet":"max-snippet:-1","max-image-preview":"max-image-preview:large","max-video-preview":"max-video-preview:-1"},"canonical":"https:\/\/www.internationaled.com\/de\/admissions\/homestay\/","og_locale":"de_DE","og_type":"article","og_title":"Unterbringung bei Gasteltern - Coquitlam School District 43","og_description":"Der Aufenthalt bei einer Gastfamilie im Schulbezirk Coquitlam ist mehr als nur Kost und Logis &#8211; es ist die Chance, in jeder Hinsicht am Familienleben teilzunehmen. Wir glauben, dass unsere Sch\u00fcler und Sch\u00fclerinnen wirklich das Gef\u00fchl haben werden, dass sie ein zweites Zuhause gefunden haben. Die Unterbringung in einer Gastfamilie beinhaltet Unterkunft und Verpflegung, wobei &hellip; Continue reading Unterbringung bei Gasteltern &rarr;","og_url":"https:\/\/www.internationaled.com\/de\/admissions\/homestay\/","og_site_name":"Coquitlam School District 43","article_modified_time":"2016-07-22T09:18:19+00:00","og_image":[{"width":1920,"height":400,"url":"https:\/\/www.internationaled.com\/wp-content\/uploads\/2015\/10\/fondo_homestay.jpg","type":"image\/jpeg"}],"twitter_card":"summary_large_image","twitter_misc":{"Est. reading time":"1 minute"},"schema":{"@context":"https:\/\/schema.org","@graph":[{"@type":"WebPage","@id":"https:\/\/www.internationaled.com\/de\/admissions\/homestay\/","url":"https:\/\/www.internationaled.com\/de\/admissions\/homestay\/","name":"Unterbringung bei Gasteltern - Coquitlam School District 43","isPartOf":{"@id":"https:\/\/www.internationaled.com\/ar\/#website"},"primaryImageOfPage":{"@id":"https:\/\/www.internationaled.com\/de\/admissions\/homestay\/#primaryimage"},"image":{"@id":"https:\/\/www.internationaled.com\/de\/admissions\/homestay\/#primaryimage"},"thumbnailUrl":"https:\/\/cdn.internationaled.com\/wp-content\/uploads\/2015\/10\/fondo_homestay.jpg","datePublished":"2015-10-27T16:10:42+00:00","dateModified":"2016-07-22T09:18:19+00:00","breadcrumb":{"@id":"https:\/\/www.internationaled.com\/de\/admissions\/homestay\/#breadcrumb"},"inLanguage":"de-DE","potentialAction":[{"@type":"ReadAction","target":["https:\/\/www.internationaled.com\/de\/admissions\/homestay\/"]}]},{"@type":"ImageObject","inLanguage":"de-DE","@id":"https:\/\/www.internationaled.com\/de\/admissions\/homestay\/#primaryimage","url":"https:\/\/cdn.internationaled.com\/wp-content\/uploads\/2015\/10\/fondo_homestay.jpg","contentUrl":"https:\/\/cdn.internationaled.com\/wp-content\/uploads\/2015\/10\/fondo_homestay.jpg","width":1920,"height":400},{"@type":"BreadcrumbList","@id":"https:\/\/www.internationaled.com\/de\/admissions\/homestay\/#breadcrumb","itemListElement":[{"@type":"ListItem","position":1,"name":"Home","item":"https:\/\/www.internationaled.com\/de\/"},{"@type":"ListItem","position":2,"name":"Zulassung","item":"https:\/\/www.internationaled.com\/de\/admissions\/"},{"@type":"ListItem","position":3,"name":"Unterbringung bei Gasteltern"}]},{"@type":"WebSite","@id":"https:\/\/www.internationaled.com\/ar\/#website","url":"https:\/\/www.internationaled.com\/ar\/","name":"Coquitlam School District 43","description":"Learning for a Lifetime","potentialAction":[{"@type":"SearchAction","target":{"@type":"EntryPoint","urlTemplate":"https:\/\/www.internationaled.com\/ar\/?s={search_term_string}"},"query-input":{"@type":"PropertyValueSpecification","valueRequired":true,"valueName":"search_term_string"}}],"inLanguage":"de-DE"}]}},"_links":{"self":[{"href":"https:\/\/www.internationaled.com\/de\/wp-json\/wp\/v2\/pages\/996","targetHints":{"allow":["GET"]}}],"collection":[{"href":"https:\/\/www.internationaled.com\/de\/wp-json\/wp\/v2\/pages"}],"about":[{"href":"https:\/\/www.internationaled.com\/de\/wp-json\/wp\/v2\/types\/page"}],"author":[{"embeddable":true,"href":"https:\/\/www.internationaled.com\/de\/wp-json\/wp\/v2\/users\/14"}],"replies":[{"embeddable":true,"href":"https:\/\/www.internationaled.com\/de\/wp-json\/wp\/v2\/comments?post=996"}],"version-history":[{"count":2,"href":"https:\/\/www.internationaled.com\/de\/wp-json\/wp\/v2\/pages\/996\/revisions"}],"predecessor-version":[{"id":4687,"href":"https:\/\/www.internationaled.com\/de\/wp-json\/wp\/v2\/pages\/996\/revisions\/4687"}],"wp:featuredmedia":[{"embeddable":true,"href":"https:\/\/www.internationaled.com\/de\/wp-json\/wp\/v2\/media\/333"}],"wp:attachment":[{"href":"https:\/\/www.internationaled.com\/de\/wp-json\/wp\/v2\/media?parent=996"}],"curies":[{"name":"wp","href":"https:\/\/api.w.org\/{rel}","templated":true}]}}