{"id":1215,"date":"2015-10-19T17:40:45","date_gmt":"2015-10-19T17:40:45","guid":{"rendered":"http:\/\/internationaled.com\/about\/?lang=es"},"modified":"2016-07-21T10:31:54","modified_gmt":"2016-07-21T10:31:54","slug":"about","status":"publish","type":"page","link":"https:\/\/www.internationaled.com\/es\/about\/","title":{"rendered":"Sobre nosotros"},"content":{"rendered":"<p>El Programa de Educaci\u00f3n Internacional del Distrito Escolar de Coquitlam proporciona una oportunidad para que estudiantes de fuera de Canad\u00e1 entren a nuestro distrito escolar en donde pueden aprender ingl\u00e9s mientras participen en programas acad\u00e9micos. Estudiantes de todo el mundo reciben valiosas experiencias si estudian en Canad\u00e1, no solamente por el hecho de haber mejorado su nivel de ingl\u00e9s, sino tambi\u00e9n al hacer amigos internacionales para toda la vida y al absorber la cultura canadiense, todo en la bella provincia de la Columbia Brit\u00e1nica. El programa de Coquitlam fomenta la creaci\u00f3n de amistades entre estudiantes y sus familias de Canad\u00e1 y del extranjero, quienes comparten sus experiencias. Asimismo, mejora el ambiente escolar al explorar la diversidad cultural y ampliar el entendimiento global.<\/p>\n<ul>\n<li><a href=\"http:\/\/www.internationaled.com\/forms\/regformspanish.pdf\" target=\"blank\">Formato de registro para estudiantes internacionales (periodo extendido) <\/a><\/li>\n<li><a href=\"http:\/\/www.internationaled.com\/forms\/Re-ApplicationForm.pdf\" target=\"blank\">Re-solicitud<\/a><\/li>\n<\/ul>\n<h3 class=\"blue \">Acerca del Programa de Educaci\u00f3n Internacional<\/h3>\n<p>El Distrito Escolar de Coquitlam recibe a estudiantes para todos los niveles desde los 5 a los 18 a\u00f1os. Ofrecemos clases de idiomas, completos programas acad\u00e9micos y una amplia gama de cursos a estudiantes de todo el mundo. Somos el tercer distrito escolar m\u00e1s grande de la Columbia Brit\u00e1nica con 32,000 estudiantes en m\u00e1s de 70 escuelas.<\/p>\n<p>Los estudiantes internacionales se benefician de un programa integral impartido por profesores certificados por el gobierno de la Columbia Brit\u00e1nica en nuestras nuevas escuelas que cuentan con el m\u00e1s reciente equipo y tecnolog\u00eda de punta. El Distrito Escolar de Coquitlam se encuentra rodeadas por monta\u00f1as y entre el Oc\u00e9ano Pac\u00edfico y el R\u00edo Fraser, e incluye las ciudades de Coquitlam, Port Coquitlam, Port Moody y los pueblos de Anmore y Belcarra. Ofrecemos una ubicaci\u00f3n esc\u00e9nica, cercan\u00eda a Vancouver y Whistler, escuelas en bellas instalaciones, una variedad de cursos, altos niveles acad\u00e9micos y una comunidad con seguridad, y todo ello se traduce en un deseable lugar para un programa de educaci\u00f3n internacional. Tambi\u00e9n estamos cerca de las universidades Simon Fraser, Douglas y de la Columbia Brit\u00e1nica.<\/p>\n<p>Para mayor informaci\u00f3n sobre el Programa de Educaci\u00f3n Internacional, nos puede contactar a International Education, 1100 Winslow Avenue, Coquitlam, B.C. Canada V3J 2G3, tel\u00e9fono: 604-936-5769 fax: 604-939-6427 o correo electr\u00f3nico: <a href=\"mailto:%3Ca%20href=\">InternationalEd@SD43.bc.ca <\/a>&#8220;&gt;<a href=\"mailto:InternationalEd@SD43.bc.ca\">InternationalEd@SD43.bc.ca <\/a><\/p>\n","protected":false},"excerpt":{"rendered":"<p>El Programa de Educaci\u00f3n Internacional del Distrito Escolar de Coquitlam proporciona una oportunidad para que estudiantes de fuera de Canad\u00e1 entren a nuestro distrito escolar en donde pueden aprender ingl\u00e9s mientras participen en programas acad\u00e9micos. Estudiantes de todo el mundo reciben valiosas experiencias si estudian en Canad\u00e1, no solamente por el hecho de haber mejorado &hellip; <a href=\"https:\/\/www.internationaled.com\/es\/about\/\" class=\"more-link\">Continue reading <span class=\"screen-reader-text\">Sobre nosotros<\/span> <span class=\"meta-nav\">&rarr;<\/span><\/a><\/p>\n","protected":false},"author":14,"featured_media":307,"parent":0,"menu_order":0,"comment_status":"closed","ping_status":"closed","template":"page-standard.php","meta":{"footnotes":""},"class_list":["post-1215","page","type-page","status-publish","has-post-thumbnail","hentry"],"yoast_head":"<!-- This site is optimized with the Yoast SEO plugin v27.3 - https:\/\/yoast.com\/product\/yoast-seo-wordpress\/ -->\n<title>Sobre nosotros - Coquitlam School District 43<\/title>\n<meta name=\"robots\" content=\"index, follow, max-snippet:-1, max-image-preview:large, max-video-preview:-1\" \/>\n<link rel=\"canonical\" href=\"https:\/\/www.internationaled.com\/es\/about\/\" \/>\n<meta property=\"og:locale\" content=\"es_ES\" \/>\n<meta property=\"og:type\" content=\"article\" \/>\n<meta property=\"og:title\" content=\"Sobre nosotros - Coquitlam School District 43\" \/>\n<meta property=\"og:description\" content=\"El Programa de Educaci\u00f3n Internacional del Distrito Escolar de Coquitlam proporciona una oportunidad para que estudiantes de fuera de Canad\u00e1 entren a nuestro distrito escolar en donde pueden aprender ingl\u00e9s mientras participen en programas acad\u00e9micos. Estudiantes de todo el mundo reciben valiosas experiencias si estudian en Canad\u00e1, no solamente por el hecho de haber mejorado &hellip; Continue reading Sobre nosotros &rarr;\" \/>\n<meta property=\"og:url\" content=\"https:\/\/www.internationaled.com\/es\/about\/\" \/>\n<meta property=\"og:site_name\" content=\"Coquitlam School District 43\" \/>\n<meta property=\"article:modified_time\" content=\"2016-07-21T10:31:54+00:00\" \/>\n<meta property=\"og:image\" content=\"https:\/\/www.internationaled.com\/wp-content\/uploads\/2015\/10\/fondo_about_us.jpg\" \/>\n\t<meta property=\"og:image:width\" content=\"1920\" \/>\n\t<meta property=\"og:image:height\" content=\"400\" \/>\n\t<meta property=\"og:image:type\" content=\"image\/jpeg\" \/>\n<meta name=\"twitter:card\" content=\"summary_large_image\" \/>\n<meta name=\"twitter:label1\" content=\"Est. reading time\" \/>\n\t<meta name=\"twitter:data1\" content=\"2 minutes\" \/>\n<script type=\"application\/ld+json\" class=\"yoast-schema-graph\">{\"@context\":\"https:\\\/\\\/schema.org\",\"@graph\":[{\"@type\":\"WebPage\",\"@id\":\"https:\\\/\\\/www.internationaled.com\\\/es\\\/about\\\/\",\"url\":\"https:\\\/\\\/www.internationaled.com\\\/es\\\/about\\\/\",\"name\":\"Sobre nosotros - Coquitlam School District 43\",\"isPartOf\":{\"@id\":\"https:\\\/\\\/www.internationaled.com\\\/ar\\\/#website\"},\"primaryImageOfPage\":{\"@id\":\"https:\\\/\\\/www.internationaled.com\\\/es\\\/about\\\/#primaryimage\"},\"image\":{\"@id\":\"https:\\\/\\\/www.internationaled.com\\\/es\\\/about\\\/#primaryimage\"},\"thumbnailUrl\":\"https:\\\/\\\/cdn.internationaled.com\\\/wp-content\\\/uploads\\\/2015\\\/10\\\/fondo_about_us.jpg\",\"datePublished\":\"2015-10-19T17:40:45+00:00\",\"dateModified\":\"2016-07-21T10:31:54+00:00\",\"breadcrumb\":{\"@id\":\"https:\\\/\\\/www.internationaled.com\\\/es\\\/about\\\/#breadcrumb\"},\"inLanguage\":\"es-ES\",\"potentialAction\":[{\"@type\":\"ReadAction\",\"target\":[\"https:\\\/\\\/www.internationaled.com\\\/es\\\/about\\\/\"]}]},{\"@type\":\"ImageObject\",\"inLanguage\":\"es-ES\",\"@id\":\"https:\\\/\\\/www.internationaled.com\\\/es\\\/about\\\/#primaryimage\",\"url\":\"https:\\\/\\\/cdn.internationaled.com\\\/wp-content\\\/uploads\\\/2015\\\/10\\\/fondo_about_us.jpg\",\"contentUrl\":\"https:\\\/\\\/cdn.internationaled.com\\\/wp-content\\\/uploads\\\/2015\\\/10\\\/fondo_about_us.jpg\",\"width\":1920,\"height\":400},{\"@type\":\"BreadcrumbList\",\"@id\":\"https:\\\/\\\/www.internationaled.com\\\/es\\\/about\\\/#breadcrumb\",\"itemListElement\":[{\"@type\":\"ListItem\",\"position\":1,\"name\":\"Home\",\"item\":\"https:\\\/\\\/www.internationaled.com\\\/es\\\/\"},{\"@type\":\"ListItem\",\"position\":2,\"name\":\"Sobre nosotros\"}]},{\"@type\":\"WebSite\",\"@id\":\"https:\\\/\\\/www.internationaled.com\\\/ar\\\/#website\",\"url\":\"https:\\\/\\\/www.internationaled.com\\\/ar\\\/\",\"name\":\"Coquitlam School District 43\",\"description\":\"Learning for a Lifetime\",\"potentialAction\":[{\"@type\":\"SearchAction\",\"target\":{\"@type\":\"EntryPoint\",\"urlTemplate\":\"https:\\\/\\\/www.internationaled.com\\\/ar\\\/?s={search_term_string}\"},\"query-input\":{\"@type\":\"PropertyValueSpecification\",\"valueRequired\":true,\"valueName\":\"search_term_string\"}}],\"inLanguage\":\"es-ES\"}]}<\/script>\n<!-- \/ Yoast SEO plugin. -->","yoast_head_json":{"title":"Sobre nosotros - Coquitlam School District 43","robots":{"index":"index","follow":"follow","max-snippet":"max-snippet:-1","max-image-preview":"max-image-preview:large","max-video-preview":"max-video-preview:-1"},"canonical":"https:\/\/www.internationaled.com\/es\/about\/","og_locale":"es_ES","og_type":"article","og_title":"Sobre nosotros - Coquitlam School District 43","og_description":"El Programa de Educaci\u00f3n Internacional del Distrito Escolar de Coquitlam proporciona una oportunidad para que estudiantes de fuera de Canad\u00e1 entren a nuestro distrito escolar en donde pueden aprender ingl\u00e9s mientras participen en programas acad\u00e9micos. Estudiantes de todo el mundo reciben valiosas experiencias si estudian en Canad\u00e1, no solamente por el hecho de haber mejorado &hellip; Continue reading Sobre nosotros &rarr;","og_url":"https:\/\/www.internationaled.com\/es\/about\/","og_site_name":"Coquitlam School District 43","article_modified_time":"2016-07-21T10:31:54+00:00","og_image":[{"width":1920,"height":400,"url":"https:\/\/www.internationaled.com\/wp-content\/uploads\/2015\/10\/fondo_about_us.jpg","type":"image\/jpeg"}],"twitter_card":"summary_large_image","twitter_misc":{"Est. reading time":"2 minutes"},"schema":{"@context":"https:\/\/schema.org","@graph":[{"@type":"WebPage","@id":"https:\/\/www.internationaled.com\/es\/about\/","url":"https:\/\/www.internationaled.com\/es\/about\/","name":"Sobre nosotros - Coquitlam School District 43","isPartOf":{"@id":"https:\/\/www.internationaled.com\/ar\/#website"},"primaryImageOfPage":{"@id":"https:\/\/www.internationaled.com\/es\/about\/#primaryimage"},"image":{"@id":"https:\/\/www.internationaled.com\/es\/about\/#primaryimage"},"thumbnailUrl":"https:\/\/cdn.internationaled.com\/wp-content\/uploads\/2015\/10\/fondo_about_us.jpg","datePublished":"2015-10-19T17:40:45+00:00","dateModified":"2016-07-21T10:31:54+00:00","breadcrumb":{"@id":"https:\/\/www.internationaled.com\/es\/about\/#breadcrumb"},"inLanguage":"es-ES","potentialAction":[{"@type":"ReadAction","target":["https:\/\/www.internationaled.com\/es\/about\/"]}]},{"@type":"ImageObject","inLanguage":"es-ES","@id":"https:\/\/www.internationaled.com\/es\/about\/#primaryimage","url":"https:\/\/cdn.internationaled.com\/wp-content\/uploads\/2015\/10\/fondo_about_us.jpg","contentUrl":"https:\/\/cdn.internationaled.com\/wp-content\/uploads\/2015\/10\/fondo_about_us.jpg","width":1920,"height":400},{"@type":"BreadcrumbList","@id":"https:\/\/www.internationaled.com\/es\/about\/#breadcrumb","itemListElement":[{"@type":"ListItem","position":1,"name":"Home","item":"https:\/\/www.internationaled.com\/es\/"},{"@type":"ListItem","position":2,"name":"Sobre nosotros"}]},{"@type":"WebSite","@id":"https:\/\/www.internationaled.com\/ar\/#website","url":"https:\/\/www.internationaled.com\/ar\/","name":"Coquitlam School District 43","description":"Learning for a Lifetime","potentialAction":[{"@type":"SearchAction","target":{"@type":"EntryPoint","urlTemplate":"https:\/\/www.internationaled.com\/ar\/?s={search_term_string}"},"query-input":{"@type":"PropertyValueSpecification","valueRequired":true,"valueName":"search_term_string"}}],"inLanguage":"es-ES"}]}},"_links":{"self":[{"href":"https:\/\/www.internationaled.com\/es\/wp-json\/wp\/v2\/pages\/1215","targetHints":{"allow":["GET"]}}],"collection":[{"href":"https:\/\/www.internationaled.com\/es\/wp-json\/wp\/v2\/pages"}],"about":[{"href":"https:\/\/www.internationaled.com\/es\/wp-json\/wp\/v2\/types\/page"}],"author":[{"embeddable":true,"href":"https:\/\/www.internationaled.com\/es\/wp-json\/wp\/v2\/users\/14"}],"replies":[{"embeddable":true,"href":"https:\/\/www.internationaled.com\/es\/wp-json\/wp\/v2\/comments?post=1215"}],"version-history":[{"count":1,"href":"https:\/\/www.internationaled.com\/es\/wp-json\/wp\/v2\/pages\/1215\/revisions"}],"predecessor-version":[{"id":1433,"href":"https:\/\/www.internationaled.com\/es\/wp-json\/wp\/v2\/pages\/1215\/revisions\/1433"}],"wp:featuredmedia":[{"embeddable":true,"href":"https:\/\/www.internationaled.com\/es\/wp-json\/wp\/v2\/media\/307"}],"wp:attachment":[{"href":"https:\/\/www.internationaled.com\/es\/wp-json\/wp\/v2\/media?parent=1215"}],"curies":[{"name":"wp","href":"https:\/\/api.w.org\/{rel}","templated":true}]}}