{"id":1216,"date":"2015-10-27T15:58:43","date_gmt":"2015-10-27T15:58:43","guid":{"rendered":"http:\/\/internationaled.com\/about\/why-study-in-coquitlam\/?lang=es"},"modified":"2021-10-22T21:31:04","modified_gmt":"2021-10-22T21:31:04","slug":"why-study-in-coquitlam","status":"publish","type":"page","link":"https:\/\/www.internationaled.com\/es\/about\/why-study-in-coquitlam\/","title":{"rendered":"Por qu\u00e9 estudiar en el Distrito Escolar de Coquitlam?"},"content":{"rendered":"<ol>\n<li>Consistentemente calificado por el Ministerio de Educaci\u00f3n de Columbia Brit\u00e1nica como uno de los mejores distritos escolares de la provincia<\/li>\n<li>Nuevas escuelas &#8220;de \u00faltima generaci\u00f3n&#8221; con los \u00faltimos equipos y tecnolog\u00eda<\/li>\n<li>Una comunidad segura y pr\u00f3spera<\/li>\n<li><a href=\"http:\/\/www.internationaled.com\/es\">Preparatorias en Canada<\/a> idealmente situada entre el Oc\u00e9ano Pac\u00edfico y el R\u00edo Fraser en un entorno esc\u00e9nico natural &#8211; cerca de Vancouver y de Whistler<\/li>\n<li>Tradici\u00f3n de m\u00e1s de 56 a\u00f1os de excelencia acad\u00e9mica y beca<\/li>\n<li>El Programa de Educaci\u00f3n Internacional m\u00e1s grande en Canad\u00e1<\/li>\n<li>Tercer distrito escolar m\u00e1s grande de BC con 31,000 estudiantes en 70 escuelas<\/li>\n<li>Ocho escuelas de educaci\u00f3n secundaria (High School): Dr. Charles Best, Gleneagle, Port Moody, Riverside, Terry Fox, Centennial, Heritage Woods y Pinetree<\/li>\n<li>Una gran variedad de programas acad\u00e9micos y de carrera adem\u00e1s de ESL para estudiantes desde jard\u00edn de ni\u00f1os hasta el 5\u00b0 grado (primaria), del 6\u00b0 al 8\u00b0 grados (escuela de educaci\u00f3n media) y del 9\u00b0 al 12\u00b0 grado (secundaria)<\/li>\n<li>Tradici\u00f3n de excelencia acad\u00e9mica y erudici\u00f3n<\/li>\n<li>Los diplomas de educaci\u00f3n secundaria (High School) son reconocidos por todas las universidades de Canad\u00e1 y de Estados Unidos<\/li>\n<li>Profesores capacitados en la ense\u00f1anza de ESL apoyan y atienden a los estudiantes internacionales<\/li>\n<li>Ubicada cerca de la Universidad Simon Fraser, Douglas College y la Universidad de Columbia Brit\u00e1nica<\/li>\n<li>Acceso a un excelente programa de hogares anfitriones, oportunidades atl\u00e9ticas y al aire libre disponibles<\/li>\n<\/ol>\n","protected":false},"excerpt":{"rendered":"<p>Consistentemente calificado por el Ministerio de Educaci\u00f3n de Columbia Brit\u00e1nica como uno de los mejores distritos escolares de la provincia Nuevas escuelas &#8220;de \u00faltima generaci\u00f3n&#8221; con los \u00faltimos equipos y tecnolog\u00eda Una comunidad segura y pr\u00f3spera Preparatorias en Canada idealmente situada entre el Oc\u00e9ano Pac\u00edfico y el R\u00edo Fraser en un entorno esc\u00e9nico natural &#8211; &hellip; <a href=\"https:\/\/www.internationaled.com\/es\/about\/why-study-in-coquitlam\/\" class=\"more-link\">Continue reading <span class=\"screen-reader-text\">Por qu\u00e9 estudiar en el Distrito Escolar de Coquitlam?<\/span> <span class=\"meta-nav\">&rarr;<\/span><\/a><\/p>\n","protected":false},"author":14,"featured_media":321,"parent":1215,"menu_order":1,"comment_status":"closed","ping_status":"closed","template":"page-standard.php","meta":{"footnotes":""},"class_list":["post-1216","page","type-page","status-publish","has-post-thumbnail","hentry"],"yoast_head":"<!-- This site is optimized with the Yoast SEO plugin v27.3 - https:\/\/yoast.com\/product\/yoast-seo-wordpress\/ -->\n<title>Por qu\u00e9 estudiar en el Distrito Escolar de Coquitlam? - Coquitlam School District 43<\/title>\n<meta name=\"robots\" content=\"index, follow, max-snippet:-1, max-image-preview:large, max-video-preview:-1\" \/>\n<link rel=\"canonical\" href=\"https:\/\/www.internationaled.com\/es\/about\/why-study-in-coquitlam\/\" \/>\n<meta property=\"og:locale\" content=\"es_ES\" \/>\n<meta property=\"og:type\" content=\"article\" \/>\n<meta property=\"og:title\" content=\"Por qu\u00e9 estudiar en el Distrito Escolar de Coquitlam? - Coquitlam School District 43\" \/>\n<meta property=\"og:description\" content=\"Consistentemente calificado por el Ministerio de Educaci\u00f3n de Columbia Brit\u00e1nica como uno de los mejores distritos escolares de la provincia Nuevas escuelas &#8220;de \u00faltima generaci\u00f3n&#8221; con los \u00faltimos equipos y tecnolog\u00eda Una comunidad segura y pr\u00f3spera Preparatorias en Canada idealmente situada entre el Oc\u00e9ano Pac\u00edfico y el R\u00edo Fraser en un entorno esc\u00e9nico natural &#8211; &hellip; Continue reading Por qu\u00e9 estudiar en el Distrito Escolar de Coquitlam? &rarr;\" \/>\n<meta property=\"og:url\" content=\"https:\/\/www.internationaled.com\/es\/about\/why-study-in-coquitlam\/\" \/>\n<meta property=\"og:site_name\" content=\"Coquitlam School District 43\" \/>\n<meta property=\"article:modified_time\" content=\"2021-10-22T21:31:04+00:00\" \/>\n<meta property=\"og:image\" content=\"https:\/\/www.internationaled.com\/wp-content\/uploads\/2015\/10\/fondo_why.jpg\" \/>\n\t<meta property=\"og:image:width\" content=\"1920\" \/>\n\t<meta property=\"og:image:height\" content=\"400\" \/>\n\t<meta property=\"og:image:type\" content=\"image\/jpeg\" \/>\n<meta name=\"twitter:card\" content=\"summary_large_image\" \/>\n<meta name=\"twitter:label1\" content=\"Est. reading time\" \/>\n\t<meta name=\"twitter:data1\" content=\"1 minute\" \/>\n<script type=\"application\/ld+json\" class=\"yoast-schema-graph\">{\"@context\":\"https:\\\/\\\/schema.org\",\"@graph\":[{\"@type\":\"WebPage\",\"@id\":\"https:\\\/\\\/www.internationaled.com\\\/es\\\/about\\\/why-study-in-coquitlam\\\/\",\"url\":\"https:\\\/\\\/www.internationaled.com\\\/es\\\/about\\\/why-study-in-coquitlam\\\/\",\"name\":\"Por qu\u00e9 estudiar en el Distrito Escolar de Coquitlam? - Coquitlam School District 43\",\"isPartOf\":{\"@id\":\"https:\\\/\\\/www.internationaled.com\\\/ar\\\/#website\"},\"primaryImageOfPage\":{\"@id\":\"https:\\\/\\\/www.internationaled.com\\\/es\\\/about\\\/why-study-in-coquitlam\\\/#primaryimage\"},\"image\":{\"@id\":\"https:\\\/\\\/www.internationaled.com\\\/es\\\/about\\\/why-study-in-coquitlam\\\/#primaryimage\"},\"thumbnailUrl\":\"https:\\\/\\\/cdn.internationaled.com\\\/wp-content\\\/uploads\\\/2015\\\/10\\\/fondo_why.jpg\",\"datePublished\":\"2015-10-27T15:58:43+00:00\",\"dateModified\":\"2021-10-22T21:31:04+00:00\",\"breadcrumb\":{\"@id\":\"https:\\\/\\\/www.internationaled.com\\\/es\\\/about\\\/why-study-in-coquitlam\\\/#breadcrumb\"},\"inLanguage\":\"es-ES\",\"potentialAction\":[{\"@type\":\"ReadAction\",\"target\":[\"https:\\\/\\\/www.internationaled.com\\\/es\\\/about\\\/why-study-in-coquitlam\\\/\"]}]},{\"@type\":\"ImageObject\",\"inLanguage\":\"es-ES\",\"@id\":\"https:\\\/\\\/www.internationaled.com\\\/es\\\/about\\\/why-study-in-coquitlam\\\/#primaryimage\",\"url\":\"https:\\\/\\\/cdn.internationaled.com\\\/wp-content\\\/uploads\\\/2015\\\/10\\\/fondo_why.jpg\",\"contentUrl\":\"https:\\\/\\\/cdn.internationaled.com\\\/wp-content\\\/uploads\\\/2015\\\/10\\\/fondo_why.jpg\",\"width\":1920,\"height\":400},{\"@type\":\"BreadcrumbList\",\"@id\":\"https:\\\/\\\/www.internationaled.com\\\/es\\\/about\\\/why-study-in-coquitlam\\\/#breadcrumb\",\"itemListElement\":[{\"@type\":\"ListItem\",\"position\":1,\"name\":\"Home\",\"item\":\"https:\\\/\\\/www.internationaled.com\\\/es\\\/\"},{\"@type\":\"ListItem\",\"position\":2,\"name\":\"Sobre nosotros\",\"item\":\"https:\\\/\\\/www.internationaled.com\\\/es\\\/about\\\/\"},{\"@type\":\"ListItem\",\"position\":3,\"name\":\"Por qu\u00e9 estudiar en el Distrito Escolar de Coquitlam?\"}]},{\"@type\":\"WebSite\",\"@id\":\"https:\\\/\\\/www.internationaled.com\\\/ar\\\/#website\",\"url\":\"https:\\\/\\\/www.internationaled.com\\\/ar\\\/\",\"name\":\"Coquitlam School District 43\",\"description\":\"Learning for a Lifetime\",\"potentialAction\":[{\"@type\":\"SearchAction\",\"target\":{\"@type\":\"EntryPoint\",\"urlTemplate\":\"https:\\\/\\\/www.internationaled.com\\\/ar\\\/?s={search_term_string}\"},\"query-input\":{\"@type\":\"PropertyValueSpecification\",\"valueRequired\":true,\"valueName\":\"search_term_string\"}}],\"inLanguage\":\"es-ES\"}]}<\/script>\n<!-- \/ Yoast SEO plugin. -->","yoast_head_json":{"title":"Por qu\u00e9 estudiar en el Distrito Escolar de Coquitlam? - Coquitlam School District 43","robots":{"index":"index","follow":"follow","max-snippet":"max-snippet:-1","max-image-preview":"max-image-preview:large","max-video-preview":"max-video-preview:-1"},"canonical":"https:\/\/www.internationaled.com\/es\/about\/why-study-in-coquitlam\/","og_locale":"es_ES","og_type":"article","og_title":"Por qu\u00e9 estudiar en el Distrito Escolar de Coquitlam? - Coquitlam School District 43","og_description":"Consistentemente calificado por el Ministerio de Educaci\u00f3n de Columbia Brit\u00e1nica como uno de los mejores distritos escolares de la provincia Nuevas escuelas &#8220;de \u00faltima generaci\u00f3n&#8221; con los \u00faltimos equipos y tecnolog\u00eda Una comunidad segura y pr\u00f3spera Preparatorias en Canada idealmente situada entre el Oc\u00e9ano Pac\u00edfico y el R\u00edo Fraser en un entorno esc\u00e9nico natural &#8211; &hellip; Continue reading Por qu\u00e9 estudiar en el Distrito Escolar de Coquitlam? &rarr;","og_url":"https:\/\/www.internationaled.com\/es\/about\/why-study-in-coquitlam\/","og_site_name":"Coquitlam School District 43","article_modified_time":"2021-10-22T21:31:04+00:00","og_image":[{"width":1920,"height":400,"url":"https:\/\/www.internationaled.com\/wp-content\/uploads\/2015\/10\/fondo_why.jpg","type":"image\/jpeg"}],"twitter_card":"summary_large_image","twitter_misc":{"Est. reading time":"1 minute"},"schema":{"@context":"https:\/\/schema.org","@graph":[{"@type":"WebPage","@id":"https:\/\/www.internationaled.com\/es\/about\/why-study-in-coquitlam\/","url":"https:\/\/www.internationaled.com\/es\/about\/why-study-in-coquitlam\/","name":"Por qu\u00e9 estudiar en el Distrito Escolar de Coquitlam? - Coquitlam School District 43","isPartOf":{"@id":"https:\/\/www.internationaled.com\/ar\/#website"},"primaryImageOfPage":{"@id":"https:\/\/www.internationaled.com\/es\/about\/why-study-in-coquitlam\/#primaryimage"},"image":{"@id":"https:\/\/www.internationaled.com\/es\/about\/why-study-in-coquitlam\/#primaryimage"},"thumbnailUrl":"https:\/\/cdn.internationaled.com\/wp-content\/uploads\/2015\/10\/fondo_why.jpg","datePublished":"2015-10-27T15:58:43+00:00","dateModified":"2021-10-22T21:31:04+00:00","breadcrumb":{"@id":"https:\/\/www.internationaled.com\/es\/about\/why-study-in-coquitlam\/#breadcrumb"},"inLanguage":"es-ES","potentialAction":[{"@type":"ReadAction","target":["https:\/\/www.internationaled.com\/es\/about\/why-study-in-coquitlam\/"]}]},{"@type":"ImageObject","inLanguage":"es-ES","@id":"https:\/\/www.internationaled.com\/es\/about\/why-study-in-coquitlam\/#primaryimage","url":"https:\/\/cdn.internationaled.com\/wp-content\/uploads\/2015\/10\/fondo_why.jpg","contentUrl":"https:\/\/cdn.internationaled.com\/wp-content\/uploads\/2015\/10\/fondo_why.jpg","width":1920,"height":400},{"@type":"BreadcrumbList","@id":"https:\/\/www.internationaled.com\/es\/about\/why-study-in-coquitlam\/#breadcrumb","itemListElement":[{"@type":"ListItem","position":1,"name":"Home","item":"https:\/\/www.internationaled.com\/es\/"},{"@type":"ListItem","position":2,"name":"Sobre nosotros","item":"https:\/\/www.internationaled.com\/es\/about\/"},{"@type":"ListItem","position":3,"name":"Por qu\u00e9 estudiar en el Distrito Escolar de Coquitlam?"}]},{"@type":"WebSite","@id":"https:\/\/www.internationaled.com\/ar\/#website","url":"https:\/\/www.internationaled.com\/ar\/","name":"Coquitlam School District 43","description":"Learning for a Lifetime","potentialAction":[{"@type":"SearchAction","target":{"@type":"EntryPoint","urlTemplate":"https:\/\/www.internationaled.com\/ar\/?s={search_term_string}"},"query-input":{"@type":"PropertyValueSpecification","valueRequired":true,"valueName":"search_term_string"}}],"inLanguage":"es-ES"}]}},"_links":{"self":[{"href":"https:\/\/www.internationaled.com\/es\/wp-json\/wp\/v2\/pages\/1216","targetHints":{"allow":["GET"]}}],"collection":[{"href":"https:\/\/www.internationaled.com\/es\/wp-json\/wp\/v2\/pages"}],"about":[{"href":"https:\/\/www.internationaled.com\/es\/wp-json\/wp\/v2\/types\/page"}],"author":[{"embeddable":true,"href":"https:\/\/www.internationaled.com\/es\/wp-json\/wp\/v2\/users\/14"}],"replies":[{"embeddable":true,"href":"https:\/\/www.internationaled.com\/es\/wp-json\/wp\/v2\/comments?post=1216"}],"version-history":[{"count":6,"href":"https:\/\/www.internationaled.com\/es\/wp-json\/wp\/v2\/pages\/1216\/revisions"}],"predecessor-version":[{"id":6344,"href":"https:\/\/www.internationaled.com\/es\/wp-json\/wp\/v2\/pages\/1216\/revisions\/6344"}],"up":[{"embeddable":true,"href":"https:\/\/www.internationaled.com\/es\/wp-json\/wp\/v2\/pages\/1215"}],"wp:featuredmedia":[{"embeddable":true,"href":"https:\/\/www.internationaled.com\/es\/wp-json\/wp\/v2\/media\/321"}],"wp:attachment":[{"href":"https:\/\/www.internationaled.com\/es\/wp-json\/wp\/v2\/media?parent=1216"}],"curies":[{"name":"wp","href":"https:\/\/api.w.org\/{rel}","templated":true}]}}