{"id":1220,"date":"2015-10-19T17:41:13","date_gmt":"2015-10-19T17:41:13","guid":{"rendered":"http:\/\/internationaled.com\/admissions\/?lang=es"},"modified":"2017-04-04T20:45:08","modified_gmt":"2017-04-04T20:45:08","slug":"admissions","status":"publish","type":"page","link":"https:\/\/www.internationaled.com\/es\/admissions\/","title":{"rendered":"Admisiones"},"content":{"rendered":"<p>Los solicitantes tienen que completar un formato de registro, junto con los certificados de estudios correspondientes al a\u00f1o actual y a los dos a\u00f1os anteriores. Dichos documentos deben ser traducidos al ingl\u00e9s por un perito traductor. Una vez que se haya recibido los documentos y el pago de la solicitud ($200) por parte de la Oficina Internacional, el estudiante ser\u00e1 evaluado para ser admitido en el Programa de Educaci\u00f3n Internacional. El a\u00f1o acad\u00e9mico comienza en septiembre y termina en junio, y los estudiantes internacionales tambi\u00e9n tienen la opci\u00f3n de entrar a partir de febrero. Los estudiantes deben entregar su solicitud con por lo menos tres a cuatro meses de anticipaci\u00f3n para tener tiempo para solicitar un permiso de estudiante. Se necesita una oficial carta de aceptaci\u00f3n de la Oficina Internacional de Coquitlam para solicitar el permiso de estudiante. Asimismo, se requiere de seguro m\u00e9dico para poder residir en Canad\u00e1.<\/p>\n<h3 class=\"blue\">Proceso de Solicitud<\/h3>\n<p><strong> Paso 1<\/strong><\/p>\n<ul>\n<li>Formulario de solicitud,cuota de solicitud,copia del pasaporte y expedientes oficiales de calificaciones para revisi\u00f3n<\/li>\n<\/ul>\n<p><strong>Paso 2<\/strong><\/p>\n<ul>\n<li>Los solicitantes aceptados reciben una Carta de Ofrecimiento<\/li>\n<li>Enviar colegiatura y documentos de custodia<\/li>\n<\/ul>\n<p><strong>Paso 3<\/strong><\/p>\n<ul>\n<li>Los solicitantes aceptados reciben una Carta de Aceptaci\u00f3n que sera usada cuando se solicita el permiso de estudiante al gobierno de Canad\u00e1<\/li>\n<\/ul>\n<p><strong>Paso 4<\/strong><\/p>\n<ul>\n<li>Al llegar a Coquitlam,los estudiantes se reportan a la Oficina de Educaci\u00f3n Internacional con su pasaporte y el permiso de estudiante para activar el seguro m\u00e9dico<\/li>\n<li class=\"forms\"><a href=\"http:\/\/www.internationaled.com\/wp-content\/uploads\/2015\/10\/application_procedure-2.pdf\" target=\"blank\">Procedimientos de solicitud<\/a><\/li>\n<li class=\"forms\"><a href=\"http:\/\/www.internationaled.com\/wp-content\/uploads\/2017\/01\/Application-English-Master_2019_2020-Custodian-change-Fillable.pdf\" target=\"blank\">Formato de registro de estudiante internacional (periodo extendido)<\/a><\/li>\n<li class=\"forms\"><a href=\"http:\/\/cdn.internationaled.com\/wp-content\/uploads\/2015\/10\/Re-application-Form-2016-17-2.docx\" target=\"blank\">Re-solicitud<\/a><\/li>\n<\/ul>\n","protected":false},"excerpt":{"rendered":"<p>Los solicitantes tienen que completar un formato de registro, junto con los certificados de estudios correspondientes al a\u00f1o actual y a los dos a\u00f1os anteriores. Dichos documentos deben ser traducidos al ingl\u00e9s por un perito traductor. Una vez que se haya recibido los documentos y el pago de la solicitud ($200) por parte de la &hellip; <a href=\"https:\/\/www.internationaled.com\/es\/admissions\/\" class=\"more-link\">Continue reading <span class=\"screen-reader-text\">Admisiones<\/span> <span class=\"meta-nav\">&rarr;<\/span><\/a><\/p>\n","protected":false},"author":14,"featured_media":308,"parent":0,"menu_order":0,"comment_status":"closed","ping_status":"closed","template":"page-standard.php","meta":{"footnotes":""},"class_list":["post-1220","page","type-page","status-publish","has-post-thumbnail","hentry"],"yoast_head":"<!-- This site is optimized with the Yoast SEO plugin v27.3 - https:\/\/yoast.com\/product\/yoast-seo-wordpress\/ -->\n<title>Admisiones - Coquitlam School District 43<\/title>\n<meta name=\"robots\" content=\"index, follow, max-snippet:-1, max-image-preview:large, max-video-preview:-1\" \/>\n<link rel=\"canonical\" href=\"https:\/\/www.internationaled.com\/es\/admissions\/\" \/>\n<meta property=\"og:locale\" content=\"es_ES\" \/>\n<meta property=\"og:type\" content=\"article\" \/>\n<meta property=\"og:title\" content=\"Admisiones - Coquitlam School District 43\" \/>\n<meta property=\"og:description\" content=\"Los solicitantes tienen que completar un formato de registro, junto con los certificados de estudios correspondientes al a\u00f1o actual y a los dos a\u00f1os anteriores. Dichos documentos deben ser traducidos al ingl\u00e9s por un perito traductor. Una vez que se haya recibido los documentos y el pago de la solicitud ($200) por parte de la &hellip; Continue reading Admisiones &rarr;\" \/>\n<meta property=\"og:url\" content=\"https:\/\/www.internationaled.com\/es\/admissions\/\" \/>\n<meta property=\"og:site_name\" content=\"Coquitlam School District 43\" \/>\n<meta property=\"article:modified_time\" content=\"2017-04-04T20:45:08+00:00\" \/>\n<meta property=\"og:image\" content=\"https:\/\/www.internationaled.com\/wp-content\/uploads\/2015\/10\/fondo_admision.jpg\" \/>\n\t<meta property=\"og:image:width\" content=\"1920\" \/>\n\t<meta property=\"og:image:height\" content=\"400\" \/>\n\t<meta property=\"og:image:type\" content=\"image\/jpeg\" \/>\n<meta name=\"twitter:card\" content=\"summary_large_image\" \/>\n<meta name=\"twitter:label1\" content=\"Est. reading time\" \/>\n\t<meta name=\"twitter:data1\" content=\"1 minute\" \/>\n<script type=\"application\/ld+json\" class=\"yoast-schema-graph\">{\"@context\":\"https:\\\/\\\/schema.org\",\"@graph\":[{\"@type\":\"WebPage\",\"@id\":\"https:\\\/\\\/www.internationaled.com\\\/es\\\/admissions\\\/\",\"url\":\"https:\\\/\\\/www.internationaled.com\\\/es\\\/admissions\\\/\",\"name\":\"Admisiones - Coquitlam School District 43\",\"isPartOf\":{\"@id\":\"https:\\\/\\\/www.internationaled.com\\\/ar\\\/#website\"},\"primaryImageOfPage\":{\"@id\":\"https:\\\/\\\/www.internationaled.com\\\/es\\\/admissions\\\/#primaryimage\"},\"image\":{\"@id\":\"https:\\\/\\\/www.internationaled.com\\\/es\\\/admissions\\\/#primaryimage\"},\"thumbnailUrl\":\"https:\\\/\\\/cdn.internationaled.com\\\/wp-content\\\/uploads\\\/2015\\\/10\\\/fondo_admision.jpg\",\"datePublished\":\"2015-10-19T17:41:13+00:00\",\"dateModified\":\"2017-04-04T20:45:08+00:00\",\"breadcrumb\":{\"@id\":\"https:\\\/\\\/www.internationaled.com\\\/es\\\/admissions\\\/#breadcrumb\"},\"inLanguage\":\"es-ES\",\"potentialAction\":[{\"@type\":\"ReadAction\",\"target\":[\"https:\\\/\\\/www.internationaled.com\\\/es\\\/admissions\\\/\"]}]},{\"@type\":\"ImageObject\",\"inLanguage\":\"es-ES\",\"@id\":\"https:\\\/\\\/www.internationaled.com\\\/es\\\/admissions\\\/#primaryimage\",\"url\":\"https:\\\/\\\/cdn.internationaled.com\\\/wp-content\\\/uploads\\\/2015\\\/10\\\/fondo_admision.jpg\",\"contentUrl\":\"https:\\\/\\\/cdn.internationaled.com\\\/wp-content\\\/uploads\\\/2015\\\/10\\\/fondo_admision.jpg\",\"width\":1920,\"height\":400},{\"@type\":\"BreadcrumbList\",\"@id\":\"https:\\\/\\\/www.internationaled.com\\\/es\\\/admissions\\\/#breadcrumb\",\"itemListElement\":[{\"@type\":\"ListItem\",\"position\":1,\"name\":\"Home\",\"item\":\"https:\\\/\\\/www.internationaled.com\\\/es\\\/\"},{\"@type\":\"ListItem\",\"position\":2,\"name\":\"Admisiones\"}]},{\"@type\":\"WebSite\",\"@id\":\"https:\\\/\\\/www.internationaled.com\\\/ar\\\/#website\",\"url\":\"https:\\\/\\\/www.internationaled.com\\\/ar\\\/\",\"name\":\"Coquitlam School District 43\",\"description\":\"Learning for a Lifetime\",\"potentialAction\":[{\"@type\":\"SearchAction\",\"target\":{\"@type\":\"EntryPoint\",\"urlTemplate\":\"https:\\\/\\\/www.internationaled.com\\\/ar\\\/?s={search_term_string}\"},\"query-input\":{\"@type\":\"PropertyValueSpecification\",\"valueRequired\":true,\"valueName\":\"search_term_string\"}}],\"inLanguage\":\"es-ES\"}]}<\/script>\n<!-- \/ Yoast SEO plugin. -->","yoast_head_json":{"title":"Admisiones - Coquitlam School District 43","robots":{"index":"index","follow":"follow","max-snippet":"max-snippet:-1","max-image-preview":"max-image-preview:large","max-video-preview":"max-video-preview:-1"},"canonical":"https:\/\/www.internationaled.com\/es\/admissions\/","og_locale":"es_ES","og_type":"article","og_title":"Admisiones - Coquitlam School District 43","og_description":"Los solicitantes tienen que completar un formato de registro, junto con los certificados de estudios correspondientes al a\u00f1o actual y a los dos a\u00f1os anteriores. Dichos documentos deben ser traducidos al ingl\u00e9s por un perito traductor. Una vez que se haya recibido los documentos y el pago de la solicitud ($200) por parte de la &hellip; Continue reading Admisiones &rarr;","og_url":"https:\/\/www.internationaled.com\/es\/admissions\/","og_site_name":"Coquitlam School District 43","article_modified_time":"2017-04-04T20:45:08+00:00","og_image":[{"width":1920,"height":400,"url":"https:\/\/www.internationaled.com\/wp-content\/uploads\/2015\/10\/fondo_admision.jpg","type":"image\/jpeg"}],"twitter_card":"summary_large_image","twitter_misc":{"Est. reading time":"1 minute"},"schema":{"@context":"https:\/\/schema.org","@graph":[{"@type":"WebPage","@id":"https:\/\/www.internationaled.com\/es\/admissions\/","url":"https:\/\/www.internationaled.com\/es\/admissions\/","name":"Admisiones - Coquitlam School District 43","isPartOf":{"@id":"https:\/\/www.internationaled.com\/ar\/#website"},"primaryImageOfPage":{"@id":"https:\/\/www.internationaled.com\/es\/admissions\/#primaryimage"},"image":{"@id":"https:\/\/www.internationaled.com\/es\/admissions\/#primaryimage"},"thumbnailUrl":"https:\/\/cdn.internationaled.com\/wp-content\/uploads\/2015\/10\/fondo_admision.jpg","datePublished":"2015-10-19T17:41:13+00:00","dateModified":"2017-04-04T20:45:08+00:00","breadcrumb":{"@id":"https:\/\/www.internationaled.com\/es\/admissions\/#breadcrumb"},"inLanguage":"es-ES","potentialAction":[{"@type":"ReadAction","target":["https:\/\/www.internationaled.com\/es\/admissions\/"]}]},{"@type":"ImageObject","inLanguage":"es-ES","@id":"https:\/\/www.internationaled.com\/es\/admissions\/#primaryimage","url":"https:\/\/cdn.internationaled.com\/wp-content\/uploads\/2015\/10\/fondo_admision.jpg","contentUrl":"https:\/\/cdn.internationaled.com\/wp-content\/uploads\/2015\/10\/fondo_admision.jpg","width":1920,"height":400},{"@type":"BreadcrumbList","@id":"https:\/\/www.internationaled.com\/es\/admissions\/#breadcrumb","itemListElement":[{"@type":"ListItem","position":1,"name":"Home","item":"https:\/\/www.internationaled.com\/es\/"},{"@type":"ListItem","position":2,"name":"Admisiones"}]},{"@type":"WebSite","@id":"https:\/\/www.internationaled.com\/ar\/#website","url":"https:\/\/www.internationaled.com\/ar\/","name":"Coquitlam School District 43","description":"Learning for a Lifetime","potentialAction":[{"@type":"SearchAction","target":{"@type":"EntryPoint","urlTemplate":"https:\/\/www.internationaled.com\/ar\/?s={search_term_string}"},"query-input":{"@type":"PropertyValueSpecification","valueRequired":true,"valueName":"search_term_string"}}],"inLanguage":"es-ES"}]}},"_links":{"self":[{"href":"https:\/\/www.internationaled.com\/es\/wp-json\/wp\/v2\/pages\/1220","targetHints":{"allow":["GET"]}}],"collection":[{"href":"https:\/\/www.internationaled.com\/es\/wp-json\/wp\/v2\/pages"}],"about":[{"href":"https:\/\/www.internationaled.com\/es\/wp-json\/wp\/v2\/types\/page"}],"author":[{"embeddable":true,"href":"https:\/\/www.internationaled.com\/es\/wp-json\/wp\/v2\/users\/14"}],"replies":[{"embeddable":true,"href":"https:\/\/www.internationaled.com\/es\/wp-json\/wp\/v2\/comments?post=1220"}],"version-history":[{"count":3,"href":"https:\/\/www.internationaled.com\/es\/wp-json\/wp\/v2\/pages\/1220\/revisions"}],"predecessor-version":[{"id":5098,"href":"https:\/\/www.internationaled.com\/es\/wp-json\/wp\/v2\/pages\/1220\/revisions\/5098"}],"wp:featuredmedia":[{"embeddable":true,"href":"https:\/\/www.internationaled.com\/es\/wp-json\/wp\/v2\/media\/308"}],"wp:attachment":[{"href":"https:\/\/www.internationaled.com\/es\/wp-json\/wp\/v2\/media?parent=1220"}],"curies":[{"name":"wp","href":"https:\/\/api.w.org\/{rel}","templated":true}]}}