{"id":1224,"date":"2015-10-27T16:09:47","date_gmt":"2015-10-27T16:09:47","guid":{"rendered":"http:\/\/internationaled.com\/admissions\/selection-criteria\/?lang=es"},"modified":"2017-06-15T21:00:27","modified_gmt":"2017-06-15T21:00:27","slug":"selection-criteria","status":"publish","type":"page","link":"https:\/\/www.internationaled.com\/es\/admissions\/selection-criteria\/","title":{"rendered":"Criterios de Selecci\u00f3n"},"content":{"rendered":"<p>La aceptaci\u00f3n en el Programa de Educaci\u00f3n Internacional y la subsiguiente colocaci\u00f3n en una <a href=\"http:\/\/www.internationaled.com\/es\/\">preparatoria en Canada<\/a> ser\u00e1n determinadas con base en los antecedentes educativos y de comportamiento del solicitante, as\u00ed como su actual nivel acad\u00e9mico, de acuerdo con sus certificados de estudio y la disponibilidad de lugares en el Programa Internacional. Todos los solicitantes deben cumplir con los requisitos migratorios. El estudiante debe nombrar a una persona del \u00e1rea de Coquitlam que ser\u00e1 el contacto primario con la escuela. Esta persona ser\u00e1 el responsable de asegurar que se le proporcione hospedaje, alimentos, ropa y transporte al estudiante, y ser\u00e1 el contacto principal adulto para el estudiante.<\/p>\n<ul>\n<li><a href=\"http:\/\/www.internationaled.com\/es\/admissions\/study-permit\/\">Informaci\u00f3n sobre el permiso de estudiante (English)<\/a><\/li>\n<li><a href=\"http:\/\/www.cic.gc.ca\/english\/information\/applications\/student.asp\">www.cic.gc.ca\/english\/information\/applications\/student.asp<\/a><\/li>\n<\/ul>\n","protected":false},"excerpt":{"rendered":"<p>La aceptaci\u00f3n en el Programa de Educaci\u00f3n Internacional y la subsiguiente colocaci\u00f3n en una preparatoria en Canada ser\u00e1n determinadas con base en los antecedentes educativos y de comportamiento del solicitante, as\u00ed como su actual nivel acad\u00e9mico, de acuerdo con sus certificados de estudio y la disponibilidad de lugares en el Programa Internacional. Todos los solicitantes &hellip; <a href=\"https:\/\/www.internationaled.com\/es\/admissions\/selection-criteria\/\" class=\"more-link\">Continue reading <span class=\"screen-reader-text\">Criterios de Selecci\u00f3n<\/span> <span class=\"meta-nav\">&rarr;<\/span><\/a><\/p>\n","protected":false},"author":14,"featured_media":330,"parent":1220,"menu_order":4,"comment_status":"closed","ping_status":"closed","template":"page-standard.php","meta":{"footnotes":""},"class_list":["post-1224","page","type-page","status-publish","has-post-thumbnail","hentry"],"yoast_head":"<!-- This site is optimized with the Yoast SEO plugin v27.4 - https:\/\/yoast.com\/product\/yoast-seo-wordpress\/ -->\n<title>Criterios de Selecci\u00f3n - Coquitlam School District 43<\/title>\n<meta name=\"robots\" content=\"index, follow, max-snippet:-1, max-image-preview:large, max-video-preview:-1\" \/>\n<link rel=\"canonical\" href=\"https:\/\/www.internationaled.com\/es\/admissions\/selection-criteria\/\" \/>\n<meta property=\"og:locale\" content=\"es_ES\" \/>\n<meta property=\"og:type\" content=\"article\" \/>\n<meta property=\"og:title\" content=\"Criterios de Selecci\u00f3n - Coquitlam School District 43\" \/>\n<meta property=\"og:description\" content=\"La aceptaci\u00f3n en el Programa de Educaci\u00f3n Internacional y la subsiguiente colocaci\u00f3n en una preparatoria en Canada ser\u00e1n determinadas con base en los antecedentes educativos y de comportamiento del solicitante, as\u00ed como su actual nivel acad\u00e9mico, de acuerdo con sus certificados de estudio y la disponibilidad de lugares en el Programa Internacional. Todos los solicitantes &hellip; Continue reading Criterios de Selecci\u00f3n &rarr;\" \/>\n<meta property=\"og:url\" content=\"https:\/\/www.internationaled.com\/es\/admissions\/selection-criteria\/\" \/>\n<meta property=\"og:site_name\" content=\"Coquitlam School District 43\" \/>\n<meta property=\"article:modified_time\" content=\"2017-06-15T21:00:27+00:00\" \/>\n<meta property=\"og:image\" content=\"https:\/\/www.internationaled.com\/wp-content\/uploads\/2015\/10\/fondo_selection.jpg\" \/>\n\t<meta property=\"og:image:width\" content=\"1920\" \/>\n\t<meta property=\"og:image:height\" content=\"400\" \/>\n\t<meta property=\"og:image:type\" content=\"image\/jpeg\" \/>\n<meta name=\"twitter:card\" content=\"summary_large_image\" \/>\n<meta name=\"twitter:label1\" content=\"Est. reading time\" \/>\n\t<meta name=\"twitter:data1\" content=\"1 minute\" \/>\n<script type=\"application\/ld+json\" class=\"yoast-schema-graph\">{\"@context\":\"https:\\\/\\\/schema.org\",\"@graph\":[{\"@type\":\"WebPage\",\"@id\":\"https:\\\/\\\/www.internationaled.com\\\/es\\\/admissions\\\/selection-criteria\\\/\",\"url\":\"https:\\\/\\\/www.internationaled.com\\\/es\\\/admissions\\\/selection-criteria\\\/\",\"name\":\"Criterios de Selecci\u00f3n - Coquitlam School District 43\",\"isPartOf\":{\"@id\":\"https:\\\/\\\/www.internationaled.com\\\/ar\\\/#website\"},\"primaryImageOfPage\":{\"@id\":\"https:\\\/\\\/www.internationaled.com\\\/es\\\/admissions\\\/selection-criteria\\\/#primaryimage\"},\"image\":{\"@id\":\"https:\\\/\\\/www.internationaled.com\\\/es\\\/admissions\\\/selection-criteria\\\/#primaryimage\"},\"thumbnailUrl\":\"https:\\\/\\\/cdn.internationaled.com\\\/wp-content\\\/uploads\\\/2015\\\/10\\\/fondo_selection.jpg\",\"datePublished\":\"2015-10-27T16:09:47+00:00\",\"dateModified\":\"2017-06-15T21:00:27+00:00\",\"breadcrumb\":{\"@id\":\"https:\\\/\\\/www.internationaled.com\\\/es\\\/admissions\\\/selection-criteria\\\/#breadcrumb\"},\"inLanguage\":\"es-ES\",\"potentialAction\":[{\"@type\":\"ReadAction\",\"target\":[\"https:\\\/\\\/www.internationaled.com\\\/es\\\/admissions\\\/selection-criteria\\\/\"]}]},{\"@type\":\"ImageObject\",\"inLanguage\":\"es-ES\",\"@id\":\"https:\\\/\\\/www.internationaled.com\\\/es\\\/admissions\\\/selection-criteria\\\/#primaryimage\",\"url\":\"https:\\\/\\\/cdn.internationaled.com\\\/wp-content\\\/uploads\\\/2015\\\/10\\\/fondo_selection.jpg\",\"contentUrl\":\"https:\\\/\\\/cdn.internationaled.com\\\/wp-content\\\/uploads\\\/2015\\\/10\\\/fondo_selection.jpg\",\"width\":1920,\"height\":400},{\"@type\":\"BreadcrumbList\",\"@id\":\"https:\\\/\\\/www.internationaled.com\\\/es\\\/admissions\\\/selection-criteria\\\/#breadcrumb\",\"itemListElement\":[{\"@type\":\"ListItem\",\"position\":1,\"name\":\"Home\",\"item\":\"https:\\\/\\\/www.internationaled.com\\\/es\\\/\"},{\"@type\":\"ListItem\",\"position\":2,\"name\":\"Admisiones\",\"item\":\"https:\\\/\\\/www.internationaled.com\\\/es\\\/admissions\\\/\"},{\"@type\":\"ListItem\",\"position\":3,\"name\":\"Criterios de Selecci\u00f3n\"}]},{\"@type\":\"WebSite\",\"@id\":\"https:\\\/\\\/www.internationaled.com\\\/ar\\\/#website\",\"url\":\"https:\\\/\\\/www.internationaled.com\\\/ar\\\/\",\"name\":\"Coquitlam School District 43\",\"description\":\"Learning for a Lifetime\",\"potentialAction\":[{\"@type\":\"SearchAction\",\"target\":{\"@type\":\"EntryPoint\",\"urlTemplate\":\"https:\\\/\\\/www.internationaled.com\\\/ar\\\/?s={search_term_string}\"},\"query-input\":{\"@type\":\"PropertyValueSpecification\",\"valueRequired\":true,\"valueName\":\"search_term_string\"}}],\"inLanguage\":\"es-ES\"}]}<\/script>\n<!-- \/ Yoast SEO plugin. -->","yoast_head_json":{"title":"Criterios de Selecci\u00f3n - Coquitlam School District 43","robots":{"index":"index","follow":"follow","max-snippet":"max-snippet:-1","max-image-preview":"max-image-preview:large","max-video-preview":"max-video-preview:-1"},"canonical":"https:\/\/www.internationaled.com\/es\/admissions\/selection-criteria\/","og_locale":"es_ES","og_type":"article","og_title":"Criterios de Selecci\u00f3n - Coquitlam School District 43","og_description":"La aceptaci\u00f3n en el Programa de Educaci\u00f3n Internacional y la subsiguiente colocaci\u00f3n en una preparatoria en Canada ser\u00e1n determinadas con base en los antecedentes educativos y de comportamiento del solicitante, as\u00ed como su actual nivel acad\u00e9mico, de acuerdo con sus certificados de estudio y la disponibilidad de lugares en el Programa Internacional. Todos los solicitantes &hellip; Continue reading Criterios de Selecci\u00f3n &rarr;","og_url":"https:\/\/www.internationaled.com\/es\/admissions\/selection-criteria\/","og_site_name":"Coquitlam School District 43","article_modified_time":"2017-06-15T21:00:27+00:00","og_image":[{"width":1920,"height":400,"url":"https:\/\/www.internationaled.com\/wp-content\/uploads\/2015\/10\/fondo_selection.jpg","type":"image\/jpeg"}],"twitter_card":"summary_large_image","twitter_misc":{"Est. reading time":"1 minute"},"schema":{"@context":"https:\/\/schema.org","@graph":[{"@type":"WebPage","@id":"https:\/\/www.internationaled.com\/es\/admissions\/selection-criteria\/","url":"https:\/\/www.internationaled.com\/es\/admissions\/selection-criteria\/","name":"Criterios de Selecci\u00f3n - Coquitlam School District 43","isPartOf":{"@id":"https:\/\/www.internationaled.com\/ar\/#website"},"primaryImageOfPage":{"@id":"https:\/\/www.internationaled.com\/es\/admissions\/selection-criteria\/#primaryimage"},"image":{"@id":"https:\/\/www.internationaled.com\/es\/admissions\/selection-criteria\/#primaryimage"},"thumbnailUrl":"https:\/\/cdn.internationaled.com\/wp-content\/uploads\/2015\/10\/fondo_selection.jpg","datePublished":"2015-10-27T16:09:47+00:00","dateModified":"2017-06-15T21:00:27+00:00","breadcrumb":{"@id":"https:\/\/www.internationaled.com\/es\/admissions\/selection-criteria\/#breadcrumb"},"inLanguage":"es-ES","potentialAction":[{"@type":"ReadAction","target":["https:\/\/www.internationaled.com\/es\/admissions\/selection-criteria\/"]}]},{"@type":"ImageObject","inLanguage":"es-ES","@id":"https:\/\/www.internationaled.com\/es\/admissions\/selection-criteria\/#primaryimage","url":"https:\/\/cdn.internationaled.com\/wp-content\/uploads\/2015\/10\/fondo_selection.jpg","contentUrl":"https:\/\/cdn.internationaled.com\/wp-content\/uploads\/2015\/10\/fondo_selection.jpg","width":1920,"height":400},{"@type":"BreadcrumbList","@id":"https:\/\/www.internationaled.com\/es\/admissions\/selection-criteria\/#breadcrumb","itemListElement":[{"@type":"ListItem","position":1,"name":"Home","item":"https:\/\/www.internationaled.com\/es\/"},{"@type":"ListItem","position":2,"name":"Admisiones","item":"https:\/\/www.internationaled.com\/es\/admissions\/"},{"@type":"ListItem","position":3,"name":"Criterios de Selecci\u00f3n"}]},{"@type":"WebSite","@id":"https:\/\/www.internationaled.com\/ar\/#website","url":"https:\/\/www.internationaled.com\/ar\/","name":"Coquitlam School District 43","description":"Learning for a Lifetime","potentialAction":[{"@type":"SearchAction","target":{"@type":"EntryPoint","urlTemplate":"https:\/\/www.internationaled.com\/ar\/?s={search_term_string}"},"query-input":{"@type":"PropertyValueSpecification","valueRequired":true,"valueName":"search_term_string"}}],"inLanguage":"es-ES"}]}},"_links":{"self":[{"href":"https:\/\/www.internationaled.com\/es\/wp-json\/wp\/v2\/pages\/1224","targetHints":{"allow":["GET"]}}],"collection":[{"href":"https:\/\/www.internationaled.com\/es\/wp-json\/wp\/v2\/pages"}],"about":[{"href":"https:\/\/www.internationaled.com\/es\/wp-json\/wp\/v2\/types\/page"}],"author":[{"embeddable":true,"href":"https:\/\/www.internationaled.com\/es\/wp-json\/wp\/v2\/users\/14"}],"replies":[{"embeddable":true,"href":"https:\/\/www.internationaled.com\/es\/wp-json\/wp\/v2\/comments?post=1224"}],"version-history":[{"count":4,"href":"https:\/\/www.internationaled.com\/es\/wp-json\/wp\/v2\/pages\/1224\/revisions"}],"predecessor-version":[{"id":5173,"href":"https:\/\/www.internationaled.com\/es\/wp-json\/wp\/v2\/pages\/1224\/revisions\/5173"}],"up":[{"embeddable":true,"href":"https:\/\/www.internationaled.com\/es\/wp-json\/wp\/v2\/pages\/1220"}],"wp:featuredmedia":[{"embeddable":true,"href":"https:\/\/www.internationaled.com\/es\/wp-json\/wp\/v2\/media\/330"}],"wp:attachment":[{"href":"https:\/\/www.internationaled.com\/es\/wp-json\/wp\/v2\/media?parent=1224"}],"curies":[{"name":"wp","href":"https:\/\/api.w.org\/{rel}","templated":true}]}}