{"id":1232,"date":"2015-10-19T17:41:24","date_gmt":"2015-10-19T17:41:24","guid":{"rendered":"http:\/\/internationaled.com\/programs\/?lang=es"},"modified":"2016-07-22T09:32:33","modified_gmt":"2016-07-22T09:32:33","slug":"programs","status":"publish","type":"page","link":"https:\/\/www.internationaled.com\/es\/programs\/","title":{"rendered":"Programas"},"content":{"rendered":"<p>Muchos programas se ofrecen para los estudiantes internacionales a lo largo del a\u00f1o escolar, como programas de tiempo completo que duran diez meses en donde los estudiantes se integran en las aulas canadienses, as\u00ed como intensivos programas de ense\u00f1anza de ingl\u00e9s como segunda lengua que duran m\u00ednimo una semana. Ofrecemos un Programa de Cultura e Ingl\u00e9s durante el verano, con medio d\u00eda en clase y medio d\u00eda de actividades culturales en donde los estudiantes puedan implementar las habilidades que adquieren en las clases. Asimismo, en el verano se puede estudiar cursos de preparaci\u00f3n de ingl\u00e9s, mientras que de septiembre a junio hay cursos intensivos de cuatro semanas para estudiantes de primaria, secundaria y preparatoria.<\/p>\n<p>El plan de estudios de la provincia de la Columbia Brit\u00e1nica consiste en un grupo desafiante de materias obligatorias: ingl\u00e9s, estudios sociales, matem\u00e1tica, biolog\u00eda, qu\u00edmica, bellas artes y estudios de carrera y de tecnolog\u00eda. Adem\u00e1s, los estudiantes pueden elegir de varias materias opcionales para crear un programa \u00fanico que satisfaga los requisitos del sistema educativo de la Columbia Brit\u00e1nica. Los estudiantes que terminan exitosamente el grado 12 del sistema de educaci\u00f3n p\u00fablica de Coquitlam cuentan con el nivel necesario para solicitar un lugar en cualquier instituci\u00f3n de nivel superior en Canad\u00e1 y en el extranjero.<\/p>\n<p>Los programas de Bachillerato Internacional y Colocaci\u00f3n Avanzada son dise\u00f1ados para los estudiantes con m\u00e1s capacidades acad\u00e9micas, y muchas veces tienen materias avanzadas de nivel universitario. Los estudiantes reciben cr\u00e9ditos por desempe\u00f1o excepcional en estas materias que se pueden aplicar en instituciones de nivel superior en todo el mundo.<\/p>\n<p>Los estudiantes internacionales tienen la ventaja de recibirse de uno de los mejores sistemas educativos de Canad\u00e1 mientras que incrementen su nivel de ingl\u00e9s, una habilidad que tiene aplicaciones pr\u00e1cticas a nivel global.<\/p>\n","protected":false},"excerpt":{"rendered":"<p>Muchos programas se ofrecen para los estudiantes internacionales a lo largo del a\u00f1o escolar, como programas de tiempo completo que duran diez meses en donde los estudiantes se integran en las aulas canadienses, as\u00ed como intensivos programas de ense\u00f1anza de ingl\u00e9s como segunda lengua que duran m\u00ednimo una semana. Ofrecemos un Programa de Cultura e &hellip; <a href=\"https:\/\/www.internationaled.com\/es\/programs\/\" class=\"more-link\">Continue reading <span class=\"screen-reader-text\">Programas<\/span> <span class=\"meta-nav\">&rarr;<\/span><\/a><\/p>\n","protected":false},"author":14,"featured_media":317,"parent":0,"menu_order":0,"comment_status":"closed","ping_status":"closed","template":"page-standard.php","meta":{"footnotes":""},"class_list":["post-1232","page","type-page","status-publish","has-post-thumbnail","hentry"],"yoast_head":"<!-- This site is optimized with the Yoast SEO plugin v27.3 - https:\/\/yoast.com\/product\/yoast-seo-wordpress\/ -->\n<title>Programas - Coquitlam School District 43<\/title>\n<meta name=\"robots\" content=\"index, follow, max-snippet:-1, max-image-preview:large, max-video-preview:-1\" \/>\n<link rel=\"canonical\" href=\"https:\/\/www.internationaled.com\/es\/programs\/\" \/>\n<meta property=\"og:locale\" content=\"es_ES\" \/>\n<meta property=\"og:type\" content=\"article\" \/>\n<meta property=\"og:title\" content=\"Programas - Coquitlam School District 43\" \/>\n<meta property=\"og:description\" content=\"Muchos programas se ofrecen para los estudiantes internacionales a lo largo del a\u00f1o escolar, como programas de tiempo completo que duran diez meses en donde los estudiantes se integran en las aulas canadienses, as\u00ed como intensivos programas de ense\u00f1anza de ingl\u00e9s como segunda lengua que duran m\u00ednimo una semana. Ofrecemos un Programa de Cultura e &hellip; Continue reading Programas &rarr;\" \/>\n<meta property=\"og:url\" content=\"https:\/\/www.internationaled.com\/es\/programs\/\" \/>\n<meta property=\"og:site_name\" content=\"Coquitlam School District 43\" \/>\n<meta property=\"article:modified_time\" content=\"2016-07-22T09:32:33+00:00\" \/>\n<meta property=\"og:image\" content=\"https:\/\/www.internationaled.com\/wp-content\/uploads\/2015\/10\/fondo_programs.jpg\" \/>\n\t<meta property=\"og:image:width\" content=\"1920\" \/>\n\t<meta property=\"og:image:height\" content=\"400\" \/>\n\t<meta property=\"og:image:type\" content=\"image\/jpeg\" \/>\n<meta name=\"twitter:card\" content=\"summary_large_image\" \/>\n<meta name=\"twitter:label1\" content=\"Est. reading time\" \/>\n\t<meta name=\"twitter:data1\" content=\"2 minutes\" \/>\n<script type=\"application\/ld+json\" class=\"yoast-schema-graph\">{\"@context\":\"https:\\\/\\\/schema.org\",\"@graph\":[{\"@type\":\"WebPage\",\"@id\":\"https:\\\/\\\/www.internationaled.com\\\/es\\\/programs\\\/\",\"url\":\"https:\\\/\\\/www.internationaled.com\\\/es\\\/programs\\\/\",\"name\":\"Programas - Coquitlam School District 43\",\"isPartOf\":{\"@id\":\"https:\\\/\\\/www.internationaled.com\\\/ar\\\/#website\"},\"primaryImageOfPage\":{\"@id\":\"https:\\\/\\\/www.internationaled.com\\\/es\\\/programs\\\/#primaryimage\"},\"image\":{\"@id\":\"https:\\\/\\\/www.internationaled.com\\\/es\\\/programs\\\/#primaryimage\"},\"thumbnailUrl\":\"https:\\\/\\\/cdn.internationaled.com\\\/wp-content\\\/uploads\\\/2015\\\/10\\\/fondo_programs.jpg\",\"datePublished\":\"2015-10-19T17:41:24+00:00\",\"dateModified\":\"2016-07-22T09:32:33+00:00\",\"breadcrumb\":{\"@id\":\"https:\\\/\\\/www.internationaled.com\\\/es\\\/programs\\\/#breadcrumb\"},\"inLanguage\":\"es-ES\",\"potentialAction\":[{\"@type\":\"ReadAction\",\"target\":[\"https:\\\/\\\/www.internationaled.com\\\/es\\\/programs\\\/\"]}]},{\"@type\":\"ImageObject\",\"inLanguage\":\"es-ES\",\"@id\":\"https:\\\/\\\/www.internationaled.com\\\/es\\\/programs\\\/#primaryimage\",\"url\":\"https:\\\/\\\/cdn.internationaled.com\\\/wp-content\\\/uploads\\\/2015\\\/10\\\/fondo_programs.jpg\",\"contentUrl\":\"https:\\\/\\\/cdn.internationaled.com\\\/wp-content\\\/uploads\\\/2015\\\/10\\\/fondo_programs.jpg\",\"width\":1920,\"height\":400},{\"@type\":\"BreadcrumbList\",\"@id\":\"https:\\\/\\\/www.internationaled.com\\\/es\\\/programs\\\/#breadcrumb\",\"itemListElement\":[{\"@type\":\"ListItem\",\"position\":1,\"name\":\"Home\",\"item\":\"https:\\\/\\\/www.internationaled.com\\\/es\\\/\"},{\"@type\":\"ListItem\",\"position\":2,\"name\":\"Programas\"}]},{\"@type\":\"WebSite\",\"@id\":\"https:\\\/\\\/www.internationaled.com\\\/ar\\\/#website\",\"url\":\"https:\\\/\\\/www.internationaled.com\\\/ar\\\/\",\"name\":\"Coquitlam School District 43\",\"description\":\"Learning for a Lifetime\",\"potentialAction\":[{\"@type\":\"SearchAction\",\"target\":{\"@type\":\"EntryPoint\",\"urlTemplate\":\"https:\\\/\\\/www.internationaled.com\\\/ar\\\/?s={search_term_string}\"},\"query-input\":{\"@type\":\"PropertyValueSpecification\",\"valueRequired\":true,\"valueName\":\"search_term_string\"}}],\"inLanguage\":\"es-ES\"}]}<\/script>\n<!-- \/ Yoast SEO plugin. -->","yoast_head_json":{"title":"Programas - Coquitlam School District 43","robots":{"index":"index","follow":"follow","max-snippet":"max-snippet:-1","max-image-preview":"max-image-preview:large","max-video-preview":"max-video-preview:-1"},"canonical":"https:\/\/www.internationaled.com\/es\/programs\/","og_locale":"es_ES","og_type":"article","og_title":"Programas - Coquitlam School District 43","og_description":"Muchos programas se ofrecen para los estudiantes internacionales a lo largo del a\u00f1o escolar, como programas de tiempo completo que duran diez meses en donde los estudiantes se integran en las aulas canadienses, as\u00ed como intensivos programas de ense\u00f1anza de ingl\u00e9s como segunda lengua que duran m\u00ednimo una semana. Ofrecemos un Programa de Cultura e &hellip; Continue reading Programas &rarr;","og_url":"https:\/\/www.internationaled.com\/es\/programs\/","og_site_name":"Coquitlam School District 43","article_modified_time":"2016-07-22T09:32:33+00:00","og_image":[{"width":1920,"height":400,"url":"https:\/\/www.internationaled.com\/wp-content\/uploads\/2015\/10\/fondo_programs.jpg","type":"image\/jpeg"}],"twitter_card":"summary_large_image","twitter_misc":{"Est. reading time":"2 minutes"},"schema":{"@context":"https:\/\/schema.org","@graph":[{"@type":"WebPage","@id":"https:\/\/www.internationaled.com\/es\/programs\/","url":"https:\/\/www.internationaled.com\/es\/programs\/","name":"Programas - Coquitlam School District 43","isPartOf":{"@id":"https:\/\/www.internationaled.com\/ar\/#website"},"primaryImageOfPage":{"@id":"https:\/\/www.internationaled.com\/es\/programs\/#primaryimage"},"image":{"@id":"https:\/\/www.internationaled.com\/es\/programs\/#primaryimage"},"thumbnailUrl":"https:\/\/cdn.internationaled.com\/wp-content\/uploads\/2015\/10\/fondo_programs.jpg","datePublished":"2015-10-19T17:41:24+00:00","dateModified":"2016-07-22T09:32:33+00:00","breadcrumb":{"@id":"https:\/\/www.internationaled.com\/es\/programs\/#breadcrumb"},"inLanguage":"es-ES","potentialAction":[{"@type":"ReadAction","target":["https:\/\/www.internationaled.com\/es\/programs\/"]}]},{"@type":"ImageObject","inLanguage":"es-ES","@id":"https:\/\/www.internationaled.com\/es\/programs\/#primaryimage","url":"https:\/\/cdn.internationaled.com\/wp-content\/uploads\/2015\/10\/fondo_programs.jpg","contentUrl":"https:\/\/cdn.internationaled.com\/wp-content\/uploads\/2015\/10\/fondo_programs.jpg","width":1920,"height":400},{"@type":"BreadcrumbList","@id":"https:\/\/www.internationaled.com\/es\/programs\/#breadcrumb","itemListElement":[{"@type":"ListItem","position":1,"name":"Home","item":"https:\/\/www.internationaled.com\/es\/"},{"@type":"ListItem","position":2,"name":"Programas"}]},{"@type":"WebSite","@id":"https:\/\/www.internationaled.com\/ar\/#website","url":"https:\/\/www.internationaled.com\/ar\/","name":"Coquitlam School District 43","description":"Learning for a Lifetime","potentialAction":[{"@type":"SearchAction","target":{"@type":"EntryPoint","urlTemplate":"https:\/\/www.internationaled.com\/ar\/?s={search_term_string}"},"query-input":{"@type":"PropertyValueSpecification","valueRequired":true,"valueName":"search_term_string"}}],"inLanguage":"es-ES"}]}},"_links":{"self":[{"href":"https:\/\/www.internationaled.com\/es\/wp-json\/wp\/v2\/pages\/1232","targetHints":{"allow":["GET"]}}],"collection":[{"href":"https:\/\/www.internationaled.com\/es\/wp-json\/wp\/v2\/pages"}],"about":[{"href":"https:\/\/www.internationaled.com\/es\/wp-json\/wp\/v2\/types\/page"}],"author":[{"embeddable":true,"href":"https:\/\/www.internationaled.com\/es\/wp-json\/wp\/v2\/users\/14"}],"replies":[{"embeddable":true,"href":"https:\/\/www.internationaled.com\/es\/wp-json\/wp\/v2\/comments?post=1232"}],"version-history":[{"count":1,"href":"https:\/\/www.internationaled.com\/es\/wp-json\/wp\/v2\/pages\/1232\/revisions"}],"predecessor-version":[{"id":1415,"href":"https:\/\/www.internationaled.com\/es\/wp-json\/wp\/v2\/pages\/1232\/revisions\/1415"}],"wp:featuredmedia":[{"embeddable":true,"href":"https:\/\/www.internationaled.com\/es\/wp-json\/wp\/v2\/media\/317"}],"wp:attachment":[{"href":"https:\/\/www.internationaled.com\/es\/wp-json\/wp\/v2\/media?parent=1232"}],"curies":[{"name":"wp","href":"https:\/\/api.w.org\/{rel}","templated":true}]}}