{"id":1234,"date":"2015-10-27T16:20:17","date_gmt":"2015-10-27T16:20:17","guid":{"rendered":"http:\/\/internationaled.com\/programs\/long-short-term-programs\/?lang=es"},"modified":"2016-07-22T09:48:38","modified_gmt":"2016-07-22T09:48:38","slug":"long-short-term-programs","status":"publish","type":"page","link":"https:\/\/www.internationaled.com\/es\/programs\/long-short-term-programs\/","title":{"rendered":"Programas A Largo Plazo Y A Corto Plazo"},"content":{"rendered":"<p>Nuestros programas est\u00e1n dise\u00f1ados para satisfacer las necesidades de nuestros estudiantes internacionales, incluyendo opciones que har\u00e1n realidad sus aspiraciones educativas.<\/p>\n<h3 class=\"blue\">Programas A Largo Plazo<\/h3>\n<p><strong>Programa de a\u00f1o entero desde jard\u00edn de ni\u00f1os al 3<\/strong><\/p>\n<ul>\n<li>Nuestro programa m\u00e1s popular<\/li>\n<\/ul>\n<p><strong>Programas de medio a\u00f1o<\/strong><\/p>\n<ul>\n<li>Secundaria &#8211; inicia en febrero (semester de cinco meses)<\/li>\n<li>Media y elemental &#8211; inicia en enero<\/li>\n<\/ul>\n<h3 class=\"blue\">Programas A Corto Plazo<\/h3>\n<p><strong>Ingl\u00e9s intensivo de verano y Cultura Programas de<\/strong><\/p>\n<ul>\n<li>Verano: julio y agosto\n<ul>\n<li>Programas semanales<\/li>\n<li>Disponibles en opciones de 1 a 8 semanas<\/li>\n<li>Programas Grupales Individualizados<\/li>\n<\/ul>\n<\/li>\n<\/ul>\n","protected":false},"excerpt":{"rendered":"<p>Nuestros programas est\u00e1n dise\u00f1ados para satisfacer las necesidades de nuestros estudiantes internacionales, incluyendo opciones que har\u00e1n realidad sus aspiraciones educativas. Programas A Largo Plazo Programa de a\u00f1o entero desde jard\u00edn de ni\u00f1os al 3 Nuestro programa m\u00e1s popular Programas de medio a\u00f1o Secundaria &#8211; inicia en febrero (semester de cinco meses) Media y elemental &#8211; &hellip; <a href=\"https:\/\/www.internationaled.com\/es\/programs\/long-short-term-programs\/\" class=\"more-link\">Continue reading <span class=\"screen-reader-text\">Programas A Largo Plazo Y A Corto Plazo<\/span> <span class=\"meta-nav\">&rarr;<\/span><\/a><\/p>\n","protected":false},"author":14,"featured_media":334,"parent":1232,"menu_order":1,"comment_status":"closed","ping_status":"closed","template":"page-standard.php","meta":{"footnotes":""},"class_list":["post-1234","page","type-page","status-publish","has-post-thumbnail","hentry"],"yoast_head":"<!-- This site is optimized with the Yoast SEO plugin v27.4 - https:\/\/yoast.com\/product\/yoast-seo-wordpress\/ -->\n<title>Programas A Largo Plazo Y A Corto Plazo - Coquitlam School District 43<\/title>\n<meta name=\"robots\" content=\"index, follow, max-snippet:-1, max-image-preview:large, max-video-preview:-1\" \/>\n<link rel=\"canonical\" href=\"https:\/\/www.internationaled.com\/es\/programs\/long-short-term-programs\/\" \/>\n<meta property=\"og:locale\" content=\"es_ES\" \/>\n<meta property=\"og:type\" content=\"article\" \/>\n<meta property=\"og:title\" content=\"Programas A Largo Plazo Y A Corto Plazo - Coquitlam School District 43\" \/>\n<meta property=\"og:description\" content=\"Nuestros programas est\u00e1n dise\u00f1ados para satisfacer las necesidades de nuestros estudiantes internacionales, incluyendo opciones que har\u00e1n realidad sus aspiraciones educativas. Programas A Largo Plazo Programa de a\u00f1o entero desde jard\u00edn de ni\u00f1os al 3 Nuestro programa m\u00e1s popular Programas de medio a\u00f1o Secundaria &#8211; inicia en febrero (semester de cinco meses) Media y elemental &#8211; &hellip; Continue reading Programas A Largo Plazo Y A Corto Plazo &rarr;\" \/>\n<meta property=\"og:url\" content=\"https:\/\/www.internationaled.com\/es\/programs\/long-short-term-programs\/\" \/>\n<meta property=\"og:site_name\" content=\"Coquitlam School District 43\" \/>\n<meta property=\"article:modified_time\" content=\"2016-07-22T09:48:38+00:00\" \/>\n<meta property=\"og:image\" content=\"https:\/\/www.internationaled.com\/wp-content\/uploads\/2015\/10\/fondo_long.jpg\" \/>\n\t<meta property=\"og:image:width\" content=\"1920\" \/>\n\t<meta property=\"og:image:height\" content=\"400\" \/>\n\t<meta property=\"og:image:type\" content=\"image\/jpeg\" \/>\n<meta name=\"twitter:card\" content=\"summary_large_image\" \/>\n<script type=\"application\/ld+json\" class=\"yoast-schema-graph\">{\"@context\":\"https:\\\/\\\/schema.org\",\"@graph\":[{\"@type\":\"WebPage\",\"@id\":\"https:\\\/\\\/www.internationaled.com\\\/es\\\/programs\\\/long-short-term-programs\\\/\",\"url\":\"https:\\\/\\\/www.internationaled.com\\\/es\\\/programs\\\/long-short-term-programs\\\/\",\"name\":\"Programas A Largo Plazo Y A Corto Plazo - Coquitlam School District 43\",\"isPartOf\":{\"@id\":\"https:\\\/\\\/www.internationaled.com\\\/ar\\\/#website\"},\"primaryImageOfPage\":{\"@id\":\"https:\\\/\\\/www.internationaled.com\\\/es\\\/programs\\\/long-short-term-programs\\\/#primaryimage\"},\"image\":{\"@id\":\"https:\\\/\\\/www.internationaled.com\\\/es\\\/programs\\\/long-short-term-programs\\\/#primaryimage\"},\"thumbnailUrl\":\"https:\\\/\\\/cdn.internationaled.com\\\/wp-content\\\/uploads\\\/2015\\\/10\\\/fondo_long.jpg\",\"datePublished\":\"2015-10-27T16:20:17+00:00\",\"dateModified\":\"2016-07-22T09:48:38+00:00\",\"breadcrumb\":{\"@id\":\"https:\\\/\\\/www.internationaled.com\\\/es\\\/programs\\\/long-short-term-programs\\\/#breadcrumb\"},\"inLanguage\":\"es-ES\",\"potentialAction\":[{\"@type\":\"ReadAction\",\"target\":[\"https:\\\/\\\/www.internationaled.com\\\/es\\\/programs\\\/long-short-term-programs\\\/\"]}]},{\"@type\":\"ImageObject\",\"inLanguage\":\"es-ES\",\"@id\":\"https:\\\/\\\/www.internationaled.com\\\/es\\\/programs\\\/long-short-term-programs\\\/#primaryimage\",\"url\":\"https:\\\/\\\/cdn.internationaled.com\\\/wp-content\\\/uploads\\\/2015\\\/10\\\/fondo_long.jpg\",\"contentUrl\":\"https:\\\/\\\/cdn.internationaled.com\\\/wp-content\\\/uploads\\\/2015\\\/10\\\/fondo_long.jpg\",\"width\":1920,\"height\":400},{\"@type\":\"BreadcrumbList\",\"@id\":\"https:\\\/\\\/www.internationaled.com\\\/es\\\/programs\\\/long-short-term-programs\\\/#breadcrumb\",\"itemListElement\":[{\"@type\":\"ListItem\",\"position\":1,\"name\":\"Home\",\"item\":\"https:\\\/\\\/www.internationaled.com\\\/es\\\/\"},{\"@type\":\"ListItem\",\"position\":2,\"name\":\"Programas\",\"item\":\"https:\\\/\\\/www.internationaled.com\\\/es\\\/programs\\\/\"},{\"@type\":\"ListItem\",\"position\":3,\"name\":\"Programas A Largo Plazo Y A Corto Plazo\"}]},{\"@type\":\"WebSite\",\"@id\":\"https:\\\/\\\/www.internationaled.com\\\/ar\\\/#website\",\"url\":\"https:\\\/\\\/www.internationaled.com\\\/ar\\\/\",\"name\":\"Coquitlam School District 43\",\"description\":\"Learning for a Lifetime\",\"potentialAction\":[{\"@type\":\"SearchAction\",\"target\":{\"@type\":\"EntryPoint\",\"urlTemplate\":\"https:\\\/\\\/www.internationaled.com\\\/ar\\\/?s={search_term_string}\"},\"query-input\":{\"@type\":\"PropertyValueSpecification\",\"valueRequired\":true,\"valueName\":\"search_term_string\"}}],\"inLanguage\":\"es-ES\"}]}<\/script>\n<!-- \/ Yoast SEO plugin. -->","yoast_head_json":{"title":"Programas A Largo Plazo Y A Corto Plazo - Coquitlam School District 43","robots":{"index":"index","follow":"follow","max-snippet":"max-snippet:-1","max-image-preview":"max-image-preview:large","max-video-preview":"max-video-preview:-1"},"canonical":"https:\/\/www.internationaled.com\/es\/programs\/long-short-term-programs\/","og_locale":"es_ES","og_type":"article","og_title":"Programas A Largo Plazo Y A Corto Plazo - Coquitlam School District 43","og_description":"Nuestros programas est\u00e1n dise\u00f1ados para satisfacer las necesidades de nuestros estudiantes internacionales, incluyendo opciones que har\u00e1n realidad sus aspiraciones educativas. Programas A Largo Plazo Programa de a\u00f1o entero desde jard\u00edn de ni\u00f1os al 3 Nuestro programa m\u00e1s popular Programas de medio a\u00f1o Secundaria &#8211; inicia en febrero (semester de cinco meses) Media y elemental &#8211; &hellip; Continue reading Programas A Largo Plazo Y A Corto Plazo &rarr;","og_url":"https:\/\/www.internationaled.com\/es\/programs\/long-short-term-programs\/","og_site_name":"Coquitlam School District 43","article_modified_time":"2016-07-22T09:48:38+00:00","og_image":[{"width":1920,"height":400,"url":"https:\/\/www.internationaled.com\/wp-content\/uploads\/2015\/10\/fondo_long.jpg","type":"image\/jpeg"}],"twitter_card":"summary_large_image","schema":{"@context":"https:\/\/schema.org","@graph":[{"@type":"WebPage","@id":"https:\/\/www.internationaled.com\/es\/programs\/long-short-term-programs\/","url":"https:\/\/www.internationaled.com\/es\/programs\/long-short-term-programs\/","name":"Programas A Largo Plazo Y A Corto Plazo - Coquitlam School District 43","isPartOf":{"@id":"https:\/\/www.internationaled.com\/ar\/#website"},"primaryImageOfPage":{"@id":"https:\/\/www.internationaled.com\/es\/programs\/long-short-term-programs\/#primaryimage"},"image":{"@id":"https:\/\/www.internationaled.com\/es\/programs\/long-short-term-programs\/#primaryimage"},"thumbnailUrl":"https:\/\/cdn.internationaled.com\/wp-content\/uploads\/2015\/10\/fondo_long.jpg","datePublished":"2015-10-27T16:20:17+00:00","dateModified":"2016-07-22T09:48:38+00:00","breadcrumb":{"@id":"https:\/\/www.internationaled.com\/es\/programs\/long-short-term-programs\/#breadcrumb"},"inLanguage":"es-ES","potentialAction":[{"@type":"ReadAction","target":["https:\/\/www.internationaled.com\/es\/programs\/long-short-term-programs\/"]}]},{"@type":"ImageObject","inLanguage":"es-ES","@id":"https:\/\/www.internationaled.com\/es\/programs\/long-short-term-programs\/#primaryimage","url":"https:\/\/cdn.internationaled.com\/wp-content\/uploads\/2015\/10\/fondo_long.jpg","contentUrl":"https:\/\/cdn.internationaled.com\/wp-content\/uploads\/2015\/10\/fondo_long.jpg","width":1920,"height":400},{"@type":"BreadcrumbList","@id":"https:\/\/www.internationaled.com\/es\/programs\/long-short-term-programs\/#breadcrumb","itemListElement":[{"@type":"ListItem","position":1,"name":"Home","item":"https:\/\/www.internationaled.com\/es\/"},{"@type":"ListItem","position":2,"name":"Programas","item":"https:\/\/www.internationaled.com\/es\/programs\/"},{"@type":"ListItem","position":3,"name":"Programas A Largo Plazo Y A Corto Plazo"}]},{"@type":"WebSite","@id":"https:\/\/www.internationaled.com\/ar\/#website","url":"https:\/\/www.internationaled.com\/ar\/","name":"Coquitlam School District 43","description":"Learning for a Lifetime","potentialAction":[{"@type":"SearchAction","target":{"@type":"EntryPoint","urlTemplate":"https:\/\/www.internationaled.com\/ar\/?s={search_term_string}"},"query-input":{"@type":"PropertyValueSpecification","valueRequired":true,"valueName":"search_term_string"}}],"inLanguage":"es-ES"}]}},"_links":{"self":[{"href":"https:\/\/www.internationaled.com\/es\/wp-json\/wp\/v2\/pages\/1234","targetHints":{"allow":["GET"]}}],"collection":[{"href":"https:\/\/www.internationaled.com\/es\/wp-json\/wp\/v2\/pages"}],"about":[{"href":"https:\/\/www.internationaled.com\/es\/wp-json\/wp\/v2\/types\/page"}],"author":[{"embeddable":true,"href":"https:\/\/www.internationaled.com\/es\/wp-json\/wp\/v2\/users\/14"}],"replies":[{"embeddable":true,"href":"https:\/\/www.internationaled.com\/es\/wp-json\/wp\/v2\/comments?post=1234"}],"version-history":[{"count":1,"href":"https:\/\/www.internationaled.com\/es\/wp-json\/wp\/v2\/pages\/1234\/revisions"}],"predecessor-version":[{"id":1416,"href":"https:\/\/www.internationaled.com\/es\/wp-json\/wp\/v2\/pages\/1234\/revisions\/1416"}],"up":[{"embeddable":true,"href":"https:\/\/www.internationaled.com\/es\/wp-json\/wp\/v2\/pages\/1232"}],"wp:featuredmedia":[{"embeddable":true,"href":"https:\/\/www.internationaled.com\/es\/wp-json\/wp\/v2\/media\/334"}],"wp:attachment":[{"href":"https:\/\/www.internationaled.com\/es\/wp-json\/wp\/v2\/media?parent=1234"}],"curies":[{"name":"wp","href":"https:\/\/api.w.org\/{rel}","templated":true}]}}