{"id":1235,"date":"2015-10-27T16:20:37","date_gmt":"2015-10-27T16:20:37","guid":{"rendered":"http:\/\/internationaled.com\/programs\/academic-year\/?lang=es"},"modified":"2019-01-31T20:41:17","modified_gmt":"2019-01-31T20:41:17","slug":"academic-year","status":"publish","type":"page","link":"https:\/\/www.internationaled.com\/es\/programs\/academic-year\/","title":{"rendered":"A\u00f1o Escolar"},"content":{"rendered":"<p>El Distrito Escolar de Coquitlam ofrece a estudiantes internacionales programas de tiempo completo en los niveles Elemental, Medio y Secundario. El a\u00f1o escolar comienza en septiembre y se extiende hasta el final de junio. Una segunda fecha de ingreso de enero est\u00e1 disponible para los estudiantes de primaria y secundaria. Los estudiantes de secundaria pueden comenzar en febrero<\/p>\n<p>Nuestro programa secundario incluye dos semestres de 5 meses a partir de septiembre hasta finales de enero y principios de febrero hasta finales de junio. La cuota del programa por un a\u00f1o completo de instrucci\u00f3n es de $ 16,500 incluyendo cobertura m\u00e9dica.<\/p>\n<p>Nuestros programas de escuela primaria y secundaria ofrecen un curr\u00edculo de 10 meses de Kindergarten a Grado 8 a estudiantes internacionales a partir de principios de septiembre hasta finales de junio. Una vez m\u00e1s, los estudiantes internacionales tienen la opci\u00f3n de comenzar m\u00e1s tarde, pero ser\u00e1n colocados en una clase actual como el espacio lo permita. La cuota del programa por un a\u00f1o completo de instrucci\u00f3n es de $ 15,000 incluyendo cobertura m\u00e9dica.<\/p>\n<p>1. Llene el formulario de renovaci\u00f3n de solicitud, haga que se lo firmen en la escuela, y env\u00edelo a la oficina de Educaci\u00f3n Internacional ya sea que est\u00e9 renovando o no su solicitud.<\/p>\n<p>2. S\u00edrvase pagar la colegiatura y la tarifa por gastos m\u00e9dicos antes de la fecha l\u00edmite (15 de mayo y 15 de noviembre) a la oficina de Educaci\u00f3n Internacional. El programa de Educaci\u00f3n Internacional le enviar\u00e1 un recibo y una Carta de renovaci\u00f3n de aceptaci\u00f3n en un plazo de 2 d\u00edas h\u00e1biles.<\/p>\n<p>3. Recuerde prorrogar su permiso de estudiante 2 &#8211; 3 meses antes de su fecha de vencimiento<\/p>\n","protected":false},"excerpt":{"rendered":"<p>El Distrito Escolar de Coquitlam ofrece a estudiantes internacionales programas de tiempo completo en los niveles Elemental, Medio y Secundario. El a\u00f1o escolar comienza en septiembre y se extiende hasta el final de junio. Una segunda fecha de ingreso de enero est\u00e1 disponible para los estudiantes de primaria y secundaria. Los estudiantes de secundaria pueden &hellip; <a href=\"https:\/\/www.internationaled.com\/es\/programs\/academic-year\/\" class=\"more-link\">Continue reading <span class=\"screen-reader-text\">A\u00f1o Escolar<\/span> <span class=\"meta-nav\">&rarr;<\/span><\/a><\/p>\n","protected":false},"author":14,"featured_media":335,"parent":1232,"menu_order":2,"comment_status":"closed","ping_status":"closed","template":"page-standard.php","meta":{"footnotes":""},"class_list":["post-1235","page","type-page","status-publish","has-post-thumbnail","hentry"],"yoast_head":"<!-- This site is optimized with the Yoast SEO plugin v27.4 - https:\/\/yoast.com\/product\/yoast-seo-wordpress\/ -->\n<title>A\u00f1o Escolar - Coquitlam School District 43<\/title>\n<meta name=\"robots\" content=\"index, follow, max-snippet:-1, max-image-preview:large, max-video-preview:-1\" \/>\n<link rel=\"canonical\" href=\"https:\/\/www.internationaled.com\/es\/programs\/academic-year\/\" \/>\n<meta property=\"og:locale\" content=\"es_ES\" \/>\n<meta property=\"og:type\" content=\"article\" \/>\n<meta property=\"og:title\" content=\"A\u00f1o Escolar - Coquitlam School District 43\" \/>\n<meta property=\"og:description\" content=\"El Distrito Escolar de Coquitlam ofrece a estudiantes internacionales programas de tiempo completo en los niveles Elemental, Medio y Secundario. El a\u00f1o escolar comienza en septiembre y se extiende hasta el final de junio. Una segunda fecha de ingreso de enero est\u00e1 disponible para los estudiantes de primaria y secundaria. Los estudiantes de secundaria pueden &hellip; Continue reading A\u00f1o Escolar &rarr;\" \/>\n<meta property=\"og:url\" content=\"https:\/\/www.internationaled.com\/es\/programs\/academic-year\/\" \/>\n<meta property=\"og:site_name\" content=\"Coquitlam School District 43\" \/>\n<meta property=\"article:modified_time\" content=\"2019-01-31T20:41:17+00:00\" \/>\n<meta property=\"og:image\" content=\"https:\/\/www.internationaled.com\/wp-content\/uploads\/2015\/10\/fondo_year.jpg\" \/>\n\t<meta property=\"og:image:width\" content=\"1920\" \/>\n\t<meta property=\"og:image:height\" content=\"400\" \/>\n\t<meta property=\"og:image:type\" content=\"image\/jpeg\" \/>\n<meta name=\"twitter:card\" content=\"summary_large_image\" \/>\n<meta name=\"twitter:label1\" content=\"Est. reading time\" \/>\n\t<meta name=\"twitter:data1\" content=\"1 minute\" \/>\n<script type=\"application\/ld+json\" class=\"yoast-schema-graph\">{\"@context\":\"https:\\\/\\\/schema.org\",\"@graph\":[{\"@type\":\"WebPage\",\"@id\":\"https:\\\/\\\/www.internationaled.com\\\/es\\\/programs\\\/academic-year\\\/\",\"url\":\"https:\\\/\\\/www.internationaled.com\\\/es\\\/programs\\\/academic-year\\\/\",\"name\":\"A\u00f1o Escolar - Coquitlam School District 43\",\"isPartOf\":{\"@id\":\"https:\\\/\\\/www.internationaled.com\\\/ar\\\/#website\"},\"primaryImageOfPage\":{\"@id\":\"https:\\\/\\\/www.internationaled.com\\\/es\\\/programs\\\/academic-year\\\/#primaryimage\"},\"image\":{\"@id\":\"https:\\\/\\\/www.internationaled.com\\\/es\\\/programs\\\/academic-year\\\/#primaryimage\"},\"thumbnailUrl\":\"https:\\\/\\\/cdn.internationaled.com\\\/wp-content\\\/uploads\\\/2015\\\/10\\\/fondo_year.jpg\",\"datePublished\":\"2015-10-27T16:20:37+00:00\",\"dateModified\":\"2019-01-31T20:41:17+00:00\",\"breadcrumb\":{\"@id\":\"https:\\\/\\\/www.internationaled.com\\\/es\\\/programs\\\/academic-year\\\/#breadcrumb\"},\"inLanguage\":\"es-ES\",\"potentialAction\":[{\"@type\":\"ReadAction\",\"target\":[\"https:\\\/\\\/www.internationaled.com\\\/es\\\/programs\\\/academic-year\\\/\"]}]},{\"@type\":\"ImageObject\",\"inLanguage\":\"es-ES\",\"@id\":\"https:\\\/\\\/www.internationaled.com\\\/es\\\/programs\\\/academic-year\\\/#primaryimage\",\"url\":\"https:\\\/\\\/cdn.internationaled.com\\\/wp-content\\\/uploads\\\/2015\\\/10\\\/fondo_year.jpg\",\"contentUrl\":\"https:\\\/\\\/cdn.internationaled.com\\\/wp-content\\\/uploads\\\/2015\\\/10\\\/fondo_year.jpg\",\"width\":1920,\"height\":400},{\"@type\":\"BreadcrumbList\",\"@id\":\"https:\\\/\\\/www.internationaled.com\\\/es\\\/programs\\\/academic-year\\\/#breadcrumb\",\"itemListElement\":[{\"@type\":\"ListItem\",\"position\":1,\"name\":\"Home\",\"item\":\"https:\\\/\\\/www.internationaled.com\\\/es\\\/\"},{\"@type\":\"ListItem\",\"position\":2,\"name\":\"Programas\",\"item\":\"https:\\\/\\\/www.internationaled.com\\\/es\\\/programs\\\/\"},{\"@type\":\"ListItem\",\"position\":3,\"name\":\"A\u00f1o Escolar\"}]},{\"@type\":\"WebSite\",\"@id\":\"https:\\\/\\\/www.internationaled.com\\\/ar\\\/#website\",\"url\":\"https:\\\/\\\/www.internationaled.com\\\/ar\\\/\",\"name\":\"Coquitlam School District 43\",\"description\":\"Learning for a Lifetime\",\"potentialAction\":[{\"@type\":\"SearchAction\",\"target\":{\"@type\":\"EntryPoint\",\"urlTemplate\":\"https:\\\/\\\/www.internationaled.com\\\/ar\\\/?s={search_term_string}\"},\"query-input\":{\"@type\":\"PropertyValueSpecification\",\"valueRequired\":true,\"valueName\":\"search_term_string\"}}],\"inLanguage\":\"es-ES\"}]}<\/script>\n<!-- \/ Yoast SEO plugin. -->","yoast_head_json":{"title":"A\u00f1o Escolar - Coquitlam School District 43","robots":{"index":"index","follow":"follow","max-snippet":"max-snippet:-1","max-image-preview":"max-image-preview:large","max-video-preview":"max-video-preview:-1"},"canonical":"https:\/\/www.internationaled.com\/es\/programs\/academic-year\/","og_locale":"es_ES","og_type":"article","og_title":"A\u00f1o Escolar - Coquitlam School District 43","og_description":"El Distrito Escolar de Coquitlam ofrece a estudiantes internacionales programas de tiempo completo en los niveles Elemental, Medio y Secundario. El a\u00f1o escolar comienza en septiembre y se extiende hasta el final de junio. Una segunda fecha de ingreso de enero est\u00e1 disponible para los estudiantes de primaria y secundaria. Los estudiantes de secundaria pueden &hellip; Continue reading A\u00f1o Escolar &rarr;","og_url":"https:\/\/www.internationaled.com\/es\/programs\/academic-year\/","og_site_name":"Coquitlam School District 43","article_modified_time":"2019-01-31T20:41:17+00:00","og_image":[{"width":1920,"height":400,"url":"https:\/\/www.internationaled.com\/wp-content\/uploads\/2015\/10\/fondo_year.jpg","type":"image\/jpeg"}],"twitter_card":"summary_large_image","twitter_misc":{"Est. reading time":"1 minute"},"schema":{"@context":"https:\/\/schema.org","@graph":[{"@type":"WebPage","@id":"https:\/\/www.internationaled.com\/es\/programs\/academic-year\/","url":"https:\/\/www.internationaled.com\/es\/programs\/academic-year\/","name":"A\u00f1o Escolar - Coquitlam School District 43","isPartOf":{"@id":"https:\/\/www.internationaled.com\/ar\/#website"},"primaryImageOfPage":{"@id":"https:\/\/www.internationaled.com\/es\/programs\/academic-year\/#primaryimage"},"image":{"@id":"https:\/\/www.internationaled.com\/es\/programs\/academic-year\/#primaryimage"},"thumbnailUrl":"https:\/\/cdn.internationaled.com\/wp-content\/uploads\/2015\/10\/fondo_year.jpg","datePublished":"2015-10-27T16:20:37+00:00","dateModified":"2019-01-31T20:41:17+00:00","breadcrumb":{"@id":"https:\/\/www.internationaled.com\/es\/programs\/academic-year\/#breadcrumb"},"inLanguage":"es-ES","potentialAction":[{"@type":"ReadAction","target":["https:\/\/www.internationaled.com\/es\/programs\/academic-year\/"]}]},{"@type":"ImageObject","inLanguage":"es-ES","@id":"https:\/\/www.internationaled.com\/es\/programs\/academic-year\/#primaryimage","url":"https:\/\/cdn.internationaled.com\/wp-content\/uploads\/2015\/10\/fondo_year.jpg","contentUrl":"https:\/\/cdn.internationaled.com\/wp-content\/uploads\/2015\/10\/fondo_year.jpg","width":1920,"height":400},{"@type":"BreadcrumbList","@id":"https:\/\/www.internationaled.com\/es\/programs\/academic-year\/#breadcrumb","itemListElement":[{"@type":"ListItem","position":1,"name":"Home","item":"https:\/\/www.internationaled.com\/es\/"},{"@type":"ListItem","position":2,"name":"Programas","item":"https:\/\/www.internationaled.com\/es\/programs\/"},{"@type":"ListItem","position":3,"name":"A\u00f1o Escolar"}]},{"@type":"WebSite","@id":"https:\/\/www.internationaled.com\/ar\/#website","url":"https:\/\/www.internationaled.com\/ar\/","name":"Coquitlam School District 43","description":"Learning for a Lifetime","potentialAction":[{"@type":"SearchAction","target":{"@type":"EntryPoint","urlTemplate":"https:\/\/www.internationaled.com\/ar\/?s={search_term_string}"},"query-input":{"@type":"PropertyValueSpecification","valueRequired":true,"valueName":"search_term_string"}}],"inLanguage":"es-ES"}]}},"_links":{"self":[{"href":"https:\/\/www.internationaled.com\/es\/wp-json\/wp\/v2\/pages\/1235","targetHints":{"allow":["GET"]}}],"collection":[{"href":"https:\/\/www.internationaled.com\/es\/wp-json\/wp\/v2\/pages"}],"about":[{"href":"https:\/\/www.internationaled.com\/es\/wp-json\/wp\/v2\/types\/page"}],"author":[{"embeddable":true,"href":"https:\/\/www.internationaled.com\/es\/wp-json\/wp\/v2\/users\/14"}],"replies":[{"embeddable":true,"href":"https:\/\/www.internationaled.com\/es\/wp-json\/wp\/v2\/comments?post=1235"}],"version-history":[{"count":6,"href":"https:\/\/www.internationaled.com\/es\/wp-json\/wp\/v2\/pages\/1235\/revisions"}],"predecessor-version":[{"id":5724,"href":"https:\/\/www.internationaled.com\/es\/wp-json\/wp\/v2\/pages\/1235\/revisions\/5724"}],"up":[{"embeddable":true,"href":"https:\/\/www.internationaled.com\/es\/wp-json\/wp\/v2\/pages\/1232"}],"wp:featuredmedia":[{"embeddable":true,"href":"https:\/\/www.internationaled.com\/es\/wp-json\/wp\/v2\/media\/335"}],"wp:attachment":[{"href":"https:\/\/www.internationaled.com\/es\/wp-json\/wp\/v2\/media?parent=1235"}],"curies":[{"name":"wp","href":"https:\/\/api.w.org\/{rel}","templated":true}]}}