{"id":1236,"date":"2015-10-27T16:20:56","date_gmt":"2015-10-27T16:20:56","guid":{"rendered":"http:\/\/internationaled.com\/programs\/summer-program\/?lang=es"},"modified":"2023-03-06T19:48:30","modified_gmt":"2023-03-06T19:48:30","slug":"summer-program","status":"publish","type":"page","link":"https:\/\/www.internationaled.com\/es\/programs\/summer-program\/","title":{"rendered":"Verano"},"content":{"rendered":"<h2 class=\"green\">Programa Intensivo de Verano de Ingl\u00e9s con Cultura Cadiense<\/h2>\n<h3 class=\"blue\">Programa Matutino &#8211; Solamente Ingl\u00e9s Intensivo<\/h3>\n<p>Este programa de medio d\u00eda se enfoca en las capacidades de hablar, comprensi\u00f3n oral, lectura, vocabulario y redacci\u00f3n. Los estudiantes participan en actividades enfocadas en temas como Canad\u00e1, la comunidad, el medio ambiente y la Columbia Brit\u00e1nica. Los estudiantes son evaluados al inicio de cada programa y semanalmente. Los estudiantes reciben un CERTIFICADO DE COMPLECI\u00d3N y un Reporte al final del programa.<\/p>\n<p class=\"short\"><strong>Horario: de 8:30 a.m. a 12:00 p.m.<\/strong><\/p>\n<h3 class=\"blue\">Programa Vespertino &#8211; Actividades Culturales y Deportivas<\/h3>\n<p class=\"blue\"><img decoding=\"async\" class=\"left\" src=\"http:\/\/static.flickr.com\/94\/223847776_b1b51d7a8f_m.jpg\" alt=\"Students posing with RCMP Officers\" \/><\/p>\n<p>Las actividades en la tarde se pueden combinar con el programa matutino de ingl\u00e9s para crear una experiencia integral de ingl\u00e9s y cultura canadiense. Es una oportunidad para vivir la cultura canadiense y usar las habilidades que se adquieren en el idioma ingl\u00e9s al participar en actividades en grupo y explorar los bellos recintos de esta \u00e1rea de la Columbia Brit\u00e1nica. El programa cultural incluye actividades como nataci\u00f3n, excursiones con picnic, golf, tenis, boliche en pasto, paseos en canoa, caminatas en el campo, paseos en caballo, deportes en equipo, artesan\u00edas y viajes en autob\u00fas a \u00e1reas importantes como el <a href=\"http:\/\/www.westwoodplateaugolf.com\/page\/312-15452.htm\" target=\"blank\" rel=\"noopener\">Westwood Plateau<\/a>,<a href=\"http:\/\/www.robsonstreet.ca\/\" target=\"blank\" rel=\"noopener\"> la Calle de Robson<\/a>, <a href=\"http:\/\/www.metropolisatmetrotown.com\" target=\"blank\" rel=\"noopener\">Metrotown<\/a>, <a href=\"http:\/\/www.seegastown.com\" target=\"blank\" rel=\"noopener\">Gastown<\/a>, <a href=\"http:\/\/www.seestanleypark.com\/\" target=\"blank\" rel=\"noopener\">Acuario del Parque de Stanley<\/a>, <a href=\"http:\/\/www.vanaqua.org\" target=\"blank\" rel=\"noopener\">Mundo de la Ciencia<\/a>, <a href=\"http:\/\/www.capbridge.com\" target=\"blank\" rel=\"noopener\">Puente de Suspensi\u00f3n Capilano<\/a>, <a href=\"http:\/\/www.hrmacmillanspacecentre.com\/\" target=\"blank\" rel=\"noopener\">Centro Espacial H.R. MacMillan<\/a>..<\/p>\n<p><strong>Horario: de 12:00 p.m. a 4:30 p.m.<\/strong><\/p>\n<ul>\n<li class=\"forms\">Summer School Application Form<\/li>\n<li class=\"forms\">Summer High School Credit Courses Application Form<\/li>\n<\/ul>\n","protected":false},"excerpt":{"rendered":"<p>Programa Intensivo de Verano de Ingl\u00e9s con Cultura Cadiense Programa Matutino &#8211; Solamente Ingl\u00e9s Intensivo Este programa de medio d\u00eda se enfoca en las capacidades de hablar, comprensi\u00f3n oral, lectura, vocabulario y redacci\u00f3n. Los estudiantes participan en actividades enfocadas en temas como Canad\u00e1, la comunidad, el medio ambiente y la Columbia Brit\u00e1nica. Los estudiantes son &hellip; <a href=\"https:\/\/www.internationaled.com\/es\/programs\/summer-program\/\" class=\"more-link\">Continue reading <span class=\"screen-reader-text\">Verano<\/span> <span class=\"meta-nav\">&rarr;<\/span><\/a><\/p>\n","protected":false},"author":14,"featured_media":336,"parent":1232,"menu_order":3,"comment_status":"closed","ping_status":"closed","template":"page-standard.php","meta":{"footnotes":""},"class_list":["post-1236","page","type-page","status-publish","has-post-thumbnail","hentry"],"yoast_head":"<!-- This site is optimized with the Yoast SEO plugin v27.3 - https:\/\/yoast.com\/product\/yoast-seo-wordpress\/ -->\n<title>Verano - Coquitlam School District 43<\/title>\n<meta name=\"robots\" content=\"index, follow, max-snippet:-1, max-image-preview:large, max-video-preview:-1\" \/>\n<link rel=\"canonical\" href=\"https:\/\/www.internationaled.com\/es\/programs\/summer-program\/\" \/>\n<meta property=\"og:locale\" content=\"es_ES\" \/>\n<meta property=\"og:type\" content=\"article\" \/>\n<meta property=\"og:title\" content=\"Verano - Coquitlam School District 43\" \/>\n<meta property=\"og:description\" content=\"Programa Intensivo de Verano de Ingl\u00e9s con Cultura Cadiense Programa Matutino &#8211; Solamente Ingl\u00e9s Intensivo Este programa de medio d\u00eda se enfoca en las capacidades de hablar, comprensi\u00f3n oral, lectura, vocabulario y redacci\u00f3n. Los estudiantes participan en actividades enfocadas en temas como Canad\u00e1, la comunidad, el medio ambiente y la Columbia Brit\u00e1nica. Los estudiantes son &hellip; Continue reading Verano &rarr;\" \/>\n<meta property=\"og:url\" content=\"https:\/\/www.internationaled.com\/es\/programs\/summer-program\/\" \/>\n<meta property=\"og:site_name\" content=\"Coquitlam School District 43\" \/>\n<meta property=\"article:modified_time\" content=\"2023-03-06T19:48:30+00:00\" \/>\n<meta property=\"og:image\" content=\"https:\/\/www.internationaled.com\/wp-content\/uploads\/2015\/10\/fondo_summer.jpg\" \/>\n\t<meta property=\"og:image:width\" content=\"1920\" \/>\n\t<meta property=\"og:image:height\" content=\"400\" \/>\n\t<meta property=\"og:image:type\" content=\"image\/jpeg\" \/>\n<meta name=\"twitter:card\" content=\"summary_large_image\" \/>\n<meta name=\"twitter:label1\" content=\"Est. reading time\" \/>\n\t<meta name=\"twitter:data1\" content=\"2 minutes\" \/>\n<script type=\"application\/ld+json\" class=\"yoast-schema-graph\">{\"@context\":\"https:\\\/\\\/schema.org\",\"@graph\":[{\"@type\":\"WebPage\",\"@id\":\"https:\\\/\\\/www.internationaled.com\\\/es\\\/programs\\\/summer-program\\\/\",\"url\":\"https:\\\/\\\/www.internationaled.com\\\/es\\\/programs\\\/summer-program\\\/\",\"name\":\"Verano - Coquitlam School District 43\",\"isPartOf\":{\"@id\":\"https:\\\/\\\/www.internationaled.com\\\/ar\\\/#website\"},\"primaryImageOfPage\":{\"@id\":\"https:\\\/\\\/www.internationaled.com\\\/es\\\/programs\\\/summer-program\\\/#primaryimage\"},\"image\":{\"@id\":\"https:\\\/\\\/www.internationaled.com\\\/es\\\/programs\\\/summer-program\\\/#primaryimage\"},\"thumbnailUrl\":\"https:\\\/\\\/cdn.internationaled.com\\\/wp-content\\\/uploads\\\/2015\\\/10\\\/fondo_summer.jpg\",\"datePublished\":\"2015-10-27T16:20:56+00:00\",\"dateModified\":\"2023-03-06T19:48:30+00:00\",\"breadcrumb\":{\"@id\":\"https:\\\/\\\/www.internationaled.com\\\/es\\\/programs\\\/summer-program\\\/#breadcrumb\"},\"inLanguage\":\"es-ES\",\"potentialAction\":[{\"@type\":\"ReadAction\",\"target\":[\"https:\\\/\\\/www.internationaled.com\\\/es\\\/programs\\\/summer-program\\\/\"]}]},{\"@type\":\"ImageObject\",\"inLanguage\":\"es-ES\",\"@id\":\"https:\\\/\\\/www.internationaled.com\\\/es\\\/programs\\\/summer-program\\\/#primaryimage\",\"url\":\"https:\\\/\\\/cdn.internationaled.com\\\/wp-content\\\/uploads\\\/2015\\\/10\\\/fondo_summer.jpg\",\"contentUrl\":\"https:\\\/\\\/cdn.internationaled.com\\\/wp-content\\\/uploads\\\/2015\\\/10\\\/fondo_summer.jpg\",\"width\":1920,\"height\":400},{\"@type\":\"BreadcrumbList\",\"@id\":\"https:\\\/\\\/www.internationaled.com\\\/es\\\/programs\\\/summer-program\\\/#breadcrumb\",\"itemListElement\":[{\"@type\":\"ListItem\",\"position\":1,\"name\":\"Home\",\"item\":\"https:\\\/\\\/www.internationaled.com\\\/es\\\/\"},{\"@type\":\"ListItem\",\"position\":2,\"name\":\"Programas\",\"item\":\"https:\\\/\\\/www.internationaled.com\\\/es\\\/programs\\\/\"},{\"@type\":\"ListItem\",\"position\":3,\"name\":\"Verano\"}]},{\"@type\":\"WebSite\",\"@id\":\"https:\\\/\\\/www.internationaled.com\\\/ar\\\/#website\",\"url\":\"https:\\\/\\\/www.internationaled.com\\\/ar\\\/\",\"name\":\"Coquitlam School District 43\",\"description\":\"Learning for a Lifetime\",\"potentialAction\":[{\"@type\":\"SearchAction\",\"target\":{\"@type\":\"EntryPoint\",\"urlTemplate\":\"https:\\\/\\\/www.internationaled.com\\\/ar\\\/?s={search_term_string}\"},\"query-input\":{\"@type\":\"PropertyValueSpecification\",\"valueRequired\":true,\"valueName\":\"search_term_string\"}}],\"inLanguage\":\"es-ES\"}]}<\/script>\n<!-- \/ Yoast SEO plugin. -->","yoast_head_json":{"title":"Verano - Coquitlam School District 43","robots":{"index":"index","follow":"follow","max-snippet":"max-snippet:-1","max-image-preview":"max-image-preview:large","max-video-preview":"max-video-preview:-1"},"canonical":"https:\/\/www.internationaled.com\/es\/programs\/summer-program\/","og_locale":"es_ES","og_type":"article","og_title":"Verano - Coquitlam School District 43","og_description":"Programa Intensivo de Verano de Ingl\u00e9s con Cultura Cadiense Programa Matutino &#8211; Solamente Ingl\u00e9s Intensivo Este programa de medio d\u00eda se enfoca en las capacidades de hablar, comprensi\u00f3n oral, lectura, vocabulario y redacci\u00f3n. Los estudiantes participan en actividades enfocadas en temas como Canad\u00e1, la comunidad, el medio ambiente y la Columbia Brit\u00e1nica. Los estudiantes son &hellip; Continue reading Verano &rarr;","og_url":"https:\/\/www.internationaled.com\/es\/programs\/summer-program\/","og_site_name":"Coquitlam School District 43","article_modified_time":"2023-03-06T19:48:30+00:00","og_image":[{"width":1920,"height":400,"url":"https:\/\/www.internationaled.com\/wp-content\/uploads\/2015\/10\/fondo_summer.jpg","type":"image\/jpeg"}],"twitter_card":"summary_large_image","twitter_misc":{"Est. reading time":"2 minutes"},"schema":{"@context":"https:\/\/schema.org","@graph":[{"@type":"WebPage","@id":"https:\/\/www.internationaled.com\/es\/programs\/summer-program\/","url":"https:\/\/www.internationaled.com\/es\/programs\/summer-program\/","name":"Verano - Coquitlam School District 43","isPartOf":{"@id":"https:\/\/www.internationaled.com\/ar\/#website"},"primaryImageOfPage":{"@id":"https:\/\/www.internationaled.com\/es\/programs\/summer-program\/#primaryimage"},"image":{"@id":"https:\/\/www.internationaled.com\/es\/programs\/summer-program\/#primaryimage"},"thumbnailUrl":"https:\/\/cdn.internationaled.com\/wp-content\/uploads\/2015\/10\/fondo_summer.jpg","datePublished":"2015-10-27T16:20:56+00:00","dateModified":"2023-03-06T19:48:30+00:00","breadcrumb":{"@id":"https:\/\/www.internationaled.com\/es\/programs\/summer-program\/#breadcrumb"},"inLanguage":"es-ES","potentialAction":[{"@type":"ReadAction","target":["https:\/\/www.internationaled.com\/es\/programs\/summer-program\/"]}]},{"@type":"ImageObject","inLanguage":"es-ES","@id":"https:\/\/www.internationaled.com\/es\/programs\/summer-program\/#primaryimage","url":"https:\/\/cdn.internationaled.com\/wp-content\/uploads\/2015\/10\/fondo_summer.jpg","contentUrl":"https:\/\/cdn.internationaled.com\/wp-content\/uploads\/2015\/10\/fondo_summer.jpg","width":1920,"height":400},{"@type":"BreadcrumbList","@id":"https:\/\/www.internationaled.com\/es\/programs\/summer-program\/#breadcrumb","itemListElement":[{"@type":"ListItem","position":1,"name":"Home","item":"https:\/\/www.internationaled.com\/es\/"},{"@type":"ListItem","position":2,"name":"Programas","item":"https:\/\/www.internationaled.com\/es\/programs\/"},{"@type":"ListItem","position":3,"name":"Verano"}]},{"@type":"WebSite","@id":"https:\/\/www.internationaled.com\/ar\/#website","url":"https:\/\/www.internationaled.com\/ar\/","name":"Coquitlam School District 43","description":"Learning for a Lifetime","potentialAction":[{"@type":"SearchAction","target":{"@type":"EntryPoint","urlTemplate":"https:\/\/www.internationaled.com\/ar\/?s={search_term_string}"},"query-input":{"@type":"PropertyValueSpecification","valueRequired":true,"valueName":"search_term_string"}}],"inLanguage":"es-ES"}]}},"_links":{"self":[{"href":"https:\/\/www.internationaled.com\/es\/wp-json\/wp\/v2\/pages\/1236","targetHints":{"allow":["GET"]}}],"collection":[{"href":"https:\/\/www.internationaled.com\/es\/wp-json\/wp\/v2\/pages"}],"about":[{"href":"https:\/\/www.internationaled.com\/es\/wp-json\/wp\/v2\/types\/page"}],"author":[{"embeddable":true,"href":"https:\/\/www.internationaled.com\/es\/wp-json\/wp\/v2\/users\/14"}],"replies":[{"embeddable":true,"href":"https:\/\/www.internationaled.com\/es\/wp-json\/wp\/v2\/comments?post=1236"}],"version-history":[{"count":4,"href":"https:\/\/www.internationaled.com\/es\/wp-json\/wp\/v2\/pages\/1236\/revisions"}],"predecessor-version":[{"id":7718,"href":"https:\/\/www.internationaled.com\/es\/wp-json\/wp\/v2\/pages\/1236\/revisions\/7718"}],"up":[{"embeddable":true,"href":"https:\/\/www.internationaled.com\/es\/wp-json\/wp\/v2\/pages\/1232"}],"wp:featuredmedia":[{"embeddable":true,"href":"https:\/\/www.internationaled.com\/es\/wp-json\/wp\/v2\/media\/336"}],"wp:attachment":[{"href":"https:\/\/www.internationaled.com\/es\/wp-json\/wp\/v2\/media?parent=1236"}],"curies":[{"name":"wp","href":"https:\/\/api.w.org\/{rel}","templated":true}]}}