{"id":1241,"date":"2015-10-27T16:35:50","date_gmt":"2015-10-27T16:35:50","guid":{"rendered":"http:\/\/internationaled.com\/resources\/?lang=es"},"modified":"2022-01-27T19:14:24","modified_gmt":"2022-01-27T19:14:24","slug":"resources","status":"publish","type":"page","link":"https:\/\/www.internationaled.com\/es\/resources\/","title":{"rendered":"Recursos"},"content":{"rendered":"<h2 class=\"green\">Recursos<\/h2>\n<div id=\"ts-body\">\n<div class=\"css-52 ts-pivot-container\">\n<div id=\"ContentContainer\">\n<div role=\"tabpanel\" aria-labelledby=\"Pivot1-Tab0\">\n<div class=\"ts-lookup-pivot\">\n<div id=\"Lookup\" class=\"ts-pivot-lookup-component\">\n<div class=\"ms-Grid ts-grid\">\n<div class=\"ms-Grid-row\">\n<div class=\"ts-textfield-container \" lang=\"es\">\n<div class=\"ts-alignment-view-container\">\n<div id=\"ts-alignment-view-idtgt\" class=\"ts-alignment-view ms-font-m ts-alignment-view-tgt ts-ltr-left-zero\" tabindex=\"0\" aria-hidden=\"false\">\n<div role=\"label\">\n<div id=\"ts-body\">\n<div class=\"css-52 ts-pivot-container\">\n<div id=\"ContentContainer\">\n<div>\n<div>\n<div role=\"tabpanel\" aria-labelledby=\"Pivot1-Tab0\">\n<div class=\"ts-lookup-pivot\">\n<div id=\"Lookup\" class=\"ts-pivot-lookup-component\">\n<div class=\"ms-Grid ts-grid\">\n<div class=\"ms-Grid-row\">\n<div class=\"ts-textfield-container \" lang=\"es\">\n<div class=\"ts-alignment-view-container\">\n<div id=\"ts-alignment-view-idtgt\" class=\"ts-alignment-view ms-font-m ts-alignment-view-tgt ts-ltr-left-zero\" tabindex=\"0\" aria-hidden=\"false\">\n<div role=\"label\">El Distrito Escolar de Coquitlam es un centro autorizado de ex\u00e1menes TOEFL en el Centro Winslow:<\/div>\n<\/div>\n<\/div>\n<\/div>\n<\/div>\n<\/div>\n<\/div>\n<\/div>\n<\/div>\n<\/div>\n<\/div>\n<\/div>\n<\/div>\n<\/div>\n<\/div>\n<\/div>\n<\/div>\n<\/div>\n<\/div>\n<\/div>\n<\/div>\n<\/div>\n<\/div>\n<\/div>\n<\/div>\n<\/div>\n<ul>\n<li><a href=\"http:\/\/www.ets.org\/bin\/getprogram.cgi?urlSource=toefl&amp;newRegURL=&amp;test=TOEFL&amp;browserType=Other&amp;toeflType=&amp;redirect=&amp;t_country1=group_Canada&amp;date_selected_old=\" target=\"_blank\" rel=\"noopener\">Inscripci\u00f3n para la prueba TOEFL en l\u00ednea<\/a><\/li>\n<\/ul>\n<h2 class=\"green\">Links<\/h2>\n<p><strong>Canada Immigration<\/strong><br \/>\n<a href=\"http:\/\/www.cic.gc.ca\/\">http:\/\/www.cic.gc.ca\/<\/a><\/p>\n<p><strong>BC Ministry of Education<\/strong><br \/>\n<a href=\"http:\/\/www.gov.bc.ca\/bced\/\">http:\/\/www.gov.bc.ca\/bced\/<\/a><\/p>\n<p><strong>City of Coquitlam<\/strong><br \/>\n<a href=\"http:\/\/www.coquitlam.ca\">http:\/\/www.coquitlam.ca<\/a><\/p>\n<p><strong>City of Port Coquitlam<\/strong><br \/>\n<a href=\"http:\/\/www.portcoquitlam.ca\">http:\/\/www.portcoquitlam.ca<\/a><\/p>\n<p><strong>City of Port Moody<\/strong><br \/>\n<a href=\"http:\/\/www.cityofportmoody.com\">http:\/\/www.cityofportmoody.com<\/a><\/p>\n<p><strong> Belcarra<\/strong><br \/>\n<a href=\"http:\/\/belcarra.ca\">http:\/\/belcarra.ca<\/a><\/p>\n<p><strong> Anmore<\/strong><br \/>\n<a href=\"http:\/\/anmore.com\">http:\/\/anmore.com<\/a><\/p>\n<p><strong>Transit information <\/strong><a href=\"http:\/\/www.translink.ca\/\" target=\"_blank\" rel=\"noopener\"><br \/>\nhttp:\/\/www.translink.ca\/<\/a><\/p>\n<p><strong>Coquitlam Public Library <\/strong><br \/>\n<a href=\"http:\/\/www.library.coquitlam.bc.ca\/default.htm\">http:\/\/www.library.coquitlam.bc.ca\/default.htm<\/a><\/p>\n<p><strong>Port Moody Library<\/strong><br \/>\n<a href=\"http:\/\/library.portmoody.ca\/\">http:\/\/library.portmoody.ca\/<\/a><\/p>\n<p><strong>Tri-Cities Chamber of Commerce<\/strong><br \/>\n<a href=\"http:\/\/www.tricitieschamber.com\">http:\/\/www.tricitieschamber.com<\/a><\/p>\n<p><strong>Vancouver Tourism<\/strong><br \/>\n<a href=\"http:\/\/www.tourismvancouver.com\">http:\/\/www.tourismvancouver.com<\/a><\/p>\n<p><strong>Vancouver Board of Trade<\/strong><br \/>\n<a href=\"http:\/\/www.boardoftrade.com\/\">http:\/\/www.boardoftrade.com\/<\/a><\/p>\n","protected":false},"excerpt":{"rendered":"<p>Recursos El Distrito Escolar de Coquitlam es un centro autorizado de ex\u00e1menes TOEFL en el Centro Winslow: Inscripci\u00f3n para la prueba TOEFL en l\u00ednea Links Canada Immigration http:\/\/www.cic.gc.ca\/ BC Ministry of Education http:\/\/www.gov.bc.ca\/bced\/ City of Coquitlam http:\/\/www.coquitlam.ca City of Port Coquitlam http:\/\/www.portcoquitlam.ca City of Port Moody http:\/\/www.cityofportmoody.com Belcarra http:\/\/belcarra.ca Anmore http:\/\/anmore.com Transit information http:\/\/www.translink.ca\/ Coquitlam &hellip; <a href=\"https:\/\/www.internationaled.com\/es\/resources\/\" class=\"more-link\">Continue reading <span class=\"screen-reader-text\">Recursos<\/span> <span class=\"meta-nav\">&rarr;<\/span><\/a><\/p>\n","protected":false},"author":14,"featured_media":324,"parent":0,"menu_order":7,"comment_status":"closed","ping_status":"closed","template":"page-standard.php","meta":{"footnotes":""},"class_list":["post-1241","page","type-page","status-publish","has-post-thumbnail","hentry"],"yoast_head":"<!-- This site is optimized with the Yoast SEO plugin v27.4 - https:\/\/yoast.com\/product\/yoast-seo-wordpress\/ -->\n<title>Recursos - Coquitlam School District 43<\/title>\n<meta name=\"robots\" content=\"index, follow, max-snippet:-1, max-image-preview:large, max-video-preview:-1\" \/>\n<link rel=\"canonical\" href=\"https:\/\/www.internationaled.com\/es\/resources\/\" \/>\n<meta property=\"og:locale\" content=\"es_ES\" \/>\n<meta property=\"og:type\" content=\"article\" \/>\n<meta property=\"og:title\" content=\"Recursos - Coquitlam School District 43\" \/>\n<meta property=\"og:description\" content=\"Recursos El Distrito Escolar de Coquitlam es un centro autorizado de ex\u00e1menes TOEFL en el Centro Winslow: Inscripci\u00f3n para la prueba TOEFL en l\u00ednea Links Canada Immigration http:\/\/www.cic.gc.ca\/ BC Ministry of Education http:\/\/www.gov.bc.ca\/bced\/ City of Coquitlam http:\/\/www.coquitlam.ca City of Port Coquitlam http:\/\/www.portcoquitlam.ca City of Port Moody http:\/\/www.cityofportmoody.com Belcarra http:\/\/belcarra.ca Anmore http:\/\/anmore.com Transit information http:\/\/www.translink.ca\/ Coquitlam &hellip; Continue reading Recursos &rarr;\" \/>\n<meta property=\"og:url\" content=\"https:\/\/www.internationaled.com\/es\/resources\/\" \/>\n<meta property=\"og:site_name\" content=\"Coquitlam School District 43\" \/>\n<meta property=\"article:modified_time\" content=\"2022-01-27T19:14:24+00:00\" \/>\n<meta property=\"og:image\" content=\"https:\/\/www.internationaled.com\/wp-content\/uploads\/2015\/10\/fondo_recursos.jpg\" \/>\n\t<meta property=\"og:image:width\" content=\"1920\" \/>\n\t<meta property=\"og:image:height\" content=\"400\" \/>\n\t<meta property=\"og:image:type\" content=\"image\/jpeg\" \/>\n<meta name=\"twitter:card\" content=\"summary_large_image\" \/>\n<meta name=\"twitter:label1\" content=\"Est. reading time\" \/>\n\t<meta name=\"twitter:data1\" content=\"1 minute\" \/>\n<script type=\"application\/ld+json\" class=\"yoast-schema-graph\">{\"@context\":\"https:\\\/\\\/schema.org\",\"@graph\":[{\"@type\":\"WebPage\",\"@id\":\"https:\\\/\\\/www.internationaled.com\\\/es\\\/resources\\\/\",\"url\":\"https:\\\/\\\/www.internationaled.com\\\/es\\\/resources\\\/\",\"name\":\"Recursos - Coquitlam School District 43\",\"isPartOf\":{\"@id\":\"https:\\\/\\\/www.internationaled.com\\\/ar\\\/#website\"},\"primaryImageOfPage\":{\"@id\":\"https:\\\/\\\/www.internationaled.com\\\/es\\\/resources\\\/#primaryimage\"},\"image\":{\"@id\":\"https:\\\/\\\/www.internationaled.com\\\/es\\\/resources\\\/#primaryimage\"},\"thumbnailUrl\":\"https:\\\/\\\/cdn.internationaled.com\\\/wp-content\\\/uploads\\\/2015\\\/10\\\/fondo_recursos.jpg\",\"datePublished\":\"2015-10-27T16:35:50+00:00\",\"dateModified\":\"2022-01-27T19:14:24+00:00\",\"breadcrumb\":{\"@id\":\"https:\\\/\\\/www.internationaled.com\\\/es\\\/resources\\\/#breadcrumb\"},\"inLanguage\":\"es-ES\",\"potentialAction\":[{\"@type\":\"ReadAction\",\"target\":[\"https:\\\/\\\/www.internationaled.com\\\/es\\\/resources\\\/\"]}]},{\"@type\":\"ImageObject\",\"inLanguage\":\"es-ES\",\"@id\":\"https:\\\/\\\/www.internationaled.com\\\/es\\\/resources\\\/#primaryimage\",\"url\":\"https:\\\/\\\/cdn.internationaled.com\\\/wp-content\\\/uploads\\\/2015\\\/10\\\/fondo_recursos.jpg\",\"contentUrl\":\"https:\\\/\\\/cdn.internationaled.com\\\/wp-content\\\/uploads\\\/2015\\\/10\\\/fondo_recursos.jpg\",\"width\":1920,\"height\":400},{\"@type\":\"BreadcrumbList\",\"@id\":\"https:\\\/\\\/www.internationaled.com\\\/es\\\/resources\\\/#breadcrumb\",\"itemListElement\":[{\"@type\":\"ListItem\",\"position\":1,\"name\":\"Home\",\"item\":\"https:\\\/\\\/www.internationaled.com\\\/es\\\/\"},{\"@type\":\"ListItem\",\"position\":2,\"name\":\"Recursos\"}]},{\"@type\":\"WebSite\",\"@id\":\"https:\\\/\\\/www.internationaled.com\\\/ar\\\/#website\",\"url\":\"https:\\\/\\\/www.internationaled.com\\\/ar\\\/\",\"name\":\"Coquitlam School District 43\",\"description\":\"Learning for a Lifetime\",\"potentialAction\":[{\"@type\":\"SearchAction\",\"target\":{\"@type\":\"EntryPoint\",\"urlTemplate\":\"https:\\\/\\\/www.internationaled.com\\\/ar\\\/?s={search_term_string}\"},\"query-input\":{\"@type\":\"PropertyValueSpecification\",\"valueRequired\":true,\"valueName\":\"search_term_string\"}}],\"inLanguage\":\"es-ES\"}]}<\/script>\n<!-- \/ Yoast SEO plugin. -->","yoast_head_json":{"title":"Recursos - Coquitlam School District 43","robots":{"index":"index","follow":"follow","max-snippet":"max-snippet:-1","max-image-preview":"max-image-preview:large","max-video-preview":"max-video-preview:-1"},"canonical":"https:\/\/www.internationaled.com\/es\/resources\/","og_locale":"es_ES","og_type":"article","og_title":"Recursos - Coquitlam School District 43","og_description":"Recursos El Distrito Escolar de Coquitlam es un centro autorizado de ex\u00e1menes TOEFL en el Centro Winslow: Inscripci\u00f3n para la prueba TOEFL en l\u00ednea Links Canada Immigration http:\/\/www.cic.gc.ca\/ BC Ministry of Education http:\/\/www.gov.bc.ca\/bced\/ City of Coquitlam http:\/\/www.coquitlam.ca City of Port Coquitlam http:\/\/www.portcoquitlam.ca City of Port Moody http:\/\/www.cityofportmoody.com Belcarra http:\/\/belcarra.ca Anmore http:\/\/anmore.com Transit information http:\/\/www.translink.ca\/ Coquitlam &hellip; Continue reading Recursos &rarr;","og_url":"https:\/\/www.internationaled.com\/es\/resources\/","og_site_name":"Coquitlam School District 43","article_modified_time":"2022-01-27T19:14:24+00:00","og_image":[{"width":1920,"height":400,"url":"https:\/\/www.internationaled.com\/wp-content\/uploads\/2015\/10\/fondo_recursos.jpg","type":"image\/jpeg"}],"twitter_card":"summary_large_image","twitter_misc":{"Est. reading time":"1 minute"},"schema":{"@context":"https:\/\/schema.org","@graph":[{"@type":"WebPage","@id":"https:\/\/www.internationaled.com\/es\/resources\/","url":"https:\/\/www.internationaled.com\/es\/resources\/","name":"Recursos - Coquitlam School District 43","isPartOf":{"@id":"https:\/\/www.internationaled.com\/ar\/#website"},"primaryImageOfPage":{"@id":"https:\/\/www.internationaled.com\/es\/resources\/#primaryimage"},"image":{"@id":"https:\/\/www.internationaled.com\/es\/resources\/#primaryimage"},"thumbnailUrl":"https:\/\/cdn.internationaled.com\/wp-content\/uploads\/2015\/10\/fondo_recursos.jpg","datePublished":"2015-10-27T16:35:50+00:00","dateModified":"2022-01-27T19:14:24+00:00","breadcrumb":{"@id":"https:\/\/www.internationaled.com\/es\/resources\/#breadcrumb"},"inLanguage":"es-ES","potentialAction":[{"@type":"ReadAction","target":["https:\/\/www.internationaled.com\/es\/resources\/"]}]},{"@type":"ImageObject","inLanguage":"es-ES","@id":"https:\/\/www.internationaled.com\/es\/resources\/#primaryimage","url":"https:\/\/cdn.internationaled.com\/wp-content\/uploads\/2015\/10\/fondo_recursos.jpg","contentUrl":"https:\/\/cdn.internationaled.com\/wp-content\/uploads\/2015\/10\/fondo_recursos.jpg","width":1920,"height":400},{"@type":"BreadcrumbList","@id":"https:\/\/www.internationaled.com\/es\/resources\/#breadcrumb","itemListElement":[{"@type":"ListItem","position":1,"name":"Home","item":"https:\/\/www.internationaled.com\/es\/"},{"@type":"ListItem","position":2,"name":"Recursos"}]},{"@type":"WebSite","@id":"https:\/\/www.internationaled.com\/ar\/#website","url":"https:\/\/www.internationaled.com\/ar\/","name":"Coquitlam School District 43","description":"Learning for a Lifetime","potentialAction":[{"@type":"SearchAction","target":{"@type":"EntryPoint","urlTemplate":"https:\/\/www.internationaled.com\/ar\/?s={search_term_string}"},"query-input":{"@type":"PropertyValueSpecification","valueRequired":true,"valueName":"search_term_string"}}],"inLanguage":"es-ES"}]}},"_links":{"self":[{"href":"https:\/\/www.internationaled.com\/es\/wp-json\/wp\/v2\/pages\/1241","targetHints":{"allow":["GET"]}}],"collection":[{"href":"https:\/\/www.internationaled.com\/es\/wp-json\/wp\/v2\/pages"}],"about":[{"href":"https:\/\/www.internationaled.com\/es\/wp-json\/wp\/v2\/types\/page"}],"author":[{"embeddable":true,"href":"https:\/\/www.internationaled.com\/es\/wp-json\/wp\/v2\/users\/14"}],"replies":[{"embeddable":true,"href":"https:\/\/www.internationaled.com\/es\/wp-json\/wp\/v2\/comments?post=1241"}],"version-history":[{"count":3,"href":"https:\/\/www.internationaled.com\/es\/wp-json\/wp\/v2\/pages\/1241\/revisions"}],"predecessor-version":[{"id":6479,"href":"https:\/\/www.internationaled.com\/es\/wp-json\/wp\/v2\/pages\/1241\/revisions\/6479"}],"wp:featuredmedia":[{"embeddable":true,"href":"https:\/\/www.internationaled.com\/es\/wp-json\/wp\/v2\/media\/324"}],"wp:attachment":[{"href":"https:\/\/www.internationaled.com\/es\/wp-json\/wp\/v2\/media?parent=1241"}],"curies":[{"name":"wp","href":"https:\/\/api.w.org\/{rel}","templated":true}]}}