{"id":1244,"date":"2015-10-27T16:35:38","date_gmt":"2015-10-27T16:35:38","guid":{"rendered":"http:\/\/internationaled.com\/resources\/activities\/?lang=es"},"modified":"2016-07-22T11:04:52","modified_gmt":"2016-07-22T11:04:52","slug":"activities","status":"publish","type":"page","link":"https:\/\/www.internationaled.com\/es\/resources\/activities\/","title":{"rendered":"Actividades"},"content":{"rendered":"<h2 class=\"green\">Equipos Y Actividades Recreativas<\/h2>\n<p><span style=\"font-size: 16px;\">Cada escuela ofrece una variedad de clubes y actividades extracurriculares, incluyendo artes dram\u00e1ticas, banda, coro, anuario de la escuela, esqu\u00ed, ajedrez y actividades atl\u00e9ticas como hockey sobre hierba, baloncesto, lucha libre, nataci\u00f3n, atletismo y muchas otras actividades. La comunidad ofrece tambi\u00e9n muchos grupos de servicios en los cuales participar. Se incita a los estudiantes a formar parte de estas actividades extracurriculares para tener una experiencia de participaci\u00f3n, ya que es una manera excelente de mejorar la capacidad ling\u00fc\u00edstica en un ambiente amigable. Hay muchos deportes comunitarios y programas de artes esc\u00e9nicas disponibles para los estudiantes del Distrito Escolar de Coquitlam.<\/span><\/p>\n<p>V\u00e9ase las siguientes p\u00e1ginas:<\/p>\n<ul>\n<li><a href=\"http:\/\/www.coquitlamminorhockey.org\" target=\"_blank\">www.coquitlamminorhockey.org<\/a><\/li>\n<li><a href=\"http:\/\/www.cmfsc.ca\" target=\"_blank\">www.cmfsc.ca<\/a><\/li>\n<li><a href=\"http:\/\/www.coastalsoundmusic.com\" target=\"_blank\">www.coastalsoundmusic.com<\/a><\/li>\n<\/ul>\n","protected":false},"excerpt":{"rendered":"<p>Equipos Y Actividades Recreativas Cada escuela ofrece una variedad de clubes y actividades extracurriculares, incluyendo artes dram\u00e1ticas, banda, coro, anuario de la escuela, esqu\u00ed, ajedrez y actividades atl\u00e9ticas como hockey sobre hierba, baloncesto, lucha libre, nataci\u00f3n, atletismo y muchas otras actividades. La comunidad ofrece tambi\u00e9n muchos grupos de servicios en los cuales participar. Se incita &hellip; <a href=\"https:\/\/www.internationaled.com\/es\/resources\/activities\/\" class=\"more-link\">Continue reading <span class=\"screen-reader-text\">Actividades<\/span> <span class=\"meta-nav\">&rarr;<\/span><\/a><\/p>\n","protected":false},"author":14,"featured_media":322,"parent":1241,"menu_order":5,"comment_status":"closed","ping_status":"closed","template":"page-standard.php","meta":{"footnotes":""},"class_list":["post-1244","page","type-page","status-publish","has-post-thumbnail","hentry"],"yoast_head":"<!-- This site is optimized with the Yoast SEO plugin v27.3 - https:\/\/yoast.com\/product\/yoast-seo-wordpress\/ -->\n<title>Actividades - Coquitlam School District 43<\/title>\n<meta name=\"robots\" content=\"index, follow, max-snippet:-1, max-image-preview:large, max-video-preview:-1\" \/>\n<link rel=\"canonical\" href=\"https:\/\/www.internationaled.com\/es\/resources\/activities\/\" \/>\n<meta property=\"og:locale\" content=\"es_ES\" \/>\n<meta property=\"og:type\" content=\"article\" \/>\n<meta property=\"og:title\" content=\"Actividades - Coquitlam School District 43\" \/>\n<meta property=\"og:description\" content=\"Equipos Y Actividades Recreativas Cada escuela ofrece una variedad de clubes y actividades extracurriculares, incluyendo artes dram\u00e1ticas, banda, coro, anuario de la escuela, esqu\u00ed, ajedrez y actividades atl\u00e9ticas como hockey sobre hierba, baloncesto, lucha libre, nataci\u00f3n, atletismo y muchas otras actividades. La comunidad ofrece tambi\u00e9n muchos grupos de servicios en los cuales participar. Se incita &hellip; Continue reading Actividades &rarr;\" \/>\n<meta property=\"og:url\" content=\"https:\/\/www.internationaled.com\/es\/resources\/activities\/\" \/>\n<meta property=\"og:site_name\" content=\"Coquitlam School District 43\" \/>\n<meta property=\"article:modified_time\" content=\"2016-07-22T11:04:52+00:00\" \/>\n<meta property=\"og:image\" content=\"https:\/\/www.internationaled.com\/wp-content\/uploads\/2015\/10\/fondo_actividades.jpg\" \/>\n\t<meta property=\"og:image:width\" content=\"1920\" \/>\n\t<meta property=\"og:image:height\" content=\"400\" \/>\n\t<meta property=\"og:image:type\" content=\"image\/jpeg\" \/>\n<meta name=\"twitter:card\" content=\"summary_large_image\" \/>\n<meta name=\"twitter:label1\" content=\"Est. reading time\" \/>\n\t<meta name=\"twitter:data1\" content=\"1 minute\" \/>\n<script type=\"application\/ld+json\" class=\"yoast-schema-graph\">{\"@context\":\"https:\\\/\\\/schema.org\",\"@graph\":[{\"@type\":\"WebPage\",\"@id\":\"https:\\\/\\\/www.internationaled.com\\\/es\\\/resources\\\/activities\\\/\",\"url\":\"https:\\\/\\\/www.internationaled.com\\\/es\\\/resources\\\/activities\\\/\",\"name\":\"Actividades - Coquitlam School District 43\",\"isPartOf\":{\"@id\":\"https:\\\/\\\/www.internationaled.com\\\/ar\\\/#website\"},\"primaryImageOfPage\":{\"@id\":\"https:\\\/\\\/www.internationaled.com\\\/es\\\/resources\\\/activities\\\/#primaryimage\"},\"image\":{\"@id\":\"https:\\\/\\\/www.internationaled.com\\\/es\\\/resources\\\/activities\\\/#primaryimage\"},\"thumbnailUrl\":\"https:\\\/\\\/cdn.internationaled.com\\\/wp-content\\\/uploads\\\/2015\\\/10\\\/fondo_actividades.jpg\",\"datePublished\":\"2015-10-27T16:35:38+00:00\",\"dateModified\":\"2016-07-22T11:04:52+00:00\",\"breadcrumb\":{\"@id\":\"https:\\\/\\\/www.internationaled.com\\\/es\\\/resources\\\/activities\\\/#breadcrumb\"},\"inLanguage\":\"es-ES\",\"potentialAction\":[{\"@type\":\"ReadAction\",\"target\":[\"https:\\\/\\\/www.internationaled.com\\\/es\\\/resources\\\/activities\\\/\"]}]},{\"@type\":\"ImageObject\",\"inLanguage\":\"es-ES\",\"@id\":\"https:\\\/\\\/www.internationaled.com\\\/es\\\/resources\\\/activities\\\/#primaryimage\",\"url\":\"https:\\\/\\\/cdn.internationaled.com\\\/wp-content\\\/uploads\\\/2015\\\/10\\\/fondo_actividades.jpg\",\"contentUrl\":\"https:\\\/\\\/cdn.internationaled.com\\\/wp-content\\\/uploads\\\/2015\\\/10\\\/fondo_actividades.jpg\",\"width\":1920,\"height\":400},{\"@type\":\"BreadcrumbList\",\"@id\":\"https:\\\/\\\/www.internationaled.com\\\/es\\\/resources\\\/activities\\\/#breadcrumb\",\"itemListElement\":[{\"@type\":\"ListItem\",\"position\":1,\"name\":\"Home\",\"item\":\"https:\\\/\\\/www.internationaled.com\\\/es\\\/\"},{\"@type\":\"ListItem\",\"position\":2,\"name\":\"Recursos\",\"item\":\"https:\\\/\\\/www.internationaled.com\\\/es\\\/resources\\\/\"},{\"@type\":\"ListItem\",\"position\":3,\"name\":\"Actividades\"}]},{\"@type\":\"WebSite\",\"@id\":\"https:\\\/\\\/www.internationaled.com\\\/ar\\\/#website\",\"url\":\"https:\\\/\\\/www.internationaled.com\\\/ar\\\/\",\"name\":\"Coquitlam School District 43\",\"description\":\"Learning for a Lifetime\",\"potentialAction\":[{\"@type\":\"SearchAction\",\"target\":{\"@type\":\"EntryPoint\",\"urlTemplate\":\"https:\\\/\\\/www.internationaled.com\\\/ar\\\/?s={search_term_string}\"},\"query-input\":{\"@type\":\"PropertyValueSpecification\",\"valueRequired\":true,\"valueName\":\"search_term_string\"}}],\"inLanguage\":\"es-ES\"}]}<\/script>\n<!-- \/ Yoast SEO plugin. -->","yoast_head_json":{"title":"Actividades - Coquitlam School District 43","robots":{"index":"index","follow":"follow","max-snippet":"max-snippet:-1","max-image-preview":"max-image-preview:large","max-video-preview":"max-video-preview:-1"},"canonical":"https:\/\/www.internationaled.com\/es\/resources\/activities\/","og_locale":"es_ES","og_type":"article","og_title":"Actividades - Coquitlam School District 43","og_description":"Equipos Y Actividades Recreativas Cada escuela ofrece una variedad de clubes y actividades extracurriculares, incluyendo artes dram\u00e1ticas, banda, coro, anuario de la escuela, esqu\u00ed, ajedrez y actividades atl\u00e9ticas como hockey sobre hierba, baloncesto, lucha libre, nataci\u00f3n, atletismo y muchas otras actividades. La comunidad ofrece tambi\u00e9n muchos grupos de servicios en los cuales participar. Se incita &hellip; Continue reading Actividades &rarr;","og_url":"https:\/\/www.internationaled.com\/es\/resources\/activities\/","og_site_name":"Coquitlam School District 43","article_modified_time":"2016-07-22T11:04:52+00:00","og_image":[{"width":1920,"height":400,"url":"https:\/\/www.internationaled.com\/wp-content\/uploads\/2015\/10\/fondo_actividades.jpg","type":"image\/jpeg"}],"twitter_card":"summary_large_image","twitter_misc":{"Est. reading time":"1 minute"},"schema":{"@context":"https:\/\/schema.org","@graph":[{"@type":"WebPage","@id":"https:\/\/www.internationaled.com\/es\/resources\/activities\/","url":"https:\/\/www.internationaled.com\/es\/resources\/activities\/","name":"Actividades - Coquitlam School District 43","isPartOf":{"@id":"https:\/\/www.internationaled.com\/ar\/#website"},"primaryImageOfPage":{"@id":"https:\/\/www.internationaled.com\/es\/resources\/activities\/#primaryimage"},"image":{"@id":"https:\/\/www.internationaled.com\/es\/resources\/activities\/#primaryimage"},"thumbnailUrl":"https:\/\/cdn.internationaled.com\/wp-content\/uploads\/2015\/10\/fondo_actividades.jpg","datePublished":"2015-10-27T16:35:38+00:00","dateModified":"2016-07-22T11:04:52+00:00","breadcrumb":{"@id":"https:\/\/www.internationaled.com\/es\/resources\/activities\/#breadcrumb"},"inLanguage":"es-ES","potentialAction":[{"@type":"ReadAction","target":["https:\/\/www.internationaled.com\/es\/resources\/activities\/"]}]},{"@type":"ImageObject","inLanguage":"es-ES","@id":"https:\/\/www.internationaled.com\/es\/resources\/activities\/#primaryimage","url":"https:\/\/cdn.internationaled.com\/wp-content\/uploads\/2015\/10\/fondo_actividades.jpg","contentUrl":"https:\/\/cdn.internationaled.com\/wp-content\/uploads\/2015\/10\/fondo_actividades.jpg","width":1920,"height":400},{"@type":"BreadcrumbList","@id":"https:\/\/www.internationaled.com\/es\/resources\/activities\/#breadcrumb","itemListElement":[{"@type":"ListItem","position":1,"name":"Home","item":"https:\/\/www.internationaled.com\/es\/"},{"@type":"ListItem","position":2,"name":"Recursos","item":"https:\/\/www.internationaled.com\/es\/resources\/"},{"@type":"ListItem","position":3,"name":"Actividades"}]},{"@type":"WebSite","@id":"https:\/\/www.internationaled.com\/ar\/#website","url":"https:\/\/www.internationaled.com\/ar\/","name":"Coquitlam School District 43","description":"Learning for a Lifetime","potentialAction":[{"@type":"SearchAction","target":{"@type":"EntryPoint","urlTemplate":"https:\/\/www.internationaled.com\/ar\/?s={search_term_string}"},"query-input":{"@type":"PropertyValueSpecification","valueRequired":true,"valueName":"search_term_string"}}],"inLanguage":"es-ES"}]}},"_links":{"self":[{"href":"https:\/\/www.internationaled.com\/es\/wp-json\/wp\/v2\/pages\/1244","targetHints":{"allow":["GET"]}}],"collection":[{"href":"https:\/\/www.internationaled.com\/es\/wp-json\/wp\/v2\/pages"}],"about":[{"href":"https:\/\/www.internationaled.com\/es\/wp-json\/wp\/v2\/types\/page"}],"author":[{"embeddable":true,"href":"https:\/\/www.internationaled.com\/es\/wp-json\/wp\/v2\/users\/14"}],"replies":[{"embeddable":true,"href":"https:\/\/www.internationaled.com\/es\/wp-json\/wp\/v2\/comments?post=1244"}],"version-history":[{"count":1,"href":"https:\/\/www.internationaled.com\/es\/wp-json\/wp\/v2\/pages\/1244\/revisions"}],"predecessor-version":[{"id":1411,"href":"https:\/\/www.internationaled.com\/es\/wp-json\/wp\/v2\/pages\/1244\/revisions\/1411"}],"up":[{"embeddable":true,"href":"https:\/\/www.internationaled.com\/es\/wp-json\/wp\/v2\/pages\/1241"}],"wp:featuredmedia":[{"embeddable":true,"href":"https:\/\/www.internationaled.com\/es\/wp-json\/wp\/v2\/media\/322"}],"wp:attachment":[{"href":"https:\/\/www.internationaled.com\/es\/wp-json\/wp\/v2\/media?parent=1244"}],"curies":[{"name":"wp","href":"https:\/\/api.w.org\/{rel}","templated":true}]}}