{"id":1247,"date":"2015-10-29T08:38:34","date_gmt":"2015-10-29T08:38:34","guid":{"rendered":"http:\/\/internationaled.com\/resources\/maps-and-locations\/?lang=es"},"modified":"2016-07-22T11:21:52","modified_gmt":"2016-07-22T11:21:52","slug":"mapas-y-contactos","status":"publish","type":"page","link":"https:\/\/www.internationaled.com\/es\/resources\/mapas-y-contactos\/","title":{"rendered":"Mapas y Contactos"},"content":{"rendered":"<h3>Distrito Escolar de Coquitlam Educaci\u00f3n Internacional<\/h3>\n<p>1100 Winslow Avenue<br \/>\nCoquitlam, British Columbia<br \/>\nCanada V3J 2G3<br \/>\nCorreo Electr\u00f3nico: <a href=\"mailto:InternationalEd@SD43.bc.ca\">InternationalEd@SD43.bc.ca <\/a><br \/>\nTel\u00e9fono: 604 936 5769<br \/>\nFacs\u00edmile: 604 939 6427<\/p>\n<p>Informaci\u00f3n de transporte: <a href=\"http:\/\/www.translink.ca\/\" target=\"_blank\">http:\/\/www.translink.ca\/<\/a><\/p>\n","protected":false},"excerpt":{"rendered":"<p>Distrito Escolar de Coquitlam Educaci\u00f3n Internacional 1100 Winslow Avenue Coquitlam, British Columbia Canada V3J 2G3 Correo Electr\u00f3nico: InternationalEd@SD43.bc.ca Tel\u00e9fono: 604 936 5769 Facs\u00edmile: 604 939 6427 Informaci\u00f3n de transporte: http:\/\/www.translink.ca\/<\/p>\n","protected":false},"author":14,"featured_media":319,"parent":1241,"menu_order":11,"comment_status":"closed","ping_status":"closed","template":"page-standard.php","meta":{"footnotes":""},"class_list":["post-1247","page","type-page","status-publish","has-post-thumbnail","hentry"],"yoast_head":"<!-- This site is optimized with the Yoast SEO plugin v27.4 - https:\/\/yoast.com\/product\/yoast-seo-wordpress\/ -->\n<title>Mapas y Contactos - Coquitlam School District 43<\/title>\n<meta name=\"robots\" content=\"index, follow, max-snippet:-1, max-image-preview:large, max-video-preview:-1\" \/>\n<link rel=\"canonical\" href=\"https:\/\/www.internationaled.com\/es\/resources\/mapas-y-contactos\/\" \/>\n<meta property=\"og:locale\" content=\"es_ES\" \/>\n<meta property=\"og:type\" content=\"article\" \/>\n<meta property=\"og:title\" content=\"Mapas y Contactos - Coquitlam School District 43\" \/>\n<meta property=\"og:description\" content=\"Distrito Escolar de Coquitlam Educaci\u00f3n Internacional 1100 Winslow Avenue Coquitlam, British Columbia Canada V3J 2G3 Correo Electr\u00f3nico: InternationalEd@SD43.bc.ca Tel\u00e9fono: 604 936 5769 Facs\u00edmile: 604 939 6427 Informaci\u00f3n de transporte: http:\/\/www.translink.ca\/\" \/>\n<meta property=\"og:url\" content=\"https:\/\/www.internationaled.com\/es\/resources\/mapas-y-contactos\/\" \/>\n<meta property=\"og:site_name\" content=\"Coquitlam School District 43\" \/>\n<meta property=\"article:modified_time\" content=\"2016-07-22T11:21:52+00:00\" \/>\n<meta property=\"og:image\" content=\"https:\/\/www.internationaled.com\/wp-content\/uploads\/2015\/10\/fondo_maps.jpg\" \/>\n\t<meta property=\"og:image:width\" content=\"1920\" \/>\n\t<meta property=\"og:image:height\" content=\"400\" \/>\n\t<meta property=\"og:image:type\" content=\"image\/jpeg\" \/>\n<meta name=\"twitter:card\" content=\"summary_large_image\" \/>\n<script type=\"application\/ld+json\" class=\"yoast-schema-graph\">{\"@context\":\"https:\\\/\\\/schema.org\",\"@graph\":[{\"@type\":\"WebPage\",\"@id\":\"https:\\\/\\\/www.internationaled.com\\\/es\\\/resources\\\/mapas-y-contactos\\\/\",\"url\":\"https:\\\/\\\/www.internationaled.com\\\/es\\\/resources\\\/mapas-y-contactos\\\/\",\"name\":\"Mapas y Contactos - Coquitlam School District 43\",\"isPartOf\":{\"@id\":\"https:\\\/\\\/www.internationaled.com\\\/ar\\\/#website\"},\"primaryImageOfPage\":{\"@id\":\"https:\\\/\\\/www.internationaled.com\\\/es\\\/resources\\\/mapas-y-contactos\\\/#primaryimage\"},\"image\":{\"@id\":\"https:\\\/\\\/www.internationaled.com\\\/es\\\/resources\\\/mapas-y-contactos\\\/#primaryimage\"},\"thumbnailUrl\":\"https:\\\/\\\/cdn.internationaled.com\\\/wp-content\\\/uploads\\\/2015\\\/10\\\/fondo_maps.jpg\",\"datePublished\":\"2015-10-29T08:38:34+00:00\",\"dateModified\":\"2016-07-22T11:21:52+00:00\",\"breadcrumb\":{\"@id\":\"https:\\\/\\\/www.internationaled.com\\\/es\\\/resources\\\/mapas-y-contactos\\\/#breadcrumb\"},\"inLanguage\":\"es-ES\",\"potentialAction\":[{\"@type\":\"ReadAction\",\"target\":[\"https:\\\/\\\/www.internationaled.com\\\/es\\\/resources\\\/mapas-y-contactos\\\/\"]}]},{\"@type\":\"ImageObject\",\"inLanguage\":\"es-ES\",\"@id\":\"https:\\\/\\\/www.internationaled.com\\\/es\\\/resources\\\/mapas-y-contactos\\\/#primaryimage\",\"url\":\"https:\\\/\\\/cdn.internationaled.com\\\/wp-content\\\/uploads\\\/2015\\\/10\\\/fondo_maps.jpg\",\"contentUrl\":\"https:\\\/\\\/cdn.internationaled.com\\\/wp-content\\\/uploads\\\/2015\\\/10\\\/fondo_maps.jpg\",\"width\":1920,\"height\":400},{\"@type\":\"BreadcrumbList\",\"@id\":\"https:\\\/\\\/www.internationaled.com\\\/es\\\/resources\\\/mapas-y-contactos\\\/#breadcrumb\",\"itemListElement\":[{\"@type\":\"ListItem\",\"position\":1,\"name\":\"Home\",\"item\":\"https:\\\/\\\/www.internationaled.com\\\/es\\\/\"},{\"@type\":\"ListItem\",\"position\":2,\"name\":\"Recursos\",\"item\":\"https:\\\/\\\/www.internationaled.com\\\/es\\\/resources\\\/\"},{\"@type\":\"ListItem\",\"position\":3,\"name\":\"Mapas y Contactos\"}]},{\"@type\":\"WebSite\",\"@id\":\"https:\\\/\\\/www.internationaled.com\\\/ar\\\/#website\",\"url\":\"https:\\\/\\\/www.internationaled.com\\\/ar\\\/\",\"name\":\"Coquitlam School District 43\",\"description\":\"Learning for a Lifetime\",\"potentialAction\":[{\"@type\":\"SearchAction\",\"target\":{\"@type\":\"EntryPoint\",\"urlTemplate\":\"https:\\\/\\\/www.internationaled.com\\\/ar\\\/?s={search_term_string}\"},\"query-input\":{\"@type\":\"PropertyValueSpecification\",\"valueRequired\":true,\"valueName\":\"search_term_string\"}}],\"inLanguage\":\"es-ES\"}]}<\/script>\n<!-- \/ Yoast SEO plugin. -->","yoast_head_json":{"title":"Mapas y Contactos - Coquitlam School District 43","robots":{"index":"index","follow":"follow","max-snippet":"max-snippet:-1","max-image-preview":"max-image-preview:large","max-video-preview":"max-video-preview:-1"},"canonical":"https:\/\/www.internationaled.com\/es\/resources\/mapas-y-contactos\/","og_locale":"es_ES","og_type":"article","og_title":"Mapas y Contactos - Coquitlam School District 43","og_description":"Distrito Escolar de Coquitlam Educaci\u00f3n Internacional 1100 Winslow Avenue Coquitlam, British Columbia Canada V3J 2G3 Correo Electr\u00f3nico: InternationalEd@SD43.bc.ca Tel\u00e9fono: 604 936 5769 Facs\u00edmile: 604 939 6427 Informaci\u00f3n de transporte: http:\/\/www.translink.ca\/","og_url":"https:\/\/www.internationaled.com\/es\/resources\/mapas-y-contactos\/","og_site_name":"Coquitlam School District 43","article_modified_time":"2016-07-22T11:21:52+00:00","og_image":[{"width":1920,"height":400,"url":"https:\/\/www.internationaled.com\/wp-content\/uploads\/2015\/10\/fondo_maps.jpg","type":"image\/jpeg"}],"twitter_card":"summary_large_image","schema":{"@context":"https:\/\/schema.org","@graph":[{"@type":"WebPage","@id":"https:\/\/www.internationaled.com\/es\/resources\/mapas-y-contactos\/","url":"https:\/\/www.internationaled.com\/es\/resources\/mapas-y-contactos\/","name":"Mapas y Contactos - Coquitlam School District 43","isPartOf":{"@id":"https:\/\/www.internationaled.com\/ar\/#website"},"primaryImageOfPage":{"@id":"https:\/\/www.internationaled.com\/es\/resources\/mapas-y-contactos\/#primaryimage"},"image":{"@id":"https:\/\/www.internationaled.com\/es\/resources\/mapas-y-contactos\/#primaryimage"},"thumbnailUrl":"https:\/\/cdn.internationaled.com\/wp-content\/uploads\/2015\/10\/fondo_maps.jpg","datePublished":"2015-10-29T08:38:34+00:00","dateModified":"2016-07-22T11:21:52+00:00","breadcrumb":{"@id":"https:\/\/www.internationaled.com\/es\/resources\/mapas-y-contactos\/#breadcrumb"},"inLanguage":"es-ES","potentialAction":[{"@type":"ReadAction","target":["https:\/\/www.internationaled.com\/es\/resources\/mapas-y-contactos\/"]}]},{"@type":"ImageObject","inLanguage":"es-ES","@id":"https:\/\/www.internationaled.com\/es\/resources\/mapas-y-contactos\/#primaryimage","url":"https:\/\/cdn.internationaled.com\/wp-content\/uploads\/2015\/10\/fondo_maps.jpg","contentUrl":"https:\/\/cdn.internationaled.com\/wp-content\/uploads\/2015\/10\/fondo_maps.jpg","width":1920,"height":400},{"@type":"BreadcrumbList","@id":"https:\/\/www.internationaled.com\/es\/resources\/mapas-y-contactos\/#breadcrumb","itemListElement":[{"@type":"ListItem","position":1,"name":"Home","item":"https:\/\/www.internationaled.com\/es\/"},{"@type":"ListItem","position":2,"name":"Recursos","item":"https:\/\/www.internationaled.com\/es\/resources\/"},{"@type":"ListItem","position":3,"name":"Mapas y Contactos"}]},{"@type":"WebSite","@id":"https:\/\/www.internationaled.com\/ar\/#website","url":"https:\/\/www.internationaled.com\/ar\/","name":"Coquitlam School District 43","description":"Learning for a Lifetime","potentialAction":[{"@type":"SearchAction","target":{"@type":"EntryPoint","urlTemplate":"https:\/\/www.internationaled.com\/ar\/?s={search_term_string}"},"query-input":{"@type":"PropertyValueSpecification","valueRequired":true,"valueName":"search_term_string"}}],"inLanguage":"es-ES"}]}},"_links":{"self":[{"href":"https:\/\/www.internationaled.com\/es\/wp-json\/wp\/v2\/pages\/1247","targetHints":{"allow":["GET"]}}],"collection":[{"href":"https:\/\/www.internationaled.com\/es\/wp-json\/wp\/v2\/pages"}],"about":[{"href":"https:\/\/www.internationaled.com\/es\/wp-json\/wp\/v2\/types\/page"}],"author":[{"embeddable":true,"href":"https:\/\/www.internationaled.com\/es\/wp-json\/wp\/v2\/users\/14"}],"replies":[{"embeddable":true,"href":"https:\/\/www.internationaled.com\/es\/wp-json\/wp\/v2\/comments?post=1247"}],"version-history":[{"count":3,"href":"https:\/\/www.internationaled.com\/es\/wp-json\/wp\/v2\/pages\/1247\/revisions"}],"predecessor-version":[{"id":1408,"href":"https:\/\/www.internationaled.com\/es\/wp-json\/wp\/v2\/pages\/1247\/revisions\/1408"}],"up":[{"embeddable":true,"href":"https:\/\/www.internationaled.com\/es\/wp-json\/wp\/v2\/pages\/1241"}],"wp:featuredmedia":[{"embeddable":true,"href":"https:\/\/www.internationaled.com\/es\/wp-json\/wp\/v2\/media\/319"}],"wp:attachment":[{"href":"https:\/\/www.internationaled.com\/es\/wp-json\/wp\/v2\/media?parent=1247"}],"curies":[{"name":"wp","href":"https:\/\/api.w.org\/{rel}","templated":true}]}}