{"id":1520,"date":"2015-10-19T17:40:45","date_gmt":"2015-10-19T17:40:45","guid":{"rendered":"http:\/\/internationaled.com\/about\/?lang=it"},"modified":"2016-07-21T10:32:50","modified_gmt":"2016-07-21T10:32:50","slug":"about","status":"publish","type":"page","link":"https:\/\/www.internationaled.com\/it\/about\/","title":{"rendered":"Chi Siamo"},"content":{"rendered":"<h3>Benvenuti<\/h3>\n<p>Il Programma di Educazione Internazionale del Distretto Scolastico di Coquitlam offre l&#8217;opportunit\u00e0 agli studenti stranieri di iscriversi al nostro distretto scolastico, dove essi possono imparare l&#8217;inglese mentre attendono programmi accademici e professionali. Gli studenti di tutto il mondo imparano moltissimo dallo studio all&#8217;estero, non solo perch\u00e9 migliorano la loro abilit\u00e0 nella lingua inglese, ma anche perch\u00e9 acquistano amicizie internazionali che dureranno tutta la vita e assorbono la cultura canadese; tutto questo nell&#8217;incantevole Columbia Britannica. Il programma Internazionale di Coquitlam incoraggia il formarsi di amicizie fra gli studenti canadesi e gli studenti internazionali e le loro famiglie attraverso la compartecipazione ad esperienze, cultura e costumi locali. Il programma aggiunge valore all&#8217;esperienza scolastica mediante la scoperta della diversit\u00e0 culturali e l&#8217;espansione della comprensione globale.<\/p>\n<ul>\n<li><a href=\"http:\/\/www.internationaled.com\/forms\/ApplicationEnglish.pdf\" target=\"blank\">Formato de registro para estudiantes internacionales (periodo extendido) <\/a><\/li>\n<li><a href=\"http:\/\/www.internationaled.com\/forms\/Re-ApplicationForm.pdf\" target=\"blank\">Re-solicitud<\/a><\/li>\n<\/ul>\n<p>Il Distretto Scolastico di Coquitlam d\u00e0 il benvenuto agli studenti dai 5 ai 18 anni in tutte le classi. Offriamo corsi di lingua, programmi accademici completi e una vasta gamma di corsi agli studenti di tutto il mondo. Con 31.000 studenti e 71 scuole, occupiamo il terzo posto, per grandezza, fra i distretti scolastici della Columbia Britannica.<\/p>\n<p>Gli studenti internazionali si avvantaggiano di un programma perfettamente sviluppato presentato da insegnanti e professori riconosciuti dal governo della Columbia Britannica in scuole che sono all&#8217;avanguardia e che possiedono l&#8217;equipaggiamento e la tecnologia pi\u00f9 aggiornati. Il Distretto Scolastico di Coquitlam \u00e8 annidato nelle montagne fra l&#8217;Oceano Pacifico e il fiume Fraser e include le citt\u00e0 di Coquitlam, Port Coquitlam, Port Moody e i villaggi di Anmore e Belcarra. La nostra posizione scenica, la vicinanza a Vancouver e a Whistler, le eccellenti strutture della nostra nuova scuola secondaria, la variet\u00e0 dei corsi offerti, gli alti standard accademici e la sicurezza della nostra comunit\u00e0 offrono un posto ideale per un programma di educazione internazionale. Il nostro sito \u00e8 anche vicino alla Simon Fraser University, al Douglas College e all&#8217;Universit\u00e0 della Columbia Britannica.<\/p>\n<p>Per ulteriori informazioni e per <strong>Il Programma di Educazione Internazionale<\/strong>, contatto <strong>International Education<\/strong>, 1100 Winslow Avenue, Coquitlam, B.C. Canada V3J 2G3, telefono: 604-936-5769 fax: 604-939-6427 e-mail: <a href=\"mailto:InternationalEd@SD43.bc.ca\">InternationalEd@SD43.bc.ca\u00a0<\/a><\/p>\n","protected":false},"excerpt":{"rendered":"<p>Benvenuti Il Programma di Educazione Internazionale del Distretto Scolastico di Coquitlam offre l&#8217;opportunit\u00e0 agli studenti stranieri di iscriversi al nostro distretto scolastico, dove essi possono imparare l&#8217;inglese mentre attendono programmi accademici e professionali. Gli studenti di tutto il mondo imparano moltissimo dallo studio all&#8217;estero, non solo perch\u00e9 migliorano la loro abilit\u00e0 nella lingua inglese, ma &hellip; <a href=\"https:\/\/www.internationaled.com\/it\/about\/\" class=\"more-link\">Continue reading <span class=\"screen-reader-text\">Chi Siamo<\/span> <span class=\"meta-nav\">&rarr;<\/span><\/a><\/p>\n","protected":false},"author":14,"featured_media":307,"parent":0,"menu_order":0,"comment_status":"closed","ping_status":"closed","template":"page-standard.php","meta":{"footnotes":""},"class_list":["post-1520","page","type-page","status-publish","has-post-thumbnail","hentry"],"yoast_head":"<!-- This site is optimized with the Yoast SEO plugin v27.3 - https:\/\/yoast.com\/product\/yoast-seo-wordpress\/ -->\n<title>Chi Siamo - Coquitlam School District 43<\/title>\n<meta name=\"robots\" content=\"index, follow, max-snippet:-1, max-image-preview:large, max-video-preview:-1\" \/>\n<link rel=\"canonical\" href=\"https:\/\/www.internationaled.com\/it\/about\/\" \/>\n<meta property=\"og:locale\" content=\"it_IT\" \/>\n<meta property=\"og:type\" content=\"article\" \/>\n<meta property=\"og:title\" content=\"Chi Siamo - Coquitlam School District 43\" \/>\n<meta property=\"og:description\" content=\"Benvenuti Il Programma di Educazione Internazionale del Distretto Scolastico di Coquitlam offre l&#8217;opportunit\u00e0 agli studenti stranieri di iscriversi al nostro distretto scolastico, dove essi possono imparare l&#8217;inglese mentre attendono programmi accademici e professionali. Gli studenti di tutto il mondo imparano moltissimo dallo studio all&#8217;estero, non solo perch\u00e9 migliorano la loro abilit\u00e0 nella lingua inglese, ma &hellip; Continue reading Chi Siamo &rarr;\" \/>\n<meta property=\"og:url\" content=\"https:\/\/www.internationaled.com\/it\/about\/\" \/>\n<meta property=\"og:site_name\" content=\"Coquitlam School District 43\" \/>\n<meta property=\"article:modified_time\" content=\"2016-07-21T10:32:50+00:00\" \/>\n<meta property=\"og:image\" content=\"https:\/\/www.internationaled.com\/wp-content\/uploads\/2015\/10\/fondo_about_us.jpg\" \/>\n\t<meta property=\"og:image:width\" content=\"1920\" \/>\n\t<meta property=\"og:image:height\" content=\"400\" \/>\n\t<meta property=\"og:image:type\" content=\"image\/jpeg\" \/>\n<meta name=\"twitter:card\" content=\"summary_large_image\" \/>\n<meta name=\"twitter:label1\" content=\"Est. reading time\" \/>\n\t<meta name=\"twitter:data1\" content=\"2 minutes\" \/>\n<script type=\"application\/ld+json\" class=\"yoast-schema-graph\">{\"@context\":\"https:\\\/\\\/schema.org\",\"@graph\":[{\"@type\":\"WebPage\",\"@id\":\"https:\\\/\\\/www.internationaled.com\\\/it\\\/about\\\/\",\"url\":\"https:\\\/\\\/www.internationaled.com\\\/it\\\/about\\\/\",\"name\":\"Chi Siamo - Coquitlam School District 43\",\"isPartOf\":{\"@id\":\"https:\\\/\\\/www.internationaled.com\\\/ar\\\/#website\"},\"primaryImageOfPage\":{\"@id\":\"https:\\\/\\\/www.internationaled.com\\\/it\\\/about\\\/#primaryimage\"},\"image\":{\"@id\":\"https:\\\/\\\/www.internationaled.com\\\/it\\\/about\\\/#primaryimage\"},\"thumbnailUrl\":\"https:\\\/\\\/cdn.internationaled.com\\\/wp-content\\\/uploads\\\/2015\\\/10\\\/fondo_about_us.jpg\",\"datePublished\":\"2015-10-19T17:40:45+00:00\",\"dateModified\":\"2016-07-21T10:32:50+00:00\",\"breadcrumb\":{\"@id\":\"https:\\\/\\\/www.internationaled.com\\\/it\\\/about\\\/#breadcrumb\"},\"inLanguage\":\"it-IT\",\"potentialAction\":[{\"@type\":\"ReadAction\",\"target\":[\"https:\\\/\\\/www.internationaled.com\\\/it\\\/about\\\/\"]}]},{\"@type\":\"ImageObject\",\"inLanguage\":\"it-IT\",\"@id\":\"https:\\\/\\\/www.internationaled.com\\\/it\\\/about\\\/#primaryimage\",\"url\":\"https:\\\/\\\/cdn.internationaled.com\\\/wp-content\\\/uploads\\\/2015\\\/10\\\/fondo_about_us.jpg\",\"contentUrl\":\"https:\\\/\\\/cdn.internationaled.com\\\/wp-content\\\/uploads\\\/2015\\\/10\\\/fondo_about_us.jpg\",\"width\":1920,\"height\":400},{\"@type\":\"BreadcrumbList\",\"@id\":\"https:\\\/\\\/www.internationaled.com\\\/it\\\/about\\\/#breadcrumb\",\"itemListElement\":[{\"@type\":\"ListItem\",\"position\":1,\"name\":\"Home\",\"item\":\"https:\\\/\\\/www.internationaled.com\\\/it\\\/\"},{\"@type\":\"ListItem\",\"position\":2,\"name\":\"Chi Siamo\"}]},{\"@type\":\"WebSite\",\"@id\":\"https:\\\/\\\/www.internationaled.com\\\/ar\\\/#website\",\"url\":\"https:\\\/\\\/www.internationaled.com\\\/ar\\\/\",\"name\":\"Coquitlam School District 43\",\"description\":\"Learning for a Lifetime\",\"potentialAction\":[{\"@type\":\"SearchAction\",\"target\":{\"@type\":\"EntryPoint\",\"urlTemplate\":\"https:\\\/\\\/www.internationaled.com\\\/ar\\\/?s={search_term_string}\"},\"query-input\":{\"@type\":\"PropertyValueSpecification\",\"valueRequired\":true,\"valueName\":\"search_term_string\"}}],\"inLanguage\":\"it-IT\"}]}<\/script>\n<!-- \/ Yoast SEO plugin. -->","yoast_head_json":{"title":"Chi Siamo - Coquitlam School District 43","robots":{"index":"index","follow":"follow","max-snippet":"max-snippet:-1","max-image-preview":"max-image-preview:large","max-video-preview":"max-video-preview:-1"},"canonical":"https:\/\/www.internationaled.com\/it\/about\/","og_locale":"it_IT","og_type":"article","og_title":"Chi Siamo - Coquitlam School District 43","og_description":"Benvenuti Il Programma di Educazione Internazionale del Distretto Scolastico di Coquitlam offre l&#8217;opportunit\u00e0 agli studenti stranieri di iscriversi al nostro distretto scolastico, dove essi possono imparare l&#8217;inglese mentre attendono programmi accademici e professionali. Gli studenti di tutto il mondo imparano moltissimo dallo studio all&#8217;estero, non solo perch\u00e9 migliorano la loro abilit\u00e0 nella lingua inglese, ma &hellip; Continue reading Chi Siamo &rarr;","og_url":"https:\/\/www.internationaled.com\/it\/about\/","og_site_name":"Coquitlam School District 43","article_modified_time":"2016-07-21T10:32:50+00:00","og_image":[{"width":1920,"height":400,"url":"https:\/\/www.internationaled.com\/wp-content\/uploads\/2015\/10\/fondo_about_us.jpg","type":"image\/jpeg"}],"twitter_card":"summary_large_image","twitter_misc":{"Est. reading time":"2 minutes"},"schema":{"@context":"https:\/\/schema.org","@graph":[{"@type":"WebPage","@id":"https:\/\/www.internationaled.com\/it\/about\/","url":"https:\/\/www.internationaled.com\/it\/about\/","name":"Chi Siamo - Coquitlam School District 43","isPartOf":{"@id":"https:\/\/www.internationaled.com\/ar\/#website"},"primaryImageOfPage":{"@id":"https:\/\/www.internationaled.com\/it\/about\/#primaryimage"},"image":{"@id":"https:\/\/www.internationaled.com\/it\/about\/#primaryimage"},"thumbnailUrl":"https:\/\/cdn.internationaled.com\/wp-content\/uploads\/2015\/10\/fondo_about_us.jpg","datePublished":"2015-10-19T17:40:45+00:00","dateModified":"2016-07-21T10:32:50+00:00","breadcrumb":{"@id":"https:\/\/www.internationaled.com\/it\/about\/#breadcrumb"},"inLanguage":"it-IT","potentialAction":[{"@type":"ReadAction","target":["https:\/\/www.internationaled.com\/it\/about\/"]}]},{"@type":"ImageObject","inLanguage":"it-IT","@id":"https:\/\/www.internationaled.com\/it\/about\/#primaryimage","url":"https:\/\/cdn.internationaled.com\/wp-content\/uploads\/2015\/10\/fondo_about_us.jpg","contentUrl":"https:\/\/cdn.internationaled.com\/wp-content\/uploads\/2015\/10\/fondo_about_us.jpg","width":1920,"height":400},{"@type":"BreadcrumbList","@id":"https:\/\/www.internationaled.com\/it\/about\/#breadcrumb","itemListElement":[{"@type":"ListItem","position":1,"name":"Home","item":"https:\/\/www.internationaled.com\/it\/"},{"@type":"ListItem","position":2,"name":"Chi Siamo"}]},{"@type":"WebSite","@id":"https:\/\/www.internationaled.com\/ar\/#website","url":"https:\/\/www.internationaled.com\/ar\/","name":"Coquitlam School District 43","description":"Learning for a Lifetime","potentialAction":[{"@type":"SearchAction","target":{"@type":"EntryPoint","urlTemplate":"https:\/\/www.internationaled.com\/ar\/?s={search_term_string}"},"query-input":{"@type":"PropertyValueSpecification","valueRequired":true,"valueName":"search_term_string"}}],"inLanguage":"it-IT"}]}},"_links":{"self":[{"href":"https:\/\/www.internationaled.com\/it\/wp-json\/wp\/v2\/pages\/1520","targetHints":{"allow":["GET"]}}],"collection":[{"href":"https:\/\/www.internationaled.com\/it\/wp-json\/wp\/v2\/pages"}],"about":[{"href":"https:\/\/www.internationaled.com\/it\/wp-json\/wp\/v2\/types\/page"}],"author":[{"embeddable":true,"href":"https:\/\/www.internationaled.com\/it\/wp-json\/wp\/v2\/users\/14"}],"replies":[{"embeddable":true,"href":"https:\/\/www.internationaled.com\/it\/wp-json\/wp\/v2\/comments?post=1520"}],"version-history":[{"count":2,"href":"https:\/\/www.internationaled.com\/it\/wp-json\/wp\/v2\/pages\/1520\/revisions"}],"predecessor-version":[{"id":1714,"href":"https:\/\/www.internationaled.com\/it\/wp-json\/wp\/v2\/pages\/1520\/revisions\/1714"}],"wp:featuredmedia":[{"embeddable":true,"href":"https:\/\/www.internationaled.com\/it\/wp-json\/wp\/v2\/media\/307"}],"wp:attachment":[{"href":"https:\/\/www.internationaled.com\/it\/wp-json\/wp\/v2\/media?parent=1520"}],"curies":[{"name":"wp","href":"https:\/\/api.w.org\/{rel}","templated":true}]}}