{"id":1539,"date":"2015-10-27T16:20:56","date_gmt":"2015-10-27T16:20:56","guid":{"rendered":"http:\/\/internationaled.com\/programs\/summer-program\/?lang=it"},"modified":"2023-03-06T20:03:30","modified_gmt":"2023-03-06T20:03:30","slug":"summer-program","status":"publish","type":"page","link":"https:\/\/www.internationaled.com\/it\/programs\/summer-program\/","title":{"rendered":"Estivo"},"content":{"rendered":"<h2 class=\"green\">Programma Estivo di ESL Intensivo e di Cultura<\/h2>\n<h3 class=\"blue\">ESL Intensivo, Solo di Mattina<\/h3>\n<p>Questo programma di mezza giornata d\u00e0 rilievo alle abilit\u00e0 nella conversazione pratica, ascolto, lettura, vocabolario e scrittura. Gli studenti parteciperanno in attivit\u00e0 centrate su soggetti come il Canada, la comunit\u00e0, l&#8217;ambiente e la Columbia Britannica. Gli studenti sono valutati al principio di ogni programma ed esaminati ogni settimana e riceveranno un DIPLOMA che attesta il completamento del corso e una pagella alla fine del loro programma.<\/p>\n<h4 class=\"short\">Orario: 8:30 &#8211; 12:00<\/h4>\n<h3 class=\"blue\">Attivit\u00e0 Culturali e Sportive Svolte nel Pomeriggio<\/h3>\n<p><img decoding=\"async\" class=\"left\" src=\"http:\/\/static.flickr.com\/94\/223847776_b1b51d7a8f_m.jpg\" alt=\"Students posing with RCMP Officers\" \/><\/p>\n<p>Le attivit\u00e0 del pomeriggio possono essere combinate col programma ESL che viene svolto solo di mattina, per creare una completa e varia esperienza canadese. Questa \u00e8 un&#8217;opportunit\u00e0 di esperimentare la cultura canadese e usare l&#8217;inglese imparato, partecipando in attivit\u00e0 di gruppo ed esplorando i bellissimi posti della Lower Mainland della Columbia Britannica. Il Programma culturale del pomeriggio include attivit\u00e0 come nuoto, picnic, golf, tennis, bowling, canoeing, escursionismo, sport di squadra, artigianato e gite in pullman a posti turistici come <a href=\"http:\/\/www.westwoodplateaugolf.com\/page\/312-15452.htm\" target=\"blank\" rel=\"noopener\">Westwood Plateau<\/a>, <a href=\"http:\/\/www.robsonstreet.ca\/\" target=\"blank\" rel=\"noopener\">Robson Street<\/a>, <a href=\"http:\/\/www.metropolisatmetrotown.com\" target=\"blank\" rel=\"noopener\">Metrotown<\/a>, <a href=\"http:\/\/www.seegastown.com\" target=\"blank\" rel=\"noopener\">Gastown<\/a>, <a href=\"http:\/\/www.seestanleypark.com\/\" target=\"blank\" rel=\"noopener\">Stanley Park<\/a>, <a href=\"http:\/\/www.vanaqua.org\" target=\"blank\" rel=\"noopener\">Vancouver Aquarium<\/a>, <a href=\"http:\/\/www.capbridge.com\" target=\"blank\" rel=\"noopener\">Capilano Suspension Bridge<\/a>, <a href=\"http:\/\/www.hrmacmillanspacecentre.com\/\" target=\"blank\" rel=\"noopener\">H.R. MacMillan Space Centre<\/a>.<\/p>\n<h4 class=\"short\">Orario: 1:00 pm &#8211; 4:30pm<\/h4>\n<ul>\n<li class=\"forms\">Summer School Application Form<\/li>\n<li class=\"forms\">Summer High School Credit Courses Application Form<\/li>\n<\/ul>\n","protected":false},"excerpt":{"rendered":"<p>Programma Estivo di ESL Intensivo e di Cultura ESL Intensivo, Solo di Mattina Questo programma di mezza giornata d\u00e0 rilievo alle abilit\u00e0 nella conversazione pratica, ascolto, lettura, vocabolario e scrittura. Gli studenti parteciperanno in attivit\u00e0 centrate su soggetti come il Canada, la comunit\u00e0, l&#8217;ambiente e la Columbia Britannica. Gli studenti sono valutati al principio di &hellip; <a href=\"https:\/\/www.internationaled.com\/it\/programs\/summer-program\/\" class=\"more-link\">Continue reading <span class=\"screen-reader-text\">Estivo<\/span> <span class=\"meta-nav\">&rarr;<\/span><\/a><\/p>\n","protected":false},"author":14,"featured_media":336,"parent":1535,"menu_order":3,"comment_status":"closed","ping_status":"closed","template":"page-standard.php","meta":{"footnotes":""},"class_list":["post-1539","page","type-page","status-publish","has-post-thumbnail","hentry"],"yoast_head":"<!-- This site is optimized with the Yoast SEO plugin v27.4 - https:\/\/yoast.com\/product\/yoast-seo-wordpress\/ -->\n<title>Estivo - Coquitlam School District 43<\/title>\n<meta name=\"robots\" content=\"index, follow, max-snippet:-1, max-image-preview:large, max-video-preview:-1\" \/>\n<link rel=\"canonical\" href=\"https:\/\/www.internationaled.com\/it\/programs\/summer-program\/\" \/>\n<meta property=\"og:locale\" content=\"it_IT\" \/>\n<meta property=\"og:type\" content=\"article\" \/>\n<meta property=\"og:title\" content=\"Estivo - Coquitlam School District 43\" \/>\n<meta property=\"og:description\" content=\"Programma Estivo di ESL Intensivo e di Cultura ESL Intensivo, Solo di Mattina Questo programma di mezza giornata d\u00e0 rilievo alle abilit\u00e0 nella conversazione pratica, ascolto, lettura, vocabolario e scrittura. Gli studenti parteciperanno in attivit\u00e0 centrate su soggetti come il Canada, la comunit\u00e0, l&#8217;ambiente e la Columbia Britannica. Gli studenti sono valutati al principio di &hellip; Continue reading Estivo &rarr;\" \/>\n<meta property=\"og:url\" content=\"https:\/\/www.internationaled.com\/it\/programs\/summer-program\/\" \/>\n<meta property=\"og:site_name\" content=\"Coquitlam School District 43\" \/>\n<meta property=\"article:modified_time\" content=\"2023-03-06T20:03:30+00:00\" \/>\n<meta property=\"og:image\" content=\"https:\/\/www.internationaled.com\/wp-content\/uploads\/2015\/10\/fondo_summer.jpg\" \/>\n\t<meta property=\"og:image:width\" content=\"1920\" \/>\n\t<meta property=\"og:image:height\" content=\"400\" \/>\n\t<meta property=\"og:image:type\" content=\"image\/jpeg\" \/>\n<meta name=\"twitter:card\" content=\"summary_large_image\" \/>\n<meta name=\"twitter:label1\" content=\"Est. reading time\" \/>\n\t<meta name=\"twitter:data1\" content=\"2 minutes\" \/>\n<script type=\"application\/ld+json\" class=\"yoast-schema-graph\">{\"@context\":\"https:\\\/\\\/schema.org\",\"@graph\":[{\"@type\":\"WebPage\",\"@id\":\"https:\\\/\\\/www.internationaled.com\\\/it\\\/programs\\\/summer-program\\\/\",\"url\":\"https:\\\/\\\/www.internationaled.com\\\/it\\\/programs\\\/summer-program\\\/\",\"name\":\"Estivo - Coquitlam School District 43\",\"isPartOf\":{\"@id\":\"https:\\\/\\\/www.internationaled.com\\\/ar\\\/#website\"},\"primaryImageOfPage\":{\"@id\":\"https:\\\/\\\/www.internationaled.com\\\/it\\\/programs\\\/summer-program\\\/#primaryimage\"},\"image\":{\"@id\":\"https:\\\/\\\/www.internationaled.com\\\/it\\\/programs\\\/summer-program\\\/#primaryimage\"},\"thumbnailUrl\":\"https:\\\/\\\/cdn.internationaled.com\\\/wp-content\\\/uploads\\\/2015\\\/10\\\/fondo_summer.jpg\",\"datePublished\":\"2015-10-27T16:20:56+00:00\",\"dateModified\":\"2023-03-06T20:03:30+00:00\",\"breadcrumb\":{\"@id\":\"https:\\\/\\\/www.internationaled.com\\\/it\\\/programs\\\/summer-program\\\/#breadcrumb\"},\"inLanguage\":\"it-IT\",\"potentialAction\":[{\"@type\":\"ReadAction\",\"target\":[\"https:\\\/\\\/www.internationaled.com\\\/it\\\/programs\\\/summer-program\\\/\"]}]},{\"@type\":\"ImageObject\",\"inLanguage\":\"it-IT\",\"@id\":\"https:\\\/\\\/www.internationaled.com\\\/it\\\/programs\\\/summer-program\\\/#primaryimage\",\"url\":\"https:\\\/\\\/cdn.internationaled.com\\\/wp-content\\\/uploads\\\/2015\\\/10\\\/fondo_summer.jpg\",\"contentUrl\":\"https:\\\/\\\/cdn.internationaled.com\\\/wp-content\\\/uploads\\\/2015\\\/10\\\/fondo_summer.jpg\",\"width\":1920,\"height\":400},{\"@type\":\"BreadcrumbList\",\"@id\":\"https:\\\/\\\/www.internationaled.com\\\/it\\\/programs\\\/summer-program\\\/#breadcrumb\",\"itemListElement\":[{\"@type\":\"ListItem\",\"position\":1,\"name\":\"Home\",\"item\":\"https:\\\/\\\/www.internationaled.com\\\/it\\\/\"},{\"@type\":\"ListItem\",\"position\":2,\"name\":\"Programmi\",\"item\":\"https:\\\/\\\/www.internationaled.com\\\/it\\\/programs\\\/\"},{\"@type\":\"ListItem\",\"position\":3,\"name\":\"Estivo\"}]},{\"@type\":\"WebSite\",\"@id\":\"https:\\\/\\\/www.internationaled.com\\\/ar\\\/#website\",\"url\":\"https:\\\/\\\/www.internationaled.com\\\/ar\\\/\",\"name\":\"Coquitlam School District 43\",\"description\":\"Learning for a Lifetime\",\"potentialAction\":[{\"@type\":\"SearchAction\",\"target\":{\"@type\":\"EntryPoint\",\"urlTemplate\":\"https:\\\/\\\/www.internationaled.com\\\/ar\\\/?s={search_term_string}\"},\"query-input\":{\"@type\":\"PropertyValueSpecification\",\"valueRequired\":true,\"valueName\":\"search_term_string\"}}],\"inLanguage\":\"it-IT\"}]}<\/script>\n<!-- \/ Yoast SEO plugin. -->","yoast_head_json":{"title":"Estivo - Coquitlam School District 43","robots":{"index":"index","follow":"follow","max-snippet":"max-snippet:-1","max-image-preview":"max-image-preview:large","max-video-preview":"max-video-preview:-1"},"canonical":"https:\/\/www.internationaled.com\/it\/programs\/summer-program\/","og_locale":"it_IT","og_type":"article","og_title":"Estivo - Coquitlam School District 43","og_description":"Programma Estivo di ESL Intensivo e di Cultura ESL Intensivo, Solo di Mattina Questo programma di mezza giornata d\u00e0 rilievo alle abilit\u00e0 nella conversazione pratica, ascolto, lettura, vocabolario e scrittura. Gli studenti parteciperanno in attivit\u00e0 centrate su soggetti come il Canada, la comunit\u00e0, l&#8217;ambiente e la Columbia Britannica. Gli studenti sono valutati al principio di &hellip; Continue reading Estivo &rarr;","og_url":"https:\/\/www.internationaled.com\/it\/programs\/summer-program\/","og_site_name":"Coquitlam School District 43","article_modified_time":"2023-03-06T20:03:30+00:00","og_image":[{"width":1920,"height":400,"url":"https:\/\/www.internationaled.com\/wp-content\/uploads\/2015\/10\/fondo_summer.jpg","type":"image\/jpeg"}],"twitter_card":"summary_large_image","twitter_misc":{"Est. reading time":"2 minutes"},"schema":{"@context":"https:\/\/schema.org","@graph":[{"@type":"WebPage","@id":"https:\/\/www.internationaled.com\/it\/programs\/summer-program\/","url":"https:\/\/www.internationaled.com\/it\/programs\/summer-program\/","name":"Estivo - Coquitlam School District 43","isPartOf":{"@id":"https:\/\/www.internationaled.com\/ar\/#website"},"primaryImageOfPage":{"@id":"https:\/\/www.internationaled.com\/it\/programs\/summer-program\/#primaryimage"},"image":{"@id":"https:\/\/www.internationaled.com\/it\/programs\/summer-program\/#primaryimage"},"thumbnailUrl":"https:\/\/cdn.internationaled.com\/wp-content\/uploads\/2015\/10\/fondo_summer.jpg","datePublished":"2015-10-27T16:20:56+00:00","dateModified":"2023-03-06T20:03:30+00:00","breadcrumb":{"@id":"https:\/\/www.internationaled.com\/it\/programs\/summer-program\/#breadcrumb"},"inLanguage":"it-IT","potentialAction":[{"@type":"ReadAction","target":["https:\/\/www.internationaled.com\/it\/programs\/summer-program\/"]}]},{"@type":"ImageObject","inLanguage":"it-IT","@id":"https:\/\/www.internationaled.com\/it\/programs\/summer-program\/#primaryimage","url":"https:\/\/cdn.internationaled.com\/wp-content\/uploads\/2015\/10\/fondo_summer.jpg","contentUrl":"https:\/\/cdn.internationaled.com\/wp-content\/uploads\/2015\/10\/fondo_summer.jpg","width":1920,"height":400},{"@type":"BreadcrumbList","@id":"https:\/\/www.internationaled.com\/it\/programs\/summer-program\/#breadcrumb","itemListElement":[{"@type":"ListItem","position":1,"name":"Home","item":"https:\/\/www.internationaled.com\/it\/"},{"@type":"ListItem","position":2,"name":"Programmi","item":"https:\/\/www.internationaled.com\/it\/programs\/"},{"@type":"ListItem","position":3,"name":"Estivo"}]},{"@type":"WebSite","@id":"https:\/\/www.internationaled.com\/ar\/#website","url":"https:\/\/www.internationaled.com\/ar\/","name":"Coquitlam School District 43","description":"Learning for a Lifetime","potentialAction":[{"@type":"SearchAction","target":{"@type":"EntryPoint","urlTemplate":"https:\/\/www.internationaled.com\/ar\/?s={search_term_string}"},"query-input":{"@type":"PropertyValueSpecification","valueRequired":true,"valueName":"search_term_string"}}],"inLanguage":"it-IT"}]}},"_links":{"self":[{"href":"https:\/\/www.internationaled.com\/it\/wp-json\/wp\/v2\/pages\/1539","targetHints":{"allow":["GET"]}}],"collection":[{"href":"https:\/\/www.internationaled.com\/it\/wp-json\/wp\/v2\/pages"}],"about":[{"href":"https:\/\/www.internationaled.com\/it\/wp-json\/wp\/v2\/types\/page"}],"author":[{"embeddable":true,"href":"https:\/\/www.internationaled.com\/it\/wp-json\/wp\/v2\/users\/14"}],"replies":[{"embeddable":true,"href":"https:\/\/www.internationaled.com\/it\/wp-json\/wp\/v2\/comments?post=1539"}],"version-history":[{"count":5,"href":"https:\/\/www.internationaled.com\/it\/wp-json\/wp\/v2\/pages\/1539\/revisions"}],"predecessor-version":[{"id":7725,"href":"https:\/\/www.internationaled.com\/it\/wp-json\/wp\/v2\/pages\/1539\/revisions\/7725"}],"up":[{"embeddable":true,"href":"https:\/\/www.internationaled.com\/it\/wp-json\/wp\/v2\/pages\/1535"}],"wp:featuredmedia":[{"embeddable":true,"href":"https:\/\/www.internationaled.com\/it\/wp-json\/wp\/v2\/media\/336"}],"wp:attachment":[{"href":"https:\/\/www.internationaled.com\/it\/wp-json\/wp\/v2\/media?parent=1539"}],"curies":[{"name":"wp","href":"https:\/\/api.w.org\/{rel}","templated":true}]}}