{"id":1821,"date":"2015-10-27T16:10:04","date_gmt":"2015-10-27T16:10:04","guid":{"rendered":"http:\/\/internationaled.com\/admissions\/study-permit\/?lang=pt-pt"},"modified":"2016-07-22T09:03:55","modified_gmt":"2016-07-22T09:03:55","slug":"study-permit","status":"publish","type":"page","link":"https:\/\/www.internationaled.com\/pt-pt\/admissions\/study-permit\/","title":{"rendered":"Visto de Estudante"},"content":{"rendered":"<p>As Embaixadas e consulados do Canad no mundo inteiro estabelecem os critrios para os requisitos e procedimentos de solicitao de vistos de turista ou estudante a fim de auxiliar os potenciais alunos ao solicitar seus vistos ao departamento de Imigrao do Canad.<\/p>\n<p>Mais de 130.000 estudantes vm estudar em Canad todo ano. Alm deste nmero so muito mais os que vm ao Canad aprender ingls ou o francs. Os estudantes estrangeiros trazem uma rica cultura para as nossas salas de aula. Seus conhecimentos e habilidades so bem-vindos em nossas escolas. No Canad a regulamentao da educao nas escolas de responsabilidade das provncias. Voc no necessita de uma autorizao de estudo se voc estiver planejando fazer um curso ou um programa em Canad com uma durao de seis meses ou de menos, mas necessrio o visto de estudante. Voc deve terminar o curso ou o programa dentro do perodo autorizado para sua estada no Canad.<\/p>\n<ul>\n<li class=\"forms\"><a href=\"http:\/\/legacy.internationaled.com\/forms\/1431_001.pdf\">Permiss\u00e3o de Estudo Processo de Renova\u00e7\u00e3o<\/a><\/li>\n<li class=\"forms\"><a href=\"http:\/\/legacy.internationaled.com\/English\/study-permit.shtml\">Informaes sobre autorizao de estudos (English)<\/a><\/li>\n<li class=\"forms\"><a href=\"http:\/\/www.cic.gc.ca\/english\/information\/applications\/student.asp\" target=\"_blank\"> www.cic.gc.ca\/english\/information\/applications\/student.asp<\/a><\/li>\n<li class=\"forms\"><a href=\"http:\/\/www.canadainternational.gc.ca\/brazil-bresil\/splash.aspx\" target=\"_blank\">www.dfait-maeci.gc.ca\/brazil<\/a><\/li>\n<\/ul>\n","protected":false},"excerpt":{"rendered":"<p>As Embaixadas e consulados do Canad no mundo inteiro estabelecem os critrios para os requisitos e procedimentos de solicitao de vistos de turista ou estudante a fim de auxiliar os potenciais alunos ao solicitar seus vistos ao departamento de Imigrao do Canad. Mais de 130.000 estudantes vm estudar em Canad todo ano. Alm deste nmero &hellip; <a href=\"https:\/\/www.internationaled.com\/pt-pt\/admissions\/study-permit\/\" class=\"more-link\">Continue reading <span class=\"screen-reader-text\">Visto de Estudante<\/span> <span class=\"meta-nav\">&rarr;<\/span><\/a><\/p>\n","protected":false},"author":14,"featured_media":331,"parent":1816,"menu_order":5,"comment_status":"closed","ping_status":"closed","template":"page-standard.php","meta":{"footnotes":""},"class_list":["post-1821","page","type-page","status-publish","has-post-thumbnail","hentry"],"yoast_head":"<!-- This site is optimized with the Yoast SEO plugin v27.3 - https:\/\/yoast.com\/product\/yoast-seo-wordpress\/ -->\n<title>Visto de Estudante - Coquitlam School District 43<\/title>\n<meta name=\"robots\" content=\"index, follow, max-snippet:-1, max-image-preview:large, max-video-preview:-1\" \/>\n<link rel=\"canonical\" href=\"https:\/\/www.internationaled.com\/pt-pt\/admissions\/study-permit\/\" \/>\n<meta property=\"og:locale\" content=\"pt_PT\" \/>\n<meta property=\"og:type\" content=\"article\" \/>\n<meta property=\"og:title\" content=\"Visto de Estudante - Coquitlam School District 43\" \/>\n<meta property=\"og:description\" content=\"As Embaixadas e consulados do Canad no mundo inteiro estabelecem os critrios para os requisitos e procedimentos de solicitao de vistos de turista ou estudante a fim de auxiliar os potenciais alunos ao solicitar seus vistos ao departamento de Imigrao do Canad. Mais de 130.000 estudantes vm estudar em Canad todo ano. Alm deste nmero &hellip; Continue reading Visto de Estudante &rarr;\" \/>\n<meta property=\"og:url\" content=\"https:\/\/www.internationaled.com\/pt-pt\/admissions\/study-permit\/\" \/>\n<meta property=\"og:site_name\" content=\"Coquitlam School District 43\" \/>\n<meta property=\"article:modified_time\" content=\"2016-07-22T09:03:55+00:00\" \/>\n<meta property=\"og:image\" content=\"https:\/\/www.internationaled.com\/wp-content\/uploads\/2015\/10\/fondo_permit.jpg\" \/>\n\t<meta property=\"og:image:width\" content=\"1920\" \/>\n\t<meta property=\"og:image:height\" content=\"400\" \/>\n\t<meta property=\"og:image:type\" content=\"image\/jpeg\" \/>\n<meta name=\"twitter:card\" content=\"summary_large_image\" \/>\n<meta name=\"twitter:label1\" content=\"Est. reading time\" \/>\n\t<meta name=\"twitter:data1\" content=\"1 minute\" \/>\n<script type=\"application\/ld+json\" class=\"yoast-schema-graph\">{\"@context\":\"https:\\\/\\\/schema.org\",\"@graph\":[{\"@type\":\"WebPage\",\"@id\":\"https:\\\/\\\/www.internationaled.com\\\/pt-pt\\\/admissions\\\/study-permit\\\/\",\"url\":\"https:\\\/\\\/www.internationaled.com\\\/pt-pt\\\/admissions\\\/study-permit\\\/\",\"name\":\"Visto de Estudante - Coquitlam School District 43\",\"isPartOf\":{\"@id\":\"https:\\\/\\\/www.internationaled.com\\\/ar\\\/#website\"},\"primaryImageOfPage\":{\"@id\":\"https:\\\/\\\/www.internationaled.com\\\/pt-pt\\\/admissions\\\/study-permit\\\/#primaryimage\"},\"image\":{\"@id\":\"https:\\\/\\\/www.internationaled.com\\\/pt-pt\\\/admissions\\\/study-permit\\\/#primaryimage\"},\"thumbnailUrl\":\"https:\\\/\\\/cdn.internationaled.com\\\/wp-content\\\/uploads\\\/2015\\\/10\\\/fondo_permit.jpg\",\"datePublished\":\"2015-10-27T16:10:04+00:00\",\"dateModified\":\"2016-07-22T09:03:55+00:00\",\"breadcrumb\":{\"@id\":\"https:\\\/\\\/www.internationaled.com\\\/pt-pt\\\/admissions\\\/study-permit\\\/#breadcrumb\"},\"inLanguage\":\"pt-PT\",\"potentialAction\":[{\"@type\":\"ReadAction\",\"target\":[\"https:\\\/\\\/www.internationaled.com\\\/pt-pt\\\/admissions\\\/study-permit\\\/\"]}]},{\"@type\":\"ImageObject\",\"inLanguage\":\"pt-PT\",\"@id\":\"https:\\\/\\\/www.internationaled.com\\\/pt-pt\\\/admissions\\\/study-permit\\\/#primaryimage\",\"url\":\"https:\\\/\\\/cdn.internationaled.com\\\/wp-content\\\/uploads\\\/2015\\\/10\\\/fondo_permit.jpg\",\"contentUrl\":\"https:\\\/\\\/cdn.internationaled.com\\\/wp-content\\\/uploads\\\/2015\\\/10\\\/fondo_permit.jpg\",\"width\":1920,\"height\":400},{\"@type\":\"BreadcrumbList\",\"@id\":\"https:\\\/\\\/www.internationaled.com\\\/pt-pt\\\/admissions\\\/study-permit\\\/#breadcrumb\",\"itemListElement\":[{\"@type\":\"ListItem\",\"position\":1,\"name\":\"Home\",\"item\":\"https:\\\/\\\/www.internationaled.com\\\/pt-pt\\\/\"},{\"@type\":\"ListItem\",\"position\":2,\"name\":\"Ingresso\",\"item\":\"https:\\\/\\\/www.internationaled.com\\\/pt-pt\\\/admissions\\\/\"},{\"@type\":\"ListItem\",\"position\":3,\"name\":\"Visto de Estudante\"}]},{\"@type\":\"WebSite\",\"@id\":\"https:\\\/\\\/www.internationaled.com\\\/ar\\\/#website\",\"url\":\"https:\\\/\\\/www.internationaled.com\\\/ar\\\/\",\"name\":\"Coquitlam School District 43\",\"description\":\"Learning for a Lifetime\",\"potentialAction\":[{\"@type\":\"SearchAction\",\"target\":{\"@type\":\"EntryPoint\",\"urlTemplate\":\"https:\\\/\\\/www.internationaled.com\\\/ar\\\/?s={search_term_string}\"},\"query-input\":{\"@type\":\"PropertyValueSpecification\",\"valueRequired\":true,\"valueName\":\"search_term_string\"}}],\"inLanguage\":\"pt-PT\"}]}<\/script>\n<!-- \/ Yoast SEO plugin. -->","yoast_head_json":{"title":"Visto de Estudante - Coquitlam School District 43","robots":{"index":"index","follow":"follow","max-snippet":"max-snippet:-1","max-image-preview":"max-image-preview:large","max-video-preview":"max-video-preview:-1"},"canonical":"https:\/\/www.internationaled.com\/pt-pt\/admissions\/study-permit\/","og_locale":"pt_PT","og_type":"article","og_title":"Visto de Estudante - Coquitlam School District 43","og_description":"As Embaixadas e consulados do Canad no mundo inteiro estabelecem os critrios para os requisitos e procedimentos de solicitao de vistos de turista ou estudante a fim de auxiliar os potenciais alunos ao solicitar seus vistos ao departamento de Imigrao do Canad. Mais de 130.000 estudantes vm estudar em Canad todo ano. Alm deste nmero &hellip; Continue reading Visto de Estudante &rarr;","og_url":"https:\/\/www.internationaled.com\/pt-pt\/admissions\/study-permit\/","og_site_name":"Coquitlam School District 43","article_modified_time":"2016-07-22T09:03:55+00:00","og_image":[{"width":1920,"height":400,"url":"https:\/\/www.internationaled.com\/wp-content\/uploads\/2015\/10\/fondo_permit.jpg","type":"image\/jpeg"}],"twitter_card":"summary_large_image","twitter_misc":{"Est. reading time":"1 minute"},"schema":{"@context":"https:\/\/schema.org","@graph":[{"@type":"WebPage","@id":"https:\/\/www.internationaled.com\/pt-pt\/admissions\/study-permit\/","url":"https:\/\/www.internationaled.com\/pt-pt\/admissions\/study-permit\/","name":"Visto de Estudante - Coquitlam School District 43","isPartOf":{"@id":"https:\/\/www.internationaled.com\/ar\/#website"},"primaryImageOfPage":{"@id":"https:\/\/www.internationaled.com\/pt-pt\/admissions\/study-permit\/#primaryimage"},"image":{"@id":"https:\/\/www.internationaled.com\/pt-pt\/admissions\/study-permit\/#primaryimage"},"thumbnailUrl":"https:\/\/cdn.internationaled.com\/wp-content\/uploads\/2015\/10\/fondo_permit.jpg","datePublished":"2015-10-27T16:10:04+00:00","dateModified":"2016-07-22T09:03:55+00:00","breadcrumb":{"@id":"https:\/\/www.internationaled.com\/pt-pt\/admissions\/study-permit\/#breadcrumb"},"inLanguage":"pt-PT","potentialAction":[{"@type":"ReadAction","target":["https:\/\/www.internationaled.com\/pt-pt\/admissions\/study-permit\/"]}]},{"@type":"ImageObject","inLanguage":"pt-PT","@id":"https:\/\/www.internationaled.com\/pt-pt\/admissions\/study-permit\/#primaryimage","url":"https:\/\/cdn.internationaled.com\/wp-content\/uploads\/2015\/10\/fondo_permit.jpg","contentUrl":"https:\/\/cdn.internationaled.com\/wp-content\/uploads\/2015\/10\/fondo_permit.jpg","width":1920,"height":400},{"@type":"BreadcrumbList","@id":"https:\/\/www.internationaled.com\/pt-pt\/admissions\/study-permit\/#breadcrumb","itemListElement":[{"@type":"ListItem","position":1,"name":"Home","item":"https:\/\/www.internationaled.com\/pt-pt\/"},{"@type":"ListItem","position":2,"name":"Ingresso","item":"https:\/\/www.internationaled.com\/pt-pt\/admissions\/"},{"@type":"ListItem","position":3,"name":"Visto de Estudante"}]},{"@type":"WebSite","@id":"https:\/\/www.internationaled.com\/ar\/#website","url":"https:\/\/www.internationaled.com\/ar\/","name":"Coquitlam School District 43","description":"Learning for a Lifetime","potentialAction":[{"@type":"SearchAction","target":{"@type":"EntryPoint","urlTemplate":"https:\/\/www.internationaled.com\/ar\/?s={search_term_string}"},"query-input":{"@type":"PropertyValueSpecification","valueRequired":true,"valueName":"search_term_string"}}],"inLanguage":"pt-PT"}]}},"_links":{"self":[{"href":"https:\/\/www.internationaled.com\/pt-pt\/wp-json\/wp\/v2\/pages\/1821","targetHints":{"allow":["GET"]}}],"collection":[{"href":"https:\/\/www.internationaled.com\/pt-pt\/wp-json\/wp\/v2\/pages"}],"about":[{"href":"https:\/\/www.internationaled.com\/pt-pt\/wp-json\/wp\/v2\/types\/page"}],"author":[{"embeddable":true,"href":"https:\/\/www.internationaled.com\/pt-pt\/wp-json\/wp\/v2\/users\/14"}],"replies":[{"embeddable":true,"href":"https:\/\/www.internationaled.com\/pt-pt\/wp-json\/wp\/v2\/comments?post=1821"}],"version-history":[{"count":1,"href":"https:\/\/www.internationaled.com\/pt-pt\/wp-json\/wp\/v2\/pages\/1821\/revisions"}],"predecessor-version":[{"id":2021,"href":"https:\/\/www.internationaled.com\/pt-pt\/wp-json\/wp\/v2\/pages\/1821\/revisions\/2021"}],"up":[{"embeddable":true,"href":"https:\/\/www.internationaled.com\/pt-pt\/wp-json\/wp\/v2\/pages\/1816"}],"wp:featuredmedia":[{"embeddable":true,"href":"https:\/\/www.internationaled.com\/pt-pt\/wp-json\/wp\/v2\/media\/331"}],"wp:attachment":[{"href":"https:\/\/www.internationaled.com\/pt-pt\/wp-json\/wp\/v2\/media?parent=1821"}],"curies":[{"name":"wp","href":"https:\/\/api.w.org\/{rel}","templated":true}]}}