{"id":1833,"date":"2015-10-19T17:41:01","date_gmt":"2015-10-19T17:41:01","guid":{"rendered":"http:\/\/internationaled.com\/schools\/?lang=pt-pt"},"modified":"2016-07-22T10:10:22","modified_gmt":"2016-07-22T10:10:22","slug":"schools","status":"publish","type":"page","link":"https:\/\/www.internationaled.com\/pt-pt\/schools\/","title":{"rendered":"Nossas Escolas"},"content":{"rendered":"<p>As nossas escolas de ensino fundamental e de ensino m\u00e9dio oferecem aos alunos um desafio bem-vindo em um ambiente acad\u00eamico moderno e seguro em que seu conhecimento cresce levando-os a se tornar cidad\u00e3os globais esclarecidos.<\/p>\n<p>Credenciadas pelo governo da Col\u00fambia Brit\u00e2nica, nossas escolas empregam professores certificados pelo governo, considerados entre os melhores professores do mundo. Utilizamos apenas o curr\u00edculo aprovado pelo Minist\u00e9rio da Educa\u00e7\u00e3o do governo da Col\u00fambia Brit\u00e2nica. Todas as nossas 66 escolas possuem tecnologia e instala\u00e7\u00f5es modernas e muitas delas t\u00eam apenas alguns anos. Para os cursos de Ingl\u00eas como Segunda L\u00edngua, professores treinados e certificados no ensino de ingl\u00eas para estrangeiros d\u00e3o suporte para nossos alunos internacionais. Al\u00e9m disso, o certificado de conclus\u00e3o do ensino m\u00e9dio (ou Diploma Dogwood) \u00e9 reconhecido por todas as universidades do Canad\u00e1 e dos Estados Unidos.<\/p>\n","protected":false},"excerpt":{"rendered":"<p>As nossas escolas de ensino fundamental e de ensino m\u00e9dio oferecem aos alunos um desafio bem-vindo em um ambiente acad\u00eamico moderno e seguro em que seu conhecimento cresce levando-os a se tornar cidad\u00e3os globais esclarecidos. Credenciadas pelo governo da Col\u00fambia Brit\u00e2nica, nossas escolas empregam professores certificados pelo governo, considerados entre os melhores professores do mundo. &hellip; <a href=\"https:\/\/www.internationaled.com\/pt-pt\/schools\/\" class=\"more-link\">Continue reading <span class=\"screen-reader-text\">Nossas Escolas<\/span> <span class=\"meta-nav\">&rarr;<\/span><\/a><\/p>\n","protected":false},"author":14,"featured_media":301,"parent":0,"menu_order":0,"comment_status":"closed","ping_status":"closed","template":"page-our-school.php","meta":{"footnotes":""},"class_list":["post-1833","page","type-page","status-publish","has-post-thumbnail","hentry"],"yoast_head":"<!-- This site is optimized with the Yoast SEO plugin v27.3 - https:\/\/yoast.com\/product\/yoast-seo-wordpress\/ -->\n<title>Nossas Escolas - Coquitlam School District 43<\/title>\n<meta name=\"robots\" content=\"index, follow, max-snippet:-1, max-image-preview:large, max-video-preview:-1\" \/>\n<link rel=\"canonical\" href=\"https:\/\/www.internationaled.com\/pt-pt\/schools\/\" \/>\n<meta property=\"og:locale\" content=\"pt_PT\" \/>\n<meta property=\"og:type\" content=\"article\" \/>\n<meta property=\"og:title\" content=\"Nossas Escolas - Coquitlam School District 43\" \/>\n<meta property=\"og:description\" content=\"As nossas escolas de ensino fundamental e de ensino m\u00e9dio oferecem aos alunos um desafio bem-vindo em um ambiente acad\u00eamico moderno e seguro em que seu conhecimento cresce levando-os a se tornar cidad\u00e3os globais esclarecidos. Credenciadas pelo governo da Col\u00fambia Brit\u00e2nica, nossas escolas empregam professores certificados pelo governo, considerados entre os melhores professores do mundo. &hellip; Continue reading Nossas Escolas &rarr;\" \/>\n<meta property=\"og:url\" content=\"https:\/\/www.internationaled.com\/pt-pt\/schools\/\" \/>\n<meta property=\"og:site_name\" content=\"Coquitlam School District 43\" \/>\n<meta property=\"article:modified_time\" content=\"2016-07-22T10:10:22+00:00\" \/>\n<meta property=\"og:image\" content=\"https:\/\/www.internationaled.com\/wp-content\/uploads\/2015\/10\/fondo_school.jpg\" \/>\n\t<meta property=\"og:image:width\" content=\"1920\" \/>\n\t<meta property=\"og:image:height\" content=\"400\" \/>\n\t<meta property=\"og:image:type\" content=\"image\/jpeg\" \/>\n<meta name=\"twitter:card\" content=\"summary_large_image\" \/>\n<meta name=\"twitter:label1\" content=\"Est. reading time\" \/>\n\t<meta name=\"twitter:data1\" content=\"1 minute\" \/>\n<script type=\"application\/ld+json\" class=\"yoast-schema-graph\">{\"@context\":\"https:\\\/\\\/schema.org\",\"@graph\":[{\"@type\":\"WebPage\",\"@id\":\"https:\\\/\\\/www.internationaled.com\\\/pt-pt\\\/schools\\\/\",\"url\":\"https:\\\/\\\/www.internationaled.com\\\/pt-pt\\\/schools\\\/\",\"name\":\"Nossas Escolas - Coquitlam School District 43\",\"isPartOf\":{\"@id\":\"https:\\\/\\\/www.internationaled.com\\\/ar\\\/#website\"},\"primaryImageOfPage\":{\"@id\":\"https:\\\/\\\/www.internationaled.com\\\/pt-pt\\\/schools\\\/#primaryimage\"},\"image\":{\"@id\":\"https:\\\/\\\/www.internationaled.com\\\/pt-pt\\\/schools\\\/#primaryimage\"},\"thumbnailUrl\":\"https:\\\/\\\/cdn.internationaled.com\\\/wp-content\\\/uploads\\\/2015\\\/10\\\/fondo_school.jpg\",\"datePublished\":\"2015-10-19T17:41:01+00:00\",\"dateModified\":\"2016-07-22T10:10:22+00:00\",\"breadcrumb\":{\"@id\":\"https:\\\/\\\/www.internationaled.com\\\/pt-pt\\\/schools\\\/#breadcrumb\"},\"inLanguage\":\"pt-PT\",\"potentialAction\":[{\"@type\":\"ReadAction\",\"target\":[\"https:\\\/\\\/www.internationaled.com\\\/pt-pt\\\/schools\\\/\"]}]},{\"@type\":\"ImageObject\",\"inLanguage\":\"pt-PT\",\"@id\":\"https:\\\/\\\/www.internationaled.com\\\/pt-pt\\\/schools\\\/#primaryimage\",\"url\":\"https:\\\/\\\/cdn.internationaled.com\\\/wp-content\\\/uploads\\\/2015\\\/10\\\/fondo_school.jpg\",\"contentUrl\":\"https:\\\/\\\/cdn.internationaled.com\\\/wp-content\\\/uploads\\\/2015\\\/10\\\/fondo_school.jpg\",\"width\":1920,\"height\":400,\"caption\":\"preparatorias en canada\"},{\"@type\":\"BreadcrumbList\",\"@id\":\"https:\\\/\\\/www.internationaled.com\\\/pt-pt\\\/schools\\\/#breadcrumb\",\"itemListElement\":[{\"@type\":\"ListItem\",\"position\":1,\"name\":\"Home\",\"item\":\"https:\\\/\\\/www.internationaled.com\\\/pt-pt\\\/\"},{\"@type\":\"ListItem\",\"position\":2,\"name\":\"Nossas Escolas\"}]},{\"@type\":\"WebSite\",\"@id\":\"https:\\\/\\\/www.internationaled.com\\\/ar\\\/#website\",\"url\":\"https:\\\/\\\/www.internationaled.com\\\/ar\\\/\",\"name\":\"Coquitlam School District 43\",\"description\":\"Learning for a Lifetime\",\"potentialAction\":[{\"@type\":\"SearchAction\",\"target\":{\"@type\":\"EntryPoint\",\"urlTemplate\":\"https:\\\/\\\/www.internationaled.com\\\/ar\\\/?s={search_term_string}\"},\"query-input\":{\"@type\":\"PropertyValueSpecification\",\"valueRequired\":true,\"valueName\":\"search_term_string\"}}],\"inLanguage\":\"pt-PT\"}]}<\/script>\n<!-- \/ Yoast SEO plugin. -->","yoast_head_json":{"title":"Nossas Escolas - Coquitlam School District 43","robots":{"index":"index","follow":"follow","max-snippet":"max-snippet:-1","max-image-preview":"max-image-preview:large","max-video-preview":"max-video-preview:-1"},"canonical":"https:\/\/www.internationaled.com\/pt-pt\/schools\/","og_locale":"pt_PT","og_type":"article","og_title":"Nossas Escolas - Coquitlam School District 43","og_description":"As nossas escolas de ensino fundamental e de ensino m\u00e9dio oferecem aos alunos um desafio bem-vindo em um ambiente acad\u00eamico moderno e seguro em que seu conhecimento cresce levando-os a se tornar cidad\u00e3os globais esclarecidos. Credenciadas pelo governo da Col\u00fambia Brit\u00e2nica, nossas escolas empregam professores certificados pelo governo, considerados entre os melhores professores do mundo. &hellip; Continue reading Nossas Escolas &rarr;","og_url":"https:\/\/www.internationaled.com\/pt-pt\/schools\/","og_site_name":"Coquitlam School District 43","article_modified_time":"2016-07-22T10:10:22+00:00","og_image":[{"width":1920,"height":400,"url":"https:\/\/www.internationaled.com\/wp-content\/uploads\/2015\/10\/fondo_school.jpg","type":"image\/jpeg"}],"twitter_card":"summary_large_image","twitter_misc":{"Est. reading time":"1 minute"},"schema":{"@context":"https:\/\/schema.org","@graph":[{"@type":"WebPage","@id":"https:\/\/www.internationaled.com\/pt-pt\/schools\/","url":"https:\/\/www.internationaled.com\/pt-pt\/schools\/","name":"Nossas Escolas - Coquitlam School District 43","isPartOf":{"@id":"https:\/\/www.internationaled.com\/ar\/#website"},"primaryImageOfPage":{"@id":"https:\/\/www.internationaled.com\/pt-pt\/schools\/#primaryimage"},"image":{"@id":"https:\/\/www.internationaled.com\/pt-pt\/schools\/#primaryimage"},"thumbnailUrl":"https:\/\/cdn.internationaled.com\/wp-content\/uploads\/2015\/10\/fondo_school.jpg","datePublished":"2015-10-19T17:41:01+00:00","dateModified":"2016-07-22T10:10:22+00:00","breadcrumb":{"@id":"https:\/\/www.internationaled.com\/pt-pt\/schools\/#breadcrumb"},"inLanguage":"pt-PT","potentialAction":[{"@type":"ReadAction","target":["https:\/\/www.internationaled.com\/pt-pt\/schools\/"]}]},{"@type":"ImageObject","inLanguage":"pt-PT","@id":"https:\/\/www.internationaled.com\/pt-pt\/schools\/#primaryimage","url":"https:\/\/cdn.internationaled.com\/wp-content\/uploads\/2015\/10\/fondo_school.jpg","contentUrl":"https:\/\/cdn.internationaled.com\/wp-content\/uploads\/2015\/10\/fondo_school.jpg","width":1920,"height":400,"caption":"preparatorias en canada"},{"@type":"BreadcrumbList","@id":"https:\/\/www.internationaled.com\/pt-pt\/schools\/#breadcrumb","itemListElement":[{"@type":"ListItem","position":1,"name":"Home","item":"https:\/\/www.internationaled.com\/pt-pt\/"},{"@type":"ListItem","position":2,"name":"Nossas Escolas"}]},{"@type":"WebSite","@id":"https:\/\/www.internationaled.com\/ar\/#website","url":"https:\/\/www.internationaled.com\/ar\/","name":"Coquitlam School District 43","description":"Learning for a Lifetime","potentialAction":[{"@type":"SearchAction","target":{"@type":"EntryPoint","urlTemplate":"https:\/\/www.internationaled.com\/ar\/?s={search_term_string}"},"query-input":{"@type":"PropertyValueSpecification","valueRequired":true,"valueName":"search_term_string"}}],"inLanguage":"pt-PT"}]}},"_links":{"self":[{"href":"https:\/\/www.internationaled.com\/pt-pt\/wp-json\/wp\/v2\/pages\/1833","targetHints":{"allow":["GET"]}}],"collection":[{"href":"https:\/\/www.internationaled.com\/pt-pt\/wp-json\/wp\/v2\/pages"}],"about":[{"href":"https:\/\/www.internationaled.com\/pt-pt\/wp-json\/wp\/v2\/types\/page"}],"author":[{"embeddable":true,"href":"https:\/\/www.internationaled.com\/pt-pt\/wp-json\/wp\/v2\/users\/14"}],"replies":[{"embeddable":true,"href":"https:\/\/www.internationaled.com\/pt-pt\/wp-json\/wp\/v2\/comments?post=1833"}],"version-history":[{"count":2,"href":"https:\/\/www.internationaled.com\/pt-pt\/wp-json\/wp\/v2\/pages\/1833\/revisions"}],"predecessor-version":[{"id":2034,"href":"https:\/\/www.internationaled.com\/pt-pt\/wp-json\/wp\/v2\/pages\/1833\/revisions\/2034"}],"wp:featuredmedia":[{"embeddable":true,"href":"https:\/\/www.internationaled.com\/pt-pt\/wp-json\/wp\/v2\/media\/301"}],"wp:attachment":[{"href":"https:\/\/www.internationaled.com\/pt-pt\/wp-json\/wp\/v2\/media?parent=1833"}],"curies":[{"name":"wp","href":"https:\/\/api.w.org\/{rel}","templated":true}]}}