{"id":2083,"date":"2015-10-19T17:40:45","date_gmt":"2015-10-19T17:40:45","guid":{"rendered":"http:\/\/internationaled.com\/about\/?lang=tr"},"modified":"2016-07-21T10:30:23","modified_gmt":"2016-07-21T10:30:23","slug":"about","status":"publish","type":"page","link":"https:\/\/www.internationaled.com\/tr\/about\/","title":{"rendered":"Hakkimizda"},"content":{"rendered":"<div class=\"content\">\n<h2 class=\"blue\">COQUITLAM OKUL B\u00d6LGESI\u2019NE HO\u015eGELDINIZ \u2013 ULUSLARARASI E\u011eITIM<\/h2>\n<h3 class=\"blue\">2015-2016 ders y\u0131l\u0131 i\u00e7in kay\u0131tlar\u0131m\u0131z ba\u015flam\u0131\u015ft\u0131r!<\/h3>\n<p>Coquitlam Okul B\u00f6lgesi taraf\u0131ndan sunulan Uluslararas\u0131 E\u011fitim Program\u0131, Kanada d\u0131\u015f\u0131ndan gelen \u00f6\u011frencilere, b\u00f6lge okullar\u0131m\u0131zda akademik ve kariyer programlar\u0131 yan\u0131nda \u0130ngilizce \u00f6\u011frenme imk\u00e2n\u0131 da sa\u011flamaktad\u0131r. D\u00fcnyan\u0131n d\u00f6rt bir yan\u0131ndan gelen \u00f6\u011frenciler, g\u00fczel British Columbia\u2019da gerek \u0130ngilizce dil becerilerini geli\u015ftirmek, gerekse hayat boyu s\u00fcren uluslararas\u0131 arkada\u015fl\u0131klar kurmak ve Kanada k\u00fclt\u00fcr\u00fcn\u00fc ya\u015famak suretiyle de\u011ferli \u00f6\u011frenme deneyimleri kazanmaktad\u0131rlar.<\/p>\n<p>Coquitlam Uluslararas\u0131 E\u011fitim Program\u0131, deneyimlerin payla\u015f\u0131lmas\u0131 yoluyla Kanadal\u0131 ve uluslararas\u0131 \u00f6\u011frenciler ve aileleri aras\u0131nda hayat boyu s\u00fcren dostluklar kurulmas\u0131n\u0131 te\u015fvik etmektedir. Program, k\u00fclt\u00fcrel \u00e7e\u015fitlili\u011fin ke\u015ffedilmesi ve k\u00fcresel anlay\u0131\u015f\u0131n geni\u015fletilmesi yoluyla okul hayat\u0131n\u0131 daha da zenginle\u015ftirmektedir.<\/p>\n<ul>\n<li><a href=\"http:\/\/legacy.internationaled.com\/forms\/ApplicationEnglish.pdf\" target=\"blank\">Kay\u0131t Formu<\/a><\/li>\n<\/ul>\n<h3 class=\"blue\">Notlar: i\u00e7indekiler ingilizce s\u00fcr\u00fcm\u00fc farkl\u0131 ise, \u0130ngiliz i\u00e7eri\u011fini takip edin<\/h3>\n<\/div>\n","protected":false},"excerpt":{"rendered":"<p>COQUITLAM OKUL B\u00d6LGESI\u2019NE HO\u015eGELDINIZ \u2013 ULUSLARARASI E\u011eITIM 2015-2016 ders y\u0131l\u0131 i\u00e7in kay\u0131tlar\u0131m\u0131z ba\u015flam\u0131\u015ft\u0131r! Coquitlam Okul B\u00f6lgesi taraf\u0131ndan sunulan Uluslararas\u0131 E\u011fitim Program\u0131, Kanada d\u0131\u015f\u0131ndan gelen \u00f6\u011frencilere, b\u00f6lge okullar\u0131m\u0131zda akademik ve kariyer programlar\u0131 yan\u0131nda \u0130ngilizce \u00f6\u011frenme imk\u00e2n\u0131 da sa\u011flamaktad\u0131r. D\u00fcnyan\u0131n d\u00f6rt bir yan\u0131ndan gelen \u00f6\u011frenciler, g\u00fczel British Columbia\u2019da gerek \u0130ngilizce dil becerilerini geli\u015ftirmek, gerekse hayat boyu s\u00fcren &hellip; <a href=\"https:\/\/www.internationaled.com\/tr\/about\/\" class=\"more-link\">Continue reading <span class=\"screen-reader-text\">Hakkimizda<\/span> <span class=\"meta-nav\">&rarr;<\/span><\/a><\/p>\n","protected":false},"author":14,"featured_media":307,"parent":0,"menu_order":0,"comment_status":"closed","ping_status":"closed","template":"page-standard.php","meta":{"footnotes":""},"class_list":["post-2083","page","type-page","status-publish","has-post-thumbnail","hentry"],"yoast_head":"<!-- This site is optimized with the Yoast SEO plugin v27.4 - https:\/\/yoast.com\/product\/yoast-seo-wordpress\/ -->\n<title>Hakkimizda - Coquitlam School District 43<\/title>\n<meta name=\"robots\" content=\"index, follow, max-snippet:-1, max-image-preview:large, max-video-preview:-1\" \/>\n<link rel=\"canonical\" href=\"https:\/\/www.internationaled.com\/tr\/about\/\" \/>\n<meta property=\"og:locale\" content=\"tr_TR\" \/>\n<meta property=\"og:type\" content=\"article\" \/>\n<meta property=\"og:title\" content=\"Hakkimizda - Coquitlam School District 43\" \/>\n<meta property=\"og:description\" content=\"COQUITLAM OKUL B\u00d6LGESI\u2019NE HO\u015eGELDINIZ \u2013 ULUSLARARASI E\u011eITIM 2015-2016 ders y\u0131l\u0131 i\u00e7in kay\u0131tlar\u0131m\u0131z ba\u015flam\u0131\u015ft\u0131r! Coquitlam Okul B\u00f6lgesi taraf\u0131ndan sunulan Uluslararas\u0131 E\u011fitim Program\u0131, Kanada d\u0131\u015f\u0131ndan gelen \u00f6\u011frencilere, b\u00f6lge okullar\u0131m\u0131zda akademik ve kariyer programlar\u0131 yan\u0131nda \u0130ngilizce \u00f6\u011frenme imk\u00e2n\u0131 da sa\u011flamaktad\u0131r. D\u00fcnyan\u0131n d\u00f6rt bir yan\u0131ndan gelen \u00f6\u011frenciler, g\u00fczel British Columbia\u2019da gerek \u0130ngilizce dil becerilerini geli\u015ftirmek, gerekse hayat boyu s\u00fcren &hellip; Continue reading Hakkimizda &rarr;\" \/>\n<meta property=\"og:url\" content=\"https:\/\/www.internationaled.com\/tr\/about\/\" \/>\n<meta property=\"og:site_name\" content=\"Coquitlam School District 43\" \/>\n<meta property=\"article:modified_time\" content=\"2016-07-21T10:30:23+00:00\" \/>\n<meta property=\"og:image\" content=\"https:\/\/www.internationaled.com\/wp-content\/uploads\/2015\/10\/fondo_about_us.jpg\" \/>\n\t<meta property=\"og:image:width\" content=\"1920\" \/>\n\t<meta property=\"og:image:height\" content=\"400\" \/>\n\t<meta property=\"og:image:type\" content=\"image\/jpeg\" \/>\n<meta name=\"twitter:card\" content=\"summary_large_image\" \/>\n<meta name=\"twitter:label1\" content=\"Est. reading time\" \/>\n\t<meta name=\"twitter:data1\" content=\"1 minute\" \/>\n<script type=\"application\/ld+json\" class=\"yoast-schema-graph\">{\"@context\":\"https:\\\/\\\/schema.org\",\"@graph\":[{\"@type\":\"WebPage\",\"@id\":\"https:\\\/\\\/www.internationaled.com\\\/tr\\\/about\\\/\",\"url\":\"https:\\\/\\\/www.internationaled.com\\\/tr\\\/about\\\/\",\"name\":\"Hakkimizda - Coquitlam School District 43\",\"isPartOf\":{\"@id\":\"https:\\\/\\\/www.internationaled.com\\\/ar\\\/#website\"},\"primaryImageOfPage\":{\"@id\":\"https:\\\/\\\/www.internationaled.com\\\/tr\\\/about\\\/#primaryimage\"},\"image\":{\"@id\":\"https:\\\/\\\/www.internationaled.com\\\/tr\\\/about\\\/#primaryimage\"},\"thumbnailUrl\":\"https:\\\/\\\/cdn.internationaled.com\\\/wp-content\\\/uploads\\\/2015\\\/10\\\/fondo_about_us.jpg\",\"datePublished\":\"2015-10-19T17:40:45+00:00\",\"dateModified\":\"2016-07-21T10:30:23+00:00\",\"breadcrumb\":{\"@id\":\"https:\\\/\\\/www.internationaled.com\\\/tr\\\/about\\\/#breadcrumb\"},\"inLanguage\":\"tr\",\"potentialAction\":[{\"@type\":\"ReadAction\",\"target\":[\"https:\\\/\\\/www.internationaled.com\\\/tr\\\/about\\\/\"]}]},{\"@type\":\"ImageObject\",\"inLanguage\":\"tr\",\"@id\":\"https:\\\/\\\/www.internationaled.com\\\/tr\\\/about\\\/#primaryimage\",\"url\":\"https:\\\/\\\/cdn.internationaled.com\\\/wp-content\\\/uploads\\\/2015\\\/10\\\/fondo_about_us.jpg\",\"contentUrl\":\"https:\\\/\\\/cdn.internationaled.com\\\/wp-content\\\/uploads\\\/2015\\\/10\\\/fondo_about_us.jpg\",\"width\":1920,\"height\":400},{\"@type\":\"BreadcrumbList\",\"@id\":\"https:\\\/\\\/www.internationaled.com\\\/tr\\\/about\\\/#breadcrumb\",\"itemListElement\":[{\"@type\":\"ListItem\",\"position\":1,\"name\":\"Home\",\"item\":\"https:\\\/\\\/www.internationaled.com\\\/tr\\\/\"},{\"@type\":\"ListItem\",\"position\":2,\"name\":\"Hakkimizda\"}]},{\"@type\":\"WebSite\",\"@id\":\"https:\\\/\\\/www.internationaled.com\\\/ar\\\/#website\",\"url\":\"https:\\\/\\\/www.internationaled.com\\\/ar\\\/\",\"name\":\"Coquitlam School District 43\",\"description\":\"Learning for a Lifetime\",\"potentialAction\":[{\"@type\":\"SearchAction\",\"target\":{\"@type\":\"EntryPoint\",\"urlTemplate\":\"https:\\\/\\\/www.internationaled.com\\\/ar\\\/?s={search_term_string}\"},\"query-input\":{\"@type\":\"PropertyValueSpecification\",\"valueRequired\":true,\"valueName\":\"search_term_string\"}}],\"inLanguage\":\"tr\"}]}<\/script>\n<!-- \/ Yoast SEO plugin. -->","yoast_head_json":{"title":"Hakkimizda - Coquitlam School District 43","robots":{"index":"index","follow":"follow","max-snippet":"max-snippet:-1","max-image-preview":"max-image-preview:large","max-video-preview":"max-video-preview:-1"},"canonical":"https:\/\/www.internationaled.com\/tr\/about\/","og_locale":"tr_TR","og_type":"article","og_title":"Hakkimizda - Coquitlam School District 43","og_description":"COQUITLAM OKUL B\u00d6LGESI\u2019NE HO\u015eGELDINIZ \u2013 ULUSLARARASI E\u011eITIM 2015-2016 ders y\u0131l\u0131 i\u00e7in kay\u0131tlar\u0131m\u0131z ba\u015flam\u0131\u015ft\u0131r! Coquitlam Okul B\u00f6lgesi taraf\u0131ndan sunulan Uluslararas\u0131 E\u011fitim Program\u0131, Kanada d\u0131\u015f\u0131ndan gelen \u00f6\u011frencilere, b\u00f6lge okullar\u0131m\u0131zda akademik ve kariyer programlar\u0131 yan\u0131nda \u0130ngilizce \u00f6\u011frenme imk\u00e2n\u0131 da sa\u011flamaktad\u0131r. D\u00fcnyan\u0131n d\u00f6rt bir yan\u0131ndan gelen \u00f6\u011frenciler, g\u00fczel British Columbia\u2019da gerek \u0130ngilizce dil becerilerini geli\u015ftirmek, gerekse hayat boyu s\u00fcren &hellip; Continue reading Hakkimizda &rarr;","og_url":"https:\/\/www.internationaled.com\/tr\/about\/","og_site_name":"Coquitlam School District 43","article_modified_time":"2016-07-21T10:30:23+00:00","og_image":[{"width":1920,"height":400,"url":"https:\/\/www.internationaled.com\/wp-content\/uploads\/2015\/10\/fondo_about_us.jpg","type":"image\/jpeg"}],"twitter_card":"summary_large_image","twitter_misc":{"Est. reading time":"1 minute"},"schema":{"@context":"https:\/\/schema.org","@graph":[{"@type":"WebPage","@id":"https:\/\/www.internationaled.com\/tr\/about\/","url":"https:\/\/www.internationaled.com\/tr\/about\/","name":"Hakkimizda - Coquitlam School District 43","isPartOf":{"@id":"https:\/\/www.internationaled.com\/ar\/#website"},"primaryImageOfPage":{"@id":"https:\/\/www.internationaled.com\/tr\/about\/#primaryimage"},"image":{"@id":"https:\/\/www.internationaled.com\/tr\/about\/#primaryimage"},"thumbnailUrl":"https:\/\/cdn.internationaled.com\/wp-content\/uploads\/2015\/10\/fondo_about_us.jpg","datePublished":"2015-10-19T17:40:45+00:00","dateModified":"2016-07-21T10:30:23+00:00","breadcrumb":{"@id":"https:\/\/www.internationaled.com\/tr\/about\/#breadcrumb"},"inLanguage":"tr","potentialAction":[{"@type":"ReadAction","target":["https:\/\/www.internationaled.com\/tr\/about\/"]}]},{"@type":"ImageObject","inLanguage":"tr","@id":"https:\/\/www.internationaled.com\/tr\/about\/#primaryimage","url":"https:\/\/cdn.internationaled.com\/wp-content\/uploads\/2015\/10\/fondo_about_us.jpg","contentUrl":"https:\/\/cdn.internationaled.com\/wp-content\/uploads\/2015\/10\/fondo_about_us.jpg","width":1920,"height":400},{"@type":"BreadcrumbList","@id":"https:\/\/www.internationaled.com\/tr\/about\/#breadcrumb","itemListElement":[{"@type":"ListItem","position":1,"name":"Home","item":"https:\/\/www.internationaled.com\/tr\/"},{"@type":"ListItem","position":2,"name":"Hakkimizda"}]},{"@type":"WebSite","@id":"https:\/\/www.internationaled.com\/ar\/#website","url":"https:\/\/www.internationaled.com\/ar\/","name":"Coquitlam School District 43","description":"Learning for a Lifetime","potentialAction":[{"@type":"SearchAction","target":{"@type":"EntryPoint","urlTemplate":"https:\/\/www.internationaled.com\/ar\/?s={search_term_string}"},"query-input":{"@type":"PropertyValueSpecification","valueRequired":true,"valueName":"search_term_string"}}],"inLanguage":"tr"}]}},"_links":{"self":[{"href":"https:\/\/www.internationaled.com\/tr\/wp-json\/wp\/v2\/pages\/2083","targetHints":{"allow":["GET"]}}],"collection":[{"href":"https:\/\/www.internationaled.com\/tr\/wp-json\/wp\/v2\/pages"}],"about":[{"href":"https:\/\/www.internationaled.com\/tr\/wp-json\/wp\/v2\/types\/page"}],"author":[{"embeddable":true,"href":"https:\/\/www.internationaled.com\/tr\/wp-json\/wp\/v2\/users\/14"}],"replies":[{"embeddable":true,"href":"https:\/\/www.internationaled.com\/tr\/wp-json\/wp\/v2\/comments?post=2083"}],"version-history":[{"count":1,"href":"https:\/\/www.internationaled.com\/tr\/wp-json\/wp\/v2\/pages\/2083\/revisions"}],"predecessor-version":[{"id":2271,"href":"https:\/\/www.internationaled.com\/tr\/wp-json\/wp\/v2\/pages\/2083\/revisions\/2271"}],"wp:featuredmedia":[{"embeddable":true,"href":"https:\/\/www.internationaled.com\/tr\/wp-json\/wp\/v2\/media\/307"}],"wp:attachment":[{"href":"https:\/\/www.internationaled.com\/tr\/wp-json\/wp\/v2\/media?parent=2083"}],"curies":[{"name":"wp","href":"https:\/\/api.w.org\/{rel}","templated":true}]}}