{"id":2084,"date":"2015-10-27T15:58:43","date_gmt":"2015-10-27T15:58:43","guid":{"rendered":"http:\/\/internationaled.com\/about\/why-study-in-coquitlam\/?lang=tr"},"modified":"2016-07-21T10:38:18","modified_gmt":"2016-07-21T10:38:18","slug":"why-study-in-coquitlam","status":"publish","type":"page","link":"https:\/\/www.internationaled.com\/tr\/about\/why-study-in-coquitlam\/","title":{"rendered":"Neden Coquitlam?"},"content":{"rendered":"<ol>\n<li>British Columbia E\u011fitim Bakanl\u0131\u011f\u0131 taraf\u0131ndan s\u00fcrekli olarak eyaletin en iyi okul b\u00f6lgelerinden biri se\u00e7ilmesi<\/li>\n<li>En son teknoloji ve ara\u00e7 gere\u00e7le donat\u0131lm\u0131\u015f yeni ve modern okullar<\/li>\n<li>G\u00fcvenli ve varl\u0131kl\u0131 bir \u00e7evre<\/li>\n<li>Pasifik Okyanusu ve Fraser Nehri aras\u0131nda do\u011fal manzaral\u0131, Vancouver ve Whistler\u2019a yak\u0131n konumu\uff08Whistler\uff09<\/li>\n<li>55 y\u0131l\u0131 a\u015fk\u0131n akademik m\u00fckemmellik ve \u00f6\u011fretim deneyimi<\/li>\n<li>Kanada\u2019n\u0131n en b\u00fcy\u00fck \u00e7apl\u0131 Uluslararas\u0131 E\u011fitim Program\u0131<\/li>\n<li>66 adet okul ve 30,000 \u00f6\u011frenciyle British Columbia\u2019n\u0131n en b\u00fcy\u00fck \u00fc\u00e7\u00fcnc\u00fc okul b\u00f6lgesi<\/li>\n<li>Sekiz adet lise: Dr. Charles Best, Gleneagle, Port Moody, Riverside, Terry Fox, Centennial, Heritage Woods ve Pinetree<\/li>\n<li>Anaokul &#8211; 5. s\u0131n\u0131f (ilkokul), 6-8. s\u0131n\u0131f (ortaokul) ve 9-12. s\u0131n\u0131f (lise) \u00f6\u011frencileri i\u00e7in \u00e7ok \u00e7e\u015fitli akademik ve kariyer programlar\u0131, ve ESL (\u0130kinci Dil olarak \u0130ngilizce) program\u0131<\/li>\n<li>Akademik m\u00fckemmellik ve \u00f6\u011fretim ge\u00e7mi\u015fi<\/li>\n<li>T\u00fcm Kanada ve ABD \u00fcniversiteleri taraf\u0131ndan tan\u0131nan lise mezuniyet sertifikas\u0131<\/li>\n<li>Uluslararas\u0131 \u00f6\u011frenciler i\u00e7in ESL e\u011fitimli \u00f6\u011fretmenler taraf\u0131ndan sa\u011flanan destek<\/li>\n<li>Simon Fraser \u00dcniversitesi, Douglas Koleji ve British Columbia \u00dcniversitesi\u2019ne yak\u0131n konum<\/li>\n<li>M\u00fckemmel aile yan\u0131 konaklama, spor ve okul d\u0131\u015f\u0131 faaliyet imk\u00e2nlar\u0131<\/li>\n<\/ol>\n","protected":false},"excerpt":{"rendered":"<p>British Columbia E\u011fitim Bakanl\u0131\u011f\u0131 taraf\u0131ndan s\u00fcrekli olarak eyaletin en iyi okul b\u00f6lgelerinden biri se\u00e7ilmesi En son teknoloji ve ara\u00e7 gere\u00e7le donat\u0131lm\u0131\u015f yeni ve modern okullar G\u00fcvenli ve varl\u0131kl\u0131 bir \u00e7evre Pasifik Okyanusu ve Fraser Nehri aras\u0131nda do\u011fal manzaral\u0131, Vancouver ve Whistler\u2019a yak\u0131n konumu\uff08Whistler\uff09 55 y\u0131l\u0131 a\u015fk\u0131n akademik m\u00fckemmellik ve \u00f6\u011fretim deneyimi Kanada\u2019n\u0131n en b\u00fcy\u00fck \u00e7apl\u0131 &hellip; <a href=\"https:\/\/www.internationaled.com\/tr\/about\/why-study-in-coquitlam\/\" class=\"more-link\">Continue reading <span class=\"screen-reader-text\">Neden Coquitlam?<\/span> <span class=\"meta-nav\">&rarr;<\/span><\/a><\/p>\n","protected":false},"author":14,"featured_media":321,"parent":2083,"menu_order":1,"comment_status":"closed","ping_status":"closed","template":"page-standard.php","meta":{"footnotes":""},"class_list":["post-2084","page","type-page","status-publish","has-post-thumbnail","hentry"],"yoast_head":"<!-- This site is optimized with the Yoast SEO plugin v27.4 - https:\/\/yoast.com\/product\/yoast-seo-wordpress\/ -->\n<title>Neden Coquitlam? - Coquitlam School District 43<\/title>\n<meta name=\"robots\" content=\"index, follow, max-snippet:-1, max-image-preview:large, max-video-preview:-1\" \/>\n<link rel=\"canonical\" href=\"https:\/\/www.internationaled.com\/tr\/about\/why-study-in-coquitlam\/\" \/>\n<meta property=\"og:locale\" content=\"tr_TR\" \/>\n<meta property=\"og:type\" content=\"article\" \/>\n<meta property=\"og:title\" content=\"Neden Coquitlam? - Coquitlam School District 43\" \/>\n<meta property=\"og:description\" content=\"British Columbia E\u011fitim Bakanl\u0131\u011f\u0131 taraf\u0131ndan s\u00fcrekli olarak eyaletin en iyi okul b\u00f6lgelerinden biri se\u00e7ilmesi En son teknoloji ve ara\u00e7 gere\u00e7le donat\u0131lm\u0131\u015f yeni ve modern okullar G\u00fcvenli ve varl\u0131kl\u0131 bir \u00e7evre Pasifik Okyanusu ve Fraser Nehri aras\u0131nda do\u011fal manzaral\u0131, Vancouver ve Whistler\u2019a yak\u0131n konumu\uff08Whistler\uff09 55 y\u0131l\u0131 a\u015fk\u0131n akademik m\u00fckemmellik ve \u00f6\u011fretim deneyimi Kanada\u2019n\u0131n en b\u00fcy\u00fck \u00e7apl\u0131 &hellip; Continue reading Neden Coquitlam? &rarr;\" \/>\n<meta property=\"og:url\" content=\"https:\/\/www.internationaled.com\/tr\/about\/why-study-in-coquitlam\/\" \/>\n<meta property=\"og:site_name\" content=\"Coquitlam School District 43\" \/>\n<meta property=\"article:modified_time\" content=\"2016-07-21T10:38:18+00:00\" \/>\n<meta property=\"og:image\" content=\"https:\/\/www.internationaled.com\/wp-content\/uploads\/2015\/10\/fondo_why.jpg\" \/>\n\t<meta property=\"og:image:width\" content=\"1920\" \/>\n\t<meta property=\"og:image:height\" content=\"400\" \/>\n\t<meta property=\"og:image:type\" content=\"image\/jpeg\" \/>\n<meta name=\"twitter:card\" content=\"summary_large_image\" \/>\n<meta name=\"twitter:label1\" content=\"Est. reading time\" \/>\n\t<meta name=\"twitter:data1\" content=\"1 minute\" \/>\n<script type=\"application\/ld+json\" class=\"yoast-schema-graph\">{\"@context\":\"https:\\\/\\\/schema.org\",\"@graph\":[{\"@type\":\"WebPage\",\"@id\":\"https:\\\/\\\/www.internationaled.com\\\/tr\\\/about\\\/why-study-in-coquitlam\\\/\",\"url\":\"https:\\\/\\\/www.internationaled.com\\\/tr\\\/about\\\/why-study-in-coquitlam\\\/\",\"name\":\"Neden Coquitlam? - Coquitlam School District 43\",\"isPartOf\":{\"@id\":\"https:\\\/\\\/www.internationaled.com\\\/ar\\\/#website\"},\"primaryImageOfPage\":{\"@id\":\"https:\\\/\\\/www.internationaled.com\\\/tr\\\/about\\\/why-study-in-coquitlam\\\/#primaryimage\"},\"image\":{\"@id\":\"https:\\\/\\\/www.internationaled.com\\\/tr\\\/about\\\/why-study-in-coquitlam\\\/#primaryimage\"},\"thumbnailUrl\":\"https:\\\/\\\/cdn.internationaled.com\\\/wp-content\\\/uploads\\\/2015\\\/10\\\/fondo_why.jpg\",\"datePublished\":\"2015-10-27T15:58:43+00:00\",\"dateModified\":\"2016-07-21T10:38:18+00:00\",\"breadcrumb\":{\"@id\":\"https:\\\/\\\/www.internationaled.com\\\/tr\\\/about\\\/why-study-in-coquitlam\\\/#breadcrumb\"},\"inLanguage\":\"tr\",\"potentialAction\":[{\"@type\":\"ReadAction\",\"target\":[\"https:\\\/\\\/www.internationaled.com\\\/tr\\\/about\\\/why-study-in-coquitlam\\\/\"]}]},{\"@type\":\"ImageObject\",\"inLanguage\":\"tr\",\"@id\":\"https:\\\/\\\/www.internationaled.com\\\/tr\\\/about\\\/why-study-in-coquitlam\\\/#primaryimage\",\"url\":\"https:\\\/\\\/cdn.internationaled.com\\\/wp-content\\\/uploads\\\/2015\\\/10\\\/fondo_why.jpg\",\"contentUrl\":\"https:\\\/\\\/cdn.internationaled.com\\\/wp-content\\\/uploads\\\/2015\\\/10\\\/fondo_why.jpg\",\"width\":1920,\"height\":400},{\"@type\":\"BreadcrumbList\",\"@id\":\"https:\\\/\\\/www.internationaled.com\\\/tr\\\/about\\\/why-study-in-coquitlam\\\/#breadcrumb\",\"itemListElement\":[{\"@type\":\"ListItem\",\"position\":1,\"name\":\"Home\",\"item\":\"https:\\\/\\\/www.internationaled.com\\\/tr\\\/\"},{\"@type\":\"ListItem\",\"position\":2,\"name\":\"Hakkimizda\",\"item\":\"https:\\\/\\\/www.internationaled.com\\\/tr\\\/about\\\/\"},{\"@type\":\"ListItem\",\"position\":3,\"name\":\"Neden Coquitlam?\"}]},{\"@type\":\"WebSite\",\"@id\":\"https:\\\/\\\/www.internationaled.com\\\/ar\\\/#website\",\"url\":\"https:\\\/\\\/www.internationaled.com\\\/ar\\\/\",\"name\":\"Coquitlam School District 43\",\"description\":\"Learning for a Lifetime\",\"potentialAction\":[{\"@type\":\"SearchAction\",\"target\":{\"@type\":\"EntryPoint\",\"urlTemplate\":\"https:\\\/\\\/www.internationaled.com\\\/ar\\\/?s={search_term_string}\"},\"query-input\":{\"@type\":\"PropertyValueSpecification\",\"valueRequired\":true,\"valueName\":\"search_term_string\"}}],\"inLanguage\":\"tr\"}]}<\/script>\n<!-- \/ Yoast SEO plugin. -->","yoast_head_json":{"title":"Neden Coquitlam? - Coquitlam School District 43","robots":{"index":"index","follow":"follow","max-snippet":"max-snippet:-1","max-image-preview":"max-image-preview:large","max-video-preview":"max-video-preview:-1"},"canonical":"https:\/\/www.internationaled.com\/tr\/about\/why-study-in-coquitlam\/","og_locale":"tr_TR","og_type":"article","og_title":"Neden Coquitlam? - Coquitlam School District 43","og_description":"British Columbia E\u011fitim Bakanl\u0131\u011f\u0131 taraf\u0131ndan s\u00fcrekli olarak eyaletin en iyi okul b\u00f6lgelerinden biri se\u00e7ilmesi En son teknoloji ve ara\u00e7 gere\u00e7le donat\u0131lm\u0131\u015f yeni ve modern okullar G\u00fcvenli ve varl\u0131kl\u0131 bir \u00e7evre Pasifik Okyanusu ve Fraser Nehri aras\u0131nda do\u011fal manzaral\u0131, Vancouver ve Whistler\u2019a yak\u0131n konumu\uff08Whistler\uff09 55 y\u0131l\u0131 a\u015fk\u0131n akademik m\u00fckemmellik ve \u00f6\u011fretim deneyimi Kanada\u2019n\u0131n en b\u00fcy\u00fck \u00e7apl\u0131 &hellip; Continue reading Neden Coquitlam? &rarr;","og_url":"https:\/\/www.internationaled.com\/tr\/about\/why-study-in-coquitlam\/","og_site_name":"Coquitlam School District 43","article_modified_time":"2016-07-21T10:38:18+00:00","og_image":[{"width":1920,"height":400,"url":"https:\/\/www.internationaled.com\/wp-content\/uploads\/2015\/10\/fondo_why.jpg","type":"image\/jpeg"}],"twitter_card":"summary_large_image","twitter_misc":{"Est. reading time":"1 minute"},"schema":{"@context":"https:\/\/schema.org","@graph":[{"@type":"WebPage","@id":"https:\/\/www.internationaled.com\/tr\/about\/why-study-in-coquitlam\/","url":"https:\/\/www.internationaled.com\/tr\/about\/why-study-in-coquitlam\/","name":"Neden Coquitlam? - Coquitlam School District 43","isPartOf":{"@id":"https:\/\/www.internationaled.com\/ar\/#website"},"primaryImageOfPage":{"@id":"https:\/\/www.internationaled.com\/tr\/about\/why-study-in-coquitlam\/#primaryimage"},"image":{"@id":"https:\/\/www.internationaled.com\/tr\/about\/why-study-in-coquitlam\/#primaryimage"},"thumbnailUrl":"https:\/\/cdn.internationaled.com\/wp-content\/uploads\/2015\/10\/fondo_why.jpg","datePublished":"2015-10-27T15:58:43+00:00","dateModified":"2016-07-21T10:38:18+00:00","breadcrumb":{"@id":"https:\/\/www.internationaled.com\/tr\/about\/why-study-in-coquitlam\/#breadcrumb"},"inLanguage":"tr","potentialAction":[{"@type":"ReadAction","target":["https:\/\/www.internationaled.com\/tr\/about\/why-study-in-coquitlam\/"]}]},{"@type":"ImageObject","inLanguage":"tr","@id":"https:\/\/www.internationaled.com\/tr\/about\/why-study-in-coquitlam\/#primaryimage","url":"https:\/\/cdn.internationaled.com\/wp-content\/uploads\/2015\/10\/fondo_why.jpg","contentUrl":"https:\/\/cdn.internationaled.com\/wp-content\/uploads\/2015\/10\/fondo_why.jpg","width":1920,"height":400},{"@type":"BreadcrumbList","@id":"https:\/\/www.internationaled.com\/tr\/about\/why-study-in-coquitlam\/#breadcrumb","itemListElement":[{"@type":"ListItem","position":1,"name":"Home","item":"https:\/\/www.internationaled.com\/tr\/"},{"@type":"ListItem","position":2,"name":"Hakkimizda","item":"https:\/\/www.internationaled.com\/tr\/about\/"},{"@type":"ListItem","position":3,"name":"Neden Coquitlam?"}]},{"@type":"WebSite","@id":"https:\/\/www.internationaled.com\/ar\/#website","url":"https:\/\/www.internationaled.com\/ar\/","name":"Coquitlam School District 43","description":"Learning for a Lifetime","potentialAction":[{"@type":"SearchAction","target":{"@type":"EntryPoint","urlTemplate":"https:\/\/www.internationaled.com\/ar\/?s={search_term_string}"},"query-input":{"@type":"PropertyValueSpecification","valueRequired":true,"valueName":"search_term_string"}}],"inLanguage":"tr"}]}},"_links":{"self":[{"href":"https:\/\/www.internationaled.com\/tr\/wp-json\/wp\/v2\/pages\/2084","targetHints":{"allow":["GET"]}}],"collection":[{"href":"https:\/\/www.internationaled.com\/tr\/wp-json\/wp\/v2\/pages"}],"about":[{"href":"https:\/\/www.internationaled.com\/tr\/wp-json\/wp\/v2\/types\/page"}],"author":[{"embeddable":true,"href":"https:\/\/www.internationaled.com\/tr\/wp-json\/wp\/v2\/users\/14"}],"replies":[{"embeddable":true,"href":"https:\/\/www.internationaled.com\/tr\/wp-json\/wp\/v2\/comments?post=2084"}],"version-history":[{"count":1,"href":"https:\/\/www.internationaled.com\/tr\/wp-json\/wp\/v2\/pages\/2084\/revisions"}],"predecessor-version":[{"id":2272,"href":"https:\/\/www.internationaled.com\/tr\/wp-json\/wp\/v2\/pages\/2084\/revisions\/2272"}],"up":[{"embeddable":true,"href":"https:\/\/www.internationaled.com\/tr\/wp-json\/wp\/v2\/pages\/2083"}],"wp:featuredmedia":[{"embeddable":true,"href":"https:\/\/www.internationaled.com\/tr\/wp-json\/wp\/v2\/media\/321"}],"wp:attachment":[{"href":"https:\/\/www.internationaled.com\/tr\/wp-json\/wp\/v2\/media?parent=2084"}],"curies":[{"name":"wp","href":"https:\/\/api.w.org\/{rel}","templated":true}]}}