{"id":2088,"date":"2015-10-19T17:41:13","date_gmt":"2015-10-19T17:41:13","guid":{"rendered":"http:\/\/internationaled.com\/admissions\/?lang=tr"},"modified":"2017-04-04T20:53:06","modified_gmt":"2017-04-04T20:53:06","slug":"admissions","status":"publish","type":"page","link":"https:\/\/www.internationaled.com\/tr\/admissions\/","title":{"rendered":"\u00d6\u011frenci Kabulleri"},"content":{"rendered":"<p>Ba\u015fvuru sahiplerinin doldurduklar\u0131 kay\u0131t formu ile birlikte g\u00fcncel transkriptlerini ve ge\u00e7mi\u015f iki sene i\u00e7inde alm\u0131\u015f olduklar\u0131 transkriptleri g\u00f6ndermeleri gerekmektedir. Transkriptlerin resmi bir \u00e7evirmen taraf\u0131ndan \u0130ngilizce\u2019ye \u00e7evrilmi\u015f olmas\u0131 gereklidir. Belgeler ve $200 tutar\u0131ndaki ba\u015fvuru \u00fccreti Uluslararas\u0131 E\u011fitim Ofisi taraf\u0131ndan teslim al\u0131nd\u0131ktan sonra \u00f6\u011frenciler Uluslararas\u0131 E\u011fitim Program\u0131\u2019na kabul i\u00e7in de\u011ferlendirmeye al\u0131nacakt\u0131r. Ders y\u0131l\u0131 Eyl\u00fcl ay\u0131nda ba\u015flay\u0131p Haziran ay\u0131nda sona ermektedir. Uluslararas\u0131 \u00f6\u011frenciler \u015eubat ay\u0131nda da okula ba\u015flayabilir. \u00d6\u011frencilerin, okuma izni almak i\u00e7in yeterli zamana sahip olabilmek amac\u0131yla okulun ba\u015flay\u0131\u015f tarihinden en az \u00fc\u00e7 veya d\u00f6rt ay \u00f6nce ba\u015fvuru i\u015flemlerine ba\u015flamalar\u0131 \u00f6nerilir. Kanada\u2019da okuma izni i\u00e7in ba\u015fvuracak \u00f6\u011frencilerin Coquitlam Uluslararas\u0131 E\u011fitim Ofisi\u2019nden resmi kabul belgesi alm\u0131\u015f olmalar\u0131 gerekmektedir. Kanada\u2019da ya\u015fayacak olan ki\u015filerin sa\u011fl\u0131k sigortas\u0131 yapt\u0131rmalar\u0131 gereklidir.<\/p>\n<h3 class=\"blue\">Ba\u015fvuru S\u00fcreci<\/h3>\n<p><strong>Ad\u0131m#1<\/strong><br \/>\n\u2022 Ba\u015fvuru formu, ba\u015fvuru \u00fccreti, pasaport ve resmi transkriptlerin fotokopileri onay i\u00e7in sunulur.<\/p>\n<p><strong>Ad\u0131m#2<\/strong><\/p>\n<p>&nbsp;<\/p>\n<ul>\n<li>Ba\u015far\u0131l\u0131 ba\u015fvuru sahiplerine Davet Mektubu g\u00f6nderilir.<\/li>\n<li>Okul \u00fccreti \u00f6denir ve velilik belgeleri sunulur.<\/li>\n<\/ul>\n<p>&nbsp;<\/p>\n<p><strong>Ad\u0131m#3<\/strong><\/p>\n<p>\u2022 Ba\u015far\u0131l\u0131 ba\u015fvuru sahiplerine, Kanada\u2019da okuma izni al\u0131rken gerek duyacaklar\u0131 Kabul Mektubu g\u00f6nderilir.<\/p>\n<p><strong>Ad\u0131m#4<\/strong><\/p>\n<p>\u2022 \u00d6\u011frenciler Coquitlam\u2019a vard\u0131klar\u0131nda sa\u011fl\u0131k sigortalar\u0131n\u0131 etkinle\u015ftirmek \u00fczere pasaport ve okuma izinleriyle birlikte Uluslararas\u0131 E\u011fitim Ofisi\u2019ne gelir.<\/p>\n<ul>\n<li class=\"forms\"><a href=\"http:\/\/www.internationaled.com\/wp-content\/uploads\/2015\/10\/application_procedure-2.pdf\" target=\"blank\">Ba\u015fvuru \u0130\u015flemleri<\/a><\/li>\n<li class=\"forms\"><a href=\"http:\/\/www.internationaled.com\/wp-content\/uploads\/2017\/01\/Application-English-Master_2019_2020-Custodian-change-Fillable.pdf\" target=\"blank\">Yeniden Ba\u015fvuru Formu<\/a><\/li>\n<li class=\"forms\"><a href=\"http:\/\/cdn.internationaled.com\/wp-content\/uploads\/2015\/10\/Re-application-Form-2016-17-2.docx\" target=\"blank\">Uluslararas\u0131 E\u011fitim Kay\u0131t Formu<\/a><\/li>\n<\/ul>\n","protected":false},"excerpt":{"rendered":"<p>Ba\u015fvuru sahiplerinin doldurduklar\u0131 kay\u0131t formu ile birlikte g\u00fcncel transkriptlerini ve ge\u00e7mi\u015f iki sene i\u00e7inde alm\u0131\u015f olduklar\u0131 transkriptleri g\u00f6ndermeleri gerekmektedir. Transkriptlerin resmi bir \u00e7evirmen taraf\u0131ndan \u0130ngilizce\u2019ye \u00e7evrilmi\u015f olmas\u0131 gereklidir. Belgeler ve $200 tutar\u0131ndaki ba\u015fvuru \u00fccreti Uluslararas\u0131 E\u011fitim Ofisi taraf\u0131ndan teslim al\u0131nd\u0131ktan sonra \u00f6\u011frenciler Uluslararas\u0131 E\u011fitim Program\u0131\u2019na kabul i\u00e7in de\u011ferlendirmeye al\u0131nacakt\u0131r. Ders y\u0131l\u0131 Eyl\u00fcl ay\u0131nda ba\u015flay\u0131p Haziran &hellip; <a href=\"https:\/\/www.internationaled.com\/tr\/admissions\/\" class=\"more-link\">Continue reading <span class=\"screen-reader-text\">\u00d6\u011frenci Kabulleri<\/span> <span class=\"meta-nav\">&rarr;<\/span><\/a><\/p>\n","protected":false},"author":14,"featured_media":308,"parent":0,"menu_order":0,"comment_status":"closed","ping_status":"closed","template":"page-standard.php","meta":{"footnotes":""},"class_list":["post-2088","page","type-page","status-publish","has-post-thumbnail","hentry"],"yoast_head":"<!-- This site is optimized with the Yoast SEO plugin v27.4 - https:\/\/yoast.com\/product\/yoast-seo-wordpress\/ -->\n<title>\u00d6\u011frenci Kabulleri - Coquitlam School District 43<\/title>\n<meta name=\"robots\" content=\"index, follow, max-snippet:-1, max-image-preview:large, max-video-preview:-1\" \/>\n<link rel=\"canonical\" href=\"https:\/\/www.internationaled.com\/tr\/admissions\/\" \/>\n<meta property=\"og:locale\" content=\"tr_TR\" \/>\n<meta property=\"og:type\" content=\"article\" \/>\n<meta property=\"og:title\" content=\"\u00d6\u011frenci Kabulleri - Coquitlam School District 43\" \/>\n<meta property=\"og:description\" content=\"Ba\u015fvuru sahiplerinin doldurduklar\u0131 kay\u0131t formu ile birlikte g\u00fcncel transkriptlerini ve ge\u00e7mi\u015f iki sene i\u00e7inde alm\u0131\u015f olduklar\u0131 transkriptleri g\u00f6ndermeleri gerekmektedir. Transkriptlerin resmi bir \u00e7evirmen taraf\u0131ndan \u0130ngilizce\u2019ye \u00e7evrilmi\u015f olmas\u0131 gereklidir. Belgeler ve $200 tutar\u0131ndaki ba\u015fvuru \u00fccreti Uluslararas\u0131 E\u011fitim Ofisi taraf\u0131ndan teslim al\u0131nd\u0131ktan sonra \u00f6\u011frenciler Uluslararas\u0131 E\u011fitim Program\u0131\u2019na kabul i\u00e7in de\u011ferlendirmeye al\u0131nacakt\u0131r. Ders y\u0131l\u0131 Eyl\u00fcl ay\u0131nda ba\u015flay\u0131p Haziran &hellip; Continue reading \u00d6\u011frenci Kabulleri &rarr;\" \/>\n<meta property=\"og:url\" content=\"https:\/\/www.internationaled.com\/tr\/admissions\/\" \/>\n<meta property=\"og:site_name\" content=\"Coquitlam School District 43\" \/>\n<meta property=\"article:modified_time\" content=\"2017-04-04T20:53:06+00:00\" \/>\n<meta property=\"og:image\" content=\"https:\/\/www.internationaled.com\/wp-content\/uploads\/2015\/10\/fondo_admision.jpg\" \/>\n\t<meta property=\"og:image:width\" content=\"1920\" \/>\n\t<meta property=\"og:image:height\" content=\"400\" \/>\n\t<meta property=\"og:image:type\" content=\"image\/jpeg\" \/>\n<meta name=\"twitter:card\" content=\"summary_large_image\" \/>\n<meta name=\"twitter:label1\" content=\"Est. reading time\" \/>\n\t<meta name=\"twitter:data1\" content=\"1 minute\" \/>\n<script type=\"application\/ld+json\" class=\"yoast-schema-graph\">{\"@context\":\"https:\\\/\\\/schema.org\",\"@graph\":[{\"@type\":\"WebPage\",\"@id\":\"https:\\\/\\\/www.internationaled.com\\\/tr\\\/admissions\\\/\",\"url\":\"https:\\\/\\\/www.internationaled.com\\\/tr\\\/admissions\\\/\",\"name\":\"\u00d6\u011frenci Kabulleri - Coquitlam School District 43\",\"isPartOf\":{\"@id\":\"https:\\\/\\\/www.internationaled.com\\\/ar\\\/#website\"},\"primaryImageOfPage\":{\"@id\":\"https:\\\/\\\/www.internationaled.com\\\/tr\\\/admissions\\\/#primaryimage\"},\"image\":{\"@id\":\"https:\\\/\\\/www.internationaled.com\\\/tr\\\/admissions\\\/#primaryimage\"},\"thumbnailUrl\":\"https:\\\/\\\/cdn.internationaled.com\\\/wp-content\\\/uploads\\\/2015\\\/10\\\/fondo_admision.jpg\",\"datePublished\":\"2015-10-19T17:41:13+00:00\",\"dateModified\":\"2017-04-04T20:53:06+00:00\",\"breadcrumb\":{\"@id\":\"https:\\\/\\\/www.internationaled.com\\\/tr\\\/admissions\\\/#breadcrumb\"},\"inLanguage\":\"tr\",\"potentialAction\":[{\"@type\":\"ReadAction\",\"target\":[\"https:\\\/\\\/www.internationaled.com\\\/tr\\\/admissions\\\/\"]}]},{\"@type\":\"ImageObject\",\"inLanguage\":\"tr\",\"@id\":\"https:\\\/\\\/www.internationaled.com\\\/tr\\\/admissions\\\/#primaryimage\",\"url\":\"https:\\\/\\\/cdn.internationaled.com\\\/wp-content\\\/uploads\\\/2015\\\/10\\\/fondo_admision.jpg\",\"contentUrl\":\"https:\\\/\\\/cdn.internationaled.com\\\/wp-content\\\/uploads\\\/2015\\\/10\\\/fondo_admision.jpg\",\"width\":1920,\"height\":400},{\"@type\":\"BreadcrumbList\",\"@id\":\"https:\\\/\\\/www.internationaled.com\\\/tr\\\/admissions\\\/#breadcrumb\",\"itemListElement\":[{\"@type\":\"ListItem\",\"position\":1,\"name\":\"Home\",\"item\":\"https:\\\/\\\/www.internationaled.com\\\/tr\\\/\"},{\"@type\":\"ListItem\",\"position\":2,\"name\":\"\u00d6\u011frenci Kabulleri\"}]},{\"@type\":\"WebSite\",\"@id\":\"https:\\\/\\\/www.internationaled.com\\\/ar\\\/#website\",\"url\":\"https:\\\/\\\/www.internationaled.com\\\/ar\\\/\",\"name\":\"Coquitlam School District 43\",\"description\":\"Learning for a Lifetime\",\"potentialAction\":[{\"@type\":\"SearchAction\",\"target\":{\"@type\":\"EntryPoint\",\"urlTemplate\":\"https:\\\/\\\/www.internationaled.com\\\/ar\\\/?s={search_term_string}\"},\"query-input\":{\"@type\":\"PropertyValueSpecification\",\"valueRequired\":true,\"valueName\":\"search_term_string\"}}],\"inLanguage\":\"tr\"}]}<\/script>\n<!-- \/ Yoast SEO plugin. -->","yoast_head_json":{"title":"\u00d6\u011frenci Kabulleri - Coquitlam School District 43","robots":{"index":"index","follow":"follow","max-snippet":"max-snippet:-1","max-image-preview":"max-image-preview:large","max-video-preview":"max-video-preview:-1"},"canonical":"https:\/\/www.internationaled.com\/tr\/admissions\/","og_locale":"tr_TR","og_type":"article","og_title":"\u00d6\u011frenci Kabulleri - Coquitlam School District 43","og_description":"Ba\u015fvuru sahiplerinin doldurduklar\u0131 kay\u0131t formu ile birlikte g\u00fcncel transkriptlerini ve ge\u00e7mi\u015f iki sene i\u00e7inde alm\u0131\u015f olduklar\u0131 transkriptleri g\u00f6ndermeleri gerekmektedir. Transkriptlerin resmi bir \u00e7evirmen taraf\u0131ndan \u0130ngilizce\u2019ye \u00e7evrilmi\u015f olmas\u0131 gereklidir. Belgeler ve $200 tutar\u0131ndaki ba\u015fvuru \u00fccreti Uluslararas\u0131 E\u011fitim Ofisi taraf\u0131ndan teslim al\u0131nd\u0131ktan sonra \u00f6\u011frenciler Uluslararas\u0131 E\u011fitim Program\u0131\u2019na kabul i\u00e7in de\u011ferlendirmeye al\u0131nacakt\u0131r. Ders y\u0131l\u0131 Eyl\u00fcl ay\u0131nda ba\u015flay\u0131p Haziran &hellip; Continue reading \u00d6\u011frenci Kabulleri &rarr;","og_url":"https:\/\/www.internationaled.com\/tr\/admissions\/","og_site_name":"Coquitlam School District 43","article_modified_time":"2017-04-04T20:53:06+00:00","og_image":[{"width":1920,"height":400,"url":"https:\/\/www.internationaled.com\/wp-content\/uploads\/2015\/10\/fondo_admision.jpg","type":"image\/jpeg"}],"twitter_card":"summary_large_image","twitter_misc":{"Est. reading time":"1 minute"},"schema":{"@context":"https:\/\/schema.org","@graph":[{"@type":"WebPage","@id":"https:\/\/www.internationaled.com\/tr\/admissions\/","url":"https:\/\/www.internationaled.com\/tr\/admissions\/","name":"\u00d6\u011frenci Kabulleri - Coquitlam School District 43","isPartOf":{"@id":"https:\/\/www.internationaled.com\/ar\/#website"},"primaryImageOfPage":{"@id":"https:\/\/www.internationaled.com\/tr\/admissions\/#primaryimage"},"image":{"@id":"https:\/\/www.internationaled.com\/tr\/admissions\/#primaryimage"},"thumbnailUrl":"https:\/\/cdn.internationaled.com\/wp-content\/uploads\/2015\/10\/fondo_admision.jpg","datePublished":"2015-10-19T17:41:13+00:00","dateModified":"2017-04-04T20:53:06+00:00","breadcrumb":{"@id":"https:\/\/www.internationaled.com\/tr\/admissions\/#breadcrumb"},"inLanguage":"tr","potentialAction":[{"@type":"ReadAction","target":["https:\/\/www.internationaled.com\/tr\/admissions\/"]}]},{"@type":"ImageObject","inLanguage":"tr","@id":"https:\/\/www.internationaled.com\/tr\/admissions\/#primaryimage","url":"https:\/\/cdn.internationaled.com\/wp-content\/uploads\/2015\/10\/fondo_admision.jpg","contentUrl":"https:\/\/cdn.internationaled.com\/wp-content\/uploads\/2015\/10\/fondo_admision.jpg","width":1920,"height":400},{"@type":"BreadcrumbList","@id":"https:\/\/www.internationaled.com\/tr\/admissions\/#breadcrumb","itemListElement":[{"@type":"ListItem","position":1,"name":"Home","item":"https:\/\/www.internationaled.com\/tr\/"},{"@type":"ListItem","position":2,"name":"\u00d6\u011frenci Kabulleri"}]},{"@type":"WebSite","@id":"https:\/\/www.internationaled.com\/ar\/#website","url":"https:\/\/www.internationaled.com\/ar\/","name":"Coquitlam School District 43","description":"Learning for a Lifetime","potentialAction":[{"@type":"SearchAction","target":{"@type":"EntryPoint","urlTemplate":"https:\/\/www.internationaled.com\/ar\/?s={search_term_string}"},"query-input":{"@type":"PropertyValueSpecification","valueRequired":true,"valueName":"search_term_string"}}],"inLanguage":"tr"}]}},"_links":{"self":[{"href":"https:\/\/www.internationaled.com\/tr\/wp-json\/wp\/v2\/pages\/2088","targetHints":{"allow":["GET"]}}],"collection":[{"href":"https:\/\/www.internationaled.com\/tr\/wp-json\/wp\/v2\/pages"}],"about":[{"href":"https:\/\/www.internationaled.com\/tr\/wp-json\/wp\/v2\/types\/page"}],"author":[{"embeddable":true,"href":"https:\/\/www.internationaled.com\/tr\/wp-json\/wp\/v2\/users\/14"}],"replies":[{"embeddable":true,"href":"https:\/\/www.internationaled.com\/tr\/wp-json\/wp\/v2\/comments?post=2088"}],"version-history":[{"count":3,"href":"https:\/\/www.internationaled.com\/tr\/wp-json\/wp\/v2\/pages\/2088\/revisions"}],"predecessor-version":[{"id":5109,"href":"https:\/\/www.internationaled.com\/tr\/wp-json\/wp\/v2\/pages\/2088\/revisions\/5109"}],"wp:featuredmedia":[{"embeddable":true,"href":"https:\/\/www.internationaled.com\/tr\/wp-json\/wp\/v2\/media\/308"}],"wp:attachment":[{"href":"https:\/\/www.internationaled.com\/tr\/wp-json\/wp\/v2\/media?parent=2088"}],"curies":[{"name":"wp","href":"https:\/\/api.w.org\/{rel}","templated":true}]}}