{"id":2089,"date":"2015-10-27T16:08:50","date_gmt":"2015-10-27T16:08:50","guid":{"rendered":"http:\/\/internationaled.com\/admissions\/custodianship\/?lang=tr"},"modified":"2018-01-03T23:36:01","modified_gmt":"2018-01-03T23:36:01","slug":"custodianship","status":"publish","type":"page","link":"https:\/\/www.internationaled.com\/tr\/admissions\/custodianship\/","title":{"rendered":"Vasilik"},"content":{"rendered":"<p>\u0130lkokullara kay\u0131t yapt\u0131ran \u00f6\u011frencilerin anne\/babalar\u0131yla birlikte oturmalar\u0131 gereklidir. 19 ya\u015f\u0131n alt\u0131ndaki ortaokul ve lise \u00f6\u011frencilerinin vize ofisinden izin almadan \u00f6nce iki adet ek belgeyi doldurmu\u015f olmalar\u0131 gerekmektedir. Bu belgelerden ilki Kanada vatanda\u015f\u0131 veya Kanada\u2019da daimi oturma izni olan bir yeti\u015fkin taraf\u0131ndan doldurulacak, bu ki\u015finin \u00f6\u011frencinin vasisi olaca\u011f\u0131n\u0131 beyan eden belgedir. BU BELGEN\u0130N KANADA\u2019DA NOTER TASD\u0130KL\u0130 OLMASI GEREKL\u0130D\u0130R.<\/p>\n<p>Gereken ikinci belge ise \u00e7ocu\u011fun anne\/babas\u0131 veya hukuki vasisi taraf\u0131ndan \u00e7ocu\u011fun geldi\u011fi \u00fclkede doldurulacak olan ve vasinin anne\/baba ad\u0131na hareket edebilmesi i\u00e7in gerekli d\u00fczenlemelerin yap\u0131lm\u0131\u015f oldu\u011funu beyan eden belgedir. Ba\u015fka bir deyi\u015fle, anne\/baba \u00e7ocuklar\u0131 ile ilgili olarak belgede belirtilen vasinin rol\u00fcn\u00fc kabul etmi\u015f olmaktad\u0131r. BU BELGEN\u0130N \u00c7OCU\u011eUN GELD\u0130\u011e\u0130 \u00dcLKEDE NOTER TASD\u0130KL\u0130 OLMASI GEREKL\u0130D\u0130R.<\/p>\n<p>Hat\u0131rlatma: Okuma izinleriniz g\u00fcncel tutulmal\u0131d\u0131r. Yenilemeler Kanada i\u00e7inde, Kanada G\u00fcmr\u00fck ve G\u00f6\u00e7menlik \u0130\u015fleri\u2019nde yenileme i\u015flemlerini tamamlamak suretiyle yap\u0131labilir.<\/p>\n<ul>\n<li><a href=\"http:\/\/legacy.internationaled.com\/forms\/custodianship_custodian.pdf\" target=\"_blank\" rel=\"noopener\">Noter Tasdikli Vesayet Sorumluluklar\u0131n\u0131 Kabul Belgesi<\/a><\/li>\n<\/ul>\n","protected":false},"excerpt":{"rendered":"<p>\u0130lkokullara kay\u0131t yapt\u0131ran \u00f6\u011frencilerin anne\/babalar\u0131yla birlikte oturmalar\u0131 gereklidir. 19 ya\u015f\u0131n alt\u0131ndaki ortaokul ve lise \u00f6\u011frencilerinin vize ofisinden izin almadan \u00f6nce iki adet ek belgeyi doldurmu\u015f olmalar\u0131 gerekmektedir. Bu belgelerden ilki Kanada vatanda\u015f\u0131 veya Kanada\u2019da daimi oturma izni olan bir yeti\u015fkin taraf\u0131ndan doldurulacak, bu ki\u015finin \u00f6\u011frencinin vasisi olaca\u011f\u0131n\u0131 beyan eden belgedir. BU BELGEN\u0130N KANADA\u2019DA NOTER TASD\u0130KL\u0130 &hellip; <a href=\"https:\/\/www.internationaled.com\/tr\/admissions\/custodianship\/\" class=\"more-link\">Continue reading <span class=\"screen-reader-text\">Vasilik<\/span> <span class=\"meta-nav\">&rarr;<\/span><\/a><\/p>\n","protected":false},"author":14,"featured_media":327,"parent":2088,"menu_order":1,"comment_status":"closed","ping_status":"closed","template":"page-standard.php","meta":{"footnotes":""},"class_list":["post-2089","page","type-page","status-publish","has-post-thumbnail","hentry"],"yoast_head":"<!-- This site is optimized with the Yoast SEO plugin v27.4 - https:\/\/yoast.com\/product\/yoast-seo-wordpress\/ -->\n<title>Vasilik - Coquitlam School District 43<\/title>\n<meta name=\"robots\" content=\"index, follow, max-snippet:-1, max-image-preview:large, max-video-preview:-1\" \/>\n<link rel=\"canonical\" href=\"https:\/\/www.internationaled.com\/tr\/admissions\/custodianship\/\" \/>\n<meta property=\"og:locale\" content=\"tr_TR\" \/>\n<meta property=\"og:type\" content=\"article\" \/>\n<meta property=\"og:title\" content=\"Vasilik - Coquitlam School District 43\" \/>\n<meta property=\"og:description\" content=\"\u0130lkokullara kay\u0131t yapt\u0131ran \u00f6\u011frencilerin anne\/babalar\u0131yla birlikte oturmalar\u0131 gereklidir. 19 ya\u015f\u0131n alt\u0131ndaki ortaokul ve lise \u00f6\u011frencilerinin vize ofisinden izin almadan \u00f6nce iki adet ek belgeyi doldurmu\u015f olmalar\u0131 gerekmektedir. Bu belgelerden ilki Kanada vatanda\u015f\u0131 veya Kanada\u2019da daimi oturma izni olan bir yeti\u015fkin taraf\u0131ndan doldurulacak, bu ki\u015finin \u00f6\u011frencinin vasisi olaca\u011f\u0131n\u0131 beyan eden belgedir. BU BELGEN\u0130N KANADA\u2019DA NOTER TASD\u0130KL\u0130 &hellip; Continue reading Vasilik &rarr;\" \/>\n<meta property=\"og:url\" content=\"https:\/\/www.internationaled.com\/tr\/admissions\/custodianship\/\" \/>\n<meta property=\"og:site_name\" content=\"Coquitlam School District 43\" \/>\n<meta property=\"article:modified_time\" content=\"2018-01-03T23:36:01+00:00\" \/>\n<meta property=\"og:image\" content=\"https:\/\/www.internationaled.com\/wp-content\/uploads\/2015\/10\/fondo_custodianship.jpg\" \/>\n\t<meta property=\"og:image:width\" content=\"1920\" \/>\n\t<meta property=\"og:image:height\" content=\"400\" \/>\n\t<meta property=\"og:image:type\" content=\"image\/jpeg\" \/>\n<meta name=\"twitter:card\" content=\"summary_large_image\" \/>\n<meta name=\"twitter:label1\" content=\"Est. reading time\" \/>\n\t<meta name=\"twitter:data1\" content=\"1 minute\" \/>\n<script type=\"application\/ld+json\" class=\"yoast-schema-graph\">{\"@context\":\"https:\\\/\\\/schema.org\",\"@graph\":[{\"@type\":\"WebPage\",\"@id\":\"https:\\\/\\\/www.internationaled.com\\\/tr\\\/admissions\\\/custodianship\\\/\",\"url\":\"https:\\\/\\\/www.internationaled.com\\\/tr\\\/admissions\\\/custodianship\\\/\",\"name\":\"Vasilik - Coquitlam School District 43\",\"isPartOf\":{\"@id\":\"https:\\\/\\\/www.internationaled.com\\\/ar\\\/#website\"},\"primaryImageOfPage\":{\"@id\":\"https:\\\/\\\/www.internationaled.com\\\/tr\\\/admissions\\\/custodianship\\\/#primaryimage\"},\"image\":{\"@id\":\"https:\\\/\\\/www.internationaled.com\\\/tr\\\/admissions\\\/custodianship\\\/#primaryimage\"},\"thumbnailUrl\":\"https:\\\/\\\/cdn.internationaled.com\\\/wp-content\\\/uploads\\\/2015\\\/10\\\/fondo_custodianship.jpg\",\"datePublished\":\"2015-10-27T16:08:50+00:00\",\"dateModified\":\"2018-01-03T23:36:01+00:00\",\"breadcrumb\":{\"@id\":\"https:\\\/\\\/www.internationaled.com\\\/tr\\\/admissions\\\/custodianship\\\/#breadcrumb\"},\"inLanguage\":\"tr\",\"potentialAction\":[{\"@type\":\"ReadAction\",\"target\":[\"https:\\\/\\\/www.internationaled.com\\\/tr\\\/admissions\\\/custodianship\\\/\"]}]},{\"@type\":\"ImageObject\",\"inLanguage\":\"tr\",\"@id\":\"https:\\\/\\\/www.internationaled.com\\\/tr\\\/admissions\\\/custodianship\\\/#primaryimage\",\"url\":\"https:\\\/\\\/cdn.internationaled.com\\\/wp-content\\\/uploads\\\/2015\\\/10\\\/fondo_custodianship.jpg\",\"contentUrl\":\"https:\\\/\\\/cdn.internationaled.com\\\/wp-content\\\/uploads\\\/2015\\\/10\\\/fondo_custodianship.jpg\",\"width\":1920,\"height\":400},{\"@type\":\"BreadcrumbList\",\"@id\":\"https:\\\/\\\/www.internationaled.com\\\/tr\\\/admissions\\\/custodianship\\\/#breadcrumb\",\"itemListElement\":[{\"@type\":\"ListItem\",\"position\":1,\"name\":\"Home\",\"item\":\"https:\\\/\\\/www.internationaled.com\\\/tr\\\/\"},{\"@type\":\"ListItem\",\"position\":2,\"name\":\"\u00d6\u011frenci Kabulleri\",\"item\":\"https:\\\/\\\/www.internationaled.com\\\/tr\\\/admissions\\\/\"},{\"@type\":\"ListItem\",\"position\":3,\"name\":\"Vasilik\"}]},{\"@type\":\"WebSite\",\"@id\":\"https:\\\/\\\/www.internationaled.com\\\/ar\\\/#website\",\"url\":\"https:\\\/\\\/www.internationaled.com\\\/ar\\\/\",\"name\":\"Coquitlam School District 43\",\"description\":\"Learning for a Lifetime\",\"potentialAction\":[{\"@type\":\"SearchAction\",\"target\":{\"@type\":\"EntryPoint\",\"urlTemplate\":\"https:\\\/\\\/www.internationaled.com\\\/ar\\\/?s={search_term_string}\"},\"query-input\":{\"@type\":\"PropertyValueSpecification\",\"valueRequired\":true,\"valueName\":\"search_term_string\"}}],\"inLanguage\":\"tr\"}]}<\/script>\n<!-- \/ Yoast SEO plugin. -->","yoast_head_json":{"title":"Vasilik - Coquitlam School District 43","robots":{"index":"index","follow":"follow","max-snippet":"max-snippet:-1","max-image-preview":"max-image-preview:large","max-video-preview":"max-video-preview:-1"},"canonical":"https:\/\/www.internationaled.com\/tr\/admissions\/custodianship\/","og_locale":"tr_TR","og_type":"article","og_title":"Vasilik - Coquitlam School District 43","og_description":"\u0130lkokullara kay\u0131t yapt\u0131ran \u00f6\u011frencilerin anne\/babalar\u0131yla birlikte oturmalar\u0131 gereklidir. 19 ya\u015f\u0131n alt\u0131ndaki ortaokul ve lise \u00f6\u011frencilerinin vize ofisinden izin almadan \u00f6nce iki adet ek belgeyi doldurmu\u015f olmalar\u0131 gerekmektedir. Bu belgelerden ilki Kanada vatanda\u015f\u0131 veya Kanada\u2019da daimi oturma izni olan bir yeti\u015fkin taraf\u0131ndan doldurulacak, bu ki\u015finin \u00f6\u011frencinin vasisi olaca\u011f\u0131n\u0131 beyan eden belgedir. BU BELGEN\u0130N KANADA\u2019DA NOTER TASD\u0130KL\u0130 &hellip; Continue reading Vasilik &rarr;","og_url":"https:\/\/www.internationaled.com\/tr\/admissions\/custodianship\/","og_site_name":"Coquitlam School District 43","article_modified_time":"2018-01-03T23:36:01+00:00","og_image":[{"width":1920,"height":400,"url":"https:\/\/www.internationaled.com\/wp-content\/uploads\/2015\/10\/fondo_custodianship.jpg","type":"image\/jpeg"}],"twitter_card":"summary_large_image","twitter_misc":{"Est. reading time":"1 minute"},"schema":{"@context":"https:\/\/schema.org","@graph":[{"@type":"WebPage","@id":"https:\/\/www.internationaled.com\/tr\/admissions\/custodianship\/","url":"https:\/\/www.internationaled.com\/tr\/admissions\/custodianship\/","name":"Vasilik - Coquitlam School District 43","isPartOf":{"@id":"https:\/\/www.internationaled.com\/ar\/#website"},"primaryImageOfPage":{"@id":"https:\/\/www.internationaled.com\/tr\/admissions\/custodianship\/#primaryimage"},"image":{"@id":"https:\/\/www.internationaled.com\/tr\/admissions\/custodianship\/#primaryimage"},"thumbnailUrl":"https:\/\/cdn.internationaled.com\/wp-content\/uploads\/2015\/10\/fondo_custodianship.jpg","datePublished":"2015-10-27T16:08:50+00:00","dateModified":"2018-01-03T23:36:01+00:00","breadcrumb":{"@id":"https:\/\/www.internationaled.com\/tr\/admissions\/custodianship\/#breadcrumb"},"inLanguage":"tr","potentialAction":[{"@type":"ReadAction","target":["https:\/\/www.internationaled.com\/tr\/admissions\/custodianship\/"]}]},{"@type":"ImageObject","inLanguage":"tr","@id":"https:\/\/www.internationaled.com\/tr\/admissions\/custodianship\/#primaryimage","url":"https:\/\/cdn.internationaled.com\/wp-content\/uploads\/2015\/10\/fondo_custodianship.jpg","contentUrl":"https:\/\/cdn.internationaled.com\/wp-content\/uploads\/2015\/10\/fondo_custodianship.jpg","width":1920,"height":400},{"@type":"BreadcrumbList","@id":"https:\/\/www.internationaled.com\/tr\/admissions\/custodianship\/#breadcrumb","itemListElement":[{"@type":"ListItem","position":1,"name":"Home","item":"https:\/\/www.internationaled.com\/tr\/"},{"@type":"ListItem","position":2,"name":"\u00d6\u011frenci Kabulleri","item":"https:\/\/www.internationaled.com\/tr\/admissions\/"},{"@type":"ListItem","position":3,"name":"Vasilik"}]},{"@type":"WebSite","@id":"https:\/\/www.internationaled.com\/ar\/#website","url":"https:\/\/www.internationaled.com\/ar\/","name":"Coquitlam School District 43","description":"Learning for a Lifetime","potentialAction":[{"@type":"SearchAction","target":{"@type":"EntryPoint","urlTemplate":"https:\/\/www.internationaled.com\/ar\/?s={search_term_string}"},"query-input":{"@type":"PropertyValueSpecification","valueRequired":true,"valueName":"search_term_string"}}],"inLanguage":"tr"}]}},"_links":{"self":[{"href":"https:\/\/www.internationaled.com\/tr\/wp-json\/wp\/v2\/pages\/2089","targetHints":{"allow":["GET"]}}],"collection":[{"href":"https:\/\/www.internationaled.com\/tr\/wp-json\/wp\/v2\/pages"}],"about":[{"href":"https:\/\/www.internationaled.com\/tr\/wp-json\/wp\/v2\/types\/page"}],"author":[{"embeddable":true,"href":"https:\/\/www.internationaled.com\/tr\/wp-json\/wp\/v2\/users\/14"}],"replies":[{"embeddable":true,"href":"https:\/\/www.internationaled.com\/tr\/wp-json\/wp\/v2\/comments?post=2089"}],"version-history":[{"count":2,"href":"https:\/\/www.internationaled.com\/tr\/wp-json\/wp\/v2\/pages\/2089\/revisions"}],"predecessor-version":[{"id":5291,"href":"https:\/\/www.internationaled.com\/tr\/wp-json\/wp\/v2\/pages\/2089\/revisions\/5291"}],"up":[{"embeddable":true,"href":"https:\/\/www.internationaled.com\/tr\/wp-json\/wp\/v2\/pages\/2088"}],"wp:featuredmedia":[{"embeddable":true,"href":"https:\/\/www.internationaled.com\/tr\/wp-json\/wp\/v2\/media\/327"}],"wp:attachment":[{"href":"https:\/\/www.internationaled.com\/tr\/wp-json\/wp\/v2\/media?parent=2089"}],"curies":[{"name":"wp","href":"https:\/\/api.w.org\/{rel}","templated":true}]}}