{"id":2090,"date":"2015-10-27T16:09:11","date_gmt":"2015-10-27T16:09:11","guid":{"rendered":"http:\/\/internationaled.com\/admissions\/medical\/?lang=tr"},"modified":"2016-07-22T08:38:13","modified_gmt":"2016-07-22T08:38:13","slug":"medical","status":"publish","type":"page","link":"https:\/\/www.internationaled.com\/tr\/admissions\/medical\/","title":{"rendered":"Saglik"},"content":{"rendered":"<h3 class=\"blue\">Saglik Hizmetleri Plan\u0131 (MSP) \u2013 Saglik Bak\u0131m Kart\u0131<\/h3>\n<p>Uluslararas\u0131 E\u011fitim Program\u0131\u2019na kabul \u015fartlar\u0131ndan biri olarak t\u00fcm \u00f6\u011frencilerin Saglik sigortas\u0131 yapt\u0131rmalar\u0131 gerekmektedir. T\u00fcm uluslararas\u0131 \u00f6\u011frencilerin okul b\u00f6lgemize var\u0131\u015flar\u0131nda, Saglik sigortas\u0131 i\u00e7in ba\u015fvuruda bulunmak \u00fczere pasaportlar\u0131 ve Okuma \u0130zinleri ile birlikte Uluslararas\u0131 E\u011fitim Program\u0131 ofisine gelmeleri gereklidir. British Columbia Saglik Sigortas\u0131 \u2013 Saglik Hizmetleri Plan\u0131 (MSP) \u00fc\u00e7 ayl\u0131k bir bekleme s\u00fcresinin sonunda t\u00fcm uluslararas\u0131 \u00f6\u011frencilere Saglik sigortas\u0131 sunacakt\u0131r. MSP sigortas\u0131 British Columbia\u2019da ya\u015fayan herkes i\u00e7in kanuni bir zorunluluktur. Bu sigortay\u0131 yapt\u0131rmak i\u00e7in uluslararas\u0131 \u00f6\u011frencinin veya veli\/kanuni vasisinin \u00f6\u011frencinin pasaportu ve g\u00fcncel Okuma \u0130zni ile birlikte ofisimize gelerek ba\u015fvuruda bulunmas\u0131 gerekmektedir. Bekleme s\u00fcresinin sonunda MSP, Saglik Bak\u0131m Kart\u0131\u2019n\u0131 \u00f6\u011frencinin ev adresine postalayacakt\u0131r. \u00d6\u011frenciler bu Bak\u0131m Kart\u0131 ile t\u00fcm British Columbia halk\u0131na sunulan Saglik hizmetlerinden faydalanabilecektir. Bak\u0131m Kart\u0131\u2019n\u0131n \u00fczerinde biti\u015f tarihi belirtilecektir. Kart\u0131n biti\u015f tarihi genellikle Okuma \u0130zni\u2019nin biti\u015f tarihiyle ayn\u0131 olacakt\u0131r. Bu tarih \u00f6\u011frencilerin sigorta kapsam\u0131na al\u0131nmaya hak kazand\u0131klar\u0131 tarihi belirtmekte olup sigorta primlerinin \u00f6denme tarihi anlam\u0131na gelmemektedir. Sigorta primleri MSP\u2019ye, uluslararas\u0131 \u00f6\u011frenciler ad\u0131na, programa kay\u0131tl\u0131 olduklar\u0131 s\u00fcre boyunca Uluslararas\u0131 E\u011fitim Ofisi taraf\u0131ndan \u00f6denecektir. \u00d6\u011frencinin Uluslararas\u0131 Program ile ili\u015fi\u011fi kesildi\u011finde sigorta konusu \u00f6\u011frencinin ve veli\/vasinin sorumlulu\u011fu alt\u0131nda olacakt\u0131r. Bak\u0131m Kart\u0131\u2019n\u0131 yenilemek i\u00e7in \u00f6\u011frenciler yenilenmi\u015f Okuma \u0130zni\u2019nin bir n\u00fcshas\u0131 ile birlikte Uluslararas\u0131 E\u011fitim ofisine ba\u015fvuracakt\u0131r. Bu i\u015flem, \u00f6\u011frenci 43 numaral\u0131 Okul B\u00f6lgesi (Coquitlam) Uluslararas\u0131 E\u011fitim Program\u0131\u2019na devam etti\u011fi s\u00fcrece her y\u0131l tekrarlanacakt\u0131r.<\/p>\n<h3 class=\"blue\"><a href=\"http:\/\/legacy.internationaled.com\/English\/medical.shtml#private\">\u00d6zel (ge\u00e7ici) Sigorta<\/a><\/h3>\n<p><a href=\"http:\/\/legacy.internationaled.com\/English\/medical.shtml#private\">l\u00fctfen buraya t\u0131klay\u0131n\u0131z<\/a><\/p>\n","protected":false},"excerpt":{"rendered":"<p>Saglik Hizmetleri Plan\u0131 (MSP) \u2013 Saglik Bak\u0131m Kart\u0131 Uluslararas\u0131 E\u011fitim Program\u0131\u2019na kabul \u015fartlar\u0131ndan biri olarak t\u00fcm \u00f6\u011frencilerin Saglik sigortas\u0131 yapt\u0131rmalar\u0131 gerekmektedir. T\u00fcm uluslararas\u0131 \u00f6\u011frencilerin okul b\u00f6lgemize var\u0131\u015flar\u0131nda, Saglik sigortas\u0131 i\u00e7in ba\u015fvuruda bulunmak \u00fczere pasaportlar\u0131 ve Okuma \u0130zinleri ile birlikte Uluslararas\u0131 E\u011fitim Program\u0131 ofisine gelmeleri gereklidir. British Columbia Saglik Sigortas\u0131 \u2013 Saglik Hizmetleri Plan\u0131 (MSP) \u00fc\u00e7 &hellip; <a href=\"https:\/\/www.internationaled.com\/tr\/admissions\/medical\/\" class=\"more-link\">Continue reading <span class=\"screen-reader-text\">Saglik<\/span> <span class=\"meta-nav\">&rarr;<\/span><\/a><\/p>\n","protected":false},"author":14,"featured_media":328,"parent":2088,"menu_order":2,"comment_status":"closed","ping_status":"closed","template":"page-standard.php","meta":{"footnotes":""},"class_list":["post-2090","page","type-page","status-publish","has-post-thumbnail","hentry"],"yoast_head":"<!-- This site is optimized with the Yoast SEO plugin v27.4 - https:\/\/yoast.com\/product\/yoast-seo-wordpress\/ -->\n<title>Saglik - Coquitlam School District 43<\/title>\n<meta name=\"robots\" content=\"index, follow, max-snippet:-1, max-image-preview:large, max-video-preview:-1\" \/>\n<link rel=\"canonical\" href=\"https:\/\/www.internationaled.com\/tr\/admissions\/medical\/\" \/>\n<meta property=\"og:locale\" content=\"tr_TR\" \/>\n<meta property=\"og:type\" content=\"article\" \/>\n<meta property=\"og:title\" content=\"Saglik - Coquitlam School District 43\" \/>\n<meta property=\"og:description\" content=\"Saglik Hizmetleri Plan\u0131 (MSP) \u2013 Saglik Bak\u0131m Kart\u0131 Uluslararas\u0131 E\u011fitim Program\u0131\u2019na kabul \u015fartlar\u0131ndan biri olarak t\u00fcm \u00f6\u011frencilerin Saglik sigortas\u0131 yapt\u0131rmalar\u0131 gerekmektedir. T\u00fcm uluslararas\u0131 \u00f6\u011frencilerin okul b\u00f6lgemize var\u0131\u015flar\u0131nda, Saglik sigortas\u0131 i\u00e7in ba\u015fvuruda bulunmak \u00fczere pasaportlar\u0131 ve Okuma \u0130zinleri ile birlikte Uluslararas\u0131 E\u011fitim Program\u0131 ofisine gelmeleri gereklidir. British Columbia Saglik Sigortas\u0131 \u2013 Saglik Hizmetleri Plan\u0131 (MSP) \u00fc\u00e7 &hellip; Continue reading Saglik &rarr;\" \/>\n<meta property=\"og:url\" content=\"https:\/\/www.internationaled.com\/tr\/admissions\/medical\/\" \/>\n<meta property=\"og:site_name\" content=\"Coquitlam School District 43\" \/>\n<meta property=\"article:modified_time\" content=\"2016-07-22T08:38:13+00:00\" \/>\n<meta property=\"og:image\" content=\"https:\/\/www.internationaled.com\/wp-content\/uploads\/2015\/10\/fondo_medical.jpg\" \/>\n\t<meta property=\"og:image:width\" content=\"1920\" \/>\n\t<meta property=\"og:image:height\" content=\"400\" \/>\n\t<meta property=\"og:image:type\" content=\"image\/jpeg\" \/>\n<meta name=\"twitter:card\" content=\"summary_large_image\" \/>\n<meta name=\"twitter:label1\" content=\"Est. reading time\" \/>\n\t<meta name=\"twitter:data1\" content=\"1 minute\" \/>\n<script type=\"application\/ld+json\" class=\"yoast-schema-graph\">{\"@context\":\"https:\\\/\\\/schema.org\",\"@graph\":[{\"@type\":\"WebPage\",\"@id\":\"https:\\\/\\\/www.internationaled.com\\\/tr\\\/admissions\\\/medical\\\/\",\"url\":\"https:\\\/\\\/www.internationaled.com\\\/tr\\\/admissions\\\/medical\\\/\",\"name\":\"Saglik - Coquitlam School District 43\",\"isPartOf\":{\"@id\":\"https:\\\/\\\/www.internationaled.com\\\/ar\\\/#website\"},\"primaryImageOfPage\":{\"@id\":\"https:\\\/\\\/www.internationaled.com\\\/tr\\\/admissions\\\/medical\\\/#primaryimage\"},\"image\":{\"@id\":\"https:\\\/\\\/www.internationaled.com\\\/tr\\\/admissions\\\/medical\\\/#primaryimage\"},\"thumbnailUrl\":\"https:\\\/\\\/cdn.internationaled.com\\\/wp-content\\\/uploads\\\/2015\\\/10\\\/fondo_medical.jpg\",\"datePublished\":\"2015-10-27T16:09:11+00:00\",\"dateModified\":\"2016-07-22T08:38:13+00:00\",\"breadcrumb\":{\"@id\":\"https:\\\/\\\/www.internationaled.com\\\/tr\\\/admissions\\\/medical\\\/#breadcrumb\"},\"inLanguage\":\"tr\",\"potentialAction\":[{\"@type\":\"ReadAction\",\"target\":[\"https:\\\/\\\/www.internationaled.com\\\/tr\\\/admissions\\\/medical\\\/\"]}]},{\"@type\":\"ImageObject\",\"inLanguage\":\"tr\",\"@id\":\"https:\\\/\\\/www.internationaled.com\\\/tr\\\/admissions\\\/medical\\\/#primaryimage\",\"url\":\"https:\\\/\\\/cdn.internationaled.com\\\/wp-content\\\/uploads\\\/2015\\\/10\\\/fondo_medical.jpg\",\"contentUrl\":\"https:\\\/\\\/cdn.internationaled.com\\\/wp-content\\\/uploads\\\/2015\\\/10\\\/fondo_medical.jpg\",\"width\":1920,\"height\":400},{\"@type\":\"BreadcrumbList\",\"@id\":\"https:\\\/\\\/www.internationaled.com\\\/tr\\\/admissions\\\/medical\\\/#breadcrumb\",\"itemListElement\":[{\"@type\":\"ListItem\",\"position\":1,\"name\":\"Home\",\"item\":\"https:\\\/\\\/www.internationaled.com\\\/tr\\\/\"},{\"@type\":\"ListItem\",\"position\":2,\"name\":\"\u00d6\u011frenci Kabulleri\",\"item\":\"https:\\\/\\\/www.internationaled.com\\\/tr\\\/admissions\\\/\"},{\"@type\":\"ListItem\",\"position\":3,\"name\":\"Saglik\"}]},{\"@type\":\"WebSite\",\"@id\":\"https:\\\/\\\/www.internationaled.com\\\/ar\\\/#website\",\"url\":\"https:\\\/\\\/www.internationaled.com\\\/ar\\\/\",\"name\":\"Coquitlam School District 43\",\"description\":\"Learning for a Lifetime\",\"potentialAction\":[{\"@type\":\"SearchAction\",\"target\":{\"@type\":\"EntryPoint\",\"urlTemplate\":\"https:\\\/\\\/www.internationaled.com\\\/ar\\\/?s={search_term_string}\"},\"query-input\":{\"@type\":\"PropertyValueSpecification\",\"valueRequired\":true,\"valueName\":\"search_term_string\"}}],\"inLanguage\":\"tr\"}]}<\/script>\n<!-- \/ Yoast SEO plugin. -->","yoast_head_json":{"title":"Saglik - Coquitlam School District 43","robots":{"index":"index","follow":"follow","max-snippet":"max-snippet:-1","max-image-preview":"max-image-preview:large","max-video-preview":"max-video-preview:-1"},"canonical":"https:\/\/www.internationaled.com\/tr\/admissions\/medical\/","og_locale":"tr_TR","og_type":"article","og_title":"Saglik - Coquitlam School District 43","og_description":"Saglik Hizmetleri Plan\u0131 (MSP) \u2013 Saglik Bak\u0131m Kart\u0131 Uluslararas\u0131 E\u011fitim Program\u0131\u2019na kabul \u015fartlar\u0131ndan biri olarak t\u00fcm \u00f6\u011frencilerin Saglik sigortas\u0131 yapt\u0131rmalar\u0131 gerekmektedir. T\u00fcm uluslararas\u0131 \u00f6\u011frencilerin okul b\u00f6lgemize var\u0131\u015flar\u0131nda, Saglik sigortas\u0131 i\u00e7in ba\u015fvuruda bulunmak \u00fczere pasaportlar\u0131 ve Okuma \u0130zinleri ile birlikte Uluslararas\u0131 E\u011fitim Program\u0131 ofisine gelmeleri gereklidir. British Columbia Saglik Sigortas\u0131 \u2013 Saglik Hizmetleri Plan\u0131 (MSP) \u00fc\u00e7 &hellip; Continue reading Saglik &rarr;","og_url":"https:\/\/www.internationaled.com\/tr\/admissions\/medical\/","og_site_name":"Coquitlam School District 43","article_modified_time":"2016-07-22T08:38:13+00:00","og_image":[{"width":1920,"height":400,"url":"https:\/\/www.internationaled.com\/wp-content\/uploads\/2015\/10\/fondo_medical.jpg","type":"image\/jpeg"}],"twitter_card":"summary_large_image","twitter_misc":{"Est. reading time":"1 minute"},"schema":{"@context":"https:\/\/schema.org","@graph":[{"@type":"WebPage","@id":"https:\/\/www.internationaled.com\/tr\/admissions\/medical\/","url":"https:\/\/www.internationaled.com\/tr\/admissions\/medical\/","name":"Saglik - Coquitlam School District 43","isPartOf":{"@id":"https:\/\/www.internationaled.com\/ar\/#website"},"primaryImageOfPage":{"@id":"https:\/\/www.internationaled.com\/tr\/admissions\/medical\/#primaryimage"},"image":{"@id":"https:\/\/www.internationaled.com\/tr\/admissions\/medical\/#primaryimage"},"thumbnailUrl":"https:\/\/cdn.internationaled.com\/wp-content\/uploads\/2015\/10\/fondo_medical.jpg","datePublished":"2015-10-27T16:09:11+00:00","dateModified":"2016-07-22T08:38:13+00:00","breadcrumb":{"@id":"https:\/\/www.internationaled.com\/tr\/admissions\/medical\/#breadcrumb"},"inLanguage":"tr","potentialAction":[{"@type":"ReadAction","target":["https:\/\/www.internationaled.com\/tr\/admissions\/medical\/"]}]},{"@type":"ImageObject","inLanguage":"tr","@id":"https:\/\/www.internationaled.com\/tr\/admissions\/medical\/#primaryimage","url":"https:\/\/cdn.internationaled.com\/wp-content\/uploads\/2015\/10\/fondo_medical.jpg","contentUrl":"https:\/\/cdn.internationaled.com\/wp-content\/uploads\/2015\/10\/fondo_medical.jpg","width":1920,"height":400},{"@type":"BreadcrumbList","@id":"https:\/\/www.internationaled.com\/tr\/admissions\/medical\/#breadcrumb","itemListElement":[{"@type":"ListItem","position":1,"name":"Home","item":"https:\/\/www.internationaled.com\/tr\/"},{"@type":"ListItem","position":2,"name":"\u00d6\u011frenci Kabulleri","item":"https:\/\/www.internationaled.com\/tr\/admissions\/"},{"@type":"ListItem","position":3,"name":"Saglik"}]},{"@type":"WebSite","@id":"https:\/\/www.internationaled.com\/ar\/#website","url":"https:\/\/www.internationaled.com\/ar\/","name":"Coquitlam School District 43","description":"Learning for a Lifetime","potentialAction":[{"@type":"SearchAction","target":{"@type":"EntryPoint","urlTemplate":"https:\/\/www.internationaled.com\/ar\/?s={search_term_string}"},"query-input":{"@type":"PropertyValueSpecification","valueRequired":true,"valueName":"search_term_string"}}],"inLanguage":"tr"}]}},"_links":{"self":[{"href":"https:\/\/www.internationaled.com\/tr\/wp-json\/wp\/v2\/pages\/2090","targetHints":{"allow":["GET"]}}],"collection":[{"href":"https:\/\/www.internationaled.com\/tr\/wp-json\/wp\/v2\/pages"}],"about":[{"href":"https:\/\/www.internationaled.com\/tr\/wp-json\/wp\/v2\/types\/page"}],"author":[{"embeddable":true,"href":"https:\/\/www.internationaled.com\/tr\/wp-json\/wp\/v2\/users\/14"}],"replies":[{"embeddable":true,"href":"https:\/\/www.internationaled.com\/tr\/wp-json\/wp\/v2\/comments?post=2090"}],"version-history":[{"count":1,"href":"https:\/\/www.internationaled.com\/tr\/wp-json\/wp\/v2\/pages\/2090\/revisions"}],"predecessor-version":[{"id":2279,"href":"https:\/\/www.internationaled.com\/tr\/wp-json\/wp\/v2\/pages\/2090\/revisions\/2279"}],"up":[{"embeddable":true,"href":"https:\/\/www.internationaled.com\/tr\/wp-json\/wp\/v2\/pages\/2088"}],"wp:featuredmedia":[{"embeddable":true,"href":"https:\/\/www.internationaled.com\/tr\/wp-json\/wp\/v2\/media\/328"}],"wp:attachment":[{"href":"https:\/\/www.internationaled.com\/tr\/wp-json\/wp\/v2\/media?parent=2090"}],"curies":[{"name":"wp","href":"https:\/\/api.w.org\/{rel}","templated":true}]}}