{"id":2092,"date":"2015-10-27T16:09:47","date_gmt":"2015-10-27T16:09:47","guid":{"rendered":"http:\/\/internationaled.com\/admissions\/selection-criteria\/?lang=tr"},"modified":"2017-01-25T23:11:17","modified_gmt":"2017-01-25T23:11:17","slug":"selection-criteria","status":"publish","type":"page","link":"https:\/\/www.internationaled.com\/tr\/admissions\/selection-criteria\/","title":{"rendered":"Se\u00e7me \u00d6l\u00e7\u00fctleri"},"content":{"rendered":"<p>Uluslararas\u0131 E\u011fitim Program\u0131\u2019na kabul edilme ve sonras\u0131nda bir okula yerle\u015ftirilme, ba\u015fvuran \u00f6\u011frencinin e\u011fitimsel ve davran\u0131\u015fsal ge\u00e7mi\u015fine, ve transkriptinde ve g\u00f6\u00e7menlik belgelerinde belirtilen akademik ba\u015far\u0131 durumuna g\u00f6re belirlenecektir. \u00d6\u011frencinin, yerle\u015fim, yiyecek, giyim ve ula\u015f\u0131m ihtiya\u00e7lar\u0131n\u0131 sa\u011flayacak ve okulun \u00f6\u011frenci ile ilgili konularda irtibat kuraca\u011f\u0131 sorumluluk sahibi bir yeti\u015fkinin ad\u0131n\u0131 okula vermesi gereklidir.<\/p>\n<ul>\n<li><a href=\"http:\/\/www.internationaled.com\/tr\/admissions\/study-permit\/\">\u00d6\u011frencinin Okuma \u0130zni Bilgileri<\/a><\/li>\n<\/ul>\n<p>Okuma izni ve ba\u015fvuru formlar\u0131 konusunda ayr\u0131nt\u0131l\u0131 bilgiyi a\u015fa\u011f\u0131daki linkte bulabilirsiniz:<\/p>\n<ul>\n<li><a href=\"http:\/\/www.cic.gc.ca\/EnGLIsh\/information\/applications\/student.asp\" target=\"_blank\">www.cic.gc.ca\/EnGLIsh\/information\/applications\/student.asp<\/a><\/li>\n<\/ul>\n","protected":false},"excerpt":{"rendered":"<p>Uluslararas\u0131 E\u011fitim Program\u0131\u2019na kabul edilme ve sonras\u0131nda bir okula yerle\u015ftirilme, ba\u015fvuran \u00f6\u011frencinin e\u011fitimsel ve davran\u0131\u015fsal ge\u00e7mi\u015fine, ve transkriptinde ve g\u00f6\u00e7menlik belgelerinde belirtilen akademik ba\u015far\u0131 durumuna g\u00f6re belirlenecektir. \u00d6\u011frencinin, yerle\u015fim, yiyecek, giyim ve ula\u015f\u0131m ihtiya\u00e7lar\u0131n\u0131 sa\u011flayacak ve okulun \u00f6\u011frenci ile ilgili konularda irtibat kuraca\u011f\u0131 sorumluluk sahibi bir yeti\u015fkinin ad\u0131n\u0131 okula vermesi gereklidir. \u00d6\u011frencinin Okuma \u0130zni Bilgileri &hellip; <a href=\"https:\/\/www.internationaled.com\/tr\/admissions\/selection-criteria\/\" class=\"more-link\">Continue reading <span class=\"screen-reader-text\">Se\u00e7me \u00d6l\u00e7\u00fctleri<\/span> <span class=\"meta-nav\">&rarr;<\/span><\/a><\/p>\n","protected":false},"author":14,"featured_media":330,"parent":2088,"menu_order":4,"comment_status":"closed","ping_status":"closed","template":"page-standard.php","meta":{"footnotes":""},"class_list":["post-2092","page","type-page","status-publish","has-post-thumbnail","hentry"],"yoast_head":"<!-- This site is optimized with the Yoast SEO plugin v27.3 - https:\/\/yoast.com\/product\/yoast-seo-wordpress\/ -->\n<title>Se\u00e7me \u00d6l\u00e7\u00fctleri - Coquitlam School District 43<\/title>\n<meta name=\"robots\" content=\"index, follow, max-snippet:-1, max-image-preview:large, max-video-preview:-1\" \/>\n<link rel=\"canonical\" href=\"https:\/\/www.internationaled.com\/tr\/admissions\/selection-criteria\/\" \/>\n<meta property=\"og:locale\" content=\"tr_TR\" \/>\n<meta property=\"og:type\" content=\"article\" \/>\n<meta property=\"og:title\" content=\"Se\u00e7me \u00d6l\u00e7\u00fctleri - Coquitlam School District 43\" \/>\n<meta property=\"og:description\" content=\"Uluslararas\u0131 E\u011fitim Program\u0131\u2019na kabul edilme ve sonras\u0131nda bir okula yerle\u015ftirilme, ba\u015fvuran \u00f6\u011frencinin e\u011fitimsel ve davran\u0131\u015fsal ge\u00e7mi\u015fine, ve transkriptinde ve g\u00f6\u00e7menlik belgelerinde belirtilen akademik ba\u015far\u0131 durumuna g\u00f6re belirlenecektir. \u00d6\u011frencinin, yerle\u015fim, yiyecek, giyim ve ula\u015f\u0131m ihtiya\u00e7lar\u0131n\u0131 sa\u011flayacak ve okulun \u00f6\u011frenci ile ilgili konularda irtibat kuraca\u011f\u0131 sorumluluk sahibi bir yeti\u015fkinin ad\u0131n\u0131 okula vermesi gereklidir. \u00d6\u011frencinin Okuma \u0130zni Bilgileri &hellip; Continue reading Se\u00e7me \u00d6l\u00e7\u00fctleri &rarr;\" \/>\n<meta property=\"og:url\" content=\"https:\/\/www.internationaled.com\/tr\/admissions\/selection-criteria\/\" \/>\n<meta property=\"og:site_name\" content=\"Coquitlam School District 43\" \/>\n<meta property=\"article:modified_time\" content=\"2017-01-25T23:11:17+00:00\" \/>\n<meta property=\"og:image\" content=\"https:\/\/www.internationaled.com\/wp-content\/uploads\/2015\/10\/fondo_selection.jpg\" \/>\n\t<meta property=\"og:image:width\" content=\"1920\" \/>\n\t<meta property=\"og:image:height\" content=\"400\" \/>\n\t<meta property=\"og:image:type\" content=\"image\/jpeg\" \/>\n<meta name=\"twitter:card\" content=\"summary_large_image\" \/>\n<script type=\"application\/ld+json\" class=\"yoast-schema-graph\">{\"@context\":\"https:\\\/\\\/schema.org\",\"@graph\":[{\"@type\":\"WebPage\",\"@id\":\"https:\\\/\\\/www.internationaled.com\\\/tr\\\/admissions\\\/selection-criteria\\\/\",\"url\":\"https:\\\/\\\/www.internationaled.com\\\/tr\\\/admissions\\\/selection-criteria\\\/\",\"name\":\"Se\u00e7me \u00d6l\u00e7\u00fctleri - Coquitlam School District 43\",\"isPartOf\":{\"@id\":\"https:\\\/\\\/www.internationaled.com\\\/ar\\\/#website\"},\"primaryImageOfPage\":{\"@id\":\"https:\\\/\\\/www.internationaled.com\\\/tr\\\/admissions\\\/selection-criteria\\\/#primaryimage\"},\"image\":{\"@id\":\"https:\\\/\\\/www.internationaled.com\\\/tr\\\/admissions\\\/selection-criteria\\\/#primaryimage\"},\"thumbnailUrl\":\"https:\\\/\\\/cdn.internationaled.com\\\/wp-content\\\/uploads\\\/2015\\\/10\\\/fondo_selection.jpg\",\"datePublished\":\"2015-10-27T16:09:47+00:00\",\"dateModified\":\"2017-01-25T23:11:17+00:00\",\"breadcrumb\":{\"@id\":\"https:\\\/\\\/www.internationaled.com\\\/tr\\\/admissions\\\/selection-criteria\\\/#breadcrumb\"},\"inLanguage\":\"tr\",\"potentialAction\":[{\"@type\":\"ReadAction\",\"target\":[\"https:\\\/\\\/www.internationaled.com\\\/tr\\\/admissions\\\/selection-criteria\\\/\"]}]},{\"@type\":\"ImageObject\",\"inLanguage\":\"tr\",\"@id\":\"https:\\\/\\\/www.internationaled.com\\\/tr\\\/admissions\\\/selection-criteria\\\/#primaryimage\",\"url\":\"https:\\\/\\\/cdn.internationaled.com\\\/wp-content\\\/uploads\\\/2015\\\/10\\\/fondo_selection.jpg\",\"contentUrl\":\"https:\\\/\\\/cdn.internationaled.com\\\/wp-content\\\/uploads\\\/2015\\\/10\\\/fondo_selection.jpg\",\"width\":1920,\"height\":400},{\"@type\":\"BreadcrumbList\",\"@id\":\"https:\\\/\\\/www.internationaled.com\\\/tr\\\/admissions\\\/selection-criteria\\\/#breadcrumb\",\"itemListElement\":[{\"@type\":\"ListItem\",\"position\":1,\"name\":\"Home\",\"item\":\"https:\\\/\\\/www.internationaled.com\\\/tr\\\/\"},{\"@type\":\"ListItem\",\"position\":2,\"name\":\"\u00d6\u011frenci Kabulleri\",\"item\":\"https:\\\/\\\/www.internationaled.com\\\/tr\\\/admissions\\\/\"},{\"@type\":\"ListItem\",\"position\":3,\"name\":\"Se\u00e7me \u00d6l\u00e7\u00fctleri\"}]},{\"@type\":\"WebSite\",\"@id\":\"https:\\\/\\\/www.internationaled.com\\\/ar\\\/#website\",\"url\":\"https:\\\/\\\/www.internationaled.com\\\/ar\\\/\",\"name\":\"Coquitlam School District 43\",\"description\":\"Learning for a Lifetime\",\"potentialAction\":[{\"@type\":\"SearchAction\",\"target\":{\"@type\":\"EntryPoint\",\"urlTemplate\":\"https:\\\/\\\/www.internationaled.com\\\/ar\\\/?s={search_term_string}\"},\"query-input\":{\"@type\":\"PropertyValueSpecification\",\"valueRequired\":true,\"valueName\":\"search_term_string\"}}],\"inLanguage\":\"tr\"}]}<\/script>\n<!-- \/ Yoast SEO plugin. -->","yoast_head_json":{"title":"Se\u00e7me \u00d6l\u00e7\u00fctleri - Coquitlam School District 43","robots":{"index":"index","follow":"follow","max-snippet":"max-snippet:-1","max-image-preview":"max-image-preview:large","max-video-preview":"max-video-preview:-1"},"canonical":"https:\/\/www.internationaled.com\/tr\/admissions\/selection-criteria\/","og_locale":"tr_TR","og_type":"article","og_title":"Se\u00e7me \u00d6l\u00e7\u00fctleri - Coquitlam School District 43","og_description":"Uluslararas\u0131 E\u011fitim Program\u0131\u2019na kabul edilme ve sonras\u0131nda bir okula yerle\u015ftirilme, ba\u015fvuran \u00f6\u011frencinin e\u011fitimsel ve davran\u0131\u015fsal ge\u00e7mi\u015fine, ve transkriptinde ve g\u00f6\u00e7menlik belgelerinde belirtilen akademik ba\u015far\u0131 durumuna g\u00f6re belirlenecektir. \u00d6\u011frencinin, yerle\u015fim, yiyecek, giyim ve ula\u015f\u0131m ihtiya\u00e7lar\u0131n\u0131 sa\u011flayacak ve okulun \u00f6\u011frenci ile ilgili konularda irtibat kuraca\u011f\u0131 sorumluluk sahibi bir yeti\u015fkinin ad\u0131n\u0131 okula vermesi gereklidir. \u00d6\u011frencinin Okuma \u0130zni Bilgileri &hellip; Continue reading Se\u00e7me \u00d6l\u00e7\u00fctleri &rarr;","og_url":"https:\/\/www.internationaled.com\/tr\/admissions\/selection-criteria\/","og_site_name":"Coquitlam School District 43","article_modified_time":"2017-01-25T23:11:17+00:00","og_image":[{"width":1920,"height":400,"url":"https:\/\/www.internationaled.com\/wp-content\/uploads\/2015\/10\/fondo_selection.jpg","type":"image\/jpeg"}],"twitter_card":"summary_large_image","schema":{"@context":"https:\/\/schema.org","@graph":[{"@type":"WebPage","@id":"https:\/\/www.internationaled.com\/tr\/admissions\/selection-criteria\/","url":"https:\/\/www.internationaled.com\/tr\/admissions\/selection-criteria\/","name":"Se\u00e7me \u00d6l\u00e7\u00fctleri - Coquitlam School District 43","isPartOf":{"@id":"https:\/\/www.internationaled.com\/ar\/#website"},"primaryImageOfPage":{"@id":"https:\/\/www.internationaled.com\/tr\/admissions\/selection-criteria\/#primaryimage"},"image":{"@id":"https:\/\/www.internationaled.com\/tr\/admissions\/selection-criteria\/#primaryimage"},"thumbnailUrl":"https:\/\/cdn.internationaled.com\/wp-content\/uploads\/2015\/10\/fondo_selection.jpg","datePublished":"2015-10-27T16:09:47+00:00","dateModified":"2017-01-25T23:11:17+00:00","breadcrumb":{"@id":"https:\/\/www.internationaled.com\/tr\/admissions\/selection-criteria\/#breadcrumb"},"inLanguage":"tr","potentialAction":[{"@type":"ReadAction","target":["https:\/\/www.internationaled.com\/tr\/admissions\/selection-criteria\/"]}]},{"@type":"ImageObject","inLanguage":"tr","@id":"https:\/\/www.internationaled.com\/tr\/admissions\/selection-criteria\/#primaryimage","url":"https:\/\/cdn.internationaled.com\/wp-content\/uploads\/2015\/10\/fondo_selection.jpg","contentUrl":"https:\/\/cdn.internationaled.com\/wp-content\/uploads\/2015\/10\/fondo_selection.jpg","width":1920,"height":400},{"@type":"BreadcrumbList","@id":"https:\/\/www.internationaled.com\/tr\/admissions\/selection-criteria\/#breadcrumb","itemListElement":[{"@type":"ListItem","position":1,"name":"Home","item":"https:\/\/www.internationaled.com\/tr\/"},{"@type":"ListItem","position":2,"name":"\u00d6\u011frenci Kabulleri","item":"https:\/\/www.internationaled.com\/tr\/admissions\/"},{"@type":"ListItem","position":3,"name":"Se\u00e7me \u00d6l\u00e7\u00fctleri"}]},{"@type":"WebSite","@id":"https:\/\/www.internationaled.com\/ar\/#website","url":"https:\/\/www.internationaled.com\/ar\/","name":"Coquitlam School District 43","description":"Learning for a Lifetime","potentialAction":[{"@type":"SearchAction","target":{"@type":"EntryPoint","urlTemplate":"https:\/\/www.internationaled.com\/ar\/?s={search_term_string}"},"query-input":{"@type":"PropertyValueSpecification","valueRequired":true,"valueName":"search_term_string"}}],"inLanguage":"tr"}]}},"_links":{"self":[{"href":"https:\/\/www.internationaled.com\/tr\/wp-json\/wp\/v2\/pages\/2092","targetHints":{"allow":["GET"]}}],"collection":[{"href":"https:\/\/www.internationaled.com\/tr\/wp-json\/wp\/v2\/pages"}],"about":[{"href":"https:\/\/www.internationaled.com\/tr\/wp-json\/wp\/v2\/types\/page"}],"author":[{"embeddable":true,"href":"https:\/\/www.internationaled.com\/tr\/wp-json\/wp\/v2\/users\/14"}],"replies":[{"embeddable":true,"href":"https:\/\/www.internationaled.com\/tr\/wp-json\/wp\/v2\/comments?post=2092"}],"version-history":[{"count":3,"href":"https:\/\/www.internationaled.com\/tr\/wp-json\/wp\/v2\/pages\/2092\/revisions"}],"predecessor-version":[{"id":5065,"href":"https:\/\/www.internationaled.com\/tr\/wp-json\/wp\/v2\/pages\/2092\/revisions\/5065"}],"up":[{"embeddable":true,"href":"https:\/\/www.internationaled.com\/tr\/wp-json\/wp\/v2\/pages\/2088"}],"wp:featuredmedia":[{"embeddable":true,"href":"https:\/\/www.internationaled.com\/tr\/wp-json\/wp\/v2\/media\/330"}],"wp:attachment":[{"href":"https:\/\/www.internationaled.com\/tr\/wp-json\/wp\/v2\/media?parent=2092"}],"curies":[{"name":"wp","href":"https:\/\/api.w.org\/{rel}","templated":true}]}}