{"id":2093,"date":"2015-10-27T16:10:04","date_gmt":"2015-10-27T16:10:04","guid":{"rendered":"http:\/\/internationaled.com\/admissions\/study-permit\/?lang=tr"},"modified":"2016-07-22T09:03:31","modified_gmt":"2016-07-22T09:03:31","slug":"study-permit","status":"publish","type":"page","link":"https:\/\/www.internationaled.com\/tr\/admissions\/study-permit\/","title":{"rendered":"Okuma \u0130zni"},"content":{"rendered":"<p>Her y\u0131l 130,000\u2019i a\u015fk\u0131n \u00f6\u011frenci okumak i\u00e7in Kanada\u2019ya gelmektedir. Yabanc\u0131 \u00f6\u011frenciler zengin k\u00fclt\u00fcrleri, bilgi ve becerileriyle s\u0131n\u0131f ve okullar\u0131m\u0131za renk katmaktad\u0131rlar.<\/p>\n<p>&nbsp;<\/p>\n<p>Kanada\u2019da e\u011fitim ve okullar eyaletlerin sorumlulu\u011fu alt\u0131ndad\u0131r. Alt\u0131 ay veya daha k\u0131sa s\u00fcreli kurs veya programlar i\u00e7in Okuma \u0130zni al\u0131nmas\u0131 gerekmemektedir. Okuma izinleri konusunda ayr\u0131nt\u0131l\u0131 bilgi a\u015fa\u011f\u0131daki linklerden edinilebilir:<\/p>\n<ul>\n<li><a href=\"http:\/\/legacy.internationaled.com\/forms\/1431_001.pdf\" target=\"_blank\">Okuma \u0130zni Yenileme S\u00fcreci<\/a><\/li>\n<li><a href=\"http:\/\/www.cic.gc.ca\/english\/study\/index.asp\" target=\"_blank\">www.cic.gc.ca\/english\/study\/index.asp<\/a><\/li>\n<li><a href=\"http:\/\/www.cic.gc.ca\/english\/information\/applications\/student.asp\" target=\"_blank\">www.cic.gc.ca\/english\/information\/applications\/student.asp<\/a><\/li>\n<\/ul>\n<p>Ba\u015fvuru formu (IMM 1294 \u2013 Kanada d\u0131\u015f\u0131nda ya\u015fayanlar i\u00e7in) a\u015fa\u011f\u0131daki linkten indirilebilir:<\/p>\n<ul>\n<li><a href=\"http:\/\/www.cic.gc.ca\/english\/pdf\/kits\/forms\/IMM1294B.PDF\" target=\"_blank\">www.cic.gc.ca\/english\/pdf\/kits\/forms\/IMM1294B.PDF<\/a><\/li>\n<\/ul>\n<h3>Okuma \u0130zni i\u00e7in Yeniden Ba\u015fvuru S\u00fcreci<\/h3>\n<p>Kanada\u2019da \u00f6\u011frencilik s\u00fcrenizi nas\u0131l uzatabilece\u011finiz konusunda genel bilgi i\u00e7in a\u015fa\u011f\u0131daki web sayfas\u0131n\u0131 ziyaret edebilirsiniz:<\/p>\n<ul>\n<li><a href=\"http:\/\/www.cic.gc.ca\/english\/information\/applications\/extend-student.asp\" target=\"_blank\">www.cic.gc.ca\/english\/information\/applications\/extend-student.asp<\/a><\/li>\n<\/ul>\n<p><b>Bu konuda yapman\u0131z gerekenlerin listesi a\u015fa\u011f\u0131dad\u0131r:<\/b><\/p>\n<p>1. Okuma izninizi uzatmak i\u00e7in \u00f6deme yapt\u0131\u011f\u0131n\u0131z hafta i\u00e7erisinde bir Kanada bankas\u0131ndan hesap \u00f6zeti al\u0131n.<\/p>\n<p>2. Kanada G\u00f6\u00e7menlik \u0130\u015fleri\u2019nden (CIC) yeniden ba\u015fvuru paketi ve Uluslararas\u0131 E\u011fitim ofisinden pembe renkli makbuz formu al\u0131n veya a\u015fa\u011f\u0131daki linkten ba\u015fvuru formunu (IMM 1249 \u2013 Kanada d\u0131\u015f\u0131nda ya\u015fayanlar i\u00e7in) indirin:<\/p>\n<ul>\n<li><a href=\"http:\/\/www.cic.gc.ca\/english\/pdf\/kits\/forms\/IMM1249E.PDF\" target=\"_blank\">www.cic.gc.ca\/english\/pdf\/kits\/forms\/IMM1249E.PDF<\/a><\/li>\n<\/ul>\n<p>3. Pembe renkli makbuz formunu herhangi bir bankaya g\u00f6t\u00fcrerek izinler i\u00e7in gereken ba\u015fvuru \u00fccretini \u00f6deyin (Okuma \u0130zni \u2013 her biri $125, Ziyaret\u00e7i \u0130zni \u2013 her biri $75). Aileniz i\u00e7in \u00f6deyece\u011finiz izin \u00fccretlerinin toplam\u0131n\u0131 alarak her \u00fc\u00e7 kutucu\u011fa birden yaz\u0131n. Esas ba\u015fvuru sahibi ile ilgili bilgileri makbuzun arkas\u0131na yaz\u0131n.<\/p>\n<p>4. Okuma izni i\u00e7in yeniden ba\u015fvuru kontrol listesinde (<a href=\"http:\/\/www.cic.gc.ca\/english\/pdf\/kits\/forms\/IMM5555E.PDF\" target=\"_blank\">IMM 5555<\/a>) belirtilen gerekli t\u00fcm belgeleri bir araya toplad\u0131ktan sonra paketi Vegreville, Alberta\u2019daki Kanada Vatanda\u015fl\u0131k ve G\u00f6\u00e7menlik \u0130\u015fleri\u2019ne posta ile g\u00f6nderin.<\/p>\n<p>5. Yeni okuma izninizi sa\u011fl\u0131k sigortan\u0131z\u0131n uzat\u0131lmas\u0131 i\u015flemleri i\u00e7in Uluslararas\u0131 E\u011fitim Ofisi\u2019ne getirin.<\/p>\n","protected":false},"excerpt":{"rendered":"<p>Her y\u0131l 130,000\u2019i a\u015fk\u0131n \u00f6\u011frenci okumak i\u00e7in Kanada\u2019ya gelmektedir. Yabanc\u0131 \u00f6\u011frenciler zengin k\u00fclt\u00fcrleri, bilgi ve becerileriyle s\u0131n\u0131f ve okullar\u0131m\u0131za renk katmaktad\u0131rlar. &nbsp; Kanada\u2019da e\u011fitim ve okullar eyaletlerin sorumlulu\u011fu alt\u0131ndad\u0131r. Alt\u0131 ay veya daha k\u0131sa s\u00fcreli kurs veya programlar i\u00e7in Okuma \u0130zni al\u0131nmas\u0131 gerekmemektedir. Okuma izinleri konusunda ayr\u0131nt\u0131l\u0131 bilgi a\u015fa\u011f\u0131daki linklerden edinilebilir: Okuma \u0130zni Yenileme S\u00fcreci &hellip; <a href=\"https:\/\/www.internationaled.com\/tr\/admissions\/study-permit\/\" class=\"more-link\">Continue reading <span class=\"screen-reader-text\">Okuma \u0130zni<\/span> <span class=\"meta-nav\">&rarr;<\/span><\/a><\/p>\n","protected":false},"author":14,"featured_media":331,"parent":2088,"menu_order":5,"comment_status":"closed","ping_status":"closed","template":"page-standard.php","meta":{"footnotes":""},"class_list":["post-2093","page","type-page","status-publish","has-post-thumbnail","hentry"],"yoast_head":"<!-- This site is optimized with the Yoast SEO plugin v27.4 - https:\/\/yoast.com\/product\/yoast-seo-wordpress\/ -->\n<title>Okuma \u0130zni - Coquitlam School District 43<\/title>\n<meta name=\"robots\" content=\"index, follow, max-snippet:-1, max-image-preview:large, max-video-preview:-1\" \/>\n<link rel=\"canonical\" href=\"https:\/\/www.internationaled.com\/tr\/admissions\/study-permit\/\" \/>\n<meta property=\"og:locale\" content=\"tr_TR\" \/>\n<meta property=\"og:type\" content=\"article\" \/>\n<meta property=\"og:title\" content=\"Okuma \u0130zni - Coquitlam School District 43\" \/>\n<meta property=\"og:description\" content=\"Her y\u0131l 130,000\u2019i a\u015fk\u0131n \u00f6\u011frenci okumak i\u00e7in Kanada\u2019ya gelmektedir. Yabanc\u0131 \u00f6\u011frenciler zengin k\u00fclt\u00fcrleri, bilgi ve becerileriyle s\u0131n\u0131f ve okullar\u0131m\u0131za renk katmaktad\u0131rlar. &nbsp; Kanada\u2019da e\u011fitim ve okullar eyaletlerin sorumlulu\u011fu alt\u0131ndad\u0131r. Alt\u0131 ay veya daha k\u0131sa s\u00fcreli kurs veya programlar i\u00e7in Okuma \u0130zni al\u0131nmas\u0131 gerekmemektedir. Okuma izinleri konusunda ayr\u0131nt\u0131l\u0131 bilgi a\u015fa\u011f\u0131daki linklerden edinilebilir: Okuma \u0130zni Yenileme S\u00fcreci &hellip; Continue reading Okuma \u0130zni &rarr;\" \/>\n<meta property=\"og:url\" content=\"https:\/\/www.internationaled.com\/tr\/admissions\/study-permit\/\" \/>\n<meta property=\"og:site_name\" content=\"Coquitlam School District 43\" \/>\n<meta property=\"article:modified_time\" content=\"2016-07-22T09:03:31+00:00\" \/>\n<meta property=\"og:image\" content=\"https:\/\/www.internationaled.com\/wp-content\/uploads\/2015\/10\/fondo_permit.jpg\" \/>\n\t<meta property=\"og:image:width\" content=\"1920\" \/>\n\t<meta property=\"og:image:height\" content=\"400\" \/>\n\t<meta property=\"og:image:type\" content=\"image\/jpeg\" \/>\n<meta name=\"twitter:card\" content=\"summary_large_image\" \/>\n<meta name=\"twitter:label1\" content=\"Est. reading time\" \/>\n\t<meta name=\"twitter:data1\" content=\"2 minutes\" \/>\n<script type=\"application\/ld+json\" class=\"yoast-schema-graph\">{\"@context\":\"https:\\\/\\\/schema.org\",\"@graph\":[{\"@type\":\"WebPage\",\"@id\":\"https:\\\/\\\/www.internationaled.com\\\/tr\\\/admissions\\\/study-permit\\\/\",\"url\":\"https:\\\/\\\/www.internationaled.com\\\/tr\\\/admissions\\\/study-permit\\\/\",\"name\":\"Okuma \u0130zni - Coquitlam School District 43\",\"isPartOf\":{\"@id\":\"https:\\\/\\\/www.internationaled.com\\\/ar\\\/#website\"},\"primaryImageOfPage\":{\"@id\":\"https:\\\/\\\/www.internationaled.com\\\/tr\\\/admissions\\\/study-permit\\\/#primaryimage\"},\"image\":{\"@id\":\"https:\\\/\\\/www.internationaled.com\\\/tr\\\/admissions\\\/study-permit\\\/#primaryimage\"},\"thumbnailUrl\":\"https:\\\/\\\/cdn.internationaled.com\\\/wp-content\\\/uploads\\\/2015\\\/10\\\/fondo_permit.jpg\",\"datePublished\":\"2015-10-27T16:10:04+00:00\",\"dateModified\":\"2016-07-22T09:03:31+00:00\",\"breadcrumb\":{\"@id\":\"https:\\\/\\\/www.internationaled.com\\\/tr\\\/admissions\\\/study-permit\\\/#breadcrumb\"},\"inLanguage\":\"tr\",\"potentialAction\":[{\"@type\":\"ReadAction\",\"target\":[\"https:\\\/\\\/www.internationaled.com\\\/tr\\\/admissions\\\/study-permit\\\/\"]}]},{\"@type\":\"ImageObject\",\"inLanguage\":\"tr\",\"@id\":\"https:\\\/\\\/www.internationaled.com\\\/tr\\\/admissions\\\/study-permit\\\/#primaryimage\",\"url\":\"https:\\\/\\\/cdn.internationaled.com\\\/wp-content\\\/uploads\\\/2015\\\/10\\\/fondo_permit.jpg\",\"contentUrl\":\"https:\\\/\\\/cdn.internationaled.com\\\/wp-content\\\/uploads\\\/2015\\\/10\\\/fondo_permit.jpg\",\"width\":1920,\"height\":400},{\"@type\":\"BreadcrumbList\",\"@id\":\"https:\\\/\\\/www.internationaled.com\\\/tr\\\/admissions\\\/study-permit\\\/#breadcrumb\",\"itemListElement\":[{\"@type\":\"ListItem\",\"position\":1,\"name\":\"Home\",\"item\":\"https:\\\/\\\/www.internationaled.com\\\/tr\\\/\"},{\"@type\":\"ListItem\",\"position\":2,\"name\":\"\u00d6\u011frenci Kabulleri\",\"item\":\"https:\\\/\\\/www.internationaled.com\\\/tr\\\/admissions\\\/\"},{\"@type\":\"ListItem\",\"position\":3,\"name\":\"Okuma \u0130zni\"}]},{\"@type\":\"WebSite\",\"@id\":\"https:\\\/\\\/www.internationaled.com\\\/ar\\\/#website\",\"url\":\"https:\\\/\\\/www.internationaled.com\\\/ar\\\/\",\"name\":\"Coquitlam School District 43\",\"description\":\"Learning for a Lifetime\",\"potentialAction\":[{\"@type\":\"SearchAction\",\"target\":{\"@type\":\"EntryPoint\",\"urlTemplate\":\"https:\\\/\\\/www.internationaled.com\\\/ar\\\/?s={search_term_string}\"},\"query-input\":{\"@type\":\"PropertyValueSpecification\",\"valueRequired\":true,\"valueName\":\"search_term_string\"}}],\"inLanguage\":\"tr\"}]}<\/script>\n<!-- \/ Yoast SEO plugin. -->","yoast_head_json":{"title":"Okuma \u0130zni - Coquitlam School District 43","robots":{"index":"index","follow":"follow","max-snippet":"max-snippet:-1","max-image-preview":"max-image-preview:large","max-video-preview":"max-video-preview:-1"},"canonical":"https:\/\/www.internationaled.com\/tr\/admissions\/study-permit\/","og_locale":"tr_TR","og_type":"article","og_title":"Okuma \u0130zni - Coquitlam School District 43","og_description":"Her y\u0131l 130,000\u2019i a\u015fk\u0131n \u00f6\u011frenci okumak i\u00e7in Kanada\u2019ya gelmektedir. Yabanc\u0131 \u00f6\u011frenciler zengin k\u00fclt\u00fcrleri, bilgi ve becerileriyle s\u0131n\u0131f ve okullar\u0131m\u0131za renk katmaktad\u0131rlar. &nbsp; Kanada\u2019da e\u011fitim ve okullar eyaletlerin sorumlulu\u011fu alt\u0131ndad\u0131r. Alt\u0131 ay veya daha k\u0131sa s\u00fcreli kurs veya programlar i\u00e7in Okuma \u0130zni al\u0131nmas\u0131 gerekmemektedir. Okuma izinleri konusunda ayr\u0131nt\u0131l\u0131 bilgi a\u015fa\u011f\u0131daki linklerden edinilebilir: Okuma \u0130zni Yenileme S\u00fcreci &hellip; Continue reading Okuma \u0130zni &rarr;","og_url":"https:\/\/www.internationaled.com\/tr\/admissions\/study-permit\/","og_site_name":"Coquitlam School District 43","article_modified_time":"2016-07-22T09:03:31+00:00","og_image":[{"width":1920,"height":400,"url":"https:\/\/www.internationaled.com\/wp-content\/uploads\/2015\/10\/fondo_permit.jpg","type":"image\/jpeg"}],"twitter_card":"summary_large_image","twitter_misc":{"Est. reading time":"2 minutes"},"schema":{"@context":"https:\/\/schema.org","@graph":[{"@type":"WebPage","@id":"https:\/\/www.internationaled.com\/tr\/admissions\/study-permit\/","url":"https:\/\/www.internationaled.com\/tr\/admissions\/study-permit\/","name":"Okuma \u0130zni - Coquitlam School District 43","isPartOf":{"@id":"https:\/\/www.internationaled.com\/ar\/#website"},"primaryImageOfPage":{"@id":"https:\/\/www.internationaled.com\/tr\/admissions\/study-permit\/#primaryimage"},"image":{"@id":"https:\/\/www.internationaled.com\/tr\/admissions\/study-permit\/#primaryimage"},"thumbnailUrl":"https:\/\/cdn.internationaled.com\/wp-content\/uploads\/2015\/10\/fondo_permit.jpg","datePublished":"2015-10-27T16:10:04+00:00","dateModified":"2016-07-22T09:03:31+00:00","breadcrumb":{"@id":"https:\/\/www.internationaled.com\/tr\/admissions\/study-permit\/#breadcrumb"},"inLanguage":"tr","potentialAction":[{"@type":"ReadAction","target":["https:\/\/www.internationaled.com\/tr\/admissions\/study-permit\/"]}]},{"@type":"ImageObject","inLanguage":"tr","@id":"https:\/\/www.internationaled.com\/tr\/admissions\/study-permit\/#primaryimage","url":"https:\/\/cdn.internationaled.com\/wp-content\/uploads\/2015\/10\/fondo_permit.jpg","contentUrl":"https:\/\/cdn.internationaled.com\/wp-content\/uploads\/2015\/10\/fondo_permit.jpg","width":1920,"height":400},{"@type":"BreadcrumbList","@id":"https:\/\/www.internationaled.com\/tr\/admissions\/study-permit\/#breadcrumb","itemListElement":[{"@type":"ListItem","position":1,"name":"Home","item":"https:\/\/www.internationaled.com\/tr\/"},{"@type":"ListItem","position":2,"name":"\u00d6\u011frenci Kabulleri","item":"https:\/\/www.internationaled.com\/tr\/admissions\/"},{"@type":"ListItem","position":3,"name":"Okuma \u0130zni"}]},{"@type":"WebSite","@id":"https:\/\/www.internationaled.com\/ar\/#website","url":"https:\/\/www.internationaled.com\/ar\/","name":"Coquitlam School District 43","description":"Learning for a Lifetime","potentialAction":[{"@type":"SearchAction","target":{"@type":"EntryPoint","urlTemplate":"https:\/\/www.internationaled.com\/ar\/?s={search_term_string}"},"query-input":{"@type":"PropertyValueSpecification","valueRequired":true,"valueName":"search_term_string"}}],"inLanguage":"tr"}]}},"_links":{"self":[{"href":"https:\/\/www.internationaled.com\/tr\/wp-json\/wp\/v2\/pages\/2093","targetHints":{"allow":["GET"]}}],"collection":[{"href":"https:\/\/www.internationaled.com\/tr\/wp-json\/wp\/v2\/pages"}],"about":[{"href":"https:\/\/www.internationaled.com\/tr\/wp-json\/wp\/v2\/types\/page"}],"author":[{"embeddable":true,"href":"https:\/\/www.internationaled.com\/tr\/wp-json\/wp\/v2\/users\/14"}],"replies":[{"embeddable":true,"href":"https:\/\/www.internationaled.com\/tr\/wp-json\/wp\/v2\/comments?post=2093"}],"version-history":[{"count":1,"href":"https:\/\/www.internationaled.com\/tr\/wp-json\/wp\/v2\/pages\/2093\/revisions"}],"predecessor-version":[{"id":2282,"href":"https:\/\/www.internationaled.com\/tr\/wp-json\/wp\/v2\/pages\/2093\/revisions\/2282"}],"up":[{"embeddable":true,"href":"https:\/\/www.internationaled.com\/tr\/wp-json\/wp\/v2\/pages\/2088"}],"wp:featuredmedia":[{"embeddable":true,"href":"https:\/\/www.internationaled.com\/tr\/wp-json\/wp\/v2\/media\/331"}],"wp:attachment":[{"href":"https:\/\/www.internationaled.com\/tr\/wp-json\/wp\/v2\/media?parent=2093"}],"curies":[{"name":"wp","href":"https:\/\/api.w.org\/{rel}","templated":true}]}}