{"id":2095,"date":"2015-10-27T16:10:42","date_gmt":"2015-10-27T16:10:42","guid":{"rendered":"http:\/\/internationaled.com\/admissions\/homestay\/?lang=tr"},"modified":"2016-07-22T09:16:21","modified_gmt":"2016-07-22T09:16:21","slug":"homestay","status":"publish","type":"page","link":"https:\/\/www.internationaled.com\/tr\/homestay\/","title":{"rendered":"Aile Yan\u0131 Konaklama"},"content":{"rendered":"<p>Coquitlam Okul B\u00f6lgesi\u2019nde aile yan\u0131 konaklama sadece yiyecek ve bar\u0131nma ihtiya\u00e7lar\u0131n\u0131n giderilmesinden ibaret olmay\u0131p \u00f6\u011frencilere, aile hayat\u0131na t\u00fcm y\u00f6nleriyle kat\u0131labilme imk\u00e2n\u0131 sunmaktad\u0131r. \u00d6\u011frencilerimizin, buradaki evlerinin ger\u00e7ekten de kendi evlerini aratmayacak bir ortam oldu\u011funu d\u00fc\u015f\u00fcnd\u00fckleri inanc\u0131nday\u0131z. Aile yan\u0131 konaklamada \u00f6\u011frencilere kendilerine ait yatak odas\u0131 verilir ve yeme i\u00e7me ihtiya\u00e7lar\u0131 kar\u015f\u0131lan\u0131r. (Not: \u0130lkokul\u00a0 \u00f6\u011frencilerinin uzun s\u00fcreli programlar s\u0131ras\u0131nda ebeveynleriyle oturmalar\u0131 gerekmektedir.)<\/p>\n<p>Tri-Cities b\u00f6lgesinde, 43 numaral\u0131 okul b\u00f6lgesinde okula devam etti\u011finiz s\u00fcre i\u00e7inde size ailelerinin bir ferdi gibi kucak a\u00e7acak pek \u00e7ok aile bulunmaktad\u0131r. Yerle\u015ftirilme i\u00e7in birka\u00e7 aile yan\u0131 acentas\u0131ndan birini se\u00e7ebilirsiniz. Aile yan\u0131 konaklama oda ve yemekleri i\u00e7ermektedir. Buna ek olarak okula getirip g\u00f6t\u00fcrme hizmetini de talep edebilirsiniz.<\/p>\n","protected":false},"excerpt":{"rendered":"<p>Coquitlam Okul B\u00f6lgesi\u2019nde aile yan\u0131 konaklama sadece yiyecek ve bar\u0131nma ihtiya\u00e7lar\u0131n\u0131n giderilmesinden ibaret olmay\u0131p \u00f6\u011frencilere, aile hayat\u0131na t\u00fcm y\u00f6nleriyle kat\u0131labilme imk\u00e2n\u0131 sunmaktad\u0131r. \u00d6\u011frencilerimizin, buradaki evlerinin ger\u00e7ekten de kendi evlerini aratmayacak bir ortam oldu\u011funu d\u00fc\u015f\u00fcnd\u00fckleri inanc\u0131nday\u0131z. Aile yan\u0131 konaklamada \u00f6\u011frencilere kendilerine ait yatak odas\u0131 verilir ve yeme i\u00e7me ihtiya\u00e7lar\u0131 kar\u015f\u0131lan\u0131r. (Not: \u0130lkokul\u00a0 \u00f6\u011frencilerinin uzun s\u00fcreli programlar &hellip; <a href=\"https:\/\/www.internationaled.com\/tr\/homestay\/\" class=\"more-link\">Continue reading <span class=\"screen-reader-text\">Aile Yan\u0131 Konaklama<\/span> <span class=\"meta-nav\">&rarr;<\/span><\/a><\/p>\n","protected":false},"author":14,"featured_media":333,"parent":0,"menu_order":7,"comment_status":"closed","ping_status":"closed","template":"page-standard.php","meta":{"footnotes":""},"class_list":["post-2095","page","type-page","status-publish","has-post-thumbnail","hentry"],"yoast_head":"<!-- This site is optimized with the Yoast SEO plugin v27.4 - https:\/\/yoast.com\/product\/yoast-seo-wordpress\/ -->\n<title>Aile Yan\u0131 Konaklama - Coquitlam School District 43<\/title>\n<meta name=\"robots\" content=\"index, follow, max-snippet:-1, max-image-preview:large, max-video-preview:-1\" \/>\n<link rel=\"canonical\" href=\"https:\/\/www.internationaled.com\/tr\/admissions\/homestay\/\" \/>\n<meta property=\"og:locale\" content=\"tr_TR\" \/>\n<meta property=\"og:type\" content=\"article\" \/>\n<meta property=\"og:title\" content=\"Aile Yan\u0131 Konaklama - Coquitlam School District 43\" \/>\n<meta property=\"og:description\" content=\"Coquitlam Okul B\u00f6lgesi\u2019nde aile yan\u0131 konaklama sadece yiyecek ve bar\u0131nma ihtiya\u00e7lar\u0131n\u0131n giderilmesinden ibaret olmay\u0131p \u00f6\u011frencilere, aile hayat\u0131na t\u00fcm y\u00f6nleriyle kat\u0131labilme imk\u00e2n\u0131 sunmaktad\u0131r. \u00d6\u011frencilerimizin, buradaki evlerinin ger\u00e7ekten de kendi evlerini aratmayacak bir ortam oldu\u011funu d\u00fc\u015f\u00fcnd\u00fckleri inanc\u0131nday\u0131z. Aile yan\u0131 konaklamada \u00f6\u011frencilere kendilerine ait yatak odas\u0131 verilir ve yeme i\u00e7me ihtiya\u00e7lar\u0131 kar\u015f\u0131lan\u0131r. (Not: \u0130lkokul\u00a0 \u00f6\u011frencilerinin uzun s\u00fcreli programlar &hellip; Continue reading Aile Yan\u0131 Konaklama &rarr;\" \/>\n<meta property=\"og:url\" content=\"https:\/\/www.internationaled.com\/tr\/admissions\/homestay\/\" \/>\n<meta property=\"og:site_name\" content=\"Coquitlam School District 43\" \/>\n<meta property=\"article:modified_time\" content=\"2016-07-22T09:16:21+00:00\" \/>\n<meta property=\"og:image\" content=\"https:\/\/www.internationaled.com\/wp-content\/uploads\/2015\/10\/fondo_homestay.jpg\" \/>\n\t<meta property=\"og:image:width\" content=\"1920\" \/>\n\t<meta property=\"og:image:height\" content=\"400\" \/>\n\t<meta property=\"og:image:type\" content=\"image\/jpeg\" \/>\n<meta name=\"twitter:card\" content=\"summary_large_image\" \/>\n<meta name=\"twitter:label1\" content=\"Est. reading time\" \/>\n\t<meta name=\"twitter:data1\" content=\"1 minute\" \/>\n<script type=\"application\/ld+json\" class=\"yoast-schema-graph\">{\"@context\":\"https:\\\/\\\/schema.org\",\"@graph\":[{\"@type\":\"WebPage\",\"@id\":\"https:\\\/\\\/www.internationaled.com\\\/tr\\\/admissions\\\/homestay\\\/\",\"url\":\"https:\\\/\\\/www.internationaled.com\\\/tr\\\/admissions\\\/homestay\\\/\",\"name\":\"Aile Yan\u0131 Konaklama - Coquitlam School District 43\",\"isPartOf\":{\"@id\":\"https:\\\/\\\/www.internationaled.com\\\/ar\\\/#website\"},\"primaryImageOfPage\":{\"@id\":\"https:\\\/\\\/www.internationaled.com\\\/tr\\\/admissions\\\/homestay\\\/#primaryimage\"},\"image\":{\"@id\":\"https:\\\/\\\/www.internationaled.com\\\/tr\\\/admissions\\\/homestay\\\/#primaryimage\"},\"thumbnailUrl\":\"https:\\\/\\\/cdn.internationaled.com\\\/wp-content\\\/uploads\\\/2015\\\/10\\\/fondo_homestay.jpg\",\"datePublished\":\"2015-10-27T16:10:42+00:00\",\"dateModified\":\"2016-07-22T09:16:21+00:00\",\"breadcrumb\":{\"@id\":\"https:\\\/\\\/www.internationaled.com\\\/tr\\\/admissions\\\/homestay\\\/#breadcrumb\"},\"inLanguage\":\"tr\",\"potentialAction\":[{\"@type\":\"ReadAction\",\"target\":[\"https:\\\/\\\/www.internationaled.com\\\/tr\\\/admissions\\\/homestay\\\/\"]}]},{\"@type\":\"ImageObject\",\"inLanguage\":\"tr\",\"@id\":\"https:\\\/\\\/www.internationaled.com\\\/tr\\\/admissions\\\/homestay\\\/#primaryimage\",\"url\":\"https:\\\/\\\/cdn.internationaled.com\\\/wp-content\\\/uploads\\\/2015\\\/10\\\/fondo_homestay.jpg\",\"contentUrl\":\"https:\\\/\\\/cdn.internationaled.com\\\/wp-content\\\/uploads\\\/2015\\\/10\\\/fondo_homestay.jpg\",\"width\":1920,\"height\":400},{\"@type\":\"BreadcrumbList\",\"@id\":\"https:\\\/\\\/www.internationaled.com\\\/tr\\\/admissions\\\/homestay\\\/#breadcrumb\",\"itemListElement\":[{\"@type\":\"ListItem\",\"position\":1,\"name\":\"Home\",\"item\":\"https:\\\/\\\/www.internationaled.com\\\/tr\\\/\"},{\"@type\":\"ListItem\",\"position\":2,\"name\":\"\u00d6\u011frenci Kabulleri\",\"item\":\"https:\\\/\\\/www.internationaled.com\\\/tr\\\/admissions\\\/\"},{\"@type\":\"ListItem\",\"position\":3,\"name\":\"Aile Yan\u0131 Konaklama\"}]},{\"@type\":\"WebSite\",\"@id\":\"https:\\\/\\\/www.internationaled.com\\\/ar\\\/#website\",\"url\":\"https:\\\/\\\/www.internationaled.com\\\/ar\\\/\",\"name\":\"Coquitlam School District 43\",\"description\":\"Learning for a Lifetime\",\"potentialAction\":[{\"@type\":\"SearchAction\",\"target\":{\"@type\":\"EntryPoint\",\"urlTemplate\":\"https:\\\/\\\/www.internationaled.com\\\/ar\\\/?s={search_term_string}\"},\"query-input\":{\"@type\":\"PropertyValueSpecification\",\"valueRequired\":true,\"valueName\":\"search_term_string\"}}],\"inLanguage\":\"tr\"}]}<\/script>\n<!-- \/ Yoast SEO plugin. -->","yoast_head_json":{"title":"Aile Yan\u0131 Konaklama - Coquitlam School District 43","robots":{"index":"index","follow":"follow","max-snippet":"max-snippet:-1","max-image-preview":"max-image-preview:large","max-video-preview":"max-video-preview:-1"},"canonical":"https:\/\/www.internationaled.com\/tr\/admissions\/homestay\/","og_locale":"tr_TR","og_type":"article","og_title":"Aile Yan\u0131 Konaklama - Coquitlam School District 43","og_description":"Coquitlam Okul B\u00f6lgesi\u2019nde aile yan\u0131 konaklama sadece yiyecek ve bar\u0131nma ihtiya\u00e7lar\u0131n\u0131n giderilmesinden ibaret olmay\u0131p \u00f6\u011frencilere, aile hayat\u0131na t\u00fcm y\u00f6nleriyle kat\u0131labilme imk\u00e2n\u0131 sunmaktad\u0131r. \u00d6\u011frencilerimizin, buradaki evlerinin ger\u00e7ekten de kendi evlerini aratmayacak bir ortam oldu\u011funu d\u00fc\u015f\u00fcnd\u00fckleri inanc\u0131nday\u0131z. Aile yan\u0131 konaklamada \u00f6\u011frencilere kendilerine ait yatak odas\u0131 verilir ve yeme i\u00e7me ihtiya\u00e7lar\u0131 kar\u015f\u0131lan\u0131r. (Not: \u0130lkokul\u00a0 \u00f6\u011frencilerinin uzun s\u00fcreli programlar &hellip; Continue reading Aile Yan\u0131 Konaklama &rarr;","og_url":"https:\/\/www.internationaled.com\/tr\/admissions\/homestay\/","og_site_name":"Coquitlam School District 43","article_modified_time":"2016-07-22T09:16:21+00:00","og_image":[{"width":1920,"height":400,"url":"https:\/\/www.internationaled.com\/wp-content\/uploads\/2015\/10\/fondo_homestay.jpg","type":"image\/jpeg"}],"twitter_card":"summary_large_image","twitter_misc":{"Est. reading time":"1 minute"},"schema":{"@context":"https:\/\/schema.org","@graph":[{"@type":"WebPage","@id":"https:\/\/www.internationaled.com\/tr\/admissions\/homestay\/","url":"https:\/\/www.internationaled.com\/tr\/admissions\/homestay\/","name":"Aile Yan\u0131 Konaklama - Coquitlam School District 43","isPartOf":{"@id":"https:\/\/www.internationaled.com\/ar\/#website"},"primaryImageOfPage":{"@id":"https:\/\/www.internationaled.com\/tr\/admissions\/homestay\/#primaryimage"},"image":{"@id":"https:\/\/www.internationaled.com\/tr\/admissions\/homestay\/#primaryimage"},"thumbnailUrl":"https:\/\/cdn.internationaled.com\/wp-content\/uploads\/2015\/10\/fondo_homestay.jpg","datePublished":"2015-10-27T16:10:42+00:00","dateModified":"2016-07-22T09:16:21+00:00","breadcrumb":{"@id":"https:\/\/www.internationaled.com\/tr\/admissions\/homestay\/#breadcrumb"},"inLanguage":"tr","potentialAction":[{"@type":"ReadAction","target":["https:\/\/www.internationaled.com\/tr\/admissions\/homestay\/"]}]},{"@type":"ImageObject","inLanguage":"tr","@id":"https:\/\/www.internationaled.com\/tr\/admissions\/homestay\/#primaryimage","url":"https:\/\/cdn.internationaled.com\/wp-content\/uploads\/2015\/10\/fondo_homestay.jpg","contentUrl":"https:\/\/cdn.internationaled.com\/wp-content\/uploads\/2015\/10\/fondo_homestay.jpg","width":1920,"height":400},{"@type":"BreadcrumbList","@id":"https:\/\/www.internationaled.com\/tr\/admissions\/homestay\/#breadcrumb","itemListElement":[{"@type":"ListItem","position":1,"name":"Home","item":"https:\/\/www.internationaled.com\/tr\/"},{"@type":"ListItem","position":2,"name":"\u00d6\u011frenci Kabulleri","item":"https:\/\/www.internationaled.com\/tr\/admissions\/"},{"@type":"ListItem","position":3,"name":"Aile Yan\u0131 Konaklama"}]},{"@type":"WebSite","@id":"https:\/\/www.internationaled.com\/ar\/#website","url":"https:\/\/www.internationaled.com\/ar\/","name":"Coquitlam School District 43","description":"Learning for a Lifetime","potentialAction":[{"@type":"SearchAction","target":{"@type":"EntryPoint","urlTemplate":"https:\/\/www.internationaled.com\/ar\/?s={search_term_string}"},"query-input":{"@type":"PropertyValueSpecification","valueRequired":true,"valueName":"search_term_string"}}],"inLanguage":"tr"}]}},"_links":{"self":[{"href":"https:\/\/www.internationaled.com\/tr\/wp-json\/wp\/v2\/pages\/2095","targetHints":{"allow":["GET"]}}],"collection":[{"href":"https:\/\/www.internationaled.com\/tr\/wp-json\/wp\/v2\/pages"}],"about":[{"href":"https:\/\/www.internationaled.com\/tr\/wp-json\/wp\/v2\/types\/page"}],"author":[{"embeddable":true,"href":"https:\/\/www.internationaled.com\/tr\/wp-json\/wp\/v2\/users\/14"}],"replies":[{"embeddable":true,"href":"https:\/\/www.internationaled.com\/tr\/wp-json\/wp\/v2\/comments?post=2095"}],"version-history":[{"count":1,"href":"https:\/\/www.internationaled.com\/tr\/wp-json\/wp\/v2\/pages\/2095\/revisions"}],"predecessor-version":[{"id":2284,"href":"https:\/\/www.internationaled.com\/tr\/wp-json\/wp\/v2\/pages\/2095\/revisions\/2284"}],"wp:featuredmedia":[{"embeddable":true,"href":"https:\/\/www.internationaled.com\/tr\/wp-json\/wp\/v2\/media\/333"}],"wp:attachment":[{"href":"https:\/\/www.internationaled.com\/tr\/wp-json\/wp\/v2\/media?parent=2095"}],"curies":[{"name":"wp","href":"https:\/\/api.w.org\/{rel}","templated":true}]}}