{"id":2096,"date":"2015-10-29T08:38:06","date_gmt":"2015-10-29T08:38:06","guid":{"rendered":"http:\/\/internationaled.com\/admissions\/forms\/?lang=tr"},"modified":"2020-09-17T22:22:59","modified_gmt":"2020-09-17T22:22:59","slug":"forms","status":"publish","type":"page","link":"https:\/\/www.internationaled.com\/tr\/admissions\/forms\/","title":{"rendered":"Formlar"},"content":{"rendered":"<h3 class=\"blue\">Uluslararas\u0131 E\u011fitim Programlar\u0131 i\u00e7in G\u00fcncel Formlar<\/h3>\n<p>A\u015fa\u011f\u0131daki formlar\u0131 size kolayl\u0131k olmas\u0131 i\u00e7in indirebilirsiniz. Programlar\u0131m\u0131z ve uygulama s\u00fcreci hakk\u0131nda sorunuz varsa, l\u00fctfen Uluslararas\u0131 E\u011fitim Ofisi\u2019nden bizi aray\u0131n.<\/p>\n<p><a href=\"http:\/\/www.internationaled.com\/wp-content\/uploads\/2017\/01\/Application-English-Master_2019_2020-Custodian-change-Fillable.pdf\" target=\"blank\" rel=\"noopener noreferrer\">Registration Form 2019 \u2013 20<\/a><\/p>\n<p><a href=\"http:\/\/www.internationaled.com\/wp-content\/uploads\/2018\/01\/SD43.student.handbook.-Sept.-2020.pdf\">International Student Handbook<\/a><\/p>\n<p><a href=\"http:\/\/www.internationaled.com\/wp-content\/uploads\/2015\/10\/StudyPermitRenewal.pdf\" target=\"blank\" rel=\"noopener noreferrer\">International Student Study Permit Renewal Guide and Form<\/a><\/p>\n<p><a href=\"http:\/\/www.internationaled.com\/wp-content\/uploads\/2015\/10\/CUSTODIANSHIP-DECLARATIONS.pdf\" target=\"blank\" rel=\"noopener noreferrer\">Notarized Acceptance of Custodianship Responsibilities<\/a><\/p>\n<p><a href=\"http:\/\/www.internationaled.com\/wp-content\/uploads\/2016\/12\/Summer-School-Registration-2020.pdf\">Summer School Registration Form<\/a><\/p>\n<p><a href=\"http:\/\/www.internationaled.com\/wp-content\/uploads\/2017\/01\/Credit-Course-Application-Summer-2018-1.pdf\">Summer High School Credit Courses Application Form<\/a><\/p>\n<p><a href=\"http:\/\/www.internationaled.com\/wp-content\/uploads\/2018\/02\/Program-Fee-Schedule-LT-2019_2020-Custodian-change.pdf\">Program Fee 2019-20<\/a><\/p>\n<p><a href=\"http:\/\/www.internationaled.com\/wp-content\/uploads\/2015\/10\/Credit-Card-Payment-Form.pdf\" target=\"blank\" rel=\"noopener noreferrer\">Credit Card Payment<\/a><\/p>\n","protected":false},"excerpt":{"rendered":"<p>Uluslararas\u0131 E\u011fitim Programlar\u0131 i\u00e7in G\u00fcncel Formlar A\u015fa\u011f\u0131daki formlar\u0131 size kolayl\u0131k olmas\u0131 i\u00e7in indirebilirsiniz. Programlar\u0131m\u0131z ve uygulama s\u00fcreci hakk\u0131nda sorunuz varsa, l\u00fctfen Uluslararas\u0131 E\u011fitim Ofisi\u2019nden bizi aray\u0131n. Registration Form 2019 \u2013 20 International Student Handbook International Student Study Permit Renewal Guide and Form Notarized Acceptance of Custodianship Responsibilities Summer School Registration Form Summer High School Credit &hellip; <a href=\"https:\/\/www.internationaled.com\/tr\/admissions\/forms\/\" class=\"more-link\">Continue reading <span class=\"screen-reader-text\">Formlar<\/span> <span class=\"meta-nav\">&rarr;<\/span><\/a><\/p>\n","protected":false},"author":14,"featured_media":326,"parent":2088,"menu_order":8,"comment_status":"closed","ping_status":"closed","template":"page-standard.php","meta":{"footnotes":""},"class_list":["post-2096","page","type-page","status-publish","has-post-thumbnail","hentry"],"yoast_head":"<!-- This site is optimized with the Yoast SEO plugin v27.4 - https:\/\/yoast.com\/product\/yoast-seo-wordpress\/ -->\n<title>Formlar - Coquitlam School District 43<\/title>\n<meta name=\"robots\" content=\"index, follow, max-snippet:-1, max-image-preview:large, max-video-preview:-1\" \/>\n<link rel=\"canonical\" href=\"https:\/\/www.internationaled.com\/tr\/admissions\/forms\/\" \/>\n<meta property=\"og:locale\" content=\"tr_TR\" \/>\n<meta property=\"og:type\" content=\"article\" \/>\n<meta property=\"og:title\" content=\"Formlar - Coquitlam School District 43\" \/>\n<meta property=\"og:description\" content=\"Uluslararas\u0131 E\u011fitim Programlar\u0131 i\u00e7in G\u00fcncel Formlar A\u015fa\u011f\u0131daki formlar\u0131 size kolayl\u0131k olmas\u0131 i\u00e7in indirebilirsiniz. Programlar\u0131m\u0131z ve uygulama s\u00fcreci hakk\u0131nda sorunuz varsa, l\u00fctfen Uluslararas\u0131 E\u011fitim Ofisi\u2019nden bizi aray\u0131n. Registration Form 2019 \u2013 20 International Student Handbook International Student Study Permit Renewal Guide and Form Notarized Acceptance of Custodianship Responsibilities Summer School Registration Form Summer High School Credit &hellip; Continue reading Formlar &rarr;\" \/>\n<meta property=\"og:url\" content=\"https:\/\/www.internationaled.com\/tr\/admissions\/forms\/\" \/>\n<meta property=\"og:site_name\" content=\"Coquitlam School District 43\" \/>\n<meta property=\"article:modified_time\" content=\"2020-09-17T22:22:59+00:00\" \/>\n<meta property=\"og:image\" content=\"https:\/\/www.internationaled.com\/wp-content\/uploads\/2015\/10\/fondo_forms.jpg\" \/>\n\t<meta property=\"og:image:width\" content=\"1920\" \/>\n\t<meta property=\"og:image:height\" content=\"400\" \/>\n\t<meta property=\"og:image:type\" content=\"image\/jpeg\" \/>\n<meta name=\"twitter:card\" content=\"summary_large_image\" \/>\n<script type=\"application\/ld+json\" class=\"yoast-schema-graph\">{\"@context\":\"https:\\\/\\\/schema.org\",\"@graph\":[{\"@type\":\"WebPage\",\"@id\":\"https:\\\/\\\/www.internationaled.com\\\/tr\\\/admissions\\\/forms\\\/\",\"url\":\"https:\\\/\\\/www.internationaled.com\\\/tr\\\/admissions\\\/forms\\\/\",\"name\":\"Formlar - Coquitlam School District 43\",\"isPartOf\":{\"@id\":\"https:\\\/\\\/www.internationaled.com\\\/ar\\\/#website\"},\"primaryImageOfPage\":{\"@id\":\"https:\\\/\\\/www.internationaled.com\\\/tr\\\/admissions\\\/forms\\\/#primaryimage\"},\"image\":{\"@id\":\"https:\\\/\\\/www.internationaled.com\\\/tr\\\/admissions\\\/forms\\\/#primaryimage\"},\"thumbnailUrl\":\"https:\\\/\\\/cdn.internationaled.com\\\/wp-content\\\/uploads\\\/2015\\\/10\\\/fondo_forms.jpg\",\"datePublished\":\"2015-10-29T08:38:06+00:00\",\"dateModified\":\"2020-09-17T22:22:59+00:00\",\"breadcrumb\":{\"@id\":\"https:\\\/\\\/www.internationaled.com\\\/tr\\\/admissions\\\/forms\\\/#breadcrumb\"},\"inLanguage\":\"tr\",\"potentialAction\":[{\"@type\":\"ReadAction\",\"target\":[\"https:\\\/\\\/www.internationaled.com\\\/tr\\\/admissions\\\/forms\\\/\"]}]},{\"@type\":\"ImageObject\",\"inLanguage\":\"tr\",\"@id\":\"https:\\\/\\\/www.internationaled.com\\\/tr\\\/admissions\\\/forms\\\/#primaryimage\",\"url\":\"https:\\\/\\\/cdn.internationaled.com\\\/wp-content\\\/uploads\\\/2015\\\/10\\\/fondo_forms.jpg\",\"contentUrl\":\"https:\\\/\\\/cdn.internationaled.com\\\/wp-content\\\/uploads\\\/2015\\\/10\\\/fondo_forms.jpg\",\"width\":1920,\"height\":400},{\"@type\":\"BreadcrumbList\",\"@id\":\"https:\\\/\\\/www.internationaled.com\\\/tr\\\/admissions\\\/forms\\\/#breadcrumb\",\"itemListElement\":[{\"@type\":\"ListItem\",\"position\":1,\"name\":\"Home\",\"item\":\"https:\\\/\\\/www.internationaled.com\\\/tr\\\/\"},{\"@type\":\"ListItem\",\"position\":2,\"name\":\"\u00d6\u011frenci Kabulleri\",\"item\":\"https:\\\/\\\/www.internationaled.com\\\/tr\\\/admissions\\\/\"},{\"@type\":\"ListItem\",\"position\":3,\"name\":\"Formlar\"}]},{\"@type\":\"WebSite\",\"@id\":\"https:\\\/\\\/www.internationaled.com\\\/ar\\\/#website\",\"url\":\"https:\\\/\\\/www.internationaled.com\\\/ar\\\/\",\"name\":\"Coquitlam School District 43\",\"description\":\"Learning for a Lifetime\",\"potentialAction\":[{\"@type\":\"SearchAction\",\"target\":{\"@type\":\"EntryPoint\",\"urlTemplate\":\"https:\\\/\\\/www.internationaled.com\\\/ar\\\/?s={search_term_string}\"},\"query-input\":{\"@type\":\"PropertyValueSpecification\",\"valueRequired\":true,\"valueName\":\"search_term_string\"}}],\"inLanguage\":\"tr\"}]}<\/script>\n<!-- \/ Yoast SEO plugin. -->","yoast_head_json":{"title":"Formlar - Coquitlam School District 43","robots":{"index":"index","follow":"follow","max-snippet":"max-snippet:-1","max-image-preview":"max-image-preview:large","max-video-preview":"max-video-preview:-1"},"canonical":"https:\/\/www.internationaled.com\/tr\/admissions\/forms\/","og_locale":"tr_TR","og_type":"article","og_title":"Formlar - Coquitlam School District 43","og_description":"Uluslararas\u0131 E\u011fitim Programlar\u0131 i\u00e7in G\u00fcncel Formlar A\u015fa\u011f\u0131daki formlar\u0131 size kolayl\u0131k olmas\u0131 i\u00e7in indirebilirsiniz. Programlar\u0131m\u0131z ve uygulama s\u00fcreci hakk\u0131nda sorunuz varsa, l\u00fctfen Uluslararas\u0131 E\u011fitim Ofisi\u2019nden bizi aray\u0131n. Registration Form 2019 \u2013 20 International Student Handbook International Student Study Permit Renewal Guide and Form Notarized Acceptance of Custodianship Responsibilities Summer School Registration Form Summer High School Credit &hellip; Continue reading Formlar &rarr;","og_url":"https:\/\/www.internationaled.com\/tr\/admissions\/forms\/","og_site_name":"Coquitlam School District 43","article_modified_time":"2020-09-17T22:22:59+00:00","og_image":[{"width":1920,"height":400,"url":"https:\/\/www.internationaled.com\/wp-content\/uploads\/2015\/10\/fondo_forms.jpg","type":"image\/jpeg"}],"twitter_card":"summary_large_image","schema":{"@context":"https:\/\/schema.org","@graph":[{"@type":"WebPage","@id":"https:\/\/www.internationaled.com\/tr\/admissions\/forms\/","url":"https:\/\/www.internationaled.com\/tr\/admissions\/forms\/","name":"Formlar - Coquitlam School District 43","isPartOf":{"@id":"https:\/\/www.internationaled.com\/ar\/#website"},"primaryImageOfPage":{"@id":"https:\/\/www.internationaled.com\/tr\/admissions\/forms\/#primaryimage"},"image":{"@id":"https:\/\/www.internationaled.com\/tr\/admissions\/forms\/#primaryimage"},"thumbnailUrl":"https:\/\/cdn.internationaled.com\/wp-content\/uploads\/2015\/10\/fondo_forms.jpg","datePublished":"2015-10-29T08:38:06+00:00","dateModified":"2020-09-17T22:22:59+00:00","breadcrumb":{"@id":"https:\/\/www.internationaled.com\/tr\/admissions\/forms\/#breadcrumb"},"inLanguage":"tr","potentialAction":[{"@type":"ReadAction","target":["https:\/\/www.internationaled.com\/tr\/admissions\/forms\/"]}]},{"@type":"ImageObject","inLanguage":"tr","@id":"https:\/\/www.internationaled.com\/tr\/admissions\/forms\/#primaryimage","url":"https:\/\/cdn.internationaled.com\/wp-content\/uploads\/2015\/10\/fondo_forms.jpg","contentUrl":"https:\/\/cdn.internationaled.com\/wp-content\/uploads\/2015\/10\/fondo_forms.jpg","width":1920,"height":400},{"@type":"BreadcrumbList","@id":"https:\/\/www.internationaled.com\/tr\/admissions\/forms\/#breadcrumb","itemListElement":[{"@type":"ListItem","position":1,"name":"Home","item":"https:\/\/www.internationaled.com\/tr\/"},{"@type":"ListItem","position":2,"name":"\u00d6\u011frenci Kabulleri","item":"https:\/\/www.internationaled.com\/tr\/admissions\/"},{"@type":"ListItem","position":3,"name":"Formlar"}]},{"@type":"WebSite","@id":"https:\/\/www.internationaled.com\/ar\/#website","url":"https:\/\/www.internationaled.com\/ar\/","name":"Coquitlam School District 43","description":"Learning for a Lifetime","potentialAction":[{"@type":"SearchAction","target":{"@type":"EntryPoint","urlTemplate":"https:\/\/www.internationaled.com\/ar\/?s={search_term_string}"},"query-input":{"@type":"PropertyValueSpecification","valueRequired":true,"valueName":"search_term_string"}}],"inLanguage":"tr"}]}},"_links":{"self":[{"href":"https:\/\/www.internationaled.com\/tr\/wp-json\/wp\/v2\/pages\/2096","targetHints":{"allow":["GET"]}}],"collection":[{"href":"https:\/\/www.internationaled.com\/tr\/wp-json\/wp\/v2\/pages"}],"about":[{"href":"https:\/\/www.internationaled.com\/tr\/wp-json\/wp\/v2\/types\/page"}],"author":[{"embeddable":true,"href":"https:\/\/www.internationaled.com\/tr\/wp-json\/wp\/v2\/users\/14"}],"replies":[{"embeddable":true,"href":"https:\/\/www.internationaled.com\/tr\/wp-json\/wp\/v2\/comments?post=2096"}],"version-history":[{"count":11,"href":"https:\/\/www.internationaled.com\/tr\/wp-json\/wp\/v2\/pages\/2096\/revisions"}],"predecessor-version":[{"id":6028,"href":"https:\/\/www.internationaled.com\/tr\/wp-json\/wp\/v2\/pages\/2096\/revisions\/6028"}],"up":[{"embeddable":true,"href":"https:\/\/www.internationaled.com\/tr\/wp-json\/wp\/v2\/pages\/2088"}],"wp:featuredmedia":[{"embeddable":true,"href":"https:\/\/www.internationaled.com\/tr\/wp-json\/wp\/v2\/media\/326"}],"wp:attachment":[{"href":"https:\/\/www.internationaled.com\/tr\/wp-json\/wp\/v2\/media?parent=2096"}],"curies":[{"name":"wp","href":"https:\/\/api.w.org\/{rel}","templated":true}]}}