{"id":2099,"date":"2015-10-27T16:21:17","date_gmt":"2015-10-27T16:21:17","guid":{"rendered":"http:\/\/internationaled.com\/programs\/group-winter-short-term-programs\/?lang=tr"},"modified":"2016-07-22T09:38:20","modified_gmt":"2016-07-22T09:38:20","slug":"group-winter-short-term-programs","status":"publish","type":"page","link":"https:\/\/www.internationaled.com\/tr\/programs\/group-winter-short-term-programs\/","title":{"rendered":"Group K\u0131sa Programlar\u0131"},"content":{"rendered":"<h3 class=\"blue\">GRUPLAR<\/h3>\n<p>Uygulamal\u0131 ESL (\u0130kinci Dil Olarak \u0130ngilizce) ve K\u00fclt\u00fcr Program\u0131 grup etkinliklerine kat\u0131larak ve British Columbia\u2019n\u0131n Alt Anakara b\u00f6lgesinde g\u00fczel a\u00e7\u0131k alanlar\u0131 ke\u015ffederek Kanada k\u00fclt\u00fcr\u00fcn\u00fc ya\u015famak ve \u0130ngilizce Dil becerilerini uygulamak i\u00e7in bir f\u0131rsatt\u0131r. Uygulamal\u0131 ESL \u0130kinci Dil Olarak \u0130ngilizce) ve K\u00fclt\u00fcr Program\u0131 y\u00fczme, kayak, kaya t\u0131rman\u0131\u015f\u0131, golf, bowling, tak\u0131m sporlar\u0131 ve el sanatlar\u0131 gibi etkinlikleri i\u00e7erir. <a href=\"http:\/\/www.westwoodplateaugolf.com\" target=\"blank\">Westwood Plateau<\/a>,<a href=\"http:\/\/www.robsonstreet.ca\/\" target=\"blank\"> Robson Street<\/a>, <a href=\"http:\/\/www.metropolisatmetrotown.com\" target=\"blank\">Metrotown<\/a>, <a href=\"http:\/\/www.seegastown.com\" target=\"blank\">Gastown<\/a>, <a href=\"http:\/\/www.seestanleypark.com\/\" target=\"blank\">Stanley Park<\/a>, <a href=\"http:\/\/www.vanaqua.org\">Vancouver Akvaryumu<\/a>, <a href=\"http:\/\/www.capbridge.com\">Capilano Asma K\u00f6pr\u00fcs\u00fc<\/a>, <a href=\"http:\/\/www.hrmacmillanspacecentre.com\/\">H.R. MacMillan Uzay Merkezi\u2019ne geziler de d\u00fczenlenmektedir<\/a>.<\/p>\n<h3>B\u0130REYSEL \u00d6\u011eRENC\u0130LER<\/h3>\n<p>Daha fazla bilgi, tarihleri ve kay\u0131t paketini indirmek i\u00e7in a\u015fa\u011f\u0131daki linke t\u0131klay\u0131n\uff1a<\/p>\n","protected":false},"excerpt":{"rendered":"<p>GRUPLAR Uygulamal\u0131 ESL (\u0130kinci Dil Olarak \u0130ngilizce) ve K\u00fclt\u00fcr Program\u0131 grup etkinliklerine kat\u0131larak ve British Columbia\u2019n\u0131n Alt Anakara b\u00f6lgesinde g\u00fczel a\u00e7\u0131k alanlar\u0131 ke\u015ffederek Kanada k\u00fclt\u00fcr\u00fcn\u00fc ya\u015famak ve \u0130ngilizce Dil becerilerini uygulamak i\u00e7in bir f\u0131rsatt\u0131r. Uygulamal\u0131 ESL \u0130kinci Dil Olarak \u0130ngilizce) ve K\u00fclt\u00fcr Program\u0131 y\u00fczme, kayak, kaya t\u0131rman\u0131\u015f\u0131, golf, bowling, tak\u0131m sporlar\u0131 ve el sanatlar\u0131 gibi &hellip; <a href=\"https:\/\/www.internationaled.com\/tr\/programs\/group-winter-short-term-programs\/\" class=\"more-link\">Continue reading <span class=\"screen-reader-text\">Group K\u0131sa Programlar\u0131<\/span> <span class=\"meta-nav\">&rarr;<\/span><\/a><\/p>\n","protected":false},"author":14,"featured_media":315,"parent":2098,"menu_order":0,"comment_status":"closed","ping_status":"closed","template":"page-standard.php","meta":{"footnotes":""},"class_list":["post-2099","page","type-page","status-publish","has-post-thumbnail","hentry"],"yoast_head":"<!-- This site is optimized with the Yoast SEO plugin v27.4 - https:\/\/yoast.com\/product\/yoast-seo-wordpress\/ -->\n<title>Group K\u0131sa Programlar\u0131 - Coquitlam School District 43<\/title>\n<meta name=\"robots\" content=\"index, follow, max-snippet:-1, max-image-preview:large, max-video-preview:-1\" \/>\n<link rel=\"canonical\" href=\"https:\/\/www.internationaled.com\/tr\/programs\/group-winter-short-term-programs\/\" \/>\n<meta property=\"og:locale\" content=\"tr_TR\" \/>\n<meta property=\"og:type\" content=\"article\" \/>\n<meta property=\"og:title\" content=\"Group K\u0131sa Programlar\u0131 - Coquitlam School District 43\" \/>\n<meta property=\"og:description\" content=\"GRUPLAR Uygulamal\u0131 ESL (\u0130kinci Dil Olarak \u0130ngilizce) ve K\u00fclt\u00fcr Program\u0131 grup etkinliklerine kat\u0131larak ve British Columbia\u2019n\u0131n Alt Anakara b\u00f6lgesinde g\u00fczel a\u00e7\u0131k alanlar\u0131 ke\u015ffederek Kanada k\u00fclt\u00fcr\u00fcn\u00fc ya\u015famak ve \u0130ngilizce Dil becerilerini uygulamak i\u00e7in bir f\u0131rsatt\u0131r. Uygulamal\u0131 ESL \u0130kinci Dil Olarak \u0130ngilizce) ve K\u00fclt\u00fcr Program\u0131 y\u00fczme, kayak, kaya t\u0131rman\u0131\u015f\u0131, golf, bowling, tak\u0131m sporlar\u0131 ve el sanatlar\u0131 gibi &hellip; Continue reading Group K\u0131sa Programlar\u0131 &rarr;\" \/>\n<meta property=\"og:url\" content=\"https:\/\/www.internationaled.com\/tr\/programs\/group-winter-short-term-programs\/\" \/>\n<meta property=\"og:site_name\" content=\"Coquitlam School District 43\" \/>\n<meta property=\"article:modified_time\" content=\"2016-07-22T09:38:20+00:00\" \/>\n<meta property=\"og:image\" content=\"https:\/\/www.internationaled.com\/wp-content\/uploads\/2015\/10\/fondo_group_winter_short_term-_programs.jpg\" \/>\n\t<meta property=\"og:image:width\" content=\"1920\" \/>\n\t<meta property=\"og:image:height\" content=\"400\" \/>\n\t<meta property=\"og:image:type\" content=\"image\/jpeg\" \/>\n<meta name=\"twitter:card\" content=\"summary_large_image\" \/>\n<meta name=\"twitter:label1\" content=\"Est. reading time\" \/>\n\t<meta name=\"twitter:data1\" content=\"1 minute\" \/>\n<script type=\"application\/ld+json\" class=\"yoast-schema-graph\">{\"@context\":\"https:\\\/\\\/schema.org\",\"@graph\":[{\"@type\":\"WebPage\",\"@id\":\"https:\\\/\\\/www.internationaled.com\\\/tr\\\/programs\\\/group-winter-short-term-programs\\\/\",\"url\":\"https:\\\/\\\/www.internationaled.com\\\/tr\\\/programs\\\/group-winter-short-term-programs\\\/\",\"name\":\"Group K\u0131sa Programlar\u0131 - Coquitlam School District 43\",\"isPartOf\":{\"@id\":\"https:\\\/\\\/www.internationaled.com\\\/ar\\\/#website\"},\"primaryImageOfPage\":{\"@id\":\"https:\\\/\\\/www.internationaled.com\\\/tr\\\/programs\\\/group-winter-short-term-programs\\\/#primaryimage\"},\"image\":{\"@id\":\"https:\\\/\\\/www.internationaled.com\\\/tr\\\/programs\\\/group-winter-short-term-programs\\\/#primaryimage\"},\"thumbnailUrl\":\"https:\\\/\\\/cdn.internationaled.com\\\/wp-content\\\/uploads\\\/2015\\\/10\\\/fondo_group_winter_short_term-_programs.jpg\",\"datePublished\":\"2015-10-27T16:21:17+00:00\",\"dateModified\":\"2016-07-22T09:38:20+00:00\",\"breadcrumb\":{\"@id\":\"https:\\\/\\\/www.internationaled.com\\\/tr\\\/programs\\\/group-winter-short-term-programs\\\/#breadcrumb\"},\"inLanguage\":\"tr\",\"potentialAction\":[{\"@type\":\"ReadAction\",\"target\":[\"https:\\\/\\\/www.internationaled.com\\\/tr\\\/programs\\\/group-winter-short-term-programs\\\/\"]}]},{\"@type\":\"ImageObject\",\"inLanguage\":\"tr\",\"@id\":\"https:\\\/\\\/www.internationaled.com\\\/tr\\\/programs\\\/group-winter-short-term-programs\\\/#primaryimage\",\"url\":\"https:\\\/\\\/cdn.internationaled.com\\\/wp-content\\\/uploads\\\/2015\\\/10\\\/fondo_group_winter_short_term-_programs.jpg\",\"contentUrl\":\"https:\\\/\\\/cdn.internationaled.com\\\/wp-content\\\/uploads\\\/2015\\\/10\\\/fondo_group_winter_short_term-_programs.jpg\",\"width\":1920,\"height\":400},{\"@type\":\"BreadcrumbList\",\"@id\":\"https:\\\/\\\/www.internationaled.com\\\/tr\\\/programs\\\/group-winter-short-term-programs\\\/#breadcrumb\",\"itemListElement\":[{\"@type\":\"ListItem\",\"position\":1,\"name\":\"Home\",\"item\":\"https:\\\/\\\/www.internationaled.com\\\/tr\\\/\"},{\"@type\":\"ListItem\",\"position\":2,\"name\":\"Programlar\u0131m\u0131z\",\"item\":\"https:\\\/\\\/www.internationaled.com\\\/tr\\\/programs\\\/\"},{\"@type\":\"ListItem\",\"position\":3,\"name\":\"Group K\u0131sa Programlar\u0131\"}]},{\"@type\":\"WebSite\",\"@id\":\"https:\\\/\\\/www.internationaled.com\\\/ar\\\/#website\",\"url\":\"https:\\\/\\\/www.internationaled.com\\\/ar\\\/\",\"name\":\"Coquitlam School District 43\",\"description\":\"Learning for a Lifetime\",\"potentialAction\":[{\"@type\":\"SearchAction\",\"target\":{\"@type\":\"EntryPoint\",\"urlTemplate\":\"https:\\\/\\\/www.internationaled.com\\\/ar\\\/?s={search_term_string}\"},\"query-input\":{\"@type\":\"PropertyValueSpecification\",\"valueRequired\":true,\"valueName\":\"search_term_string\"}}],\"inLanguage\":\"tr\"}]}<\/script>\n<!-- \/ Yoast SEO plugin. -->","yoast_head_json":{"title":"Group K\u0131sa Programlar\u0131 - Coquitlam School District 43","robots":{"index":"index","follow":"follow","max-snippet":"max-snippet:-1","max-image-preview":"max-image-preview:large","max-video-preview":"max-video-preview:-1"},"canonical":"https:\/\/www.internationaled.com\/tr\/programs\/group-winter-short-term-programs\/","og_locale":"tr_TR","og_type":"article","og_title":"Group K\u0131sa Programlar\u0131 - Coquitlam School District 43","og_description":"GRUPLAR Uygulamal\u0131 ESL (\u0130kinci Dil Olarak \u0130ngilizce) ve K\u00fclt\u00fcr Program\u0131 grup etkinliklerine kat\u0131larak ve British Columbia\u2019n\u0131n Alt Anakara b\u00f6lgesinde g\u00fczel a\u00e7\u0131k alanlar\u0131 ke\u015ffederek Kanada k\u00fclt\u00fcr\u00fcn\u00fc ya\u015famak ve \u0130ngilizce Dil becerilerini uygulamak i\u00e7in bir f\u0131rsatt\u0131r. Uygulamal\u0131 ESL \u0130kinci Dil Olarak \u0130ngilizce) ve K\u00fclt\u00fcr Program\u0131 y\u00fczme, kayak, kaya t\u0131rman\u0131\u015f\u0131, golf, bowling, tak\u0131m sporlar\u0131 ve el sanatlar\u0131 gibi &hellip; Continue reading Group K\u0131sa Programlar\u0131 &rarr;","og_url":"https:\/\/www.internationaled.com\/tr\/programs\/group-winter-short-term-programs\/","og_site_name":"Coquitlam School District 43","article_modified_time":"2016-07-22T09:38:20+00:00","og_image":[{"width":1920,"height":400,"url":"https:\/\/www.internationaled.com\/wp-content\/uploads\/2015\/10\/fondo_group_winter_short_term-_programs.jpg","type":"image\/jpeg"}],"twitter_card":"summary_large_image","twitter_misc":{"Est. reading time":"1 minute"},"schema":{"@context":"https:\/\/schema.org","@graph":[{"@type":"WebPage","@id":"https:\/\/www.internationaled.com\/tr\/programs\/group-winter-short-term-programs\/","url":"https:\/\/www.internationaled.com\/tr\/programs\/group-winter-short-term-programs\/","name":"Group K\u0131sa Programlar\u0131 - Coquitlam School District 43","isPartOf":{"@id":"https:\/\/www.internationaled.com\/ar\/#website"},"primaryImageOfPage":{"@id":"https:\/\/www.internationaled.com\/tr\/programs\/group-winter-short-term-programs\/#primaryimage"},"image":{"@id":"https:\/\/www.internationaled.com\/tr\/programs\/group-winter-short-term-programs\/#primaryimage"},"thumbnailUrl":"https:\/\/cdn.internationaled.com\/wp-content\/uploads\/2015\/10\/fondo_group_winter_short_term-_programs.jpg","datePublished":"2015-10-27T16:21:17+00:00","dateModified":"2016-07-22T09:38:20+00:00","breadcrumb":{"@id":"https:\/\/www.internationaled.com\/tr\/programs\/group-winter-short-term-programs\/#breadcrumb"},"inLanguage":"tr","potentialAction":[{"@type":"ReadAction","target":["https:\/\/www.internationaled.com\/tr\/programs\/group-winter-short-term-programs\/"]}]},{"@type":"ImageObject","inLanguage":"tr","@id":"https:\/\/www.internationaled.com\/tr\/programs\/group-winter-short-term-programs\/#primaryimage","url":"https:\/\/cdn.internationaled.com\/wp-content\/uploads\/2015\/10\/fondo_group_winter_short_term-_programs.jpg","contentUrl":"https:\/\/cdn.internationaled.com\/wp-content\/uploads\/2015\/10\/fondo_group_winter_short_term-_programs.jpg","width":1920,"height":400},{"@type":"BreadcrumbList","@id":"https:\/\/www.internationaled.com\/tr\/programs\/group-winter-short-term-programs\/#breadcrumb","itemListElement":[{"@type":"ListItem","position":1,"name":"Home","item":"https:\/\/www.internationaled.com\/tr\/"},{"@type":"ListItem","position":2,"name":"Programlar\u0131m\u0131z","item":"https:\/\/www.internationaled.com\/tr\/programs\/"},{"@type":"ListItem","position":3,"name":"Group K\u0131sa Programlar\u0131"}]},{"@type":"WebSite","@id":"https:\/\/www.internationaled.com\/ar\/#website","url":"https:\/\/www.internationaled.com\/ar\/","name":"Coquitlam School District 43","description":"Learning for a Lifetime","potentialAction":[{"@type":"SearchAction","target":{"@type":"EntryPoint","urlTemplate":"https:\/\/www.internationaled.com\/ar\/?s={search_term_string}"},"query-input":{"@type":"PropertyValueSpecification","valueRequired":true,"valueName":"search_term_string"}}],"inLanguage":"tr"}]}},"_links":{"self":[{"href":"https:\/\/www.internationaled.com\/tr\/wp-json\/wp\/v2\/pages\/2099","targetHints":{"allow":["GET"]}}],"collection":[{"href":"https:\/\/www.internationaled.com\/tr\/wp-json\/wp\/v2\/pages"}],"about":[{"href":"https:\/\/www.internationaled.com\/tr\/wp-json\/wp\/v2\/types\/page"}],"author":[{"embeddable":true,"href":"https:\/\/www.internationaled.com\/tr\/wp-json\/wp\/v2\/users\/14"}],"replies":[{"embeddable":true,"href":"https:\/\/www.internationaled.com\/tr\/wp-json\/wp\/v2\/comments?post=2099"}],"version-history":[{"count":1,"href":"https:\/\/www.internationaled.com\/tr\/wp-json\/wp\/v2\/pages\/2099\/revisions"}],"predecessor-version":[{"id":2288,"href":"https:\/\/www.internationaled.com\/tr\/wp-json\/wp\/v2\/pages\/2099\/revisions\/2288"}],"up":[{"embeddable":true,"href":"https:\/\/www.internationaled.com\/tr\/wp-json\/wp\/v2\/pages\/2098"}],"wp:featuredmedia":[{"embeddable":true,"href":"https:\/\/www.internationaled.com\/tr\/wp-json\/wp\/v2\/media\/315"}],"wp:attachment":[{"href":"https:\/\/www.internationaled.com\/tr\/wp-json\/wp\/v2\/media?parent=2099"}],"curies":[{"name":"wp","href":"https:\/\/api.w.org\/{rel}","templated":true}]}}