{"id":2100,"date":"2015-10-27T16:20:17","date_gmt":"2015-10-27T16:20:17","guid":{"rendered":"http:\/\/internationaled.com\/programs\/long-short-term-programs\/?lang=tr"},"modified":"2016-07-22T09:47:26","modified_gmt":"2016-07-22T09:47:26","slug":"long-short-term-programs","status":"publish","type":"page","link":"https:\/\/www.internationaled.com\/tr\/programs\/long-short-term-programs\/","title":{"rendered":"Uzun S\u00fcreli \/ K\u0131sa D\u00f6nemli Programlar"},"content":{"rendered":"<h2 class=\"green\">Uzun S\u00fcreli <strong>ve<\/strong> K\u0131sa D\u00f6nemli Programlar<\/h2>\n<h3 class=\"blue\">Uzun S\u00fcreli Programlar<\/h3>\n<p><strong>Anaokulu \u2013 12. s\u0131n\u0131f i\u00e7in T\u00fcm Y\u0131l S\u00fcren Program<\/strong><\/p>\n<ul>\n<li>En pop\u00fcler program\u0131m\u0131z<\/li>\n<\/ul>\n<p><strong>Yar\u0131m Y\u0131ll\u0131k Programlar<\/strong><\/p>\n<ul>\n<li>Lise \u2013 \u015eubat ay\u0131nda ba\u015flar (be\u015f ayl\u0131k d\u00f6nemler)<\/li>\n<li>Ortaokul ve \u0130lkokul \u2013 Ocak ay\u0131nda ba\u015flar<\/li>\n<\/ul>\n<h3 class=\"blue\">K\u0131sa D\u00f6nemli Programlar<\/h3>\n<p><strong>Yaz D\u00f6nemi Yo\u011fun \u0130ngilizce ve K\u00fclt\u00fcr Programlar\u0131<\/strong><\/p>\n<ul>\n<li>Yaz: Temmuz ve Haziran\n<ul>\n<li>Haftal\u0131k Programlar<\/li>\n<li>1 \u2013 8 haftal\u0131k se\u00e7enekler<\/li>\n<li>Gruplar i\u00e7in iste\u011fe g\u00f6re ayarlanm\u0131\u015f programlar mevcuttur<\/li>\n<\/ul>\n<\/li>\n<\/ul>\n","protected":false},"excerpt":{"rendered":"<p>Uzun S\u00fcreli ve K\u0131sa D\u00f6nemli Programlar Uzun S\u00fcreli Programlar Anaokulu \u2013 12. s\u0131n\u0131f i\u00e7in T\u00fcm Y\u0131l S\u00fcren Program En pop\u00fcler program\u0131m\u0131z Yar\u0131m Y\u0131ll\u0131k Programlar Lise \u2013 \u015eubat ay\u0131nda ba\u015flar (be\u015f ayl\u0131k d\u00f6nemler) Ortaokul ve \u0130lkokul \u2013 Ocak ay\u0131nda ba\u015flar K\u0131sa D\u00f6nemli Programlar Yaz D\u00f6nemi Yo\u011fun \u0130ngilizce ve K\u00fclt\u00fcr Programlar\u0131 Yaz: Temmuz ve Haziran Haftal\u0131k Programlar &hellip; <a href=\"https:\/\/www.internationaled.com\/tr\/programs\/long-short-term-programs\/\" class=\"more-link\">Continue reading <span class=\"screen-reader-text\">Uzun S\u00fcreli \/ K\u0131sa D\u00f6nemli Programlar<\/span> <span class=\"meta-nav\">&rarr;<\/span><\/a><\/p>\n","protected":false},"author":14,"featured_media":334,"parent":2098,"menu_order":1,"comment_status":"closed","ping_status":"closed","template":"page-standard.php","meta":{"footnotes":""},"class_list":["post-2100","page","type-page","status-publish","has-post-thumbnail","hentry"],"yoast_head":"<!-- This site is optimized with the Yoast SEO plugin v27.3 - https:\/\/yoast.com\/product\/yoast-seo-wordpress\/ -->\n<title>Uzun S\u00fcreli \/ K\u0131sa D\u00f6nemli Programlar - Coquitlam School District 43<\/title>\n<meta name=\"robots\" content=\"index, follow, max-snippet:-1, max-image-preview:large, max-video-preview:-1\" \/>\n<link rel=\"canonical\" href=\"https:\/\/www.internationaled.com\/tr\/programs\/long-short-term-programs\/\" \/>\n<meta property=\"og:locale\" content=\"tr_TR\" \/>\n<meta property=\"og:type\" content=\"article\" \/>\n<meta property=\"og:title\" content=\"Uzun S\u00fcreli \/ K\u0131sa D\u00f6nemli Programlar - Coquitlam School District 43\" \/>\n<meta property=\"og:description\" content=\"Uzun S\u00fcreli ve K\u0131sa D\u00f6nemli Programlar Uzun S\u00fcreli Programlar Anaokulu \u2013 12. s\u0131n\u0131f i\u00e7in T\u00fcm Y\u0131l S\u00fcren Program En pop\u00fcler program\u0131m\u0131z Yar\u0131m Y\u0131ll\u0131k Programlar Lise \u2013 \u015eubat ay\u0131nda ba\u015flar (be\u015f ayl\u0131k d\u00f6nemler) Ortaokul ve \u0130lkokul \u2013 Ocak ay\u0131nda ba\u015flar K\u0131sa D\u00f6nemli Programlar Yaz D\u00f6nemi Yo\u011fun \u0130ngilizce ve K\u00fclt\u00fcr Programlar\u0131 Yaz: Temmuz ve Haziran Haftal\u0131k Programlar &hellip; Continue reading Uzun S\u00fcreli \/ K\u0131sa D\u00f6nemli Programlar &rarr;\" \/>\n<meta property=\"og:url\" content=\"https:\/\/www.internationaled.com\/tr\/programs\/long-short-term-programs\/\" \/>\n<meta property=\"og:site_name\" content=\"Coquitlam School District 43\" \/>\n<meta property=\"article:modified_time\" content=\"2016-07-22T09:47:26+00:00\" \/>\n<meta property=\"og:image\" content=\"https:\/\/www.internationaled.com\/wp-content\/uploads\/2015\/10\/fondo_long.jpg\" \/>\n\t<meta property=\"og:image:width\" content=\"1920\" \/>\n\t<meta property=\"og:image:height\" content=\"400\" \/>\n\t<meta property=\"og:image:type\" content=\"image\/jpeg\" \/>\n<meta name=\"twitter:card\" content=\"summary_large_image\" \/>\n<script type=\"application\/ld+json\" class=\"yoast-schema-graph\">{\"@context\":\"https:\\\/\\\/schema.org\",\"@graph\":[{\"@type\":\"WebPage\",\"@id\":\"https:\\\/\\\/www.internationaled.com\\\/tr\\\/programs\\\/long-short-term-programs\\\/\",\"url\":\"https:\\\/\\\/www.internationaled.com\\\/tr\\\/programs\\\/long-short-term-programs\\\/\",\"name\":\"Uzun S\u00fcreli \\\/ K\u0131sa D\u00f6nemli Programlar - Coquitlam School District 43\",\"isPartOf\":{\"@id\":\"https:\\\/\\\/www.internationaled.com\\\/ar\\\/#website\"},\"primaryImageOfPage\":{\"@id\":\"https:\\\/\\\/www.internationaled.com\\\/tr\\\/programs\\\/long-short-term-programs\\\/#primaryimage\"},\"image\":{\"@id\":\"https:\\\/\\\/www.internationaled.com\\\/tr\\\/programs\\\/long-short-term-programs\\\/#primaryimage\"},\"thumbnailUrl\":\"https:\\\/\\\/cdn.internationaled.com\\\/wp-content\\\/uploads\\\/2015\\\/10\\\/fondo_long.jpg\",\"datePublished\":\"2015-10-27T16:20:17+00:00\",\"dateModified\":\"2016-07-22T09:47:26+00:00\",\"breadcrumb\":{\"@id\":\"https:\\\/\\\/www.internationaled.com\\\/tr\\\/programs\\\/long-short-term-programs\\\/#breadcrumb\"},\"inLanguage\":\"tr\",\"potentialAction\":[{\"@type\":\"ReadAction\",\"target\":[\"https:\\\/\\\/www.internationaled.com\\\/tr\\\/programs\\\/long-short-term-programs\\\/\"]}]},{\"@type\":\"ImageObject\",\"inLanguage\":\"tr\",\"@id\":\"https:\\\/\\\/www.internationaled.com\\\/tr\\\/programs\\\/long-short-term-programs\\\/#primaryimage\",\"url\":\"https:\\\/\\\/cdn.internationaled.com\\\/wp-content\\\/uploads\\\/2015\\\/10\\\/fondo_long.jpg\",\"contentUrl\":\"https:\\\/\\\/cdn.internationaled.com\\\/wp-content\\\/uploads\\\/2015\\\/10\\\/fondo_long.jpg\",\"width\":1920,\"height\":400},{\"@type\":\"BreadcrumbList\",\"@id\":\"https:\\\/\\\/www.internationaled.com\\\/tr\\\/programs\\\/long-short-term-programs\\\/#breadcrumb\",\"itemListElement\":[{\"@type\":\"ListItem\",\"position\":1,\"name\":\"Home\",\"item\":\"https:\\\/\\\/www.internationaled.com\\\/tr\\\/\"},{\"@type\":\"ListItem\",\"position\":2,\"name\":\"Programlar\u0131m\u0131z\",\"item\":\"https:\\\/\\\/www.internationaled.com\\\/tr\\\/programs\\\/\"},{\"@type\":\"ListItem\",\"position\":3,\"name\":\"Uzun S\u00fcreli \\\/ K\u0131sa D\u00f6nemli Programlar\"}]},{\"@type\":\"WebSite\",\"@id\":\"https:\\\/\\\/www.internationaled.com\\\/ar\\\/#website\",\"url\":\"https:\\\/\\\/www.internationaled.com\\\/ar\\\/\",\"name\":\"Coquitlam School District 43\",\"description\":\"Learning for a Lifetime\",\"potentialAction\":[{\"@type\":\"SearchAction\",\"target\":{\"@type\":\"EntryPoint\",\"urlTemplate\":\"https:\\\/\\\/www.internationaled.com\\\/ar\\\/?s={search_term_string}\"},\"query-input\":{\"@type\":\"PropertyValueSpecification\",\"valueRequired\":true,\"valueName\":\"search_term_string\"}}],\"inLanguage\":\"tr\"}]}<\/script>\n<!-- \/ Yoast SEO plugin. -->","yoast_head_json":{"title":"Uzun S\u00fcreli \/ K\u0131sa D\u00f6nemli Programlar - Coquitlam School District 43","robots":{"index":"index","follow":"follow","max-snippet":"max-snippet:-1","max-image-preview":"max-image-preview:large","max-video-preview":"max-video-preview:-1"},"canonical":"https:\/\/www.internationaled.com\/tr\/programs\/long-short-term-programs\/","og_locale":"tr_TR","og_type":"article","og_title":"Uzun S\u00fcreli \/ K\u0131sa D\u00f6nemli Programlar - Coquitlam School District 43","og_description":"Uzun S\u00fcreli ve K\u0131sa D\u00f6nemli Programlar Uzun S\u00fcreli Programlar Anaokulu \u2013 12. s\u0131n\u0131f i\u00e7in T\u00fcm Y\u0131l S\u00fcren Program En pop\u00fcler program\u0131m\u0131z Yar\u0131m Y\u0131ll\u0131k Programlar Lise \u2013 \u015eubat ay\u0131nda ba\u015flar (be\u015f ayl\u0131k d\u00f6nemler) Ortaokul ve \u0130lkokul \u2013 Ocak ay\u0131nda ba\u015flar K\u0131sa D\u00f6nemli Programlar Yaz D\u00f6nemi Yo\u011fun \u0130ngilizce ve K\u00fclt\u00fcr Programlar\u0131 Yaz: Temmuz ve Haziran Haftal\u0131k Programlar &hellip; Continue reading Uzun S\u00fcreli \/ K\u0131sa D\u00f6nemli Programlar &rarr;","og_url":"https:\/\/www.internationaled.com\/tr\/programs\/long-short-term-programs\/","og_site_name":"Coquitlam School District 43","article_modified_time":"2016-07-22T09:47:26+00:00","og_image":[{"width":1920,"height":400,"url":"https:\/\/www.internationaled.com\/wp-content\/uploads\/2015\/10\/fondo_long.jpg","type":"image\/jpeg"}],"twitter_card":"summary_large_image","schema":{"@context":"https:\/\/schema.org","@graph":[{"@type":"WebPage","@id":"https:\/\/www.internationaled.com\/tr\/programs\/long-short-term-programs\/","url":"https:\/\/www.internationaled.com\/tr\/programs\/long-short-term-programs\/","name":"Uzun S\u00fcreli \/ K\u0131sa D\u00f6nemli Programlar - Coquitlam School District 43","isPartOf":{"@id":"https:\/\/www.internationaled.com\/ar\/#website"},"primaryImageOfPage":{"@id":"https:\/\/www.internationaled.com\/tr\/programs\/long-short-term-programs\/#primaryimage"},"image":{"@id":"https:\/\/www.internationaled.com\/tr\/programs\/long-short-term-programs\/#primaryimage"},"thumbnailUrl":"https:\/\/cdn.internationaled.com\/wp-content\/uploads\/2015\/10\/fondo_long.jpg","datePublished":"2015-10-27T16:20:17+00:00","dateModified":"2016-07-22T09:47:26+00:00","breadcrumb":{"@id":"https:\/\/www.internationaled.com\/tr\/programs\/long-short-term-programs\/#breadcrumb"},"inLanguage":"tr","potentialAction":[{"@type":"ReadAction","target":["https:\/\/www.internationaled.com\/tr\/programs\/long-short-term-programs\/"]}]},{"@type":"ImageObject","inLanguage":"tr","@id":"https:\/\/www.internationaled.com\/tr\/programs\/long-short-term-programs\/#primaryimage","url":"https:\/\/cdn.internationaled.com\/wp-content\/uploads\/2015\/10\/fondo_long.jpg","contentUrl":"https:\/\/cdn.internationaled.com\/wp-content\/uploads\/2015\/10\/fondo_long.jpg","width":1920,"height":400},{"@type":"BreadcrumbList","@id":"https:\/\/www.internationaled.com\/tr\/programs\/long-short-term-programs\/#breadcrumb","itemListElement":[{"@type":"ListItem","position":1,"name":"Home","item":"https:\/\/www.internationaled.com\/tr\/"},{"@type":"ListItem","position":2,"name":"Programlar\u0131m\u0131z","item":"https:\/\/www.internationaled.com\/tr\/programs\/"},{"@type":"ListItem","position":3,"name":"Uzun S\u00fcreli \/ K\u0131sa D\u00f6nemli Programlar"}]},{"@type":"WebSite","@id":"https:\/\/www.internationaled.com\/ar\/#website","url":"https:\/\/www.internationaled.com\/ar\/","name":"Coquitlam School District 43","description":"Learning for a Lifetime","potentialAction":[{"@type":"SearchAction","target":{"@type":"EntryPoint","urlTemplate":"https:\/\/www.internationaled.com\/ar\/?s={search_term_string}"},"query-input":{"@type":"PropertyValueSpecification","valueRequired":true,"valueName":"search_term_string"}}],"inLanguage":"tr"}]}},"_links":{"self":[{"href":"https:\/\/www.internationaled.com\/tr\/wp-json\/wp\/v2\/pages\/2100","targetHints":{"allow":["GET"]}}],"collection":[{"href":"https:\/\/www.internationaled.com\/tr\/wp-json\/wp\/v2\/pages"}],"about":[{"href":"https:\/\/www.internationaled.com\/tr\/wp-json\/wp\/v2\/types\/page"}],"author":[{"embeddable":true,"href":"https:\/\/www.internationaled.com\/tr\/wp-json\/wp\/v2\/users\/14"}],"replies":[{"embeddable":true,"href":"https:\/\/www.internationaled.com\/tr\/wp-json\/wp\/v2\/comments?post=2100"}],"version-history":[{"count":1,"href":"https:\/\/www.internationaled.com\/tr\/wp-json\/wp\/v2\/pages\/2100\/revisions"}],"predecessor-version":[{"id":2287,"href":"https:\/\/www.internationaled.com\/tr\/wp-json\/wp\/v2\/pages\/2100\/revisions\/2287"}],"up":[{"embeddable":true,"href":"https:\/\/www.internationaled.com\/tr\/wp-json\/wp\/v2\/pages\/2098"}],"wp:featuredmedia":[{"embeddable":true,"href":"https:\/\/www.internationaled.com\/tr\/wp-json\/wp\/v2\/media\/334"}],"wp:attachment":[{"href":"https:\/\/www.internationaled.com\/tr\/wp-json\/wp\/v2\/media?parent=2100"}],"curies":[{"name":"wp","href":"https:\/\/api.w.org\/{rel}","templated":true}]}}