{"id":2101,"date":"2015-10-27T16:20:37","date_gmt":"2015-10-27T16:20:37","guid":{"rendered":"http:\/\/internationaled.com\/programs\/academic-year\/?lang=tr"},"modified":"2019-01-31T20:46:20","modified_gmt":"2019-01-31T20:46:20","slug":"academic-year","status":"publish","type":"page","link":"https:\/\/www.internationaled.com\/tr\/programs\/academic-year\/","title":{"rendered":"Ders Y\u0131l\u0131"},"content":{"rendered":"<p>Coquitlam Okul B\u00f6lgesi, Uluslararas\u0131 \u00d6\u011frencilere \u0130lkokul, Orta ve Orta\u00f6\u011fretim d\u00fczeyinde tam zamanl\u0131 programlar sunmaktad\u0131r. Okul y\u0131l\u0131 Eyl\u00fcl&#8217;de ba\u015flay\u0131p Haziran ay\u0131n\u0131n sonuna kadar devam eder. Ocak ay\u0131n\u0131n ikinci al\u0131m tarihi ilk ve orta dereceli \u00f6\u011frenciler i\u00e7in ge\u00e7erlidir. Ortaokul \u00f6\u011frencileri \u015eubat ay\u0131nda ba\u015flayabilir<\/p>\n<p>Orta\u00f6\u011fretim program\u0131m\u0131z, Eyl\u00fcl ay\u0131ndan ba\u015flayarak Ocak ay\u0131n\u0131n sonuna, \u015eubat ay\u0131n\u0131n ba\u015f\u0131ndan Haziran ay\u0131 sonuna kadar olmak \u00fczere iki d\u00f6nemden olu\u015fmaktad\u0131r. Bir tam \u00f6\u011fretim y\u0131l\u0131 i\u00e7in Program \u00dccreti, t\u0131bbi kapsama dahil 16.500 $ &#8216;d\u0131r.<\/p>\n<p>\u0130lk ve Orta okul programlar\u0131m\u0131z, Eyl\u00fcl ay\u0131ndan ba\u015flay\u0131p Haziran ay\u0131n\u0131n sonuna kadar, Uluslararas\u0131 \u00d6\u011frencilere 10. S\u0131n\u0131f Kindergarten &#8211; 8inci s\u0131n\u0131f m\u00fcfredatlar\u0131 sunar. Yine, Uluslararas\u0131 \u00f6\u011frencilerin daha sonra ba\u015flama se\u00e7ene\u011fi var ancak alan izinleri nedeniyle mevcut s\u0131n\u0131flara yerle\u015ftirilecekler. Bir tam \u00f6\u011fretim y\u0131l\u0131 i\u00e7in Program \u00dccreti, t\u0131bbi kapsama dahil 16.500 $ &#8216;d\u0131r.<\/p>\n<p>Uluslararas\u0131 E\u011fitim Program\u0131\u2019na Yeniden Ba\u015fvuru S\u00fcreci<\/p>\n<p>1. Yeniden ba\u015fvuru formunu doldurun, okulda imzalay\u0131n ve yenileme iste\u011finde olsan\u0131z da olmasan\u0131z da formu Uluslararas\u0131 E\u011fitim ofisine teslim edin.<\/p>\n<p>2. \u00d6deme tarihinden \u00f6nce (15 May\u0131s ve 15 Kas\u0131m) okul \u00fccretini ve sa\u011fl\u0131k hizmeti \u00fccretini Uluslararas\u0131 E\u011fitim ofisine \u00f6deyin. Ofis 2 i\u015f g\u00fcn\u00fc i\u00e7inde makbuzunuzu ve Yeniden Kabul Mektubunuzu verecektir.<\/p>\n<p>3. <a href=\"http:\/\/legacy.internationaled.com\/Turkish\/study-permit.shtml\">Okuma izninizin<\/a> s\u00fcresini biti\u015f tarihinin 2 \u2013 3 ay \u00f6ncesinden uzatt\u0131rmay\u0131 unutmay\u0131n.<\/p>\n","protected":false},"excerpt":{"rendered":"<p>Coquitlam Okul B\u00f6lgesi, Uluslararas\u0131 \u00d6\u011frencilere \u0130lkokul, Orta ve Orta\u00f6\u011fretim d\u00fczeyinde tam zamanl\u0131 programlar sunmaktad\u0131r. Okul y\u0131l\u0131 Eyl\u00fcl&#8217;de ba\u015flay\u0131p Haziran ay\u0131n\u0131n sonuna kadar devam eder. Ocak ay\u0131n\u0131n ikinci al\u0131m tarihi ilk ve orta dereceli \u00f6\u011frenciler i\u00e7in ge\u00e7erlidir. Ortaokul \u00f6\u011frencileri \u015eubat ay\u0131nda ba\u015flayabilir Orta\u00f6\u011fretim program\u0131m\u0131z, Eyl\u00fcl ay\u0131ndan ba\u015flayarak Ocak ay\u0131n\u0131n sonuna, \u015eubat ay\u0131n\u0131n ba\u015f\u0131ndan Haziran ay\u0131 sonuna &hellip; <a href=\"https:\/\/www.internationaled.com\/tr\/programs\/academic-year\/\" class=\"more-link\">Continue reading <span class=\"screen-reader-text\">Ders Y\u0131l\u0131<\/span> <span class=\"meta-nav\">&rarr;<\/span><\/a><\/p>\n","protected":false},"author":14,"featured_media":335,"parent":2098,"menu_order":2,"comment_status":"closed","ping_status":"closed","template":"page-standard.php","meta":{"footnotes":""},"class_list":["post-2101","page","type-page","status-publish","has-post-thumbnail","hentry"],"yoast_head":"<!-- This site is optimized with the Yoast SEO plugin v27.4 - https:\/\/yoast.com\/product\/yoast-seo-wordpress\/ -->\n<title>Ders Y\u0131l\u0131 - Coquitlam School District 43<\/title>\n<meta name=\"robots\" content=\"index, follow, max-snippet:-1, max-image-preview:large, max-video-preview:-1\" \/>\n<link rel=\"canonical\" href=\"https:\/\/www.internationaled.com\/tr\/programs\/academic-year\/\" \/>\n<meta property=\"og:locale\" content=\"tr_TR\" \/>\n<meta property=\"og:type\" content=\"article\" \/>\n<meta property=\"og:title\" content=\"Ders Y\u0131l\u0131 - Coquitlam School District 43\" \/>\n<meta property=\"og:description\" content=\"Coquitlam Okul B\u00f6lgesi, Uluslararas\u0131 \u00d6\u011frencilere \u0130lkokul, Orta ve Orta\u00f6\u011fretim d\u00fczeyinde tam zamanl\u0131 programlar sunmaktad\u0131r. Okul y\u0131l\u0131 Eyl\u00fcl&#8217;de ba\u015flay\u0131p Haziran ay\u0131n\u0131n sonuna kadar devam eder. Ocak ay\u0131n\u0131n ikinci al\u0131m tarihi ilk ve orta dereceli \u00f6\u011frenciler i\u00e7in ge\u00e7erlidir. Ortaokul \u00f6\u011frencileri \u015eubat ay\u0131nda ba\u015flayabilir Orta\u00f6\u011fretim program\u0131m\u0131z, Eyl\u00fcl ay\u0131ndan ba\u015flayarak Ocak ay\u0131n\u0131n sonuna, \u015eubat ay\u0131n\u0131n ba\u015f\u0131ndan Haziran ay\u0131 sonuna &hellip; Continue reading Ders Y\u0131l\u0131 &rarr;\" \/>\n<meta property=\"og:url\" content=\"https:\/\/www.internationaled.com\/tr\/programs\/academic-year\/\" \/>\n<meta property=\"og:site_name\" content=\"Coquitlam School District 43\" \/>\n<meta property=\"article:modified_time\" content=\"2019-01-31T20:46:20+00:00\" \/>\n<meta property=\"og:image\" content=\"https:\/\/www.internationaled.com\/wp-content\/uploads\/2015\/10\/fondo_year.jpg\" \/>\n\t<meta property=\"og:image:width\" content=\"1920\" \/>\n\t<meta property=\"og:image:height\" content=\"400\" \/>\n\t<meta property=\"og:image:type\" content=\"image\/jpeg\" \/>\n<meta name=\"twitter:card\" content=\"summary_large_image\" \/>\n<meta name=\"twitter:label1\" content=\"Est. reading time\" \/>\n\t<meta name=\"twitter:data1\" content=\"1 minute\" \/>\n<script type=\"application\/ld+json\" class=\"yoast-schema-graph\">{\"@context\":\"https:\\\/\\\/schema.org\",\"@graph\":[{\"@type\":\"WebPage\",\"@id\":\"https:\\\/\\\/www.internationaled.com\\\/tr\\\/programs\\\/academic-year\\\/\",\"url\":\"https:\\\/\\\/www.internationaled.com\\\/tr\\\/programs\\\/academic-year\\\/\",\"name\":\"Ders Y\u0131l\u0131 - Coquitlam School District 43\",\"isPartOf\":{\"@id\":\"https:\\\/\\\/www.internationaled.com\\\/ar\\\/#website\"},\"primaryImageOfPage\":{\"@id\":\"https:\\\/\\\/www.internationaled.com\\\/tr\\\/programs\\\/academic-year\\\/#primaryimage\"},\"image\":{\"@id\":\"https:\\\/\\\/www.internationaled.com\\\/tr\\\/programs\\\/academic-year\\\/#primaryimage\"},\"thumbnailUrl\":\"https:\\\/\\\/cdn.internationaled.com\\\/wp-content\\\/uploads\\\/2015\\\/10\\\/fondo_year.jpg\",\"datePublished\":\"2015-10-27T16:20:37+00:00\",\"dateModified\":\"2019-01-31T20:46:20+00:00\",\"breadcrumb\":{\"@id\":\"https:\\\/\\\/www.internationaled.com\\\/tr\\\/programs\\\/academic-year\\\/#breadcrumb\"},\"inLanguage\":\"tr\",\"potentialAction\":[{\"@type\":\"ReadAction\",\"target\":[\"https:\\\/\\\/www.internationaled.com\\\/tr\\\/programs\\\/academic-year\\\/\"]}]},{\"@type\":\"ImageObject\",\"inLanguage\":\"tr\",\"@id\":\"https:\\\/\\\/www.internationaled.com\\\/tr\\\/programs\\\/academic-year\\\/#primaryimage\",\"url\":\"https:\\\/\\\/cdn.internationaled.com\\\/wp-content\\\/uploads\\\/2015\\\/10\\\/fondo_year.jpg\",\"contentUrl\":\"https:\\\/\\\/cdn.internationaled.com\\\/wp-content\\\/uploads\\\/2015\\\/10\\\/fondo_year.jpg\",\"width\":1920,\"height\":400},{\"@type\":\"BreadcrumbList\",\"@id\":\"https:\\\/\\\/www.internationaled.com\\\/tr\\\/programs\\\/academic-year\\\/#breadcrumb\",\"itemListElement\":[{\"@type\":\"ListItem\",\"position\":1,\"name\":\"Home\",\"item\":\"https:\\\/\\\/www.internationaled.com\\\/tr\\\/\"},{\"@type\":\"ListItem\",\"position\":2,\"name\":\"Programlar\u0131m\u0131z\",\"item\":\"https:\\\/\\\/www.internationaled.com\\\/tr\\\/programs\\\/\"},{\"@type\":\"ListItem\",\"position\":3,\"name\":\"Ders Y\u0131l\u0131\"}]},{\"@type\":\"WebSite\",\"@id\":\"https:\\\/\\\/www.internationaled.com\\\/ar\\\/#website\",\"url\":\"https:\\\/\\\/www.internationaled.com\\\/ar\\\/\",\"name\":\"Coquitlam School District 43\",\"description\":\"Learning for a Lifetime\",\"potentialAction\":[{\"@type\":\"SearchAction\",\"target\":{\"@type\":\"EntryPoint\",\"urlTemplate\":\"https:\\\/\\\/www.internationaled.com\\\/ar\\\/?s={search_term_string}\"},\"query-input\":{\"@type\":\"PropertyValueSpecification\",\"valueRequired\":true,\"valueName\":\"search_term_string\"}}],\"inLanguage\":\"tr\"}]}<\/script>\n<!-- \/ Yoast SEO plugin. -->","yoast_head_json":{"title":"Ders Y\u0131l\u0131 - Coquitlam School District 43","robots":{"index":"index","follow":"follow","max-snippet":"max-snippet:-1","max-image-preview":"max-image-preview:large","max-video-preview":"max-video-preview:-1"},"canonical":"https:\/\/www.internationaled.com\/tr\/programs\/academic-year\/","og_locale":"tr_TR","og_type":"article","og_title":"Ders Y\u0131l\u0131 - Coquitlam School District 43","og_description":"Coquitlam Okul B\u00f6lgesi, Uluslararas\u0131 \u00d6\u011frencilere \u0130lkokul, Orta ve Orta\u00f6\u011fretim d\u00fczeyinde tam zamanl\u0131 programlar sunmaktad\u0131r. Okul y\u0131l\u0131 Eyl\u00fcl&#8217;de ba\u015flay\u0131p Haziran ay\u0131n\u0131n sonuna kadar devam eder. Ocak ay\u0131n\u0131n ikinci al\u0131m tarihi ilk ve orta dereceli \u00f6\u011frenciler i\u00e7in ge\u00e7erlidir. Ortaokul \u00f6\u011frencileri \u015eubat ay\u0131nda ba\u015flayabilir Orta\u00f6\u011fretim program\u0131m\u0131z, Eyl\u00fcl ay\u0131ndan ba\u015flayarak Ocak ay\u0131n\u0131n sonuna, \u015eubat ay\u0131n\u0131n ba\u015f\u0131ndan Haziran ay\u0131 sonuna &hellip; Continue reading Ders Y\u0131l\u0131 &rarr;","og_url":"https:\/\/www.internationaled.com\/tr\/programs\/academic-year\/","og_site_name":"Coquitlam School District 43","article_modified_time":"2019-01-31T20:46:20+00:00","og_image":[{"width":1920,"height":400,"url":"https:\/\/www.internationaled.com\/wp-content\/uploads\/2015\/10\/fondo_year.jpg","type":"image\/jpeg"}],"twitter_card":"summary_large_image","twitter_misc":{"Est. reading time":"1 minute"},"schema":{"@context":"https:\/\/schema.org","@graph":[{"@type":"WebPage","@id":"https:\/\/www.internationaled.com\/tr\/programs\/academic-year\/","url":"https:\/\/www.internationaled.com\/tr\/programs\/academic-year\/","name":"Ders Y\u0131l\u0131 - Coquitlam School District 43","isPartOf":{"@id":"https:\/\/www.internationaled.com\/ar\/#website"},"primaryImageOfPage":{"@id":"https:\/\/www.internationaled.com\/tr\/programs\/academic-year\/#primaryimage"},"image":{"@id":"https:\/\/www.internationaled.com\/tr\/programs\/academic-year\/#primaryimage"},"thumbnailUrl":"https:\/\/cdn.internationaled.com\/wp-content\/uploads\/2015\/10\/fondo_year.jpg","datePublished":"2015-10-27T16:20:37+00:00","dateModified":"2019-01-31T20:46:20+00:00","breadcrumb":{"@id":"https:\/\/www.internationaled.com\/tr\/programs\/academic-year\/#breadcrumb"},"inLanguage":"tr","potentialAction":[{"@type":"ReadAction","target":["https:\/\/www.internationaled.com\/tr\/programs\/academic-year\/"]}]},{"@type":"ImageObject","inLanguage":"tr","@id":"https:\/\/www.internationaled.com\/tr\/programs\/academic-year\/#primaryimage","url":"https:\/\/cdn.internationaled.com\/wp-content\/uploads\/2015\/10\/fondo_year.jpg","contentUrl":"https:\/\/cdn.internationaled.com\/wp-content\/uploads\/2015\/10\/fondo_year.jpg","width":1920,"height":400},{"@type":"BreadcrumbList","@id":"https:\/\/www.internationaled.com\/tr\/programs\/academic-year\/#breadcrumb","itemListElement":[{"@type":"ListItem","position":1,"name":"Home","item":"https:\/\/www.internationaled.com\/tr\/"},{"@type":"ListItem","position":2,"name":"Programlar\u0131m\u0131z","item":"https:\/\/www.internationaled.com\/tr\/programs\/"},{"@type":"ListItem","position":3,"name":"Ders Y\u0131l\u0131"}]},{"@type":"WebSite","@id":"https:\/\/www.internationaled.com\/ar\/#website","url":"https:\/\/www.internationaled.com\/ar\/","name":"Coquitlam School District 43","description":"Learning for a Lifetime","potentialAction":[{"@type":"SearchAction","target":{"@type":"EntryPoint","urlTemplate":"https:\/\/www.internationaled.com\/ar\/?s={search_term_string}"},"query-input":{"@type":"PropertyValueSpecification","valueRequired":true,"valueName":"search_term_string"}}],"inLanguage":"tr"}]}},"_links":{"self":[{"href":"https:\/\/www.internationaled.com\/tr\/wp-json\/wp\/v2\/pages\/2101","targetHints":{"allow":["GET"]}}],"collection":[{"href":"https:\/\/www.internationaled.com\/tr\/wp-json\/wp\/v2\/pages"}],"about":[{"href":"https:\/\/www.internationaled.com\/tr\/wp-json\/wp\/v2\/types\/page"}],"author":[{"embeddable":true,"href":"https:\/\/www.internationaled.com\/tr\/wp-json\/wp\/v2\/users\/14"}],"replies":[{"embeddable":true,"href":"https:\/\/www.internationaled.com\/tr\/wp-json\/wp\/v2\/comments?post=2101"}],"version-history":[{"count":4,"href":"https:\/\/www.internationaled.com\/tr\/wp-json\/wp\/v2\/pages\/2101\/revisions"}],"predecessor-version":[{"id":5729,"href":"https:\/\/www.internationaled.com\/tr\/wp-json\/wp\/v2\/pages\/2101\/revisions\/5729"}],"up":[{"embeddable":true,"href":"https:\/\/www.internationaled.com\/tr\/wp-json\/wp\/v2\/pages\/2098"}],"wp:featuredmedia":[{"embeddable":true,"href":"https:\/\/www.internationaled.com\/tr\/wp-json\/wp\/v2\/media\/335"}],"wp:attachment":[{"href":"https:\/\/www.internationaled.com\/tr\/wp-json\/wp\/v2\/media?parent=2101"}],"curies":[{"name":"wp","href":"https:\/\/api.w.org\/{rel}","templated":true}]}}