{"id":2102,"date":"2015-10-27T16:20:56","date_gmt":"2015-10-27T16:20:56","guid":{"rendered":"http:\/\/internationaled.com\/programs\/summer-program\/?lang=tr"},"modified":"2018-11-23T23:30:43","modified_gmt":"2018-11-23T23:30:43","slug":"summer-program","status":"publish","type":"page","link":"https:\/\/www.internationaled.com\/tr\/programs\/summer-program\/","title":{"rendered":"Yaz Programlar\u0131"},"content":{"rendered":"<h3 class=\"blue\">Yaz D\u00f6nemi Yo\u011fun ESL (\u0130kinci Dil Olarak \u0130ngilizce) ve K\u00fclt\u00fcr Program\u0131<\/h3>\n<h3>Sadece Sabahlar\u0131 Yo\u011fun ESL<\/h3>\n<p>Bu yar\u0131m g\u00fcnl\u00fck program pratik konu\u015fma, dinleme, okuma, s\u00f6zc\u00fck da\u011farc\u0131\u011f\u0131 ve yazma becerileri \u00fczerinde yo\u011funla\u015fmaktad\u0131r. \u00d6\u011frenciler Kanada, toplum, \u00e7evre ve British Columbia gibi konulara odaklanan etkinliklere kat\u0131l\u0131r. \u00d6\u011frenciler her program\u0131n ba\u015flang\u0131c\u0131nda de\u011ferlendirmeye tabi tutulur. Ayr\u0131ca, \u00f6\u011frencilere her hafta test uygulan\u0131r ve programlar\u0131n\u0131n sonunda bir B\u0130T\u0130RME SERT\u0130F\u0130KASI ve Karne al\u0131rlar.<\/p>\n<h3>Saatler: 8:30 &#8211; 12:00<\/h3>\n<h3>\u00d6\u011fleden Sonra K\u00fclt\u00fcrel ve Sportif Etkinlikler<\/h3>\n<p>\u00d6\u011fleden sonra etkinlikleri sabah ESL (\u0130kinci Dil Olarak \u0130ngilizce) program\u0131 ile birle\u015ftirilerek komple bir ESL (\u0130kinci Dil Olarak \u0130ngilizce) ve Kanada deneyimi yarat\u0131labilir.<\/p>\n<p>Grup etkinliklerine kat\u0131larak ve British Columbia\u2019n\u0131n Alt Anakara b\u00f6lgesinde g\u00fczel a\u00e7\u0131k alanlar\u0131 ke\u015ffederek Kanada k\u00fclt\u00fcr\u00fcn\u00fc ya\u015famak ve yeni \u00f6\u011frenilen \u0130ngilizce becerilerini kullanmak i\u00e7in bir f\u0131rsat. \u00d6\u011fleden sonra K\u00fclt\u00fcr Program\u0131 y\u00fczme, piknik, golf, tenis, bowling, kano, y\u00fcr\u00fcy\u00fc\u015f, tak\u0131m sporlar\u0131, el sanatlar\u0131 gibi etkinlikleri ve <a href=\"http:\/\/www.seegastown.com\">Gastown<\/a>, <a href=\"http:\/\/www.seestanleypark.com\">Stanley Park<\/a>, <a href=\"http:\/\/www.vanaqua.org\">Vancouver Akvaryumu<\/a>, <a href=\"http:\/\/www.capbridge.com\">Capilano Asma K\u00f6pr\u00fcs\u00fc<\/a>, <a href=\"http:\/\/www.ubc.ca\">British Columbia \u00dcniversitesi<\/a>, <a href=\"http:\/\/www.metropolisatmetrotown.com\" target=\"blank\">Metrotown<\/a>, <a href=\"http:\/\/www.moa.ubc.ca\">Antropoloji M\u00fczesi<\/a> ve <a href=\"http:\/\/www.hrmacmillanspacecentre.com\/\">H.R. MacMillan Uzay Merkezi gibi g\u00f6rmeye de\u011fer pop\u00fcler yerlere otob\u00fcs gezilerini i\u00e7erir<\/a>.<\/p>\n<h3>Saatler: 12:00 &#8211; 16:30<\/h3>\n<ul>\n<li class=\"forms\"><a href=\"http:\/\/www.internationaled.com\/wp-content\/uploads\/2016\/12\/Summer-School-Registration-2020.pdf\" target=\"_blank\" rel=\"noopener\">Summer School Application Form<\/a><\/li>\n<li class=\"forms\"><a href=\"http:\/\/www.internationaled.com\/wp-content\/uploads\/2017\/10\/Intenational-Education-Summer-Credit-Course-2020-Registration.pdf\" target=\"_blank\" rel=\"noopener\">Summer High School Credit Courses Application Form<\/a><\/li>\n<\/ul>\n","protected":false},"excerpt":{"rendered":"<p>Yaz D\u00f6nemi Yo\u011fun ESL (\u0130kinci Dil Olarak \u0130ngilizce) ve K\u00fclt\u00fcr Program\u0131 Sadece Sabahlar\u0131 Yo\u011fun ESL Bu yar\u0131m g\u00fcnl\u00fck program pratik konu\u015fma, dinleme, okuma, s\u00f6zc\u00fck da\u011farc\u0131\u011f\u0131 ve yazma becerileri \u00fczerinde yo\u011funla\u015fmaktad\u0131r. \u00d6\u011frenciler Kanada, toplum, \u00e7evre ve British Columbia gibi konulara odaklanan etkinliklere kat\u0131l\u0131r. \u00d6\u011frenciler her program\u0131n ba\u015flang\u0131c\u0131nda de\u011ferlendirmeye tabi tutulur. Ayr\u0131ca, \u00f6\u011frencilere her hafta test uygulan\u0131r &hellip; <a href=\"https:\/\/www.internationaled.com\/tr\/programs\/summer-program\/\" class=\"more-link\">Continue reading <span class=\"screen-reader-text\">Yaz Programlar\u0131<\/span> <span class=\"meta-nav\">&rarr;<\/span><\/a><\/p>\n","protected":false},"author":14,"featured_media":336,"parent":2098,"menu_order":3,"comment_status":"closed","ping_status":"closed","template":"page-standard.php","meta":{"footnotes":""},"class_list":["post-2102","page","type-page","status-publish","has-post-thumbnail","hentry"],"yoast_head":"<!-- This site is optimized with the Yoast SEO plugin v27.3 - https:\/\/yoast.com\/product\/yoast-seo-wordpress\/ -->\n<title>Yaz Programlar\u0131 - Coquitlam School District 43<\/title>\n<meta name=\"robots\" content=\"index, follow, max-snippet:-1, max-image-preview:large, max-video-preview:-1\" \/>\n<link rel=\"canonical\" href=\"https:\/\/www.internationaled.com\/tr\/programs\/summer-program\/\" \/>\n<meta property=\"og:locale\" content=\"tr_TR\" \/>\n<meta property=\"og:type\" content=\"article\" \/>\n<meta property=\"og:title\" content=\"Yaz Programlar\u0131 - Coquitlam School District 43\" \/>\n<meta property=\"og:description\" content=\"Yaz D\u00f6nemi Yo\u011fun ESL (\u0130kinci Dil Olarak \u0130ngilizce) ve K\u00fclt\u00fcr Program\u0131 Sadece Sabahlar\u0131 Yo\u011fun ESL Bu yar\u0131m g\u00fcnl\u00fck program pratik konu\u015fma, dinleme, okuma, s\u00f6zc\u00fck da\u011farc\u0131\u011f\u0131 ve yazma becerileri \u00fczerinde yo\u011funla\u015fmaktad\u0131r. \u00d6\u011frenciler Kanada, toplum, \u00e7evre ve British Columbia gibi konulara odaklanan etkinliklere kat\u0131l\u0131r. \u00d6\u011frenciler her program\u0131n ba\u015flang\u0131c\u0131nda de\u011ferlendirmeye tabi tutulur. Ayr\u0131ca, \u00f6\u011frencilere her hafta test uygulan\u0131r &hellip; Continue reading Yaz Programlar\u0131 &rarr;\" \/>\n<meta property=\"og:url\" content=\"https:\/\/www.internationaled.com\/tr\/programs\/summer-program\/\" \/>\n<meta property=\"og:site_name\" content=\"Coquitlam School District 43\" \/>\n<meta property=\"article:modified_time\" content=\"2018-11-23T23:30:43+00:00\" \/>\n<meta property=\"og:image\" content=\"https:\/\/www.internationaled.com\/wp-content\/uploads\/2015\/10\/fondo_summer.jpg\" \/>\n\t<meta property=\"og:image:width\" content=\"1920\" \/>\n\t<meta property=\"og:image:height\" content=\"400\" \/>\n\t<meta property=\"og:image:type\" content=\"image\/jpeg\" \/>\n<meta name=\"twitter:card\" content=\"summary_large_image\" \/>\n<meta name=\"twitter:label1\" content=\"Est. reading time\" \/>\n\t<meta name=\"twitter:data1\" content=\"1 minute\" \/>\n<script type=\"application\/ld+json\" class=\"yoast-schema-graph\">{\"@context\":\"https:\\\/\\\/schema.org\",\"@graph\":[{\"@type\":\"WebPage\",\"@id\":\"https:\\\/\\\/www.internationaled.com\\\/tr\\\/programs\\\/summer-program\\\/\",\"url\":\"https:\\\/\\\/www.internationaled.com\\\/tr\\\/programs\\\/summer-program\\\/\",\"name\":\"Yaz Programlar\u0131 - Coquitlam School District 43\",\"isPartOf\":{\"@id\":\"https:\\\/\\\/www.internationaled.com\\\/ar\\\/#website\"},\"primaryImageOfPage\":{\"@id\":\"https:\\\/\\\/www.internationaled.com\\\/tr\\\/programs\\\/summer-program\\\/#primaryimage\"},\"image\":{\"@id\":\"https:\\\/\\\/www.internationaled.com\\\/tr\\\/programs\\\/summer-program\\\/#primaryimage\"},\"thumbnailUrl\":\"https:\\\/\\\/cdn.internationaled.com\\\/wp-content\\\/uploads\\\/2015\\\/10\\\/fondo_summer.jpg\",\"datePublished\":\"2015-10-27T16:20:56+00:00\",\"dateModified\":\"2018-11-23T23:30:43+00:00\",\"breadcrumb\":{\"@id\":\"https:\\\/\\\/www.internationaled.com\\\/tr\\\/programs\\\/summer-program\\\/#breadcrumb\"},\"inLanguage\":\"tr\",\"potentialAction\":[{\"@type\":\"ReadAction\",\"target\":[\"https:\\\/\\\/www.internationaled.com\\\/tr\\\/programs\\\/summer-program\\\/\"]}]},{\"@type\":\"ImageObject\",\"inLanguage\":\"tr\",\"@id\":\"https:\\\/\\\/www.internationaled.com\\\/tr\\\/programs\\\/summer-program\\\/#primaryimage\",\"url\":\"https:\\\/\\\/cdn.internationaled.com\\\/wp-content\\\/uploads\\\/2015\\\/10\\\/fondo_summer.jpg\",\"contentUrl\":\"https:\\\/\\\/cdn.internationaled.com\\\/wp-content\\\/uploads\\\/2015\\\/10\\\/fondo_summer.jpg\",\"width\":1920,\"height\":400},{\"@type\":\"BreadcrumbList\",\"@id\":\"https:\\\/\\\/www.internationaled.com\\\/tr\\\/programs\\\/summer-program\\\/#breadcrumb\",\"itemListElement\":[{\"@type\":\"ListItem\",\"position\":1,\"name\":\"Home\",\"item\":\"https:\\\/\\\/www.internationaled.com\\\/tr\\\/\"},{\"@type\":\"ListItem\",\"position\":2,\"name\":\"Programlar\u0131m\u0131z\",\"item\":\"https:\\\/\\\/www.internationaled.com\\\/tr\\\/programs\\\/\"},{\"@type\":\"ListItem\",\"position\":3,\"name\":\"Yaz Programlar\u0131\"}]},{\"@type\":\"WebSite\",\"@id\":\"https:\\\/\\\/www.internationaled.com\\\/ar\\\/#website\",\"url\":\"https:\\\/\\\/www.internationaled.com\\\/ar\\\/\",\"name\":\"Coquitlam School District 43\",\"description\":\"Learning for a Lifetime\",\"potentialAction\":[{\"@type\":\"SearchAction\",\"target\":{\"@type\":\"EntryPoint\",\"urlTemplate\":\"https:\\\/\\\/www.internationaled.com\\\/ar\\\/?s={search_term_string}\"},\"query-input\":{\"@type\":\"PropertyValueSpecification\",\"valueRequired\":true,\"valueName\":\"search_term_string\"}}],\"inLanguage\":\"tr\"}]}<\/script>\n<!-- \/ Yoast SEO plugin. -->","yoast_head_json":{"title":"Yaz Programlar\u0131 - Coquitlam School District 43","robots":{"index":"index","follow":"follow","max-snippet":"max-snippet:-1","max-image-preview":"max-image-preview:large","max-video-preview":"max-video-preview:-1"},"canonical":"https:\/\/www.internationaled.com\/tr\/programs\/summer-program\/","og_locale":"tr_TR","og_type":"article","og_title":"Yaz Programlar\u0131 - Coquitlam School District 43","og_description":"Yaz D\u00f6nemi Yo\u011fun ESL (\u0130kinci Dil Olarak \u0130ngilizce) ve K\u00fclt\u00fcr Program\u0131 Sadece Sabahlar\u0131 Yo\u011fun ESL Bu yar\u0131m g\u00fcnl\u00fck program pratik konu\u015fma, dinleme, okuma, s\u00f6zc\u00fck da\u011farc\u0131\u011f\u0131 ve yazma becerileri \u00fczerinde yo\u011funla\u015fmaktad\u0131r. \u00d6\u011frenciler Kanada, toplum, \u00e7evre ve British Columbia gibi konulara odaklanan etkinliklere kat\u0131l\u0131r. \u00d6\u011frenciler her program\u0131n ba\u015flang\u0131c\u0131nda de\u011ferlendirmeye tabi tutulur. Ayr\u0131ca, \u00f6\u011frencilere her hafta test uygulan\u0131r &hellip; Continue reading Yaz Programlar\u0131 &rarr;","og_url":"https:\/\/www.internationaled.com\/tr\/programs\/summer-program\/","og_site_name":"Coquitlam School District 43","article_modified_time":"2018-11-23T23:30:43+00:00","og_image":[{"width":1920,"height":400,"url":"https:\/\/www.internationaled.com\/wp-content\/uploads\/2015\/10\/fondo_summer.jpg","type":"image\/jpeg"}],"twitter_card":"summary_large_image","twitter_misc":{"Est. reading time":"1 minute"},"schema":{"@context":"https:\/\/schema.org","@graph":[{"@type":"WebPage","@id":"https:\/\/www.internationaled.com\/tr\/programs\/summer-program\/","url":"https:\/\/www.internationaled.com\/tr\/programs\/summer-program\/","name":"Yaz Programlar\u0131 - Coquitlam School District 43","isPartOf":{"@id":"https:\/\/www.internationaled.com\/ar\/#website"},"primaryImageOfPage":{"@id":"https:\/\/www.internationaled.com\/tr\/programs\/summer-program\/#primaryimage"},"image":{"@id":"https:\/\/www.internationaled.com\/tr\/programs\/summer-program\/#primaryimage"},"thumbnailUrl":"https:\/\/cdn.internationaled.com\/wp-content\/uploads\/2015\/10\/fondo_summer.jpg","datePublished":"2015-10-27T16:20:56+00:00","dateModified":"2018-11-23T23:30:43+00:00","breadcrumb":{"@id":"https:\/\/www.internationaled.com\/tr\/programs\/summer-program\/#breadcrumb"},"inLanguage":"tr","potentialAction":[{"@type":"ReadAction","target":["https:\/\/www.internationaled.com\/tr\/programs\/summer-program\/"]}]},{"@type":"ImageObject","inLanguage":"tr","@id":"https:\/\/www.internationaled.com\/tr\/programs\/summer-program\/#primaryimage","url":"https:\/\/cdn.internationaled.com\/wp-content\/uploads\/2015\/10\/fondo_summer.jpg","contentUrl":"https:\/\/cdn.internationaled.com\/wp-content\/uploads\/2015\/10\/fondo_summer.jpg","width":1920,"height":400},{"@type":"BreadcrumbList","@id":"https:\/\/www.internationaled.com\/tr\/programs\/summer-program\/#breadcrumb","itemListElement":[{"@type":"ListItem","position":1,"name":"Home","item":"https:\/\/www.internationaled.com\/tr\/"},{"@type":"ListItem","position":2,"name":"Programlar\u0131m\u0131z","item":"https:\/\/www.internationaled.com\/tr\/programs\/"},{"@type":"ListItem","position":3,"name":"Yaz Programlar\u0131"}]},{"@type":"WebSite","@id":"https:\/\/www.internationaled.com\/ar\/#website","url":"https:\/\/www.internationaled.com\/ar\/","name":"Coquitlam School District 43","description":"Learning for a Lifetime","potentialAction":[{"@type":"SearchAction","target":{"@type":"EntryPoint","urlTemplate":"https:\/\/www.internationaled.com\/ar\/?s={search_term_string}"},"query-input":{"@type":"PropertyValueSpecification","valueRequired":true,"valueName":"search_term_string"}}],"inLanguage":"tr"}]}},"_links":{"self":[{"href":"https:\/\/www.internationaled.com\/tr\/wp-json\/wp\/v2\/pages\/2102","targetHints":{"allow":["GET"]}}],"collection":[{"href":"https:\/\/www.internationaled.com\/tr\/wp-json\/wp\/v2\/pages"}],"about":[{"href":"https:\/\/www.internationaled.com\/tr\/wp-json\/wp\/v2\/types\/page"}],"author":[{"embeddable":true,"href":"https:\/\/www.internationaled.com\/tr\/wp-json\/wp\/v2\/users\/14"}],"replies":[{"embeddable":true,"href":"https:\/\/www.internationaled.com\/tr\/wp-json\/wp\/v2\/comments?post=2102"}],"version-history":[{"count":4,"href":"https:\/\/www.internationaled.com\/tr\/wp-json\/wp\/v2\/pages\/2102\/revisions"}],"predecessor-version":[{"id":5650,"href":"https:\/\/www.internationaled.com\/tr\/wp-json\/wp\/v2\/pages\/2102\/revisions\/5650"}],"up":[{"embeddable":true,"href":"https:\/\/www.internationaled.com\/tr\/wp-json\/wp\/v2\/pages\/2098"}],"wp:featuredmedia":[{"embeddable":true,"href":"https:\/\/www.internationaled.com\/tr\/wp-json\/wp\/v2\/media\/336"}],"wp:attachment":[{"href":"https:\/\/www.internationaled.com\/tr\/wp-json\/wp\/v2\/media?parent=2102"}],"curies":[{"name":"wp","href":"https:\/\/api.w.org\/{rel}","templated":true}]}}