{"id":2103,"date":"2015-10-19T17:41:01","date_gmt":"2015-10-19T17:41:01","guid":{"rendered":"http:\/\/internationaled.com\/schools\/?lang=tr"},"modified":"2016-07-22T10:09:57","modified_gmt":"2016-07-22T10:09:57","slug":"schools","status":"publish","type":"page","link":"https:\/\/www.internationaled.com\/tr\/schools\/","title":{"rendered":"Okullar\u0131m\u0131z"},"content":{"rendered":"<p>British Columbia h\u00fck\u00fcmeti taraf\u0131ndan denetlenen okullar\u0131m\u0131zda \u00e7al\u0131\u015fan sertifikal\u0131 \u00f6\u011fretmenler d\u00fcnyan\u0131n en iyi \u00f6\u011fretmenleri aras\u0131nda bulunmaktad\u0131r. Okullar\u0131m\u0131zda sadece British Columbia h\u00fck\u00fcmeti E\u011fitim Bakanl\u0131\u011f\u0131 onayl\u0131 m\u00fcfredat program\u0131 uygulanmaktad\u0131r. Pek \u00e7o\u011fu yeni olan 66 adet okulumuz modern imk\u00e2n ve teknolojilerle donat\u0131lm\u0131\u015ft\u0131r. Anadili \u0130ngilizce olmayan uluslararas\u0131 \u00f6\u011frencilerimize ESL sertifikal\u0131 \u00f6\u011fretmenler destek olmaktad\u0131r. Ayr\u0131ca okullar\u0131m\u0131z taraf\u0131ndan verilen, &#8220;Dogwood Diploma&#8221; olarak da adland\u0131r\u0131lan lise mezuniyet sertifikas\u0131 t\u00fcm Kanada ve ABD \u00fcniversiteleri taraf\u0131ndan kabul g\u00f6rmektedir.<\/p>\n","protected":false},"excerpt":{"rendered":"<p>British Columbia h\u00fck\u00fcmeti taraf\u0131ndan denetlenen okullar\u0131m\u0131zda \u00e7al\u0131\u015fan sertifikal\u0131 \u00f6\u011fretmenler d\u00fcnyan\u0131n en iyi \u00f6\u011fretmenleri aras\u0131nda bulunmaktad\u0131r. Okullar\u0131m\u0131zda sadece British Columbia h\u00fck\u00fcmeti E\u011fitim Bakanl\u0131\u011f\u0131 onayl\u0131 m\u00fcfredat program\u0131 uygulanmaktad\u0131r. Pek \u00e7o\u011fu yeni olan 66 adet okulumuz modern imk\u00e2n ve teknolojilerle donat\u0131lm\u0131\u015ft\u0131r. Anadili \u0130ngilizce olmayan uluslararas\u0131 \u00f6\u011frencilerimize ESL sertifikal\u0131 \u00f6\u011fretmenler destek olmaktad\u0131r. Ayr\u0131ca okullar\u0131m\u0131z taraf\u0131ndan verilen, &#8220;Dogwood Diploma&#8221; olarak &hellip; <a href=\"https:\/\/www.internationaled.com\/tr\/schools\/\" class=\"more-link\">Continue reading <span class=\"screen-reader-text\">Okullar\u0131m\u0131z<\/span> <span class=\"meta-nav\">&rarr;<\/span><\/a><\/p>\n","protected":false},"author":14,"featured_media":301,"parent":0,"menu_order":0,"comment_status":"closed","ping_status":"closed","template":"page-our-school.php","meta":{"footnotes":""},"class_list":["post-2103","page","type-page","status-publish","has-post-thumbnail","hentry"],"yoast_head":"<!-- This site is optimized with the Yoast SEO plugin v27.3 - https:\/\/yoast.com\/product\/yoast-seo-wordpress\/ -->\n<title>Okullar\u0131m\u0131z - Coquitlam School District 43<\/title>\n<meta name=\"robots\" content=\"index, follow, max-snippet:-1, max-image-preview:large, max-video-preview:-1\" \/>\n<link rel=\"canonical\" href=\"https:\/\/www.internationaled.com\/tr\/schools\/\" \/>\n<meta property=\"og:locale\" content=\"tr_TR\" \/>\n<meta property=\"og:type\" content=\"article\" \/>\n<meta property=\"og:title\" content=\"Okullar\u0131m\u0131z - Coquitlam School District 43\" \/>\n<meta property=\"og:description\" content=\"British Columbia h\u00fck\u00fcmeti taraf\u0131ndan denetlenen okullar\u0131m\u0131zda \u00e7al\u0131\u015fan sertifikal\u0131 \u00f6\u011fretmenler d\u00fcnyan\u0131n en iyi \u00f6\u011fretmenleri aras\u0131nda bulunmaktad\u0131r. Okullar\u0131m\u0131zda sadece British Columbia h\u00fck\u00fcmeti E\u011fitim Bakanl\u0131\u011f\u0131 onayl\u0131 m\u00fcfredat program\u0131 uygulanmaktad\u0131r. Pek \u00e7o\u011fu yeni olan 66 adet okulumuz modern imk\u00e2n ve teknolojilerle donat\u0131lm\u0131\u015ft\u0131r. Anadili \u0130ngilizce olmayan uluslararas\u0131 \u00f6\u011frencilerimize ESL sertifikal\u0131 \u00f6\u011fretmenler destek olmaktad\u0131r. Ayr\u0131ca okullar\u0131m\u0131z taraf\u0131ndan verilen, &#8220;Dogwood Diploma&#8221; olarak &hellip; Continue reading Okullar\u0131m\u0131z &rarr;\" \/>\n<meta property=\"og:url\" content=\"https:\/\/www.internationaled.com\/tr\/schools\/\" \/>\n<meta property=\"og:site_name\" content=\"Coquitlam School District 43\" \/>\n<meta property=\"article:modified_time\" content=\"2016-07-22T10:09:57+00:00\" \/>\n<meta property=\"og:image\" content=\"https:\/\/www.internationaled.com\/wp-content\/uploads\/2015\/10\/fondo_school.jpg\" \/>\n\t<meta property=\"og:image:width\" content=\"1920\" \/>\n\t<meta property=\"og:image:height\" content=\"400\" \/>\n\t<meta property=\"og:image:type\" content=\"image\/jpeg\" \/>\n<meta name=\"twitter:card\" content=\"summary_large_image\" \/>\n<script type=\"application\/ld+json\" class=\"yoast-schema-graph\">{\"@context\":\"https:\\\/\\\/schema.org\",\"@graph\":[{\"@type\":\"WebPage\",\"@id\":\"https:\\\/\\\/www.internationaled.com\\\/tr\\\/schools\\\/\",\"url\":\"https:\\\/\\\/www.internationaled.com\\\/tr\\\/schools\\\/\",\"name\":\"Okullar\u0131m\u0131z - Coquitlam School District 43\",\"isPartOf\":{\"@id\":\"https:\\\/\\\/www.internationaled.com\\\/ar\\\/#website\"},\"primaryImageOfPage\":{\"@id\":\"https:\\\/\\\/www.internationaled.com\\\/tr\\\/schools\\\/#primaryimage\"},\"image\":{\"@id\":\"https:\\\/\\\/www.internationaled.com\\\/tr\\\/schools\\\/#primaryimage\"},\"thumbnailUrl\":\"https:\\\/\\\/cdn.internationaled.com\\\/wp-content\\\/uploads\\\/2015\\\/10\\\/fondo_school.jpg\",\"datePublished\":\"2015-10-19T17:41:01+00:00\",\"dateModified\":\"2016-07-22T10:09:57+00:00\",\"breadcrumb\":{\"@id\":\"https:\\\/\\\/www.internationaled.com\\\/tr\\\/schools\\\/#breadcrumb\"},\"inLanguage\":\"tr\",\"potentialAction\":[{\"@type\":\"ReadAction\",\"target\":[\"https:\\\/\\\/www.internationaled.com\\\/tr\\\/schools\\\/\"]}]},{\"@type\":\"ImageObject\",\"inLanguage\":\"tr\",\"@id\":\"https:\\\/\\\/www.internationaled.com\\\/tr\\\/schools\\\/#primaryimage\",\"url\":\"https:\\\/\\\/cdn.internationaled.com\\\/wp-content\\\/uploads\\\/2015\\\/10\\\/fondo_school.jpg\",\"contentUrl\":\"https:\\\/\\\/cdn.internationaled.com\\\/wp-content\\\/uploads\\\/2015\\\/10\\\/fondo_school.jpg\",\"width\":1920,\"height\":400,\"caption\":\"preparatorias en canada\"},{\"@type\":\"BreadcrumbList\",\"@id\":\"https:\\\/\\\/www.internationaled.com\\\/tr\\\/schools\\\/#breadcrumb\",\"itemListElement\":[{\"@type\":\"ListItem\",\"position\":1,\"name\":\"Home\",\"item\":\"https:\\\/\\\/www.internationaled.com\\\/tr\\\/\"},{\"@type\":\"ListItem\",\"position\":2,\"name\":\"Okullar\u0131m\u0131z\"}]},{\"@type\":\"WebSite\",\"@id\":\"https:\\\/\\\/www.internationaled.com\\\/ar\\\/#website\",\"url\":\"https:\\\/\\\/www.internationaled.com\\\/ar\\\/\",\"name\":\"Coquitlam School District 43\",\"description\":\"Learning for a Lifetime\",\"potentialAction\":[{\"@type\":\"SearchAction\",\"target\":{\"@type\":\"EntryPoint\",\"urlTemplate\":\"https:\\\/\\\/www.internationaled.com\\\/ar\\\/?s={search_term_string}\"},\"query-input\":{\"@type\":\"PropertyValueSpecification\",\"valueRequired\":true,\"valueName\":\"search_term_string\"}}],\"inLanguage\":\"tr\"}]}<\/script>\n<!-- \/ Yoast SEO plugin. -->","yoast_head_json":{"title":"Okullar\u0131m\u0131z - Coquitlam School District 43","robots":{"index":"index","follow":"follow","max-snippet":"max-snippet:-1","max-image-preview":"max-image-preview:large","max-video-preview":"max-video-preview:-1"},"canonical":"https:\/\/www.internationaled.com\/tr\/schools\/","og_locale":"tr_TR","og_type":"article","og_title":"Okullar\u0131m\u0131z - Coquitlam School District 43","og_description":"British Columbia h\u00fck\u00fcmeti taraf\u0131ndan denetlenen okullar\u0131m\u0131zda \u00e7al\u0131\u015fan sertifikal\u0131 \u00f6\u011fretmenler d\u00fcnyan\u0131n en iyi \u00f6\u011fretmenleri aras\u0131nda bulunmaktad\u0131r. Okullar\u0131m\u0131zda sadece British Columbia h\u00fck\u00fcmeti E\u011fitim Bakanl\u0131\u011f\u0131 onayl\u0131 m\u00fcfredat program\u0131 uygulanmaktad\u0131r. Pek \u00e7o\u011fu yeni olan 66 adet okulumuz modern imk\u00e2n ve teknolojilerle donat\u0131lm\u0131\u015ft\u0131r. Anadili \u0130ngilizce olmayan uluslararas\u0131 \u00f6\u011frencilerimize ESL sertifikal\u0131 \u00f6\u011fretmenler destek olmaktad\u0131r. Ayr\u0131ca okullar\u0131m\u0131z taraf\u0131ndan verilen, &#8220;Dogwood Diploma&#8221; olarak &hellip; Continue reading Okullar\u0131m\u0131z &rarr;","og_url":"https:\/\/www.internationaled.com\/tr\/schools\/","og_site_name":"Coquitlam School District 43","article_modified_time":"2016-07-22T10:09:57+00:00","og_image":[{"width":1920,"height":400,"url":"https:\/\/www.internationaled.com\/wp-content\/uploads\/2015\/10\/fondo_school.jpg","type":"image\/jpeg"}],"twitter_card":"summary_large_image","schema":{"@context":"https:\/\/schema.org","@graph":[{"@type":"WebPage","@id":"https:\/\/www.internationaled.com\/tr\/schools\/","url":"https:\/\/www.internationaled.com\/tr\/schools\/","name":"Okullar\u0131m\u0131z - Coquitlam School District 43","isPartOf":{"@id":"https:\/\/www.internationaled.com\/ar\/#website"},"primaryImageOfPage":{"@id":"https:\/\/www.internationaled.com\/tr\/schools\/#primaryimage"},"image":{"@id":"https:\/\/www.internationaled.com\/tr\/schools\/#primaryimage"},"thumbnailUrl":"https:\/\/cdn.internationaled.com\/wp-content\/uploads\/2015\/10\/fondo_school.jpg","datePublished":"2015-10-19T17:41:01+00:00","dateModified":"2016-07-22T10:09:57+00:00","breadcrumb":{"@id":"https:\/\/www.internationaled.com\/tr\/schools\/#breadcrumb"},"inLanguage":"tr","potentialAction":[{"@type":"ReadAction","target":["https:\/\/www.internationaled.com\/tr\/schools\/"]}]},{"@type":"ImageObject","inLanguage":"tr","@id":"https:\/\/www.internationaled.com\/tr\/schools\/#primaryimage","url":"https:\/\/cdn.internationaled.com\/wp-content\/uploads\/2015\/10\/fondo_school.jpg","contentUrl":"https:\/\/cdn.internationaled.com\/wp-content\/uploads\/2015\/10\/fondo_school.jpg","width":1920,"height":400,"caption":"preparatorias en canada"},{"@type":"BreadcrumbList","@id":"https:\/\/www.internationaled.com\/tr\/schools\/#breadcrumb","itemListElement":[{"@type":"ListItem","position":1,"name":"Home","item":"https:\/\/www.internationaled.com\/tr\/"},{"@type":"ListItem","position":2,"name":"Okullar\u0131m\u0131z"}]},{"@type":"WebSite","@id":"https:\/\/www.internationaled.com\/ar\/#website","url":"https:\/\/www.internationaled.com\/ar\/","name":"Coquitlam School District 43","description":"Learning for a Lifetime","potentialAction":[{"@type":"SearchAction","target":{"@type":"EntryPoint","urlTemplate":"https:\/\/www.internationaled.com\/ar\/?s={search_term_string}"},"query-input":{"@type":"PropertyValueSpecification","valueRequired":true,"valueName":"search_term_string"}}],"inLanguage":"tr"}]}},"_links":{"self":[{"href":"https:\/\/www.internationaled.com\/tr\/wp-json\/wp\/v2\/pages\/2103","targetHints":{"allow":["GET"]}}],"collection":[{"href":"https:\/\/www.internationaled.com\/tr\/wp-json\/wp\/v2\/pages"}],"about":[{"href":"https:\/\/www.internationaled.com\/tr\/wp-json\/wp\/v2\/types\/page"}],"author":[{"embeddable":true,"href":"https:\/\/www.internationaled.com\/tr\/wp-json\/wp\/v2\/users\/14"}],"replies":[{"embeddable":true,"href":"https:\/\/www.internationaled.com\/tr\/wp-json\/wp\/v2\/comments?post=2103"}],"version-history":[{"count":2,"href":"https:\/\/www.internationaled.com\/tr\/wp-json\/wp\/v2\/pages\/2103\/revisions"}],"predecessor-version":[{"id":2300,"href":"https:\/\/www.internationaled.com\/tr\/wp-json\/wp\/v2\/pages\/2103\/revisions\/2300"}],"wp:featuredmedia":[{"embeddable":true,"href":"https:\/\/www.internationaled.com\/tr\/wp-json\/wp\/v2\/media\/301"}],"wp:attachment":[{"href":"https:\/\/www.internationaled.com\/tr\/wp-json\/wp\/v2\/media?parent=2103"}],"curies":[{"name":"wp","href":"https:\/\/api.w.org\/{rel}","templated":true}]}}