{"id":2107,"date":"2015-10-27T16:35:50","date_gmt":"2015-10-27T16:35:50","guid":{"rendered":"http:\/\/internationaled.com\/resources\/?lang=tr"},"modified":"2016-07-22T10:43:12","modified_gmt":"2016-07-22T10:43:12","slug":"resources","status":"publish","type":"page","link":"https:\/\/www.internationaled.com\/tr\/resources\/","title":{"rendered":"Kaynaklar"},"content":{"rendered":"<div class=\"content\">\n<h2 class=\"green\">Kaynaklar<\/h2>\n<p>Akademik kaynaklar bilgisayar destekli \u00f6\u011fretim, CD-Rom teknolojili k\u00fct\u00fcphaneler, bilimsel laboratuarlar, dans st\u00fcdyolar\u0131, \u00f6\u011frenci lobileri, teknoloji merkezleri, spor salonlar\u0131, yemek i\u00e7in kafeteryalar, ders planlamas\u0131nda t\u00fcm \u00f6\u011frencilere yard\u0131m i\u00e7in dan\u0131\u015fmanlar, \u00fcniversite ve y\u00fcksek okul ba\u015fvurular\u0131, kariyer planlamas\u0131, e\u011fitim becerileri ve ki\u015fisel sorunlar\u0131 i\u00e7erir.<\/p>\n<ul>\n<li><a href=\"http:\/\/legacy.internationaled.com\/forms\/PolicyStatementdistrictcodeofconduct.pdf\" target=\"_blank\">Politika Bildirimi B\u00f6lge Davran\u0131\u015f Kurallar\u0131<\/a><\/li>\n<li><a href=\"http:\/\/legacy.internationaled.com\/forms\/STUDENTSAFETYAWARENESS.pdf\" target=\"_blank\">\u00d6\u011frenci G\u00fcvenli\u011fi<\/a><\/li>\n<\/ul>\n<p>\u015eu web sitelerinde baz\u0131 yararl\u0131 bilgiler bulunabilir:<\/p>\n<ul>\n<li><a href=\"http:\/\/www.schoolsincanada.com\" target=\"_blank\">www.schoolsincanada.com<\/a><\/li>\n<\/ul>\n<p>43 numaral\u0131 Okul B\u00f6lgesi ve Canada International College yetkili TOEFL test merkezi Winslow merkezi olduklar\u0131n\u0131 memnuniyetle duyurur:<\/p>\n<ul>\n<li><a href=\"http:\/\/www.ets.org\/bin\/getprogram.cgi?urlSource=toefl&amp;newRegURL=&amp;test=TOEFL&amp;browserType=Other&amp;toeflType=&amp;redirect=&amp;t_country1=group_Canada&amp;date_selected_old=\" target=\"_blank\">\u00c7evrimi\u00e7i TOEFL Test Kayd\u0131<\/a><\/li>\n<\/ul>\n<h2 class=\"green\">Linkler<\/h2>\n<p><strong>Kanada G\u00f6\u00e7men B\u00fcrosu<\/strong><br \/>\n<a href=\"http:\/\/www.cic.gc.ca\/\">http:\/\/www.cic.gc.ca\/<\/a><\/p>\n<p><strong>British Columbia E\u011fitim Bakanl\u0131\u011f\u0131<\/strong><br \/>\n<a href=\"http:\/\/www.gov.bc.ca\/bced\/\">http:\/\/www.gov.bc.ca\/bced\/<\/a><\/p>\n<p><strong>Coquitlam \u015eehri<\/strong><br \/>\n<a href=\"http:\/\/www.coquitlam.ca\">http:\/\/www.coquitlam.ca<\/a><\/p>\n<p><strong>City of Port Coquitlam<\/strong><br \/>\n<a href=\"http:\/\/www.portcoquitlam.ca\">http:\/\/www.portcoquitlam.ca<\/a><\/p>\n<p><strong>Port Moody \u015eehri<\/strong><br \/>\n<a href=\"http:\/\/www.cityofportmoody.com\">http:\/\/www.cityofportmoody.com<\/a><\/p>\n<p><strong>Belcarra<\/strong><br \/>\n<a href=\"http:\/\/belcarra.ca\">http:\/\/belcarra.ca<\/a><\/p>\n<p><strong> Anmore<\/strong><br \/>\n<a href=\"http:\/\/anmore.com\">http:\/\/anmore.com<\/a><\/p>\n<p>&nbsp;<\/p>\n<p><strong>Transit information <\/strong><a href=\"http:\/\/www.translink.ca\/\" target=\"_blank\"><br \/>\nhttp:\/\/www.translink.ca\/<\/a><\/p>\n<p><strong>Coquitlam Parklar ve Rekreasyon<\/strong><br \/>\n<a href=\"http:\/\/www2.vpl.vancouver.bc.ca\/DBs\/Redbook\/orgPgs\/1\/1171.html\">http:\/\/www2.vpl.vancouver.bc.ca\/DBs\/Redbook\/orgPgs\/1\/1171.html<\/a><\/p>\n<p><strong>Konf\u00fc\u00e7y\u00fcs S\u0131n\u0131f\u0131 \u2013 D\u00fcnya genelinde<\/strong><br \/>\n<a href=\"http:\/\/english.hanban.org\/index.php\">http:\/\/english.hanban.org\/index.php<\/a><\/p>\n<p><strong>Vancouver Turizm<\/strong><br \/>\n<a href=\"http:\/\/www.tourismvancouver.com\">http:\/\/www.tourismvancouver.com<\/a><\/p>\n<p><strong>Vancouver Ticaret Kurulu<\/strong><br \/>\n<a href=\"http:\/\/www.boardoftrade.com\/\">http:\/\/www.boardoftrade.com\/<\/a><\/p>\n<p><strong>\u00dc\u00e7 \u015eehir Ticaret Odas\u0131<\/strong><br \/>\n<a href=\"http:\/\/www.tricitieschamber.com\">http:\/\/www.tricitieschamber.com<\/a><\/p>\n<p><strong>Vancouver&#8230; D\u00fcnyan\u0131n En Ya\u015fan\u0131l\u0131r \u015eehri \u2013 Arka arkaya 5 y\u0131l CBC Haber Yaz\u0131s\u0131 &#8211; Economist Magazine 2009<\/strong> <a href=\"http:\/\/www.cbc.ca\/canada\/british-columbia\/story\/2007\/08\/23\/bc-vancouver.html\">http:\/\/www.cbc.ca\/canada\/british-columbia\/story\/2007\/08\/23\/bc-vancouver.html<\/a><\/p>\n<p><strong>Coquitlam Kamu K\u00fct\u00fcphanesi<\/strong><br \/>\n<a href=\"http:\/\/www.library.coquitlam.bc.ca\/default.htm\">http:\/\/www.library.coquitlam.bc.ca\/default.htm<\/a><\/p>\n<p><strong>Terry Fox K\u00fct\u00fcphanesi (Port Coquitlam) <\/strong><br \/>\n<a href=\"http:\/\/www.fvrl.bc.ca\/read\/library_terryfox.htm\">http:\/\/www.fvrl.bc.ca\/read\/library_terryfox.htm<\/a><\/p>\n<p><strong>Port Moody K\u00fct\u00fcphanesi<\/strong><br \/>\n<a href=\"http:\/\/library.portmoody.ca\/\">http:\/\/library.portmoody.ca\/<\/a><\/p>\n<\/div>\n<p>&nbsp;<\/p>\n","protected":false},"excerpt":{"rendered":"<p>Kaynaklar Akademik kaynaklar bilgisayar destekli \u00f6\u011fretim, CD-Rom teknolojili k\u00fct\u00fcphaneler, bilimsel laboratuarlar, dans st\u00fcdyolar\u0131, \u00f6\u011frenci lobileri, teknoloji merkezleri, spor salonlar\u0131, yemek i\u00e7in kafeteryalar, ders planlamas\u0131nda t\u00fcm \u00f6\u011frencilere yard\u0131m i\u00e7in dan\u0131\u015fmanlar, \u00fcniversite ve y\u00fcksek okul ba\u015fvurular\u0131, kariyer planlamas\u0131, e\u011fitim becerileri ve ki\u015fisel sorunlar\u0131 i\u00e7erir. Politika Bildirimi B\u00f6lge Davran\u0131\u015f Kurallar\u0131 \u00d6\u011frenci G\u00fcvenli\u011fi \u015eu web sitelerinde baz\u0131 yararl\u0131 bilgiler &hellip; <a href=\"https:\/\/www.internationaled.com\/tr\/resources\/\" class=\"more-link\">Continue reading <span class=\"screen-reader-text\">Kaynaklar<\/span> <span class=\"meta-nav\">&rarr;<\/span><\/a><\/p>\n","protected":false},"author":14,"featured_media":324,"parent":0,"menu_order":7,"comment_status":"closed","ping_status":"closed","template":"page-standard.php","meta":{"footnotes":""},"class_list":["post-2107","page","type-page","status-publish","has-post-thumbnail","hentry"],"yoast_head":"<!-- This site is optimized with the Yoast SEO plugin v27.4 - https:\/\/yoast.com\/product\/yoast-seo-wordpress\/ -->\n<title>Kaynaklar - Coquitlam School District 43<\/title>\n<meta name=\"robots\" content=\"index, follow, max-snippet:-1, max-image-preview:large, max-video-preview:-1\" \/>\n<link rel=\"canonical\" href=\"https:\/\/www.internationaled.com\/tr\/resources\/\" \/>\n<meta property=\"og:locale\" content=\"tr_TR\" \/>\n<meta property=\"og:type\" content=\"article\" \/>\n<meta property=\"og:title\" content=\"Kaynaklar - Coquitlam School District 43\" \/>\n<meta property=\"og:description\" content=\"Kaynaklar Akademik kaynaklar bilgisayar destekli \u00f6\u011fretim, CD-Rom teknolojili k\u00fct\u00fcphaneler, bilimsel laboratuarlar, dans st\u00fcdyolar\u0131, \u00f6\u011frenci lobileri, teknoloji merkezleri, spor salonlar\u0131, yemek i\u00e7in kafeteryalar, ders planlamas\u0131nda t\u00fcm \u00f6\u011frencilere yard\u0131m i\u00e7in dan\u0131\u015fmanlar, \u00fcniversite ve y\u00fcksek okul ba\u015fvurular\u0131, kariyer planlamas\u0131, e\u011fitim becerileri ve ki\u015fisel sorunlar\u0131 i\u00e7erir. Politika Bildirimi B\u00f6lge Davran\u0131\u015f Kurallar\u0131 \u00d6\u011frenci G\u00fcvenli\u011fi \u015eu web sitelerinde baz\u0131 yararl\u0131 bilgiler &hellip; Continue reading Kaynaklar &rarr;\" \/>\n<meta property=\"og:url\" content=\"https:\/\/www.internationaled.com\/tr\/resources\/\" \/>\n<meta property=\"og:site_name\" content=\"Coquitlam School District 43\" \/>\n<meta property=\"article:modified_time\" content=\"2016-07-22T10:43:12+00:00\" \/>\n<meta property=\"og:image\" content=\"https:\/\/www.internationaled.com\/wp-content\/uploads\/2015\/10\/fondo_recursos.jpg\" \/>\n\t<meta property=\"og:image:width\" content=\"1920\" \/>\n\t<meta property=\"og:image:height\" content=\"400\" \/>\n\t<meta property=\"og:image:type\" content=\"image\/jpeg\" \/>\n<meta name=\"twitter:card\" content=\"summary_large_image\" \/>\n<meta name=\"twitter:label1\" content=\"Est. reading time\" \/>\n\t<meta name=\"twitter:data1\" content=\"1 minute\" \/>\n<script type=\"application\/ld+json\" class=\"yoast-schema-graph\">{\"@context\":\"https:\\\/\\\/schema.org\",\"@graph\":[{\"@type\":\"WebPage\",\"@id\":\"https:\\\/\\\/www.internationaled.com\\\/tr\\\/resources\\\/\",\"url\":\"https:\\\/\\\/www.internationaled.com\\\/tr\\\/resources\\\/\",\"name\":\"Kaynaklar - Coquitlam School District 43\",\"isPartOf\":{\"@id\":\"https:\\\/\\\/www.internationaled.com\\\/ar\\\/#website\"},\"primaryImageOfPage\":{\"@id\":\"https:\\\/\\\/www.internationaled.com\\\/tr\\\/resources\\\/#primaryimage\"},\"image\":{\"@id\":\"https:\\\/\\\/www.internationaled.com\\\/tr\\\/resources\\\/#primaryimage\"},\"thumbnailUrl\":\"https:\\\/\\\/cdn.internationaled.com\\\/wp-content\\\/uploads\\\/2015\\\/10\\\/fondo_recursos.jpg\",\"datePublished\":\"2015-10-27T16:35:50+00:00\",\"dateModified\":\"2016-07-22T10:43:12+00:00\",\"breadcrumb\":{\"@id\":\"https:\\\/\\\/www.internationaled.com\\\/tr\\\/resources\\\/#breadcrumb\"},\"inLanguage\":\"tr\",\"potentialAction\":[{\"@type\":\"ReadAction\",\"target\":[\"https:\\\/\\\/www.internationaled.com\\\/tr\\\/resources\\\/\"]}]},{\"@type\":\"ImageObject\",\"inLanguage\":\"tr\",\"@id\":\"https:\\\/\\\/www.internationaled.com\\\/tr\\\/resources\\\/#primaryimage\",\"url\":\"https:\\\/\\\/cdn.internationaled.com\\\/wp-content\\\/uploads\\\/2015\\\/10\\\/fondo_recursos.jpg\",\"contentUrl\":\"https:\\\/\\\/cdn.internationaled.com\\\/wp-content\\\/uploads\\\/2015\\\/10\\\/fondo_recursos.jpg\",\"width\":1920,\"height\":400},{\"@type\":\"BreadcrumbList\",\"@id\":\"https:\\\/\\\/www.internationaled.com\\\/tr\\\/resources\\\/#breadcrumb\",\"itemListElement\":[{\"@type\":\"ListItem\",\"position\":1,\"name\":\"Home\",\"item\":\"https:\\\/\\\/www.internationaled.com\\\/tr\\\/\"},{\"@type\":\"ListItem\",\"position\":2,\"name\":\"Kaynaklar\"}]},{\"@type\":\"WebSite\",\"@id\":\"https:\\\/\\\/www.internationaled.com\\\/ar\\\/#website\",\"url\":\"https:\\\/\\\/www.internationaled.com\\\/ar\\\/\",\"name\":\"Coquitlam School District 43\",\"description\":\"Learning for a Lifetime\",\"potentialAction\":[{\"@type\":\"SearchAction\",\"target\":{\"@type\":\"EntryPoint\",\"urlTemplate\":\"https:\\\/\\\/www.internationaled.com\\\/ar\\\/?s={search_term_string}\"},\"query-input\":{\"@type\":\"PropertyValueSpecification\",\"valueRequired\":true,\"valueName\":\"search_term_string\"}}],\"inLanguage\":\"tr\"}]}<\/script>\n<!-- \/ Yoast SEO plugin. -->","yoast_head_json":{"title":"Kaynaklar - Coquitlam School District 43","robots":{"index":"index","follow":"follow","max-snippet":"max-snippet:-1","max-image-preview":"max-image-preview:large","max-video-preview":"max-video-preview:-1"},"canonical":"https:\/\/www.internationaled.com\/tr\/resources\/","og_locale":"tr_TR","og_type":"article","og_title":"Kaynaklar - Coquitlam School District 43","og_description":"Kaynaklar Akademik kaynaklar bilgisayar destekli \u00f6\u011fretim, CD-Rom teknolojili k\u00fct\u00fcphaneler, bilimsel laboratuarlar, dans st\u00fcdyolar\u0131, \u00f6\u011frenci lobileri, teknoloji merkezleri, spor salonlar\u0131, yemek i\u00e7in kafeteryalar, ders planlamas\u0131nda t\u00fcm \u00f6\u011frencilere yard\u0131m i\u00e7in dan\u0131\u015fmanlar, \u00fcniversite ve y\u00fcksek okul ba\u015fvurular\u0131, kariyer planlamas\u0131, e\u011fitim becerileri ve ki\u015fisel sorunlar\u0131 i\u00e7erir. Politika Bildirimi B\u00f6lge Davran\u0131\u015f Kurallar\u0131 \u00d6\u011frenci G\u00fcvenli\u011fi \u015eu web sitelerinde baz\u0131 yararl\u0131 bilgiler &hellip; Continue reading Kaynaklar &rarr;","og_url":"https:\/\/www.internationaled.com\/tr\/resources\/","og_site_name":"Coquitlam School District 43","article_modified_time":"2016-07-22T10:43:12+00:00","og_image":[{"width":1920,"height":400,"url":"https:\/\/www.internationaled.com\/wp-content\/uploads\/2015\/10\/fondo_recursos.jpg","type":"image\/jpeg"}],"twitter_card":"summary_large_image","twitter_misc":{"Est. reading time":"1 minute"},"schema":{"@context":"https:\/\/schema.org","@graph":[{"@type":"WebPage","@id":"https:\/\/www.internationaled.com\/tr\/resources\/","url":"https:\/\/www.internationaled.com\/tr\/resources\/","name":"Kaynaklar - Coquitlam School District 43","isPartOf":{"@id":"https:\/\/www.internationaled.com\/ar\/#website"},"primaryImageOfPage":{"@id":"https:\/\/www.internationaled.com\/tr\/resources\/#primaryimage"},"image":{"@id":"https:\/\/www.internationaled.com\/tr\/resources\/#primaryimage"},"thumbnailUrl":"https:\/\/cdn.internationaled.com\/wp-content\/uploads\/2015\/10\/fondo_recursos.jpg","datePublished":"2015-10-27T16:35:50+00:00","dateModified":"2016-07-22T10:43:12+00:00","breadcrumb":{"@id":"https:\/\/www.internationaled.com\/tr\/resources\/#breadcrumb"},"inLanguage":"tr","potentialAction":[{"@type":"ReadAction","target":["https:\/\/www.internationaled.com\/tr\/resources\/"]}]},{"@type":"ImageObject","inLanguage":"tr","@id":"https:\/\/www.internationaled.com\/tr\/resources\/#primaryimage","url":"https:\/\/cdn.internationaled.com\/wp-content\/uploads\/2015\/10\/fondo_recursos.jpg","contentUrl":"https:\/\/cdn.internationaled.com\/wp-content\/uploads\/2015\/10\/fondo_recursos.jpg","width":1920,"height":400},{"@type":"BreadcrumbList","@id":"https:\/\/www.internationaled.com\/tr\/resources\/#breadcrumb","itemListElement":[{"@type":"ListItem","position":1,"name":"Home","item":"https:\/\/www.internationaled.com\/tr\/"},{"@type":"ListItem","position":2,"name":"Kaynaklar"}]},{"@type":"WebSite","@id":"https:\/\/www.internationaled.com\/ar\/#website","url":"https:\/\/www.internationaled.com\/ar\/","name":"Coquitlam School District 43","description":"Learning for a Lifetime","potentialAction":[{"@type":"SearchAction","target":{"@type":"EntryPoint","urlTemplate":"https:\/\/www.internationaled.com\/ar\/?s={search_term_string}"},"query-input":{"@type":"PropertyValueSpecification","valueRequired":true,"valueName":"search_term_string"}}],"inLanguage":"tr"}]}},"_links":{"self":[{"href":"https:\/\/www.internationaled.com\/tr\/wp-json\/wp\/v2\/pages\/2107","targetHints":{"allow":["GET"]}}],"collection":[{"href":"https:\/\/www.internationaled.com\/tr\/wp-json\/wp\/v2\/pages"}],"about":[{"href":"https:\/\/www.internationaled.com\/tr\/wp-json\/wp\/v2\/types\/page"}],"author":[{"embeddable":true,"href":"https:\/\/www.internationaled.com\/tr\/wp-json\/wp\/v2\/users\/14"}],"replies":[{"embeddable":true,"href":"https:\/\/www.internationaled.com\/tr\/wp-json\/wp\/v2\/comments?post=2107"}],"version-history":[{"count":1,"href":"https:\/\/www.internationaled.com\/tr\/wp-json\/wp\/v2\/pages\/2107\/revisions"}],"predecessor-version":[{"id":2291,"href":"https:\/\/www.internationaled.com\/tr\/wp-json\/wp\/v2\/pages\/2107\/revisions\/2291"}],"wp:featuredmedia":[{"embeddable":true,"href":"https:\/\/www.internationaled.com\/tr\/wp-json\/wp\/v2\/media\/324"}],"wp:attachment":[{"href":"https:\/\/www.internationaled.com\/tr\/wp-json\/wp\/v2\/media?parent=2107"}],"curies":[{"name":"wp","href":"https:\/\/api.w.org\/{rel}","templated":true}]}}