{"id":2109,"date":"2015-10-26T16:56:23","date_gmt":"2015-10-26T16:56:23","guid":{"rendered":"http:\/\/internationaled.com\/resources\/students\/?lang=tr"},"modified":"2016-07-22T10:51:59","modified_gmt":"2016-07-22T10:51:59","slug":"students","status":"publish","type":"page","link":"https:\/\/www.internationaled.com\/tr\/resources\/students\/","title":{"rendered":"\u00d6\u011frencilerimiz"},"content":{"rendered":"<p>\u00d6\u011frencilerimiz anaokulundan 12. s\u0131n\u0131fa kadar Coquitlam Okul B\u00f6lgesi Uluslararas\u0131 E\u011fitim Program\u0131\u2019na kat\u0131lmak i\u00e7in d\u00fcnyan\u0131n d\u00f6rt bir yan\u0131ndan Kanada\u2019ya gelmektedir. Uluslararas\u0131 \u00f6\u011frencilerimizin geldikleri \u00fclkelerden baz\u0131lar\u0131 \u015funlard\u0131r: Avusturya, Brunei, \u00c7in Halk Cumhuriyeti, \u0130ngiltere, Fiji, Finlandiya, Fransa, Almanya, Guatemala, Hong Kong, Endonezya, Japonya, Kore, Makao, Meksika, Norve\u00e7, Romanya, Rusya, G\u00fcney Afrika, Tayvan, Tayland, Singapur, Slovakya, \u0130sve\u00e7, \u0130svi\u00e7re, Amerika Birle\u015fik Devletleri ve Vietnam.<\/p>\n<p><a href=\"http:\/\/legacy.internationaled.com\/Turkish\/testimonials.shtml\">\u00d6\u011frencilerimizden birka\u00e7\u0131n\u0131n g\u00f6r\u00fc\u015flerini okuyun<\/a><\/p>\n<p><a href=\"http:\/\/legacy.internationaled.com\/forms\/eddy1.pdf\" target=\"blank\">\u00d6\u011eRENC\u0130LER ASYA K\u00dcLT\u00dcR\u00dcN\u00dcN\u00dc DENEY\u0130ML\u0130YOR (A\u011fustos 2006) <\/a>Japonya, Hong Kong ve G\u00fcney Kore\u2019ye d\u00fczenlenen yaz gezisi, 15 Riverside \u00f6\u011frencisi i\u00e7in Asya k\u00fclt\u00fcr\u00fcn\u00fc yak\u0131ndan tan\u0131ma imk\u00e2n\u0131 sa\u011flad\u0131. 16 A\u011fustos 2006 tarihinde yola \u00e7\u0131kan \u00f6\u011frenciler 3 Eyl\u00fcl 2006\u2019da yurda d\u00f6nd\u00fc.<\/p>\n<p><a href=\"http:\/\/legacy.internationaled.com\/forms\/eddy2.pdf\" target=\"blank\"> AVUSTURYALI M\u0130SAF\u0130RLER KANADA\u2019DAK\u0130 YA\u015eAMLA TANI\u015eIYOR (Eyl\u00fcl 2006)<\/a> Yabanc\u0131 bir \u00fclkeyi ziyaret etmek pek \u00e7ok gencin r\u00fcyalar\u0131n\u0131 s\u00fcsler. Bu r\u00fcya Viyana\u2019da bulunan Landstrasser Lisesi\u2019nin 26 \u00f6\u011frencisi i\u00e7in ger\u00e7ek oldu. Riverside Lisesi misafir \u00f6\u011frencileri \u00f6zel kar\u015f\u0131lama t\u00f6renleri, resmi bulu\u015fmalar, okula as\u0131lan afi\u015fler ve web sitesindeki ilanlarla kar\u015f\u0131lad\u0131. Riverside Lisesi\u2019nden yirmi be\u015f \u00f6\u011frenci Mart 2007\u2019de yeni arkada\u015flar\u0131n\u0131n yan\u0131nda kalmak \u00fczere Viyana\u2019ya gidecek.<\/p>\n","protected":false},"excerpt":{"rendered":"<p>\u00d6\u011frencilerimiz anaokulundan 12. s\u0131n\u0131fa kadar Coquitlam Okul B\u00f6lgesi Uluslararas\u0131 E\u011fitim Program\u0131\u2019na kat\u0131lmak i\u00e7in d\u00fcnyan\u0131n d\u00f6rt bir yan\u0131ndan Kanada\u2019ya gelmektedir. Uluslararas\u0131 \u00f6\u011frencilerimizin geldikleri \u00fclkelerden baz\u0131lar\u0131 \u015funlard\u0131r: Avusturya, Brunei, \u00c7in Halk Cumhuriyeti, \u0130ngiltere, Fiji, Finlandiya, Fransa, Almanya, Guatemala, Hong Kong, Endonezya, Japonya, Kore, Makao, Meksika, Norve\u00e7, Romanya, Rusya, G\u00fcney Afrika, Tayvan, Tayland, Singapur, Slovakya, \u0130sve\u00e7, \u0130svi\u00e7re, Amerika &hellip; <a href=\"https:\/\/www.internationaled.com\/tr\/resources\/students\/\" class=\"more-link\">Continue reading <span class=\"screen-reader-text\">\u00d6\u011frencilerimiz<\/span> <span class=\"meta-nav\">&rarr;<\/span><\/a><\/p>\n","protected":false},"author":14,"featured_media":305,"parent":2107,"menu_order":4,"comment_status":"closed","ping_status":"closed","template":"page-standard.php","meta":{"footnotes":""},"class_list":["post-2109","page","type-page","status-publish","has-post-thumbnail","hentry"],"yoast_head":"<!-- This site is optimized with the Yoast SEO plugin v27.4 - https:\/\/yoast.com\/product\/yoast-seo-wordpress\/ -->\n<title>\u00d6\u011frencilerimiz - Coquitlam School District 43<\/title>\n<meta name=\"robots\" content=\"index, follow, max-snippet:-1, max-image-preview:large, max-video-preview:-1\" \/>\n<link rel=\"canonical\" href=\"https:\/\/www.internationaled.com\/tr\/resources\/students\/\" \/>\n<meta property=\"og:locale\" content=\"tr_TR\" \/>\n<meta property=\"og:type\" content=\"article\" \/>\n<meta property=\"og:title\" content=\"\u00d6\u011frencilerimiz - Coquitlam School District 43\" \/>\n<meta property=\"og:description\" content=\"\u00d6\u011frencilerimiz anaokulundan 12. s\u0131n\u0131fa kadar Coquitlam Okul B\u00f6lgesi Uluslararas\u0131 E\u011fitim Program\u0131\u2019na kat\u0131lmak i\u00e7in d\u00fcnyan\u0131n d\u00f6rt bir yan\u0131ndan Kanada\u2019ya gelmektedir. Uluslararas\u0131 \u00f6\u011frencilerimizin geldikleri \u00fclkelerden baz\u0131lar\u0131 \u015funlard\u0131r: Avusturya, Brunei, \u00c7in Halk Cumhuriyeti, \u0130ngiltere, Fiji, Finlandiya, Fransa, Almanya, Guatemala, Hong Kong, Endonezya, Japonya, Kore, Makao, Meksika, Norve\u00e7, Romanya, Rusya, G\u00fcney Afrika, Tayvan, Tayland, Singapur, Slovakya, \u0130sve\u00e7, \u0130svi\u00e7re, Amerika &hellip; Continue reading \u00d6\u011frencilerimiz &rarr;\" \/>\n<meta property=\"og:url\" content=\"https:\/\/www.internationaled.com\/tr\/resources\/students\/\" \/>\n<meta property=\"og:site_name\" content=\"Coquitlam School District 43\" \/>\n<meta property=\"article:modified_time\" content=\"2016-07-22T10:51:59+00:00\" \/>\n<meta property=\"og:image\" content=\"https:\/\/www.internationaled.com\/wp-content\/uploads\/2015\/10\/fondo_our_students.jpg\" \/>\n\t<meta property=\"og:image:width\" content=\"1920\" \/>\n\t<meta property=\"og:image:height\" content=\"400\" \/>\n\t<meta property=\"og:image:type\" content=\"image\/jpeg\" \/>\n<meta name=\"twitter:card\" content=\"summary_large_image\" \/>\n<meta name=\"twitter:label1\" content=\"Est. reading time\" \/>\n\t<meta name=\"twitter:data1\" content=\"1 minute\" \/>\n<script type=\"application\/ld+json\" class=\"yoast-schema-graph\">{\"@context\":\"https:\\\/\\\/schema.org\",\"@graph\":[{\"@type\":\"WebPage\",\"@id\":\"https:\\\/\\\/www.internationaled.com\\\/tr\\\/resources\\\/students\\\/\",\"url\":\"https:\\\/\\\/www.internationaled.com\\\/tr\\\/resources\\\/students\\\/\",\"name\":\"\u00d6\u011frencilerimiz - Coquitlam School District 43\",\"isPartOf\":{\"@id\":\"https:\\\/\\\/www.internationaled.com\\\/ar\\\/#website\"},\"primaryImageOfPage\":{\"@id\":\"https:\\\/\\\/www.internationaled.com\\\/tr\\\/resources\\\/students\\\/#primaryimage\"},\"image\":{\"@id\":\"https:\\\/\\\/www.internationaled.com\\\/tr\\\/resources\\\/students\\\/#primaryimage\"},\"thumbnailUrl\":\"https:\\\/\\\/cdn.internationaled.com\\\/wp-content\\\/uploads\\\/2015\\\/10\\\/fondo_our_students.jpg\",\"datePublished\":\"2015-10-26T16:56:23+00:00\",\"dateModified\":\"2016-07-22T10:51:59+00:00\",\"breadcrumb\":{\"@id\":\"https:\\\/\\\/www.internationaled.com\\\/tr\\\/resources\\\/students\\\/#breadcrumb\"},\"inLanguage\":\"tr\",\"potentialAction\":[{\"@type\":\"ReadAction\",\"target\":[\"https:\\\/\\\/www.internationaled.com\\\/tr\\\/resources\\\/students\\\/\"]}]},{\"@type\":\"ImageObject\",\"inLanguage\":\"tr\",\"@id\":\"https:\\\/\\\/www.internationaled.com\\\/tr\\\/resources\\\/students\\\/#primaryimage\",\"url\":\"https:\\\/\\\/cdn.internationaled.com\\\/wp-content\\\/uploads\\\/2015\\\/10\\\/fondo_our_students.jpg\",\"contentUrl\":\"https:\\\/\\\/cdn.internationaled.com\\\/wp-content\\\/uploads\\\/2015\\\/10\\\/fondo_our_students.jpg\",\"width\":1920,\"height\":400},{\"@type\":\"BreadcrumbList\",\"@id\":\"https:\\\/\\\/www.internationaled.com\\\/tr\\\/resources\\\/students\\\/#breadcrumb\",\"itemListElement\":[{\"@type\":\"ListItem\",\"position\":1,\"name\":\"Home\",\"item\":\"https:\\\/\\\/www.internationaled.com\\\/tr\\\/\"},{\"@type\":\"ListItem\",\"position\":2,\"name\":\"Kaynaklar\",\"item\":\"https:\\\/\\\/www.internationaled.com\\\/tr\\\/resources\\\/\"},{\"@type\":\"ListItem\",\"position\":3,\"name\":\"\u00d6\u011frencilerimiz\"}]},{\"@type\":\"WebSite\",\"@id\":\"https:\\\/\\\/www.internationaled.com\\\/ar\\\/#website\",\"url\":\"https:\\\/\\\/www.internationaled.com\\\/ar\\\/\",\"name\":\"Coquitlam School District 43\",\"description\":\"Learning for a Lifetime\",\"potentialAction\":[{\"@type\":\"SearchAction\",\"target\":{\"@type\":\"EntryPoint\",\"urlTemplate\":\"https:\\\/\\\/www.internationaled.com\\\/ar\\\/?s={search_term_string}\"},\"query-input\":{\"@type\":\"PropertyValueSpecification\",\"valueRequired\":true,\"valueName\":\"search_term_string\"}}],\"inLanguage\":\"tr\"}]}<\/script>\n<!-- \/ Yoast SEO plugin. -->","yoast_head_json":{"title":"\u00d6\u011frencilerimiz - Coquitlam School District 43","robots":{"index":"index","follow":"follow","max-snippet":"max-snippet:-1","max-image-preview":"max-image-preview:large","max-video-preview":"max-video-preview:-1"},"canonical":"https:\/\/www.internationaled.com\/tr\/resources\/students\/","og_locale":"tr_TR","og_type":"article","og_title":"\u00d6\u011frencilerimiz - Coquitlam School District 43","og_description":"\u00d6\u011frencilerimiz anaokulundan 12. s\u0131n\u0131fa kadar Coquitlam Okul B\u00f6lgesi Uluslararas\u0131 E\u011fitim Program\u0131\u2019na kat\u0131lmak i\u00e7in d\u00fcnyan\u0131n d\u00f6rt bir yan\u0131ndan Kanada\u2019ya gelmektedir. Uluslararas\u0131 \u00f6\u011frencilerimizin geldikleri \u00fclkelerden baz\u0131lar\u0131 \u015funlard\u0131r: Avusturya, Brunei, \u00c7in Halk Cumhuriyeti, \u0130ngiltere, Fiji, Finlandiya, Fransa, Almanya, Guatemala, Hong Kong, Endonezya, Japonya, Kore, Makao, Meksika, Norve\u00e7, Romanya, Rusya, G\u00fcney Afrika, Tayvan, Tayland, Singapur, Slovakya, \u0130sve\u00e7, \u0130svi\u00e7re, Amerika &hellip; Continue reading \u00d6\u011frencilerimiz &rarr;","og_url":"https:\/\/www.internationaled.com\/tr\/resources\/students\/","og_site_name":"Coquitlam School District 43","article_modified_time":"2016-07-22T10:51:59+00:00","og_image":[{"width":1920,"height":400,"url":"https:\/\/www.internationaled.com\/wp-content\/uploads\/2015\/10\/fondo_our_students.jpg","type":"image\/jpeg"}],"twitter_card":"summary_large_image","twitter_misc":{"Est. reading time":"1 minute"},"schema":{"@context":"https:\/\/schema.org","@graph":[{"@type":"WebPage","@id":"https:\/\/www.internationaled.com\/tr\/resources\/students\/","url":"https:\/\/www.internationaled.com\/tr\/resources\/students\/","name":"\u00d6\u011frencilerimiz - Coquitlam School District 43","isPartOf":{"@id":"https:\/\/www.internationaled.com\/ar\/#website"},"primaryImageOfPage":{"@id":"https:\/\/www.internationaled.com\/tr\/resources\/students\/#primaryimage"},"image":{"@id":"https:\/\/www.internationaled.com\/tr\/resources\/students\/#primaryimage"},"thumbnailUrl":"https:\/\/cdn.internationaled.com\/wp-content\/uploads\/2015\/10\/fondo_our_students.jpg","datePublished":"2015-10-26T16:56:23+00:00","dateModified":"2016-07-22T10:51:59+00:00","breadcrumb":{"@id":"https:\/\/www.internationaled.com\/tr\/resources\/students\/#breadcrumb"},"inLanguage":"tr","potentialAction":[{"@type":"ReadAction","target":["https:\/\/www.internationaled.com\/tr\/resources\/students\/"]}]},{"@type":"ImageObject","inLanguage":"tr","@id":"https:\/\/www.internationaled.com\/tr\/resources\/students\/#primaryimage","url":"https:\/\/cdn.internationaled.com\/wp-content\/uploads\/2015\/10\/fondo_our_students.jpg","contentUrl":"https:\/\/cdn.internationaled.com\/wp-content\/uploads\/2015\/10\/fondo_our_students.jpg","width":1920,"height":400},{"@type":"BreadcrumbList","@id":"https:\/\/www.internationaled.com\/tr\/resources\/students\/#breadcrumb","itemListElement":[{"@type":"ListItem","position":1,"name":"Home","item":"https:\/\/www.internationaled.com\/tr\/"},{"@type":"ListItem","position":2,"name":"Kaynaklar","item":"https:\/\/www.internationaled.com\/tr\/resources\/"},{"@type":"ListItem","position":3,"name":"\u00d6\u011frencilerimiz"}]},{"@type":"WebSite","@id":"https:\/\/www.internationaled.com\/ar\/#website","url":"https:\/\/www.internationaled.com\/ar\/","name":"Coquitlam School District 43","description":"Learning for a Lifetime","potentialAction":[{"@type":"SearchAction","target":{"@type":"EntryPoint","urlTemplate":"https:\/\/www.internationaled.com\/ar\/?s={search_term_string}"},"query-input":{"@type":"PropertyValueSpecification","valueRequired":true,"valueName":"search_term_string"}}],"inLanguage":"tr"}]}},"_links":{"self":[{"href":"https:\/\/www.internationaled.com\/tr\/wp-json\/wp\/v2\/pages\/2109","targetHints":{"allow":["GET"]}}],"collection":[{"href":"https:\/\/www.internationaled.com\/tr\/wp-json\/wp\/v2\/pages"}],"about":[{"href":"https:\/\/www.internationaled.com\/tr\/wp-json\/wp\/v2\/types\/page"}],"author":[{"embeddable":true,"href":"https:\/\/www.internationaled.com\/tr\/wp-json\/wp\/v2\/users\/14"}],"replies":[{"embeddable":true,"href":"https:\/\/www.internationaled.com\/tr\/wp-json\/wp\/v2\/comments?post=2109"}],"version-history":[{"count":1,"href":"https:\/\/www.internationaled.com\/tr\/wp-json\/wp\/v2\/pages\/2109\/revisions"}],"predecessor-version":[{"id":2293,"href":"https:\/\/www.internationaled.com\/tr\/wp-json\/wp\/v2\/pages\/2109\/revisions\/2293"}],"up":[{"embeddable":true,"href":"https:\/\/www.internationaled.com\/tr\/wp-json\/wp\/v2\/pages\/2107"}],"wp:featuredmedia":[{"embeddable":true,"href":"https:\/\/www.internationaled.com\/tr\/wp-json\/wp\/v2\/media\/305"}],"wp:attachment":[{"href":"https:\/\/www.internationaled.com\/tr\/wp-json\/wp\/v2\/media?parent=2109"}],"curies":[{"name":"wp","href":"https:\/\/api.w.org\/{rel}","templated":true}]}}