{"id":2113,"date":"2015-10-27T16:35:38","date_gmt":"2015-10-27T16:35:38","guid":{"rendered":"http:\/\/internationaled.com\/resources\/activities\/?lang=tr"},"modified":"2016-07-22T11:03:46","modified_gmt":"2016-07-22T11:03:46","slug":"activities","status":"publish","type":"page","link":"https:\/\/www.internationaled.com\/tr\/resources\/activities\/","title":{"rendered":"Etkinlikler"},"content":{"rendered":"<div class=\"content\">\n<h2 class=\"green\"><strong>Bo\u015f Zamanlar\u0131 De\u011ferlendirme Ama\u00e7l\u0131 Tak\u0131mlar ve Etkinlikler<\/strong><\/h2>\n<p>Her okul drama, bando, koro, y\u0131ll\u0131k \u00e7al\u0131\u015fmas\u0131, kayak, satran\u00e7 gibi \u00e7e\u015fitli ders d\u0131\u015f\u0131 etkinlik ve kl\u00fcp ve hokey, basketbol, futbol, g\u00fcre\u015f, y\u00fczme, atletizm gibi bir\u00e7ok sportif etkinlik sunmaktad\u0131r. Toplumda da kat\u0131lmak i\u00e7in bir\u00e7ok hizmet grubu vard\u0131r. \u00d6\u011frenciler bu ders d\u0131\u015f\u0131 etkinliklere kat\u0131lmaya ve kat\u0131l\u0131m duygusunu ya\u015famaya te\u015fvik edilirler, \u00e7\u00fcnk\u00fc bu dost\u00e7a bir ortamda dil becerilerini geli\u015ftirmenin m\u00fckemmel bir yoludur. Coquitlam Okul B\u00f6lgesi alan\u0131nda \u00f6\u011frencilerin yararlanabilece\u011fi \u00e7ok say\u0131da toplum spor ve sahne sanatlar\u0131 programlar\u0131 vard\u0131r.<\/p>\n<p>A\u015fa\u011f\u0131daki linklere bak\u0131n\u0131z:<\/p>\n<ul>\n<li><a href=\"http:\/\/www.coquitlamminorhockey.org\" target=\"_blank\">www.coquitlamminorhockey.org<\/a><\/li>\n<li><a href=\"http:\/\/www.cmfsc.ca\" target=\"_blank\">www.cmfsc.ca<\/a><\/li>\n<li><a href=\"http:\/\/www.coastalsoundmusic.com\" target=\"_blank\">www.coastalsoundmusic.com<\/a><\/li>\n<\/ul>\n<\/div>\n","protected":false},"excerpt":{"rendered":"<p>Bo\u015f Zamanlar\u0131 De\u011ferlendirme Ama\u00e7l\u0131 Tak\u0131mlar ve Etkinlikler Her okul drama, bando, koro, y\u0131ll\u0131k \u00e7al\u0131\u015fmas\u0131, kayak, satran\u00e7 gibi \u00e7e\u015fitli ders d\u0131\u015f\u0131 etkinlik ve kl\u00fcp ve hokey, basketbol, futbol, g\u00fcre\u015f, y\u00fczme, atletizm gibi bir\u00e7ok sportif etkinlik sunmaktad\u0131r. Toplumda da kat\u0131lmak i\u00e7in bir\u00e7ok hizmet grubu vard\u0131r. \u00d6\u011frenciler bu ders d\u0131\u015f\u0131 etkinliklere kat\u0131lmaya ve kat\u0131l\u0131m duygusunu ya\u015famaya te\u015fvik edilirler, &hellip; <a href=\"https:\/\/www.internationaled.com\/tr\/resources\/activities\/\" class=\"more-link\">Continue reading <span class=\"screen-reader-text\">Etkinlikler<\/span> <span class=\"meta-nav\">&rarr;<\/span><\/a><\/p>\n","protected":false},"author":14,"featured_media":322,"parent":2107,"menu_order":5,"comment_status":"closed","ping_status":"closed","template":"page-standard.php","meta":{"footnotes":""},"class_list":["post-2113","page","type-page","status-publish","has-post-thumbnail","hentry"],"yoast_head":"<!-- This site is optimized with the Yoast SEO plugin v27.3 - https:\/\/yoast.com\/product\/yoast-seo-wordpress\/ -->\n<title>Etkinlikler - Coquitlam School District 43<\/title>\n<meta name=\"robots\" content=\"index, follow, max-snippet:-1, max-image-preview:large, max-video-preview:-1\" \/>\n<link rel=\"canonical\" href=\"https:\/\/www.internationaled.com\/tr\/resources\/activities\/\" \/>\n<meta property=\"og:locale\" content=\"tr_TR\" \/>\n<meta property=\"og:type\" content=\"article\" \/>\n<meta property=\"og:title\" content=\"Etkinlikler - Coquitlam School District 43\" \/>\n<meta property=\"og:description\" content=\"Bo\u015f Zamanlar\u0131 De\u011ferlendirme Ama\u00e7l\u0131 Tak\u0131mlar ve Etkinlikler Her okul drama, bando, koro, y\u0131ll\u0131k \u00e7al\u0131\u015fmas\u0131, kayak, satran\u00e7 gibi \u00e7e\u015fitli ders d\u0131\u015f\u0131 etkinlik ve kl\u00fcp ve hokey, basketbol, futbol, g\u00fcre\u015f, y\u00fczme, atletizm gibi bir\u00e7ok sportif etkinlik sunmaktad\u0131r. Toplumda da kat\u0131lmak i\u00e7in bir\u00e7ok hizmet grubu vard\u0131r. \u00d6\u011frenciler bu ders d\u0131\u015f\u0131 etkinliklere kat\u0131lmaya ve kat\u0131l\u0131m duygusunu ya\u015famaya te\u015fvik edilirler, &hellip; Continue reading Etkinlikler &rarr;\" \/>\n<meta property=\"og:url\" content=\"https:\/\/www.internationaled.com\/tr\/resources\/activities\/\" \/>\n<meta property=\"og:site_name\" content=\"Coquitlam School District 43\" \/>\n<meta property=\"article:modified_time\" content=\"2016-07-22T11:03:46+00:00\" \/>\n<meta property=\"og:image\" content=\"https:\/\/www.internationaled.com\/wp-content\/uploads\/2015\/10\/fondo_actividades.jpg\" \/>\n\t<meta property=\"og:image:width\" content=\"1920\" \/>\n\t<meta property=\"og:image:height\" content=\"400\" \/>\n\t<meta property=\"og:image:type\" content=\"image\/jpeg\" \/>\n<meta name=\"twitter:card\" content=\"summary_large_image\" \/>\n<meta name=\"twitter:label1\" content=\"Est. reading time\" \/>\n\t<meta name=\"twitter:data1\" content=\"1 minute\" \/>\n<script type=\"application\/ld+json\" class=\"yoast-schema-graph\">{\"@context\":\"https:\\\/\\\/schema.org\",\"@graph\":[{\"@type\":\"WebPage\",\"@id\":\"https:\\\/\\\/www.internationaled.com\\\/tr\\\/resources\\\/activities\\\/\",\"url\":\"https:\\\/\\\/www.internationaled.com\\\/tr\\\/resources\\\/activities\\\/\",\"name\":\"Etkinlikler - Coquitlam School District 43\",\"isPartOf\":{\"@id\":\"https:\\\/\\\/www.internationaled.com\\\/ar\\\/#website\"},\"primaryImageOfPage\":{\"@id\":\"https:\\\/\\\/www.internationaled.com\\\/tr\\\/resources\\\/activities\\\/#primaryimage\"},\"image\":{\"@id\":\"https:\\\/\\\/www.internationaled.com\\\/tr\\\/resources\\\/activities\\\/#primaryimage\"},\"thumbnailUrl\":\"https:\\\/\\\/cdn.internationaled.com\\\/wp-content\\\/uploads\\\/2015\\\/10\\\/fondo_actividades.jpg\",\"datePublished\":\"2015-10-27T16:35:38+00:00\",\"dateModified\":\"2016-07-22T11:03:46+00:00\",\"breadcrumb\":{\"@id\":\"https:\\\/\\\/www.internationaled.com\\\/tr\\\/resources\\\/activities\\\/#breadcrumb\"},\"inLanguage\":\"tr\",\"potentialAction\":[{\"@type\":\"ReadAction\",\"target\":[\"https:\\\/\\\/www.internationaled.com\\\/tr\\\/resources\\\/activities\\\/\"]}]},{\"@type\":\"ImageObject\",\"inLanguage\":\"tr\",\"@id\":\"https:\\\/\\\/www.internationaled.com\\\/tr\\\/resources\\\/activities\\\/#primaryimage\",\"url\":\"https:\\\/\\\/cdn.internationaled.com\\\/wp-content\\\/uploads\\\/2015\\\/10\\\/fondo_actividades.jpg\",\"contentUrl\":\"https:\\\/\\\/cdn.internationaled.com\\\/wp-content\\\/uploads\\\/2015\\\/10\\\/fondo_actividades.jpg\",\"width\":1920,\"height\":400},{\"@type\":\"BreadcrumbList\",\"@id\":\"https:\\\/\\\/www.internationaled.com\\\/tr\\\/resources\\\/activities\\\/#breadcrumb\",\"itemListElement\":[{\"@type\":\"ListItem\",\"position\":1,\"name\":\"Home\",\"item\":\"https:\\\/\\\/www.internationaled.com\\\/tr\\\/\"},{\"@type\":\"ListItem\",\"position\":2,\"name\":\"Kaynaklar\",\"item\":\"https:\\\/\\\/www.internationaled.com\\\/tr\\\/resources\\\/\"},{\"@type\":\"ListItem\",\"position\":3,\"name\":\"Etkinlikler\"}]},{\"@type\":\"WebSite\",\"@id\":\"https:\\\/\\\/www.internationaled.com\\\/ar\\\/#website\",\"url\":\"https:\\\/\\\/www.internationaled.com\\\/ar\\\/\",\"name\":\"Coquitlam School District 43\",\"description\":\"Learning for a Lifetime\",\"potentialAction\":[{\"@type\":\"SearchAction\",\"target\":{\"@type\":\"EntryPoint\",\"urlTemplate\":\"https:\\\/\\\/www.internationaled.com\\\/ar\\\/?s={search_term_string}\"},\"query-input\":{\"@type\":\"PropertyValueSpecification\",\"valueRequired\":true,\"valueName\":\"search_term_string\"}}],\"inLanguage\":\"tr\"}]}<\/script>\n<!-- \/ Yoast SEO plugin. -->","yoast_head_json":{"title":"Etkinlikler - Coquitlam School District 43","robots":{"index":"index","follow":"follow","max-snippet":"max-snippet:-1","max-image-preview":"max-image-preview:large","max-video-preview":"max-video-preview:-1"},"canonical":"https:\/\/www.internationaled.com\/tr\/resources\/activities\/","og_locale":"tr_TR","og_type":"article","og_title":"Etkinlikler - Coquitlam School District 43","og_description":"Bo\u015f Zamanlar\u0131 De\u011ferlendirme Ama\u00e7l\u0131 Tak\u0131mlar ve Etkinlikler Her okul drama, bando, koro, y\u0131ll\u0131k \u00e7al\u0131\u015fmas\u0131, kayak, satran\u00e7 gibi \u00e7e\u015fitli ders d\u0131\u015f\u0131 etkinlik ve kl\u00fcp ve hokey, basketbol, futbol, g\u00fcre\u015f, y\u00fczme, atletizm gibi bir\u00e7ok sportif etkinlik sunmaktad\u0131r. Toplumda da kat\u0131lmak i\u00e7in bir\u00e7ok hizmet grubu vard\u0131r. \u00d6\u011frenciler bu ders d\u0131\u015f\u0131 etkinliklere kat\u0131lmaya ve kat\u0131l\u0131m duygusunu ya\u015famaya te\u015fvik edilirler, &hellip; Continue reading Etkinlikler &rarr;","og_url":"https:\/\/www.internationaled.com\/tr\/resources\/activities\/","og_site_name":"Coquitlam School District 43","article_modified_time":"2016-07-22T11:03:46+00:00","og_image":[{"width":1920,"height":400,"url":"https:\/\/www.internationaled.com\/wp-content\/uploads\/2015\/10\/fondo_actividades.jpg","type":"image\/jpeg"}],"twitter_card":"summary_large_image","twitter_misc":{"Est. reading time":"1 minute"},"schema":{"@context":"https:\/\/schema.org","@graph":[{"@type":"WebPage","@id":"https:\/\/www.internationaled.com\/tr\/resources\/activities\/","url":"https:\/\/www.internationaled.com\/tr\/resources\/activities\/","name":"Etkinlikler - Coquitlam School District 43","isPartOf":{"@id":"https:\/\/www.internationaled.com\/ar\/#website"},"primaryImageOfPage":{"@id":"https:\/\/www.internationaled.com\/tr\/resources\/activities\/#primaryimage"},"image":{"@id":"https:\/\/www.internationaled.com\/tr\/resources\/activities\/#primaryimage"},"thumbnailUrl":"https:\/\/cdn.internationaled.com\/wp-content\/uploads\/2015\/10\/fondo_actividades.jpg","datePublished":"2015-10-27T16:35:38+00:00","dateModified":"2016-07-22T11:03:46+00:00","breadcrumb":{"@id":"https:\/\/www.internationaled.com\/tr\/resources\/activities\/#breadcrumb"},"inLanguage":"tr","potentialAction":[{"@type":"ReadAction","target":["https:\/\/www.internationaled.com\/tr\/resources\/activities\/"]}]},{"@type":"ImageObject","inLanguage":"tr","@id":"https:\/\/www.internationaled.com\/tr\/resources\/activities\/#primaryimage","url":"https:\/\/cdn.internationaled.com\/wp-content\/uploads\/2015\/10\/fondo_actividades.jpg","contentUrl":"https:\/\/cdn.internationaled.com\/wp-content\/uploads\/2015\/10\/fondo_actividades.jpg","width":1920,"height":400},{"@type":"BreadcrumbList","@id":"https:\/\/www.internationaled.com\/tr\/resources\/activities\/#breadcrumb","itemListElement":[{"@type":"ListItem","position":1,"name":"Home","item":"https:\/\/www.internationaled.com\/tr\/"},{"@type":"ListItem","position":2,"name":"Kaynaklar","item":"https:\/\/www.internationaled.com\/tr\/resources\/"},{"@type":"ListItem","position":3,"name":"Etkinlikler"}]},{"@type":"WebSite","@id":"https:\/\/www.internationaled.com\/ar\/#website","url":"https:\/\/www.internationaled.com\/ar\/","name":"Coquitlam School District 43","description":"Learning for a Lifetime","potentialAction":[{"@type":"SearchAction","target":{"@type":"EntryPoint","urlTemplate":"https:\/\/www.internationaled.com\/ar\/?s={search_term_string}"},"query-input":{"@type":"PropertyValueSpecification","valueRequired":true,"valueName":"search_term_string"}}],"inLanguage":"tr"}]}},"_links":{"self":[{"href":"https:\/\/www.internationaled.com\/tr\/wp-json\/wp\/v2\/pages\/2113","targetHints":{"allow":["GET"]}}],"collection":[{"href":"https:\/\/www.internationaled.com\/tr\/wp-json\/wp\/v2\/pages"}],"about":[{"href":"https:\/\/www.internationaled.com\/tr\/wp-json\/wp\/v2\/types\/page"}],"author":[{"embeddable":true,"href":"https:\/\/www.internationaled.com\/tr\/wp-json\/wp\/v2\/users\/14"}],"replies":[{"embeddable":true,"href":"https:\/\/www.internationaled.com\/tr\/wp-json\/wp\/v2\/comments?post=2113"}],"version-history":[{"count":1,"href":"https:\/\/www.internationaled.com\/tr\/wp-json\/wp\/v2\/pages\/2113\/revisions"}],"predecessor-version":[{"id":2294,"href":"https:\/\/www.internationaled.com\/tr\/wp-json\/wp\/v2\/pages\/2113\/revisions\/2294"}],"up":[{"embeddable":true,"href":"https:\/\/www.internationaled.com\/tr\/wp-json\/wp\/v2\/pages\/2107"}],"wp:featuredmedia":[{"embeddable":true,"href":"https:\/\/www.internationaled.com\/tr\/wp-json\/wp\/v2\/media\/322"}],"wp:attachment":[{"href":"https:\/\/www.internationaled.com\/tr\/wp-json\/wp\/v2\/media?parent=2113"}],"curies":[{"name":"wp","href":"https:\/\/api.w.org\/{rel}","templated":true}]}}