{"id":3489,"date":"2015-10-19T17:41:13","date_gmt":"2015-10-19T17:41:13","guid":{"rendered":"http:\/\/internationaled.com\/admissions\/?lang=vi"},"modified":"2017-04-04T20:54:02","modified_gmt":"2017-04-04T20:54:02","slug":"admissions","status":"publish","type":"page","link":"https:\/\/www.internationaled.com\/vi\/admissions\/","title":{"rendered":"Nh\u1eadp H\u1ecdc"},"content":{"rendered":"<h2 class=\"green\">Nh\u1eadp H\u1ecdc<\/h2>\n<p>\u1ee8ng vi\u00ean \u0111\u01b0\u1ee3c y\u00eau c\u1ea7u n\u1ed9p m\u1ed9t m\u1eabu ghi danh \u0111i\u1ec1n th\u00f4ng tin ho\u00e0n ch\u1ec9nh c\u00f9ng v\u1edbi h\u1ecdc b\u1ea1 hi\u1ec7n th\u1eddi v\u00e0 hai n\u0103m tr\u01b0\u1edbc \u0111\u00f3. H\u1ecdc b\u1ea1 ph\u1ea3i \u0111\u01b0\u1ee3c m\u1ed9t bi\u00ean d\u1ecbch vi\u00ean ch\u00ednh th\u1ee9c d\u1ecbch ra ti\u1ebfng Anh. Sau khi V\u0103n ph\u00f2ng Qu\u1ed1c t\u1ebf \u0111\u00e3 nh\u1eadn \u0111\u01b0\u1ee3c c\u00e1c t\u00e0i li\u1ec7u v\u00e0 200 \u0111\u00f4-la ph\u00ed ghi danh, du h\u1ecdc sinh s\u1ebd \u0111\u01b0\u1ee3c ch\u1ecdn l\u1ecdc \u0111\u1ec3 nh\u1eadp h\u1ecdc Ch\u01b0\u01a1ng Tr\u00ecnh Gi\u00e1o D\u1ee5c Qu\u1ed1c T\u1ebf. Ni\u00ean h\u1ecdc b\u1eaft \u0111\u1ea7u v\u00e0o th\u00e1ng Ch\u00edn v\u00e0 k\u1ebft th\u00fac v\u00e0o th\u00e1ng S\u00e1u. Du h\u1ecdc sinh c\u0169ng c\u00f3 th\u1ec3 nh\u1eadp h\u1ecdc v\u00e0o th\u00e1ng Hai. Ch\u00fang t\u00f4i khuy\u1ebfn kh\u00edch du h\u1ecdc sinh ghi danh tr\u01b0\u1edbc \u00edt nh\u1ea5t t\u1eeb ba \u0111\u1ebfn b\u1ed1n th\u00e1ng \u0111\u1ec3 c\u00f3 \u0111\u1ee7 th\u1eddi gian nh\u1eadn gi\u1ea5y ph\u00e9p du h\u1ecdc. C\u1ea7n c\u00f3 m\u1ed9t v\u0103n th\u01b0 ch\u1ea5p nh\u1eadn ch\u00ednh th\u1ee9c c\u1ee7a V\u0103n ph\u00f2ng Qu\u1ed1c t\u1ebf thu\u1ed9c H\u1ecdc Khu Coquitlam \u0111\u1ec3 du h\u1ecdc sinh n\u1ed9p \u0111\u01a1n xin gi\u1ea5y ph\u00e9p du h\u1ecdc. B\u1ea3o hi\u1ec3m y t\u1ebf l\u00e0 m\u1ed9t y\u00eau c\u1ea7u khi l\u01b0u tr\u00fa t\u1ea1i Canada.<\/p>\n<h3 class=\"blue\">Ti\u1ebfn Tr\u00ecnh Nh\u1eadp H\u1ecdc v\u00e0 Ghi Danh<\/h3>\n<p><strong>B\u01b0\u1edbc #1<\/strong><br \/>\n\u2022 N\u1ed9p \u0111\u01a1n ghi danh, \u0111\u00f3ng l\u1ec7 ph\u00ed, n\u1ed9p c\u00e1c b\u1ea3n sao h\u1ed9 chi\u1ebfu v\u00e0 h\u1ecdc b\u1ea1 ch\u00ednh th\u1ee9c \u0111\u1ec3 xin ch\u1ea5p thu\u1eadn.<br \/>\n<strong>B\u01b0\u1edbc #2<\/strong><br \/>\n\u2022 \u1ee8ng vi\u00ean \u0111\u01b0\u1ee3c ch\u1ea5p thu\u1eadn nh\u1eadn Th\u01b0 \u0110\u1ec1 Ngh\u1ecb.<br \/>\n\u2022 Xu\u1ea5t tr\u1ec9nh c\u00e1c t\u00e0i li\u1ec7u v\u1ec1 h\u1ecdc ph\u00ed v\u00e0 gi\u00e1m h\u1ed9.<br \/>\n<strong>B\u01b0\u1edbc #3<\/strong><br \/>\n\u2022 \u1ee8ng vi\u00ean \u0111\u01b0\u1ee3c ch\u1ea5p thu\u1eadn nh\u1eadn Th\u01b0 Ch\u1ea5p Thu\u1eadn \u0111\u1ec3 s\u1eed d\u1ee5ng khi xin gi\u1ea5y ph\u00e9p du h\u1ecdc.<br \/>\n<strong>B\u01b0\u1edbc #4<\/strong><br \/>\n\u2022 Ngay khi \u0111\u1ebfn Coquitlam, du h\u1ecdc sinh tr\u00ecnh di\u1ec7n v\u0103n ph\u00f2ng Gi\u00e1o D\u1ee5c Qu\u1ed1c T\u1ebf v\u1edbi h\u1ed9 chi\u1ebfu v\u00e0 gi\u1ea5y ph\u00e9p du h\u1ecdc \u0111\u1ec3 kh\u1edfi \u0111\u1ed9ng ti\u1ebfn tr\u00ecnh b\u1ea3o hi\u1ec3m y t\u1ebf.<\/p>\n<ul>\n<li class=\"forms\"><a href=\"http:\/\/www.internationaled.com\/wp-content\/uploads\/2015\/10\/application_procedure-2.pdf\" target=\"blank\">C\u00e1c Th\u1ee7 T\u1ee5c Xin Nh\u1eadp H\u1ecdc<\/a><\/li>\n<li class=\"forms\"><a href=\"http:\/\/www.internationaled.com\/wp-content\/uploads\/2017\/01\/Application-English-Master_2019_2020-Custodian-change-Fillable.pdf\" target=\"blank\">M\u1eabu \u0110\u01a1n Ghi Danh Ch\u01b0\u01a1ng Tr\u00ecnh Gi\u00e1o D\u1ee5c Qu\u1ed1c T\u1ebf<\/a><\/li>\n<li class=\"forms\"><a href=\"http:\/\/cdn.internationaled.com\/wp-content\/uploads\/2015\/10\/Re-application-Form-2016-17-2.docx\" target=\"blank\">M\u1eabu \u0110\u01a1n Xin Nh\u1eadp H\u1ecdc L\u1ea1i<\/a><\/li>\n<\/ul>\n","protected":false},"excerpt":{"rendered":"<p>Nh\u1eadp H\u1ecdc \u1ee8ng vi\u00ean \u0111\u01b0\u1ee3c y\u00eau c\u1ea7u n\u1ed9p m\u1ed9t m\u1eabu ghi danh \u0111i\u1ec1n th\u00f4ng tin ho\u00e0n ch\u1ec9nh c\u00f9ng v\u1edbi h\u1ecdc b\u1ea1 hi\u1ec7n th\u1eddi v\u00e0 hai n\u0103m tr\u01b0\u1edbc \u0111\u00f3. H\u1ecdc b\u1ea1 ph\u1ea3i \u0111\u01b0\u1ee3c m\u1ed9t bi\u00ean d\u1ecbch vi\u00ean ch\u00ednh th\u1ee9c d\u1ecbch ra ti\u1ebfng Anh. Sau khi V\u0103n ph\u00f2ng Qu\u1ed1c t\u1ebf \u0111\u00e3 nh\u1eadn \u0111\u01b0\u1ee3c c\u00e1c t\u00e0i li\u1ec7u v\u00e0 &hellip; <a href=\"https:\/\/www.internationaled.com\/vi\/admissions\/\" class=\"more-link\">Continue reading <span class=\"screen-reader-text\">Nh\u1eadp H\u1ecdc<\/span> <span class=\"meta-nav\">&rarr;<\/span><\/a><\/p>\n","protected":false},"author":14,"featured_media":308,"parent":0,"menu_order":0,"comment_status":"closed","ping_status":"closed","template":"page-standard.php","meta":{"footnotes":""},"class_list":["post-3489","page","type-page","status-publish","has-post-thumbnail","hentry"],"yoast_head":"<!-- This site is optimized with the Yoast SEO plugin v27.3 - https:\/\/yoast.com\/product\/yoast-seo-wordpress\/ -->\n<title>Nh\u1eadp H\u1ecdc - Coquitlam School District 43<\/title>\n<meta name=\"robots\" content=\"index, follow, max-snippet:-1, max-image-preview:large, max-video-preview:-1\" \/>\n<link rel=\"canonical\" href=\"https:\/\/www.internationaled.com\/vi\/admissions\/\" \/>\n<meta property=\"og:locale\" content=\"vi_VN\" \/>\n<meta property=\"og:type\" content=\"article\" \/>\n<meta property=\"og:title\" content=\"Nh\u1eadp H\u1ecdc - Coquitlam School District 43\" \/>\n<meta property=\"og:description\" content=\"Nh\u1eadp H\u1ecdc \u1ee8ng vi\u00ean \u0111\u01b0\u1ee3c y\u00eau c\u1ea7u n\u1ed9p m\u1ed9t m\u1eabu ghi danh \u0111i\u1ec1n th\u00f4ng tin ho\u00e0n ch\u1ec9nh c\u00f9ng v\u1edbi h\u1ecdc b\u1ea1 hi\u1ec7n th\u1eddi v\u00e0 hai n\u0103m tr\u01b0\u1edbc \u0111\u00f3. H\u1ecdc b\u1ea1 ph\u1ea3i \u0111\u01b0\u1ee3c m\u1ed9t bi\u00ean d\u1ecbch vi\u00ean ch\u00ednh th\u1ee9c d\u1ecbch ra ti\u1ebfng Anh. Sau khi V\u0103n ph\u00f2ng Qu\u1ed1c t\u1ebf \u0111\u00e3 nh\u1eadn \u0111\u01b0\u1ee3c c\u00e1c t\u00e0i li\u1ec7u v\u00e0 &hellip; Continue reading Nh\u1eadp H\u1ecdc &rarr;\" \/>\n<meta property=\"og:url\" content=\"https:\/\/www.internationaled.com\/vi\/admissions\/\" \/>\n<meta property=\"og:site_name\" content=\"Coquitlam School District 43\" \/>\n<meta property=\"article:modified_time\" content=\"2017-04-04T20:54:02+00:00\" \/>\n<meta property=\"og:image\" content=\"https:\/\/www.internationaled.com\/wp-content\/uploads\/2015\/10\/fondo_admision.jpg\" \/>\n\t<meta property=\"og:image:width\" content=\"1920\" \/>\n\t<meta property=\"og:image:height\" content=\"400\" \/>\n\t<meta property=\"og:image:type\" content=\"image\/jpeg\" \/>\n<meta name=\"twitter:card\" content=\"summary_large_image\" \/>\n<meta name=\"twitter:label1\" content=\"Est. reading time\" \/>\n\t<meta name=\"twitter:data1\" content=\"2 minutes\" \/>\n<script type=\"application\/ld+json\" class=\"yoast-schema-graph\">{\"@context\":\"https:\\\/\\\/schema.org\",\"@graph\":[{\"@type\":\"WebPage\",\"@id\":\"https:\\\/\\\/www.internationaled.com\\\/vi\\\/admissions\\\/\",\"url\":\"https:\\\/\\\/www.internationaled.com\\\/vi\\\/admissions\\\/\",\"name\":\"Nh\u1eadp H\u1ecdc - Coquitlam School District 43\",\"isPartOf\":{\"@id\":\"https:\\\/\\\/www.internationaled.com\\\/ar\\\/#website\"},\"primaryImageOfPage\":{\"@id\":\"https:\\\/\\\/www.internationaled.com\\\/vi\\\/admissions\\\/#primaryimage\"},\"image\":{\"@id\":\"https:\\\/\\\/www.internationaled.com\\\/vi\\\/admissions\\\/#primaryimage\"},\"thumbnailUrl\":\"https:\\\/\\\/cdn.internationaled.com\\\/wp-content\\\/uploads\\\/2015\\\/10\\\/fondo_admision.jpg\",\"datePublished\":\"2015-10-19T17:41:13+00:00\",\"dateModified\":\"2017-04-04T20:54:02+00:00\",\"breadcrumb\":{\"@id\":\"https:\\\/\\\/www.internationaled.com\\\/vi\\\/admissions\\\/#breadcrumb\"},\"inLanguage\":\"vi\",\"potentialAction\":[{\"@type\":\"ReadAction\",\"target\":[\"https:\\\/\\\/www.internationaled.com\\\/vi\\\/admissions\\\/\"]}]},{\"@type\":\"ImageObject\",\"inLanguage\":\"vi\",\"@id\":\"https:\\\/\\\/www.internationaled.com\\\/vi\\\/admissions\\\/#primaryimage\",\"url\":\"https:\\\/\\\/cdn.internationaled.com\\\/wp-content\\\/uploads\\\/2015\\\/10\\\/fondo_admision.jpg\",\"contentUrl\":\"https:\\\/\\\/cdn.internationaled.com\\\/wp-content\\\/uploads\\\/2015\\\/10\\\/fondo_admision.jpg\",\"width\":1920,\"height\":400},{\"@type\":\"BreadcrumbList\",\"@id\":\"https:\\\/\\\/www.internationaled.com\\\/vi\\\/admissions\\\/#breadcrumb\",\"itemListElement\":[{\"@type\":\"ListItem\",\"position\":1,\"name\":\"Home\",\"item\":\"https:\\\/\\\/www.internationaled.com\\\/vi\\\/\"},{\"@type\":\"ListItem\",\"position\":2,\"name\":\"Nh\u1eadp H\u1ecdc\"}]},{\"@type\":\"WebSite\",\"@id\":\"https:\\\/\\\/www.internationaled.com\\\/ar\\\/#website\",\"url\":\"https:\\\/\\\/www.internationaled.com\\\/ar\\\/\",\"name\":\"Coquitlam School District 43\",\"description\":\"Learning for a Lifetime\",\"potentialAction\":[{\"@type\":\"SearchAction\",\"target\":{\"@type\":\"EntryPoint\",\"urlTemplate\":\"https:\\\/\\\/www.internationaled.com\\\/ar\\\/?s={search_term_string}\"},\"query-input\":{\"@type\":\"PropertyValueSpecification\",\"valueRequired\":true,\"valueName\":\"search_term_string\"}}],\"inLanguage\":\"vi\"}]}<\/script>\n<!-- \/ Yoast SEO plugin. -->","yoast_head_json":{"title":"Nh\u1eadp H\u1ecdc - Coquitlam School District 43","robots":{"index":"index","follow":"follow","max-snippet":"max-snippet:-1","max-image-preview":"max-image-preview:large","max-video-preview":"max-video-preview:-1"},"canonical":"https:\/\/www.internationaled.com\/vi\/admissions\/","og_locale":"vi_VN","og_type":"article","og_title":"Nh\u1eadp H\u1ecdc - Coquitlam School District 43","og_description":"Nh\u1eadp H\u1ecdc \u1ee8ng vi\u00ean \u0111\u01b0\u1ee3c y\u00eau c\u1ea7u n\u1ed9p m\u1ed9t m\u1eabu ghi danh \u0111i\u1ec1n th\u00f4ng tin ho\u00e0n ch\u1ec9nh c\u00f9ng v\u1edbi h\u1ecdc b\u1ea1 hi\u1ec7n th\u1eddi v\u00e0 hai n\u0103m tr\u01b0\u1edbc \u0111\u00f3. H\u1ecdc b\u1ea1 ph\u1ea3i \u0111\u01b0\u1ee3c m\u1ed9t bi\u00ean d\u1ecbch vi\u00ean ch\u00ednh th\u1ee9c d\u1ecbch ra ti\u1ebfng Anh. Sau khi V\u0103n ph\u00f2ng Qu\u1ed1c t\u1ebf \u0111\u00e3 nh\u1eadn \u0111\u01b0\u1ee3c c\u00e1c t\u00e0i li\u1ec7u v\u00e0 &hellip; Continue reading Nh\u1eadp H\u1ecdc &rarr;","og_url":"https:\/\/www.internationaled.com\/vi\/admissions\/","og_site_name":"Coquitlam School District 43","article_modified_time":"2017-04-04T20:54:02+00:00","og_image":[{"width":1920,"height":400,"url":"https:\/\/www.internationaled.com\/wp-content\/uploads\/2015\/10\/fondo_admision.jpg","type":"image\/jpeg"}],"twitter_card":"summary_large_image","twitter_misc":{"Est. reading time":"2 minutes"},"schema":{"@context":"https:\/\/schema.org","@graph":[{"@type":"WebPage","@id":"https:\/\/www.internationaled.com\/vi\/admissions\/","url":"https:\/\/www.internationaled.com\/vi\/admissions\/","name":"Nh\u1eadp H\u1ecdc - Coquitlam School District 43","isPartOf":{"@id":"https:\/\/www.internationaled.com\/ar\/#website"},"primaryImageOfPage":{"@id":"https:\/\/www.internationaled.com\/vi\/admissions\/#primaryimage"},"image":{"@id":"https:\/\/www.internationaled.com\/vi\/admissions\/#primaryimage"},"thumbnailUrl":"https:\/\/cdn.internationaled.com\/wp-content\/uploads\/2015\/10\/fondo_admision.jpg","datePublished":"2015-10-19T17:41:13+00:00","dateModified":"2017-04-04T20:54:02+00:00","breadcrumb":{"@id":"https:\/\/www.internationaled.com\/vi\/admissions\/#breadcrumb"},"inLanguage":"vi","potentialAction":[{"@type":"ReadAction","target":["https:\/\/www.internationaled.com\/vi\/admissions\/"]}]},{"@type":"ImageObject","inLanguage":"vi","@id":"https:\/\/www.internationaled.com\/vi\/admissions\/#primaryimage","url":"https:\/\/cdn.internationaled.com\/wp-content\/uploads\/2015\/10\/fondo_admision.jpg","contentUrl":"https:\/\/cdn.internationaled.com\/wp-content\/uploads\/2015\/10\/fondo_admision.jpg","width":1920,"height":400},{"@type":"BreadcrumbList","@id":"https:\/\/www.internationaled.com\/vi\/admissions\/#breadcrumb","itemListElement":[{"@type":"ListItem","position":1,"name":"Home","item":"https:\/\/www.internationaled.com\/vi\/"},{"@type":"ListItem","position":2,"name":"Nh\u1eadp H\u1ecdc"}]},{"@type":"WebSite","@id":"https:\/\/www.internationaled.com\/ar\/#website","url":"https:\/\/www.internationaled.com\/ar\/","name":"Coquitlam School District 43","description":"Learning for a Lifetime","potentialAction":[{"@type":"SearchAction","target":{"@type":"EntryPoint","urlTemplate":"https:\/\/www.internationaled.com\/ar\/?s={search_term_string}"},"query-input":{"@type":"PropertyValueSpecification","valueRequired":true,"valueName":"search_term_string"}}],"inLanguage":"vi"}]}},"_links":{"self":[{"href":"https:\/\/www.internationaled.com\/vi\/wp-json\/wp\/v2\/pages\/3489","targetHints":{"allow":["GET"]}}],"collection":[{"href":"https:\/\/www.internationaled.com\/vi\/wp-json\/wp\/v2\/pages"}],"about":[{"href":"https:\/\/www.internationaled.com\/vi\/wp-json\/wp\/v2\/types\/page"}],"author":[{"embeddable":true,"href":"https:\/\/www.internationaled.com\/vi\/wp-json\/wp\/v2\/users\/14"}],"replies":[{"embeddable":true,"href":"https:\/\/www.internationaled.com\/vi\/wp-json\/wp\/v2\/comments?post=3489"}],"version-history":[{"count":3,"href":"https:\/\/www.internationaled.com\/vi\/wp-json\/wp\/v2\/pages\/3489\/revisions"}],"predecessor-version":[{"id":5110,"href":"https:\/\/www.internationaled.com\/vi\/wp-json\/wp\/v2\/pages\/3489\/revisions\/5110"}],"wp:featuredmedia":[{"embeddable":true,"href":"https:\/\/www.internationaled.com\/vi\/wp-json\/wp\/v2\/media\/308"}],"wp:attachment":[{"href":"https:\/\/www.internationaled.com\/vi\/wp-json\/wp\/v2\/media?parent=3489"}],"curies":[{"name":"wp","href":"https:\/\/api.w.org\/{rel}","templated":true}]}}