{"id":3490,"date":"2015-10-27T16:08:50","date_gmt":"2015-10-27T16:08:50","guid":{"rendered":"http:\/\/internationaled.com\/admissions\/custodianship\/?lang=vi"},"modified":"2018-01-03T23:36:34","modified_gmt":"2018-01-03T23:36:34","slug":"custodianship","status":"publish","type":"page","link":"https:\/\/www.internationaled.com\/vi\/admissions\/custodianship\/","title":{"rendered":"Quy Ch\u1ebf Gi\u00e1m H\u1ed9"},"content":{"rendered":"<p>Theo y\u00eau c\u1ea7u c\u1ee7a ti\u1ebfn tr\u00ecnh nh\u1eadp h\u1ecdc, du h\u1ecdc sinh d\u01b0\u1edbi 19 tu\u1ed5i c\u1ea7n c\u00f3 m\u1ed9t &#8220;Ng\u01b0\u1eddi Gi\u00e1m h\u1ed9&#8221; c\u00f3 gi\u1ea5y t\u1edd ch\u00ednh th\u1ee9c. Nh\u1eefng ng\u01b0\u1eddi gi\u00e1m h\u1ed9 h\u1ed7 tr\u1ee3 du h\u1ecdc sinh 24 \/ 7 \/ 365 ng\u00e0y v\u00e0 \u0111\u00e1p \u1ee9ng m\u1ecdi nhu c\u1ea7u c\u1ee7a du h\u1ecdc sinh trong su\u1ed1t th\u1eddi gian du h\u1ecdc sinh h\u1ecdc t\u1eadp v\u00e0 sinh s\u1ed1ng t\u1ea1i Coquitlam.<\/p>\n<p>Du h\u1ecdc sinh ghi danh v\u00e0o c\u00e1c tr\u01b0\u1eddng ti\u1ec3u h\u1ecdc ph\u1ea3i \u1edf c\u00f9ng cha m\u1eb9. Du h\u1ecdc sinh Tr\u01b0\u1eddng Trung H\u1ecdc C\u01a1 S\u1edf v\u00e0 Trung H\u1ecdc v\u00e0 d\u01b0\u1edbi 19 tu\u1ed5i ph\u1ea3i \u0111i\u1ec1n v\u00e0o hai t\u00e0i li\u1ec7u b\u1ed5 sung m\u1edbi \u0111\u01b0\u1ee3c v\u0103n ph\u00f2ng ph\u1ee5 tr\u00e1ch chi\u1ebfu kh\u00e1n c\u1ea5p ph\u00e9p. T\u00e0i li\u1ec7u b\u1eaft bu\u1ed9c th\u1ee9 nh\u1ea5t l\u00e0 m\u1ed9t t\u1edd khai v\u1ec1 ch\u1ebf \u0111\u1ed9 gi\u00e1m h\u1ed9 do m\u1ed9t c\u00f4ng d\u00e2n Canada ho\u1eb7c m\u1ed9t th\u01b0\u1eddng tr\u00fa nh\u00e2n \u0111\u00e3 tr\u01b0\u1edfng th\u00e0nh \u0111i\u1ec1n v\u00e0o, ch\u1ec9 r\u00f5 r\u1eb1ng \u0111\u00e3 thu x\u1ebfp \u0111\u1ec3 ng\u01b0\u1eddi gi\u00e1m h\u1ed9 h\u00e0nh \u0111\u1ed9ng thay cho cha m\u1eb9. T\u00c0I LI\u1ec6U N\u00c0Y PH\u1ea2I \u0110\u01af\u1ee2C C\u00d4NG CH\u1ee8NG T\u1ea0I CANADA.<\/p>\n<p>T\u00e0i li\u1ec7u b\u1eaft bu\u1ed9c th\u1ee9 hai t\u01b0\u01a1ng t\u1ef1 nh\u01b0 t\u00e0i li\u1ec7u th\u1ee9 nh\u1ea5t nh\u01b0ng ph\u1ea3i \u0111\u01b0\u1ee3c cha m\u1eb9 ho\u1eb7c ng\u01b0\u1eddi qu\u1ea3n l\u00fd h\u1ee3p ph\u00e1p c\u1ee7a \u0111\u1ee9a tr\u1ebb \u0111i\u1ec1n v\u00e0o t\u1ea1i qu\u1ed1c gia nguy\u00ean qu\u00e1n, ch\u1ec9 r\u00f5 r\u1eb1ng \u0111\u00e3 thu x\u1ebfp \u0111\u1ec3 ng\u01b0\u1eddi gi\u00e1m h\u1ed9 h\u00e0nh \u0111\u1ed9ng thay cho cha m\u1eb9. N\u00f3i c\u00e1ch kh\u00e1c, cha m\u1eb9 th\u1eeba nh\u1eadn vai tr\u00f2 gi\u00e1m h\u1ed9 \u0111\u1ed1i v\u1edbi \u0111\u1ee9a tr\u1ebb. T\u00c0I LI\u1ec6U N\u00c0Y PH\u1ea2I \u0110\u01af\u1ee2C C\u00d4NG CH\u1ee8NG T\u1ea0I QU\u1ed0C GIA NGUY\u00caN QU\u00c1N.<\/p>\n<p>Nh\u1eafc l\u1ea1i: c\u00e1c gi\u1ea5y ph\u00e9p du h\u1ecdc c\u1ee7a qu\u00fd v\u1ecb ph\u1ea3i c\u00f2n hi\u1ec7u l\u1ef1c. C\u00f3 th\u1ec3 xin gia h\u1ea1n t\u1ea1i Canada b\u1eb1ng c\u00e1ch ho\u00e0n t\u1ea5t ti\u1ebfn tr\u00ecnh gia h\u1ea1n c\u1ee7a C\u01a1 quan Quan Thu\u1ebf v\u00e0 Di Tr\u00fa Canada.<\/p>\n<ul>\n<li><a href=\"http:\/\/legacy.internationaled.com\/forms\/custodianship_custodian.pdf\" target=\"_blank\" rel=\"noopener\">B\u1ea3n Ch\u1ea5p Nh\u1eadn Tr\u00e1ch Nhi\u1ec7m c\u1ee7a Gi\u00e0m H\u1ed9 c\u00f3 C\u00f4ng Ch\u1ee9ng (Notarized Acceptance of Custodianship Responsibilities)<\/a><\/li>\n<\/ul>\n","protected":false},"excerpt":{"rendered":"<p>Theo y\u00eau c\u1ea7u c\u1ee7a ti\u1ebfn tr\u00ecnh nh\u1eadp h\u1ecdc, du h\u1ecdc sinh d\u01b0\u1edbi 19 tu\u1ed5i c\u1ea7n c\u00f3 m\u1ed9t &#8220;Ng\u01b0\u1eddi Gi\u00e1m h\u1ed9&#8221; c\u00f3 gi\u1ea5y t\u1edd ch\u00ednh th\u1ee9c. Nh\u1eefng ng\u01b0\u1eddi gi\u00e1m h\u1ed9 h\u1ed7 tr\u1ee3 du h\u1ecdc sinh 24 \/ 7 \/ 365 ng\u00e0y v\u00e0 \u0111\u00e1p \u1ee9ng m\u1ecdi nhu c\u1ea7u c\u1ee7a du h\u1ecdc sinh trong su\u1ed1t th\u1eddi gian du &hellip; <a href=\"https:\/\/www.internationaled.com\/vi\/admissions\/custodianship\/\" class=\"more-link\">Continue reading <span class=\"screen-reader-text\">Quy Ch\u1ebf Gi\u00e1m H\u1ed9<\/span> <span class=\"meta-nav\">&rarr;<\/span><\/a><\/p>\n","protected":false},"author":14,"featured_media":327,"parent":3489,"menu_order":1,"comment_status":"closed","ping_status":"closed","template":"page-standard.php","meta":{"footnotes":""},"class_list":["post-3490","page","type-page","status-publish","has-post-thumbnail","hentry"],"yoast_head":"<!-- This site is optimized with the Yoast SEO plugin v27.3 - https:\/\/yoast.com\/product\/yoast-seo-wordpress\/ -->\n<title>Quy Ch\u1ebf Gi\u00e1m H\u1ed9 - Coquitlam School District 43<\/title>\n<meta name=\"robots\" content=\"index, follow, max-snippet:-1, max-image-preview:large, max-video-preview:-1\" \/>\n<link rel=\"canonical\" href=\"https:\/\/www.internationaled.com\/vi\/admissions\/custodianship\/\" \/>\n<meta property=\"og:locale\" content=\"vi_VN\" \/>\n<meta property=\"og:type\" content=\"article\" \/>\n<meta property=\"og:title\" content=\"Quy Ch\u1ebf Gi\u00e1m H\u1ed9 - Coquitlam School District 43\" \/>\n<meta property=\"og:description\" content=\"Theo y\u00eau c\u1ea7u c\u1ee7a ti\u1ebfn tr\u00ecnh nh\u1eadp h\u1ecdc, du h\u1ecdc sinh d\u01b0\u1edbi 19 tu\u1ed5i c\u1ea7n c\u00f3 m\u1ed9t &#8220;Ng\u01b0\u1eddi Gi\u00e1m h\u1ed9&#8221; c\u00f3 gi\u1ea5y t\u1edd ch\u00ednh th\u1ee9c. Nh\u1eefng ng\u01b0\u1eddi gi\u00e1m h\u1ed9 h\u1ed7 tr\u1ee3 du h\u1ecdc sinh 24 \/ 7 \/ 365 ng\u00e0y v\u00e0 \u0111\u00e1p \u1ee9ng m\u1ecdi nhu c\u1ea7u c\u1ee7a du h\u1ecdc sinh trong su\u1ed1t th\u1eddi gian du &hellip; Continue reading Quy Ch\u1ebf Gi\u00e1m H\u1ed9 &rarr;\" \/>\n<meta property=\"og:url\" content=\"https:\/\/www.internationaled.com\/vi\/admissions\/custodianship\/\" \/>\n<meta property=\"og:site_name\" content=\"Coquitlam School District 43\" \/>\n<meta property=\"article:modified_time\" content=\"2018-01-03T23:36:34+00:00\" \/>\n<meta property=\"og:image\" content=\"https:\/\/www.internationaled.com\/wp-content\/uploads\/2015\/10\/fondo_custodianship.jpg\" \/>\n\t<meta property=\"og:image:width\" content=\"1920\" \/>\n\t<meta property=\"og:image:height\" content=\"400\" \/>\n\t<meta property=\"og:image:type\" content=\"image\/jpeg\" \/>\n<meta name=\"twitter:card\" content=\"summary_large_image\" \/>\n<meta name=\"twitter:label1\" content=\"Est. reading time\" \/>\n\t<meta name=\"twitter:data1\" content=\"2 minutes\" \/>\n<script type=\"application\/ld+json\" class=\"yoast-schema-graph\">{\"@context\":\"https:\\\/\\\/schema.org\",\"@graph\":[{\"@type\":\"WebPage\",\"@id\":\"https:\\\/\\\/www.internationaled.com\\\/vi\\\/admissions\\\/custodianship\\\/\",\"url\":\"https:\\\/\\\/www.internationaled.com\\\/vi\\\/admissions\\\/custodianship\\\/\",\"name\":\"Quy Ch\u1ebf Gi\u00e1m H\u1ed9 - Coquitlam School District 43\",\"isPartOf\":{\"@id\":\"https:\\\/\\\/www.internationaled.com\\\/ar\\\/#website\"},\"primaryImageOfPage\":{\"@id\":\"https:\\\/\\\/www.internationaled.com\\\/vi\\\/admissions\\\/custodianship\\\/#primaryimage\"},\"image\":{\"@id\":\"https:\\\/\\\/www.internationaled.com\\\/vi\\\/admissions\\\/custodianship\\\/#primaryimage\"},\"thumbnailUrl\":\"https:\\\/\\\/cdn.internationaled.com\\\/wp-content\\\/uploads\\\/2015\\\/10\\\/fondo_custodianship.jpg\",\"datePublished\":\"2015-10-27T16:08:50+00:00\",\"dateModified\":\"2018-01-03T23:36:34+00:00\",\"breadcrumb\":{\"@id\":\"https:\\\/\\\/www.internationaled.com\\\/vi\\\/admissions\\\/custodianship\\\/#breadcrumb\"},\"inLanguage\":\"vi\",\"potentialAction\":[{\"@type\":\"ReadAction\",\"target\":[\"https:\\\/\\\/www.internationaled.com\\\/vi\\\/admissions\\\/custodianship\\\/\"]}]},{\"@type\":\"ImageObject\",\"inLanguage\":\"vi\",\"@id\":\"https:\\\/\\\/www.internationaled.com\\\/vi\\\/admissions\\\/custodianship\\\/#primaryimage\",\"url\":\"https:\\\/\\\/cdn.internationaled.com\\\/wp-content\\\/uploads\\\/2015\\\/10\\\/fondo_custodianship.jpg\",\"contentUrl\":\"https:\\\/\\\/cdn.internationaled.com\\\/wp-content\\\/uploads\\\/2015\\\/10\\\/fondo_custodianship.jpg\",\"width\":1920,\"height\":400},{\"@type\":\"BreadcrumbList\",\"@id\":\"https:\\\/\\\/www.internationaled.com\\\/vi\\\/admissions\\\/custodianship\\\/#breadcrumb\",\"itemListElement\":[{\"@type\":\"ListItem\",\"position\":1,\"name\":\"Home\",\"item\":\"https:\\\/\\\/www.internationaled.com\\\/vi\\\/\"},{\"@type\":\"ListItem\",\"position\":2,\"name\":\"Nh\u1eadp H\u1ecdc\",\"item\":\"https:\\\/\\\/www.internationaled.com\\\/vi\\\/admissions\\\/\"},{\"@type\":\"ListItem\",\"position\":3,\"name\":\"Quy Ch\u1ebf Gi\u00e1m H\u1ed9\"}]},{\"@type\":\"WebSite\",\"@id\":\"https:\\\/\\\/www.internationaled.com\\\/ar\\\/#website\",\"url\":\"https:\\\/\\\/www.internationaled.com\\\/ar\\\/\",\"name\":\"Coquitlam School District 43\",\"description\":\"Learning for a Lifetime\",\"potentialAction\":[{\"@type\":\"SearchAction\",\"target\":{\"@type\":\"EntryPoint\",\"urlTemplate\":\"https:\\\/\\\/www.internationaled.com\\\/ar\\\/?s={search_term_string}\"},\"query-input\":{\"@type\":\"PropertyValueSpecification\",\"valueRequired\":true,\"valueName\":\"search_term_string\"}}],\"inLanguage\":\"vi\"}]}<\/script>\n<!-- \/ Yoast SEO plugin. -->","yoast_head_json":{"title":"Quy Ch\u1ebf Gi\u00e1m H\u1ed9 - Coquitlam School District 43","robots":{"index":"index","follow":"follow","max-snippet":"max-snippet:-1","max-image-preview":"max-image-preview:large","max-video-preview":"max-video-preview:-1"},"canonical":"https:\/\/www.internationaled.com\/vi\/admissions\/custodianship\/","og_locale":"vi_VN","og_type":"article","og_title":"Quy Ch\u1ebf Gi\u00e1m H\u1ed9 - Coquitlam School District 43","og_description":"Theo y\u00eau c\u1ea7u c\u1ee7a ti\u1ebfn tr\u00ecnh nh\u1eadp h\u1ecdc, du h\u1ecdc sinh d\u01b0\u1edbi 19 tu\u1ed5i c\u1ea7n c\u00f3 m\u1ed9t &#8220;Ng\u01b0\u1eddi Gi\u00e1m h\u1ed9&#8221; c\u00f3 gi\u1ea5y t\u1edd ch\u00ednh th\u1ee9c. Nh\u1eefng ng\u01b0\u1eddi gi\u00e1m h\u1ed9 h\u1ed7 tr\u1ee3 du h\u1ecdc sinh 24 \/ 7 \/ 365 ng\u00e0y v\u00e0 \u0111\u00e1p \u1ee9ng m\u1ecdi nhu c\u1ea7u c\u1ee7a du h\u1ecdc sinh trong su\u1ed1t th\u1eddi gian du &hellip; Continue reading Quy Ch\u1ebf Gi\u00e1m H\u1ed9 &rarr;","og_url":"https:\/\/www.internationaled.com\/vi\/admissions\/custodianship\/","og_site_name":"Coquitlam School District 43","article_modified_time":"2018-01-03T23:36:34+00:00","og_image":[{"width":1920,"height":400,"url":"https:\/\/www.internationaled.com\/wp-content\/uploads\/2015\/10\/fondo_custodianship.jpg","type":"image\/jpeg"}],"twitter_card":"summary_large_image","twitter_misc":{"Est. reading time":"2 minutes"},"schema":{"@context":"https:\/\/schema.org","@graph":[{"@type":"WebPage","@id":"https:\/\/www.internationaled.com\/vi\/admissions\/custodianship\/","url":"https:\/\/www.internationaled.com\/vi\/admissions\/custodianship\/","name":"Quy Ch\u1ebf Gi\u00e1m H\u1ed9 - Coquitlam School District 43","isPartOf":{"@id":"https:\/\/www.internationaled.com\/ar\/#website"},"primaryImageOfPage":{"@id":"https:\/\/www.internationaled.com\/vi\/admissions\/custodianship\/#primaryimage"},"image":{"@id":"https:\/\/www.internationaled.com\/vi\/admissions\/custodianship\/#primaryimage"},"thumbnailUrl":"https:\/\/cdn.internationaled.com\/wp-content\/uploads\/2015\/10\/fondo_custodianship.jpg","datePublished":"2015-10-27T16:08:50+00:00","dateModified":"2018-01-03T23:36:34+00:00","breadcrumb":{"@id":"https:\/\/www.internationaled.com\/vi\/admissions\/custodianship\/#breadcrumb"},"inLanguage":"vi","potentialAction":[{"@type":"ReadAction","target":["https:\/\/www.internationaled.com\/vi\/admissions\/custodianship\/"]}]},{"@type":"ImageObject","inLanguage":"vi","@id":"https:\/\/www.internationaled.com\/vi\/admissions\/custodianship\/#primaryimage","url":"https:\/\/cdn.internationaled.com\/wp-content\/uploads\/2015\/10\/fondo_custodianship.jpg","contentUrl":"https:\/\/cdn.internationaled.com\/wp-content\/uploads\/2015\/10\/fondo_custodianship.jpg","width":1920,"height":400},{"@type":"BreadcrumbList","@id":"https:\/\/www.internationaled.com\/vi\/admissions\/custodianship\/#breadcrumb","itemListElement":[{"@type":"ListItem","position":1,"name":"Home","item":"https:\/\/www.internationaled.com\/vi\/"},{"@type":"ListItem","position":2,"name":"Nh\u1eadp H\u1ecdc","item":"https:\/\/www.internationaled.com\/vi\/admissions\/"},{"@type":"ListItem","position":3,"name":"Quy Ch\u1ebf Gi\u00e1m H\u1ed9"}]},{"@type":"WebSite","@id":"https:\/\/www.internationaled.com\/ar\/#website","url":"https:\/\/www.internationaled.com\/ar\/","name":"Coquitlam School District 43","description":"Learning for a Lifetime","potentialAction":[{"@type":"SearchAction","target":{"@type":"EntryPoint","urlTemplate":"https:\/\/www.internationaled.com\/ar\/?s={search_term_string}"},"query-input":{"@type":"PropertyValueSpecification","valueRequired":true,"valueName":"search_term_string"}}],"inLanguage":"vi"}]}},"_links":{"self":[{"href":"https:\/\/www.internationaled.com\/vi\/wp-json\/wp\/v2\/pages\/3490","targetHints":{"allow":["GET"]}}],"collection":[{"href":"https:\/\/www.internationaled.com\/vi\/wp-json\/wp\/v2\/pages"}],"about":[{"href":"https:\/\/www.internationaled.com\/vi\/wp-json\/wp\/v2\/types\/page"}],"author":[{"embeddable":true,"href":"https:\/\/www.internationaled.com\/vi\/wp-json\/wp\/v2\/users\/14"}],"replies":[{"embeddable":true,"href":"https:\/\/www.internationaled.com\/vi\/wp-json\/wp\/v2\/comments?post=3490"}],"version-history":[{"count":3,"href":"https:\/\/www.internationaled.com\/vi\/wp-json\/wp\/v2\/pages\/3490\/revisions"}],"predecessor-version":[{"id":5292,"href":"https:\/\/www.internationaled.com\/vi\/wp-json\/wp\/v2\/pages\/3490\/revisions\/5292"}],"up":[{"embeddable":true,"href":"https:\/\/www.internationaled.com\/vi\/wp-json\/wp\/v2\/pages\/3489"}],"wp:featuredmedia":[{"embeddable":true,"href":"https:\/\/www.internationaled.com\/vi\/wp-json\/wp\/v2\/media\/327"}],"wp:attachment":[{"href":"https:\/\/www.internationaled.com\/vi\/wp-json\/wp\/v2\/media?parent=3490"}],"curies":[{"name":"wp","href":"https:\/\/api.w.org\/{rel}","templated":true}]}}