{"id":3491,"date":"2015-10-27T16:09:11","date_gmt":"2015-10-27T16:09:11","guid":{"rendered":"http:\/\/internationaled.com\/admissions\/medical\/?lang=vi"},"modified":"2016-07-22T08:38:03","modified_gmt":"2016-07-22T08:38:03","slug":"medical","status":"publish","type":"page","link":"https:\/\/www.internationaled.com\/vi\/admissions\/medical\/","title":{"rendered":"Y T\u1ebf"},"content":{"rendered":"<h3 class=\"blue\">Ch\u01b0\u01a1ng Tr\u00ecnh D\u1ecbch V\u1ee5 Y T\u1ebf (MSP) \u2013 Th\u1ebb Ch\u0103m S\u00f3c S\u1ee9c Kh\u1ecfe (Care Card)<\/h3>\n<p>T\u1ea5t c\u1ea3 du h\u1ecdc sinh \u0111\u1ec1u \u0111\u01b0\u1ee3c y\u00eau c\u1ea7u tr\u1ea3 b\u1ea3o hi\u1ec3m y t\u1ebf nh\u01b0 m\u1ed9t \u0111i\u1ec1u ki\u1ec7n \u0111\u1ec3 \u0111\u01b0\u1ee3c ch\u1ea5p nh\u1eadn v\u00e0o Ch\u01b0\u01a1ng Tr\u00ecnh Gi\u00e1o D\u1ee5c Qu\u1ed1c T\u1ebf. T\u1ea5t c\u1ea3 du h\u1ecdc sinh ph\u1ea3i tr\u00ecnh di\u1ec7n v\u0103n ph\u00f2ng ph\u1ee5 tr\u00e1ch Ch\u01b0\u01a1ng Tr\u00ecnh Gi\u00e1o D\u1ee5c Qu\u1ed1c T\u1ebf v\u1edbi h\u1ed9 chi\u1ebfu v\u00e0 Gi\u1ea5y Ph\u00e9p Du H\u1ecdc sau khi \u0111\u1ebfn h\u1ecdc khu ch\u00fang t\u00f4i \u0111\u1ec3 n\u1ed9p \u0111\u01a1n tham gia b\u1ea3o hi\u1ec3m n\u00e0y. B\u1ea3o Hi\u1ec3m Y T\u1ebf c\u1ee7a <a href=\"http:\/\/www.health.gov.bc.ca\/msp\/\" target=\"blank\">B.C. \u2013 Ch\u01b0\u01a1ng Tr\u00ecnh D\u1ecbch V\u1ee5 Y T\u1ebf (MSP)<\/a> s\u1ebd bao tr\u1ea3 cho t\u1ea5t c\u1ea3 du h\u1ecdc sinh sau khi k\u1ebft th\u00fac th\u1eddi gian ch\u1edd \u0111\u1ee3i ba th\u00e1ng. B\u1ea3o hi\u1ec3m MSP do lu\u1eadt ph\u00e1p c\u1ee7a B.C. b\u1eaft bu\u1ed9c \u0111\u1ed1i v\u1edbi t\u1ea5t c\u1ea3 nh\u1eefng ng\u01b0\u1eddi c\u01b0 tr\u00fa t\u1ea1i B.C. Mu\u1ed1n tham gia b\u1ea3o hi\u1ec3m n\u00e0y, du h\u1ecdc sinh ho\u1eb7c cha m\u1eb9 \/ ng\u01b0\u1eddi gi\u00e1m h\u1ed9 h\u1ee3p ph\u00e1p ph\u1ea3i n\u1ed9p \u0111\u01a1n t\u1ea1i v\u0103n ph\u00f2ng n\u00e0y, k\u00e8m theo h\u1ed9 chi\u1ebfu v\u00e0 Gi\u1ea5y Ph\u00e9p Du H\u1ecdc c\u00f2n hi\u1ec7u l\u1ef1c c\u1ee7a du h\u1ecdc sinh ngay khi \u0111\u1ebfn h\u1ecdc khu. V\u00e0o khi k\u1ebft th\u00fac th\u1eddi gian ch\u1edd \u0111\u1ee3i, MSP s\u1ebd g\u1edfi Th\u1ebb Ch\u0103m S\u00f3c \u0111\u1ebfn \u0111\u1ecba ch\u1ec9 nh\u00e0 c\u1ee7a du h\u1ecdc sinh. Khi \u0111\u00e3 c\u00f3 Th\u1ebb Ch\u0103m S\u00f3c r\u1ed3i, du h\u1ecdc sinh s\u1ebd nh\u1eadn \u0111\u01b0\u1ee3c c\u00e1c d\u1ecbch v\u1ee5 y t\u1ebf nh\u01b0 t\u1ea5t c\u1ea3 c\u00e1c c\u01b0 d\u00e2n British Columbia kh\u00e1c. M\u1ed7i Th\u1ebb Ch\u0103m S\u00f3c c\u00f3 m\u1ed9t ng\u00e0y h\u1ebft h\u1ea1n, th\u01b0\u1eddng l\u00e0 ng\u00e0y h\u1ebft h\u1ea1n Gi\u1ea5y Ph\u00e9p Du H\u1ecdc. Ng\u00e0y n\u00e0y l\u00e0 ng\u00e0y khi t\u1ea5t c\u1ea3 du h\u1ecdc sinh h\u1ed9i \u0111\u1ee7 \u0111i\u1ec1u ki\u1ec7n \u0111\u1ec3 \u0111\u01b0\u1ee3c bao tr\u1ea3, ch\u1ee9 kh\u00f4ng ph\u1ea3i l\u00e0 ng\u00e0y tr\u1ea3 ph\u00ed b\u1ea3o hi\u1ec3m. Ph\u00ed b\u1ea3o hi\u1ec3m \u0111\u01b0\u1ee3c v\u0103n ph\u00f2ng Gi\u00e1o D\u1ee5c Qu\u1ed1c T\u1ebf tr\u1ea3 cho MSP thay m\u1eb7t cho t\u1eebng du h\u1ecdc sinh trong khi du h\u1ecdc sinh ghi danh v\u00e0o ch\u01b0\u01a1ng tr\u00ecnh. Khi du h\u1ecdc sinh ng\u01b0ng tham gia Ch\u01b0\u01a1ng Tr\u00ecnh Qu\u1ed1c T\u1ebf, c\u00e1c ph\u00fac l\u1ee3i v\u1ec1 b\u1ea3o hi\u1ec3m l\u00fac \u0111\u00f3 thu\u1ed9c tr\u00e1ch nhi\u1ec7m c\u1ee7a du h\u1ecdc sinh v\u00e0 cha m\u1eb9 \/ng\u01b0\u1eddi gi\u00e1m h\u1ed9. Mu\u1ed1n gia h\u1ea1n Th\u1ebb Ch\u0103m S\u00f3c, du h\u1ecdc sinh ph\u1ea3i cung c\u1ea5p cho v\u0103n ph\u00f2ng Gi\u00e1o D\u1ee5c Qu\u1ed1c T\u1ebf m\u1ed9t b\u1ea3n sao Gi\u1ea5y Ph\u00e9p Du H\u1ecdc \u0111\u01b0\u1ee3c gia h\u1ea1n. Ph\u1ea3i l\u00e0m vi\u1ec7c n\u00e0y h\u00e0ng n\u0103m trong khi du h\u1ecdc sinh c\u00f2n l\u00e0 th\u00e0nh vi\u00ean c\u1ee7a Ch\u01b0\u01a1ng Tr\u00ecnh Qu\u1ed1c T\u1ebf t\u1ea1i H\u1ecdc Khu 43 (Coquitlam).<\/p>\n<h3 class=\"blue\"><a href=\"http:\/\/legacy.internationaled.com\/English\/medical.shtml#private\">B\u1ea3o hi\u1ec3m t\u01b0 (t\u1ea1m th\u1eddi)<\/a><\/h3>\n<p><a href=\"http:\/\/legacy.internationaled.com\/English\/medical.shtml#private\">xin vui l\u00f2ng b\u1ea5m v\u00e0o \u0111\u00e2y<\/a><\/p>\n","protected":false},"excerpt":{"rendered":"<p>Ch\u01b0\u01a1ng Tr\u00ecnh D\u1ecbch V\u1ee5 Y T\u1ebf (MSP) \u2013 Th\u1ebb Ch\u0103m S\u00f3c S\u1ee9c Kh\u1ecfe (Care Card) T\u1ea5t c\u1ea3 du h\u1ecdc sinh \u0111\u1ec1u \u0111\u01b0\u1ee3c y\u00eau c\u1ea7u tr\u1ea3 b\u1ea3o hi\u1ec3m y t\u1ebf nh\u01b0 m\u1ed9t \u0111i\u1ec1u ki\u1ec7n \u0111\u1ec3 \u0111\u01b0\u1ee3c ch\u1ea5p nh\u1eadn v\u00e0o Ch\u01b0\u01a1ng Tr\u00ecnh Gi\u00e1o D\u1ee5c Qu\u1ed1c T\u1ebf. T\u1ea5t c\u1ea3 du h\u1ecdc sinh ph\u1ea3i tr\u00ecnh di\u1ec7n v\u0103n ph\u00f2ng ph\u1ee5 &hellip; <a href=\"https:\/\/www.internationaled.com\/vi\/admissions\/medical\/\" class=\"more-link\">Continue reading <span class=\"screen-reader-text\">Y T\u1ebf<\/span> <span class=\"meta-nav\">&rarr;<\/span><\/a><\/p>\n","protected":false},"author":14,"featured_media":328,"parent":3489,"menu_order":2,"comment_status":"closed","ping_status":"closed","template":"page-standard.php","meta":{"footnotes":""},"class_list":["post-3491","page","type-page","status-publish","has-post-thumbnail","hentry"],"yoast_head":"<!-- This site is optimized with the Yoast SEO plugin v27.3 - https:\/\/yoast.com\/product\/yoast-seo-wordpress\/ -->\n<title>Y T\u1ebf - Coquitlam School District 43<\/title>\n<meta name=\"robots\" content=\"index, follow, max-snippet:-1, max-image-preview:large, max-video-preview:-1\" \/>\n<link rel=\"canonical\" href=\"https:\/\/www.internationaled.com\/vi\/admissions\/medical\/\" \/>\n<meta property=\"og:locale\" content=\"vi_VN\" \/>\n<meta property=\"og:type\" content=\"article\" \/>\n<meta property=\"og:title\" content=\"Y T\u1ebf - Coquitlam School District 43\" \/>\n<meta property=\"og:description\" content=\"Ch\u01b0\u01a1ng Tr\u00ecnh D\u1ecbch V\u1ee5 Y T\u1ebf (MSP) \u2013 Th\u1ebb Ch\u0103m S\u00f3c S\u1ee9c Kh\u1ecfe (Care Card) T\u1ea5t c\u1ea3 du h\u1ecdc sinh \u0111\u1ec1u \u0111\u01b0\u1ee3c y\u00eau c\u1ea7u tr\u1ea3 b\u1ea3o hi\u1ec3m y t\u1ebf nh\u01b0 m\u1ed9t \u0111i\u1ec1u ki\u1ec7n \u0111\u1ec3 \u0111\u01b0\u1ee3c ch\u1ea5p nh\u1eadn v\u00e0o Ch\u01b0\u01a1ng Tr\u00ecnh Gi\u00e1o D\u1ee5c Qu\u1ed1c T\u1ebf. T\u1ea5t c\u1ea3 du h\u1ecdc sinh ph\u1ea3i tr\u00ecnh di\u1ec7n v\u0103n ph\u00f2ng ph\u1ee5 &hellip; Continue reading Y T\u1ebf &rarr;\" \/>\n<meta property=\"og:url\" content=\"https:\/\/www.internationaled.com\/vi\/admissions\/medical\/\" \/>\n<meta property=\"og:site_name\" content=\"Coquitlam School District 43\" \/>\n<meta property=\"article:modified_time\" content=\"2016-07-22T08:38:03+00:00\" \/>\n<meta property=\"og:image\" content=\"https:\/\/www.internationaled.com\/wp-content\/uploads\/2015\/10\/fondo_medical.jpg\" \/>\n\t<meta property=\"og:image:width\" content=\"1920\" \/>\n\t<meta property=\"og:image:height\" content=\"400\" \/>\n\t<meta property=\"og:image:type\" content=\"image\/jpeg\" \/>\n<meta name=\"twitter:card\" content=\"summary_large_image\" \/>\n<meta name=\"twitter:label1\" content=\"Est. reading time\" \/>\n\t<meta name=\"twitter:data1\" content=\"3 minutes\" \/>\n<script type=\"application\/ld+json\" class=\"yoast-schema-graph\">{\"@context\":\"https:\\\/\\\/schema.org\",\"@graph\":[{\"@type\":\"WebPage\",\"@id\":\"https:\\\/\\\/www.internationaled.com\\\/vi\\\/admissions\\\/medical\\\/\",\"url\":\"https:\\\/\\\/www.internationaled.com\\\/vi\\\/admissions\\\/medical\\\/\",\"name\":\"Y T\u1ebf - Coquitlam School District 43\",\"isPartOf\":{\"@id\":\"https:\\\/\\\/www.internationaled.com\\\/ar\\\/#website\"},\"primaryImageOfPage\":{\"@id\":\"https:\\\/\\\/www.internationaled.com\\\/vi\\\/admissions\\\/medical\\\/#primaryimage\"},\"image\":{\"@id\":\"https:\\\/\\\/www.internationaled.com\\\/vi\\\/admissions\\\/medical\\\/#primaryimage\"},\"thumbnailUrl\":\"https:\\\/\\\/cdn.internationaled.com\\\/wp-content\\\/uploads\\\/2015\\\/10\\\/fondo_medical.jpg\",\"datePublished\":\"2015-10-27T16:09:11+00:00\",\"dateModified\":\"2016-07-22T08:38:03+00:00\",\"breadcrumb\":{\"@id\":\"https:\\\/\\\/www.internationaled.com\\\/vi\\\/admissions\\\/medical\\\/#breadcrumb\"},\"inLanguage\":\"vi\",\"potentialAction\":[{\"@type\":\"ReadAction\",\"target\":[\"https:\\\/\\\/www.internationaled.com\\\/vi\\\/admissions\\\/medical\\\/\"]}]},{\"@type\":\"ImageObject\",\"inLanguage\":\"vi\",\"@id\":\"https:\\\/\\\/www.internationaled.com\\\/vi\\\/admissions\\\/medical\\\/#primaryimage\",\"url\":\"https:\\\/\\\/cdn.internationaled.com\\\/wp-content\\\/uploads\\\/2015\\\/10\\\/fondo_medical.jpg\",\"contentUrl\":\"https:\\\/\\\/cdn.internationaled.com\\\/wp-content\\\/uploads\\\/2015\\\/10\\\/fondo_medical.jpg\",\"width\":1920,\"height\":400},{\"@type\":\"BreadcrumbList\",\"@id\":\"https:\\\/\\\/www.internationaled.com\\\/vi\\\/admissions\\\/medical\\\/#breadcrumb\",\"itemListElement\":[{\"@type\":\"ListItem\",\"position\":1,\"name\":\"Home\",\"item\":\"https:\\\/\\\/www.internationaled.com\\\/vi\\\/\"},{\"@type\":\"ListItem\",\"position\":2,\"name\":\"Nh\u1eadp H\u1ecdc\",\"item\":\"https:\\\/\\\/www.internationaled.com\\\/vi\\\/admissions\\\/\"},{\"@type\":\"ListItem\",\"position\":3,\"name\":\"Y T\u1ebf\"}]},{\"@type\":\"WebSite\",\"@id\":\"https:\\\/\\\/www.internationaled.com\\\/ar\\\/#website\",\"url\":\"https:\\\/\\\/www.internationaled.com\\\/ar\\\/\",\"name\":\"Coquitlam School District 43\",\"description\":\"Learning for a Lifetime\",\"potentialAction\":[{\"@type\":\"SearchAction\",\"target\":{\"@type\":\"EntryPoint\",\"urlTemplate\":\"https:\\\/\\\/www.internationaled.com\\\/ar\\\/?s={search_term_string}\"},\"query-input\":{\"@type\":\"PropertyValueSpecification\",\"valueRequired\":true,\"valueName\":\"search_term_string\"}}],\"inLanguage\":\"vi\"}]}<\/script>\n<!-- \/ Yoast SEO plugin. -->","yoast_head_json":{"title":"Y T\u1ebf - Coquitlam School District 43","robots":{"index":"index","follow":"follow","max-snippet":"max-snippet:-1","max-image-preview":"max-image-preview:large","max-video-preview":"max-video-preview:-1"},"canonical":"https:\/\/www.internationaled.com\/vi\/admissions\/medical\/","og_locale":"vi_VN","og_type":"article","og_title":"Y T\u1ebf - Coquitlam School District 43","og_description":"Ch\u01b0\u01a1ng Tr\u00ecnh D\u1ecbch V\u1ee5 Y T\u1ebf (MSP) \u2013 Th\u1ebb Ch\u0103m S\u00f3c S\u1ee9c Kh\u1ecfe (Care Card) T\u1ea5t c\u1ea3 du h\u1ecdc sinh \u0111\u1ec1u \u0111\u01b0\u1ee3c y\u00eau c\u1ea7u tr\u1ea3 b\u1ea3o hi\u1ec3m y t\u1ebf nh\u01b0 m\u1ed9t \u0111i\u1ec1u ki\u1ec7n \u0111\u1ec3 \u0111\u01b0\u1ee3c ch\u1ea5p nh\u1eadn v\u00e0o Ch\u01b0\u01a1ng Tr\u00ecnh Gi\u00e1o D\u1ee5c Qu\u1ed1c T\u1ebf. T\u1ea5t c\u1ea3 du h\u1ecdc sinh ph\u1ea3i tr\u00ecnh di\u1ec7n v\u0103n ph\u00f2ng ph\u1ee5 &hellip; Continue reading Y T\u1ebf &rarr;","og_url":"https:\/\/www.internationaled.com\/vi\/admissions\/medical\/","og_site_name":"Coquitlam School District 43","article_modified_time":"2016-07-22T08:38:03+00:00","og_image":[{"width":1920,"height":400,"url":"https:\/\/www.internationaled.com\/wp-content\/uploads\/2015\/10\/fondo_medical.jpg","type":"image\/jpeg"}],"twitter_card":"summary_large_image","twitter_misc":{"Est. reading time":"3 minutes"},"schema":{"@context":"https:\/\/schema.org","@graph":[{"@type":"WebPage","@id":"https:\/\/www.internationaled.com\/vi\/admissions\/medical\/","url":"https:\/\/www.internationaled.com\/vi\/admissions\/medical\/","name":"Y T\u1ebf - Coquitlam School District 43","isPartOf":{"@id":"https:\/\/www.internationaled.com\/ar\/#website"},"primaryImageOfPage":{"@id":"https:\/\/www.internationaled.com\/vi\/admissions\/medical\/#primaryimage"},"image":{"@id":"https:\/\/www.internationaled.com\/vi\/admissions\/medical\/#primaryimage"},"thumbnailUrl":"https:\/\/cdn.internationaled.com\/wp-content\/uploads\/2015\/10\/fondo_medical.jpg","datePublished":"2015-10-27T16:09:11+00:00","dateModified":"2016-07-22T08:38:03+00:00","breadcrumb":{"@id":"https:\/\/www.internationaled.com\/vi\/admissions\/medical\/#breadcrumb"},"inLanguage":"vi","potentialAction":[{"@type":"ReadAction","target":["https:\/\/www.internationaled.com\/vi\/admissions\/medical\/"]}]},{"@type":"ImageObject","inLanguage":"vi","@id":"https:\/\/www.internationaled.com\/vi\/admissions\/medical\/#primaryimage","url":"https:\/\/cdn.internationaled.com\/wp-content\/uploads\/2015\/10\/fondo_medical.jpg","contentUrl":"https:\/\/cdn.internationaled.com\/wp-content\/uploads\/2015\/10\/fondo_medical.jpg","width":1920,"height":400},{"@type":"BreadcrumbList","@id":"https:\/\/www.internationaled.com\/vi\/admissions\/medical\/#breadcrumb","itemListElement":[{"@type":"ListItem","position":1,"name":"Home","item":"https:\/\/www.internationaled.com\/vi\/"},{"@type":"ListItem","position":2,"name":"Nh\u1eadp H\u1ecdc","item":"https:\/\/www.internationaled.com\/vi\/admissions\/"},{"@type":"ListItem","position":3,"name":"Y T\u1ebf"}]},{"@type":"WebSite","@id":"https:\/\/www.internationaled.com\/ar\/#website","url":"https:\/\/www.internationaled.com\/ar\/","name":"Coquitlam School District 43","description":"Learning for a Lifetime","potentialAction":[{"@type":"SearchAction","target":{"@type":"EntryPoint","urlTemplate":"https:\/\/www.internationaled.com\/ar\/?s={search_term_string}"},"query-input":{"@type":"PropertyValueSpecification","valueRequired":true,"valueName":"search_term_string"}}],"inLanguage":"vi"}]}},"_links":{"self":[{"href":"https:\/\/www.internationaled.com\/vi\/wp-json\/wp\/v2\/pages\/3491","targetHints":{"allow":["GET"]}}],"collection":[{"href":"https:\/\/www.internationaled.com\/vi\/wp-json\/wp\/v2\/pages"}],"about":[{"href":"https:\/\/www.internationaled.com\/vi\/wp-json\/wp\/v2\/types\/page"}],"author":[{"embeddable":true,"href":"https:\/\/www.internationaled.com\/vi\/wp-json\/wp\/v2\/users\/14"}],"replies":[{"embeddable":true,"href":"https:\/\/www.internationaled.com\/vi\/wp-json\/wp\/v2\/comments?post=3491"}],"version-history":[{"count":2,"href":"https:\/\/www.internationaled.com\/vi\/wp-json\/wp\/v2\/pages\/3491\/revisions"}],"predecessor-version":[{"id":4802,"href":"https:\/\/www.internationaled.com\/vi\/wp-json\/wp\/v2\/pages\/3491\/revisions\/4802"}],"up":[{"embeddable":true,"href":"https:\/\/www.internationaled.com\/vi\/wp-json\/wp\/v2\/pages\/3489"}],"wp:featuredmedia":[{"embeddable":true,"href":"https:\/\/www.internationaled.com\/vi\/wp-json\/wp\/v2\/media\/328"}],"wp:attachment":[{"href":"https:\/\/www.internationaled.com\/vi\/wp-json\/wp\/v2\/media?parent=3491"}],"curies":[{"name":"wp","href":"https:\/\/api.w.org\/{rel}","templated":true}]}}