{"id":3493,"date":"2015-10-27T16:09:47","date_gmt":"2015-10-27T16:09:47","guid":{"rendered":"http:\/\/internationaled.com\/admissions\/selection-criteria\/?lang=vi"},"modified":"2017-01-25T23:11:37","modified_gmt":"2017-01-25T23:11:37","slug":"selection-criteria","status":"publish","type":"page","link":"https:\/\/www.internationaled.com\/vi\/admissions\/selection-criteria\/","title":{"rendered":"C\u00e1c Ti\u00eau Chu\u1ea9n Tuy\u1ec3n Ch\u1ecdn"},"content":{"rendered":"<p>Vi\u1ec7c \u0111\u01b0\u1ee3c Ch\u01b0\u01a1ng Tr\u00ecnh Gi\u00e1o D\u1ee5c Qu\u1ed1c T\u1ebf ch\u1ea5p nh\u1eadn v\u00e0 ti\u1ebfp \u0111\u00f3 l\u00e0 b\u1ed1 tr\u00ed v\u00e0o tr\u01b0\u1eddng s\u1ebd \u0111\u01b0\u1ee3c quy\u1ebft \u0111\u1ecbnh c\u0103n c\u1ee9 v\u00e0o qu\u00e1 tr\u00ecnh h\u1ecdc t\u1eadp v\u00e0 h\u1ea1nh ki\u1ec3m v\u00e0 tr\u00ecnh \u0111\u1ed9 h\u1ecdc v\u1ea5n hi\u1ec7n t\u1ea1i c\u1ee7a \u1ee9ng vi\u00ean \u0111\u01b0\u1ee3c ghi r\u00f5 trong h\u1ecdc b\u1ea1 v\u00e0 c\u00e1c t\u00e0i li\u1ec7u di tr\u00fa. Du h\u1ecdc sinh ph\u1ea3i ch\u1ec9 \u0111\u1ecbnh m\u1ed9t ng\u01b0\u1eddi ch\u1ecbu tr\u00e1ch nhi\u1ec7m \u0111\u1ec3 b\u1ea3o \u0111\u1ea3m cung c\u1ea5p n\u01a1i \u0103n \u1edf, \u00e1o qu\u1ea7n v\u00e0 chuy\u00ean ch\u1edf v\u00e0 s\u1ebd l\u00e0 \u0111\u1ea7u m\u1ed1i li\u00ean l\u1ea1c ch\u00ednh c\u1ee7a \u0111\u1ee9a tr\u1ebb v\u1edbi nh\u00e0 tr\u01b0\u1eddng.<\/p>\n<ul>\n<li><a href=\"http:\/\/www.internationaled.com\/vi\/admissions\/study-permit\/\">Th\u00f4ng Tin v\u1ec1 Gi\u1ea5y Ph\u00e9p Du H\u1ecdc c\u1ee7a Du H\u1ecdc Sinh<\/a><\/li>\n<\/ul>\n<p>C\u00f3 th\u1ec3 truy c\u1eadp v\u00e0o k\u1ebft n\u1ed1i sau \u0111\u00e2y \u0111\u1ec3 bi\u1ebft th\u00eam th\u00f4ng tin v\u1ec1 gi\u1ea5y ph\u00e9p du h\u1ecdc v\u00e0 m\u1eabu \u0111\u01a1n xin gi\u1ea5y ph\u00e9p:<\/p>\n<ul>\n<li><a href=\"http:\/\/www.cic.gc.ca\/english\/information\/applications\/student.asp\" target=\"_blank\">www.cic.gc.ca\/english\/information\/applications\/student.asp<\/a><\/li>\n<\/ul>\n","protected":false},"excerpt":{"rendered":"<p>Vi\u1ec7c \u0111\u01b0\u1ee3c Ch\u01b0\u01a1ng Tr\u00ecnh Gi\u00e1o D\u1ee5c Qu\u1ed1c T\u1ebf ch\u1ea5p nh\u1eadn v\u00e0 ti\u1ebfp \u0111\u00f3 l\u00e0 b\u1ed1 tr\u00ed v\u00e0o tr\u01b0\u1eddng s\u1ebd \u0111\u01b0\u1ee3c quy\u1ebft \u0111\u1ecbnh c\u0103n c\u1ee9 v\u00e0o qu\u00e1 tr\u00ecnh h\u1ecdc t\u1eadp v\u00e0 h\u1ea1nh ki\u1ec3m v\u00e0 tr\u00ecnh \u0111\u1ed9 h\u1ecdc v\u1ea5n hi\u1ec7n t\u1ea1i c\u1ee7a \u1ee9ng vi\u00ean \u0111\u01b0\u1ee3c ghi r\u00f5 trong h\u1ecdc b\u1ea1 v\u00e0 c\u00e1c t\u00e0i li\u1ec7u di tr\u00fa. Du &hellip; <a href=\"https:\/\/www.internationaled.com\/vi\/admissions\/selection-criteria\/\" class=\"more-link\">Continue reading <span class=\"screen-reader-text\">C\u00e1c Ti\u00eau Chu\u1ea9n Tuy\u1ec3n Ch\u1ecdn<\/span> <span class=\"meta-nav\">&rarr;<\/span><\/a><\/p>\n","protected":false},"author":14,"featured_media":330,"parent":3489,"menu_order":4,"comment_status":"closed","ping_status":"closed","template":"page-standard.php","meta":{"footnotes":""},"class_list":["post-3493","page","type-page","status-publish","has-post-thumbnail","hentry"],"yoast_head":"<!-- This site is optimized with the Yoast SEO plugin v27.3 - https:\/\/yoast.com\/product\/yoast-seo-wordpress\/ -->\n<title>C\u00e1c Ti\u00eau Chu\u1ea9n Tuy\u1ec3n Ch\u1ecdn - Coquitlam School District 43<\/title>\n<meta name=\"robots\" content=\"index, follow, max-snippet:-1, max-image-preview:large, max-video-preview:-1\" \/>\n<link rel=\"canonical\" href=\"https:\/\/www.internationaled.com\/vi\/admissions\/selection-criteria\/\" \/>\n<meta property=\"og:locale\" content=\"vi_VN\" \/>\n<meta property=\"og:type\" content=\"article\" \/>\n<meta property=\"og:title\" content=\"C\u00e1c Ti\u00eau Chu\u1ea9n Tuy\u1ec3n Ch\u1ecdn - Coquitlam School District 43\" \/>\n<meta property=\"og:description\" content=\"Vi\u1ec7c \u0111\u01b0\u1ee3c Ch\u01b0\u01a1ng Tr\u00ecnh Gi\u00e1o D\u1ee5c Qu\u1ed1c T\u1ebf ch\u1ea5p nh\u1eadn v\u00e0 ti\u1ebfp \u0111\u00f3 l\u00e0 b\u1ed1 tr\u00ed v\u00e0o tr\u01b0\u1eddng s\u1ebd \u0111\u01b0\u1ee3c quy\u1ebft \u0111\u1ecbnh c\u0103n c\u1ee9 v\u00e0o qu\u00e1 tr\u00ecnh h\u1ecdc t\u1eadp v\u00e0 h\u1ea1nh ki\u1ec3m v\u00e0 tr\u00ecnh \u0111\u1ed9 h\u1ecdc v\u1ea5n hi\u1ec7n t\u1ea1i c\u1ee7a \u1ee9ng vi\u00ean \u0111\u01b0\u1ee3c ghi r\u00f5 trong h\u1ecdc b\u1ea1 v\u00e0 c\u00e1c t\u00e0i li\u1ec7u di tr\u00fa. Du &hellip; Continue reading C\u00e1c Ti\u00eau Chu\u1ea9n Tuy\u1ec3n Ch\u1ecdn &rarr;\" \/>\n<meta property=\"og:url\" content=\"https:\/\/www.internationaled.com\/vi\/admissions\/selection-criteria\/\" \/>\n<meta property=\"og:site_name\" content=\"Coquitlam School District 43\" \/>\n<meta property=\"article:modified_time\" content=\"2017-01-25T23:11:37+00:00\" \/>\n<meta property=\"og:image\" content=\"https:\/\/www.internationaled.com\/wp-content\/uploads\/2015\/10\/fondo_selection.jpg\" \/>\n\t<meta property=\"og:image:width\" content=\"1920\" \/>\n\t<meta property=\"og:image:height\" content=\"400\" \/>\n\t<meta property=\"og:image:type\" content=\"image\/jpeg\" \/>\n<meta name=\"twitter:card\" content=\"summary_large_image\" \/>\n<meta name=\"twitter:label1\" content=\"Est. reading time\" \/>\n\t<meta name=\"twitter:data1\" content=\"1 minute\" \/>\n<script type=\"application\/ld+json\" class=\"yoast-schema-graph\">{\"@context\":\"https:\\\/\\\/schema.org\",\"@graph\":[{\"@type\":\"WebPage\",\"@id\":\"https:\\\/\\\/www.internationaled.com\\\/vi\\\/admissions\\\/selection-criteria\\\/\",\"url\":\"https:\\\/\\\/www.internationaled.com\\\/vi\\\/admissions\\\/selection-criteria\\\/\",\"name\":\"C\u00e1c Ti\u00eau Chu\u1ea9n Tuy\u1ec3n Ch\u1ecdn - Coquitlam School District 43\",\"isPartOf\":{\"@id\":\"https:\\\/\\\/www.internationaled.com\\\/ar\\\/#website\"},\"primaryImageOfPage\":{\"@id\":\"https:\\\/\\\/www.internationaled.com\\\/vi\\\/admissions\\\/selection-criteria\\\/#primaryimage\"},\"image\":{\"@id\":\"https:\\\/\\\/www.internationaled.com\\\/vi\\\/admissions\\\/selection-criteria\\\/#primaryimage\"},\"thumbnailUrl\":\"https:\\\/\\\/cdn.internationaled.com\\\/wp-content\\\/uploads\\\/2015\\\/10\\\/fondo_selection.jpg\",\"datePublished\":\"2015-10-27T16:09:47+00:00\",\"dateModified\":\"2017-01-25T23:11:37+00:00\",\"breadcrumb\":{\"@id\":\"https:\\\/\\\/www.internationaled.com\\\/vi\\\/admissions\\\/selection-criteria\\\/#breadcrumb\"},\"inLanguage\":\"vi\",\"potentialAction\":[{\"@type\":\"ReadAction\",\"target\":[\"https:\\\/\\\/www.internationaled.com\\\/vi\\\/admissions\\\/selection-criteria\\\/\"]}]},{\"@type\":\"ImageObject\",\"inLanguage\":\"vi\",\"@id\":\"https:\\\/\\\/www.internationaled.com\\\/vi\\\/admissions\\\/selection-criteria\\\/#primaryimage\",\"url\":\"https:\\\/\\\/cdn.internationaled.com\\\/wp-content\\\/uploads\\\/2015\\\/10\\\/fondo_selection.jpg\",\"contentUrl\":\"https:\\\/\\\/cdn.internationaled.com\\\/wp-content\\\/uploads\\\/2015\\\/10\\\/fondo_selection.jpg\",\"width\":1920,\"height\":400},{\"@type\":\"BreadcrumbList\",\"@id\":\"https:\\\/\\\/www.internationaled.com\\\/vi\\\/admissions\\\/selection-criteria\\\/#breadcrumb\",\"itemListElement\":[{\"@type\":\"ListItem\",\"position\":1,\"name\":\"Home\",\"item\":\"https:\\\/\\\/www.internationaled.com\\\/vi\\\/\"},{\"@type\":\"ListItem\",\"position\":2,\"name\":\"Nh\u1eadp H\u1ecdc\",\"item\":\"https:\\\/\\\/www.internationaled.com\\\/vi\\\/admissions\\\/\"},{\"@type\":\"ListItem\",\"position\":3,\"name\":\"C\u00e1c Ti\u00eau Chu\u1ea9n Tuy\u1ec3n Ch\u1ecdn\"}]},{\"@type\":\"WebSite\",\"@id\":\"https:\\\/\\\/www.internationaled.com\\\/ar\\\/#website\",\"url\":\"https:\\\/\\\/www.internationaled.com\\\/ar\\\/\",\"name\":\"Coquitlam School District 43\",\"description\":\"Learning for a Lifetime\",\"potentialAction\":[{\"@type\":\"SearchAction\",\"target\":{\"@type\":\"EntryPoint\",\"urlTemplate\":\"https:\\\/\\\/www.internationaled.com\\\/ar\\\/?s={search_term_string}\"},\"query-input\":{\"@type\":\"PropertyValueSpecification\",\"valueRequired\":true,\"valueName\":\"search_term_string\"}}],\"inLanguage\":\"vi\"}]}<\/script>\n<!-- \/ Yoast SEO plugin. -->","yoast_head_json":{"title":"C\u00e1c Ti\u00eau Chu\u1ea9n Tuy\u1ec3n Ch\u1ecdn - Coquitlam School District 43","robots":{"index":"index","follow":"follow","max-snippet":"max-snippet:-1","max-image-preview":"max-image-preview:large","max-video-preview":"max-video-preview:-1"},"canonical":"https:\/\/www.internationaled.com\/vi\/admissions\/selection-criteria\/","og_locale":"vi_VN","og_type":"article","og_title":"C\u00e1c Ti\u00eau Chu\u1ea9n Tuy\u1ec3n Ch\u1ecdn - Coquitlam School District 43","og_description":"Vi\u1ec7c \u0111\u01b0\u1ee3c Ch\u01b0\u01a1ng Tr\u00ecnh Gi\u00e1o D\u1ee5c Qu\u1ed1c T\u1ebf ch\u1ea5p nh\u1eadn v\u00e0 ti\u1ebfp \u0111\u00f3 l\u00e0 b\u1ed1 tr\u00ed v\u00e0o tr\u01b0\u1eddng s\u1ebd \u0111\u01b0\u1ee3c quy\u1ebft \u0111\u1ecbnh c\u0103n c\u1ee9 v\u00e0o qu\u00e1 tr\u00ecnh h\u1ecdc t\u1eadp v\u00e0 h\u1ea1nh ki\u1ec3m v\u00e0 tr\u00ecnh \u0111\u1ed9 h\u1ecdc v\u1ea5n hi\u1ec7n t\u1ea1i c\u1ee7a \u1ee9ng vi\u00ean \u0111\u01b0\u1ee3c ghi r\u00f5 trong h\u1ecdc b\u1ea1 v\u00e0 c\u00e1c t\u00e0i li\u1ec7u di tr\u00fa. Du &hellip; Continue reading C\u00e1c Ti\u00eau Chu\u1ea9n Tuy\u1ec3n Ch\u1ecdn &rarr;","og_url":"https:\/\/www.internationaled.com\/vi\/admissions\/selection-criteria\/","og_site_name":"Coquitlam School District 43","article_modified_time":"2017-01-25T23:11:37+00:00","og_image":[{"width":1920,"height":400,"url":"https:\/\/www.internationaled.com\/wp-content\/uploads\/2015\/10\/fondo_selection.jpg","type":"image\/jpeg"}],"twitter_card":"summary_large_image","twitter_misc":{"Est. reading time":"1 minute"},"schema":{"@context":"https:\/\/schema.org","@graph":[{"@type":"WebPage","@id":"https:\/\/www.internationaled.com\/vi\/admissions\/selection-criteria\/","url":"https:\/\/www.internationaled.com\/vi\/admissions\/selection-criteria\/","name":"C\u00e1c Ti\u00eau Chu\u1ea9n Tuy\u1ec3n Ch\u1ecdn - Coquitlam School District 43","isPartOf":{"@id":"https:\/\/www.internationaled.com\/ar\/#website"},"primaryImageOfPage":{"@id":"https:\/\/www.internationaled.com\/vi\/admissions\/selection-criteria\/#primaryimage"},"image":{"@id":"https:\/\/www.internationaled.com\/vi\/admissions\/selection-criteria\/#primaryimage"},"thumbnailUrl":"https:\/\/cdn.internationaled.com\/wp-content\/uploads\/2015\/10\/fondo_selection.jpg","datePublished":"2015-10-27T16:09:47+00:00","dateModified":"2017-01-25T23:11:37+00:00","breadcrumb":{"@id":"https:\/\/www.internationaled.com\/vi\/admissions\/selection-criteria\/#breadcrumb"},"inLanguage":"vi","potentialAction":[{"@type":"ReadAction","target":["https:\/\/www.internationaled.com\/vi\/admissions\/selection-criteria\/"]}]},{"@type":"ImageObject","inLanguage":"vi","@id":"https:\/\/www.internationaled.com\/vi\/admissions\/selection-criteria\/#primaryimage","url":"https:\/\/cdn.internationaled.com\/wp-content\/uploads\/2015\/10\/fondo_selection.jpg","contentUrl":"https:\/\/cdn.internationaled.com\/wp-content\/uploads\/2015\/10\/fondo_selection.jpg","width":1920,"height":400},{"@type":"BreadcrumbList","@id":"https:\/\/www.internationaled.com\/vi\/admissions\/selection-criteria\/#breadcrumb","itemListElement":[{"@type":"ListItem","position":1,"name":"Home","item":"https:\/\/www.internationaled.com\/vi\/"},{"@type":"ListItem","position":2,"name":"Nh\u1eadp H\u1ecdc","item":"https:\/\/www.internationaled.com\/vi\/admissions\/"},{"@type":"ListItem","position":3,"name":"C\u00e1c Ti\u00eau Chu\u1ea9n Tuy\u1ec3n Ch\u1ecdn"}]},{"@type":"WebSite","@id":"https:\/\/www.internationaled.com\/ar\/#website","url":"https:\/\/www.internationaled.com\/ar\/","name":"Coquitlam School District 43","description":"Learning for a Lifetime","potentialAction":[{"@type":"SearchAction","target":{"@type":"EntryPoint","urlTemplate":"https:\/\/www.internationaled.com\/ar\/?s={search_term_string}"},"query-input":{"@type":"PropertyValueSpecification","valueRequired":true,"valueName":"search_term_string"}}],"inLanguage":"vi"}]}},"_links":{"self":[{"href":"https:\/\/www.internationaled.com\/vi\/wp-json\/wp\/v2\/pages\/3493","targetHints":{"allow":["GET"]}}],"collection":[{"href":"https:\/\/www.internationaled.com\/vi\/wp-json\/wp\/v2\/pages"}],"about":[{"href":"https:\/\/www.internationaled.com\/vi\/wp-json\/wp\/v2\/types\/page"}],"author":[{"embeddable":true,"href":"https:\/\/www.internationaled.com\/vi\/wp-json\/wp\/v2\/users\/14"}],"replies":[{"embeddable":true,"href":"https:\/\/www.internationaled.com\/vi\/wp-json\/wp\/v2\/comments?post=3493"}],"version-history":[{"count":3,"href":"https:\/\/www.internationaled.com\/vi\/wp-json\/wp\/v2\/pages\/3493\/revisions"}],"predecessor-version":[{"id":5067,"href":"https:\/\/www.internationaled.com\/vi\/wp-json\/wp\/v2\/pages\/3493\/revisions\/5067"}],"up":[{"embeddable":true,"href":"https:\/\/www.internationaled.com\/vi\/wp-json\/wp\/v2\/pages\/3489"}],"wp:featuredmedia":[{"embeddable":true,"href":"https:\/\/www.internationaled.com\/vi\/wp-json\/wp\/v2\/media\/330"}],"wp:attachment":[{"href":"https:\/\/www.internationaled.com\/vi\/wp-json\/wp\/v2\/media?parent=3493"}],"curies":[{"name":"wp","href":"https:\/\/api.w.org\/{rel}","templated":true}]}}