{"id":3494,"date":"2015-10-27T16:10:04","date_gmt":"2015-10-27T16:10:04","guid":{"rendered":"http:\/\/internationaled.com\/admissions\/study-permit\/?lang=vi"},"modified":"2016-07-22T09:03:21","modified_gmt":"2016-07-22T09:03:21","slug":"study-permit","status":"publish","type":"page","link":"https:\/\/www.internationaled.com\/vi\/admissions\/study-permit\/","title":{"rendered":"Gi\u1ea5y Ph\u00e9p Du H\u1ecdc"},"content":{"rendered":"<p class=\"green\">\u00a0C\u00e1c T\u00f2a \u0110\u1ea1i S\u1ee9 v\u00e0 L\u00e3nh S\u1ef1 Canada t\u1ea1i m\u1ed7i qu\u1ed1c gia tr\u00ean to\u00e0n th\u1ebf gi\u1edbi \u0111\u01b0a ra nh\u1eefng ti\u00eau chu\u1ea9n v\u1ec1 y\u00eau c\u1ea7u v\u00e0 th\u1ee7 t\u1ee5c n\u1ed9p \u0111\u01a1n nh\u1eb1m gi\u00fap du h\u1ecdc sinh c\u00f3 \u00fd \u0111\u1ecbnh du h\u1ecdc khi h\u1ecd n\u1ed9p \u0111\u01a1n xin c\u1ea5p chi\u1ebfu kh\u00e1n nh\u1eadp c\u1ea3nh Canada v\u00e0 gi\u1ea5y ph\u00e9p du h\u1ecdc.<\/p>\n<p>H\u00e0ng n\u0103m, c\u00f3 tr\u00ean 130.000 du h\u1ecdc sinh \u0111\u1ebfn h\u1ecdc t\u1ea1i Canada. Du h\u1ecdc sinh mang \u0111\u1ebfn l\u1edbp h\u1ecdc c\u1ee7a h\u1ecd m\u1ed9t n\u1ec1n v\u0103n h\u00f3a phong ph\u00fa c\u0169ng nh\u01b0 ki\u1ebfn th\u1ee9c v\u00e0 c\u00e1c k\u1ef9 n\u0103ng r\u1ea5t \u0111\u01b0\u1ee3c c\u00e1c tr\u01b0\u1eddng c\u1ee7a ch\u00fang t\u00f4i hoan ngh\u00eanh.<\/p>\n<p>C\u00e1c t\u1ec9nh bang qu\u1ea3n l\u00fd n\u1ec1n gi\u00e1o d\u1ee5c v\u00e0 c\u00e1c tr\u01b0\u1eddng \u1edf Canada. Gi\u1ea5y Ph\u00e9p Du H\u1ecdc kh\u00f4ng b\u1eaft bu\u1ed9c \u0111\u1ed1i v\u1edbi m\u1ed9t kh\u00f3a h\u1ecdc hay m\u1ed9t ch\u01b0\u01a1ng tr\u00ecnh c\u00f3 th\u1eddi h\u1ea1n s\u00e1u th\u00e1ng ho\u1eb7c ng\u1eafn h\u01a1n \u1edf Canada. C\u00f3 th\u1ec3 truy c\u1eadp v\u00e0o k\u1ebft n\u1ed1i sau \u0111\u00e2y \u0111\u1ec3 bi\u1ebft th\u00eam th\u00f4ng tin v\u1ec1 gi\u1ea5y ph\u00e9p du h\u1ecdc:<\/p>\n<ul>\n<li><a href=\"http:\/\/legacy.internationaled.com\/forms\/1431_001.pdf\">Gia h\u1ea1n Gi\u1ea5y ph\u00e9p Qu\u00e1 tr\u00ecnh h\u1ecdc t\u1eadp<\/a><\/li>\n<li><a href=\"http:\/\/www.cic.gc.ca\/english\/study\/index.asp\" target=\"_blank\">www.cic.gc.ca\/english\/study\/index.asp<\/a><\/li>\n<li><a href=\"http:\/\/www.cic.gc.ca\/english\/information\/applications\/student.asp\" target=\"_blank\">www.cic.gc.ca\/english\/information\/applications\/student.asp<\/a><\/li>\n<\/ul>\n<p>v\u00e0 truy c\u1eadp v\u00e0o k\u1ebft n\u1ed1i sau \u0111\u00e2y \u0111\u1ec3 bi\u1ebft th\u00eam th\u00f4ng tin v\u1ec1 m\u1eabu \u0111\u01a1n xin (IMM 1294 \u2013 d\u00e0nh cho h\u1ecdc sinh ngo\u00e0i Canada):<\/p>\n<ul>\n<li><a href=\"http:\/\/www.cic.gc.ca\/english\/pdf\/kits\/forms\/IMM1249E.PDF\" target=\"_blank\">www.cic.gc.ca\/english\/pdf\/kits\/forms\/IMM1249E.PDF<\/a><\/li>\n<\/ul>\n","protected":false},"excerpt":{"rendered":"<p>\u00a0C\u00e1c T\u00f2a \u0110\u1ea1i S\u1ee9 v\u00e0 L\u00e3nh S\u1ef1 Canada t\u1ea1i m\u1ed7i qu\u1ed1c gia tr\u00ean to\u00e0n th\u1ebf gi\u1edbi \u0111\u01b0a ra nh\u1eefng ti\u00eau chu\u1ea9n v\u1ec1 y\u00eau c\u1ea7u v\u00e0 th\u1ee7 t\u1ee5c n\u1ed9p \u0111\u01a1n nh\u1eb1m gi\u00fap du h\u1ecdc sinh c\u00f3 \u00fd \u0111\u1ecbnh du h\u1ecdc khi h\u1ecd n\u1ed9p \u0111\u01a1n xin c\u1ea5p chi\u1ebfu kh\u00e1n nh\u1eadp c\u1ea3nh Canada v\u00e0 gi\u1ea5y ph\u00e9p du h\u1ecdc. &hellip; <a href=\"https:\/\/www.internationaled.com\/vi\/admissions\/study-permit\/\" class=\"more-link\">Continue reading <span class=\"screen-reader-text\">Gi\u1ea5y Ph\u00e9p Du H\u1ecdc<\/span> <span class=\"meta-nav\">&rarr;<\/span><\/a><\/p>\n","protected":false},"author":14,"featured_media":331,"parent":3489,"menu_order":5,"comment_status":"closed","ping_status":"closed","template":"page-standard.php","meta":{"footnotes":""},"class_list":["post-3494","page","type-page","status-publish","has-post-thumbnail","hentry"],"yoast_head":"<!-- This site is optimized with the Yoast SEO plugin v27.3 - https:\/\/yoast.com\/product\/yoast-seo-wordpress\/ -->\n<title>Gi\u1ea5y Ph\u00e9p Du H\u1ecdc - Coquitlam School District 43<\/title>\n<meta name=\"robots\" content=\"index, follow, max-snippet:-1, max-image-preview:large, max-video-preview:-1\" \/>\n<link rel=\"canonical\" href=\"https:\/\/www.internationaled.com\/vi\/admissions\/study-permit\/\" \/>\n<meta property=\"og:locale\" content=\"vi_VN\" \/>\n<meta property=\"og:type\" content=\"article\" \/>\n<meta property=\"og:title\" content=\"Gi\u1ea5y Ph\u00e9p Du H\u1ecdc - Coquitlam School District 43\" \/>\n<meta property=\"og:description\" content=\"\u00a0C\u00e1c T\u00f2a \u0110\u1ea1i S\u1ee9 v\u00e0 L\u00e3nh S\u1ef1 Canada t\u1ea1i m\u1ed7i qu\u1ed1c gia tr\u00ean to\u00e0n th\u1ebf gi\u1edbi \u0111\u01b0a ra nh\u1eefng ti\u00eau chu\u1ea9n v\u1ec1 y\u00eau c\u1ea7u v\u00e0 th\u1ee7 t\u1ee5c n\u1ed9p \u0111\u01a1n nh\u1eb1m gi\u00fap du h\u1ecdc sinh c\u00f3 \u00fd \u0111\u1ecbnh du h\u1ecdc khi h\u1ecd n\u1ed9p \u0111\u01a1n xin c\u1ea5p chi\u1ebfu kh\u00e1n nh\u1eadp c\u1ea3nh Canada v\u00e0 gi\u1ea5y ph\u00e9p du h\u1ecdc. &hellip; Continue reading Gi\u1ea5y Ph\u00e9p Du H\u1ecdc &rarr;\" \/>\n<meta property=\"og:url\" content=\"https:\/\/www.internationaled.com\/vi\/admissions\/study-permit\/\" \/>\n<meta property=\"og:site_name\" content=\"Coquitlam School District 43\" \/>\n<meta property=\"article:modified_time\" content=\"2016-07-22T09:03:21+00:00\" \/>\n<meta property=\"og:image\" content=\"https:\/\/www.internationaled.com\/wp-content\/uploads\/2015\/10\/fondo_permit.jpg\" \/>\n\t<meta property=\"og:image:width\" content=\"1920\" \/>\n\t<meta property=\"og:image:height\" content=\"400\" \/>\n\t<meta property=\"og:image:type\" content=\"image\/jpeg\" \/>\n<meta name=\"twitter:card\" content=\"summary_large_image\" \/>\n<meta name=\"twitter:label1\" content=\"Est. reading time\" \/>\n\t<meta name=\"twitter:data1\" content=\"2 minutes\" \/>\n<script type=\"application\/ld+json\" class=\"yoast-schema-graph\">{\"@context\":\"https:\\\/\\\/schema.org\",\"@graph\":[{\"@type\":\"WebPage\",\"@id\":\"https:\\\/\\\/www.internationaled.com\\\/vi\\\/admissions\\\/study-permit\\\/\",\"url\":\"https:\\\/\\\/www.internationaled.com\\\/vi\\\/admissions\\\/study-permit\\\/\",\"name\":\"Gi\u1ea5y Ph\u00e9p Du H\u1ecdc - Coquitlam School District 43\",\"isPartOf\":{\"@id\":\"https:\\\/\\\/www.internationaled.com\\\/ar\\\/#website\"},\"primaryImageOfPage\":{\"@id\":\"https:\\\/\\\/www.internationaled.com\\\/vi\\\/admissions\\\/study-permit\\\/#primaryimage\"},\"image\":{\"@id\":\"https:\\\/\\\/www.internationaled.com\\\/vi\\\/admissions\\\/study-permit\\\/#primaryimage\"},\"thumbnailUrl\":\"https:\\\/\\\/cdn.internationaled.com\\\/wp-content\\\/uploads\\\/2015\\\/10\\\/fondo_permit.jpg\",\"datePublished\":\"2015-10-27T16:10:04+00:00\",\"dateModified\":\"2016-07-22T09:03:21+00:00\",\"breadcrumb\":{\"@id\":\"https:\\\/\\\/www.internationaled.com\\\/vi\\\/admissions\\\/study-permit\\\/#breadcrumb\"},\"inLanguage\":\"vi\",\"potentialAction\":[{\"@type\":\"ReadAction\",\"target\":[\"https:\\\/\\\/www.internationaled.com\\\/vi\\\/admissions\\\/study-permit\\\/\"]}]},{\"@type\":\"ImageObject\",\"inLanguage\":\"vi\",\"@id\":\"https:\\\/\\\/www.internationaled.com\\\/vi\\\/admissions\\\/study-permit\\\/#primaryimage\",\"url\":\"https:\\\/\\\/cdn.internationaled.com\\\/wp-content\\\/uploads\\\/2015\\\/10\\\/fondo_permit.jpg\",\"contentUrl\":\"https:\\\/\\\/cdn.internationaled.com\\\/wp-content\\\/uploads\\\/2015\\\/10\\\/fondo_permit.jpg\",\"width\":1920,\"height\":400},{\"@type\":\"BreadcrumbList\",\"@id\":\"https:\\\/\\\/www.internationaled.com\\\/vi\\\/admissions\\\/study-permit\\\/#breadcrumb\",\"itemListElement\":[{\"@type\":\"ListItem\",\"position\":1,\"name\":\"Home\",\"item\":\"https:\\\/\\\/www.internationaled.com\\\/vi\\\/\"},{\"@type\":\"ListItem\",\"position\":2,\"name\":\"Nh\u1eadp H\u1ecdc\",\"item\":\"https:\\\/\\\/www.internationaled.com\\\/vi\\\/admissions\\\/\"},{\"@type\":\"ListItem\",\"position\":3,\"name\":\"Gi\u1ea5y Ph\u00e9p Du H\u1ecdc\"}]},{\"@type\":\"WebSite\",\"@id\":\"https:\\\/\\\/www.internationaled.com\\\/ar\\\/#website\",\"url\":\"https:\\\/\\\/www.internationaled.com\\\/ar\\\/\",\"name\":\"Coquitlam School District 43\",\"description\":\"Learning for a Lifetime\",\"potentialAction\":[{\"@type\":\"SearchAction\",\"target\":{\"@type\":\"EntryPoint\",\"urlTemplate\":\"https:\\\/\\\/www.internationaled.com\\\/ar\\\/?s={search_term_string}\"},\"query-input\":{\"@type\":\"PropertyValueSpecification\",\"valueRequired\":true,\"valueName\":\"search_term_string\"}}],\"inLanguage\":\"vi\"}]}<\/script>\n<!-- \/ Yoast SEO plugin. -->","yoast_head_json":{"title":"Gi\u1ea5y Ph\u00e9p Du H\u1ecdc - Coquitlam School District 43","robots":{"index":"index","follow":"follow","max-snippet":"max-snippet:-1","max-image-preview":"max-image-preview:large","max-video-preview":"max-video-preview:-1"},"canonical":"https:\/\/www.internationaled.com\/vi\/admissions\/study-permit\/","og_locale":"vi_VN","og_type":"article","og_title":"Gi\u1ea5y Ph\u00e9p Du H\u1ecdc - Coquitlam School District 43","og_description":"\u00a0C\u00e1c T\u00f2a \u0110\u1ea1i S\u1ee9 v\u00e0 L\u00e3nh S\u1ef1 Canada t\u1ea1i m\u1ed7i qu\u1ed1c gia tr\u00ean to\u00e0n th\u1ebf gi\u1edbi \u0111\u01b0a ra nh\u1eefng ti\u00eau chu\u1ea9n v\u1ec1 y\u00eau c\u1ea7u v\u00e0 th\u1ee7 t\u1ee5c n\u1ed9p \u0111\u01a1n nh\u1eb1m gi\u00fap du h\u1ecdc sinh c\u00f3 \u00fd \u0111\u1ecbnh du h\u1ecdc khi h\u1ecd n\u1ed9p \u0111\u01a1n xin c\u1ea5p chi\u1ebfu kh\u00e1n nh\u1eadp c\u1ea3nh Canada v\u00e0 gi\u1ea5y ph\u00e9p du h\u1ecdc. &hellip; Continue reading Gi\u1ea5y Ph\u00e9p Du H\u1ecdc &rarr;","og_url":"https:\/\/www.internationaled.com\/vi\/admissions\/study-permit\/","og_site_name":"Coquitlam School District 43","article_modified_time":"2016-07-22T09:03:21+00:00","og_image":[{"width":1920,"height":400,"url":"https:\/\/www.internationaled.com\/wp-content\/uploads\/2015\/10\/fondo_permit.jpg","type":"image\/jpeg"}],"twitter_card":"summary_large_image","twitter_misc":{"Est. reading time":"2 minutes"},"schema":{"@context":"https:\/\/schema.org","@graph":[{"@type":"WebPage","@id":"https:\/\/www.internationaled.com\/vi\/admissions\/study-permit\/","url":"https:\/\/www.internationaled.com\/vi\/admissions\/study-permit\/","name":"Gi\u1ea5y Ph\u00e9p Du H\u1ecdc - Coquitlam School District 43","isPartOf":{"@id":"https:\/\/www.internationaled.com\/ar\/#website"},"primaryImageOfPage":{"@id":"https:\/\/www.internationaled.com\/vi\/admissions\/study-permit\/#primaryimage"},"image":{"@id":"https:\/\/www.internationaled.com\/vi\/admissions\/study-permit\/#primaryimage"},"thumbnailUrl":"https:\/\/cdn.internationaled.com\/wp-content\/uploads\/2015\/10\/fondo_permit.jpg","datePublished":"2015-10-27T16:10:04+00:00","dateModified":"2016-07-22T09:03:21+00:00","breadcrumb":{"@id":"https:\/\/www.internationaled.com\/vi\/admissions\/study-permit\/#breadcrumb"},"inLanguage":"vi","potentialAction":[{"@type":"ReadAction","target":["https:\/\/www.internationaled.com\/vi\/admissions\/study-permit\/"]}]},{"@type":"ImageObject","inLanguage":"vi","@id":"https:\/\/www.internationaled.com\/vi\/admissions\/study-permit\/#primaryimage","url":"https:\/\/cdn.internationaled.com\/wp-content\/uploads\/2015\/10\/fondo_permit.jpg","contentUrl":"https:\/\/cdn.internationaled.com\/wp-content\/uploads\/2015\/10\/fondo_permit.jpg","width":1920,"height":400},{"@type":"BreadcrumbList","@id":"https:\/\/www.internationaled.com\/vi\/admissions\/study-permit\/#breadcrumb","itemListElement":[{"@type":"ListItem","position":1,"name":"Home","item":"https:\/\/www.internationaled.com\/vi\/"},{"@type":"ListItem","position":2,"name":"Nh\u1eadp H\u1ecdc","item":"https:\/\/www.internationaled.com\/vi\/admissions\/"},{"@type":"ListItem","position":3,"name":"Gi\u1ea5y Ph\u00e9p Du H\u1ecdc"}]},{"@type":"WebSite","@id":"https:\/\/www.internationaled.com\/ar\/#website","url":"https:\/\/www.internationaled.com\/ar\/","name":"Coquitlam School District 43","description":"Learning for a Lifetime","potentialAction":[{"@type":"SearchAction","target":{"@type":"EntryPoint","urlTemplate":"https:\/\/www.internationaled.com\/ar\/?s={search_term_string}"},"query-input":{"@type":"PropertyValueSpecification","valueRequired":true,"valueName":"search_term_string"}}],"inLanguage":"vi"}]}},"_links":{"self":[{"href":"https:\/\/www.internationaled.com\/vi\/wp-json\/wp\/v2\/pages\/3494","targetHints":{"allow":["GET"]}}],"collection":[{"href":"https:\/\/www.internationaled.com\/vi\/wp-json\/wp\/v2\/pages"}],"about":[{"href":"https:\/\/www.internationaled.com\/vi\/wp-json\/wp\/v2\/types\/page"}],"author":[{"embeddable":true,"href":"https:\/\/www.internationaled.com\/vi\/wp-json\/wp\/v2\/users\/14"}],"replies":[{"embeddable":true,"href":"https:\/\/www.internationaled.com\/vi\/wp-json\/wp\/v2\/comments?post=3494"}],"version-history":[{"count":1,"href":"https:\/\/www.internationaled.com\/vi\/wp-json\/wp\/v2\/pages\/3494\/revisions"}],"predecessor-version":[{"id":3660,"href":"https:\/\/www.internationaled.com\/vi\/wp-json\/wp\/v2\/pages\/3494\/revisions\/3660"}],"up":[{"embeddable":true,"href":"https:\/\/www.internationaled.com\/vi\/wp-json\/wp\/v2\/pages\/3489"}],"wp:featuredmedia":[{"embeddable":true,"href":"https:\/\/www.internationaled.com\/vi\/wp-json\/wp\/v2\/media\/331"}],"wp:attachment":[{"href":"https:\/\/www.internationaled.com\/vi\/wp-json\/wp\/v2\/media?parent=3494"}],"curies":[{"name":"wp","href":"https:\/\/api.w.org\/{rel}","templated":true}]}}