{"id":3496,"date":"2015-10-27T16:10:26","date_gmt":"2015-10-27T16:10:26","guid":{"rendered":"http:\/\/internationaled.com\/admissions\/tuition\/?lang=vi"},"modified":"2018-02-28T00:24:06","modified_gmt":"2018-02-28T00:24:06","slug":"tuition","status":"publish","type":"page","link":"https:\/\/www.internationaled.com\/vi\/admissions\/tuition\/","title":{"rendered":"H\u1ecdc Ph\u00ed"},"content":{"rendered":"<p>H\u1ecdc ph\u00ed t\u1ea1i Coquitam c\u1ee7a ch\u00fang t\u00f4i c\u00f3 t\u00ednh c\u1ea1nh tranh cao tr\u00ean th\u1ecb tr\u01b0\u1eddng gi\u00e1o d\u1ee5c to\u00e0n c\u1ea7u. H\u1ecdc ph\u00ed t\u1ea1i Coquitlam \u0111\u01b0\u1ee3c xem l\u00e0 \u0111\u00e1ng \u0111\u1ed3ng ti\u1ec1n b\u00e1t g\u1ea1o nh\u1ea5t \u0111\u1ed1i v\u1edbi s\u1ed1 ti\u1ec1n \u0111\u1ea7u t\u01b0 cho gi\u00e1o d\u1ee5c.<\/p>\n<p>\u0110\u1ec3 x\u00e1c nh\u1eadn ch\u1ed7 c\u1ee7a qu\u00fd v\u1ecb t\u1ea1i tr\u01b0\u1eddng, qu\u00fd v\u1ecb ph\u1ea3i tr\u1ea3 ph\u00ed chi\u1ebfu theo Th\u01b0 M\u1eddi Nh\u1eadp H\u1ecdc c\u1ee7a qu\u00fd v\u1ecb. C\u00f3 th\u1ec3 tr\u1ea3 ph\u00ed n\u00e0y b\u1eb1ng chuy\u1ec3n kho\u1ea3n ng\u00e2n h\u00e0ng, b\u01b0u phi\u1ebfu, chi phi\u1ebfu b\u1ea3o chi, VISA ho\u1eb7c Mastercard.<\/p>\n<ul>\n<li><a title=\"Tuition Information\" href=\"http:\/\/www.internationaled.com\/admissions\/tuition\/\">Th\u00f4ng Tin v\u1ec1 H\u1ecdc Ph\u00ed<\/a><\/li>\n<\/ul>\n","protected":false},"excerpt":{"rendered":"<p>H\u1ecdc ph\u00ed t\u1ea1i Coquitam c\u1ee7a ch\u00fang t\u00f4i c\u00f3 t\u00ednh c\u1ea1nh tranh cao tr\u00ean th\u1ecb tr\u01b0\u1eddng gi\u00e1o d\u1ee5c to\u00e0n c\u1ea7u. H\u1ecdc ph\u00ed t\u1ea1i Coquitlam \u0111\u01b0\u1ee3c xem l\u00e0 \u0111\u00e1ng \u0111\u1ed3ng ti\u1ec1n b\u00e1t g\u1ea1o nh\u1ea5t \u0111\u1ed1i v\u1edbi s\u1ed1 ti\u1ec1n \u0111\u1ea7u t\u01b0 cho gi\u00e1o d\u1ee5c. \u0110\u1ec3 x\u00e1c nh\u1eadn ch\u1ed7 c\u1ee7a qu\u00fd v\u1ecb t\u1ea1i tr\u01b0\u1eddng, qu\u00fd v\u1ecb ph\u1ea3i tr\u1ea3 ph\u00ed &hellip; <a href=\"https:\/\/www.internationaled.com\/vi\/admissions\/tuition\/\" class=\"more-link\">Continue reading <span class=\"screen-reader-text\">H\u1ecdc Ph\u00ed<\/span> <span class=\"meta-nav\">&rarr;<\/span><\/a><\/p>\n","protected":false},"author":14,"featured_media":332,"parent":3489,"menu_order":6,"comment_status":"closed","ping_status":"closed","template":"page-standard.php","meta":{"footnotes":""},"class_list":["post-3496","page","type-page","status-publish","has-post-thumbnail","hentry"],"yoast_head":"<!-- This site is optimized with the Yoast SEO plugin v27.3 - https:\/\/yoast.com\/product\/yoast-seo-wordpress\/ -->\n<title>H\u1ecdc Ph\u00ed - Coquitlam School District 43<\/title>\n<meta name=\"robots\" content=\"index, follow, max-snippet:-1, max-image-preview:large, max-video-preview:-1\" \/>\n<link rel=\"canonical\" href=\"https:\/\/www.internationaled.com\/vi\/admissions\/tuition\/\" \/>\n<meta property=\"og:locale\" content=\"vi_VN\" \/>\n<meta property=\"og:type\" content=\"article\" \/>\n<meta property=\"og:title\" content=\"H\u1ecdc Ph\u00ed - Coquitlam School District 43\" \/>\n<meta property=\"og:description\" content=\"H\u1ecdc ph\u00ed t\u1ea1i Coquitam c\u1ee7a ch\u00fang t\u00f4i c\u00f3 t\u00ednh c\u1ea1nh tranh cao tr\u00ean th\u1ecb tr\u01b0\u1eddng gi\u00e1o d\u1ee5c to\u00e0n c\u1ea7u. H\u1ecdc ph\u00ed t\u1ea1i Coquitlam \u0111\u01b0\u1ee3c xem l\u00e0 \u0111\u00e1ng \u0111\u1ed3ng ti\u1ec1n b\u00e1t g\u1ea1o nh\u1ea5t \u0111\u1ed1i v\u1edbi s\u1ed1 ti\u1ec1n \u0111\u1ea7u t\u01b0 cho gi\u00e1o d\u1ee5c. \u0110\u1ec3 x\u00e1c nh\u1eadn ch\u1ed7 c\u1ee7a qu\u00fd v\u1ecb t\u1ea1i tr\u01b0\u1eddng, qu\u00fd v\u1ecb ph\u1ea3i tr\u1ea3 ph\u00ed &hellip; Continue reading H\u1ecdc Ph\u00ed &rarr;\" \/>\n<meta property=\"og:url\" content=\"https:\/\/www.internationaled.com\/vi\/admissions\/tuition\/\" \/>\n<meta property=\"og:site_name\" content=\"Coquitlam School District 43\" \/>\n<meta property=\"article:modified_time\" content=\"2018-02-28T00:24:06+00:00\" \/>\n<meta property=\"og:image\" content=\"https:\/\/www.internationaled.com\/wp-content\/uploads\/2015\/10\/fondo_tuition.jpg\" \/>\n\t<meta property=\"og:image:width\" content=\"1920\" \/>\n\t<meta property=\"og:image:height\" content=\"400\" \/>\n\t<meta property=\"og:image:type\" content=\"image\/jpeg\" \/>\n<meta name=\"twitter:card\" content=\"summary_large_image\" \/>\n<meta name=\"twitter:label1\" content=\"Est. reading time\" \/>\n\t<meta name=\"twitter:data1\" content=\"1 minute\" \/>\n<script type=\"application\/ld+json\" class=\"yoast-schema-graph\">{\"@context\":\"https:\\\/\\\/schema.org\",\"@graph\":[{\"@type\":\"WebPage\",\"@id\":\"https:\\\/\\\/www.internationaled.com\\\/vi\\\/admissions\\\/tuition\\\/\",\"url\":\"https:\\\/\\\/www.internationaled.com\\\/vi\\\/admissions\\\/tuition\\\/\",\"name\":\"H\u1ecdc Ph\u00ed - Coquitlam School District 43\",\"isPartOf\":{\"@id\":\"https:\\\/\\\/www.internationaled.com\\\/ar\\\/#website\"},\"primaryImageOfPage\":{\"@id\":\"https:\\\/\\\/www.internationaled.com\\\/vi\\\/admissions\\\/tuition\\\/#primaryimage\"},\"image\":{\"@id\":\"https:\\\/\\\/www.internationaled.com\\\/vi\\\/admissions\\\/tuition\\\/#primaryimage\"},\"thumbnailUrl\":\"https:\\\/\\\/cdn.internationaled.com\\\/wp-content\\\/uploads\\\/2015\\\/10\\\/fondo_tuition.jpg\",\"datePublished\":\"2015-10-27T16:10:26+00:00\",\"dateModified\":\"2018-02-28T00:24:06+00:00\",\"breadcrumb\":{\"@id\":\"https:\\\/\\\/www.internationaled.com\\\/vi\\\/admissions\\\/tuition\\\/#breadcrumb\"},\"inLanguage\":\"vi\",\"potentialAction\":[{\"@type\":\"ReadAction\",\"target\":[\"https:\\\/\\\/www.internationaled.com\\\/vi\\\/admissions\\\/tuition\\\/\"]}]},{\"@type\":\"ImageObject\",\"inLanguage\":\"vi\",\"@id\":\"https:\\\/\\\/www.internationaled.com\\\/vi\\\/admissions\\\/tuition\\\/#primaryimage\",\"url\":\"https:\\\/\\\/cdn.internationaled.com\\\/wp-content\\\/uploads\\\/2015\\\/10\\\/fondo_tuition.jpg\",\"contentUrl\":\"https:\\\/\\\/cdn.internationaled.com\\\/wp-content\\\/uploads\\\/2015\\\/10\\\/fondo_tuition.jpg\",\"width\":1920,\"height\":400},{\"@type\":\"BreadcrumbList\",\"@id\":\"https:\\\/\\\/www.internationaled.com\\\/vi\\\/admissions\\\/tuition\\\/#breadcrumb\",\"itemListElement\":[{\"@type\":\"ListItem\",\"position\":1,\"name\":\"Home\",\"item\":\"https:\\\/\\\/www.internationaled.com\\\/vi\\\/\"},{\"@type\":\"ListItem\",\"position\":2,\"name\":\"Nh\u1eadp H\u1ecdc\",\"item\":\"https:\\\/\\\/www.internationaled.com\\\/vi\\\/admissions\\\/\"},{\"@type\":\"ListItem\",\"position\":3,\"name\":\"H\u1ecdc Ph\u00ed\"}]},{\"@type\":\"WebSite\",\"@id\":\"https:\\\/\\\/www.internationaled.com\\\/ar\\\/#website\",\"url\":\"https:\\\/\\\/www.internationaled.com\\\/ar\\\/\",\"name\":\"Coquitlam School District 43\",\"description\":\"Learning for a Lifetime\",\"potentialAction\":[{\"@type\":\"SearchAction\",\"target\":{\"@type\":\"EntryPoint\",\"urlTemplate\":\"https:\\\/\\\/www.internationaled.com\\\/ar\\\/?s={search_term_string}\"},\"query-input\":{\"@type\":\"PropertyValueSpecification\",\"valueRequired\":true,\"valueName\":\"search_term_string\"}}],\"inLanguage\":\"vi\"}]}<\/script>\n<!-- \/ Yoast SEO plugin. -->","yoast_head_json":{"title":"H\u1ecdc Ph\u00ed - Coquitlam School District 43","robots":{"index":"index","follow":"follow","max-snippet":"max-snippet:-1","max-image-preview":"max-image-preview:large","max-video-preview":"max-video-preview:-1"},"canonical":"https:\/\/www.internationaled.com\/vi\/admissions\/tuition\/","og_locale":"vi_VN","og_type":"article","og_title":"H\u1ecdc Ph\u00ed - Coquitlam School District 43","og_description":"H\u1ecdc ph\u00ed t\u1ea1i Coquitam c\u1ee7a ch\u00fang t\u00f4i c\u00f3 t\u00ednh c\u1ea1nh tranh cao tr\u00ean th\u1ecb tr\u01b0\u1eddng gi\u00e1o d\u1ee5c to\u00e0n c\u1ea7u. H\u1ecdc ph\u00ed t\u1ea1i Coquitlam \u0111\u01b0\u1ee3c xem l\u00e0 \u0111\u00e1ng \u0111\u1ed3ng ti\u1ec1n b\u00e1t g\u1ea1o nh\u1ea5t \u0111\u1ed1i v\u1edbi s\u1ed1 ti\u1ec1n \u0111\u1ea7u t\u01b0 cho gi\u00e1o d\u1ee5c. \u0110\u1ec3 x\u00e1c nh\u1eadn ch\u1ed7 c\u1ee7a qu\u00fd v\u1ecb t\u1ea1i tr\u01b0\u1eddng, qu\u00fd v\u1ecb ph\u1ea3i tr\u1ea3 ph\u00ed &hellip; Continue reading H\u1ecdc Ph\u00ed &rarr;","og_url":"https:\/\/www.internationaled.com\/vi\/admissions\/tuition\/","og_site_name":"Coquitlam School District 43","article_modified_time":"2018-02-28T00:24:06+00:00","og_image":[{"width":1920,"height":400,"url":"https:\/\/www.internationaled.com\/wp-content\/uploads\/2015\/10\/fondo_tuition.jpg","type":"image\/jpeg"}],"twitter_card":"summary_large_image","twitter_misc":{"Est. reading time":"1 minute"},"schema":{"@context":"https:\/\/schema.org","@graph":[{"@type":"WebPage","@id":"https:\/\/www.internationaled.com\/vi\/admissions\/tuition\/","url":"https:\/\/www.internationaled.com\/vi\/admissions\/tuition\/","name":"H\u1ecdc Ph\u00ed - Coquitlam School District 43","isPartOf":{"@id":"https:\/\/www.internationaled.com\/ar\/#website"},"primaryImageOfPage":{"@id":"https:\/\/www.internationaled.com\/vi\/admissions\/tuition\/#primaryimage"},"image":{"@id":"https:\/\/www.internationaled.com\/vi\/admissions\/tuition\/#primaryimage"},"thumbnailUrl":"https:\/\/cdn.internationaled.com\/wp-content\/uploads\/2015\/10\/fondo_tuition.jpg","datePublished":"2015-10-27T16:10:26+00:00","dateModified":"2018-02-28T00:24:06+00:00","breadcrumb":{"@id":"https:\/\/www.internationaled.com\/vi\/admissions\/tuition\/#breadcrumb"},"inLanguage":"vi","potentialAction":[{"@type":"ReadAction","target":["https:\/\/www.internationaled.com\/vi\/admissions\/tuition\/"]}]},{"@type":"ImageObject","inLanguage":"vi","@id":"https:\/\/www.internationaled.com\/vi\/admissions\/tuition\/#primaryimage","url":"https:\/\/cdn.internationaled.com\/wp-content\/uploads\/2015\/10\/fondo_tuition.jpg","contentUrl":"https:\/\/cdn.internationaled.com\/wp-content\/uploads\/2015\/10\/fondo_tuition.jpg","width":1920,"height":400},{"@type":"BreadcrumbList","@id":"https:\/\/www.internationaled.com\/vi\/admissions\/tuition\/#breadcrumb","itemListElement":[{"@type":"ListItem","position":1,"name":"Home","item":"https:\/\/www.internationaled.com\/vi\/"},{"@type":"ListItem","position":2,"name":"Nh\u1eadp H\u1ecdc","item":"https:\/\/www.internationaled.com\/vi\/admissions\/"},{"@type":"ListItem","position":3,"name":"H\u1ecdc Ph\u00ed"}]},{"@type":"WebSite","@id":"https:\/\/www.internationaled.com\/ar\/#website","url":"https:\/\/www.internationaled.com\/ar\/","name":"Coquitlam School District 43","description":"Learning for a Lifetime","potentialAction":[{"@type":"SearchAction","target":{"@type":"EntryPoint","urlTemplate":"https:\/\/www.internationaled.com\/ar\/?s={search_term_string}"},"query-input":{"@type":"PropertyValueSpecification","valueRequired":true,"valueName":"search_term_string"}}],"inLanguage":"vi"}]}},"_links":{"self":[{"href":"https:\/\/www.internationaled.com\/vi\/wp-json\/wp\/v2\/pages\/3496","targetHints":{"allow":["GET"]}}],"collection":[{"href":"https:\/\/www.internationaled.com\/vi\/wp-json\/wp\/v2\/pages"}],"about":[{"href":"https:\/\/www.internationaled.com\/vi\/wp-json\/wp\/v2\/types\/page"}],"author":[{"embeddable":true,"href":"https:\/\/www.internationaled.com\/vi\/wp-json\/wp\/v2\/users\/14"}],"replies":[{"embeddable":true,"href":"https:\/\/www.internationaled.com\/vi\/wp-json\/wp\/v2\/comments?post=3496"}],"version-history":[{"count":3,"href":"https:\/\/www.internationaled.com\/vi\/wp-json\/wp\/v2\/pages\/3496\/revisions"}],"predecessor-version":[{"id":5331,"href":"https:\/\/www.internationaled.com\/vi\/wp-json\/wp\/v2\/pages\/3496\/revisions\/5331"}],"up":[{"embeddable":true,"href":"https:\/\/www.internationaled.com\/vi\/wp-json\/wp\/v2\/pages\/3489"}],"wp:featuredmedia":[{"embeddable":true,"href":"https:\/\/www.internationaled.com\/vi\/wp-json\/wp\/v2\/media\/332"}],"wp:attachment":[{"href":"https:\/\/www.internationaled.com\/vi\/wp-json\/wp\/v2\/media?parent=3496"}],"curies":[{"name":"wp","href":"https:\/\/api.w.org\/{rel}","templated":true}]}}